{"id":352773,"date":"2023-10-18T11:20:50","date_gmt":"2023-10-18T09:20:50","guid":{"rendered":"http:\/\/relaunch.elten.com.w01ca985.kasserver.com\/?page_id=352773"},"modified":"2024-03-19T12:22:31","modified_gmt":"2024-03-19T11:22:31","slug":"impressum","status":"publish","type":"page","link":"https:\/\/elten.com\/da\/home\/impressum\/","title":{"rendered":"Impressum"},"content":{"rendered":"<div  class='flex_column av-av_one_full-41ee899840124b6993b57a87f996c353 av_one_full  avia-builder-el-0  el_before_av_textblock  avia-builder-el-first  first flex_column_div  '     ><style type=\"text\/css\" data-created_by=\"avia_inline_auto\" id=\"style-css-av-llxj8kv2-46d71c60821e6e49dd0f152e46cf5e88\">\n#top .av-special-heading.av-llxj8kv2-46d71c60821e6e49dd0f152e46cf5e88{\npadding-bottom:10px;\n}\nbody .av-special-heading.av-llxj8kv2-46d71c60821e6e49dd0f152e46cf5e88 .av-special-heading-tag .heading-char{\nfont-size:25px;\n}\n.av-special-heading.av-llxj8kv2-46d71c60821e6e49dd0f152e46cf5e88 .av-subheading{\nfont-size:15px;\n}\n<\/style>\n<div  class='av-special-heading av-llxj8kv2-46d71c60821e6e49dd0f152e46cf5e88 av-special-heading-h2 blockquote modern-quote  avia-builder-el-1  avia-builder-el-no-sibling '><h2 class='av-special-heading-tag'  itemprop=\"headline\"  >IMPRESSUM<\/h2><div class=\"special-heading-border\"><div class=\"special-heading-inner-border\"><\/div><\/div><\/div><\/div>\n<section  class='av_textblock_section av-llxj9564-3caf508668703ac16523459b0b1c856f '   itemscope=\"itemscope\" itemtype=\"https:\/\/schema.org\/CreativeWork\" ><div class='avia_textblock'  itemprop=\"text\" ><p><strong><span style=\"color: #000000;\">ELTEN GMBH<\/span><\/strong><br \/>\nOstwall 7-13<br \/>\nD &#8211; 47589 Uedem<\/p>\n<p>Telefon: + 49 (0) 2825-80168<\/p>\n<p><span style=\"color: #ff0000;\"><a style=\"color: #ff0000;\" href=\"mailto:service@elten.com\" target=\"_blank\" rel=\"noopener\">service@elten.com<\/a><\/span><\/p>\n<p><strong>LEDELSE<\/strong><br \/>\nHeiner van Elten<br \/>\nJ\u00f6rg van Elten<\/p>\n<p><strong>REGISTRERINGSSTED<\/strong><br \/>\nKleve, 21 HRB 5 50<\/p>\n<p><strong>CVR-NUMMER<\/strong><br \/>\nDE 811 255 427<\/p>\n<p><strong>REDAKTION OG DESIGN<\/strong><br \/>\nELTEN GmbH, Uedem<\/p>\n<p>Redaktionen arbejder efter bedste viden og tro, men uden garanti. Den ansvarlig for indholdet, s\u00e5vel som eventuelle juridiske og administrative problemer er: marketing@elten.com<\/p>\n<p>Hele indholdet: \u00a9 ELTEN GmbH<\/p>\n<p><strong>ANSVARSFRASKRIVELSE<\/strong><\/p>\n<p>Ved oprettelsen af denne hjemmeside, har man gjort alt for at holde de indeholdte oplysninger s\u00e5 aktuelle, faktiske korrekte og entydige som muligt. P\u00e5 trods af al den omhu, kan der dog forekomme utilsigtede fejlinformationer. Derfor udelukker ELTEN GmbH eksplicit ethvert ansvar for skrive- eller trykfejl og for n\u00f8jagtigheden, fuldst\u00e6ndigheden og aktualiteten af de oplysninger, der findes p\u00e5 virksomhedens hjemmeside. Oplysningerne og dataene p\u00e5 ELTENs hjemmeside kan \u00e6ndres n\u00e5r som helst og uden forudg\u00e5ende varsel. De tilbydes uforpligtende af ELTEN GmbH og med undtagelse af enhver form for garanti eller forsikring.<\/p>\n<p>I det omfang, at ELTEN GmbH\u2019s hjemmeside indeholder links eller henvisninger til tredjeparts sider, p\u00e5tager ELTEN GmbH sig intet ansvar for information, meddelelser, materiale eller links til andre tilg\u00e6ngelige hjemmesider, som findes der. Vi erkl\u00e6rer udtrykkeligt, at vi under ingen omst\u00e6ndigheder g\u00f8r noget indhold fra linkede sider til vores. N\u00e5r du bruger ELTEN GmbH\u2019s hjemmeside b\u00e6rer du hele risikoen, som er forbundet med brugen, inklusive alle risici for beskadigelse af din computer, software eller data, fra vira eller anden software, der overf\u00f8res eller aktiveres via ELTEN GmbH\u2019s hjemmeside eller din adgang til denne. ELTEN GmbH h\u00e6fter under ingen omst\u00e6ndigheder for direkte, indirekte, specielle, tilf\u00e6ldige eller f\u00f8lgeskader eller tab af fortjeneste, som f\u00f8lge af brug eller misbrug af oplysninger eller fra ufuldst\u00e6ndige oplysninger, som findes p\u00e5 ELTEN GmbH\u2019s hjemmeside.<\/p>\n<\/div><\/section>\n","protected":false},"excerpt":{"rendered":"","protected":false},"author":7,"featured_media":0,"parent":274591,"menu_order":0,"comment_status":"closed","ping_status":"closed","template":"","meta":{"footnotes":""},"categories":[499],"tags":[],"class_list":["post-352773","page","type-page","status-publish","hentry","category-home-da"],"yoast_head":"<!-- This site is optimized with the Yoast SEO Premium plugin v21.9 (Yoast SEO v21.9.1) - https:\/\/yoast.com\/wordpress\/plugins\/seo\/ -->\n<title>Impressum - ELTEN GmbH<\/title>\n<meta name=\"robots\" content=\"index, follow, max-snippet:-1, max-image-preview:large, max-video-preview:-1\" \/>\n<link rel=\"canonical\" href=\"https:\/\/elten.com\/da\/home\/impressum\/\" \/>\n<meta property=\"og:locale\" content=\"da_DK\" \/>\n<meta property=\"og:type\" content=\"article\" \/>\n<meta property=\"og:title\" content=\"Impressum\" \/>\n<meta property=\"og:url\" content=\"https:\/\/elten.com\/da\/home\/impressum\/\" \/>\n<meta property=\"og:site_name\" content=\"ELTEN GmbH\" \/>\n<meta property=\"article:modified_time\" content=\"2024-03-19T11:22:31+00:00\" \/>\n<meta name=\"twitter:card\" content=\"summary_large_image\" \/>\n<meta name=\"twitter:label1\" content=\"Estimeret l\u00e6setid\" \/>\n\t<meta name=\"twitter:data1\" content=\"2 minutter\" \/>\n<script type=\"application\/ld+json\" class=\"yoast-schema-graph\">{\"@context\":\"https:\/\/schema.org\",\"@graph\":[{\"@type\":\"WebPage\",\"@id\":\"https:\/\/elten.com\/da\/home\/impressum\/\",\"url\":\"https:\/\/elten.com\/da\/home\/impressum\/\",\"name\":\"Impressum - ELTEN GmbH\",\"isPartOf\":{\"@id\":\"https:\/\/elten.com\/da\/#website\"},\"datePublished\":\"2023-10-18T09:20:50+00:00\",\"dateModified\":\"2024-03-19T11:22:31+00:00\",\"breadcrumb\":{\"@id\":\"https:\/\/elten.com\/da\/home\/impressum\/#breadcrumb\"},\"inLanguage\":\"da-DK\",\"potentialAction\":[{\"@type\":\"ReadAction\",\"target\":[\"https:\/\/elten.com\/da\/home\/impressum\/\"]}]},{\"@type\":\"BreadcrumbList\",\"@id\":\"https:\/\/elten.com\/da\/home\/impressum\/#breadcrumb\",\"itemListElement\":[{\"@type\":\"ListItem\",\"position\":1,\"name\":\"Startseite\",\"item\":\"https:\/\/elten.com\/da\/\"},{\"@type\":\"ListItem\",\"position\":2,\"name\":\"Home\",\"item\":\"https:\/\/elten.com\/da\/\"},{\"@type\":\"ListItem\",\"position\":3,\"name\":\"Impressum\"}]},{\"@type\":\"WebSite\",\"@id\":\"https:\/\/elten.com\/da\/#website\",\"url\":\"https:\/\/elten.com\/da\/\",\"name\":\"ELTEN GmbH\",\"description\":\"Sicherheitsschuhe | Arbeitsschuhe | LOWA WORK COLLECTION | ELTEN GmbH\",\"potentialAction\":[{\"@type\":\"SearchAction\",\"target\":{\"@type\":\"EntryPoint\",\"urlTemplate\":\"https:\/\/elten.com\/da\/?s={search_term_string}\"},\"query-input\":\"required name=search_term_string\"}],\"inLanguage\":\"da-DK\"}]}<\/script>\n<!-- \/ Yoast SEO Premium plugin. -->","yoast_head_json":{"title":"Impressum - ELTEN GmbH","robots":{"index":"index","follow":"follow","max-snippet":"max-snippet:-1","max-image-preview":"max-image-preview:large","max-video-preview":"max-video-preview:-1"},"canonical":"https:\/\/elten.com\/da\/home\/impressum\/","og_locale":"da_DK","og_type":"article","og_title":"Impressum","og_url":"https:\/\/elten.com\/da\/home\/impressum\/","og_site_name":"ELTEN GmbH","article_modified_time":"2024-03-19T11:22:31+00:00","twitter_card":"summary_large_image","twitter_misc":{"Estimeret l\u00e6setid":"2 minutter"},"schema":{"@context":"https:\/\/schema.org","@graph":[{"@type":"WebPage","@id":"https:\/\/elten.com\/da\/home\/impressum\/","url":"https:\/\/elten.com\/da\/home\/impressum\/","name":"Impressum - ELTEN GmbH","isPartOf":{"@id":"https:\/\/elten.com\/da\/#website"},"datePublished":"2023-10-18T09:20:50+00:00","dateModified":"2024-03-19T11:22:31+00:00","breadcrumb":{"@id":"https:\/\/elten.com\/da\/home\/impressum\/#breadcrumb"},"inLanguage":"da-DK","potentialAction":[{"@type":"ReadAction","target":["https:\/\/elten.com\/da\/home\/impressum\/"]}]},{"@type":"BreadcrumbList","@id":"https:\/\/elten.com\/da\/home\/impressum\/#breadcrumb","itemListElement":[{"@type":"ListItem","position":1,"name":"Startseite","item":"https:\/\/elten.com\/da\/"},{"@type":"ListItem","position":2,"name":"Home","item":"https:\/\/elten.com\/da\/"},{"@type":"ListItem","position":3,"name":"Impressum"}]},{"@type":"WebSite","@id":"https:\/\/elten.com\/da\/#website","url":"https:\/\/elten.com\/da\/","name":"ELTEN GmbH","description":"Sicherheitsschuhe | Arbeitsschuhe | LOWA WORK COLLECTION | ELTEN GmbH","potentialAction":[{"@type":"SearchAction","target":{"@type":"EntryPoint","urlTemplate":"https:\/\/elten.com\/da\/?s={search_term_string}"},"query-input":"required name=search_term_string"}],"inLanguage":"da-DK"}]}},"_links":{"self":[{"href":"https:\/\/elten.com\/da\/wp-json\/wp\/v2\/pages\/352773","targetHints":{"allow":["GET"]}}],"collection":[{"href":"https:\/\/elten.com\/da\/wp-json\/wp\/v2\/pages"}],"about":[{"href":"https:\/\/elten.com\/da\/wp-json\/wp\/v2\/types\/page"}],"author":[{"embeddable":true,"href":"https:\/\/elten.com\/da\/wp-json\/wp\/v2\/users\/7"}],"replies":[{"embeddable":true,"href":"https:\/\/elten.com\/da\/wp-json\/wp\/v2\/comments?post=352773"}],"version-history":[{"count":3,"href":"https:\/\/elten.com\/da\/wp-json\/wp\/v2\/pages\/352773\/revisions"}],"predecessor-version":[{"id":376881,"href":"https:\/\/elten.com\/da\/wp-json\/wp\/v2\/pages\/352773\/revisions\/376881"}],"up":[{"embeddable":true,"href":"https:\/\/elten.com\/da\/wp-json\/wp\/v2\/pages\/274591"}],"wp:attachment":[{"href":"https:\/\/elten.com\/da\/wp-json\/wp\/v2\/media?parent=352773"}],"wp:term":[{"taxonomy":"category","embeddable":true,"href":"https:\/\/elten.com\/da\/wp-json\/wp\/v2\/categories?post=352773"},{"taxonomy":"post_tag","embeddable":true,"href":"https:\/\/elten.com\/da\/wp-json\/wp\/v2\/tags?post=352773"}],"curies":[{"name":"wp","href":"https:\/\/api.w.org\/{rel}","templated":true}]}}