{"id":352807,"date":"2023-10-18T12:08:57","date_gmt":"2023-10-18T10:08:57","guid":{"rendered":"http:\/\/relaunch.elten.com.w01ca985.kasserver.com\/?page_id=352807"},"modified":"2025-09-24T16:08:52","modified_gmt":"2025-09-24T14:08:52","slug":"sustainability-memberships","status":"publish","type":"page","link":"https:\/\/elten.com\/da\/om-os\/baeredygtighed-og-socialt-ansvar\/sustainability-memberships\/","title":{"rendered":"B\u00c6REDYGTIGHED \u2013 MEDLEMSKABER"},"content":{"rendered":"<div  class='flex_column av-av_one_full-41ee899840124b6993b57a87f996c353 av_one_full  avia-builder-el-0  avia-builder-el-no-sibling  first flex_column_div  '     ><p>\n<style type=\"text\/css\" data-created_by=\"avia_inline_auto\" id=\"style-css-av-lmeq6ier-09c71daf86c3309c708d87d498f9f48f\">\n#top .av-special-heading.av-lmeq6ier-09c71daf86c3309c708d87d498f9f48f{\npadding-bottom:25px;\n}\nbody .av-special-heading.av-lmeq6ier-09c71daf86c3309c708d87d498f9f48f .av-special-heading-tag .heading-char{\nfont-size:25px;\n}\n.av-special-heading.av-lmeq6ier-09c71daf86c3309c708d87d498f9f48f .av-subheading{\nfont-size:15px;\n}\n<\/style>\n<div  class='av-special-heading av-lmeq6ier-09c71daf86c3309c708d87d498f9f48f av-special-heading-h2 blockquote modern-quote  avia-builder-el-1  el_before_av_textblock  avia-builder-el-first '><h2 class='av-special-heading-tag'  itemprop=\"headline\"  >HOLDBARHED<\/h2><div class='av-subheading av-subheading_below'><p>VORES MEDLEMSKABER UNDERSTREGER VORES B\u00c6REDYGTIGE AMBITIONER<\/p>\n<\/div><div class=\"special-heading-border\"><div class=\"special-heading-inner-border\"><\/div><\/div><\/div><br \/>\n<section  class='av_textblock_section av-lmeq7mw0-715dead5f3e5d299a0aea6736e4bd232 '   itemscope=\"itemscope\" itemtype=\"https:\/\/schema.org\/CreativeWork\" ><div class='avia_textblock'  itemprop=\"text\" ><h3>CADS<\/h3>\n<p>The cooperative CADS for securely defined standards for the production of shoes and leather goods informs about the production and commercialisation of shoes and shoe materials free of harmful substances as well as environmentally friendly production.<br \/>\nAs a member of CADS, we are committed to protecting people and the environment from harmful substances. For this reason, we are committed to ensuring that our products permanently comply with the German and European limit values for restricted substances.<br \/>\nIn addition, CADS provides us with information on innovative production methods in order to manufacture more sustainably.<\/p>\n<p><a href=\"https:\/\/www.cads-shoes.com\/\" target=\"_blank\" rel=\"nofollow noopener\">https:\/\/www.cads-shoes.com\/<\/a><\/p>\n<\/div><\/section><br \/>\n\n<style type=\"text\/css\" data-created_by=\"avia_inline_auto\" id=\"style-css-av-lmeq8oqs-42cfc6625a80e1c82fa981ff9eec481a\">\n#top .hr.hr-invisible.av-lmeq8oqs-42cfc6625a80e1c82fa981ff9eec481a{\nheight:25px;\n}\n<\/style>\n<div  class='hr av-lmeq8oqs-42cfc6625a80e1c82fa981ff9eec481a hr-invisible  avia-builder-el-3  el_after_av_textblock  el_before_av_textblock '><span class='hr-inner '><span class=\"hr-inner-style\"><\/span><\/span><\/div><br \/>\n<section  class='av_textblock_section av-lmeqa3oa-b1e66e3ae0e04e3504dbf3ffd5dc03ac '   itemscope=\"itemscope\" itemtype=\"https:\/\/schema.org\/CreativeWork\" ><div class='avia_textblock'  itemprop=\"text\" ><h3>AMFORI BSCI<\/h3>\n<p>Med vores medlemskab i amfori BSCI s\u00e6tter vi et eksempel.<\/p>\n<p>Anerkendelsen fra eksterne etik-initiativer er et vigtigt aspekt for ELTEN GmbH inden for etisk og b\u00e6redygtig forretning. De er forpligtet til socialt ansvar, milj\u00f8beskyttelse og menneskerettigheder og bidrager dermed til at forbedre arbejdsforholdene i globale forsyningsk\u00e6der.<\/p>\n<p>Et af de f\u00f8rende initiativer p\u00e5 dette omr\u00e5de er amfori BSCI (Business Social Compliance Initiative), som st\u00f8tter virksomheder som ELTEN GmbH med at implementere etiske og sociale standarder i deres forsyningsk\u00e6der. Dette g\u00f8res ved at uddanne leverand\u00f8rer og overv\u00e5ge overholdelse af internationale arbejdsstandarder, herunder arbejdstagerrettigheder, milj\u00f8beskyttelse og andre vigtige sp\u00f8rgsm\u00e5l.<\/p>\n<p>amfori BSCI\u2019s tilgang er praksisorienteret og baseret p\u00e5 vigtige internationale arbejdsstandarder, der beskytter arbejdstagernes rettigheder, s\u00e5som konventioner og erkl\u00e6ringer fra Den Internationale Arbejdsorganisation (ILO), De Forenede Nationers (FN) vejledende principper for erhvervsliv og menneskerettigheder samt Retningslinjer for multinationale virksomheder fra Organisationen for \u00f8konomisk samarbejde og udvikling (OECD). ELTENs adf\u00e6rdskodeks omfatter de 11 grundl\u00e6ggende arbejdstagerrettigheder i amfori BSCIs adf\u00e6rdskodeks.<\/p>\n<p>ELTEN GmbH og dets forretningspartnere forpligter sig til at implementere dem i deres forsyningsk\u00e6der:<\/p>\n<p>1. <strong>Retten til foreningsfrihed og retten til kollektive forhandlinger<\/strong><br \/>\nVores virksomhed respekterer medarbejdernes ret til at danne fagforeninger eller andre former for medarbejderforeninger og til at forhandle kollektivt.<\/p>\n<p>2. <strong>Rimelig afl\u00f8nning<\/strong><br \/>\nVores virksomhed respekterer medarbejdernes ret til rimelig afl\u00f8nning.<\/p>\n<p>3. <strong>Arbejdssikkerhed<\/strong><br \/>\nVores virksomhed sikrer et sundt og sikkert arbejdsmilj\u00f8 ved at vurdere risici og tage alle n\u00f8dvendige foranstaltninger for at eliminere eller afb\u00f8de disse risici.<\/p>\n<p>4. <strong>S\u00e6rlig beskyttelse for unge medarbejdere<\/strong><br \/>\nVores virksomhed giver s\u00e6rlig beskyttelse til alle medarbejdere, der endnu ikke er voksne.<\/p>\n<p>5. <strong>Intet tvangsarbejde<\/strong><br \/>\nVores virksomhed er ikke involveret i nogen form for slavearbejde, menneskehandel eller ufrivilligt arbejde.<\/p>\n<p>6. <strong>Etisk handel<\/strong><br \/>\nVores virksomhed tolererer ikke korruption, afpresning, undersl\u00e6b eller bestikkelse.<\/p>\n<p>7. <strong>Ingen diskrimination<\/strong><br \/>\nVores virksomhed tilbyder lige muligheder og diskriminerer ikke medarbejdere.<\/p>\n<p>8. <strong>Rimelige arbejdstider<\/strong><br \/>\nVores virksomhed overholder lovgivningen om arbejdstid.<\/p>\n<p>9. <strong>Intet b\u00f8rnearbejde<\/strong><br \/>\nVores virksomhed ans\u00e6tter ikke medarbejdere under den lovm\u00e6ssige minimumsalder.<\/p>\n<p>10. <strong>Ingen usikre ans\u00e6ttelsesforhold<\/strong><br \/>\nVores virksomhed ans\u00e6tter arbejdere p\u00e5 baggrund af dokumenterede ans\u00e6ttelsesforhold i henhold til lovgivningen.<\/p>\n<p>11. <strong>Milj\u00f8beskyttelse<\/strong><br \/>\nVores virksomhed tr\u00e6ffer de n\u00f8dvendige foranstaltninger for at forhindre milj\u00f8skader.<\/p>\n<p>Med anerkendelsen fra amfori BSCI forbedrer ELTEN GmbH mulighederne for at varetage medarbejdernes rettigheder i sine forsyningsk\u00e6der. Vi hj\u00e6lper med at minimere risici i forsyningsk\u00e6den og forbedre p\u00e5lideligheden af vores leverand\u00f8rer.<br \/>\nFor ELTEN GmbH er medlemskab af amfori BSCI et vigtigt skridt p\u00e5 vejen mod en b\u00e6redygtig og socialt ansvarlig fremtid. Amfori BSCI giver os et solidt grundlag for at implementere etiske og sociale standarder i vores forsyningsk\u00e6der og bidrager dermed til at forbedre arbejdsforholdene.<\/p>\n<p>Som medlem af amfori BSCI har vi f\u00f8lgende tilgang:<\/p>\n<ul>\n<li><strong>Overholdelse af kodekset:<\/strong> Vores virksomhed er forpligtet til at beskytte medarbejderes rettigheder i overensstemmelse med loven og bestemmelserne i adf\u00e6rdskodekset.<\/li>\n<li><strong>Medarbejdernes deltagelse og beskyttelse:<\/strong> Vores virksomhed informerer medarbejderne om deres rettigheder og forpligtelser.<\/li>\n<li><strong>Supply chain management og kaskadeeffekt:<\/strong> Vores virksomhed bruger BSCI-principperne til at p\u00e5virke andre forretningspartnere.<\/li>\n<li><strong>Klagemekanisme:<\/strong> Vores virksomhed tilbyder et system til medarbejderklager og forslag.<\/li>\n<\/ul>\n<p><a href=\"https:\/\/www.amfori.org\/\" target=\"_blank\" rel=\"nofollow noopener\">https:\/\/www.amfori.org\/<\/a><\/p>\n<\/div><\/section><br \/>\n\n<style type=\"text\/css\" data-created_by=\"avia_inline_auto\" id=\"style-css-av-lmeqaxx7-fcd67d288f937d25e271601322ad6d18\">\n#top .hr.hr-invisible.av-lmeqaxx7-fcd67d288f937d25e271601322ad6d18{\nheight:25px;\n}\n<\/style>\n<div  class='hr av-lmeqaxx7-fcd67d288f937d25e271601322ad6d18 hr-invisible  avia-builder-el-5  el_after_av_textblock  el_before_av_textblock '><span class='hr-inner '><span class=\"hr-inner-style\"><\/span><\/span><\/div><br \/>\n<section  class='av_textblock_section av-lmeqb7d6-9afaaab5a7dbdc7b979eda89b7d679d6 '   itemscope=\"itemscope\" itemtype=\"https:\/\/schema.org\/CreativeWork\" ><div class='avia_textblock'  itemprop=\"text\" ><h3>DS\/L SKOINDUSTRIFORENING<\/h3>\n<p>ELTEN er medlem af Bundesverband der Schuh- und Lederwarenindustrie e. V. HDS\/L repr\u00e6senterer fremstillingsvirksomhederne i sko- og l\u00e6dervareindustrien og varetager deres interesser over for detailhandlere, myndigheder og lovgivere.<\/p>\n<\/div><\/section><br \/>\n\n<style type=\"text\/css\" data-created_by=\"avia_inline_auto\" id=\"style-css-av-lmeqbdfs-c645b2ab24066717e2b99e73f1d43f35\">\n#top .hr.hr-invisible.av-lmeqbdfs-c645b2ab24066717e2b99e73f1d43f35{\nheight:25px;\n}\n<\/style>\n<div  class='hr av-lmeqbdfs-c645b2ab24066717e2b99e73f1d43f35 hr-invisible  avia-builder-el-7  el_after_av_textblock  el_before_av_textblock '><span class='hr-inner '><span class=\"hr-inner-style\"><\/span><\/span><\/div><br \/>\n<section  class='av_textblock_section av-lmeqbpgb-a3a9a2b8cd0fea0d6b9ee2f38c63c0ab '   itemscope=\"itemscope\" itemtype=\"https:\/\/schema.org\/CreativeWork\" ><div class='avia_textblock'  itemprop=\"text\" ><h3>LEATHER WORKING GROUP (LWG)<\/h3>\n<p><img loading=\"lazy\" decoding=\"async\" class=\"size-full wp-image-407578 alignright\" src=\"https:\/\/elten.com\/wp-content\/uploads\/2025\/09\/5500.jpg\" alt=\"Leather working group Logo\" width=\"100\" height=\"100\" srcset=\"https:\/\/elten.com\/wp-content\/uploads\/2025\/09\/5500.jpg 100w, https:\/\/elten.com\/wp-content\/uploads\/2025\/09\/5500-80x80.jpg 80w, https:\/\/elten.com\/wp-content\/uploads\/2025\/09\/5500-36x36.jpg 36w\" sizes=\"auto, (max-width: 100px) 100vw, 100px\" \/>Leather Working Group (LWG) er en non-profit organisation med flere interessenter, der arbejder for at reducere milj\u00f8p\u00e5virkningen fra l\u00e6derproduktion. Den fasts\u00e6tter LWG-standarderne for milj\u00f8kriterier, som l\u00e6derproducenter bliver uafh\u00e6ngigt auditeret og certificeret efter. Vi k\u00f8ber 100 % af vores l\u00e6der fra producenter, der er certificeret efter LWG-standarden, hvoraf 72 % er guld-klassificeret. ELTEN GmbHs medlemskab af Leather Working Group understreger vores engagement i gennemsigtighed og l\u00f8bende forbedringer i l\u00e6derproduktionen.<\/p>\n<p><a href=\"https:\/\/www.leatherworkinggroup.com\/\" target=\"_blank\" rel=\"nofollow noopener\">L\u00e6s mere<\/a><\/p>\n<\/div><\/section><br \/>\n\n<style type=\"text\/css\" data-created_by=\"avia_inline_auto\" id=\"style-css-av-lmeqbxm4-9d0af123cd94759736d6860d9b24f7df\">\n#top .hr.hr-invisible.av-lmeqbxm4-9d0af123cd94759736d6860d9b24f7df{\nheight:25px;\n}\n<\/style>\n<div  class='hr av-lmeqbxm4-9d0af123cd94759736d6860d9b24f7df hr-invisible  avia-builder-el-9  el_after_av_textblock  el_before_av_textblock '><span class='hr-inner '><span class=\"hr-inner-style\"><\/span><\/span><\/div><br \/>\n<section  class='av_textblock_section av-lmeqc91k-33a90393aec454104018b059d4230d28 '   itemscope=\"itemscope\" itemtype=\"https:\/\/schema.org\/CreativeWork\" ><div class='avia_textblock'  itemprop=\"text\" ><h3>PFI<\/h3>\n<p>Pr\u00fcf- und Forschungsinstitut Pirmasens e.V. (Test- og forskningsinstituttet Pirmasens e.V.) blev oprindeligt grundlagt for skoindustrien og har siden udviklet sig til en moderne, globalt opererende virksomhed<br \/>\nService- og forskningscenter udviklet.<\/p>\n<p>\u2022 DIN ISO 9001<br \/>\n\u2022 DIN ISO 14001<br \/>\n\u2022100% Vegan<\/p>\n<\/div><\/section><\/p><\/div>\n","protected":false},"excerpt":{"rendered":"","protected":false},"author":7,"featured_media":0,"parent":352799,"menu_order":0,"comment_status":"closed","ping_status":"closed","template":"","meta":{"footnotes":""},"categories":[510],"tags":[],"class_list":["post-352807","page","type-page","status-publish","hentry","category-nachhaltigkeit-da"],"yoast_head":"<!-- This site is optimized with the Yoast SEO Premium plugin v21.9 (Yoast SEO v21.9.1) - https:\/\/yoast.com\/wordpress\/plugins\/seo\/ -->\n<title>B\u00c6REDYGTIGHED \u2013 MEDLEMSKABER - ELTEN GmbH<\/title>\n<meta name=\"robots\" content=\"index, follow, max-snippet:-1, max-image-preview:large, max-video-preview:-1\" \/>\n<link rel=\"canonical\" href=\"https:\/\/elten.com\/da\/om-os\/baeredygtighed-og-socialt-ansvar\/sustainability-memberships\/\" \/>\n<meta property=\"og:locale\" content=\"da_DK\" \/>\n<meta property=\"og:type\" content=\"article\" \/>\n<meta property=\"og:title\" content=\"B\u00c6REDYGTIGHED \u2013 MEDLEMSKABER\" \/>\n<meta property=\"og:url\" content=\"https:\/\/elten.com\/da\/om-os\/baeredygtighed-og-socialt-ansvar\/sustainability-memberships\/\" \/>\n<meta property=\"og:site_name\" content=\"ELTEN GmbH\" \/>\n<meta property=\"article:modified_time\" content=\"2025-09-24T14:08:52+00:00\" \/>\n<meta property=\"og:image\" content=\"https:\/\/elten.com\/wp-content\/uploads\/2025\/09\/5500.jpg\" \/>\n<meta name=\"twitter:card\" content=\"summary_large_image\" \/>\n<meta name=\"twitter:label1\" content=\"Estimeret l\u00e6setid\" \/>\n\t<meta name=\"twitter:data1\" content=\"5 minutter\" \/>\n<script type=\"application\/ld+json\" class=\"yoast-schema-graph\">{\"@context\":\"https:\/\/schema.org\",\"@graph\":[{\"@type\":\"WebPage\",\"@id\":\"https:\/\/elten.com\/da\/om-os\/baeredygtighed-og-socialt-ansvar\/sustainability-memberships\/\",\"url\":\"https:\/\/elten.com\/da\/om-os\/baeredygtighed-og-socialt-ansvar\/sustainability-memberships\/\",\"name\":\"B\u00c6REDYGTIGHED \u2013 MEDLEMSKABER - ELTEN GmbH\",\"isPartOf\":{\"@id\":\"https:\/\/elten.com\/da\/#website\"},\"datePublished\":\"2023-10-18T10:08:57+00:00\",\"dateModified\":\"2025-09-24T14:08:52+00:00\",\"breadcrumb\":{\"@id\":\"https:\/\/elten.com\/da\/om-os\/baeredygtighed-og-socialt-ansvar\/sustainability-memberships\/#breadcrumb\"},\"inLanguage\":\"da-DK\",\"potentialAction\":[{\"@type\":\"ReadAction\",\"target\":[\"https:\/\/elten.com\/da\/om-os\/baeredygtighed-og-socialt-ansvar\/sustainability-memberships\/\"]}]},{\"@type\":\"BreadcrumbList\",\"@id\":\"https:\/\/elten.com\/da\/om-os\/baeredygtighed-og-socialt-ansvar\/sustainability-memberships\/#breadcrumb\",\"itemListElement\":[{\"@type\":\"ListItem\",\"position\":1,\"name\":\"Startseite\",\"item\":\"https:\/\/elten.com\/da\/\"},{\"@type\":\"ListItem\",\"position\":2,\"name\":\"Om os\",\"item\":\"https:\/\/elten.com\/da\/om-os\/\"},{\"@type\":\"ListItem\",\"position\":3,\"name\":\"B\u00e6redygtighed og socialt ansvar\",\"item\":\"https:\/\/elten.com\/da\/om-os\/baeredygtighed-og-socialt-ansvar\/\"},{\"@type\":\"ListItem\",\"position\":4,\"name\":\"B\u00c6REDYGTIGHED \u2013 MEDLEMSKABER\"}]},{\"@type\":\"WebSite\",\"@id\":\"https:\/\/elten.com\/da\/#website\",\"url\":\"https:\/\/elten.com\/da\/\",\"name\":\"ELTEN GmbH\",\"description\":\"Sicherheitsschuhe | Arbeitsschuhe | LOWA WORK COLLECTION | ELTEN GmbH\",\"potentialAction\":[{\"@type\":\"SearchAction\",\"target\":{\"@type\":\"EntryPoint\",\"urlTemplate\":\"https:\/\/elten.com\/da\/?s={search_term_string}\"},\"query-input\":\"required name=search_term_string\"}],\"inLanguage\":\"da-DK\"}]}<\/script>\n<!-- \/ Yoast SEO Premium plugin. -->","yoast_head_json":{"title":"B\u00c6REDYGTIGHED \u2013 MEDLEMSKABER - ELTEN GmbH","robots":{"index":"index","follow":"follow","max-snippet":"max-snippet:-1","max-image-preview":"max-image-preview:large","max-video-preview":"max-video-preview:-1"},"canonical":"https:\/\/elten.com\/da\/om-os\/baeredygtighed-og-socialt-ansvar\/sustainability-memberships\/","og_locale":"da_DK","og_type":"article","og_title":"B\u00c6REDYGTIGHED \u2013 MEDLEMSKABER","og_url":"https:\/\/elten.com\/da\/om-os\/baeredygtighed-og-socialt-ansvar\/sustainability-memberships\/","og_site_name":"ELTEN GmbH","article_modified_time":"2025-09-24T14:08:52+00:00","og_image":[{"url":"https:\/\/elten.com\/wp-content\/uploads\/2025\/09\/5500.jpg"}],"twitter_card":"summary_large_image","twitter_misc":{"Estimeret l\u00e6setid":"5 minutter"},"schema":{"@context":"https:\/\/schema.org","@graph":[{"@type":"WebPage","@id":"https:\/\/elten.com\/da\/om-os\/baeredygtighed-og-socialt-ansvar\/sustainability-memberships\/","url":"https:\/\/elten.com\/da\/om-os\/baeredygtighed-og-socialt-ansvar\/sustainability-memberships\/","name":"B\u00c6REDYGTIGHED \u2013 MEDLEMSKABER - ELTEN GmbH","isPartOf":{"@id":"https:\/\/elten.com\/da\/#website"},"datePublished":"2023-10-18T10:08:57+00:00","dateModified":"2025-09-24T14:08:52+00:00","breadcrumb":{"@id":"https:\/\/elten.com\/da\/om-os\/baeredygtighed-og-socialt-ansvar\/sustainability-memberships\/#breadcrumb"},"inLanguage":"da-DK","potentialAction":[{"@type":"ReadAction","target":["https:\/\/elten.com\/da\/om-os\/baeredygtighed-og-socialt-ansvar\/sustainability-memberships\/"]}]},{"@type":"BreadcrumbList","@id":"https:\/\/elten.com\/da\/om-os\/baeredygtighed-og-socialt-ansvar\/sustainability-memberships\/#breadcrumb","itemListElement":[{"@type":"ListItem","position":1,"name":"Startseite","item":"https:\/\/elten.com\/da\/"},{"@type":"ListItem","position":2,"name":"Om os","item":"https:\/\/elten.com\/da\/om-os\/"},{"@type":"ListItem","position":3,"name":"B\u00e6redygtighed og socialt ansvar","item":"https:\/\/elten.com\/da\/om-os\/baeredygtighed-og-socialt-ansvar\/"},{"@type":"ListItem","position":4,"name":"B\u00c6REDYGTIGHED \u2013 MEDLEMSKABER"}]},{"@type":"WebSite","@id":"https:\/\/elten.com\/da\/#website","url":"https:\/\/elten.com\/da\/","name":"ELTEN GmbH","description":"Sicherheitsschuhe | Arbeitsschuhe | LOWA WORK COLLECTION | ELTEN GmbH","potentialAction":[{"@type":"SearchAction","target":{"@type":"EntryPoint","urlTemplate":"https:\/\/elten.com\/da\/?s={search_term_string}"},"query-input":"required name=search_term_string"}],"inLanguage":"da-DK"}]}},"_links":{"self":[{"href":"https:\/\/elten.com\/da\/wp-json\/wp\/v2\/pages\/352807","targetHints":{"allow":["GET"]}}],"collection":[{"href":"https:\/\/elten.com\/da\/wp-json\/wp\/v2\/pages"}],"about":[{"href":"https:\/\/elten.com\/da\/wp-json\/wp\/v2\/types\/page"}],"author":[{"embeddable":true,"href":"https:\/\/elten.com\/da\/wp-json\/wp\/v2\/users\/7"}],"replies":[{"embeddable":true,"href":"https:\/\/elten.com\/da\/wp-json\/wp\/v2\/comments?post=352807"}],"version-history":[{"count":3,"href":"https:\/\/elten.com\/da\/wp-json\/wp\/v2\/pages\/352807\/revisions"}],"predecessor-version":[{"id":407700,"href":"https:\/\/elten.com\/da\/wp-json\/wp\/v2\/pages\/352807\/revisions\/407700"}],"up":[{"embeddable":true,"href":"https:\/\/elten.com\/da\/wp-json\/wp\/v2\/pages\/352799"}],"wp:attachment":[{"href":"https:\/\/elten.com\/da\/wp-json\/wp\/v2\/media?parent=352807"}],"wp:term":[{"taxonomy":"category","embeddable":true,"href":"https:\/\/elten.com\/da\/wp-json\/wp\/v2\/categories?post=352807"},{"taxonomy":"post_tag","embeddable":true,"href":"https:\/\/elten.com\/da\/wp-json\/wp\/v2\/tags?post=352807"}],"curies":[{"name":"wp","href":"https:\/\/api.w.org\/{rel}","templated":true}]}}