{"id":352905,"date":"2023-10-18T16:05:41","date_gmt":"2023-10-18T14:05:41","guid":{"rendered":"http:\/\/relaunch.elten.com.w01ca985.kasserver.com\/?page_id=352905"},"modified":"2024-10-22T14:34:48","modified_gmt":"2024-10-22T12:34:48","slug":"e-track","status":"publish","type":"page","link":"https:\/\/elten.com\/da\/produktgrupper\/e-track\/","title":{"rendered":"E-TRACK"},"content":{"rendered":"<div id='av-layout-grid-1'  class='av-layout-grid-container av-k5pp86-3eee7c3d6344b41e97f481181cfac91a entry-content-wrapper main_color av-flex-cells  avia-builder-el-0  el_before_av_one_full  avia-builder-el-first  el-produktgruppen-head  container_wrap sidebar_right'  >\n\n<style type=\"text\/css\" data-created_by=\"avia_inline_auto\" id=\"style-css-av-579dhiu-5a6275bddf5d6081835e21c6e18f12fe\">\n.flex_cell.av-579dhiu-5a6275bddf5d6081835e21c6e18f12fe{\nvertical-align:top;\n}\n.responsive #top #wrap_all .flex_cell.av-579dhiu-5a6275bddf5d6081835e21c6e18f12fe{\npadding:0px 0px 0px 0px !important;\n}\n<\/style>\n<div class='flex_cell av-579dhiu-5a6275bddf5d6081835e21c6e18f12fe av-gridrow-cell av_one_third no_margin  avia-builder-el-1  el_before_av_cell_one_third  avia-builder-el-first  av-zero-padding'  ><div class='flex_cell_inner'><p><section  class='av_textblock_section av-lm0naubq-aae95ea2a9142534adfb95f86db568a8 '   itemscope=\"itemscope\" itemtype=\"https:\/\/schema.org\/CreativeWork\" ><div class='avia_textblock'  itemprop=\"text\" ><p><a href=\"https:\/\/elten.com\/products\/runaway-black-low-esd-s3-729661\/\"><img loading=\"lazy\" decoding=\"async\" class=\"alignnone size-full wp-image-233364\" src=\"https:\/\/elten.com\/wp-content\/uploads\/2023\/09\/E-Track-01-EN-RUNAWAY-black-Low-ESD-S3.jpg\" alt=\"\" width=\"750\" height=\"750\" srcset=\"https:\/\/elten.com\/wp-content\/uploads\/2023\/09\/E-Track-01-EN-RUNAWAY-black-Low-ESD-S3.jpg 750w, https:\/\/elten.com\/wp-content\/uploads\/2023\/09\/E-Track-01-EN-RUNAWAY-black-Low-ESD-S3-300x300.jpg 300w, https:\/\/elten.com\/wp-content\/uploads\/2023\/09\/E-Track-01-EN-RUNAWAY-black-Low-ESD-S3-80x80.jpg 80w, https:\/\/elten.com\/wp-content\/uploads\/2023\/09\/E-Track-01-EN-RUNAWAY-black-Low-ESD-S3-36x36.jpg 36w, https:\/\/elten.com\/wp-content\/uploads\/2023\/09\/E-Track-01-EN-RUNAWAY-black-Low-ESD-S3-180x180.jpg 180w, https:\/\/elten.com\/wp-content\/uploads\/2023\/09\/E-Track-01-EN-RUNAWAY-black-Low-ESD-S3-705x705.jpg 705w\" sizes=\"auto, (max-width: 750px) 100vw, 750px\" \/><\/a><\/p>\n<\/div><\/section><br \/>\n<section  class='av_textblock_section av-lm0nc1t6-7ae3dd4c56d21b7e80187e2b43f9e4e9 '   itemscope=\"itemscope\" itemtype=\"https:\/\/schema.org\/CreativeWork\" ><div class='av-small-hide av-mini-hide avia_textblock el-half-width-images'  itemprop=\"text\" ><p><a href=\"https:\/\/elten.com\/da\/products\/journey-blue-low-esd-s1p-729621\/\"><img decoding=\"async\" src=\"https:\/\/elten.com\/wp-content\/uploads\/2023\/09\/E-Track-10-JOURNEY-blue-Low-ESD-S1P-Sohle.jpg\" \/><\/a><a href=\"https:\/\/elten.com\/da\/products\/white-grip-low-esd-s2-729685\/\"><img decoding=\"async\" src=\"https:\/\/elten.com\/wp-content\/uploads\/2023\/09\/E-Track-08-WHITE-GRIP-Low-ESD-S2-Sohle.jpg\" \/><\/a><\/p>\n<\/div><\/section><\/p>\n<\/div><\/div>\n<style type=\"text\/css\" data-created_by=\"avia_inline_auto\" id=\"style-css-av-51oyzau-d49a59454090167cf8c085e083f60863\">\n.flex_cell.av-51oyzau-d49a59454090167cf8c085e083f60863{\nvertical-align:top;\n}\n.responsive #top #wrap_all .flex_cell.av-51oyzau-d49a59454090167cf8c085e083f60863{\npadding:0px 0px 0px 0px !important;\n}\n<\/style>\n<div class='flex_cell av-51oyzau-d49a59454090167cf8c085e083f60863 av-gridrow-cell av_one_third no_margin av-hide-on-mobile  avia-builder-el-4  el_after_av_cell_one_third  el_before_av_cell_one_third  av-zero-padding'  ><div class='flex_cell_inner'><p><section  class='av_textblock_section av-lm0ncu52-c8b2f43e7fd5e6e187fed20c0cdc3f40 '   itemscope=\"itemscope\" itemtype=\"https:\/\/schema.org\/CreativeWork\" ><div class='avia_textblock'  itemprop=\"text\" ><p><a href=\"https:\/\/elten.com\/da\/products\/journey-grey-low-esd-s1-729630\/\"><img decoding=\"async\" src=\"https:\/\/elten.com\/wp-content\/uploads\/2023\/09\/E-Track-12-729630-JOURNEY-grey-Low-ESD-S1.jpg\" \/><\/a><\/p>\n<\/div><\/section><br \/>\n<section  class='av_textblock_section av-lm0nf31w-b51156e9f2f089f2fb920a4fb98977ac '   itemscope=\"itemscope\" itemtype=\"https:\/\/schema.org\/CreativeWork\" ><div class='avia_textblock el-half-width-images'  itemprop=\"text\" ><p><a href=\"https:\/\/elten.com\/da\/products\/white-grip-low-esd-s2-729685\/\"><img decoding=\"async\" src=\"https:\/\/elten.com\/wp-content\/uploads\/2023\/09\/E-Track-05-WHITE-GRIP-Low-ESD-S2.jpg\" \/><\/a><a href=\"https:\/\/elten.com\/da\/products\/journey-black-low-esd-s3-729611\/\"><img decoding=\"async\" src=\"https:\/\/elten.com\/wp-content\/uploads\/2023\/09\/E-Track-06-JOURNEY-black-Low-ESD-S3.jpg\" \/><\/a><a href=\"https:\/\/elten.com\/da\/products\/runaway-black-low-esd-s3-729661\/\"><img decoding=\"async\" src=\"https:\/\/elten.com\/wp-content\/uploads\/2023\/09\/E-Track-07-RUNAWAY-black-Low-ESD-S3.jpg\" \/><\/a><a href=\"https:\/\/elten.com\/da\/products\/journey-grey-low-esd-s1-729630\/\"><img decoding=\"async\" src=\"https:\/\/elten.com\/wp-content\/uploads\/2023\/09\/E-Track-11-729630-JOURNEY-grey-Low-ESD-S1.jpg\" \/><\/a><\/p>\n<\/div><\/section><\/p>\n<\/div><\/div>\n<style type=\"text\/css\" data-created_by=\"avia_inline_auto\" id=\"style-css-av-4gkuv9y-d5e30c328b04ea3f43206ef3e341484f\">\n.flex_cell.av-4gkuv9y-d5e30c328b04ea3f43206ef3e341484f{\nvertical-align:top;\n}\n.responsive #top #wrap_all .flex_cell.av-4gkuv9y-d5e30c328b04ea3f43206ef3e341484f{\npadding:0px 0px 0px 0px !important;\n}\n<\/style>\n<div class='flex_cell av-4gkuv9y-d5e30c328b04ea3f43206ef3e341484f av-gridrow-cell av_one_third no_margin av-hide-on-mobile  avia-builder-el-7  el_after_av_cell_one_third  avia-builder-el-last  av-zero-padding'  ><div class='flex_cell_inner'><section  class='av_textblock_section av-lm0nftn5-20b11b4c6e203de81d09f5f62ae73343 '   itemscope=\"itemscope\" itemtype=\"https:\/\/schema.org\/CreativeWork\" ><div class='avia_textblock'  itemprop=\"text\" ><p><a href=\"https:\/\/elten.com\/da\/products\/runaway-brown-low-esd-s3-729671\/\"><img decoding=\"async\" src=\"https:\/\/elten.com\/wp-content\/uploads\/2023\/09\/E-Track-09-RUNAWAY-brown-Low-ESD-S3.jpg\" \/><\/a><\/p>\n<\/div><\/section>\n<\/div><\/div>\n<\/div><div id='after_grid_row_1'  class='main_color av_default_container_wrap container_wrap sidebar_right'  ><div class='container av-section-cont-open' ><div class='template-page content  av-content-small alpha units'><div class='post-entry post-entry-type-page post-entry-352905'><div class='entry-content-wrapper clearfix'>\n<div  class='flex_column av-4064kuu-0e02d80e02866c47c85292a2d9ce7b25 av_one_full  avia-builder-el-9  el_after_av_layout_row  avia-builder-el-no-sibling  first flex_column_div  '     ><p>\n<style type=\"text\/css\" data-created_by=\"avia_inline_auto\" id=\"style-css-av-3glx2ja-6153ea2fe85b075204e3b330cd6ff19d\">\n#top .av-special-heading.av-3glx2ja-6153ea2fe85b075204e3b330cd6ff19d{\npadding-bottom:10px;\ncolor:#dd0b2e;\n}\nbody .av-special-heading.av-3glx2ja-6153ea2fe85b075204e3b330cd6ff19d .av-special-heading-tag .heading-char{\nfont-size:25px;\n}\n.av-special-heading.av-3glx2ja-6153ea2fe85b075204e3b330cd6ff19d .special-heading-inner-border{\nborder-color:#dd0b2e;\n}\n.av-special-heading.av-3glx2ja-6153ea2fe85b075204e3b330cd6ff19d .av-subheading{\nfont-size:15px;\n}\n<\/style>\n<div  class='av-special-heading av-3glx2ja-6153ea2fe85b075204e3b330cd6ff19d av-special-heading-h1 custom-color-heading  avia-builder-el-10  el_before_av_textblock  avia-builder-el-first '><h1 class='av-special-heading-tag'  itemprop=\"headline\"  >E-TRACK<\/h1><div class=\"special-heading-border\"><div class=\"special-heading-inner-border\"><\/div><\/div><\/div><br \/>\n<section  class='av_textblock_section av-lozl7535-ead8be83cacaee6072fb27bc2cf3543e '   itemscope=\"itemscope\" itemtype=\"https:\/\/schema.org\/CreativeWork\" ><div class='avia_textblock'  itemprop=\"text\" ><h3>ATLETER TIL F\u00d8DDERNE<\/h3>\n<\/div><\/section><br \/>\n\n<style type=\"text\/css\" data-created_by=\"avia_inline_auto\" id=\"style-css-av-lozl50bw-c52b98f306d23a3d28a09a7367cc1090\">\n#top .hr.hr-invisible.av-lozl50bw-c52b98f306d23a3d28a09a7367cc1090{\nheight:40px;\n}\n<\/style>\n<div  class='hr av-lozl50bw-c52b98f306d23a3d28a09a7367cc1090 hr-invisible  avia-builder-el-12  el_after_av_textblock  el_before_av_textblock '><span class='hr-inner '><span class=\"hr-inner-style\"><\/span><\/span><\/div><br \/>\n<section  class='av_textblock_section av-lozl6ph6-968bc1be58891d77d34bea546cae8adc '   itemscope=\"itemscope\" itemtype=\"https:\/\/schema.org\/CreativeWork\" ><div class='avia_textblock'  itemprop=\"text\" ><h3>SPORTSLIGT DESIGN KOMBINERET MED OPTIMALE SIKKERHEDSEGENSKABER<\/h3>\n<p>Med vores sportslige modeller i serien E-TRACK f\u00e5r du den optimale kombination af en dynamisk l\u00f8beoplevelse og toppr\u00e6stationer til dine daglige arbejdsaktiviteter. Skoene i denne serie er udelukkende lavet i Low-Cut-design. Dette g\u00f8r, at de har en flad udformning og byder p\u00e5 rigtigt meget bev\u00e6gelsesfrihed, da anklen er fri. En yderligere fordel ved Low-Cut-designet er, at der skal bruges mindre materiale p\u00e5 oversiden, hvilket giver en noget lettere sko. De slanke sikkerhedssko i serien E-TRACK laves i mange forskellige materialer og adskillige beskyttelsesklasser. Is\u00e6r det indvendige for er med til at sikre h\u00f8j komfort takket v\u00e6re dets fremragende fugtabsorberende og -afgivende egenskaber.<\/p>\n<h3>FLEKSIBEL S\u00c5L MED GODT GREB<\/h3>\n<p>Skoene i E-TRACK-serien er forsynet med en yderst modstandsdygtig tolagss\u00e5l af gummi og PU, som vi selv fremstiller. Mellems\u00e5len af PU s\u00f8rger for den n\u00f8dvendige d\u00e6mpning og stabilitet, mens l\u00f8bes\u00e5len af gummi hindrer dig i at glide p\u00e5 glat eller fugtigt underlag. Derfor er skoene yderst velegnede til alle inden- og udend\u00f8rs aktiviteter.<\/p>\n<h3>ALSIDIG OG ANVENDELIG OVERALT<\/h3>\n<p>Modellerne i E-TRACK-serien passer med deres forskellige udf\u00f8relser og farver samt sikkerhedsklasse S1, S1P, S2 og S3 til alle anvendelsesomr\u00e5der. Hvad ang\u00e5r oversidens materialer, har vi valgt diverse materialer til de forskellige varianter: der findes oversidematerialer af l\u00e6der, vandafvisende nubukl\u00e6der over velourl\u00e6der eller almindeligt oksel\u00e6der, men ogs\u00e5 i kombination med meshmateriale og mikrofibre eller i udf\u00f8relser helt uden l\u00e6der. Skoene er desuden forsynet med en st\u00e5lkappe, og de er alle ESD-godkendte. Derudover er de, med undtagelse af beskyttelsesklasse S1 og S2, ogs\u00e5 udstyret med metalfri gennemtr\u00e6ngningsbeskyttelse. Den er lettere og mere fleksibel end gennemtr\u00e6ngningsbeskyttelse af st\u00e5l og s\u00f8rger for, at skoen bliver let og sportslig, ja faktisk minder meget om en sneaker.<\/p>\n<h3>TILPASSELIGE SIKKERHEDSSKO<\/h3>\n<p>Alle ELTEN E-TRACK-modeller er testet og certificeret i henhold til EN ISO 20345-standarden. Skoene findes i st\u00f8rrelse 40 til 48, WHITE GRIP Low ESD S1, den hvide sko uden l\u00e6der og med praktiske burreb\u00e5nder f\u00e5s endda i st\u00f8rrelse 35 til 48.<\/p>\n<\/div><\/section><br \/>\n\n<style type=\"text\/css\" data-created_by=\"avia_inline_auto\" id=\"style-css-av-av_hr-458b8eb7f665c8f37efd46a17c2150f8\">\n#top .hr.hr-invisible.av-av_hr-458b8eb7f665c8f37efd46a17c2150f8{\nheight:40px;\n}\n<\/style>\n<div  class='hr av-av_hr-458b8eb7f665c8f37efd46a17c2150f8 hr-invisible  avia-builder-el-14  el_after_av_textblock  el_before_av_textblock '><span class='hr-inner '><span class=\"hr-inner-style\"><\/span><\/span><\/div><br \/>\n<section  class='av_textblock_section av-lozl68y1-6b466071bfbc785c218baede82fd6d30 '   itemscope=\"itemscope\" itemtype=\"https:\/\/schema.org\/CreativeWork\" ><div class='avia_textblock'  itemprop=\"text\" ><h3>PRODUKTSUDVALG<\/h3>\n<\/div><\/section><br \/>\n<div  id=\"av-sc-portfolio-1\"  class=' grid-sort-container isotope   no_margin-container with-title-container grid-total-odd grid-col-4 grid-links-' data-portfolio-id='1'><div data-ajax-id='343985' class=' grid-entry flex_column isotope-item all_sort no_margin post-entry post-entry-343985 grid-entry-overview grid-loop-1 grid-parity-odd  11200_agilium-freestep-2-0-da_sort 11300_agilium-freestep-3-0-da_sort 11400_malleo-neurexa-pro-da_sort 10700_mander-malms-softastatic-sav-02-da_sort 10800_mander-malms-softastatic-sa-pur-02-da_sort 10100_esd-pro-da_sort 50100_sensicare-da_sort 10600_hartmann-9516-secosol-da_sort 11000_seidl-sensoped-esd-3596-da_sort 50600_currex-work-pro-da_sort 10300_bauerfeind-ergo-pad-workh-da_sort sporty-da_sort metalfri-beskyttelse-mod-gennemtraengning-da_sort laeder-da_sort staalkappe-da_sort fo-da_sort sr-da_sort gummi-da_sort mittel-normal-da_sort rfid-chip-da_sort s3s-da_sort 05-divers-da_sort 04000-da_sort 04100-da_sort 04200-da_sort 04300-da_sort 04400-da_sort 04500-da_sort 04600-da_sort 04700-da_sort 04800-da_sort e-track-da_sort elten-da_sort elten-e-track-da_sort en-iso-20345-da_sort esd-da_sort 02-herrer-da_sort indlaeg-da_sort ingen-da_sort sko-da_sort snoerebaand-da_sort sort-da_sort tekstilforing-da_sort  av_one_fourth first default_av_fullwidth '><article class='main_color inner-entry'  itemscope=\"itemscope\" itemtype=\"https:\/\/schema.org\/CreativeWork\" ><a href=\"https:\/\/elten.com\/da\/products\/journey-black-low-esd-s3s-729611\/\" title='JOURNEY black Low ESD S3S &#8211; 729611'  data-rel='grid-1' class='grid-image avia-hover-fx'> <img decoding=\"async\" fetchpriority=\"high\" width=\"1\" height=\"1\" src=\"https:\/\/elten.com\/wp-content\/uploads\/products\/729611-01.jpg\" class=\"wp-image-368897 avia-img-lazy-loading-not-368897 attachment-portfolio_small size-portfolio_small wp-post-image\" alt=\"JOURNEY black Low ESD S3 - 729611\" \/><\/a><div class='grid-content'><div class='avia-arrow'><\/div><header class=\"entry-content-header\"><h3 class='grid-entry-title entry-title '  itemprop=\"headline\" ><a href='https:\/\/elten.com\/da\/products\/journey-black-low-esd-s3s-729611\/' title='JOURNEY black Low ESD S3S &#8211; 729611'>JOURNEY black Low ESD S3S &#8211; 729611<\/a><\/h3><\/header><\/div><footer class=\"entry-footer\"><\/footer><\/article><\/div><div data-ajax-id='343984' class=' grid-entry flex_column isotope-item all_sort no_margin post-entry post-entry-343984 grid-entry-overview grid-loop-2 grid-parity-even  11200_agilium-freestep-2-0-da_sort 11300_agilium-freestep-3-0-da_sort 11400_malleo-neurexa-pro-da_sort 10700_mander-malms-softastatic-sav-02-da_sort 10800_mander-malms-softastatic-sa-pur-02-da_sort 10100_esd-pro-da_sort 50100_sensicare-da_sort 10600_hartmann-9516-secosol-da_sort 11000_seidl-sensoped-esd-3596-da_sort 50600_currex-work-pro-da_sort 10300_bauerfeind-ergo-pad-workh-da_sort laederfrit-da_sort tekstilmateriale-da_sort staalkappe-da_sort fo-da_sort sr-da_sort gummi-da_sort mittel-normal-da_sort weit-da_sort rfid-chip-da_sort 04-unisex-da_sort 05-divers-da_sort _einsatzgebiet-gastronomie-da_sort _einsatzgebiet-medizinische-berufe-da_sort 03500-da_sort 03600-da_sort 03700-da_sort 03800-da_sort 03900-da_sort 04000-da_sort 04100-da_sort 04200-da_sort 04300-da_sort 04400-da_sort 04500-da_sort 04600-da_sort 04700-da_sort 04800-da_sort burrebaand-da_sort e-track-da_sort elten-da_sort elten-e-track-da_sort en-iso-20345-da_sort esd-da_sort gastronomie-da_sort hvid-da_sort indlaeg-da_sort ingen-da_sort medizinische-berufe-da_sort s2-da_sort sko-da_sort tekstilforing-da_sort  av_one_fourth  default_av_fullwidth '><article class='main_color inner-entry'  itemscope=\"itemscope\" itemtype=\"https:\/\/schema.org\/CreativeWork\" ><a href=\"https:\/\/elten.com\/da\/products\/white-grip-low-esd-s2-729685\/\" title='WHITE Grip Low ESD S2 &#8211; 729685'  data-rel='grid-1' class='grid-image avia-hover-fx'> <img decoding=\"async\" fetchpriority=\"high\" width=\"1\" height=\"1\" src=\"https:\/\/elten.com\/wp-content\/uploads\/products\/729685-01.jpg\" class=\"wp-image-372817 avia-img-lazy-loading-not-372817 attachment-portfolio_small size-portfolio_small wp-post-image\" alt=\"WHITE Grip Low ESD S2 - 729685\" \/><\/a><div class='grid-content'><div class='avia-arrow'><\/div><header class=\"entry-content-header\"><h3 class='grid-entry-title entry-title '  itemprop=\"headline\" ><a href='https:\/\/elten.com\/da\/products\/white-grip-low-esd-s2-729685\/' title='WHITE Grip Low ESD S2 &#8211; 729685'>WHITE Grip Low ESD S2 &#8211; 729685<\/a><\/h3><\/header><\/div><footer class=\"entry-footer\"><\/footer><\/article><\/div><div data-ajax-id='343993' class=' grid-entry flex_column isotope-item all_sort no_margin post-entry post-entry-343993 grid-entry-overview grid-loop-3 grid-parity-odd  post-entry-last  11200_agilium-freestep-2-0-da_sort 11300_agilium-freestep-3-0-da_sort 11400_malleo-neurexa-pro-da_sort 10700_mander-malms-softastatic-sav-02-da_sort 10800_mander-malms-softastatic-sa-pur-02-da_sort 10100_esd-pro-da_sort 50100_sensicare-da_sort 10600_hartmann-9516-secosol-da_sort 11000_seidl-sensoped-esd-3596-da_sort 50600_currex-work-pro-da_sort 10300_bauerfeind-ergo-pad-workh-da_sort sporty-da_sort metalfri-beskyttelse-mod-gennemtraengning-da_sort laeder-da_sort staalkappe-da_sort laederfor-da_sort fo-da_sort sr-da_sort gummi-da_sort mittel-normal-da_sort rfid-chip-da_sort s3s-da_sort 05-divers-da_sort 04000-da_sort 04100-da_sort 04200-da_sort 04300-da_sort 04400-da_sort 04500-da_sort 04600-da_sort 04700-da_sort 04800-da_sort e-track-da_sort elten-da_sort elten-e-track-da_sort en-iso-20345-da_sort esd-da_sort 02-herrer-da_sort indlaeg-da_sort ingen-da_sort laederforing-da_sort sko-da_sort snoerebaand-da_sort sort-da_sort  av_one_fourth  default_av_fullwidth '><article class='main_color inner-entry'  itemscope=\"itemscope\" itemtype=\"https:\/\/schema.org\/CreativeWork\" ><a href=\"https:\/\/elten.com\/da\/products\/runaway-black-low-esd-s3s-729661\/\" title='RUNAWAY black Low ESD S3S &#8211; 729661'  data-rel='grid-1' class='grid-image avia-hover-fx'> <img decoding=\"async\" fetchpriority=\"high\" width=\"1\" height=\"1\" src=\"https:\/\/elten.com\/wp-content\/uploads\/products\/729661-01.jpg\" class=\"wp-image-371665 avia-img-lazy-loading-not-371665 attachment-portfolio_small size-portfolio_small wp-post-image\" alt=\"RUNAWAY black Low ESD S3 - 729661\" \/><\/a><div class='grid-content'><div class='avia-arrow'><\/div><header class=\"entry-content-header\"><h3 class='grid-entry-title entry-title '  itemprop=\"headline\" ><a href='https:\/\/elten.com\/da\/products\/runaway-black-low-esd-s3s-729661\/' title='RUNAWAY black Low ESD S3S &#8211; 729661'>RUNAWAY black Low ESD S3S &#8211; 729661<\/a><\/h3><\/header><\/div><footer class=\"entry-footer\"><\/footer><\/article><\/div><\/div><\/p><\/div>\n","protected":false},"excerpt":{"rendered":"","protected":false},"author":7,"featured_media":0,"parent":354185,"menu_order":0,"comment_status":"closed","ping_status":"closed","template":"","meta":{"footnotes":""},"categories":[505],"tags":[],"class_list":["post-352905","page","type-page","status-publish","hentry","category-produktgruppen-da"],"yoast_head":"<!-- This site is optimized with the Yoast SEO Premium plugin v21.9 (Yoast SEO v21.9.1) - https:\/\/yoast.com\/wordpress\/plugins\/seo\/ -->\n<title>E-TRACK - ELTEN GmbH<\/title>\n<meta name=\"robots\" content=\"index, follow, max-snippet:-1, max-image-preview:large, max-video-preview:-1\" \/>\n<link rel=\"canonical\" href=\"https:\/\/elten.com\/da\/produktgrupper\/e-track\/\" \/>\n<meta property=\"og:locale\" content=\"da_DK\" \/>\n<meta property=\"og:type\" content=\"article\" \/>\n<meta property=\"og:title\" content=\"E-TRACK\" \/>\n<meta property=\"og:url\" content=\"https:\/\/elten.com\/da\/produktgrupper\/e-track\/\" \/>\n<meta property=\"og:site_name\" content=\"ELTEN GmbH\" \/>\n<meta property=\"article:modified_time\" content=\"2024-10-22T12:34:48+00:00\" \/>\n<meta property=\"og:image\" content=\"https:\/\/elten.com\/wp-content\/uploads\/2023\/09\/E-Track-01-EN-RUNAWAY-black-Low-ESD-S3.jpg\" \/>\n<meta name=\"twitter:card\" content=\"summary_large_image\" \/>\n<meta name=\"twitter:label1\" content=\"Estimeret l\u00e6setid\" \/>\n\t<meta name=\"twitter:data1\" content=\"6 minutter\" \/>\n<script type=\"application\/ld+json\" class=\"yoast-schema-graph\">{\"@context\":\"https:\/\/schema.org\",\"@graph\":[{\"@type\":\"WebPage\",\"@id\":\"https:\/\/elten.com\/da\/produktgrupper\/e-track\/\",\"url\":\"https:\/\/elten.com\/da\/produktgrupper\/e-track\/\",\"name\":\"E-TRACK - ELTEN GmbH\",\"isPartOf\":{\"@id\":\"https:\/\/elten.com\/da\/#website\"},\"datePublished\":\"2023-10-18T14:05:41+00:00\",\"dateModified\":\"2024-10-22T12:34:48+00:00\",\"breadcrumb\":{\"@id\":\"https:\/\/elten.com\/da\/produktgrupper\/e-track\/#breadcrumb\"},\"inLanguage\":\"da-DK\",\"potentialAction\":[{\"@type\":\"ReadAction\",\"target\":[\"https:\/\/elten.com\/da\/produktgrupper\/e-track\/\"]}]},{\"@type\":\"BreadcrumbList\",\"@id\":\"https:\/\/elten.com\/da\/produktgrupper\/e-track\/#breadcrumb\",\"itemListElement\":[{\"@type\":\"ListItem\",\"position\":1,\"name\":\"Startseite\",\"item\":\"https:\/\/elten.com\/da\/\"},{\"@type\":\"ListItem\",\"position\":2,\"name\":\"Produktgrupper\",\"item\":\"https:\/\/elten.com\/da\/produktgrupper\/\"},{\"@type\":\"ListItem\",\"position\":3,\"name\":\"E-TRACK\"}]},{\"@type\":\"WebSite\",\"@id\":\"https:\/\/elten.com\/da\/#website\",\"url\":\"https:\/\/elten.com\/da\/\",\"name\":\"ELTEN GmbH\",\"description\":\"Sicherheitsschuhe | Arbeitsschuhe | LOWA WORK COLLECTION | ELTEN GmbH\",\"potentialAction\":[{\"@type\":\"SearchAction\",\"target\":{\"@type\":\"EntryPoint\",\"urlTemplate\":\"https:\/\/elten.com\/da\/?s={search_term_string}\"},\"query-input\":\"required name=search_term_string\"}],\"inLanguage\":\"da-DK\"}]}<\/script>\n<!-- \/ Yoast SEO Premium plugin. -->","yoast_head_json":{"title":"E-TRACK - ELTEN GmbH","robots":{"index":"index","follow":"follow","max-snippet":"max-snippet:-1","max-image-preview":"max-image-preview:large","max-video-preview":"max-video-preview:-1"},"canonical":"https:\/\/elten.com\/da\/produktgrupper\/e-track\/","og_locale":"da_DK","og_type":"article","og_title":"E-TRACK","og_url":"https:\/\/elten.com\/da\/produktgrupper\/e-track\/","og_site_name":"ELTEN GmbH","article_modified_time":"2024-10-22T12:34:48+00:00","og_image":[{"url":"https:\/\/elten.com\/wp-content\/uploads\/2023\/09\/E-Track-01-EN-RUNAWAY-black-Low-ESD-S3.jpg"}],"twitter_card":"summary_large_image","twitter_misc":{"Estimeret l\u00e6setid":"6 minutter"},"schema":{"@context":"https:\/\/schema.org","@graph":[{"@type":"WebPage","@id":"https:\/\/elten.com\/da\/produktgrupper\/e-track\/","url":"https:\/\/elten.com\/da\/produktgrupper\/e-track\/","name":"E-TRACK - ELTEN GmbH","isPartOf":{"@id":"https:\/\/elten.com\/da\/#website"},"datePublished":"2023-10-18T14:05:41+00:00","dateModified":"2024-10-22T12:34:48+00:00","breadcrumb":{"@id":"https:\/\/elten.com\/da\/produktgrupper\/e-track\/#breadcrumb"},"inLanguage":"da-DK","potentialAction":[{"@type":"ReadAction","target":["https:\/\/elten.com\/da\/produktgrupper\/e-track\/"]}]},{"@type":"BreadcrumbList","@id":"https:\/\/elten.com\/da\/produktgrupper\/e-track\/#breadcrumb","itemListElement":[{"@type":"ListItem","position":1,"name":"Startseite","item":"https:\/\/elten.com\/da\/"},{"@type":"ListItem","position":2,"name":"Produktgrupper","item":"https:\/\/elten.com\/da\/produktgrupper\/"},{"@type":"ListItem","position":3,"name":"E-TRACK"}]},{"@type":"WebSite","@id":"https:\/\/elten.com\/da\/#website","url":"https:\/\/elten.com\/da\/","name":"ELTEN GmbH","description":"Sicherheitsschuhe | Arbeitsschuhe | LOWA WORK COLLECTION | ELTEN GmbH","potentialAction":[{"@type":"SearchAction","target":{"@type":"EntryPoint","urlTemplate":"https:\/\/elten.com\/da\/?s={search_term_string}"},"query-input":"required name=search_term_string"}],"inLanguage":"da-DK"}]}},"_links":{"self":[{"href":"https:\/\/elten.com\/da\/wp-json\/wp\/v2\/pages\/352905","targetHints":{"allow":["GET"]}}],"collection":[{"href":"https:\/\/elten.com\/da\/wp-json\/wp\/v2\/pages"}],"about":[{"href":"https:\/\/elten.com\/da\/wp-json\/wp\/v2\/types\/page"}],"author":[{"embeddable":true,"href":"https:\/\/elten.com\/da\/wp-json\/wp\/v2\/users\/7"}],"replies":[{"embeddable":true,"href":"https:\/\/elten.com\/da\/wp-json\/wp\/v2\/comments?post=352905"}],"version-history":[{"count":3,"href":"https:\/\/elten.com\/da\/wp-json\/wp\/v2\/pages\/352905\/revisions"}],"predecessor-version":[{"id":389081,"href":"https:\/\/elten.com\/da\/wp-json\/wp\/v2\/pages\/352905\/revisions\/389081"}],"up":[{"embeddable":true,"href":"https:\/\/elten.com\/da\/wp-json\/wp\/v2\/pages\/354185"}],"wp:attachment":[{"href":"https:\/\/elten.com\/da\/wp-json\/wp\/v2\/media?parent=352905"}],"wp:term":[{"taxonomy":"category","embeddable":true,"href":"https:\/\/elten.com\/da\/wp-json\/wp\/v2\/categories?post=352905"},{"taxonomy":"post_tag","embeddable":true,"href":"https:\/\/elten.com\/da\/wp-json\/wp\/v2\/tags?post=352905"}],"curies":[{"name":"wp","href":"https:\/\/api.w.org\/{rel}","templated":true}]}}