{"id":354152,"date":"2023-10-19T09:49:18","date_gmt":"2023-10-19T07:49:18","guid":{"rendered":"http:\/\/relaunch.elten.com.w01ca985.kasserver.com\/?page_id=354152"},"modified":"2023-10-19T09:49:18","modified_gmt":"2023-10-19T07:49:18","slug":"teknologi","status":"publish","type":"page","link":"https:\/\/elten.com\/da\/teknologi\/","title":{"rendered":"Teknologi"},"content":{"rendered":"<div  class='flex_column av-1n1ap-f2ec86bacdfc9aae6ea1f4b17cb74083 av_one_full  avia-builder-el-0  el_before_av_one_full  avia-builder-el-first  first flex_column_div av-animated-generic top-to-bottom  '     ><style type=\"text\/css\" data-created_by=\"avia_inline_auto\" id=\"style-css-av-14va9-dad9c1374f36e8fb18710b59de67a021\">\n#top .av-special-heading.av-14va9-dad9c1374f36e8fb18710b59de67a021{\npadding-bottom:0;\n}\nbody .av-special-heading.av-14va9-dad9c1374f36e8fb18710b59de67a021 .av-special-heading-tag .heading-char{\nfont-size:25px;\n}\n.av-special-heading.av-14va9-dad9c1374f36e8fb18710b59de67a021 .av-subheading{\nfont-size:15px;\n}\n<\/style>\n<div  class='av-special-heading av-14va9-dad9c1374f36e8fb18710b59de67a021 av-special-heading-h2 blockquote modern-quote  avia-builder-el-1  avia-builder-el-no-sibling '><h2 class='av-special-heading-tag'  itemprop=\"headline\"  >Teknologi<\/h2><div class=\"special-heading-border\"><div class=\"special-heading-inner-border\"><\/div><\/div><\/div><\/div><div  class='flex_column av-1fje1-21d988c11b8b457887df3b35fd57f136 av_one_full  avia-builder-el-2  el_after_av_one_full  el_before_av_one_full  first flex_column_div av-animated-generic fade-in  column-top-margin'     ><section  class='av_textblock_section av-wwbp-403e018dd8dc3c9a55f264ef03cd2299 '   itemscope=\"itemscope\" itemtype=\"https:\/\/schema.org\/CreativeWork\" ><div class='avia_textblock'  itemprop=\"text\" ><h3>MERE END STANDARD<\/h3>\n<p>Vi \u00f8nsker, at du skal arbejde sikkert og super komfortabelt i vores sko. Det bruger vi al vores know-how p\u00e5 at sikre. Og mere end det: Sammen med universiteter og medicinske eksperter, udvikler vi innovative teknologier &#8211; og designer vores modeller p\u00e5 en s\u00e5dan m\u00e5de, at de passer perfekt til kravene i situationerne p\u00e5 dagens arbejdspladser. Uanset om det g\u00e6lder indend\u00f8rs eller udend\u00f8rs, h\u00e5rde, glatte halgulve eller glatte, usikre overflader. Uanset om der er tale om fugt, kulde eller varme. Med sikkerhed og komfort, der ofte g\u00e5r ud over de s\u00e6dvanlige standarder.<\/p>\n<\/div><\/section><\/div><div  class='flex_column av-u6k9-f4e782c8f3a60b0940a587b3de4b6891 av_one_full  avia-builder-el-4  el_after_av_one_full  avia-builder-el-last  first flex_column_div av-animated-generic fade-in  column-top-margin'     ><section  class='av_textblock_section av-llkrqj6m-919cd60bb7e12ae9a8ce75f20c7819a6 '   itemscope=\"itemscope\" itemtype=\"https:\/\/schema.org\/CreativeWork\" ><div class='avia_textblock'  itemprop=\"text\" ><h3>DET ER EN PLIGT AT T\u00c6NKE FREMAD &#8211; INNOVATION ER ALDRIG FOR TIDLIGT<\/h3>\n<p>Hvis du stopper, falder du bagud. Den filosofi danner grundlaget for den gl\u00e6de ved innovation, som ELTEN er kendt for, gennem \u00e5rtier. Takket v\u00e6re vores mange, interne udviklinger, har vi altid sat nye standarder med hensyn til arbejdssikkerhed. Banebrydende innovationer, som ERGO-ACTIVE, SAFETY-GRIP, BIOMEX PROTECTION\u00a9 eller BIOMEX DYNAMICS, opstod af samspillet mellem vores egne udviklingseksperter og universiteter, samt h\u00f8jteknologisk forskning og specialister, fra kendte sportsmedicinske institutter. Og vi arbejder allerede p\u00e5 ambiti\u00f8se visioner for fremtiden &#8211; for eksempel den \u201dt\u00e6nkende\u201d og dynamiske sikkerhedssko.<\/p>\n<\/div><\/section><\/div><\/p>\n","protected":false},"excerpt":{"rendered":"","protected":false},"author":2,"featured_media":0,"parent":0,"menu_order":0,"comment_status":"closed","ping_status":"closed","template":"","meta":{"footnotes":""},"categories":[508],"tags":[],"class_list":["post-354152","page","type-page","status-publish","hentry","category-technologie-da"],"yoast_head":"<!-- This site is optimized with the Yoast SEO Premium plugin v21.9 (Yoast SEO v21.9.1) - https:\/\/yoast.com\/wordpress\/plugins\/seo\/ -->\n<title>Teknologi - ELTEN GmbH<\/title>\n<meta name=\"robots\" content=\"index, follow, max-snippet:-1, max-image-preview:large, max-video-preview:-1\" \/>\n<link rel=\"canonical\" href=\"https:\/\/elten.com\/da\/teknologi\/\" \/>\n<meta property=\"og:locale\" content=\"da_DK\" \/>\n<meta property=\"og:type\" content=\"article\" \/>\n<meta property=\"og:title\" content=\"Teknologi\" \/>\n<meta property=\"og:url\" content=\"https:\/\/elten.com\/da\/teknologi\/\" \/>\n<meta property=\"og:site_name\" content=\"ELTEN GmbH\" \/>\n<meta name=\"twitter:card\" content=\"summary_large_image\" \/>\n<meta name=\"twitter:label1\" content=\"Estimeret l\u00e6setid\" \/>\n\t<meta name=\"twitter:data1\" content=\"5 minutter\" \/>\n<script type=\"application\/ld+json\" class=\"yoast-schema-graph\">{\"@context\":\"https:\/\/schema.org\",\"@graph\":[{\"@type\":\"WebPage\",\"@id\":\"https:\/\/elten.com\/da\/teknologi\/\",\"url\":\"https:\/\/elten.com\/da\/teknologi\/\",\"name\":\"Teknologi - ELTEN GmbH\",\"isPartOf\":{\"@id\":\"https:\/\/elten.com\/da\/#website\"},\"datePublished\":\"2023-10-19T07:49:18+00:00\",\"dateModified\":\"2023-10-19T07:49:18+00:00\",\"breadcrumb\":{\"@id\":\"https:\/\/elten.com\/da\/teknologi\/#breadcrumb\"},\"inLanguage\":\"da-DK\",\"potentialAction\":[{\"@type\":\"ReadAction\",\"target\":[\"https:\/\/elten.com\/da\/teknologi\/\"]}]},{\"@type\":\"BreadcrumbList\",\"@id\":\"https:\/\/elten.com\/da\/teknologi\/#breadcrumb\",\"itemListElement\":[{\"@type\":\"ListItem\",\"position\":1,\"name\":\"Startseite\",\"item\":\"https:\/\/elten.com\/da\/\"},{\"@type\":\"ListItem\",\"position\":2,\"name\":\"Teknologi\"}]},{\"@type\":\"WebSite\",\"@id\":\"https:\/\/elten.com\/da\/#website\",\"url\":\"https:\/\/elten.com\/da\/\",\"name\":\"ELTEN GmbH\",\"description\":\"Sicherheitsschuhe | Arbeitsschuhe | LOWA WORK COLLECTION | ELTEN GmbH\",\"potentialAction\":[{\"@type\":\"SearchAction\",\"target\":{\"@type\":\"EntryPoint\",\"urlTemplate\":\"https:\/\/elten.com\/da\/?s={search_term_string}\"},\"query-input\":\"required name=search_term_string\"}],\"inLanguage\":\"da-DK\"}]}<\/script>\n<!-- \/ Yoast SEO Premium plugin. -->","yoast_head_json":{"title":"Teknologi - ELTEN GmbH","robots":{"index":"index","follow":"follow","max-snippet":"max-snippet:-1","max-image-preview":"max-image-preview:large","max-video-preview":"max-video-preview:-1"},"canonical":"https:\/\/elten.com\/da\/teknologi\/","og_locale":"da_DK","og_type":"article","og_title":"Teknologi","og_url":"https:\/\/elten.com\/da\/teknologi\/","og_site_name":"ELTEN GmbH","twitter_card":"summary_large_image","twitter_misc":{"Estimeret l\u00e6setid":"5 minutter"},"schema":{"@context":"https:\/\/schema.org","@graph":[{"@type":"WebPage","@id":"https:\/\/elten.com\/da\/teknologi\/","url":"https:\/\/elten.com\/da\/teknologi\/","name":"Teknologi - ELTEN GmbH","isPartOf":{"@id":"https:\/\/elten.com\/da\/#website"},"datePublished":"2023-10-19T07:49:18+00:00","dateModified":"2023-10-19T07:49:18+00:00","breadcrumb":{"@id":"https:\/\/elten.com\/da\/teknologi\/#breadcrumb"},"inLanguage":"da-DK","potentialAction":[{"@type":"ReadAction","target":["https:\/\/elten.com\/da\/teknologi\/"]}]},{"@type":"BreadcrumbList","@id":"https:\/\/elten.com\/da\/teknologi\/#breadcrumb","itemListElement":[{"@type":"ListItem","position":1,"name":"Startseite","item":"https:\/\/elten.com\/da\/"},{"@type":"ListItem","position":2,"name":"Teknologi"}]},{"@type":"WebSite","@id":"https:\/\/elten.com\/da\/#website","url":"https:\/\/elten.com\/da\/","name":"ELTEN GmbH","description":"Sicherheitsschuhe | Arbeitsschuhe | LOWA WORK COLLECTION | ELTEN GmbH","potentialAction":[{"@type":"SearchAction","target":{"@type":"EntryPoint","urlTemplate":"https:\/\/elten.com\/da\/?s={search_term_string}"},"query-input":"required name=search_term_string"}],"inLanguage":"da-DK"}]}},"_links":{"self":[{"href":"https:\/\/elten.com\/da\/wp-json\/wp\/v2\/pages\/354152","targetHints":{"allow":["GET"]}}],"collection":[{"href":"https:\/\/elten.com\/da\/wp-json\/wp\/v2\/pages"}],"about":[{"href":"https:\/\/elten.com\/da\/wp-json\/wp\/v2\/types\/page"}],"author":[{"embeddable":true,"href":"https:\/\/elten.com\/da\/wp-json\/wp\/v2\/users\/2"}],"replies":[{"embeddable":true,"href":"https:\/\/elten.com\/da\/wp-json\/wp\/v2\/comments?post=354152"}],"version-history":[{"count":2,"href":"https:\/\/elten.com\/da\/wp-json\/wp\/v2\/pages\/354152\/revisions"}],"predecessor-version":[{"id":354157,"href":"https:\/\/elten.com\/da\/wp-json\/wp\/v2\/pages\/354152\/revisions\/354157"}],"wp:attachment":[{"href":"https:\/\/elten.com\/da\/wp-json\/wp\/v2\/media?parent=354152"}],"wp:term":[{"taxonomy":"category","embeddable":true,"href":"https:\/\/elten.com\/da\/wp-json\/wp\/v2\/categories?post=354152"},{"taxonomy":"post_tag","embeddable":true,"href":"https:\/\/elten.com\/da\/wp-json\/wp\/v2\/tags?post=354152"}],"curies":[{"name":"wp","href":"https:\/\/api.w.org\/{rel}","templated":true}]}}