{"id":354164,"date":"2023-10-19T10:30:35","date_gmt":"2023-10-19T08:30:35","guid":{"rendered":"http:\/\/relaunch.elten.com.w01ca985.kasserver.com\/?page_id=354164"},"modified":"2023-11-15T13:28:43","modified_gmt":"2023-11-15T12:28:43","slug":"jori-professional","status":"publish","type":"page","link":"https:\/\/elten.com\/da\/produktgrupper\/jori-professional\/","title":{"rendered":"Jori by ELTEN"},"content":{"rendered":"<div id='av-layout-grid-1'  class='av-layout-grid-container av-7p85f8l-b9412890a1d082c565ea37dd117dc725 entry-content-wrapper main_color av-flex-cells  avia-builder-el-0  el_before_av_one_full  avia-builder-el-first  el-produktgruppen-head  container_wrap sidebar_right'  >\n\n<style type=\"text\/css\" data-created_by=\"avia_inline_auto\" id=\"style-css-av-7a3582t-2f2d02a8f51e0b2a596a8c930ce4c110\">\n.flex_cell.av-7a3582t-2f2d02a8f51e0b2a596a8c930ce4c110{\nvertical-align:top;\n}\n.responsive #top #wrap_all .flex_cell.av-7a3582t-2f2d02a8f51e0b2a596a8c930ce4c110{\npadding:0px 0px 0px 0px !important;\n}\n<\/style>\n<div class='flex_cell av-7a3582t-2f2d02a8f51e0b2a596a8c930ce4c110 av-gridrow-cell av_one_third no_margin  avia-builder-el-1  el_before_av_cell_one_third  avia-builder-el-first  av-zero-padding'  ><div class='flex_cell_inner'><p><section  class='av_textblock_section av-lm4u287u-88da69e322be5712a6b1d973a560cd6a '   itemscope=\"itemscope\" itemtype=\"https:\/\/schema.org\/CreativeWork\" ><div class='avia_textblock'  itemprop=\"text\" ><p><img loading=\"lazy\" decoding=\"async\" class=\"alignnone size-full wp-image-354195\" src=\"https:\/\/elten.com\/wp-content\/uploads\/2023\/10\/Collage-JORI-by-ELTEN-DK.jpg\" alt=\"\" width=\"750\" height=\"750\" srcset=\"https:\/\/elten.com\/wp-content\/uploads\/2023\/10\/Collage-JORI-by-ELTEN-DK.jpg 750w, https:\/\/elten.com\/wp-content\/uploads\/2023\/10\/Collage-JORI-by-ELTEN-DK-300x300.jpg 300w, https:\/\/elten.com\/wp-content\/uploads\/2023\/10\/Collage-JORI-by-ELTEN-DK-80x80.jpg 80w, https:\/\/elten.com\/wp-content\/uploads\/2023\/10\/Collage-JORI-by-ELTEN-DK-36x36.jpg 36w, https:\/\/elten.com\/wp-content\/uploads\/2023\/10\/Collage-JORI-by-ELTEN-DK-180x180.jpg 180w, https:\/\/elten.com\/wp-content\/uploads\/2023\/10\/Collage-JORI-by-ELTEN-DK-705x705.jpg 705w\" sizes=\"auto, (max-width: 750px) 100vw, 750px\" \/><\/p>\n<\/div><\/section><br \/>\n<section  class='av_textblock_section av-lm4u5z1z-f24e111338a9c9c34f14ede015b5076d '   itemscope=\"itemscope\" itemtype=\"https:\/\/schema.org\/CreativeWork\" ><div class='av-small-hide av-mini-hide avia_textblock el-half-width-images'  itemprop=\"text\" ><p><a href=\"https:\/\/elten.com\/da\/products\/jo_vivid-blue-low-s1p-12631\/\"><img decoding=\"async\" src=\"https:\/\/elten.com\/wp-content\/uploads\/2023\/09\/Jori-by-ELTEN-02-jo_VIVID-blue-Low-ESD-S1P.jpg\" \/><\/a><img decoding=\"async\" src=\"https:\/\/elten.com\/wp-content\/uploads\/2023\/09\/Jori-by-ELTEN-03-Detail-Logo-Jori-by-ELTEN.jpg\" \/><\/p>\n<\/div><\/section><\/p>\n<\/div><\/div>\n<style type=\"text\/css\" data-created_by=\"avia_inline_auto\" id=\"style-css-av-6hu0a79-bf52189f5139908eb8ce5dbf18ecc488\">\n.flex_cell.av-6hu0a79-bf52189f5139908eb8ce5dbf18ecc488{\nvertical-align:top;\n}\n.responsive #top #wrap_all .flex_cell.av-6hu0a79-bf52189f5139908eb8ce5dbf18ecc488{\npadding:0px 0px 0px 0px !important;\n}\n<\/style>\n<div class='flex_cell av-6hu0a79-bf52189f5139908eb8ce5dbf18ecc488 av-gridrow-cell av_one_third no_margin av-hide-on-mobile  avia-builder-el-4  el_after_av_cell_one_third  el_before_av_cell_one_third  av-zero-padding'  ><div class='flex_cell_inner'><p><section  class='av_textblock_section av-lm4ubrhm-ba6dd41306bd2241742a0a1c44ba5cc0 '   itemscope=\"itemscope\" itemtype=\"https:\/\/schema.org\/CreativeWork\" ><div class='avia_textblock el-half-width-images'  itemprop=\"text\" ><p><a href=\"https:\/\/elten.com\/da\/products\/jo_speedy-black-red-low-esd-s1p-12141\/\"><img decoding=\"async\" src=\"https:\/\/elten.com\/wp-content\/uploads\/2023\/09\/Jori-by-ELTEN-04-jo_SPEEDY-black-red-Low-ESD-S3.jpg\" \/><\/a><a href=\"https:\/\/elten.com\/da\/products\/achim-s3-16321\/\"><img decoding=\"async\" src=\"https:\/\/elten.com\/wp-content\/uploads\/2023\/09\/Jori-by-ELTEN-05-ACHIM-S3.jpg\" \/><\/a><a href=\"https:\/\/elten.com\/da\/products\/jo_swift-boa-black-low-esd-s3-12081\/\"><img decoding=\"async\" src=\"https:\/\/elten.com\/wp-content\/uploads\/2023\/09\/Jori-by-ELTEN-06-jo_SWIFT-BOA-black-Low-ESD-S3.jpg\" \/><\/a><a href=\"https:\/\/elten.com\/da\/products\/jo_rapid-blue-yellow-low-esd-s3-12031\/\"><img decoding=\"async\" src=\"https:\/\/elten.com\/wp-content\/uploads\/2023\/09\/Jori-by-ELTEN-07-jo_RAPID-blue-yellow-Low-ESD-S3.jpg\" \/><\/a><\/p>\n<\/div><\/section><br \/>\n<section  class='av_textblock_section av-6cp31ph-0ff37cd557ab74135e7b4385b84a13ce '   itemscope=\"itemscope\" itemtype=\"https:\/\/schema.org\/CreativeWork\" ><div class='avia_textblock el-half-width-images'  itemprop=\"text\" ><p><a href=\"https:\/\/elten.com\/da\/products\/jo_powerful-black-mid-s3-16611\/\"><img decoding=\"async\" src=\"https:\/\/elten.com\/wp-content\/uploads\/2023\/09\/Jori-by-ELTEN-08-jo_POWERFUL-black-Mid-S3.jpg\" \/><\/a><a href=\"https:\/\/elten.com\/da\/technologie\/boa-fit-system\/\"><img decoding=\"async\" src=\"https:\/\/elten.com\/wp-content\/uploads\/2023\/09\/Jori-by-ELTEN-09-Detail-BOA.jpg\" \/><\/a><\/p>\n<\/div><\/section><\/p>\n<\/div><\/div>\n<style type=\"text\/css\" data-created_by=\"avia_inline_auto\" id=\"style-css-av-5ro4j6t-f2f1d196a4d3c095eb86aa2b8534a17f\">\n.flex_cell.av-5ro4j6t-f2f1d196a4d3c095eb86aa2b8534a17f{\nvertical-align:top;\n}\n.responsive #top #wrap_all .flex_cell.av-5ro4j6t-f2f1d196a4d3c095eb86aa2b8534a17f{\npadding:0px 0px 0px 0px !important;\n}\n<\/style>\n<div class='flex_cell av-5ro4j6t-f2f1d196a4d3c095eb86aa2b8534a17f av-gridrow-cell av_one_third no_margin av-hide-on-mobile  avia-builder-el-7  el_after_av_cell_one_third  avia-builder-el-last  av-zero-padding'  ><div class='flex_cell_inner'><p><section  class='av_textblock_section av-5e6je79-b22a46c08dffec7b70e71fdc5a74414e '   itemscope=\"itemscope\" itemtype=\"https:\/\/schema.org\/CreativeWork\" ><div class='avia_textblock el-half-width-images'  itemprop=\"text\" ><p><a href=\"https:\/\/elten.com\/da\/products\/rocky-s3-16881\/\"><img decoding=\"async\" src=\"https:\/\/elten.com\/wp-content\/uploads\/2023\/09\/Jori-by-ELTEN-11-ROCKY-S3.jpg\" \/><\/a><a href=\"https:\/\/elten.com\/da\/products\/jo_powerful-black-mid-s3-16611\/\"><img decoding=\"async\" src=\"https:\/\/elten.com\/wp-content\/uploads\/2023\/09\/Jori-by-ELTEN-08-jo_POWERFUL-black-Mid-S3.jpg\" \/><\/a><\/p>\n<\/div><\/section><br \/>\n<section  class='av_textblock_section av-517gu4l-a73d33f3f8460ed1ce2a0b126486647d '   itemscope=\"itemscope\" itemtype=\"https:\/\/schema.org\/CreativeWork\" ><div class='avia_textblock'  itemprop=\"text\" ><p><a href=\"https:\/\/elten.com\/da\/products\/jo_max-boa-low-s3-12771\/\"><img decoding=\"async\" src=\"https:\/\/elten.com\/wp-content\/uploads\/2023\/09\/Jori-by-ELTEN-12-jo_MAX-BOA-Low-S3.jpg\" \/><\/a><\/p>\n<\/div><\/section><\/p>\n<\/div><\/div>\n<\/div><div id='after_grid_row_1'  class='main_color av_default_container_wrap container_wrap sidebar_right'  ><div class='container av-section-cont-open' ><div class='template-page content  av-content-small alpha units'><div class='post-entry post-entry-type-page post-entry-354164'><div class='entry-content-wrapper clearfix'>\n<div  class='flex_column av-4jfdpnp-9ce8a485f5ca57e8a4a4f79f40a749a3 av_one_full  avia-builder-el-10  el_after_av_layout_row  el_before_av_one_full  avia-builder-el-first  first flex_column_div  '     ><p>\n<style type=\"text\/css\" data-created_by=\"avia_inline_auto\" id=\"style-css-av-3to0xt1-99362847c8b884fe9018d65db8404d8d\">\n#top .av-special-heading.av-3to0xt1-99362847c8b884fe9018d65db8404d8d{\npadding-bottom:10px;\ncolor:#dd0b2e;\n}\nbody .av-special-heading.av-3to0xt1-99362847c8b884fe9018d65db8404d8d .av-special-heading-tag .heading-char{\nfont-size:25px;\n}\n.av-special-heading.av-3to0xt1-99362847c8b884fe9018d65db8404d8d .special-heading-inner-border{\nborder-color:#dd0b2e;\n}\n.av-special-heading.av-3to0xt1-99362847c8b884fe9018d65db8404d8d .av-subheading{\nfont-size:15px;\n}\n<\/style>\n<div  class='av-special-heading av-3to0xt1-99362847c8b884fe9018d65db8404d8d av-special-heading-h1 custom-color-heading  avia-builder-el-11  el_before_av_textblock  avia-builder-el-first '><h1 class='av-special-heading-tag'  itemprop=\"headline\"  >Jori by ELTEN<\/h1><div class=\"special-heading-border\"><div class=\"special-heading-inner-border\"><\/div><\/div><\/div><br \/>\n<section  class='av_textblock_section av-loydt0f2-76bb9a0c23ebe19a6b883c3a861e46dd '   itemscope=\"itemscope\" itemtype=\"https:\/\/schema.org\/CreativeWork\" ><div class='avia_textblock'  itemprop=\"text\" ><h3>TRADITIONELT GOD<\/h3>\n<\/div><\/section><\/p><\/div>\n<div  class='flex_column av-av_one_full-41ee899840124b6993b57a87f996c353 av_one_full  avia-builder-el-13  el_after_av_one_full  el_before_av_one_full  first flex_column_div  column-top-margin'     ><section  class='av_textblock_section av-loydtes0-4300d0be94724b6734c78c7f76bb4da2 '   itemscope=\"itemscope\" itemtype=\"https:\/\/schema.org\/CreativeWork\" ><div class='avia_textblock'  itemprop=\"text\" ><h3>KOMFORTABEL, SIKKER OG MODERNE<\/h3>\n<p>Jori, producenten af arbejdssko, har st\u00e5et for p\u00e5lidelighed og kvalitet, h\u00f8j b\u00e6rekomfort og sofistikeret design i over 150 \u00e5r. M\u00e6rket med ridderskjoldet i logoet nyder godt af et fremragende ry blandt h\u00e5ndv\u00e6rkere og industriarbejdere i Ruhr-omr\u00e5det og med rette, for Jori sikkerhedssko og -st\u00f8vler er ekstremt robuste og tilbyder altid en behagelig gangoplevelse.<\/p>\n<\/div><\/section><br \/>\n<section  class='av_textblock_section av-loydu46u-d8940622681db7fbb393709bf5365496 '   itemscope=\"itemscope\" itemtype=\"https:\/\/schema.org\/CreativeWork\" ><div class='avia_textblock'  itemprop=\"text\" ><h3>ET OMFANGSRIGT UDVALG<\/h3>\n<p>Tro mod mottoet &#8220;moderne og funktionelt&#8221; tilbyder Jori sko alt, hvad du har brug for i hverdagen. Is\u00e6r alle dem, der bliver konfronteret med forskellige udfordringer i deres job, har brug for fodbeskyttelse, der er holdbar, behagelig at have p\u00e5, og som garanterer den bedst mulige sikkerhed i enhver situation. Vores sortiment omfatter sikkerhedssko og st\u00f8vler i forskellige designs: fra den sporty SWIFT gr\u00f8n-gule model med gummi og PU yders\u00e5l til JERRY sikkerheds vinterst\u00f8vlen med varmt for i beskyttelsesklasse S3 til slip-on lave sko til sundhedsomr\u00e5det, vi tilbyder hele udvalget af sikkerhedssko til ethvert arbejds- og anvendelsesomr\u00e5de.<\/p>\n<h3>LAVET TIL DE PROFESSIONELLE BLANDT OS<\/h3>\n<p>Jori sko har en r\u00e6kke specielle funktioner: For eksempel det \u00e5ndbare inderfor, BOA\u00ae Fit System for en sikker og pr\u00e6cis pasform p\u00e5 foden eller en ekstremt skridsikker s\u00e5l. Sortimentet omfatter ogs\u00e5 forskellige serier, s\u00e5som skoene fra jo_SPEEDY-serien, der er s\u00e6rligt sporty og fremstillet uden metal eller l\u00e6der, eller jo_RAPID-serien af hydrofobisk mikrofiber og et s\u00e6rligt \u00e5ndbart tekstilfor. Derudover bruges forskellige s\u00e5lm\u00e6rker, specielt lavet til Jori sko. For eksempel FLAME-s\u00e5len af gummi\/PU med en m\u00f8nsterdybde p\u00e5 4 mm eller jo_MAX-s\u00e5len med en m\u00f8nsterdybde p\u00e5 3 mm. jo_BASIC og NEW BASIC s\u00e5lerne er lavet af en kombination af PU\/PU og sikrer fremragende greb p\u00e5 glatte gulve. Jo_TWIST-s\u00e5len er ogs\u00e5 en PU\/PU-kombination og sikrer sporty lethed og fleksibilitet. PU mono-s\u00e5len jo_MONO bruges i sort\/hvid-kollektionen og lover maksimal skridsikkerhed i ethvert brugsomr\u00e5de.<\/p>\n<p>Uanset om det g\u00e6lder industri, handel eller servicesegment: Med Jori sikkerhedssko er du forberedt p\u00e5 alle udfordringer.<\/p>\n<\/div><\/section><\/p><\/div>\n<div  class='flex_column av-239fvqd-9c7f7802582a09bdf7ce0c305da0f94b av_one_full  avia-builder-el-16  el_after_av_one_full  el_before_av_button  first flex_column_div  column-top-margin'     ><p>\n<style type=\"text\/css\" data-created_by=\"avia_inline_auto\" id=\"style-css-av-loydm0xo-9d3f9c46755cfbf9e784f5af5c7a65b7\">\n#top .av-special-heading.av-loydm0xo-9d3f9c46755cfbf9e784f5af5c7a65b7{\npadding-bottom:10px;\n}\nbody .av-special-heading.av-loydm0xo-9d3f9c46755cfbf9e784f5af5c7a65b7 .av-special-heading-tag .heading-char{\nfont-size:25px;\n}\n.av-special-heading.av-loydm0xo-9d3f9c46755cfbf9e784f5af5c7a65b7 .av-subheading{\nfont-size:15px;\n}\n<\/style>\n<div  class='av-special-heading av-loydm0xo-9d3f9c46755cfbf9e784f5af5c7a65b7 av-special-heading-h3  avia-builder-el-17  el_before_av_portfolio  avia-builder-el-no-sibling '><h3 class='av-special-heading-tag'  itemprop=\"headline\"  >PRODUKTER<\/h3><div class=\"special-heading-border\"><div class=\"special-heading-inner-border\"><\/div><\/div><\/div><br \/>\n<div  id=\"av-sc-portfolio-1\"  class=' grid-sort-container isotope   no_margin-container with-title-container grid-total-even grid-col-4 grid-links-' data-portfolio-id='1'><div data-ajax-id='343868' class=' grid-entry flex_column isotope-item all_sort no_margin post-entry post-entry-343868 grid-entry-overview grid-loop-1 grid-parity-odd  10100_esd-pro-da_sort 50100_sensicare-da_sort sc-da_sort laeder-da_sort staalkappe-da_sort mellemsaal-i-staal-da_sort fo-da_sort sr-da_sort mittel-normal-da_sort weit-da_sort rfid-chip-da_sort 04-unisex-da_sort 05-divers-da_sort mono-pu-da_sort _einsatzgebiet-maler-lackierer-da_sort 03600-da_sort 03700-da_sort 03800-da_sort 03900-da_sort 04000-da_sort 04100-da_sort 04200-da_sort 04300-da_sort 04400-da_sort 04500-da_sort 04600-da_sort 04700-da_sort 04800-da_sort en-iso-20345-da_sort hael-da_sort indlaeg-da_sort ingen-da_sort jori-da_sort jori-professional-da_sort maler-und-lackierer-da_sort s3-da_sort snoerebaand-da_sort sort-da_sort stoevler-form-b-da_sort tekstilforing-da_sort  av_one_fourth first default_av_fullwidth '><article class='main_color inner-entry'  itemscope=\"itemscope\" itemtype=\"https:\/\/schema.org\/CreativeWork\" ><a href=\"https:\/\/elten.com\/da\/products\/achim-s3-16321\/\" title='ACHIM S3 &#8211; 16321'  data-rel='grid-1' class='grid-image avia-hover-fx'> <img decoding=\"async\" fetchpriority=\"high\" width=\"1\" height=\"1\" src=\"https:\/\/elten.com\/wp-content\/uploads\/products\/16321-01.jpg\" class=\"wp-image-389257 avia-img-lazy-loading-not-389257 attachment-portfolio_small size-portfolio_small wp-post-image\" alt=\"ACHIM S3 - 16321\" \/><\/a><div class='grid-content'><div class='avia-arrow'><\/div><header class=\"entry-content-header\"><h3 class='grid-entry-title entry-title '  itemprop=\"headline\" ><a href='https:\/\/elten.com\/da\/products\/achim-s3-16321\/' title='ACHIM S3 &#8211; 16321'>ACHIM S3 &#8211; 16321<\/a><\/h3><\/header><\/div><footer class=\"entry-footer\"><\/footer><\/article><\/div><div data-ajax-id='407710' class=' grid-entry flex_column isotope-item all_sort no_margin post-entry post-entry-407710 grid-entry-overview grid-loop-2 grid-parity-even  metalfrit-da_sort plastkappe-da_sort metalfri-beskyttelse-mod-gennemtraengning-da_sort sc-da_sort laeder-da_sort fo-da_sort sr-da_sort mittel-normal-da_sort weit-da_sort s3s-da_sort 04-unisex-da_sort robust-da_sort 05-divers-da_sort mono-pu-da_sort 03600-da_sort 03700-da_sort 03800-da_sort 03900-da_sort 04000-da_sort 04100-da_sort 04200-da_sort 04300-da_sort 04400-da_sort 04500-da_sort 04600-da_sort 04700-da_sort 04800-da_sort en-iso-20345-da_sort ingen-da_sort jori-da_sort jori-professional-da_sort metalfri-da_sort sko-da_sort snoerebaand-da_sort sort-da_sort tekstilforing-da_sort  av_one_fourth  default_av_fullwidth '><article class='main_color inner-entry'  itemscope=\"itemscope\" itemtype=\"https:\/\/schema.org\/CreativeWork\" ><a href=\"https:\/\/elten.com\/da\/products\/basic-ii-compo-low-s3s-12291\/\" title='BASIC II Compo Low S3S &#8211; 12291'  data-rel='grid-1' class='grid-image avia-hover-fx'> <img decoding=\"async\" fetchpriority=\"high\" width=\"1\" height=\"1\" src=\"https:\/\/elten.com\/wp-content\/uploads\/products\/12291-01.jpg\" class=\"wp-image-407587 avia-img-lazy-loading-not-407587 attachment-portfolio_small size-portfolio_small wp-post-image\" alt=\"BASIC II Compo Low S3S - 12291\" \/><\/a><div class='grid-content'><div class='avia-arrow'><\/div><header class=\"entry-content-header\"><h3 class='grid-entry-title entry-title '  itemprop=\"headline\" ><a href='https:\/\/elten.com\/da\/products\/basic-ii-compo-low-s3s-12291\/' title='BASIC II Compo Low S3S &#8211; 12291'>BASIC II Compo Low S3S &#8211; 12291<\/a><\/h3><\/header><\/div><footer class=\"entry-footer\"><\/footer><\/article><\/div><div data-ajax-id='404296' class=' grid-entry flex_column isotope-item all_sort no_margin post-entry post-entry-404296 grid-entry-overview grid-loop-3 grid-parity-odd  metalfrit-da_sort plastkappe-da_sort metalfri-beskyttelse-mod-gennemtraengning-da_sort sc-da_sort laeder-da_sort fo-da_sort sr-da_sort mittel-normal-da_sort weit-da_sort s3s-da_sort 04-unisex-da_sort robust-da_sort 05-divers-da_sort mono-pu-da_sort 03600-da_sort 03700-da_sort 03800-da_sort 03900-da_sort 04000-da_sort 04100-da_sort 04200-da_sort 04300-da_sort 04400-da_sort 04500-da_sort 04600-da_sort 04700-da_sort 04800-da_sort en-iso-20345-da_sort hael-da_sort ingen-da_sort jori-da_sort jori-professional-da_sort metalfri-da_sort snoerebaand-da_sort sort-da_sort stoevler-form-b-da_sort tekstilforing-da_sort  av_one_fourth  default_av_fullwidth '><article class='main_color inner-entry'  itemscope=\"itemscope\" itemtype=\"https:\/\/schema.org\/CreativeWork\" ><a href=\"https:\/\/elten.com\/da\/products\/basic-ii-compo-mid-s3s-16291\/\" title='BASIC II Compo Mid S3S &#8211; 16291'  data-rel='grid-1' class='grid-image avia-hover-fx'> <img decoding=\"async\" fetchpriority=\"high\" width=\"1\" height=\"1\" src=\"https:\/\/elten.com\/wp-content\/uploads\/products\/16291-01.jpg\" class=\"wp-image-403951 avia-img-lazy-loading-not-403951 attachment-portfolio_small size-portfolio_small wp-post-image\" alt=\"BASIC II Compo Mid S3S - 16291\" \/><\/a><div class='grid-content'><div class='avia-arrow'><\/div><header class=\"entry-content-header\"><h3 class='grid-entry-title entry-title '  itemprop=\"headline\" ><a href='https:\/\/elten.com\/da\/products\/basic-ii-compo-mid-s3s-16291\/' title='BASIC II Compo Mid S3S &#8211; 16291'>BASIC II Compo Mid S3S &#8211; 16291<\/a><\/h3><\/header><\/div><footer class=\"entry-footer\"><\/footer><\/article><\/div><div data-ajax-id='401843' class=' grid-entry flex_column isotope-item all_sort no_margin post-entry post-entry-401843 grid-entry-overview grid-loop-4 grid-parity-even  post-entry-last  sc-da_sort laeder-da_sort staalkappe-da_sort mellemsaal-i-staal-da_sort fo-da_sort sr-da_sort mittel-normal-da_sort weit-da_sort 04-unisex-da_sort robust-da_sort 05-divers-da_sort mono-pu-da_sort 03600-da_sort 03700-da_sort 03800-da_sort 03900-da_sort 04000-da_sort 04100-da_sort 04200-da_sort 04300-da_sort 04400-da_sort 04500-da_sort 04600-da_sort 04700-da_sort 04800-da_sort en-iso-20345-da_sort hael-da_sort ingen-da_sort jori-da_sort jori-professional-da_sort s3-da_sort sko-da_sort snoerebaand-da_sort sort-da_sort tekstilforing-da_sort  av_one_fourth  default_av_fullwidth '><article class='main_color inner-entry'  itemscope=\"itemscope\" itemtype=\"https:\/\/schema.org\/CreativeWork\" ><a href=\"https:\/\/elten.com\/da\/products\/basic-ii-low-s3-12281\/\" title='BASIC II Low S3 &#8211; 12281'  data-rel='grid-1' class='grid-image avia-hover-fx'> <img decoding=\"async\" fetchpriority=\"high\" width=\"1\" height=\"1\" src=\"https:\/\/elten.com\/wp-content\/uploads\/products\/12281-01.jpg\" class=\"wp-image-401775 avia-img-lazy-loading-not-401775 attachment-portfolio_small size-portfolio_small wp-post-image\" alt=\"jo_BASIC II Low S3 - 12281\" \/><\/a><div class='grid-content'><div class='avia-arrow'><\/div><header class=\"entry-content-header\"><h3 class='grid-entry-title entry-title '  itemprop=\"headline\" ><a href='https:\/\/elten.com\/da\/products\/basic-ii-low-s3-12281\/' title='BASIC II Low S3 &#8211; 12281'>BASIC II Low S3 &#8211; 12281<\/a><\/h3><\/header><\/div><footer class=\"entry-footer\"><\/footer><\/article><\/div><\/div><\/p><\/div>\n<div  class='avia-button-wrap av-loydmvdc-41aa9c703e5f134a909c659035d309f9-wrap avia-button-center  avia-builder-el-19  el_after_av_one_full  avia-builder-el-last '><a href='https:\/\/elten.com\/da\/produktgrupper\/jori-by-elten-oversigt\/'  class='avia-button av-loydmvdc-41aa9c703e5f134a909c659035d309f9 avia-icon_select-no avia-size-medium avia-position-center avia-color-theme-color'  ><span class='avia_iconbox_title' >Alle produkter<\/span><\/a><\/div>\n","protected":false},"excerpt":{"rendered":"","protected":false},"author":7,"featured_media":0,"parent":354185,"menu_order":0,"comment_status":"closed","ping_status":"closed","template":"","meta":{"footnotes":""},"categories":[505],"tags":[],"class_list":["post-354164","page","type-page","status-publish","hentry","category-produktgruppen-da"],"yoast_head":"<!-- This site is optimized with the Yoast SEO Premium plugin v21.9 (Yoast SEO v21.9.1) - https:\/\/yoast.com\/wordpress\/plugins\/seo\/ -->\n<title>Jori by ELTEN - ELTEN GmbH<\/title>\n<meta name=\"robots\" content=\"index, follow, max-snippet:-1, max-image-preview:large, max-video-preview:-1\" \/>\n<link rel=\"canonical\" href=\"https:\/\/elten.com\/da\/produktgrupper\/jori-professional\/\" \/>\n<meta property=\"og:locale\" content=\"da_DK\" \/>\n<meta property=\"og:type\" content=\"article\" \/>\n<meta property=\"og:title\" content=\"Jori by ELTEN\" \/>\n<meta property=\"og:url\" content=\"https:\/\/elten.com\/da\/produktgrupper\/jori-professional\/\" \/>\n<meta property=\"og:site_name\" content=\"ELTEN GmbH\" \/>\n<meta property=\"article:modified_time\" content=\"2023-11-15T12:28:43+00:00\" \/>\n<meta property=\"og:image\" content=\"https:\/\/elten.com\/wp-content\/uploads\/2023\/10\/Collage-JORI-by-ELTEN-DK.jpg\" \/>\n<meta name=\"twitter:card\" content=\"summary_large_image\" \/>\n<meta name=\"twitter:label1\" content=\"Estimeret l\u00e6setid\" \/>\n\t<meta name=\"twitter:data1\" content=\"11 minutter\" \/>\n<script type=\"application\/ld+json\" class=\"yoast-schema-graph\">{\"@context\":\"https:\/\/schema.org\",\"@graph\":[{\"@type\":\"WebPage\",\"@id\":\"https:\/\/elten.com\/da\/produktgrupper\/jori-professional\/\",\"url\":\"https:\/\/elten.com\/da\/produktgrupper\/jori-professional\/\",\"name\":\"Jori by ELTEN - ELTEN GmbH\",\"isPartOf\":{\"@id\":\"https:\/\/elten.com\/da\/#website\"},\"datePublished\":\"2023-10-19T08:30:35+00:00\",\"dateModified\":\"2023-11-15T12:28:43+00:00\",\"breadcrumb\":{\"@id\":\"https:\/\/elten.com\/da\/produktgrupper\/jori-professional\/#breadcrumb\"},\"inLanguage\":\"da-DK\",\"potentialAction\":[{\"@type\":\"ReadAction\",\"target\":[\"https:\/\/elten.com\/da\/produktgrupper\/jori-professional\/\"]}]},{\"@type\":\"BreadcrumbList\",\"@id\":\"https:\/\/elten.com\/da\/produktgrupper\/jori-professional\/#breadcrumb\",\"itemListElement\":[{\"@type\":\"ListItem\",\"position\":1,\"name\":\"Startseite\",\"item\":\"https:\/\/elten.com\/da\/\"},{\"@type\":\"ListItem\",\"position\":2,\"name\":\"Produktgrupper\",\"item\":\"https:\/\/elten.com\/da\/produktgrupper\/\"},{\"@type\":\"ListItem\",\"position\":3,\"name\":\"Jori by ELTEN\"}]},{\"@type\":\"WebSite\",\"@id\":\"https:\/\/elten.com\/da\/#website\",\"url\":\"https:\/\/elten.com\/da\/\",\"name\":\"ELTEN GmbH\",\"description\":\"Sicherheitsschuhe | Arbeitsschuhe | LOWA WORK COLLECTION | ELTEN GmbH\",\"potentialAction\":[{\"@type\":\"SearchAction\",\"target\":{\"@type\":\"EntryPoint\",\"urlTemplate\":\"https:\/\/elten.com\/da\/?s={search_term_string}\"},\"query-input\":\"required name=search_term_string\"}],\"inLanguage\":\"da-DK\"}]}<\/script>\n<!-- \/ Yoast SEO Premium plugin. -->","yoast_head_json":{"title":"Jori by ELTEN - ELTEN GmbH","robots":{"index":"index","follow":"follow","max-snippet":"max-snippet:-1","max-image-preview":"max-image-preview:large","max-video-preview":"max-video-preview:-1"},"canonical":"https:\/\/elten.com\/da\/produktgrupper\/jori-professional\/","og_locale":"da_DK","og_type":"article","og_title":"Jori by ELTEN","og_url":"https:\/\/elten.com\/da\/produktgrupper\/jori-professional\/","og_site_name":"ELTEN GmbH","article_modified_time":"2023-11-15T12:28:43+00:00","og_image":[{"url":"https:\/\/elten.com\/wp-content\/uploads\/2023\/10\/Collage-JORI-by-ELTEN-DK.jpg"}],"twitter_card":"summary_large_image","twitter_misc":{"Estimeret l\u00e6setid":"11 minutter"},"schema":{"@context":"https:\/\/schema.org","@graph":[{"@type":"WebPage","@id":"https:\/\/elten.com\/da\/produktgrupper\/jori-professional\/","url":"https:\/\/elten.com\/da\/produktgrupper\/jori-professional\/","name":"Jori by ELTEN - ELTEN GmbH","isPartOf":{"@id":"https:\/\/elten.com\/da\/#website"},"datePublished":"2023-10-19T08:30:35+00:00","dateModified":"2023-11-15T12:28:43+00:00","breadcrumb":{"@id":"https:\/\/elten.com\/da\/produktgrupper\/jori-professional\/#breadcrumb"},"inLanguage":"da-DK","potentialAction":[{"@type":"ReadAction","target":["https:\/\/elten.com\/da\/produktgrupper\/jori-professional\/"]}]},{"@type":"BreadcrumbList","@id":"https:\/\/elten.com\/da\/produktgrupper\/jori-professional\/#breadcrumb","itemListElement":[{"@type":"ListItem","position":1,"name":"Startseite","item":"https:\/\/elten.com\/da\/"},{"@type":"ListItem","position":2,"name":"Produktgrupper","item":"https:\/\/elten.com\/da\/produktgrupper\/"},{"@type":"ListItem","position":3,"name":"Jori by ELTEN"}]},{"@type":"WebSite","@id":"https:\/\/elten.com\/da\/#website","url":"https:\/\/elten.com\/da\/","name":"ELTEN GmbH","description":"Sicherheitsschuhe | Arbeitsschuhe | LOWA WORK COLLECTION | ELTEN GmbH","potentialAction":[{"@type":"SearchAction","target":{"@type":"EntryPoint","urlTemplate":"https:\/\/elten.com\/da\/?s={search_term_string}"},"query-input":"required name=search_term_string"}],"inLanguage":"da-DK"}]}},"_links":{"self":[{"href":"https:\/\/elten.com\/da\/wp-json\/wp\/v2\/pages\/354164","targetHints":{"allow":["GET"]}}],"collection":[{"href":"https:\/\/elten.com\/da\/wp-json\/wp\/v2\/pages"}],"about":[{"href":"https:\/\/elten.com\/da\/wp-json\/wp\/v2\/types\/page"}],"author":[{"embeddable":true,"href":"https:\/\/elten.com\/da\/wp-json\/wp\/v2\/users\/7"}],"replies":[{"embeddable":true,"href":"https:\/\/elten.com\/da\/wp-json\/wp\/v2\/comments?post=354164"}],"version-history":[{"count":3,"href":"https:\/\/elten.com\/da\/wp-json\/wp\/v2\/pages\/354164\/revisions"}],"predecessor-version":[{"id":360757,"href":"https:\/\/elten.com\/da\/wp-json\/wp\/v2\/pages\/354164\/revisions\/360757"}],"up":[{"embeddable":true,"href":"https:\/\/elten.com\/da\/wp-json\/wp\/v2\/pages\/354185"}],"wp:attachment":[{"href":"https:\/\/elten.com\/da\/wp-json\/wp\/v2\/media?parent=354164"}],"wp:term":[{"taxonomy":"category","embeddable":true,"href":"https:\/\/elten.com\/da\/wp-json\/wp\/v2\/categories?post=354164"},{"taxonomy":"post_tag","embeddable":true,"href":"https:\/\/elten.com\/da\/wp-json\/wp\/v2\/tags?post=354164"}],"curies":[{"name":"wp","href":"https:\/\/api.w.org\/{rel}","templated":true}]}}