{"id":354743,"date":"2023-10-23T08:59:09","date_gmt":"2023-10-23T06:59:09","guid":{"rendered":"http:\/\/relaunch.elten.com.w01ca985.kasserver.com\/?page_id=354743"},"modified":"2024-10-08T13:39:26","modified_gmt":"2024-10-08T11:39:26","slug":"endnu-stoerre-sikkerhed","status":"publish","type":"page","link":"https:\/\/elten.com\/da\/teknologi\/endnu-stoerre-sikkerhed\/","title":{"rendered":"Endnu st\u00f8rre sikkerhed"},"content":{"rendered":"<div  class='flex_column av-2eanlg-14a0893c22ca23fc13571897f33e0154 av_one_full  avia-builder-el-0  el_before_av_one_half  avia-builder-el-first  first flex_column_div av-animated-generic fade-in  '     ><p>\n<style type=\"text\/css\" data-created_by=\"avia_inline_auto\" id=\"style-css-av-lmomkxon-c2ca7550c4e693df84b021ed4026c403\">\n#top .av-special-heading.av-lmomkxon-c2ca7550c4e693df84b021ed4026c403{\npadding-bottom:10px;\n}\nbody .av-special-heading.av-lmomkxon-c2ca7550c4e693df84b021ed4026c403 .av-special-heading-tag .heading-char{\nfont-size:25px;\n}\n.av-special-heading.av-lmomkxon-c2ca7550c4e693df84b021ed4026c403 .av-subheading{\nfont-size:15px;\n}\n<\/style>\n<div  class='av-special-heading av-lmomkxon-c2ca7550c4e693df84b021ed4026c403 av-special-heading-h2 blockquote modern-quote  avia-builder-el-1  el_before_av_textblock  avia-builder-el-first '><h2 class='av-special-heading-tag'  itemprop=\"headline\"  >ENDNU ST\u00d8RRE SIKKERHED<\/h2><div class=\"special-heading-border\"><div class=\"special-heading-inner-border\"><\/div><\/div><\/div><br \/>\n<section  class='av_textblock_section av-lmomn6yx-61fb9cf1341a37930c7af942f6c36e06 '   itemscope=\"itemscope\" itemtype=\"https:\/\/schema.org\/CreativeWork\" ><div class='avia_textblock'  itemprop=\"text\" ><p>ELTENs fodbeskyttelse: Det betyder sikkerhed jfr. de europ\u00e6iske standarder \u2013 og et beskyttelsesudstyr, hvis komponenter svarer pr\u00e6cist til de forskellige risikopotentialer p\u00e5 arbejdspladsen. Selvf\u00f8lgelig er det den nyeste version og certificeret i beskyttelsesklasserne S1, S2 og S3. God fodbeskyttelse skal ogs\u00e5 opfylde andre kriterier.<\/p>\n<\/div><\/section><\/p><\/div>\n<div  class='flex_column av-29h8jg-c65612b06020545fa0f4d962d3d1219b av_one_half  avia-builder-el-3  el_after_av_one_full  el_before_av_one_half  first flex_column_div  column-top-margin'     ><p>\n<style type=\"text\/css\" data-created_by=\"avia_inline_auto\" id=\"style-css-av-lmompi9p-8e9db3a35124e1758e570e99802a3f9d\">\n#top .av-special-heading.av-lmompi9p-8e9db3a35124e1758e570e99802a3f9d{\npadding-bottom:10px;\n}\nbody .av-special-heading.av-lmompi9p-8e9db3a35124e1758e570e99802a3f9d .av-special-heading-tag .heading-char{\nfont-size:25px;\n}\n.av-special-heading.av-lmompi9p-8e9db3a35124e1758e570e99802a3f9d .av-subheading{\nfont-size:15px;\n}\n<\/style>\n<div  class='av-special-heading av-lmompi9p-8e9db3a35124e1758e570e99802a3f9d av-special-heading-h2 blockquote modern-quote  avia-builder-el-4  el_before_av_textblock  avia-builder-el-first '><h2 class='av-special-heading-tag'  itemprop=\"headline\"  >REFLEKSMATERIALE<\/h2><div class=\"special-heading-border\"><div class=\"special-heading-inner-border\"><\/div><\/div><\/div><br \/>\n<section  class='av_textblock_section av-lmompt2s-b61b25786df5d1d2195733353c64303b '   itemscope=\"itemscope\" itemtype=\"https:\/\/schema.org\/CreativeWork\" ><div class='avia_textblock'  itemprop=\"text\" ><p>N\u00e5r det regner, i skyggen, i skumringen eller i m\u00f8rket, ser man kun mennesker med m\u00f8rkt t\u00f8j p\u00e5 ca. 30 meters afstand. Reflekterende materialer giver ekstra beskyttelse, takket v\u00e6re den st\u00f8rre synlighed, selv under d\u00e5rlige vejr- og lysforhold.<\/p>\n<\/div><\/section><\/p><\/div>\n<div  class='flex_column av-22iung-2e62adcd5613854394730b98be7d6997 av_one_half  avia-builder-el-6  el_after_av_one_half  el_before_av_hr  flex_column_div  column-top-margin'     ><style type=\"text\/css\" data-created_by=\"avia_inline_auto\" id=\"style-css-av-6ut4c-d088d31fd71d568619f9835a9d3ea76a\">\n.avia-image-container.av-6ut4c-d088d31fd71d568619f9835a9d3ea76a img.avia_image{\nbox-shadow:none;\n}\n.avia-image-container.av-6ut4c-d088d31fd71d568619f9835a9d3ea76a .av-image-caption-overlay-center{\ncolor:#ffffff;\n}\n<\/style>\n<div  class='avia-image-container av-6ut4c-d088d31fd71d568619f9835a9d3ea76a av-styling- avia-align-center  avia-builder-el-7  avia-builder-el-no-sibling '   itemprop=\"image\" itemscope=\"itemscope\" itemtype=\"https:\/\/schema.org\/ImageObject\" ><div class=\"avia-image-container-inner\"><div class=\"avia-image-overlay-wrap\"><img decoding=\"async\" fetchpriority=\"high\" class='wp-image-352149 avia-img-lazy-loading-not-352149 avia_image ' src=\"https:\/\/elten.com\/wp-content\/uploads\/2023\/10\/Sander-XXT_Reflektion-300x180.jpg\" alt='Sander-XXT_Reflektion' title='Sander-XXT_Reflektion'  height=\"180\" width=\"300\"  itemprop=\"thumbnailUrl\" srcset=\"https:\/\/elten.com\/wp-content\/uploads\/2023\/10\/Sander-XXT_Reflektion-300x180.jpg 300w, https:\/\/elten.com\/wp-content\/uploads\/2023\/10\/Sander-XXT_Reflektion.jpg 500w\" sizes=\"(max-width: 300px) 100vw, 300px\" \/><\/div><\/div><\/div><\/div>\n<div  class='hr av-1tcayk-f709ca082927d0bf3475c6d0ceb6aa02 hr-big  avia-builder-el-8  el_after_av_one_half  el_before_av_one_full '><span class='hr-inner '><span class=\"hr-inner-style\"><\/span><\/span><\/div>\n<div  class='flex_column av-1jsj6s-7e8e9ffcb2f0b02a1aa084bc44ed563d av_one_full  avia-builder-el-9  el_after_av_hr  el_before_av_one_half  first flex_column_div av-animated-generic fade-in  '     ><p>\n<style type=\"text\/css\" data-created_by=\"avia_inline_auto\" id=\"style-css-av-lmomr4m7-ef902f52afaee33257c16508c35db14e\">\n#top .av-special-heading.av-lmomr4m7-ef902f52afaee33257c16508c35db14e{\npadding-bottom:10px;\n}\nbody .av-special-heading.av-lmomr4m7-ef902f52afaee33257c16508c35db14e .av-special-heading-tag .heading-char{\nfont-size:25px;\n}\n.av-special-heading.av-lmomr4m7-ef902f52afaee33257c16508c35db14e .av-subheading{\nfont-size:15px;\n}\n<\/style>\n<div  class='av-special-heading av-lmomr4m7-ef902f52afaee33257c16508c35db14e av-special-heading-h2 blockquote modern-quote  avia-builder-el-10  el_before_av_heading  avia-builder-el-first '><h2 class='av-special-heading-tag'  itemprop=\"headline\"  >ESD<\/h2><div class=\"special-heading-border\"><div class=\"special-heading-inner-border\"><\/div><\/div><\/div><br \/>\n\n<style type=\"text\/css\" data-created_by=\"avia_inline_auto\" id=\"style-css-av-lmomrquq-5fd6eb47c14835dc3f990f15d10729e7\">\n#top .av-special-heading.av-lmomrquq-5fd6eb47c14835dc3f990f15d10729e7{\npadding-bottom:10px;\n}\nbody .av-special-heading.av-lmomrquq-5fd6eb47c14835dc3f990f15d10729e7 .av-special-heading-tag .heading-char{\nfont-size:25px;\n}\n.av-special-heading.av-lmomrquq-5fd6eb47c14835dc3f990f15d10729e7 .av-subheading{\nfont-size:15px;\n}\n<\/style>\n<div  class='av-special-heading av-lmomrquq-5fd6eb47c14835dc3f990f15d10729e7 av-special-heading-h3 blockquote modern-quote  avia-builder-el-11  el_after_av_heading  el_before_av_textblock '><h3 class='av-special-heading-tag'  itemprop=\"headline\"  >ESD ER IKKE ESD<\/h3><div class=\"special-heading-border\"><div class=\"special-heading-inner-border\"><\/div><\/div><\/div><br \/>\n<section  class='av_textblock_section av-lmomrz4s-e01c3e915d5b01516c45ac670363f63e '   itemscope=\"itemscope\" itemtype=\"https:\/\/schema.org\/CreativeWork\" ><div class='avia_textblock'  itemprop=\"text\" ><p>Man skal bruge ESD-sko, n\u00e5r det er n\u00f8dvendigt at aflade elektrostatiske ladninger p\u00e5 en kontrolleret m\u00e5de, gennem skoen. Dermed beskytter ESD-testede sikkerheds- og arbejdssko ikke bare mennesker. De passer ogs\u00e5 p\u00e5 elektrostatisk f\u00f8lsomme komponenter og enheder.<\/p>\n<\/div><\/section><\/p><\/div>\n<div  class='flex_column av-1h2h3g-57516ba8490f2ced59bf7155fc7b7d5e av_one_half  avia-builder-el-13  el_after_av_one_full  el_before_av_one_half  first flex_column_div  column-top-margin'     ><p>\n<style type=\"text\/css\" data-created_by=\"avia_inline_auto\" id=\"style-css-av-lmoms8to-4126b3a9874c73a9b47dad948bf57cf6\">\n#top .av-special-heading.av-lmoms8to-4126b3a9874c73a9b47dad948bf57cf6{\npadding-bottom:10px;\n}\nbody .av-special-heading.av-lmoms8to-4126b3a9874c73a9b47dad948bf57cf6 .av-special-heading-tag .heading-char{\nfont-size:25px;\n}\n.av-special-heading.av-lmoms8to-4126b3a9874c73a9b47dad948bf57cf6 .av-subheading{\nfont-size:15px;\n}\n<\/style>\n<div  class='av-special-heading av-lmoms8to-4126b3a9874c73a9b47dad948bf57cf6 av-special-heading-h3 blockquote modern-quote  avia-builder-el-14  el_before_av_textblock  avia-builder-el-first '><h3 class='av-special-heading-tag'  itemprop=\"headline\"  >DE RELEVANTE STANDARDER FOR ESD-FODT\u00d8J ER:<\/h3><div class=\"special-heading-border\"><div class=\"special-heading-inner-border\"><\/div><\/div><\/div><br \/>\n<section  class='av_textblock_section av-lmomsoy8-cb1a52c62585e996a26347886286a152 '   itemscope=\"itemscope\" itemtype=\"https:\/\/schema.org\/CreativeWork\" ><div class='avia_textblock'  itemprop=\"text\" ><p>DIN EN IEC 61340-4-3 \u201cStandardpr\u00f8vningsmetoder for s\u00e6rlige anvendelser; Fodt\u00f8j &#8220;.<br \/>\nHer m\u00e5ler man kun skoenes elektriske gennemgangsmodstand. Det g\u00f8res ved hj\u00e6lp af en kuglefyldning. Skoene fyldes alts\u00e5 med metalkugler under m\u00e5lingen. Med denne testmetode, skal man overholde en maksimal gr\u00e6nsev\u00e6rdi p\u00e5 100 M\u03a9 (10<sup>8<\/sup> \u03a9). Inden fodt\u00f8jet testes, klimatiseres skoene med en maksimal relativ fugtighed p\u00e5 15%. Det sikrer, at ELTENs ESD-sko tilbyder et h\u00f8jt niveau af beskyttelse mod u\u00f8nskede, elektrostatiske f\u00e6nomener, selv under vanskelige klimatiske forhold, som dem, der kan forekomme i vinterhalv\u00e5ret.<\/p>\n<\/div><\/section><br \/>\n<section  class='av_textblock_section av-lmomzzlh-a4bd9a2125b67280b8fe417a41d226b1 '   itemscope=\"itemscope\" itemtype=\"https:\/\/schema.org\/CreativeWork\" ><div class='avia_textblock'  itemprop=\"text\" ><p>DIN EN 61340-5-1 &#8220;Beskyttelse af elektroniske komponenter mod elektrostatiske f\u00e6nomener&#8221;.<br \/>\nDenne standard angiver de generelle krav til et ESD-kontrolprogram. Siden den sidste revision af denne standard, i 2017, anbefaler man en maksimal gr\u00e6nsev\u00e6rdi p\u00e5 100 M\u03a9 (10<sup>8<\/sup>\u00a0\u03a9). Derudover overholder alle ELTENs ESD-sko en strengere gr\u00e6nsev\u00e6rdi, fra den tidligere version af standarden p\u00e5 35 M\u03a9.<\/p>\n<\/div><\/section><\/p><\/div><div  class='flex_column av-17lc8c-503705306d360c443ddf980d22f09ac9 av_one_half  avia-builder-el-17  el_after_av_one_half  avia-builder-el-last  flex_column_div  column-top-margin'     ><p>\n<style type=\"text\/css\" data-created_by=\"avia_inline_auto\" id=\"style-css-av-lmon1ou1-4c77cc9fdaba743d77d1e5926e5bec79\">\n#top .hr.hr-invisible.av-lmon1ou1-4c77cc9fdaba743d77d1e5926e5bec79{\nheight:38px;\n}\n<\/style>\n<div  class='hr av-lmon1ou1-4c77cc9fdaba743d77d1e5926e5bec79 hr-invisible  avia-builder-el-18  el_before_av_image  avia-builder-el-first  av-small-hide av-mini-hide'><span class='hr-inner '><span class=\"hr-inner-style\"><\/span><\/span><\/div><br \/>\n\n<style type=\"text\/css\" data-created_by=\"avia_inline_auto\" id=\"style-css-av-lmomvchx-564c95ff9aade6777963604f8023f69a\">\n.avia-image-container.av-lmomvchx-564c95ff9aade6777963604f8023f69a img.avia_image{\nbox-shadow:none;\n}\n.avia-image-container.av-lmomvchx-564c95ff9aade6777963604f8023f69a .av-image-caption-overlay-center{\ncolor:#ffffff;\n}\n<\/style>\n<div  class='avia-image-container av-lmomvchx-564c95ff9aade6777963604f8023f69a av-styling-no-styling avia-align-center  avia-builder-el-19  el_after_av_hr  avia-builder-el-last '   itemprop=\"image\" itemscope=\"itemscope\" itemtype=\"https:\/\/schema.org\/ImageObject\" ><div class=\"avia-image-container-inner\"><div class=\"avia-image-overlay-wrap\"><img decoding=\"async\" fetchpriority=\"high\" class='wp-image-354749 avia-img-lazy-loading-not-354749 avia_image ' src=\"https:\/\/elten.com\/wp-content\/uploads\/2023\/10\/Grafik_ESD_4C_DK.png\" alt='Grafik_ESD_4C_DK' title='Grafik_ESD_4C_DK'  height=\"267\" width=\"770\"  itemprop=\"thumbnailUrl\" srcset=\"https:\/\/elten.com\/wp-content\/uploads\/2023\/10\/Grafik_ESD_4C_DK.png 770w, https:\/\/elten.com\/wp-content\/uploads\/2023\/10\/Grafik_ESD_4C_DK-300x104.png 300w, https:\/\/elten.com\/wp-content\/uploads\/2023\/10\/Grafik_ESD_4C_DK-768x266.png 768w, https:\/\/elten.com\/wp-content\/uploads\/2023\/10\/Grafik_ESD_4C_DK-705x244.png 705w\" sizes=\"(max-width: 770px) 100vw, 770px\" \/><\/div><\/div><\/div><\/p><\/div><\/p>\n","protected":false},"excerpt":{"rendered":"","protected":false},"author":7,"featured_media":0,"parent":354152,"menu_order":70,"comment_status":"closed","ping_status":"closed","template":"","meta":{"footnotes":""},"categories":[508],"tags":[],"class_list":["post-354743","page","type-page","status-publish","hentry","category-technologie-da"],"yoast_head":"<!-- This site is optimized with the Yoast SEO Premium plugin v21.9 (Yoast SEO v21.9.1) - https:\/\/yoast.com\/wordpress\/plugins\/seo\/ -->\n<title>Endnu st\u00f8rre sikkerhed - ELTEN GmbH<\/title>\n<meta name=\"robots\" content=\"index, follow, max-snippet:-1, max-image-preview:large, max-video-preview:-1\" \/>\n<link rel=\"canonical\" href=\"https:\/\/elten.com\/da\/teknologi\/endnu-stoerre-sikkerhed\/\" \/>\n<meta property=\"og:locale\" content=\"da_DK\" \/>\n<meta property=\"og:type\" content=\"article\" \/>\n<meta property=\"og:title\" content=\"Endnu st\u00f8rre sikkerhed\" \/>\n<meta property=\"og:url\" content=\"https:\/\/elten.com\/da\/teknologi\/endnu-stoerre-sikkerhed\/\" \/>\n<meta property=\"og:site_name\" content=\"ELTEN GmbH\" \/>\n<meta property=\"article:modified_time\" content=\"2024-10-08T11:39:26+00:00\" \/>\n<meta name=\"twitter:card\" content=\"summary_large_image\" \/>\n<meta name=\"twitter:label1\" content=\"Estimeret l\u00e6setid\" \/>\n\t<meta name=\"twitter:data1\" content=\"2 minutter\" \/>\n<script type=\"application\/ld+json\" class=\"yoast-schema-graph\">{\"@context\":\"https:\/\/schema.org\",\"@graph\":[{\"@type\":\"WebPage\",\"@id\":\"https:\/\/elten.com\/da\/teknologi\/endnu-stoerre-sikkerhed\/\",\"url\":\"https:\/\/elten.com\/da\/teknologi\/endnu-stoerre-sikkerhed\/\",\"name\":\"Endnu st\u00f8rre sikkerhed - ELTEN GmbH\",\"isPartOf\":{\"@id\":\"https:\/\/elten.com\/da\/#website\"},\"datePublished\":\"2023-10-23T06:59:09+00:00\",\"dateModified\":\"2024-10-08T11:39:26+00:00\",\"breadcrumb\":{\"@id\":\"https:\/\/elten.com\/da\/teknologi\/endnu-stoerre-sikkerhed\/#breadcrumb\"},\"inLanguage\":\"da-DK\",\"potentialAction\":[{\"@type\":\"ReadAction\",\"target\":[\"https:\/\/elten.com\/da\/teknologi\/endnu-stoerre-sikkerhed\/\"]}]},{\"@type\":\"BreadcrumbList\",\"@id\":\"https:\/\/elten.com\/da\/teknologi\/endnu-stoerre-sikkerhed\/#breadcrumb\",\"itemListElement\":[{\"@type\":\"ListItem\",\"position\":1,\"name\":\"Startseite\",\"item\":\"https:\/\/elten.com\/da\/\"},{\"@type\":\"ListItem\",\"position\":2,\"name\":\"Teknologi\",\"item\":\"https:\/\/elten.com\/da\/teknologi\/\"},{\"@type\":\"ListItem\",\"position\":3,\"name\":\"Endnu st\u00f8rre sikkerhed\"}]},{\"@type\":\"WebSite\",\"@id\":\"https:\/\/elten.com\/da\/#website\",\"url\":\"https:\/\/elten.com\/da\/\",\"name\":\"ELTEN GmbH\",\"description\":\"Sicherheitsschuhe | Arbeitsschuhe | LOWA WORK COLLECTION | ELTEN GmbH\",\"potentialAction\":[{\"@type\":\"SearchAction\",\"target\":{\"@type\":\"EntryPoint\",\"urlTemplate\":\"https:\/\/elten.com\/da\/?s={search_term_string}\"},\"query-input\":\"required name=search_term_string\"}],\"inLanguage\":\"da-DK\"}]}<\/script>\n<!-- \/ Yoast SEO Premium plugin. -->","yoast_head_json":{"title":"Endnu st\u00f8rre sikkerhed - ELTEN GmbH","robots":{"index":"index","follow":"follow","max-snippet":"max-snippet:-1","max-image-preview":"max-image-preview:large","max-video-preview":"max-video-preview:-1"},"canonical":"https:\/\/elten.com\/da\/teknologi\/endnu-stoerre-sikkerhed\/","og_locale":"da_DK","og_type":"article","og_title":"Endnu st\u00f8rre sikkerhed","og_url":"https:\/\/elten.com\/da\/teknologi\/endnu-stoerre-sikkerhed\/","og_site_name":"ELTEN GmbH","article_modified_time":"2024-10-08T11:39:26+00:00","twitter_card":"summary_large_image","twitter_misc":{"Estimeret l\u00e6setid":"2 minutter"},"schema":{"@context":"https:\/\/schema.org","@graph":[{"@type":"WebPage","@id":"https:\/\/elten.com\/da\/teknologi\/endnu-stoerre-sikkerhed\/","url":"https:\/\/elten.com\/da\/teknologi\/endnu-stoerre-sikkerhed\/","name":"Endnu st\u00f8rre sikkerhed - ELTEN GmbH","isPartOf":{"@id":"https:\/\/elten.com\/da\/#website"},"datePublished":"2023-10-23T06:59:09+00:00","dateModified":"2024-10-08T11:39:26+00:00","breadcrumb":{"@id":"https:\/\/elten.com\/da\/teknologi\/endnu-stoerre-sikkerhed\/#breadcrumb"},"inLanguage":"da-DK","potentialAction":[{"@type":"ReadAction","target":["https:\/\/elten.com\/da\/teknologi\/endnu-stoerre-sikkerhed\/"]}]},{"@type":"BreadcrumbList","@id":"https:\/\/elten.com\/da\/teknologi\/endnu-stoerre-sikkerhed\/#breadcrumb","itemListElement":[{"@type":"ListItem","position":1,"name":"Startseite","item":"https:\/\/elten.com\/da\/"},{"@type":"ListItem","position":2,"name":"Teknologi","item":"https:\/\/elten.com\/da\/teknologi\/"},{"@type":"ListItem","position":3,"name":"Endnu st\u00f8rre sikkerhed"}]},{"@type":"WebSite","@id":"https:\/\/elten.com\/da\/#website","url":"https:\/\/elten.com\/da\/","name":"ELTEN GmbH","description":"Sicherheitsschuhe | Arbeitsschuhe | LOWA WORK COLLECTION | ELTEN GmbH","potentialAction":[{"@type":"SearchAction","target":{"@type":"EntryPoint","urlTemplate":"https:\/\/elten.com\/da\/?s={search_term_string}"},"query-input":"required name=search_term_string"}],"inLanguage":"da-DK"}]}},"_links":{"self":[{"href":"https:\/\/elten.com\/da\/wp-json\/wp\/v2\/pages\/354743","targetHints":{"allow":["GET"]}}],"collection":[{"href":"https:\/\/elten.com\/da\/wp-json\/wp\/v2\/pages"}],"about":[{"href":"https:\/\/elten.com\/da\/wp-json\/wp\/v2\/types\/page"}],"author":[{"embeddable":true,"href":"https:\/\/elten.com\/da\/wp-json\/wp\/v2\/users\/7"}],"replies":[{"embeddable":true,"href":"https:\/\/elten.com\/da\/wp-json\/wp\/v2\/comments?post=354743"}],"version-history":[{"count":3,"href":"https:\/\/elten.com\/da\/wp-json\/wp\/v2\/pages\/354743\/revisions"}],"predecessor-version":[{"id":388472,"href":"https:\/\/elten.com\/da\/wp-json\/wp\/v2\/pages\/354743\/revisions\/388472"}],"up":[{"embeddable":true,"href":"https:\/\/elten.com\/da\/wp-json\/wp\/v2\/pages\/354152"}],"wp:attachment":[{"href":"https:\/\/elten.com\/da\/wp-json\/wp\/v2\/media?parent=354743"}],"wp:term":[{"taxonomy":"category","embeddable":true,"href":"https:\/\/elten.com\/da\/wp-json\/wp\/v2\/categories?post=354743"},{"taxonomy":"post_tag","embeddable":true,"href":"https:\/\/elten.com\/da\/wp-json\/wp\/v2\/tags?post=354743"}],"curies":[{"name":"wp","href":"https:\/\/api.w.org\/{rel}","templated":true}]}}