{"id":365202,"date":"2023-12-20T14:30:50","date_gmt":"2023-12-20T13:30:50","guid":{"rendered":"https:\/\/elten.com\/?page_id=365202"},"modified":"2024-09-20T11:07:15","modified_gmt":"2024-09-20T09:07:15","slug":"iso-certifikater","status":"publish","type":"page","link":"https:\/\/elten.com\/da\/iso-certifikater\/","title":{"rendered":"ISO-certifikater"},"content":{"rendered":"<div  class='flex_column av-f3smk9o-1d71300713f2706e551446d4aad87262 av_one_full  avia-builder-el-0  el_before_av_one_full  avia-builder-el-first  first flex_column_div  '     ><p>\n<style type=\"text\/css\" data-created_by=\"avia_inline_auto\" id=\"style-css-av-lmac3q7c-79b3d86a5f3f4e6b794725b3bde3f8fd\">\n#top .av-special-heading.av-lmac3q7c-79b3d86a5f3f4e6b794725b3bde3f8fd{\npadding-bottom:10px;\n}\nbody .av-special-heading.av-lmac3q7c-79b3d86a5f3f4e6b794725b3bde3f8fd .av-special-heading-tag .heading-char{\nfont-size:25px;\n}\n.av-special-heading.av-lmac3q7c-79b3d86a5f3f4e6b794725b3bde3f8fd .av-subheading{\nfont-size:15px;\n}\n<\/style>\n<div  class='av-special-heading av-lmac3q7c-79b3d86a5f3f4e6b794725b3bde3f8fd av-special-heading-h2  avia-builder-el-1  el_before_av_textblock  avia-builder-el-first  el-no-float'><h2 class='av-special-heading-tag'  itemprop=\"headline\"  >ISO-certifikater 9001 og 14001<\/h2><div class=\"special-heading-border\"><div class=\"special-heading-inner-border\"><\/div><\/div><\/div><br \/>\n<section  class='av_textblock_section av-lmac5spc-314c0d1d16f3a65ca4fcf888098b81e2 '   itemscope=\"itemscope\" itemtype=\"https:\/\/schema.org\/CreativeWork\" ><div class='avia_textblock'  itemprop=\"text\" ><p>Elten GmbH fokuserer p\u00e5 menneskers behov og tilbyder dem sikkerhed og komfort p\u00e5 arbejdet gennem fodbeskyttelse af fremragende kvalitet. Vi f\u00f8ler os ogs\u00e5 forpligtede over for \u00f8kologiske aspekter og en sk\u00e5nsom behandling af milj\u00f8et og dets ressourcer.<br \/>\nVed at vedligeholde vores certificerede ledelsessystemer i henhold til DIN EN ISO 9001 (Kvalitet) og DIN EN ISO 14001 (Milj\u00f8) fremmer vi den l\u00f8bende forbedring af vores interne processer til fremstilling af produkter af h\u00f8j kvalitet, levering af kundeorienterede tjenesteydelser og optimering af vores milj\u00f8aspekter og deres indvirkning p\u00e5 milj\u00f8et.<\/p>\n<\/div><\/section><\/p><\/div>\n<div  class='flex_column av-6841kt8-fb57e77fc6809df5e58643b47b0bd7d9 av_one_full  avia-builder-el-3  el_after_av_one_full  avia-builder-el-last  first flex_column_div  column-top-margin'     ><form action=\"https:\/\/elten.com\/da\/iso-certifikater\/\" method=\"post\" data-fields-with-error=\"Found errors in the following field(s):\" class=\"avia_ajax_form av-form-labels-visible   avia-builder-el-4  avia-builder-el-no-sibling   \" data-avia-form-id=\"1\" data-avia-redirect='https:\/\/elten.com\/da\/iso-certifikater\/iso-certifikater-download\/' ><h3 class=''>Download ISO-certifikater nu<\/h3><fieldset><p class='  first_form  form_element form_element_third' id='element_avia_1_1'><label for=\"avia_1_1\">Titel <abbr class=\"required\" title=\"required\">*<\/abbr><\/label> <input name=\"avia_1_1\" class=\"text_input is_empty\" type=\"text\" id=\"avia_1_1\" value=\"\" \/><\/p><p class='  form_element form_element_third' id='element_avia_2_1'><label for=\"avia_2_1\">Fornavn <abbr class=\"required\" title=\"required\">*<\/abbr><\/label> <input name=\"avia_2_1\" class=\"text_input is_empty\" type=\"text\" id=\"avia_2_1\" value=\"\" \/><\/p><p class='  form_element form_element_third' id='element_avia_3_1'><label for=\"avia_3_1\">Efternavn <abbr class=\"required\" title=\"required\">*<\/abbr><\/label> <input name=\"avia_3_1\" class=\"text_input is_empty\" type=\"text\" id=\"avia_3_1\" value=\"\" \/><\/p><p class='  first_form  form_element form_element_half' id='element_avia_4_1'><label for=\"avia_4_1\">Virksomhed <abbr class=\"required\" title=\"required\">*<\/abbr><\/label> <input name=\"avia_4_1\" class=\"text_input is_empty\" type=\"text\" id=\"avia_4_1\" value=\"\" \/><\/p><p class='  form_element form_element_half' id='element_avia_5_1'><label for=\"avia_5_1\">Virksomhedsst\u00f8rrelse <abbr class=\"required\" title=\"required\">*<\/abbr><\/label><select  name=\"avia_5_1\" class=\"select is_empty\" id=\"avia_5_1\"><option  selected=\"selected\" value=''><\/option><option   value='&lt; 50 employees'>&lt; 50 employees<\/option><option   value='51 - 500 employees'>51 - 500 employees<\/option><option   value='501 - 1500 employees'>501 - 1500 employees<\/option><option   value='&gt;1500 employees'>&gt;1500 employees<\/option><\/select><\/p><p class='  first_form  form_element form_element_half' id='element_avia_6_1'><label for=\"avia_6_1\">Position <abbr class=\"required\" title=\"required\">*<\/abbr><\/label> <input name=\"avia_6_1\" class=\"text_input is_empty\" type=\"text\" id=\"avia_6_1\" value=\"\" \/><\/p><p class='  form_element form_element_half' id='element_avia_7_1'><label for=\"avia_7_1\">Branche <abbr class=\"required\" title=\"required\">*<\/abbr><\/label> <input name=\"avia_7_1\" class=\"text_input is_empty\" type=\"text\" id=\"avia_7_1\" value=\"\" \/><\/p><p class='  first_form  form_element form_element_half' id='element_avia_8_1'><label for=\"avia_8_1\">E-mail <abbr class=\"required\" title=\"required\">*<\/abbr><\/label> <input name=\"avia_8_1\" class=\"text_input is_email\" type=\"text\" id=\"avia_8_1\" value=\"\" \/><\/p><div id='avia_9_1' class='av-form-text'><p>\nJeg er indforst\u00e5et med, at ELTEN GmbH m\u00e5 benytte de oplysninger, jeg har angivet, til at optage kontakt og til at kontakte mig pr. e-mail, indtil jeg tilbagekalder mit samtykke. Jeg kan til enhver tid tilbagekalde dette samtykke fra ELTEN GmbH, ogs\u00e5 delvist, via e-mail til <a href=\"mailto:service@elten.com\">service@elten.com<\/a> eller pr. post til ELTEN GmbH, Ostwall 7 \u2013 13, DE-47589 Uedem. Jeg har l\u00e6st meddelelsen om <a href=\"https:\/\/elten.com\/da\/home\/databeskyttelse\/\">databeskyttelse<\/a> og accepterer den.<\/p>\n<\/div><p class='  first_form  form_element form_fullwidth' id='element_avia_10_1'><input  name=\"avia_10_1\" class=\"input_checkbox is_empty\" type=\"checkbox\" id=\"avia_10_1\" value=\"true\"\/><label class=\"input_checkbox_label\" for=\"avia_10_1\">Meddelelse om databeskyttelsesmeddelelse l\u00e6st og accepteret <abbr class=\"required\" title=\"required\">*<\/abbr><\/label><\/p><p class=\"hidden\"><input type=\"text\" name=\"avia_11_1\" class=\"hidden \" id=\"avia_11_1\" value=\"\" \/><\/p><div id='avia_12_1' class='av-recaptcha-area  first_form  form_element form_fullwidth '  data-container_class=\"\" data-custom_class=\"\" data-context=\"av_contact_form\" data-token_input=\"av_recaptcha_token\" data-version=\"avia_recaptcha_v3\" data-theme=\"light\" data-size=\"normal\" data-score=\"0.5\" data-text_to_preview=\"\" data-value=\"\"><div class=\"av-google-badge-message hidden\">This site is protected by reCAPTCHA and the Google <a href=\"https:\/\/policies.google.com\/privacy\">Privacy Policy<\/a> and <a href=\"https:\/\/policies.google.com\/terms\">Terms of Service<\/a> apply.<\/div><\/div><p class=\"form_element \"><input type=\"hidden\" value=\"1\" name=\"avia_generated_form1\" \/><input type=\"submit\" value=\"ANMOD OM PDF\" class=\"button\"  data-sending-label=\"Sending\"\/><\/p><\/fieldset><div class=\"avia-disabled-form\">This contact form is deactivated because you refused to accept Google reCaptcha service which is necessary to validate any messages sent by the form.<\/div><\/form><div id=\"ajaxresponse_1\" class=\"ajaxresponse ajaxresponse_1 hidden\"><\/div><\/div>\n","protected":false},"excerpt":{"rendered":"","protected":false},"author":2,"featured_media":0,"parent":0,"menu_order":0,"comment_status":"closed","ping_status":"closed","template":"","meta":{"footnotes":""},"categories":[5692],"tags":[],"class_list":["post-365202","page","type-page","status-publish","hentry","category-zertifikate-da"],"yoast_head":"<!-- This site is optimized with the Yoast SEO Premium plugin v21.9 (Yoast SEO v21.9.1) - https:\/\/yoast.com\/wordpress\/plugins\/seo\/ -->\n<title>ISO-certifikater - ELTEN GmbH<\/title>\n<meta name=\"robots\" content=\"index, nofollow, max-snippet:-1, max-image-preview:large, max-video-preview:-1\" \/>\n<link rel=\"canonical\" href=\"https:\/\/elten.com\/da\/iso-certifikater\/\" \/>\n<meta property=\"og:locale\" content=\"da_DK\" \/>\n<meta property=\"og:type\" content=\"article\" \/>\n<meta property=\"og:title\" content=\"ISO-certifikater\" \/>\n<meta property=\"og:url\" content=\"https:\/\/elten.com\/da\/iso-certifikater\/\" \/>\n<meta property=\"og:site_name\" content=\"ELTEN GmbH\" \/>\n<meta property=\"article:modified_time\" content=\"2024-09-20T09:07:15+00:00\" \/>\n<meta name=\"twitter:card\" content=\"summary_large_image\" \/>\n<meta name=\"twitter:label1\" content=\"Estimeret l\u00e6setid\" \/>\n\t<meta name=\"twitter:data1\" content=\"2 minutter\" \/>\n<script type=\"application\/ld+json\" class=\"yoast-schema-graph\">{\"@context\":\"https:\/\/schema.org\",\"@graph\":[{\"@type\":\"WebPage\",\"@id\":\"https:\/\/elten.com\/da\/iso-certifikater\/\",\"url\":\"https:\/\/elten.com\/da\/iso-certifikater\/\",\"name\":\"ISO-certifikater - ELTEN GmbH\",\"isPartOf\":{\"@id\":\"https:\/\/elten.com\/da\/#website\"},\"datePublished\":\"2023-12-20T13:30:50+00:00\",\"dateModified\":\"2024-09-20T09:07:15+00:00\",\"breadcrumb\":{\"@id\":\"https:\/\/elten.com\/da\/iso-certifikater\/#breadcrumb\"},\"inLanguage\":\"da-DK\",\"potentialAction\":[{\"@type\":\"ReadAction\",\"target\":[\"https:\/\/elten.com\/da\/iso-certifikater\/\"]}]},{\"@type\":\"BreadcrumbList\",\"@id\":\"https:\/\/elten.com\/da\/iso-certifikater\/#breadcrumb\",\"itemListElement\":[{\"@type\":\"ListItem\",\"position\":1,\"name\":\"Startseite\",\"item\":\"https:\/\/elten.com\/da\/\"},{\"@type\":\"ListItem\",\"position\":2,\"name\":\"ISO-certifikater\"}]},{\"@type\":\"WebSite\",\"@id\":\"https:\/\/elten.com\/da\/#website\",\"url\":\"https:\/\/elten.com\/da\/\",\"name\":\"ELTEN GmbH\",\"description\":\"Sicherheitsschuhe | Arbeitsschuhe | LOWA WORK COLLECTION | ELTEN GmbH\",\"potentialAction\":[{\"@type\":\"SearchAction\",\"target\":{\"@type\":\"EntryPoint\",\"urlTemplate\":\"https:\/\/elten.com\/da\/?s={search_term_string}\"},\"query-input\":\"required name=search_term_string\"}],\"inLanguage\":\"da-DK\"}]}<\/script>\n<!-- \/ Yoast SEO Premium plugin. -->","yoast_head_json":{"title":"ISO-certifikater - ELTEN GmbH","robots":{"index":"index","follow":"nofollow","max-snippet":"max-snippet:-1","max-image-preview":"max-image-preview:large","max-video-preview":"max-video-preview:-1"},"canonical":"https:\/\/elten.com\/da\/iso-certifikater\/","og_locale":"da_DK","og_type":"article","og_title":"ISO-certifikater","og_url":"https:\/\/elten.com\/da\/iso-certifikater\/","og_site_name":"ELTEN GmbH","article_modified_time":"2024-09-20T09:07:15+00:00","twitter_card":"summary_large_image","twitter_misc":{"Estimeret l\u00e6setid":"2 minutter"},"schema":{"@context":"https:\/\/schema.org","@graph":[{"@type":"WebPage","@id":"https:\/\/elten.com\/da\/iso-certifikater\/","url":"https:\/\/elten.com\/da\/iso-certifikater\/","name":"ISO-certifikater - ELTEN GmbH","isPartOf":{"@id":"https:\/\/elten.com\/da\/#website"},"datePublished":"2023-12-20T13:30:50+00:00","dateModified":"2024-09-20T09:07:15+00:00","breadcrumb":{"@id":"https:\/\/elten.com\/da\/iso-certifikater\/#breadcrumb"},"inLanguage":"da-DK","potentialAction":[{"@type":"ReadAction","target":["https:\/\/elten.com\/da\/iso-certifikater\/"]}]},{"@type":"BreadcrumbList","@id":"https:\/\/elten.com\/da\/iso-certifikater\/#breadcrumb","itemListElement":[{"@type":"ListItem","position":1,"name":"Startseite","item":"https:\/\/elten.com\/da\/"},{"@type":"ListItem","position":2,"name":"ISO-certifikater"}]},{"@type":"WebSite","@id":"https:\/\/elten.com\/da\/#website","url":"https:\/\/elten.com\/da\/","name":"ELTEN GmbH","description":"Sicherheitsschuhe | Arbeitsschuhe | LOWA WORK COLLECTION | ELTEN GmbH","potentialAction":[{"@type":"SearchAction","target":{"@type":"EntryPoint","urlTemplate":"https:\/\/elten.com\/da\/?s={search_term_string}"},"query-input":"required name=search_term_string"}],"inLanguage":"da-DK"}]}},"_links":{"self":[{"href":"https:\/\/elten.com\/da\/wp-json\/wp\/v2\/pages\/365202","targetHints":{"allow":["GET"]}}],"collection":[{"href":"https:\/\/elten.com\/da\/wp-json\/wp\/v2\/pages"}],"about":[{"href":"https:\/\/elten.com\/da\/wp-json\/wp\/v2\/types\/page"}],"author":[{"embeddable":true,"href":"https:\/\/elten.com\/da\/wp-json\/wp\/v2\/users\/2"}],"replies":[{"embeddable":true,"href":"https:\/\/elten.com\/da\/wp-json\/wp\/v2\/comments?post=365202"}],"version-history":[{"count":3,"href":"https:\/\/elten.com\/da\/wp-json\/wp\/v2\/pages\/365202\/revisions"}],"predecessor-version":[{"id":387107,"href":"https:\/\/elten.com\/da\/wp-json\/wp\/v2\/pages\/365202\/revisions\/387107"}],"wp:attachment":[{"href":"https:\/\/elten.com\/da\/wp-json\/wp\/v2\/media?parent=365202"}],"wp:term":[{"taxonomy":"category","embeddable":true,"href":"https:\/\/elten.com\/da\/wp-json\/wp\/v2\/categories?post=365202"},{"taxonomy":"post_tag","embeddable":true,"href":"https:\/\/elten.com\/da\/wp-json\/wp\/v2\/tags?post=365202"}],"curies":[{"name":"wp","href":"https:\/\/api.w.org\/{rel}","templated":true}]}}