{"id":402262,"date":"2025-08-27T13:23:29","date_gmt":"2025-08-27T11:23:29","guid":{"rendered":"https:\/\/elten.com\/?page_id=402262"},"modified":"2025-08-27T13:23:29","modified_gmt":"2025-08-27T11:23:29","slug":"reparationsservice-fra-elten","status":"publish","type":"page","link":"https:\/\/elten.com\/da\/reparationsservice-fra-elten\/","title":{"rendered":"Reparationsservice fra ELTEN"},"content":{"rendered":"\n<style type=\"text\/css\" data-created_by=\"avia_inline_auto\" id=\"style-css-av-lmomkxon-36d44cfbb95305cf10194279dc09acb8\">\n#top .av-special-heading.av-lmomkxon-36d44cfbb95305cf10194279dc09acb8{\npadding-bottom:10px;\n}\nbody .av-special-heading.av-lmomkxon-36d44cfbb95305cf10194279dc09acb8 .av-special-heading-tag .heading-char{\nfont-size:25px;\n}\n.av-special-heading.av-lmomkxon-36d44cfbb95305cf10194279dc09acb8 .av-subheading{\nfont-size:15px;\n}\n<\/style>\n<div  class='av-special-heading av-lmomkxon-36d44cfbb95305cf10194279dc09acb8 av-special-heading-h2 blockquote modern-quote  avia-builder-el-0  el_before_av_textblock  avia-builder-el-first '><h2 class='av-special-heading-tag'  itemprop=\"headline\"  >Reparationsservice fra ELTEN GmbH &#8211; For din sikkerhed under brug<\/h2><div class=\"special-heading-border\"><div class=\"special-heading-inner-border\"><\/div><\/div><\/div>\n<section  class='av_textblock_section av-lmomn6yx-61fb9cf1341a37930c7af942f6c36e06 '   itemscope=\"itemscope\" itemtype=\"https:\/\/schema.org\/CreativeWork\" ><div class='avia_textblock'  itemprop=\"text\" ><p>Sikkerhed er vores h\u00f8jeste prioritet. Derfor skal din fodbeskyttelse til enhver tid opfylde kravene i PPE-forordningen og garantere din sikkerhed p\u00e5 en p\u00e5lidelig m\u00e5de. En reparation m\u00e5 ikke forringe skoens beskyttende funktion. I tilf\u00e6lde af kraftig slitage eller skader for\u00e5rsaget af ydre p\u00e5virkninger er reparation normalt ikke mulig &#8211; i s\u00e5danne tilf\u00e6lde anbefaler vi at erstatte produktet med et nyt.<\/p>\n<\/div><\/section>\n<div  class='flex_column av-2eanlg-14a0893c22ca23fc13571897f33e0154 av_one_full  avia-builder-el-2  el_after_av_textblock  el_before_av_hr  first flex_column_div av-animated-generic fade-in  column-top-margin'     ><p>\n<style type=\"text\/css\" data-created_by=\"avia_inline_auto\" id=\"style-css-av-lmompi9p-1385a9ebbc713daea149e85359c6ee43\">\n#top .av-special-heading.av-lmompi9p-1385a9ebbc713daea149e85359c6ee43{\npadding-bottom:10px;\n}\nbody .av-special-heading.av-lmompi9p-1385a9ebbc713daea149e85359c6ee43 .av-special-heading-tag .heading-char{\nfont-size:25px;\n}\n.av-special-heading.av-lmompi9p-1385a9ebbc713daea149e85359c6ee43 .av-subheading{\nfont-size:15px;\n}\n<\/style>\n<div  id=\"reflexmaterial\"  class='av-special-heading av-lmompi9p-1385a9ebbc713daea149e85359c6ee43 av-special-heading-h3 blockquote modern-quote  avia-builder-el-3  el_before_av_textblock  avia-builder-el-first '><h3 class='av-special-heading-tag'  itemprop=\"headline\"  >VORES REPARATIONSTILBUD<\/h3><div class=\"special-heading-border\"><div class=\"special-heading-inner-border\"><\/div><\/div><\/div><br \/>\n<section  class='av_textblock_section av-lmompt2s-b61b25786df5d1d2195733353c64303b '   itemscope=\"itemscope\" itemtype=\"https:\/\/schema.org\/CreativeWork\" ><div class='avia_textblock'  itemprop=\"text\" ><p><strong>Reparationss\u00e6t til mindre g\u00f8r-det-selv-reparationer<\/strong><\/p>\n<p>Vi tilbyder praktiske reparationss\u00e6t til enkle reparationer. P\u00e5 den m\u00e5de kan du selv udskifte<a href=\"https:\/\/elten.com\/da\/produktgrupper\/tilbehoer\/\"> sn\u00f8reb\u00e5nd, indl\u00e6gss\u00e5ler, lynl\u00e5se<\/a> osv. P\u00e5 vores hjemmeside kan du finde oplysninger om, hvordan du selv reparerer et <a href=\"https:\/\/elten.com\/da\/teknologi\/boa-fit-system\/\">BOA<sup>\u00ae<\/sup> Fit Systems<\/a>.<\/p>\n<p><strong>Professionelle reparationer udf\u00f8rt af vores team<\/strong><\/p>\n<p>Har du sp\u00f8rgsm\u00e5l om andre reparationsmuligheder? Vores serviceteam hj\u00e6lper dig gerne. Du skal blot kontakte os &#8211; s\u00e5 r\u00e5dgiver vi dig individuelt og kompetent.<\/p>\n<\/div><\/section><\/p><\/div>\n<style type=\"text\/css\" data-created_by=\"avia_inline_auto\" id=\"style-css-av-mcej6jyp-bc2690f0de6634259dc5821ae55cb48e\">\n#top .hr.hr-invisible.av-mcej6jyp-bc2690f0de6634259dc5821ae55cb48e{\nheight:150px;\n}\n<\/style>\n<div  class='hr av-mcej6jyp-bc2690f0de6634259dc5821ae55cb48e hr-invisible  avia-builder-el-5  el_after_av_one_full  avia-builder-el-last  av-small-hide av-mini-hide'><span class='hr-inner '><span class=\"hr-inner-style\"><\/span><\/span><\/div><\/p>\n","protected":false},"excerpt":{"rendered":"","protected":false},"author":2,"featured_media":0,"parent":0,"menu_order":70,"comment_status":"closed","ping_status":"closed","template":"","meta":{"footnotes":""},"categories":[508],"tags":[],"class_list":["post-402262","page","type-page","status-publish","hentry","category-technologie-da"],"yoast_head":"<!-- This site is optimized with the Yoast SEO Premium plugin v21.9 (Yoast SEO v21.9.1) - https:\/\/yoast.com\/wordpress\/plugins\/seo\/ -->\n<title>Reparationsservice fra ELTEN - ELTEN GmbH<\/title>\n<meta name=\"robots\" content=\"index, nofollow, max-snippet:-1, max-image-preview:large, max-video-preview:-1\" \/>\n<link rel=\"canonical\" href=\"https:\/\/elten.com\/da\/reparationsservice-fra-elten\/\" \/>\n<meta property=\"og:locale\" content=\"da_DK\" \/>\n<meta property=\"og:type\" content=\"article\" \/>\n<meta property=\"og:title\" content=\"Reparationsservice fra ELTEN\" \/>\n<meta property=\"og:url\" content=\"https:\/\/elten.com\/da\/reparationsservice-fra-elten\/\" \/>\n<meta property=\"og:site_name\" content=\"ELTEN GmbH\" \/>\n<meta name=\"twitter:card\" content=\"summary_large_image\" \/>\n<script type=\"application\/ld+json\" class=\"yoast-schema-graph\">{\"@context\":\"https:\/\/schema.org\",\"@graph\":[{\"@type\":\"WebPage\",\"@id\":\"https:\/\/elten.com\/da\/reparationsservice-fra-elten\/\",\"url\":\"https:\/\/elten.com\/da\/reparationsservice-fra-elten\/\",\"name\":\"Reparationsservice fra ELTEN - ELTEN GmbH\",\"isPartOf\":{\"@id\":\"https:\/\/elten.com\/da\/#website\"},\"datePublished\":\"2025-08-27T11:23:29+00:00\",\"dateModified\":\"2025-08-27T11:23:29+00:00\",\"breadcrumb\":{\"@id\":\"https:\/\/elten.com\/da\/reparationsservice-fra-elten\/#breadcrumb\"},\"inLanguage\":\"da-DK\",\"potentialAction\":[{\"@type\":\"ReadAction\",\"target\":[\"https:\/\/elten.com\/da\/reparationsservice-fra-elten\/\"]}]},{\"@type\":\"BreadcrumbList\",\"@id\":\"https:\/\/elten.com\/da\/reparationsservice-fra-elten\/#breadcrumb\",\"itemListElement\":[{\"@type\":\"ListItem\",\"position\":1,\"name\":\"Startseite\",\"item\":\"https:\/\/elten.com\/da\/\"},{\"@type\":\"ListItem\",\"position\":2,\"name\":\"Reparationsservice fra ELTEN\"}]},{\"@type\":\"WebSite\",\"@id\":\"https:\/\/elten.com\/da\/#website\",\"url\":\"https:\/\/elten.com\/da\/\",\"name\":\"ELTEN GmbH\",\"description\":\"Sicherheitsschuhe | Arbeitsschuhe | LOWA WORK COLLECTION | ELTEN GmbH\",\"potentialAction\":[{\"@type\":\"SearchAction\",\"target\":{\"@type\":\"EntryPoint\",\"urlTemplate\":\"https:\/\/elten.com\/da\/?s={search_term_string}\"},\"query-input\":\"required name=search_term_string\"}],\"inLanguage\":\"da-DK\"}]}<\/script>\n<!-- \/ Yoast SEO Premium plugin. -->","yoast_head_json":{"title":"Reparationsservice fra ELTEN - ELTEN GmbH","robots":{"index":"index","follow":"nofollow","max-snippet":"max-snippet:-1","max-image-preview":"max-image-preview:large","max-video-preview":"max-video-preview:-1"},"canonical":"https:\/\/elten.com\/da\/reparationsservice-fra-elten\/","og_locale":"da_DK","og_type":"article","og_title":"Reparationsservice fra ELTEN","og_url":"https:\/\/elten.com\/da\/reparationsservice-fra-elten\/","og_site_name":"ELTEN GmbH","twitter_card":"summary_large_image","schema":{"@context":"https:\/\/schema.org","@graph":[{"@type":"WebPage","@id":"https:\/\/elten.com\/da\/reparationsservice-fra-elten\/","url":"https:\/\/elten.com\/da\/reparationsservice-fra-elten\/","name":"Reparationsservice fra ELTEN - ELTEN GmbH","isPartOf":{"@id":"https:\/\/elten.com\/da\/#website"},"datePublished":"2025-08-27T11:23:29+00:00","dateModified":"2025-08-27T11:23:29+00:00","breadcrumb":{"@id":"https:\/\/elten.com\/da\/reparationsservice-fra-elten\/#breadcrumb"},"inLanguage":"da-DK","potentialAction":[{"@type":"ReadAction","target":["https:\/\/elten.com\/da\/reparationsservice-fra-elten\/"]}]},{"@type":"BreadcrumbList","@id":"https:\/\/elten.com\/da\/reparationsservice-fra-elten\/#breadcrumb","itemListElement":[{"@type":"ListItem","position":1,"name":"Startseite","item":"https:\/\/elten.com\/da\/"},{"@type":"ListItem","position":2,"name":"Reparationsservice fra ELTEN"}]},{"@type":"WebSite","@id":"https:\/\/elten.com\/da\/#website","url":"https:\/\/elten.com\/da\/","name":"ELTEN GmbH","description":"Sicherheitsschuhe | Arbeitsschuhe | LOWA WORK COLLECTION | ELTEN GmbH","potentialAction":[{"@type":"SearchAction","target":{"@type":"EntryPoint","urlTemplate":"https:\/\/elten.com\/da\/?s={search_term_string}"},"query-input":"required name=search_term_string"}],"inLanguage":"da-DK"}]}},"_links":{"self":[{"href":"https:\/\/elten.com\/da\/wp-json\/wp\/v2\/pages\/402262","targetHints":{"allow":["GET"]}}],"collection":[{"href":"https:\/\/elten.com\/da\/wp-json\/wp\/v2\/pages"}],"about":[{"href":"https:\/\/elten.com\/da\/wp-json\/wp\/v2\/types\/page"}],"author":[{"embeddable":true,"href":"https:\/\/elten.com\/da\/wp-json\/wp\/v2\/users\/2"}],"replies":[{"embeddable":true,"href":"https:\/\/elten.com\/da\/wp-json\/wp\/v2\/comments?post=402262"}],"version-history":[{"count":2,"href":"https:\/\/elten.com\/da\/wp-json\/wp\/v2\/pages\/402262\/revisions"}],"predecessor-version":[{"id":405689,"href":"https:\/\/elten.com\/da\/wp-json\/wp\/v2\/pages\/402262\/revisions\/405689"}],"wp:attachment":[{"href":"https:\/\/elten.com\/da\/wp-json\/wp\/v2\/media?parent=402262"}],"wp:term":[{"taxonomy":"category","embeddable":true,"href":"https:\/\/elten.com\/da\/wp-json\/wp\/v2\/categories?post=402262"},{"taxonomy":"post_tag","embeddable":true,"href":"https:\/\/elten.com\/da\/wp-json\/wp\/v2\/tags?post=402262"}],"curies":[{"name":"wp","href":"https:\/\/api.w.org\/{rel}","templated":true}]}}