{"id":423454,"date":"2026-04-10T10:00:06","date_gmt":"2026-04-10T08:00:06","guid":{"rendered":"https:\/\/elten.com\/?page_id=423454"},"modified":"2026-04-13T09:05:59","modified_gmt":"2026-04-13T07:05:59","slug":"retro","status":"publish","type":"page","link":"https:\/\/elten.com\/da\/produktgrupper\/retro\/","title":{"rendered":"RETRO"},"content":{"rendered":"<div id='av-layout-grid-1'  class='av-layout-grid-container av-1t3bvx5s-80d232a77f95468c8108f678a6ed0234 entry-content-wrapper main_color av-flex-cells  avia-builder-el-0  el_before_av_one_full  avia-builder-el-first  el-produktgruppen-head  container_wrap sidebar_right'  >\n\n<style type=\"text\/css\" data-created_by=\"avia_inline_auto\" id=\"style-css-av-1pszzfts-4468bfbf76693db928829b66062a0413\">\n.flex_cell.av-1pszzfts-4468bfbf76693db928829b66062a0413{\nvertical-align:top;\n}\n.responsive #top #wrap_all .flex_cell.av-1pszzfts-4468bfbf76693db928829b66062a0413{\npadding:0px 0px 0px 0px !important;\n}\n<\/style>\n<div class='flex_cell av-1pszzfts-4468bfbf76693db928829b66062a0413 av-gridrow-cell av_one_third no_margin  avia-builder-el-1  el_before_av_cell_one_third  avia-builder-el-first  av-zero-padding'  ><div class='flex_cell_inner'><p><section  class='av_textblock_section av-lm61bgl4-2cb868d023bdac55845943cf101a1420 '   itemscope=\"itemscope\" itemtype=\"https:\/\/schema.org\/CreativeWork\" ><div class='avia_textblock'  itemprop=\"text\" ><p><img loading=\"lazy\" decoding=\"async\" class=\"alignnone size-full wp-image-423537\" src=\"https:\/\/elten.com\/wp-content\/uploads\/2026\/03\/Retro-01-720635-OTTO-GREEN-LOW-ESD-S1-DK.jpg\" alt=\"ELTEN RETRO 720635-OTTO-GREEN-LOW-ESD-S1\" width=\"750\" height=\"750\" \/><\/p>\n<\/div><\/section><br \/>\n<section  class='av_textblock_section av-lm61c6pn-13c4a65a001aedfabc5f857bfdd539d5 '   itemscope=\"itemscope\" itemtype=\"https:\/\/schema.org\/CreativeWork\" ><div class='av-small-hide av-mini-hide avia_textblock'  itemprop=\"text\" ><p><img loading=\"lazy\" decoding=\"async\" src=\"https:\/\/elten.com\/wp-content\/uploads\/2026\/03\/Retro-02-720611-OTTO-WHITE-LOW-ESD-S1PS.jpg\" alt=\"720611-OTTO-WHITE-LOW-ESD-S1PS\" width=\"750\" height=\"375\" \/><\/p>\n<\/div><\/section><\/p>\n<\/div><\/div>\n<style type=\"text\/css\" data-created_by=\"avia_inline_auto\" id=\"style-css-av-1lr9jp40-6663f9376a15d1466b3a64a23e036c4c\">\n.flex_cell.av-1lr9jp40-6663f9376a15d1466b3a64a23e036c4c{\nvertical-align:top;\n}\n.responsive #top #wrap_all .flex_cell.av-1lr9jp40-6663f9376a15d1466b3a64a23e036c4c{\npadding:0px 0px 0px 0px !important;\n}\n<\/style>\n<div class='flex_cell av-1lr9jp40-6663f9376a15d1466b3a64a23e036c4c av-gridrow-cell av_one_third no_margin av-hide-on-mobile  avia-builder-el-4  el_after_av_cell_one_third  el_before_av_cell_one_third  av-zero-padding'  ><div class='flex_cell_inner'><p><section  class='av_textblock_section av-lm61das9-4b042bc918ba41695bc54d51bb04307d '   itemscope=\"itemscope\" itemtype=\"https:\/\/schema.org\/CreativeWork\" ><div class='avia_textblock el-half-width-images'  itemprop=\"text\" ><p><img loading=\"lazy\" decoding=\"async\" src=\"https:\/\/elten.com\/wp-content\/uploads\/2026\/03\/Retro-03-720611-OTTO-WHITE-LOW-ESD-S1PS.jpg\" alt=\"720611-OTTO-WHITE-LOW-ESD-S1PS\" width=\"318\" height=\"318\" \/><img loading=\"lazy\" decoding=\"async\" src=\"https:\/\/elten.com\/wp-content\/uploads\/2026\/03\/Retro-04-720611-OTTO-WHITE-LOW-ESD-S1PS.jpg\" alt=\"720611-OTTO-WHITE-LOW-ESD-S1PS\" width=\"318\" height=\"318\" \/><\/p>\n<\/div><\/section><br \/>\n<section  class='av_textblock_section av-lm61e4c4-742e6e0f439e58ae08a0634bdb57f70a '   itemscope=\"itemscope\" itemtype=\"https:\/\/schema.org\/CreativeWork\" ><div class='avia_textblock'  itemprop=\"text\" ><p><img loading=\"lazy\" decoding=\"async\" src=\"https:\/\/elten.com\/wp-content\/uploads\/2026\/03\/Retro-05-720635-OTTO-GREEN-LOW-ESD-S1.jpg\" alt=\"720635-OTTO-GREEN-LOW-ESD-S1\" width=\"750\" height=\"750\" \/><\/p>\n<\/div><\/section><\/p>\n<\/div><\/div>\n<style type=\"text\/css\" data-created_by=\"avia_inline_auto\" id=\"style-css-av-1fsyosbk-a6d11c7f4f7fc89f543393c407c2e110\">\n.flex_cell.av-1fsyosbk-a6d11c7f4f7fc89f543393c407c2e110{\nvertical-align:top;\n}\n.responsive #top #wrap_all .flex_cell.av-1fsyosbk-a6d11c7f4f7fc89f543393c407c2e110{\npadding:0px 0px 0px 0px !important;\n}\n<\/style>\n<div class='flex_cell av-1fsyosbk-a6d11c7f4f7fc89f543393c407c2e110 av-gridrow-cell av_one_third no_margin av-hide-on-mobile  avia-builder-el-7  el_after_av_cell_one_third  avia-builder-el-last  av-zero-padding'  ><div class='flex_cell_inner'><p><section  class='av_textblock_section av-lm61fa1q-1a58eb634b611ff2f24852282099d7ba '   itemscope=\"itemscope\" itemtype=\"https:\/\/schema.org\/CreativeWork\" ><div class='avia_textblock'  itemprop=\"text\" ><p><img loading=\"lazy\" decoding=\"async\" class=\"alignnone size-full wp-image-423063\" src=\"https:\/\/elten.com\/wp-content\/uploads\/2026\/03\/Retro-06-720611-OTTO-WHITE-LOW-ESD-S1PS.jpg\" alt=\"720611-OTTO-WHITE-LOW-ESD-S1PS\" width=\"750\" height=\"750\" srcset=\"https:\/\/elten.com\/wp-content\/uploads\/2026\/03\/Retro-06-720611-OTTO-WHITE-LOW-ESD-S1PS.jpg 750w, https:\/\/elten.com\/wp-content\/uploads\/2026\/03\/Retro-06-720611-OTTO-WHITE-LOW-ESD-S1PS-300x300.jpg 300w, https:\/\/elten.com\/wp-content\/uploads\/2026\/03\/Retro-06-720611-OTTO-WHITE-LOW-ESD-S1PS-80x80.jpg 80w, https:\/\/elten.com\/wp-content\/uploads\/2026\/03\/Retro-06-720611-OTTO-WHITE-LOW-ESD-S1PS-36x36.jpg 36w, https:\/\/elten.com\/wp-content\/uploads\/2026\/03\/Retro-06-720611-OTTO-WHITE-LOW-ESD-S1PS-180x180.jpg 180w, https:\/\/elten.com\/wp-content\/uploads\/2026\/03\/Retro-06-720611-OTTO-WHITE-LOW-ESD-S1PS-705x705.jpg 705w\" sizes=\"auto, (max-width: 750px) 100vw, 750px\" \/><\/p>\n<\/div><\/section><br \/>\n<section  class='av_textblock_section av-mmw6htr2-a7b22547189603ed799e85ad36ab686c '   itemscope=\"itemscope\" itemtype=\"https:\/\/schema.org\/CreativeWork\" ><div class='avia_textblock el-half-width-images'  itemprop=\"text\" ><p><img loading=\"lazy\" decoding=\"async\" src=\"https:\/\/elten.com\/wp-content\/uploads\/2026\/03\/Retro-07-720635-OTTO-GREEN-LOW-ESD-S1.jpg\" alt=\"720635-OTTO-GREEN-LOW-ESD-S1\" width=\"318\" height=\"318\" \/><img loading=\"lazy\" decoding=\"async\" src=\"https:\/\/elten.com\/wp-content\/uploads\/2026\/03\/Retro-08-720635-OTTO-GREEN-LOW-ESD-S1.jpg\" alt=\"720635-OTTO-GREEN-LOW-ESD-S1\" width=\"318\" height=\"318\" \/><\/p>\n<\/div><\/section><\/p>\n<\/div><\/div><\/div><div id='after_grid_row_1'  class='main_color av_default_container_wrap container_wrap sidebar_right'  ><div class='container av-section-cont-open' ><div class='template-page content  av-content-small alpha units'><div class='post-entry post-entry-type-page post-entry-423454'><div class='entry-content-wrapper clearfix'><div  class='flex_column av-16ycsz6o-f06c98ac88a37a15051a2a145856f0fe av_one_full  avia-builder-el-10  el_after_av_layout_row  el_before_av_one_full  avia-builder-el-first  first flex_column_div  '     ><p>\n<style type=\"text\/css\" data-created_by=\"avia_inline_auto\" id=\"style-css-av-11q8f90g-43f8d3e087041286aa0101a66f94a14d\">\n#top .av-special-heading.av-11q8f90g-43f8d3e087041286aa0101a66f94a14d{\npadding-bottom:10px;\ncolor:#dd0b2e;\n}\nbody .av-special-heading.av-11q8f90g-43f8d3e087041286aa0101a66f94a14d .av-special-heading-tag .heading-char{\nfont-size:25px;\n}\n.av-special-heading.av-11q8f90g-43f8d3e087041286aa0101a66f94a14d .special-heading-inner-border{\nborder-color:#dd0b2e;\n}\n.av-special-heading.av-11q8f90g-43f8d3e087041286aa0101a66f94a14d .av-subheading{\nfont-size:15px;\n}\n<\/style>\n<div  class='av-special-heading av-11q8f90g-43f8d3e087041286aa0101a66f94a14d av-special-heading-h1 custom-color-heading  avia-builder-el-11  el_before_av_textblock  avia-builder-el-first '><h1 class='av-special-heading-tag'  itemprop=\"headline\"  >RETRO<\/h1><div class=\"special-heading-border\"><div class=\"special-heading-inner-border\"><\/div><\/div><\/div><br \/>\n<section  class='av_textblock_section av-x3evu00-cf20d8bb27a293d89509a44272f95862 '   itemscope=\"itemscope\" itemtype=\"https:\/\/schema.org\/CreativeWork\" ><div class='avia_textblock'  itemprop=\"text\" ><h3><strong>SIKKERHEDSSKOEN I RETRO-LOOK<\/strong><\/h3>\n<\/div><\/section><\/p><\/div><\/p>\n<div  class='flex_column av-vk2rfvk-ae4af87b71e2f869c6fc39f67eb92d56 av_one_full  avia-builder-el-13  el_after_av_one_full  el_before_av_one_full  first flex_column_div  column-top-margin'     ><section  class='av_textblock_section av-oz1uxwg-055e9f7815e637a88930162a5676265f '   itemscope=\"itemscope\" itemtype=\"https:\/\/schema.org\/CreativeWork\" ><div class='avia_textblock'  itemprop=\"text\" ><p>Med vores f\u00f8rste sneaker-serie L10 etablerede vi retro-trenden inden for sikkerhedsfodt\u00f8j for mange \u00e5r siden. Nu bringer vi det autentiske retro-look tilbage: Sikkerhedsskoen OTTO bringer den umiskendelige 70&#8217;er-vibe ind i arbejdsdagen og beviser, at \u00e6gte klassikere aldrig g\u00e5r af mode. Sikkerhed og stil supplerer hinanden perfekt her og g\u00f8r denne sikkerhedssko til et h\u00f8jdepunkt inden for moderne workwear.<br \/>\nH\u00f8jkvalitets ruskind i kombination med et \u00e5ndbart tekstilfor sikrer en behagelig pasform \u2013 selv ved l\u00e6ngere tids brug. Skoen er det ideelle valg for alle, der l\u00e6gger v\u00e6gt p\u00e5 komfort og tidl\u00f8s stil i arbejdsdagen. Uanset om det er i ren hvid, diskret sort eller i i\u00f8jnefaldende bl\u00e5 eller gr\u00f8n \u2013 der findes en variant til enhver smag.<\/p>\n<p><strong>Komfort og beskyttelse ved hvert skridt<\/strong><\/p>\n<p>Sikkerhedsskoen OTTO fra RETRO-serien f\u00e5s i forskellige udf\u00f8relser i de to sikkerhedsklasser S1 og S1PS. En integreret st\u00e5lkappe beskytter p\u00e5lideligt mod farer, mens den ESD-godkendte s\u00e5l muligg\u00f8r brug i arbejdsomr\u00e5der, hvor der forefindes elektronisk f\u00f8lsomme komponenter. S1PS-modellerne er desuden udstyret med et s\u00f8mv\u00e6rn, der beskytter mod farer p\u00e5 underlaget.<br \/>\nDen SR-certificerede gummi-yders\u00e5l i retro-design sikrer et stabilt fodf\u00e6ste. Ogs\u00e5 teknisk set er den et h\u00f8jdepunkt: I denne s\u00e5l er der indarbejdet d\u00e6mpningselementer af EVA og SCF (Supercritical Foam). EVA er et s\u00e6rligt let skummateriale, mens SCF takket v\u00e6re sin ekstremt fine cellestruktur leverer en \u00f8get returenergi. Dette skaber en dynamisk f\u00f8lelse, n\u00e5r man g\u00e5r, som overbeviser selv efter mange arbejdstimer og aflaster muskler og led.<br \/>\nSikkerhedsskoen er designet til t\u00f8rre industrimilj\u00f8er og tilbyder beskyttelse kombineret med h\u00f8j komfort. Takket v\u00e6re det funktionelle udstyr og det sportslige retro-look viser den, at sikkerhed p\u00e5 arbejdspladsen ogs\u00e5 kan se rigtig godt ud.<\/p>\n<p><strong>B\u00e6redygtigt produceret l\u00e6der<\/strong><\/p>\n<p>B\u00e6redygtighed spiller ogs\u00e5 en vigtig rolle for det anvendte l\u00e6der. Vi bruger udelukkende l\u00e6der fra garverier, der er auditeret i henhold til Leather Working Group (LWG) standarden. LWG fremmer milj\u00f8venlig og ansvarlig praksis i l\u00e6derindustrien.<\/p>\n<\/div><\/section><\/div>\n<div  class='flex_column av-lo6wl7k-0d1f00d99c9d90416e87e0ac54df5fb6 av_one_full  avia-builder-el-15  el_after_av_one_full  el_before_av_button  first flex_column_div  column-top-margin'     ><p>\n<style type=\"text\/css\" data-created_by=\"avia_inline_auto\" id=\"style-css-av-efim868-cb5489c4a1549216b07b65579bc7ccc8\">\n#top .av-special-heading.av-efim868-cb5489c4a1549216b07b65579bc7ccc8{\npadding-bottom:10px;\n}\nbody .av-special-heading.av-efim868-cb5489c4a1549216b07b65579bc7ccc8 .av-special-heading-tag .heading-char{\nfont-size:25px;\n}\n.av-special-heading.av-efim868-cb5489c4a1549216b07b65579bc7ccc8 .av-subheading{\nfont-size:15px;\n}\n<\/style>\n<div  class='av-special-heading av-efim868-cb5489c4a1549216b07b65579bc7ccc8 av-special-heading-h3  avia-builder-el-16  el_before_av_portfolio  avia-builder-el-no-sibling '><h3 class='av-special-heading-tag'  itemprop=\"headline\"  >PRODUKTVALG<\/h3><div class=\"special-heading-border\"><div class=\"special-heading-inner-border\"><\/div><\/div><\/div><br \/>\n<div  id=\"av-sc-portfolio-1\"  class=' grid-sort-container isotope   no_margin-container with-title-container grid-total-even grid-col-4 grid-links-' data-portfolio-id='1'><div data-ajax-id='425562' class=' grid-entry flex_column isotope-item all_sort no_margin post-entry post-entry-425562 grid-entry-overview grid-loop-1 grid-parity-odd  elten-retro-da_sort retro-da_sort 11200_agilium-freestep-2-0-da_sort 11300_agilium-freestep-3-0-da_sort 11400_malleo-neurexa-pro-da_sort 10100_esd-pro-da_sort 50100_sensicare-da_sort 50300_artisan-da_sort hro-da_sort sporty-da_sort metalfri-beskyttelse-mod-gennemtraengning-da_sort laeder-da_sort staalkappe-da_sort fo-da_sort sr-da_sort gummi-da_sort mittel-normal-da_sort weit-da_sort 04-unisex-da_sort 05-divers-da_sort s1ps-da_sort 03600-da_sort 03700-da_sort 03800-da_sort 03900-da_sort 04000-da_sort 04100-da_sort 04200-da_sort 04300-da_sort 04400-da_sort 04500-da_sort 04600-da_sort 04700-da_sort blaa-da_sort elten-da_sort en-iso-20345-da_sort esd-da_sort indlaeg-da_sort ingen-da_sort sko-da_sort snoerebaand-da_sort tekstilforing-da_sort  av_one_fourth first default_av_fullwidth '><article class='main_color inner-entry'  itemscope=\"itemscope\" itemtype=\"https:\/\/schema.org\/CreativeWork\" ><a href=\"https:\/\/elten.com\/da\/products\/otto-lightblue-low-esd-s1ps-720621\/\" title='OTTO lightblue Low ESD S1PS &#8211; 720621'  data-rel='grid-1' class='grid-image avia-hover-fx'> <img decoding=\"async\" fetchpriority=\"high\" width=\"1\" height=\"1\" src=\"https:\/\/elten.com\/wp-content\/uploads\/products\/720621-01.jpg\" class=\"wp-image-425399 avia-img-lazy-loading-not-425399 attachment-portfolio_small size-portfolio_small wp-post-image\" alt=\"OTTO lightblue Low ESD S1PS - 720621\" \/><\/a><div class='grid-content'><div class='avia-arrow'><\/div><header class=\"entry-content-header\"><h3 class='grid-entry-title entry-title '  itemprop=\"headline\" ><a href='https:\/\/elten.com\/da\/products\/otto-lightblue-low-esd-s1ps-720621\/' title='OTTO lightblue Low ESD S1PS &#8211; 720621'>OTTO lightblue Low ESD S1PS &#8211; 720621<\/a><\/h3><\/header><\/div><footer class=\"entry-footer\"><\/footer><\/article><\/div><div data-ajax-id='425559' class=' grid-entry flex_column isotope-item all_sort no_margin post-entry post-entry-425559 grid-entry-overview grid-loop-2 grid-parity-even  elten-retro-da_sort retro-da_sort 11200_agilium-freestep-2-0-da_sort 11300_agilium-freestep-3-0-da_sort 11400_malleo-neurexa-pro-da_sort 10100_esd-pro-da_sort 50100_sensicare-da_sort 50300_artisan-da_sort 50400_artisan-yellow-da_sort hro-da_sort sporty-da_sort laeder-da_sort staalkappe-da_sort fo-da_sort sr-da_sort gummi-da_sort mittel-normal-da_sort weit-da_sort 04-unisex-da_sort 05-divers-da_sort 03600-da_sort 03700-da_sort 03800-da_sort 03900-da_sort 04000-da_sort 04100-da_sort 04200-da_sort 04300-da_sort 04400-da_sort 04500-da_sort 04600-da_sort 04700-da_sort blaa-da_sort elten-da_sort en-iso-20345-da_sort esd-da_sort indlaeg-da_sort ingen-da_sort s1-da_sort sko-da_sort snoerebaand-da_sort tekstilforing-da_sort  av_one_fourth  default_av_fullwidth '><article class='main_color inner-entry'  itemscope=\"itemscope\" itemtype=\"https:\/\/schema.org\/CreativeWork\" ><a href=\"https:\/\/elten.com\/da\/products\/otto-blue-low-esd-s1-720630\/\" title='OTTO blue Low ESD S1 &#8211; 720630'  data-rel='grid-1' class='grid-image avia-hover-fx'> <img decoding=\"async\" fetchpriority=\"high\" width=\"1\" height=\"1\" src=\"https:\/\/elten.com\/wp-content\/uploads\/products\/720630-01.jpg\" class=\"wp-image-425204 avia-img-lazy-loading-not-425204 attachment-portfolio_small size-portfolio_small wp-post-image\" alt=\"OTTO blue Low ESD S1 - 720630\" \/><\/a><div class='grid-content'><div class='avia-arrow'><\/div><header class=\"entry-content-header\"><h3 class='grid-entry-title entry-title '  itemprop=\"headline\" ><a href='https:\/\/elten.com\/da\/products\/otto-blue-low-esd-s1-720630\/' title='OTTO blue Low ESD S1 &#8211; 720630'>OTTO blue Low ESD S1 &#8211; 720630<\/a><\/h3><\/header><\/div><footer class=\"entry-footer\"><\/footer><\/article><\/div><div data-ajax-id='425560' class=' grid-entry flex_column isotope-item all_sort no_margin post-entry post-entry-425560 grid-entry-overview grid-loop-3 grid-parity-odd  elten-retro-da_sort retro-da_sort 11200_agilium-freestep-2-0-da_sort 11300_agilium-freestep-3-0-da_sort 11400_malleo-neurexa-pro-da_sort 10100_esd-pro-da_sort 50100_sensicare-da_sort 50300_artisan-da_sort hro-da_sort sporty-da_sort metalfri-beskyttelse-mod-gennemtraengning-da_sort laeder-da_sort staalkappe-da_sort fo-da_sort sr-da_sort gummi-da_sort mittel-normal-da_sort weit-da_sort 04-unisex-da_sort 05-divers-da_sort s1ps-da_sort 03600-da_sort 03700-da_sort 03800-da_sort 03900-da_sort 04000-da_sort 04100-da_sort 04200-da_sort 04300-da_sort 04400-da_sort 04500-da_sort 04600-da_sort 04700-da_sort brun-da_sort elten-da_sort en-iso-20345-da_sort esd-da_sort indlaeg-da_sort ingen-da_sort sko-da_sort snoerebaand-da_sort tekstilforing-da_sort  av_one_fourth  default_av_fullwidth '><article class='main_color inner-entry'  itemscope=\"itemscope\" itemtype=\"https:\/\/schema.org\/CreativeWork\" ><a href=\"https:\/\/elten.com\/da\/products\/otto-brown-low-esd-s1ps-720641\/\" title='OTTO brown Low ESD S1PS &#8211; 720641'  data-rel='grid-1' class='grid-image avia-hover-fx'> <img decoding=\"async\" fetchpriority=\"high\" width=\"1\" height=\"1\" src=\"https:\/\/elten.com\/wp-content\/uploads\/products\/720641-01.jpg\" class=\"wp-image-425269 avia-img-lazy-loading-not-425269 attachment-portfolio_small size-portfolio_small wp-post-image\" alt=\"OTTO brown Low ESD S1PS - 720641\" \/><\/a><div class='grid-content'><div class='avia-arrow'><\/div><header class=\"entry-content-header\"><h3 class='grid-entry-title entry-title '  itemprop=\"headline\" ><a href='https:\/\/elten.com\/da\/products\/otto-brown-low-esd-s1ps-720641\/' title='OTTO brown Low ESD S1PS &#8211; 720641'>OTTO brown Low ESD S1PS &#8211; 720641<\/a><\/h3><\/header><\/div><footer class=\"entry-footer\"><\/footer><\/article><\/div><div data-ajax-id='425563' class=' grid-entry flex_column isotope-item all_sort no_margin post-entry post-entry-425563 grid-entry-overview grid-loop-4 grid-parity-even  post-entry-last  elten-retro-da_sort retro-da_sort 11200_agilium-freestep-2-0-da_sort 11300_agilium-freestep-3-0-da_sort 11400_malleo-neurexa-pro-da_sort 10100_esd-pro-da_sort 50100_sensicare-da_sort 50300_artisan-da_sort hro-da_sort sporty-da_sort metalfri-beskyttelse-mod-gennemtraengning-da_sort laeder-da_sort staalkappe-da_sort fo-da_sort sr-da_sort gummi-da_sort mittel-normal-da_sort weit-da_sort 04-unisex-da_sort 05-divers-da_sort s1ps-da_sort 03600-da_sort 03700-da_sort 03800-da_sort 03900-da_sort 04000-da_sort 04100-da_sort 04200-da_sort 04300-da_sort 04400-da_sort 04500-da_sort 04600-da_sort 04700-da_sort elten-da_sort en-iso-20345-da_sort esd-da_sort hvid-da_sort indlaeg-da_sort ingen-da_sort sko-da_sort snoerebaand-da_sort tekstilforing-da_sort  av_one_fourth  default_av_fullwidth '><article class='main_color inner-entry'  itemscope=\"itemscope\" itemtype=\"https:\/\/schema.org\/CreativeWork\" ><a href=\"https:\/\/elten.com\/da\/products\/otto-white-low-esd-s1ps-720611\/\" title='OTTO white Low ESD S1PS &#8211; 720611'  data-rel='grid-1' class='grid-image avia-hover-fx'> <img decoding=\"async\" fetchpriority=\"high\" width=\"1\" height=\"1\" src=\"https:\/\/elten.com\/wp-content\/uploads\/products\/720611-01.jpg\" class=\"wp-image-425464 avia-img-lazy-loading-not-425464 attachment-portfolio_small size-portfolio_small wp-post-image\" alt=\"OTTO white Low ESD S1PS - 720611\" \/><\/a><div class='grid-content'><div class='avia-arrow'><\/div><header class=\"entry-content-header\"><h3 class='grid-entry-title entry-title '  itemprop=\"headline\" ><a href='https:\/\/elten.com\/da\/products\/otto-white-low-esd-s1ps-720611\/' title='OTTO white Low ESD S1PS &#8211; 720611'>OTTO white Low ESD S1PS &#8211; 720611<\/a><\/h3><\/header><\/div><footer class=\"entry-footer\"><\/footer><\/article><\/div><\/div><\/p><\/div>\n<div  class='avia-button-wrap av-813v468-e3bd556baa3f9ff7debb852f3db65d94-wrap avia-button-center  avia-builder-el-18  el_after_av_one_full  avia-builder-el-last '>\n<style type=\"text\/css\" data-created_by=\"avia_inline_auto\" id=\"style-css-av-813v468-e3bd556baa3f9ff7debb852f3db65d94\">\n#top #wrap_all .avia-button.av-813v468-e3bd556baa3f9ff7debb852f3db65d94{\nbackground-color:#dd0b2e;\nborder-color:#dd0b2e;\ncolor:#ffffff;\ntransition:all 0.4s ease-in-out;\n}\n<\/style>\n<a href='https:\/\/elten.com\/da\/produktgrupper\/retro-oversigt\/'  class='avia-button av-813v468-e3bd556baa3f9ff7debb852f3db65d94 avia-icon_select-no avia-size-medium avia-position-center'  ><span class='avia_iconbox_title' >Alle produkter<\/span><\/a><\/div>\n","protected":false},"excerpt":{"rendered":"","protected":false},"author":2,"featured_media":0,"parent":354185,"menu_order":40,"comment_status":"closed","ping_status":"closed","template":"","meta":{"footnotes":""},"categories":[505],"tags":[],"class_list":["post-423454","page","type-page","status-publish","hentry","category-produktgruppen-da"],"yoast_head":"<!-- This site is optimized with the Yoast SEO Premium plugin v21.9 (Yoast SEO v21.9.1) - https:\/\/yoast.com\/wordpress\/plugins\/seo\/ -->\n<title>RETRO - ELTEN GmbH<\/title>\n<meta name=\"robots\" content=\"index, follow, max-snippet:-1, max-image-preview:large, max-video-preview:-1\" \/>\n<link rel=\"canonical\" href=\"https:\/\/elten.com\/da\/produktgrupper\/retro\/\" \/>\n<meta property=\"og:locale\" content=\"da_DK\" \/>\n<meta property=\"og:type\" content=\"article\" \/>\n<meta property=\"og:title\" content=\"RETRO\" \/>\n<meta property=\"og:url\" content=\"https:\/\/elten.com\/da\/produktgrupper\/retro\/\" \/>\n<meta property=\"og:site_name\" content=\"ELTEN GmbH\" \/>\n<meta property=\"article:modified_time\" content=\"2026-04-13T07:05:59+00:00\" \/>\n<meta property=\"og:image\" content=\"https:\/\/elten.com\/wp-content\/uploads\/2026\/03\/Retro-01-720635-OTTO-GREEN-LOW-ESD-S1-DK.jpg\" \/>\n<meta name=\"twitter:card\" content=\"summary_large_image\" \/>\n<meta name=\"twitter:label1\" content=\"Estimeret l\u00e6setid\" \/>\n\t<meta name=\"twitter:data1\" content=\"5 minutter\" \/>\n<script type=\"application\/ld+json\" class=\"yoast-schema-graph\">{\"@context\":\"https:\/\/schema.org\",\"@graph\":[{\"@type\":\"WebPage\",\"@id\":\"https:\/\/elten.com\/da\/produktgrupper\/retro\/\",\"url\":\"https:\/\/elten.com\/da\/produktgrupper\/retro\/\",\"name\":\"RETRO - ELTEN GmbH\",\"isPartOf\":{\"@id\":\"https:\/\/elten.com\/da\/#website\"},\"datePublished\":\"2026-04-10T08:00:06+00:00\",\"dateModified\":\"2026-04-13T07:05:59+00:00\",\"breadcrumb\":{\"@id\":\"https:\/\/elten.com\/da\/produktgrupper\/retro\/#breadcrumb\"},\"inLanguage\":\"da-DK\",\"potentialAction\":[{\"@type\":\"ReadAction\",\"target\":[\"https:\/\/elten.com\/da\/produktgrupper\/retro\/\"]}]},{\"@type\":\"BreadcrumbList\",\"@id\":\"https:\/\/elten.com\/da\/produktgrupper\/retro\/#breadcrumb\",\"itemListElement\":[{\"@type\":\"ListItem\",\"position\":1,\"name\":\"Startseite\",\"item\":\"https:\/\/elten.com\/da\/\"},{\"@type\":\"ListItem\",\"position\":2,\"name\":\"Produktgrupper\",\"item\":\"https:\/\/elten.com\/da\/produktgrupper\/\"},{\"@type\":\"ListItem\",\"position\":3,\"name\":\"RETRO\"}]},{\"@type\":\"WebSite\",\"@id\":\"https:\/\/elten.com\/da\/#website\",\"url\":\"https:\/\/elten.com\/da\/\",\"name\":\"ELTEN GmbH\",\"description\":\"Sicherheitsschuhe | Arbeitsschuhe | LOWA WORK COLLECTION | ELTEN GmbH\",\"potentialAction\":[{\"@type\":\"SearchAction\",\"target\":{\"@type\":\"EntryPoint\",\"urlTemplate\":\"https:\/\/elten.com\/da\/?s={search_term_string}\"},\"query-input\":\"required name=search_term_string\"}],\"inLanguage\":\"da-DK\"}]}<\/script>\n<!-- \/ Yoast SEO Premium plugin. -->","yoast_head_json":{"title":"RETRO - ELTEN GmbH","robots":{"index":"index","follow":"follow","max-snippet":"max-snippet:-1","max-image-preview":"max-image-preview:large","max-video-preview":"max-video-preview:-1"},"canonical":"https:\/\/elten.com\/da\/produktgrupper\/retro\/","og_locale":"da_DK","og_type":"article","og_title":"RETRO","og_url":"https:\/\/elten.com\/da\/produktgrupper\/retro\/","og_site_name":"ELTEN GmbH","article_modified_time":"2026-04-13T07:05:59+00:00","og_image":[{"url":"https:\/\/elten.com\/wp-content\/uploads\/2026\/03\/Retro-01-720635-OTTO-GREEN-LOW-ESD-S1-DK.jpg"}],"twitter_card":"summary_large_image","twitter_misc":{"Estimeret l\u00e6setid":"5 minutter"},"schema":{"@context":"https:\/\/schema.org","@graph":[{"@type":"WebPage","@id":"https:\/\/elten.com\/da\/produktgrupper\/retro\/","url":"https:\/\/elten.com\/da\/produktgrupper\/retro\/","name":"RETRO - ELTEN GmbH","isPartOf":{"@id":"https:\/\/elten.com\/da\/#website"},"datePublished":"2026-04-10T08:00:06+00:00","dateModified":"2026-04-13T07:05:59+00:00","breadcrumb":{"@id":"https:\/\/elten.com\/da\/produktgrupper\/retro\/#breadcrumb"},"inLanguage":"da-DK","potentialAction":[{"@type":"ReadAction","target":["https:\/\/elten.com\/da\/produktgrupper\/retro\/"]}]},{"@type":"BreadcrumbList","@id":"https:\/\/elten.com\/da\/produktgrupper\/retro\/#breadcrumb","itemListElement":[{"@type":"ListItem","position":1,"name":"Startseite","item":"https:\/\/elten.com\/da\/"},{"@type":"ListItem","position":2,"name":"Produktgrupper","item":"https:\/\/elten.com\/da\/produktgrupper\/"},{"@type":"ListItem","position":3,"name":"RETRO"}]},{"@type":"WebSite","@id":"https:\/\/elten.com\/da\/#website","url":"https:\/\/elten.com\/da\/","name":"ELTEN GmbH","description":"Sicherheitsschuhe | Arbeitsschuhe | LOWA WORK COLLECTION | ELTEN GmbH","potentialAction":[{"@type":"SearchAction","target":{"@type":"EntryPoint","urlTemplate":"https:\/\/elten.com\/da\/?s={search_term_string}"},"query-input":"required name=search_term_string"}],"inLanguage":"da-DK"}]}},"_links":{"self":[{"href":"https:\/\/elten.com\/da\/wp-json\/wp\/v2\/pages\/423454","targetHints":{"allow":["GET"]}}],"collection":[{"href":"https:\/\/elten.com\/da\/wp-json\/wp\/v2\/pages"}],"about":[{"href":"https:\/\/elten.com\/da\/wp-json\/wp\/v2\/types\/page"}],"author":[{"embeddable":true,"href":"https:\/\/elten.com\/da\/wp-json\/wp\/v2\/users\/2"}],"replies":[{"embeddable":true,"href":"https:\/\/elten.com\/da\/wp-json\/wp\/v2\/comments?post=423454"}],"version-history":[{"count":3,"href":"https:\/\/elten.com\/da\/wp-json\/wp\/v2\/pages\/423454\/revisions"}],"predecessor-version":[{"id":425596,"href":"https:\/\/elten.com\/da\/wp-json\/wp\/v2\/pages\/423454\/revisions\/425596"}],"up":[{"embeddable":true,"href":"https:\/\/elten.com\/da\/wp-json\/wp\/v2\/pages\/354185"}],"wp:attachment":[{"href":"https:\/\/elten.com\/da\/wp-json\/wp\/v2\/media?parent=423454"}],"wp:term":[{"taxonomy":"category","embeddable":true,"href":"https:\/\/elten.com\/da\/wp-json\/wp\/v2\/categories?post=423454"},{"taxonomy":"post_tag","embeddable":true,"href":"https:\/\/elten.com\/da\/wp-json\/wp\/v2\/tags?post=423454"}],"curies":[{"name":"wp","href":"https:\/\/api.w.org\/{rel}","templated":true}]}}