{"id":347813,"date":"2023-10-04T12:01:31","date_gmt":"2023-10-04T10:01:31","guid":{"rendered":"http:\/\/relaunch.elten.com.w01ca985.kasserver.com\/?page_id=347813"},"modified":"2024-03-19T12:18:26","modified_gmt":"2024-03-19T11:18:26","slug":"mentions-legales","status":"publish","type":"page","link":"https:\/\/elten.com\/fr\/home\/mentions-legales\/","title":{"rendered":"Mentions l\u00e9gales"},"content":{"rendered":"<div  class='flex_column av-av_one_full-41ee899840124b6993b57a87f996c353 av_one_full  avia-builder-el-0  el_before_av_textblock  avia-builder-el-first  first flex_column_div  '     ><style type=\"text\/css\" data-created_by=\"avia_inline_auto\" id=\"style-css-av-llxj8kv2-04a345726fad87d93cac1c8b5cc00501\">\n#top .av-special-heading.av-llxj8kv2-04a345726fad87d93cac1c8b5cc00501{\npadding-bottom:10px;\n}\nbody .av-special-heading.av-llxj8kv2-04a345726fad87d93cac1c8b5cc00501 .av-special-heading-tag .heading-char{\nfont-size:25px;\n}\n.av-special-heading.av-llxj8kv2-04a345726fad87d93cac1c8b5cc00501 .av-subheading{\nfont-size:15px;\n}\n<\/style>\n<div  class='av-special-heading av-llxj8kv2-04a345726fad87d93cac1c8b5cc00501 av-special-heading-h2 blockquote modern-quote  avia-builder-el-1  avia-builder-el-no-sibling '><h2 class='av-special-heading-tag'  itemprop=\"headline\"  >MENTIONS L\u00c9GALES<\/h2><div class=\"special-heading-border\"><div class=\"special-heading-inner-border\"><\/div><\/div><\/div><\/div>\n<section  class='av_textblock_section av-llxj9564-3caf508668703ac16523459b0b1c856f '   itemscope=\"itemscope\" itemtype=\"https:\/\/schema.org\/CreativeWork\" ><div class='avia_textblock'  itemprop=\"text\" ><p><strong>ELTEN GMBH<\/strong><br \/>\nOstwall 7-13<br \/>\nD \u2013 47589 Uedem<\/p>\n<p>T\u00e9l\u00e9phone: + 49 (0) 2825-80168<\/p>\n<p><a href=\"mailto:service@elten.com\">service@elten.com<\/a><\/p>\n<p><strong>DIRECTION<\/strong><br \/>\nHeiner van Elten<br \/>\nJ\u00f6rg van Elten<\/p>\n<p><strong>ENREGISTREMENT<\/strong><br \/>\nKleve, 21 HRB 5 50<\/p>\n<p><strong>NUMERO DE TVA INTRACOMMUNAUTAIRE<\/strong><br \/>\nDE 811 255 427<\/p>\n<p><strong>R\u00c9DACTION ET DESIGN<\/strong><br \/>\nELTEN GmbH, Uedem<\/p>\n<p>La r\u00e9daction est effectu\u00e9e en suivant au mieux les connaissances et r\u00e9sultats actuels, sans aucune garantie.<\/p>\n<p>La responsabilit\u00e9 pour tout probl\u00e8me juridique ou administratif \u00e9choit \u00e0 marketing@elten.com<\/p>\n<p>Contenu : \u00a9 ELTEN GmbH<\/p>\n<p>AVIS DE NON-RESPONSABILIT\u00c9<br \/>\nLors de la cr\u00e9ation de ce site web, tous les efforts ont \u00e9t\u00e9 faits pour que les informations qu\u2019il contienne soient \u00e0 jour, correctes et sans ambigu\u00eft\u00e9 possible. Malgr\u00e9 tout le soin, cependant, il peut y avoir des inexactitudes involontaires. En particulier, ELTEN GmbH d\u00e9cline toute responsabilit\u00e9 pour les erreurs typographiques ainsi que pour l\u2019exactitude, l\u2019exhaustivit\u00e9 et actualit\u00e9 des informations contenues sur le site internet de la soci\u00e9t\u00e9. Les informations et donn\u00e9es fournies sur le site Internet d\u2019ELTEN sont sujettes \u00e0 modification sans pr\u00e9avis. Elles sont offertes par ELTEN GmbH sans obligation et \u00e0 l\u2019exclusion de toute garantie ou repr\u00e9sentation.<\/p>\n<p>Dans la mesure o\u00f9 le site Internet ELTEN GmbH contient des liens ou des pointeurs vers des sites tiers, ELTEN GmbH n\u2019assume aucune responsabilit\u00e9 pour les informations, les communications, le mat\u00e9riel ou les liens vers d\u2019autres sites disponibles sur ce site. Nous d\u00e9clarons express\u00e9ment que nous ne sommes en aucun cas responsable du contenu des pages li\u00e9es. En utilisant le site ELTEN GmbH, vous \u00eates responsable de l\u2019ensemble des risques li\u00e9s \u00e0 l\u2019utilisation, y compris les risques de dommages \u00e0 votre ordinateur, logiciel ou donn\u00e9es par des virus ou d\u2019autres logiciels transmis via le site ELTEN GmbH. ELTEN GmbH ne sera en aucun cas responsable des dommages directs, indirects, mat\u00e9riels ou moraux, ni des pertes de profit, r\u00e9sultant de l\u2019utilisation, bonne ou mauvaise des informations transmises par le site ELTEN GmbH.<\/p>\n<\/div><\/section>\n","protected":false},"excerpt":{"rendered":"","protected":false},"author":2,"featured_media":0,"parent":274601,"menu_order":0,"comment_status":"closed","ping_status":"closed","template":"","meta":{"footnotes":""},"categories":[569],"tags":[],"class_list":["post-347813","page","type-page","status-publish","hentry","category-home-fr"],"yoast_head":"<!-- This site is optimized with the Yoast SEO Premium plugin v21.9 (Yoast SEO v21.9.1) - https:\/\/yoast.com\/wordpress\/plugins\/seo\/ -->\n<title>Mentions l\u00e9gales - ELTEN GmbH<\/title>\n<meta name=\"robots\" content=\"index, follow, max-snippet:-1, max-image-preview:large, max-video-preview:-1\" \/>\n<link rel=\"canonical\" href=\"https:\/\/elten.com\/fr\/home\/mentions-legales\/\" \/>\n<meta property=\"og:locale\" content=\"fr_FR\" \/>\n<meta property=\"og:type\" content=\"article\" \/>\n<meta property=\"og:title\" content=\"Mentions l\u00e9gales\" \/>\n<meta property=\"og:url\" content=\"https:\/\/elten.com\/fr\/home\/mentions-legales\/\" \/>\n<meta property=\"og:site_name\" content=\"ELTEN GmbH\" \/>\n<meta property=\"article:modified_time\" content=\"2024-03-19T11:18:26+00:00\" \/>\n<meta name=\"twitter:card\" content=\"summary_large_image\" \/>\n<meta name=\"twitter:label1\" content=\"Dur\u00e9e de lecture estim\u00e9e\" \/>\n\t<meta name=\"twitter:data1\" content=\"2 minutes\" \/>\n<script type=\"application\/ld+json\" class=\"yoast-schema-graph\">{\"@context\":\"https:\/\/schema.org\",\"@graph\":[{\"@type\":\"WebPage\",\"@id\":\"https:\/\/elten.com\/fr\/home\/mentions-legales\/\",\"url\":\"https:\/\/elten.com\/fr\/home\/mentions-legales\/\",\"name\":\"Mentions l\u00e9gales - ELTEN GmbH\",\"isPartOf\":{\"@id\":\"https:\/\/elten.com\/fr\/#website\"},\"datePublished\":\"2023-10-04T10:01:31+00:00\",\"dateModified\":\"2024-03-19T11:18:26+00:00\",\"breadcrumb\":{\"@id\":\"https:\/\/elten.com\/fr\/home\/mentions-legales\/#breadcrumb\"},\"inLanguage\":\"fr-FR\",\"potentialAction\":[{\"@type\":\"ReadAction\",\"target\":[\"https:\/\/elten.com\/fr\/home\/mentions-legales\/\"]}]},{\"@type\":\"BreadcrumbList\",\"@id\":\"https:\/\/elten.com\/fr\/home\/mentions-legales\/#breadcrumb\",\"itemListElement\":[{\"@type\":\"ListItem\",\"position\":1,\"name\":\"Startseite\",\"item\":\"https:\/\/elten.com\/fr\/\"},{\"@type\":\"ListItem\",\"position\":2,\"name\":\"Page d&#8217;accueil\",\"item\":\"https:\/\/elten.com\/fr\/\"},{\"@type\":\"ListItem\",\"position\":3,\"name\":\"Mentions l\u00e9gales\"}]},{\"@type\":\"WebSite\",\"@id\":\"https:\/\/elten.com\/fr\/#website\",\"url\":\"https:\/\/elten.com\/fr\/\",\"name\":\"ELTEN GmbH\",\"description\":\"Sicherheitsschuhe | Arbeitsschuhe | LOWA WORK COLLECTION | ELTEN GmbH\",\"potentialAction\":[{\"@type\":\"SearchAction\",\"target\":{\"@type\":\"EntryPoint\",\"urlTemplate\":\"https:\/\/elten.com\/fr\/?s={search_term_string}\"},\"query-input\":\"required name=search_term_string\"}],\"inLanguage\":\"fr-FR\"}]}<\/script>\n<!-- \/ Yoast SEO Premium plugin. -->","yoast_head_json":{"title":"Mentions l\u00e9gales - ELTEN GmbH","robots":{"index":"index","follow":"follow","max-snippet":"max-snippet:-1","max-image-preview":"max-image-preview:large","max-video-preview":"max-video-preview:-1"},"canonical":"https:\/\/elten.com\/fr\/home\/mentions-legales\/","og_locale":"fr_FR","og_type":"article","og_title":"Mentions l\u00e9gales","og_url":"https:\/\/elten.com\/fr\/home\/mentions-legales\/","og_site_name":"ELTEN GmbH","article_modified_time":"2024-03-19T11:18:26+00:00","twitter_card":"summary_large_image","twitter_misc":{"Dur\u00e9e de lecture estim\u00e9e":"2 minutes"},"schema":{"@context":"https:\/\/schema.org","@graph":[{"@type":"WebPage","@id":"https:\/\/elten.com\/fr\/home\/mentions-legales\/","url":"https:\/\/elten.com\/fr\/home\/mentions-legales\/","name":"Mentions l\u00e9gales - ELTEN GmbH","isPartOf":{"@id":"https:\/\/elten.com\/fr\/#website"},"datePublished":"2023-10-04T10:01:31+00:00","dateModified":"2024-03-19T11:18:26+00:00","breadcrumb":{"@id":"https:\/\/elten.com\/fr\/home\/mentions-legales\/#breadcrumb"},"inLanguage":"fr-FR","potentialAction":[{"@type":"ReadAction","target":["https:\/\/elten.com\/fr\/home\/mentions-legales\/"]}]},{"@type":"BreadcrumbList","@id":"https:\/\/elten.com\/fr\/home\/mentions-legales\/#breadcrumb","itemListElement":[{"@type":"ListItem","position":1,"name":"Startseite","item":"https:\/\/elten.com\/fr\/"},{"@type":"ListItem","position":2,"name":"Page d&#8217;accueil","item":"https:\/\/elten.com\/fr\/"},{"@type":"ListItem","position":3,"name":"Mentions l\u00e9gales"}]},{"@type":"WebSite","@id":"https:\/\/elten.com\/fr\/#website","url":"https:\/\/elten.com\/fr\/","name":"ELTEN GmbH","description":"Sicherheitsschuhe | Arbeitsschuhe | LOWA WORK COLLECTION | ELTEN GmbH","potentialAction":[{"@type":"SearchAction","target":{"@type":"EntryPoint","urlTemplate":"https:\/\/elten.com\/fr\/?s={search_term_string}"},"query-input":"required name=search_term_string"}],"inLanguage":"fr-FR"}]}},"_links":{"self":[{"href":"https:\/\/elten.com\/fr\/wp-json\/wp\/v2\/pages\/347813","targetHints":{"allow":["GET"]}}],"collection":[{"href":"https:\/\/elten.com\/fr\/wp-json\/wp\/v2\/pages"}],"about":[{"href":"https:\/\/elten.com\/fr\/wp-json\/wp\/v2\/types\/page"}],"author":[{"embeddable":true,"href":"https:\/\/elten.com\/fr\/wp-json\/wp\/v2\/users\/2"}],"replies":[{"embeddable":true,"href":"https:\/\/elten.com\/fr\/wp-json\/wp\/v2\/comments?post=347813"}],"version-history":[{"count":3,"href":"https:\/\/elten.com\/fr\/wp-json\/wp\/v2\/pages\/347813\/revisions"}],"predecessor-version":[{"id":376873,"href":"https:\/\/elten.com\/fr\/wp-json\/wp\/v2\/pages\/347813\/revisions\/376873"}],"up":[{"embeddable":true,"href":"https:\/\/elten.com\/fr\/wp-json\/wp\/v2\/pages\/274601"}],"wp:attachment":[{"href":"https:\/\/elten.com\/fr\/wp-json\/wp\/v2\/media?parent=347813"}],"wp:term":[{"taxonomy":"category","embeddable":true,"href":"https:\/\/elten.com\/fr\/wp-json\/wp\/v2\/categories?post=347813"},{"taxonomy":"post_tag","embeddable":true,"href":"https:\/\/elten.com\/fr\/wp-json\/wp\/v2\/tags?post=347813"}],"curies":[{"name":"wp","href":"https:\/\/api.w.org\/{rel}","templated":true}]}}