{"id":347844,"date":"2023-10-04T12:13:02","date_gmt":"2023-10-04T10:13:02","guid":{"rendered":"http:\/\/relaunch.elten.com.w01ca985.kasserver.com\/?page_id=347844"},"modified":"2025-09-26T11:05:20","modified_gmt":"2025-09-26T09:05:20","slug":"protection-orthopedique-des-pieds","status":"publish","type":"page","link":"https:\/\/elten.com\/fr\/ortho\/protection-orthopedique-des-pieds\/","title":{"rendered":"Protection orthop\u00e9dique des pieds"},"content":{"rendered":"\n<style type=\"text\/css\" data-created_by=\"avia_inline_auto\" id=\"style-css-av-lm0fd42a-a260ae1e7eda0cd0aeffc40dedb55dda\">\n#top .av-special-heading.av-lm0fd42a-a260ae1e7eda0cd0aeffc40dedb55dda{\npadding-bottom:10px;\n}\nbody .av-special-heading.av-lm0fd42a-a260ae1e7eda0cd0aeffc40dedb55dda .av-special-heading-tag .heading-char{\nfont-size:25px;\n}\n.av-special-heading.av-lm0fd42a-a260ae1e7eda0cd0aeffc40dedb55dda .av-subheading{\nfont-size:15px;\n}\n<\/style>\n<div  class='av-special-heading av-lm0fd42a-a260ae1e7eda0cd0aeffc40dedb55dda av-special-heading-h2  avia-builder-el-0  el_before_av_textblock  avia-builder-el-first '><h2 class='av-special-heading-tag'  itemprop=\"headline\"  >PROTECTION ORTHOP\u00c9DIQUE DES PIEDS<\/h2><div class=\"special-heading-border\"><div class=\"special-heading-inner-border\"><\/div><\/div><\/div>\n<section  class='av_textblock_section av-lm0fcp5j-9f1d54d7146d6ca3a5647cb7f18593c6 '   itemscope=\"itemscope\" itemtype=\"https:\/\/schema.org\/CreativeWork\" ><div class='avia_textblock'  itemprop=\"text\" ><p><strong>NOTRE COLLECTION POUR VOTRE BIEN-\u00caTRE<\/strong><\/p>\n<p>Les go\u00fbts et les besoins individuels sont aussi vari\u00e9s que les sympt\u00f4mes. Nous avons fait certifier presque toute notre collection pour vous. La gamme compl\u00e8te est pr\u00e9sent\u00e9e dans l\u2019aper\u00e7u ci-dessous. Ou sur demande aupr\u00e8s de notre \u00e9quipe de service. Envoyez-nous un e-mail \u00e0 l\u2019adresse service@elten.com. Nous nous ferons un plaisir de vous conseiller !<\/p>\n<\/div><\/section>\n<section  class='av_textblock_section av-lm0fbsdt-55c7b930bdcc6b6b49a578e9a88b06a1 '   itemscope=\"itemscope\" itemtype=\"https:\/\/schema.org\/CreativeWork\" ><div class='avia_textblock'  itemprop=\"text\" ><p style=\"text-align: center;\"><iframe loading=\"lazy\" src=\"https:\/\/elten.com\/katalog\/fr\/DGUV-112-191\/?startpage=16\" width=\"100%\" height=\"780\" data-mce-fragment=\"1\"><\/iframe><\/p>\n<\/div><\/section>\n","protected":false},"excerpt":{"rendered":"","protected":false},"author":2,"featured_media":0,"parent":347840,"menu_order":200,"comment_status":"closed","ping_status":"closed","template":"","meta":{"footnotes":""},"categories":[571],"tags":[],"class_list":["post-347844","page","type-page","status-publish","hentry","category-ortho-fr"],"yoast_head":"<!-- This site is optimized with the Yoast SEO Premium plugin v21.9 (Yoast SEO v21.9.1) - https:\/\/yoast.com\/wordpress\/plugins\/seo\/ -->\n<title>Protection orthop\u00e9dique des pieds - ELTEN GmbH<\/title>\n<meta name=\"robots\" content=\"index, follow, max-snippet:-1, max-image-preview:large, max-video-preview:-1\" \/>\n<link rel=\"canonical\" href=\"https:\/\/elten.com\/fr\/ortho\/protection-orthopedique-des-pieds\/\" \/>\n<meta property=\"og:locale\" content=\"fr_FR\" \/>\n<meta property=\"og:type\" content=\"article\" \/>\n<meta property=\"og:title\" content=\"Protection orthop\u00e9dique des pieds\" \/>\n<meta property=\"og:url\" content=\"https:\/\/elten.com\/fr\/ortho\/protection-orthopedique-des-pieds\/\" \/>\n<meta property=\"og:site_name\" content=\"ELTEN GmbH\" \/>\n<meta property=\"article:modified_time\" content=\"2025-09-26T09:05:20+00:00\" \/>\n<meta name=\"twitter:card\" content=\"summary_large_image\" \/>\n<meta name=\"twitter:label1\" content=\"Dur\u00e9e de lecture estim\u00e9e\" \/>\n\t<meta name=\"twitter:data1\" content=\"1 minute\" \/>\n<script type=\"application\/ld+json\" class=\"yoast-schema-graph\">{\"@context\":\"https:\/\/schema.org\",\"@graph\":[{\"@type\":\"WebPage\",\"@id\":\"https:\/\/elten.com\/fr\/ortho\/protection-orthopedique-des-pieds\/\",\"url\":\"https:\/\/elten.com\/fr\/ortho\/protection-orthopedique-des-pieds\/\",\"name\":\"Protection orthop\u00e9dique des pieds - ELTEN GmbH\",\"isPartOf\":{\"@id\":\"https:\/\/elten.com\/fr\/#website\"},\"datePublished\":\"2023-10-04T10:13:02+00:00\",\"dateModified\":\"2025-09-26T09:05:20+00:00\",\"breadcrumb\":{\"@id\":\"https:\/\/elten.com\/fr\/ortho\/protection-orthopedique-des-pieds\/#breadcrumb\"},\"inLanguage\":\"fr-FR\",\"potentialAction\":[{\"@type\":\"ReadAction\",\"target\":[\"https:\/\/elten.com\/fr\/ortho\/protection-orthopedique-des-pieds\/\"]}]},{\"@type\":\"BreadcrumbList\",\"@id\":\"https:\/\/elten.com\/fr\/ortho\/protection-orthopedique-des-pieds\/#breadcrumb\",\"itemListElement\":[{\"@type\":\"ListItem\",\"position\":1,\"name\":\"Startseite\",\"item\":\"https:\/\/elten.com\/fr\/\"},{\"@type\":\"ListItem\",\"position\":2,\"name\":\"Ortho\",\"item\":\"https:\/\/elten.com\/fr\/ortho\/\"},{\"@type\":\"ListItem\",\"position\":3,\"name\":\"Protection orthop\u00e9dique des pieds\"}]},{\"@type\":\"WebSite\",\"@id\":\"https:\/\/elten.com\/fr\/#website\",\"url\":\"https:\/\/elten.com\/fr\/\",\"name\":\"ELTEN GmbH\",\"description\":\"Sicherheitsschuhe | Arbeitsschuhe | LOWA WORK COLLECTION | ELTEN GmbH\",\"potentialAction\":[{\"@type\":\"SearchAction\",\"target\":{\"@type\":\"EntryPoint\",\"urlTemplate\":\"https:\/\/elten.com\/fr\/?s={search_term_string}\"},\"query-input\":\"required name=search_term_string\"}],\"inLanguage\":\"fr-FR\"}]}<\/script>\n<!-- \/ Yoast SEO Premium plugin. -->","yoast_head_json":{"title":"Protection orthop\u00e9dique des pieds - ELTEN GmbH","robots":{"index":"index","follow":"follow","max-snippet":"max-snippet:-1","max-image-preview":"max-image-preview:large","max-video-preview":"max-video-preview:-1"},"canonical":"https:\/\/elten.com\/fr\/ortho\/protection-orthopedique-des-pieds\/","og_locale":"fr_FR","og_type":"article","og_title":"Protection orthop\u00e9dique des pieds","og_url":"https:\/\/elten.com\/fr\/ortho\/protection-orthopedique-des-pieds\/","og_site_name":"ELTEN GmbH","article_modified_time":"2025-09-26T09:05:20+00:00","twitter_card":"summary_large_image","twitter_misc":{"Dur\u00e9e de lecture estim\u00e9e":"1 minute"},"schema":{"@context":"https:\/\/schema.org","@graph":[{"@type":"WebPage","@id":"https:\/\/elten.com\/fr\/ortho\/protection-orthopedique-des-pieds\/","url":"https:\/\/elten.com\/fr\/ortho\/protection-orthopedique-des-pieds\/","name":"Protection orthop\u00e9dique des pieds - ELTEN GmbH","isPartOf":{"@id":"https:\/\/elten.com\/fr\/#website"},"datePublished":"2023-10-04T10:13:02+00:00","dateModified":"2025-09-26T09:05:20+00:00","breadcrumb":{"@id":"https:\/\/elten.com\/fr\/ortho\/protection-orthopedique-des-pieds\/#breadcrumb"},"inLanguage":"fr-FR","potentialAction":[{"@type":"ReadAction","target":["https:\/\/elten.com\/fr\/ortho\/protection-orthopedique-des-pieds\/"]}]},{"@type":"BreadcrumbList","@id":"https:\/\/elten.com\/fr\/ortho\/protection-orthopedique-des-pieds\/#breadcrumb","itemListElement":[{"@type":"ListItem","position":1,"name":"Startseite","item":"https:\/\/elten.com\/fr\/"},{"@type":"ListItem","position":2,"name":"Ortho","item":"https:\/\/elten.com\/fr\/ortho\/"},{"@type":"ListItem","position":3,"name":"Protection orthop\u00e9dique des pieds"}]},{"@type":"WebSite","@id":"https:\/\/elten.com\/fr\/#website","url":"https:\/\/elten.com\/fr\/","name":"ELTEN GmbH","description":"Sicherheitsschuhe | Arbeitsschuhe | LOWA WORK COLLECTION | ELTEN GmbH","potentialAction":[{"@type":"SearchAction","target":{"@type":"EntryPoint","urlTemplate":"https:\/\/elten.com\/fr\/?s={search_term_string}"},"query-input":"required name=search_term_string"}],"inLanguage":"fr-FR"}]}},"_links":{"self":[{"href":"https:\/\/elten.com\/fr\/wp-json\/wp\/v2\/pages\/347844","targetHints":{"allow":["GET"]}}],"collection":[{"href":"https:\/\/elten.com\/fr\/wp-json\/wp\/v2\/pages"}],"about":[{"href":"https:\/\/elten.com\/fr\/wp-json\/wp\/v2\/types\/page"}],"author":[{"embeddable":true,"href":"https:\/\/elten.com\/fr\/wp-json\/wp\/v2\/users\/2"}],"replies":[{"embeddable":true,"href":"https:\/\/elten.com\/fr\/wp-json\/wp\/v2\/comments?post=347844"}],"version-history":[{"count":3,"href":"https:\/\/elten.com\/fr\/wp-json\/wp\/v2\/pages\/347844\/revisions"}],"predecessor-version":[{"id":407833,"href":"https:\/\/elten.com\/fr\/wp-json\/wp\/v2\/pages\/347844\/revisions\/407833"}],"up":[{"embeddable":true,"href":"https:\/\/elten.com\/fr\/wp-json\/wp\/v2\/pages\/347840"}],"wp:attachment":[{"href":"https:\/\/elten.com\/fr\/wp-json\/wp\/v2\/media?parent=347844"}],"wp:term":[{"taxonomy":"category","embeddable":true,"href":"https:\/\/elten.com\/fr\/wp-json\/wp\/v2\/categories?post=347844"},{"taxonomy":"post_tag","embeddable":true,"href":"https:\/\/elten.com\/fr\/wp-json\/wp\/v2\/tags?post=347844"}],"curies":[{"name":"wp","href":"https:\/\/api.w.org\/{rel}","templated":true}]}}