{"id":347880,"date":"2023-10-04T12:19:40","date_gmt":"2023-10-04T10:19:40","guid":{"rendered":"http:\/\/relaunch.elten.com.w01ca985.kasserver.com\/?page_id=347880"},"modified":"2023-10-24T15:02:41","modified_gmt":"2023-10-24T13:02:41","slug":"barefooter","status":"publish","type":"page","link":"https:\/\/elten.com\/fr\/groupes-de-produits\/barefooter\/","title":{"rendered":"BAREFOOTER"},"content":{"rendered":"<div id='av-layout-grid-1'  class='av-layout-grid-container av-222xj45-038a413ae11b016f152c297755d607bc entry-content-wrapper main_color av-flex-cells  avia-builder-el-0  el_before_av_one_full  avia-builder-el-first  el-produktgruppen-head  container_wrap sidebar_right'  >\n\n<style type=\"text\/css\" data-created_by=\"avia_inline_auto\" id=\"style-css-av-1i8jicl-63b5a40d0f05a8772c0f17aa0c74790f\">\n.flex_cell.av-1i8jicl-63b5a40d0f05a8772c0f17aa0c74790f{\nvertical-align:top;\n}\n.responsive #top #wrap_all .flex_cell.av-1i8jicl-63b5a40d0f05a8772c0f17aa0c74790f{\npadding:0px 0px 0px 0px !important;\n}\n<\/style>\n<div class='flex_cell av-1i8jicl-63b5a40d0f05a8772c0f17aa0c74790f av-gridrow-cell av_one_third no_margin  avia-builder-el-1  el_before_av_cell_one_third  avia-builder-el-first  av-zero-padding'  ><div class='flex_cell_inner'><section  class='av_textblock_section av-lmhdouo7-751277d226c2de931b1b2a30669eb93a '   itemscope=\"itemscope\" itemtype=\"https:\/\/schema.org\/CreativeWork\" ><div class='avia_textblock'  itemprop=\"text\" ><p><img loading=\"lazy\" decoding=\"async\" class=\"alignnone size-full wp-image-351273\" src=\"https:\/\/elten.com\/wp-content\/uploads\/2023\/10\/BAREFOOTER-01-FR-APACHE-white-Low-O1.jpg\" alt=\"\" width=\"750\" height=\"1125\" srcset=\"https:\/\/elten.com\/wp-content\/uploads\/2023\/10\/BAREFOOTER-01-FR-APACHE-white-Low-O1.jpg 750w, https:\/\/elten.com\/wp-content\/uploads\/2023\/10\/BAREFOOTER-01-FR-APACHE-white-Low-O1-200x300.jpg 200w, https:\/\/elten.com\/wp-content\/uploads\/2023\/10\/BAREFOOTER-01-FR-APACHE-white-Low-O1-687x1030.jpg 687w, https:\/\/elten.com\/wp-content\/uploads\/2023\/10\/BAREFOOTER-01-FR-APACHE-white-Low-O1-470x705.jpg 470w\" sizes=\"auto, (max-width: 750px) 100vw, 750px\" \/><\/p>\n<\/div><\/section>\n<\/div><\/div>\n<style type=\"text\/css\" data-created_by=\"avia_inline_auto\" id=\"style-css-av-3t2fet-66a747ba40ed9b95bec1e1927cbb6052\">\n.flex_cell.av-3t2fet-66a747ba40ed9b95bec1e1927cbb6052{\nvertical-align:top;\n}\n.responsive #top #wrap_all .flex_cell.av-3t2fet-66a747ba40ed9b95bec1e1927cbb6052{\npadding:0px 0px 0px 0px !important;\n}\n<\/style>\n<div class='flex_cell av-3t2fet-66a747ba40ed9b95bec1e1927cbb6052 av-gridrow-cell av_one_third no_margin av-hide-on-mobile  avia-builder-el-3  el_after_av_cell_one_third  el_before_av_cell_one_third  av-zero-padding'  ><div class='flex_cell_inner'><section  class='av_textblock_section av-lmhdq0rc-f6f4bb01a2a1ae2c1daf018299cedc24 '   itemscope=\"itemscope\" itemtype=\"https:\/\/schema.org\/CreativeWork\" ><div class='avia_textblock'  itemprop=\"text\" ><p><a href=\"https:\/\/elten.com\/fr\/products\/kiowa-boa-black-low-o1-92260\/\"><img decoding=\"async\" src=\"https:\/\/elten.com\/wp-content\/uploads\/2023\/09\/BAREFOOTER-02-KIOWA-BOA-black-Low-O1.jpg\" \/><\/a><\/p>\n<\/div><\/section>\n<\/div><\/div>\n<style type=\"text\/css\" data-created_by=\"avia_inline_auto\" id=\"style-css-av-mw0d6t-f34c2c610fac8f3a99c01d0bbfe13eb7\">\n.flex_cell.av-mw0d6t-f34c2c610fac8f3a99c01d0bbfe13eb7{\nvertical-align:top;\n}\n.responsive #top #wrap_all .flex_cell.av-mw0d6t-f34c2c610fac8f3a99c01d0bbfe13eb7{\npadding:0px 0px 0px 0px !important;\n}\n<\/style>\n<div class='flex_cell av-mw0d6t-f34c2c610fac8f3a99c01d0bbfe13eb7 av-gridrow-cell av_one_third no_margin av-hide-on-mobile  avia-builder-el-5  el_after_av_cell_one_third  avia-builder-el-last  av-zero-padding'  ><div class='flex_cell_inner'><section  class='av_textblock_section av-lmhdrjog-68de1f8abed4875d89f61cd5bc08261e '   itemscope=\"itemscope\" itemtype=\"https:\/\/schema.org\/CreativeWork\" ><div class='avia_textblock'  itemprop=\"text\" ><p><a href=\"https:\/\/elten.com\/fr\/products\/apache-black-low-o1-92230\/\"><img decoding=\"async\" src=\"https:\/\/elten.com\/wp-content\/uploads\/2023\/09\/BAREFOOTER-03-APACHE-black-Low-O1.jpg\" \/><\/a><\/p>\n<\/div><\/section>\n<\/div><\/div><\/div><div id='after_grid_row_1'  class='main_color av_default_container_wrap container_wrap sidebar_right'  ><div class='container av-section-cont-open' ><div class='template-page content  av-content-small alpha units'><div class='post-entry post-entry-type-page post-entry-347880'><div class='entry-content-wrapper clearfix'><div  class='flex_column av-1ke6fmt-2c123860835e7a4d6cab07f503fd01c9 av_one_full  avia-builder-el-7  el_after_av_layout_row  el_before_av_one_full  avia-builder-el-first  first flex_column_div  '     ><p>\n<style type=\"text\/css\" data-created_by=\"avia_inline_auto\" id=\"style-css-av-lm0l90sq-3cc1508998be0da0b74722479ad5abd0\">\n#top .av-special-heading.av-lm0l90sq-3cc1508998be0da0b74722479ad5abd0{\npadding-bottom:10px;\ncolor:#dd0b2e;\n}\nbody .av-special-heading.av-lm0l90sq-3cc1508998be0da0b74722479ad5abd0 .av-special-heading-tag .heading-char{\nfont-size:25px;\n}\n.av-special-heading.av-lm0l90sq-3cc1508998be0da0b74722479ad5abd0 .special-heading-inner-border{\nborder-color:#dd0b2e;\n}\n.av-special-heading.av-lm0l90sq-3cc1508998be0da0b74722479ad5abd0 .av-subheading{\nfont-size:15px;\n}\n<\/style>\n<div  class='av-special-heading av-lm0l90sq-3cc1508998be0da0b74722479ad5abd0 av-special-heading-h1 custom-color-heading  avia-builder-el-8  el_before_av_textblock  avia-builder-el-first '><h1 class='av-special-heading-tag'  itemprop=\"headline\"  >BAREFOOTER<\/h1><div class=\"special-heading-border\"><div class=\"special-heading-inner-border\"><\/div><\/div><\/div><br \/>\n<section  class='av_textblock_section av-lm0lcwbf-6e69398b083621107509208bf961d65d '   itemscope=\"itemscope\" itemtype=\"https:\/\/schema.org\/CreativeWork\" ><div class='avia_textblock'  itemprop=\"text\" ><h3>L\u00c9GER, SPORTIF ET CONFORTABLE<\/h3>\n<\/div><\/section><\/p><\/div><\/p>\n<div  class='flex_column av-1bzsdhh-97ff17cc0298e24c1cde6dca51ceeca1 av_one_full  avia-builder-el-10  el_after_av_one_full  el_before_av_one_full  first flex_column_div  column-top-margin'     ><section  class='av_textblock_section av-lm0ld7mj-c4bc79c8cb74d8a7e1797d7bf35bf492 '   itemscope=\"itemscope\" itemtype=\"https:\/\/schema.org\/CreativeWork\" ><div class='avia_textblock'  itemprop=\"text\" ><h3>MARCHER COMME SUR DES NUAGES<\/h3>\n<p>Les mod\u00e8les sportifs de la s\u00e9rie de chaussures professionnelles Barefooter marquent des points gr\u00e2ce \u00e0 leur l\u00e9g\u00e8ret\u00e9 et \u00e0 leur confort. Gr\u00e2ce \u00e0 la semelle ext\u00e9rieure XL EXTRALIGHT\u00ae, les porteurs de ces chaussures basses professionnelles extr\u00eamement fra\u00eeches \u00e9prouvent une sensation de marche ultra-l\u00e9g\u00e8re \u2013 comme s\u2019ils marchaient pieds nus. Des ajouts de caoutchouc dans la semelle assurent \u00e9galement une plus grande durabilit\u00e9.<\/p>\n<h3>CONFORT ET S\u00c9CURIT\u00c9<\/h3>\n<p>Contrairement aux chaussures de s\u00e9curit\u00e9, les chaussures de travail ne sont pas \u00e9quip\u00e9es d\u2019un embout et n\u2019offrent pas de r\u00e9sistance \u00e0 la p\u00e9n\u00e9tration. Cela les rend beaucoup plus l\u00e9g\u00e8res. La semelle ext\u00e9rieure XL EXTRALIGHT\u00ae en \u00e9thyl\u00e8ne-ac\u00e9tate de vinyleexpans\u00e9 (EVA) donne un nouveau sens \u00e0 la l\u00e9g\u00e8ret\u00e9. Elle est extr\u00eamement l\u00e9g\u00e8re, souple et \u00e9lastique. En outre, la structure flexible de la semelle, avec ses profondes rainures de flexion, assure une mobilit\u00e9 accrue. En m\u00eame temps, gr\u00e2ce \u00e0 ses propri\u00e9t\u00e9s antid\u00e9rapantes, elle offre une prise s\u00fbre, m\u00eame sur des sols lisses. Des ajouts de caoutchouc int\u00e9gr\u00e9s fournissent un soutien suppl\u00e9mentaire et prot\u00e8gent \u00e9galement contre l\u2019abrasion pr\u00e9matur\u00e9e. La tige en microfibre et en maille ainsi que la doublure en textile respirant assurent une circulation d\u2019air optimale dans la gamme de chaussures Barefooter.<\/p>\n<h3>DES CHAUSSURES PARFAITES POUR LE TRAVAIL ET LES LOISIRS<\/h3>\n<p>Avec la MAIDU noir Low O1 ou l\u2019APACHE blanc Low O1, Barefooter comprend des mod\u00e8les classiques de chaussures \u00e0 lacets, tandis que la KIOWA BOA\u00aenoir Low O1 avec le syst\u00e8me d\u2019ajustement BOA innovant\u00ae : gr\u00e2ce \u00e0 la fermeture rapide et pratique, la chaussure se ferme en un rien de temps et englobe fermement le pied. Un clic suffit pour l\u2019ouvrir \u00e0 nouveau.<\/p>\n<p>Outre leur utilisation dans des secteurs o\u00f9 certaines propri\u00e9t\u00e9s protectrices ne sont g\u00e9n\u00e9ralement pas prescrites, les nouveaux mod\u00e8les sont \u00e9galement de parfaits compagnons lors de vos loisirs. Tous les mod\u00e8les de la nouvelle s\u00e9rie ELTEN Barefoot sont conformes \u00e0 la norme EN ISO 20347et sont disponibles dans les tailles 40 \u00e0 48.<\/p>\n<\/div><\/section><\/div>\n<div  class='flex_column av-n2dpd1-d168fa1fcf6e1bf3d52488b4266aab08 av_one_full  avia-builder-el-12  el_after_av_one_full  avia-builder-el-last  first flex_column_div  column-top-margin'     ><p>\n<style type=\"text\/css\" data-created_by=\"avia_inline_auto\" id=\"style-css-av-lm0ldoh1-e408b52cf09476194cca3a6b4964c021\">\n#top .av-special-heading.av-lm0ldoh1-e408b52cf09476194cca3a6b4964c021{\npadding-bottom:10px;\n}\nbody .av-special-heading.av-lm0ldoh1-e408b52cf09476194cca3a6b4964c021 .av-special-heading-tag .heading-char{\nfont-size:25px;\n}\n.av-special-heading.av-lm0ldoh1-e408b52cf09476194cca3a6b4964c021 .av-subheading{\nfont-size:15px;\n}\n<\/style>\n<div  class='av-special-heading av-lm0ldoh1-e408b52cf09476194cca3a6b4964c021 av-special-heading-h3  avia-builder-el-13  el_before_av_portfolio  avia-builder-el-no-sibling '><h3 class='av-special-heading-tag'  itemprop=\"headline\"  >PRODUITS<\/h3><div class=\"special-heading-border\"><div class=\"special-heading-inner-border\"><\/div><\/div><\/div><br \/>\n<div  id=\"av-sc-portfolio-1\"  class=' grid-sort-container isotope   no_margin-container with-title-container grid-total-odd grid-col-5 grid-links-' data-portfolio-id='1'><div data-ajax-id='342339' class=' grid-entry flex_column isotope-item all_sort no_margin post-entry post-entry-342339 grid-entry-overview grid-loop-1 grid-parity-odd  10700_mander-malms-softastatic-sav-02-fr_sort 10800_mander-malms-softastatic-sa-pur-02-fr_sort 10100_esd-pro-fr_sort 50100_sensicare-fr_sort 10600_hartmann-9516-secosol-fr_sort 11000_seidl-sensoped-esd-3596-fr_sort 10400_bauerfeind-ergo-pad-workh-fr_sort 50600_currex-work-pro-fr_sort sr-fr_sort sans-cuir-fr_sort materiau-textile-fr_sort fo-fr_sort mono-eva-fr_sort 04-unisex-fr_sort 05-divers-fr_sort mittel-normal-fr_sort weit-fr_sort rfid-chip-fr_sort _einsatzgebiet-gastronomie-fr_sort _einsatzgebiet-gastronomie-vorschau-fr_sort _einsatzgebiet-medizinische-berufe-fr_sort 03500-fr_sort 03600-fr_sort 03700-fr_sort 03800-fr_sort 03900-fr_sort 04000-fr_sort 04100-fr_sort 04200-fr_sort 04300-fr_sort 04400-fr_sort 04500-fr_sort 04600-fr_sort 04700-fr_sort 04800-fr_sort aucun-fr_sort barefooter-fr_sort chaussure-basse-fr_sort doublure-textile-fr_sort elten-fr_sort elten-barefooter-fr_sort en-iso-20347-fr_sort gastronomie-fr_sort lacets-fr_sort medizinische-berufe-fr_sort noir-fr_sort non-fr_sort o1-fr_sort sans-metal-fr_sort semelles-interieures-fr_sort  av_one_fifth first default_av_fullwidth '><article class='main_color inner-entry'  itemscope=\"itemscope\" itemtype=\"https:\/\/schema.org\/CreativeWork\" ><a href=\"https:\/\/elten.com\/fr\/products\/apache-black-low-o1-92230\/\" title='APACHE black Low O1 &#8211; 92230'  data-rel='grid-1' class='grid-image avia-hover-fx'> <img decoding=\"async\" fetchpriority=\"high\" width=\"1\" height=\"1\" src=\"https:\/\/elten.com\/wp-content\/uploads\/products\/92230-01.jpg\" class=\"wp-image-367169 avia-img-lazy-loading-not-367169 attachment-portfolio_small size-portfolio_small wp-post-image\" alt=\"APACHE black Low O1 - 92230\" \/><\/a><div class='grid-content'><div class='avia-arrow'><\/div><header class=\"entry-content-header\"><h3 class='grid-entry-title entry-title '  itemprop=\"headline\" ><a href='https:\/\/elten.com\/fr\/products\/apache-black-low-o1-92230\/' title='APACHE black Low O1 &#8211; 92230'>APACHE black Low O1 &#8211; 92230<\/a><\/h3><\/header><\/div><footer class=\"entry-footer\"><\/footer><\/article><\/div><div data-ajax-id='342356' class=' grid-entry flex_column isotope-item all_sort no_margin post-entry post-entry-342356 grid-entry-overview grid-loop-2 grid-parity-even  10700_mander-malms-softastatic-sav-02-fr_sort 10800_mander-malms-softastatic-sa-pur-02-fr_sort 10100_esd-pro-fr_sort 50100_sensicare-fr_sort 11000_seidl-sensoped-esd-3596-fr_sort 10400_bauerfeind-ergo-pad-workh-fr_sort 50600_currex-work-pro-fr_sort sr-fr_sort sans-cuir-fr_sort materiau-textile-fr_sort fo-fr_sort mono-eva-fr_sort 04-unisex-fr_sort 05-divers-fr_sort mittel-normal-fr_sort weit-fr_sort rfid-chip-fr_sort _einsatzgebiet-gastronomie-fr_sort _einsatzgebiet-medizinische-berufe-fr_sort _einsatzgebiet-medizinische-berufe-vorschau-fr_sort _einsatzgebiet-pflegeberufe-fr_sort _einsatzgebiet-pflegeberufe-vorschau-fr_sort 1_empfehlung-fr_sort 03500-fr_sort 03600-fr_sort 03700-fr_sort 03800-fr_sort 03900-fr_sort 04000-fr_sort 04100-fr_sort 04200-fr_sort 04300-fr_sort 04400-fr_sort 04500-fr_sort 04600-fr_sort 04700-fr_sort 04800-fr_sort aucun-fr_sort barefooter-fr_sort blanc-fr_sort chaussure-basse-fr_sort doublure-textile-fr_sort elten-fr_sort elten-barefooter-fr_sort en-iso-20347-fr_sort gastronomie-fr_sort lacets-fr_sort medizinische-berufe-fr_sort non-fr_sort o1-fr_sort pfelge-fr_sort sans-metal-fr_sort semelles-interieures-fr_sort  av_one_fifth  default_av_fullwidth '><article class='main_color inner-entry'  itemscope=\"itemscope\" itemtype=\"https:\/\/schema.org\/CreativeWork\" ><a href=\"https:\/\/elten.com\/fr\/products\/apache-white-low-o1-92240\/\" title='APACHE white Low O1 &#8211; 92240'  data-rel='grid-1' class='grid-image avia-hover-fx'> <img decoding=\"async\" fetchpriority=\"high\" width=\"1\" height=\"1\" src=\"https:\/\/elten.com\/wp-content\/uploads\/products\/92240-01.jpg\" class=\"wp-image-367201 avia-img-lazy-loading-not-367201 attachment-portfolio_small size-portfolio_small wp-post-image\" alt=\"APACHE white Low O1 - 92240\" \/><\/a><div class='grid-content'><div class='avia-arrow'><\/div><header class=\"entry-content-header\"><h3 class='grid-entry-title entry-title '  itemprop=\"headline\" ><a href='https:\/\/elten.com\/fr\/products\/apache-white-low-o1-92240\/' title='APACHE white Low O1 &#8211; 92240'>APACHE white Low O1 &#8211; 92240<\/a><\/h3><\/header><\/div><footer class=\"entry-footer\"><\/footer><\/article><\/div><div data-ajax-id='342374' class=' grid-entry flex_column isotope-item all_sort no_margin post-entry post-entry-342374 grid-entry-overview grid-loop-3 grid-parity-odd  sans-cuir-fr_sort materiau-textile-fr_sort sportif-fr_sort fo-fr_sort mono-eva-fr_sort boa-fit-system-fr_sort 05-divers-fr_sort mittel-normal-fr_sort 04000-fr_sort 04100-fr_sort 04200-fr_sort 04300-fr_sort 04400-fr_sort 04500-fr_sort 04600-fr_sort 04700-fr_sort 04800-fr_sort aucun-fr_sort barefooter-fr_sort boa-fr_sort chaussure-basse-fr_sort doublure-textile-fr_sort elten-fr_sort elten-barefooter-fr_sort en-iso-20347-fr_sort 02-hommes-fr_sort noir-fr_sort non-fr_sort o1-fr_sort  av_one_fifth  default_av_fullwidth '><article class='main_color inner-entry'  itemscope=\"itemscope\" itemtype=\"https:\/\/schema.org\/CreativeWork\" ><a href=\"https:\/\/elten.com\/fr\/products\/kiowa-boa-black-low-o1-92260\/\" title='KIOWA BOA\u00ae black Low O1 &#8211; 92260'  data-rel='grid-1' class='grid-image avia-hover-fx'> <img decoding=\"async\" fetchpriority=\"high\" width=\"1\" height=\"1\" src=\"https:\/\/elten.com\/wp-content\/uploads\/products\/92260-01.jpg\" class=\"wp-image-368945 avia-img-lazy-loading-not-368945 attachment-portfolio_small size-portfolio_small wp-post-image\" alt=\"KIOWA BOA\u00ae black Low O1 - 92260\" \/><\/a><div class='grid-content'><div class='avia-arrow'><\/div><header class=\"entry-content-header\"><h3 class='grid-entry-title entry-title '  itemprop=\"headline\" ><a href='https:\/\/elten.com\/fr\/products\/kiowa-boa-black-low-o1-92260\/' title='KIOWA BOA\u00ae black Low O1 &#8211; 92260'>KIOWA BOA\u00ae black Low O1 &#8211; 92260<\/a><\/h3><\/header><\/div><footer class=\"entry-footer\"><\/footer><\/article><\/div><div data-ajax-id='342338' class=' grid-entry flex_column isotope-item all_sort no_margin post-entry post-entry-342338 grid-entry-overview grid-loop-4 grid-parity-even  10700_mander-malms-softastatic-sav-02-fr_sort 10800_mander-malms-softastatic-sa-pur-02-fr_sort 10100_esd-pro-fr_sort 50100_sensicare-fr_sort 11000_seidl-sensoped-esd-3596-fr_sort 10400_bauerfeind-ergo-pad-workh-fr_sort 50600_currex-work-pro-fr_sort sr-fr_sort sans-cuir-fr_sort materiau-textile-fr_sort fo-fr_sort mono-eva-fr_sort 05-divers-fr_sort mittel-normal-fr_sort rfid-chip-fr_sort _einsatzgebiet-gastronomie-fr_sort _einsatzgebiet-medizinische-berufe-fr_sort 04000-fr_sort 04100-fr_sort 04200-fr_sort 04300-fr_sort 04400-fr_sort 04500-fr_sort 04600-fr_sort 04700-fr_sort 04800-fr_sort aucun-fr_sort barefooter-fr_sort chaussure-basse-fr_sort doublure-textile-fr_sort elten-fr_sort elten-barefooter-fr_sort en-iso-20347-fr_sort gastronomie-fr_sort 02-hommes-fr_sort lacets-fr_sort medizinische-berufe-fr_sort noir-fr_sort non-fr_sort o1-fr_sort sans-metal-fr_sort semelles-interieures-fr_sort  av_one_fifth  default_av_fullwidth '><article class='main_color inner-entry'  itemscope=\"itemscope\" itemtype=\"https:\/\/schema.org\/CreativeWork\" ><a href=\"https:\/\/elten.com\/fr\/products\/apache-black-white-low-o1-92220\/\" title='APACHE black-white Low O1 &#8211; 92220'  data-rel='grid-1' class='grid-image avia-hover-fx'> <img decoding=\"async\" fetchpriority=\"high\" width=\"1\" height=\"1\" src=\"https:\/\/elten.com\/wp-content\/uploads\/products\/92220-01.jpg\" class=\"wp-image-367185 avia-img-lazy-loading-not-367185 attachment-portfolio_small size-portfolio_small wp-post-image\" alt=\"APACHE black-white Low O1 - 92220\" \/><\/a><div class='grid-content'><div class='avia-arrow'><\/div><header class=\"entry-content-header\"><h3 class='grid-entry-title entry-title '  itemprop=\"headline\" ><a href='https:\/\/elten.com\/fr\/products\/apache-black-white-low-o1-92220\/' title='APACHE black-white Low O1 &#8211; 92220'>APACHE black-white Low O1 &#8211; 92220<\/a><\/h3><\/header><\/div><footer class=\"entry-footer\"><\/footer><\/article><\/div><div data-ajax-id='342364' class=' grid-entry flex_column isotope-item all_sort no_margin post-entry post-entry-342364 grid-entry-overview grid-loop-5 grid-parity-odd  post-entry-last  sans-cuir-fr_sort materiau-textile-fr_sort sportif-fr_sort fo-fr_sort mono-eva-fr_sort 05-divers-fr_sort mittel-normal-fr_sort _einsatzgebiet-gastronomie-fr_sort _einsatzgebiet-gastronomie-vorschau-fr_sort _einsatzgebiet-medizinische-berufe-fr_sort 04000-fr_sort 04100-fr_sort 04200-fr_sort 04300-fr_sort 04400-fr_sort 04500-fr_sort 04600-fr_sort 04700-fr_sort 04800-fr_sort aucun-fr_sort barefooter-fr_sort chaussure-basse-fr_sort doublure-textile-fr_sort elten-fr_sort elten-barefooter-fr_sort en-iso-20347-fr_sort fermeture-rapide-fr_sort gastronomie-fr_sort 02-hommes-fr_sort medizinische-berufe-fr_sort noir-fr_sort non-fr_sort o1-fr_sort sans-metal-fr_sort  av_one_fifth  default_av_fullwidth '><article class='main_color inner-entry'  itemscope=\"itemscope\" itemtype=\"https:\/\/schema.org\/CreativeWork\" ><a href=\"https:\/\/elten.com\/fr\/products\/maidu-black-low-o1-92250\/\" title='MAIDU black Low O1 &#8211; 92250'  data-rel='grid-1' class='grid-image avia-hover-fx'> <img decoding=\"async\" fetchpriority=\"high\" width=\"1\" height=\"1\" src=\"https:\/\/elten.com\/wp-content\/uploads\/products\/92250-01.jpg\" class=\"wp-image-370065 avia-img-lazy-loading-not-370065 attachment-portfolio_small size-portfolio_small wp-post-image\" alt=\"MAIDU black Low O1 - 92250\" \/><\/a><div class='grid-content'><div class='avia-arrow'><\/div><header class=\"entry-content-header\"><h3 class='grid-entry-title entry-title '  itemprop=\"headline\" ><a href='https:\/\/elten.com\/fr\/products\/maidu-black-low-o1-92250\/' title='MAIDU black Low O1 &#8211; 92250'>MAIDU black Low O1 &#8211; 92250<\/a><\/h3><\/header><\/div><footer class=\"entry-footer\"><\/footer><\/article><\/div><\/div><\/p><\/div>\n","protected":false},"excerpt":{"rendered":"","protected":false},"author":2,"featured_media":0,"parent":347931,"menu_order":0,"comment_status":"closed","ping_status":"closed","template":"","meta":{"footnotes":""},"categories":[564],"tags":[],"class_list":["post-347880","page","type-page","status-publish","hentry","category-produktgruppen-fr"],"yoast_head":"<!-- This site is optimized with the Yoast SEO Premium plugin v21.9 (Yoast SEO v21.9.1) - https:\/\/yoast.com\/wordpress\/plugins\/seo\/ -->\n<title>BAREFOOTER - ELTEN GmbH<\/title>\n<meta name=\"robots\" content=\"index, follow, max-snippet:-1, max-image-preview:large, max-video-preview:-1\" \/>\n<link rel=\"canonical\" href=\"https:\/\/elten.com\/fr\/groupes-de-produits\/barefooter\/\" \/>\n<meta property=\"og:locale\" content=\"fr_FR\" \/>\n<meta property=\"og:type\" content=\"article\" \/>\n<meta property=\"og:title\" content=\"BAREFOOTER\" \/>\n<meta property=\"og:url\" content=\"https:\/\/elten.com\/fr\/groupes-de-produits\/barefooter\/\" \/>\n<meta property=\"og:site_name\" content=\"ELTEN GmbH\" \/>\n<meta property=\"article:modified_time\" content=\"2023-10-24T13:02:41+00:00\" \/>\n<meta property=\"og:image\" content=\"https:\/\/elten.com\/wp-content\/uploads\/2023\/10\/BAREFOOTER-01-FR-APACHE-white-Low-O1.jpg\" \/>\n<meta name=\"twitter:card\" content=\"summary_large_image\" \/>\n<meta name=\"twitter:label1\" content=\"Dur\u00e9e de lecture estim\u00e9e\" \/>\n\t<meta name=\"twitter:data1\" content=\"8 minutes\" \/>\n<script type=\"application\/ld+json\" class=\"yoast-schema-graph\">{\"@context\":\"https:\/\/schema.org\",\"@graph\":[{\"@type\":\"WebPage\",\"@id\":\"https:\/\/elten.com\/fr\/groupes-de-produits\/barefooter\/\",\"url\":\"https:\/\/elten.com\/fr\/groupes-de-produits\/barefooter\/\",\"name\":\"BAREFOOTER - ELTEN GmbH\",\"isPartOf\":{\"@id\":\"https:\/\/elten.com\/fr\/#website\"},\"datePublished\":\"2023-10-04T10:19:40+00:00\",\"dateModified\":\"2023-10-24T13:02:41+00:00\",\"breadcrumb\":{\"@id\":\"https:\/\/elten.com\/fr\/groupes-de-produits\/barefooter\/#breadcrumb\"},\"inLanguage\":\"fr-FR\",\"potentialAction\":[{\"@type\":\"ReadAction\",\"target\":[\"https:\/\/elten.com\/fr\/groupes-de-produits\/barefooter\/\"]}]},{\"@type\":\"BreadcrumbList\",\"@id\":\"https:\/\/elten.com\/fr\/groupes-de-produits\/barefooter\/#breadcrumb\",\"itemListElement\":[{\"@type\":\"ListItem\",\"position\":1,\"name\":\"Startseite\",\"item\":\"https:\/\/elten.com\/fr\/\"},{\"@type\":\"ListItem\",\"position\":2,\"name\":\"Groupes de produits\",\"item\":\"https:\/\/elten.com\/fr\/?page_id=355498\"},{\"@type\":\"ListItem\",\"position\":3,\"name\":\"BAREFOOTER\"}]},{\"@type\":\"WebSite\",\"@id\":\"https:\/\/elten.com\/fr\/#website\",\"url\":\"https:\/\/elten.com\/fr\/\",\"name\":\"ELTEN GmbH\",\"description\":\"Sicherheitsschuhe | Arbeitsschuhe | LOWA WORK COLLECTION | ELTEN GmbH\",\"potentialAction\":[{\"@type\":\"SearchAction\",\"target\":{\"@type\":\"EntryPoint\",\"urlTemplate\":\"https:\/\/elten.com\/fr\/?s={search_term_string}\"},\"query-input\":\"required name=search_term_string\"}],\"inLanguage\":\"fr-FR\"}]}<\/script>\n<!-- \/ Yoast SEO Premium plugin. -->","yoast_head_json":{"title":"BAREFOOTER - ELTEN GmbH","robots":{"index":"index","follow":"follow","max-snippet":"max-snippet:-1","max-image-preview":"max-image-preview:large","max-video-preview":"max-video-preview:-1"},"canonical":"https:\/\/elten.com\/fr\/groupes-de-produits\/barefooter\/","og_locale":"fr_FR","og_type":"article","og_title":"BAREFOOTER","og_url":"https:\/\/elten.com\/fr\/groupes-de-produits\/barefooter\/","og_site_name":"ELTEN GmbH","article_modified_time":"2023-10-24T13:02:41+00:00","og_image":[{"url":"https:\/\/elten.com\/wp-content\/uploads\/2023\/10\/BAREFOOTER-01-FR-APACHE-white-Low-O1.jpg"}],"twitter_card":"summary_large_image","twitter_misc":{"Dur\u00e9e de lecture estim\u00e9e":"8 minutes"},"schema":{"@context":"https:\/\/schema.org","@graph":[{"@type":"WebPage","@id":"https:\/\/elten.com\/fr\/groupes-de-produits\/barefooter\/","url":"https:\/\/elten.com\/fr\/groupes-de-produits\/barefooter\/","name":"BAREFOOTER - ELTEN GmbH","isPartOf":{"@id":"https:\/\/elten.com\/fr\/#website"},"datePublished":"2023-10-04T10:19:40+00:00","dateModified":"2023-10-24T13:02:41+00:00","breadcrumb":{"@id":"https:\/\/elten.com\/fr\/groupes-de-produits\/barefooter\/#breadcrumb"},"inLanguage":"fr-FR","potentialAction":[{"@type":"ReadAction","target":["https:\/\/elten.com\/fr\/groupes-de-produits\/barefooter\/"]}]},{"@type":"BreadcrumbList","@id":"https:\/\/elten.com\/fr\/groupes-de-produits\/barefooter\/#breadcrumb","itemListElement":[{"@type":"ListItem","position":1,"name":"Startseite","item":"https:\/\/elten.com\/fr\/"},{"@type":"ListItem","position":2,"name":"Groupes de produits","item":"https:\/\/elten.com\/fr\/?page_id=355498"},{"@type":"ListItem","position":3,"name":"BAREFOOTER"}]},{"@type":"WebSite","@id":"https:\/\/elten.com\/fr\/#website","url":"https:\/\/elten.com\/fr\/","name":"ELTEN GmbH","description":"Sicherheitsschuhe | Arbeitsschuhe | LOWA WORK COLLECTION | ELTEN GmbH","potentialAction":[{"@type":"SearchAction","target":{"@type":"EntryPoint","urlTemplate":"https:\/\/elten.com\/fr\/?s={search_term_string}"},"query-input":"required name=search_term_string"}],"inLanguage":"fr-FR"}]}},"_links":{"self":[{"href":"https:\/\/elten.com\/fr\/wp-json\/wp\/v2\/pages\/347880","targetHints":{"allow":["GET"]}}],"collection":[{"href":"https:\/\/elten.com\/fr\/wp-json\/wp\/v2\/pages"}],"about":[{"href":"https:\/\/elten.com\/fr\/wp-json\/wp\/v2\/types\/page"}],"author":[{"embeddable":true,"href":"https:\/\/elten.com\/fr\/wp-json\/wp\/v2\/users\/2"}],"replies":[{"embeddable":true,"href":"https:\/\/elten.com\/fr\/wp-json\/wp\/v2\/comments?post=347880"}],"version-history":[{"count":3,"href":"https:\/\/elten.com\/fr\/wp-json\/wp\/v2\/pages\/347880\/revisions"}],"predecessor-version":[{"id":354934,"href":"https:\/\/elten.com\/fr\/wp-json\/wp\/v2\/pages\/347880\/revisions\/354934"}],"up":[{"embeddable":true,"href":"https:\/\/elten.com\/fr\/wp-json\/wp\/v2\/pages\/347931"}],"wp:attachment":[{"href":"https:\/\/elten.com\/fr\/wp-json\/wp\/v2\/media?parent=347880"}],"wp:term":[{"taxonomy":"category","embeddable":true,"href":"https:\/\/elten.com\/fr\/wp-json\/wp\/v2\/categories?post=347880"},{"taxonomy":"post_tag","embeddable":true,"href":"https:\/\/elten.com\/fr\/wp-json\/wp\/v2\/tags?post=347880"}],"curies":[{"name":"wp","href":"https:\/\/api.w.org\/{rel}","templated":true}]}}