{"id":347971,"date":"2023-10-04T12:34:12","date_gmt":"2023-10-04T10:34:12","guid":{"rendered":"http:\/\/relaunch.elten.com.w01ca985.kasserver.com\/?page_id=347971"},"modified":"2025-08-12T10:14:39","modified_gmt":"2025-08-12T08:14:39","slug":"transfoamers","status":"publish","type":"page","link":"https:\/\/elten.com\/fr\/groupes-de-produits\/transfoamers\/","title":{"rendered":"TRANSFOAMERS"},"content":{"rendered":"<div id='av-layout-grid-1'  class='av-layout-grid-container av-13l5b2l6-fba971530f4851f5b4e91d025c4a6da7 entry-content-wrapper main_color av-flex-cells  avia-builder-el-0  el_before_av_one_full  avia-builder-el-first  el-produktgruppen-head  container_wrap sidebar_right'  >\n\n<style type=\"text\/css\" data-created_by=\"avia_inline_auto\" id=\"style-css-av-xnpep96-4a881ad584c4ceacbb0caa0e81bb9300\">\n.flex_cell.av-xnpep96-4a881ad584c4ceacbb0caa0e81bb9300{\nvertical-align:top;\n}\n.responsive #top #wrap_all .flex_cell.av-xnpep96-4a881ad584c4ceacbb0caa0e81bb9300{\npadding:0px 0px 0px 0px !important;\n}\n<\/style>\n<div class='flex_cell av-xnpep96-4a881ad584c4ceacbb0caa0e81bb9300 av-gridrow-cell av_one_third no_margin  avia-builder-el-1  el_before_av_cell_one_third  avia-builder-el-first  av-zero-padding'  ><div class='flex_cell_inner'><section  class='av_textblock_section av-lm609joh-3d90d6aa63887e5456a347aac42f4efb '   itemscope=\"itemscope\" itemtype=\"https:\/\/schema.org\/CreativeWork\" ><div class='avia_textblock'  itemprop=\"text\" ><p><img loading=\"lazy\" decoding=\"async\" class=\"alignnone size-full wp-image-351658\" src=\"https:\/\/elten.com\/wp-content\/uploads\/2023\/10\/TRANSFOAMERS-01-BATIS-black-red-Low-ESD-S1P_FR.jpg\" alt=\"\" width=\"750\" height=\"1125\" srcset=\"https:\/\/elten.com\/wp-content\/uploads\/2023\/10\/TRANSFOAMERS-01-BATIS-black-red-Low-ESD-S1P_FR.jpg 750w, https:\/\/elten.com\/wp-content\/uploads\/2023\/10\/TRANSFOAMERS-01-BATIS-black-red-Low-ESD-S1P_FR-200x300.jpg 200w, https:\/\/elten.com\/wp-content\/uploads\/2023\/10\/TRANSFOAMERS-01-BATIS-black-red-Low-ESD-S1P_FR-687x1030.jpg 687w, https:\/\/elten.com\/wp-content\/uploads\/2023\/10\/TRANSFOAMERS-01-BATIS-black-red-Low-ESD-S1P_FR-470x705.jpg 470w\" sizes=\"auto, (max-width: 750px) 100vw, 750px\" \/><\/p>\n<\/div><\/section>\n<\/div><\/div>\n<style type=\"text\/css\" data-created_by=\"avia_inline_auto\" id=\"style-css-av-smd4p3u-579d66eeb83d796b85bb43d21046d8cb\">\n.flex_cell.av-smd4p3u-579d66eeb83d796b85bb43d21046d8cb{\nvertical-align:top;\n}\n.responsive #top #wrap_all .flex_cell.av-smd4p3u-579d66eeb83d796b85bb43d21046d8cb{\npadding:0px 0px 0px 0px !important;\n}\n<\/style>\n<div class='flex_cell av-smd4p3u-579d66eeb83d796b85bb43d21046d8cb av-gridrow-cell av_one_third no_margin av-hide-on-mobile  avia-builder-el-3  el_after_av_cell_one_third  el_before_av_cell_one_third  av-zero-padding'  ><div class='flex_cell_inner'><section  class='av_textblock_section av-lm60a6ip-8689266fb8c946338d1b61b9b909c57b '   itemscope=\"itemscope\" itemtype=\"https:\/\/schema.org\/CreativeWork\" ><div class='avia_textblock'  itemprop=\"text\" ><p><a href=\"https:\/\/elten.com\/fr\/products\/marais-red-low-esd-o1-972060\/\/\"><img decoding=\"async\" src=\"https:\/\/elten.com\/wp-content\/uploads\/2023\/09\/TRANSFOAMERS-02-MARAIS-red-Low-ESD-O1.jpg\" \/><\/a><\/p>\n<\/div><\/section>\n<\/div><\/div>\n<style type=\"text\/css\" data-created_by=\"avia_inline_auto\" id=\"style-css-av-ousujfe-40912dec57dfe452ba600b85943f9f7a\">\n.flex_cell.av-ousujfe-40912dec57dfe452ba600b85943f9f7a{\nvertical-align:top;\n}\n.responsive #top #wrap_all .flex_cell.av-ousujfe-40912dec57dfe452ba600b85943f9f7a{\npadding:0px 0px 0px 0px !important;\n}\n<\/style>\n<div class='flex_cell av-ousujfe-40912dec57dfe452ba600b85943f9f7a av-gridrow-cell av_one_third no_margin av-hide-on-mobile  avia-builder-el-5  el_after_av_cell_one_third  avia-builder-el-last  av-zero-padding'  ><div class='flex_cell_inner'><section  class='av_textblock_section av-lm60b69r-2fd6ff298babb743023678710e10790f '   itemscope=\"itemscope\" itemtype=\"https:\/\/schema.org\/CreativeWork\" ><div class='avia_textblock'  itemprop=\"text\" ><p><a href=\"https:\/\/elten.com\/fr\/products\/livas-black-red-low-esd-s1p-720831\/\"><img decoding=\"async\" src=\"https:\/\/elten.com\/wp-content\/uploads\/2023\/09\/TRANSFOAMERS-03-LIVAS-black-red-Low-ESD-S1P.jpg\" \/><\/a><\/p>\n<\/div><\/section>\n<\/div><\/div>\n<\/div><div id='after_grid_row_1'  class='main_color av_default_container_wrap container_wrap sidebar_right'  ><div class='container av-section-cont-open' ><div class='template-page content  av-content-small alpha units'><div class='post-entry post-entry-type-page post-entry-347971'><div class='entry-content-wrapper clearfix'>\n<div  class='flex_column av-m9erqca-9195e0120b989f4aa0d088124bbb4e76 av_one_full  avia-builder-el-7  el_after_av_layout_row  el_before_av_one_full  avia-builder-el-first  first flex_column_div  '     ><p>\n<style type=\"text\/css\" data-created_by=\"avia_inline_auto\" id=\"style-css-av-lm60bijq-e8d15a95193b32df32296de0fd521a5a\">\n#top .av-special-heading.av-lm60bijq-e8d15a95193b32df32296de0fd521a5a{\npadding-bottom:10px;\ncolor:#dd0b2e;\n}\nbody .av-special-heading.av-lm60bijq-e8d15a95193b32df32296de0fd521a5a .av-special-heading-tag .heading-char{\nfont-size:25px;\n}\n.av-special-heading.av-lm60bijq-e8d15a95193b32df32296de0fd521a5a .special-heading-inner-border{\nborder-color:#dd0b2e;\n}\n.av-special-heading.av-lm60bijq-e8d15a95193b32df32296de0fd521a5a .av-subheading{\nfont-size:15px;\n}\n<\/style>\n<div  class='av-special-heading av-lm60bijq-e8d15a95193b32df32296de0fd521a5a av-special-heading-h1 custom-color-heading  avia-builder-el-8  el_before_av_textblock  avia-builder-el-first '><h1 class='av-special-heading-tag'  itemprop=\"headline\"  >TRANSFOAMERS<\/h1><div class=\"special-heading-border\"><div class=\"special-heading-inner-border\"><\/div><\/div><\/div><br \/>\n<section  class='av_textblock_section av-lm60buou-1b27aefc1152a20eb5ab98080083d37c '   itemscope=\"itemscope\" itemtype=\"https:\/\/schema.org\/CreativeWork\" ><div class='avia_textblock'  itemprop=\"text\" ><h3>CHAUSSURES DE S\u00c9CURIT\u00c9 FLEXIBLES ET L\u00c9G\u00c8RES<\/h3>\n<\/div><\/section><\/p><\/div>\n<div  class='flex_column av-fg3l2ai-56b04dde3766407d0bbca14093e8580a av_one_full  avia-builder-el-10  el_after_av_one_full  el_before_av_one_full  first flex_column_div  column-top-margin'     ><section  class='av_textblock_section av-lm60c7cd-5007d98e8f9229a7f8513948076c609a '   itemscope=\"itemscope\" itemtype=\"https:\/\/schema.org\/CreativeWork\" ><div class='avia_textblock'  itemprop=\"text\" ><h3>CHAUSSURES DE S\u00c9CURIT\u00c9 L\u00c9G\u00c8RES: TRANSFOAMERS AVEC M\u00c9LANGE DE MAT\u00c9RIAUX UNIQUE DANS LA SEMELLE INTERM\u00c9DIAIRE<\/h3>\n<p>Tellement l\u00e9g\u00e8res qu\u2019on en oublie presque qu\u2019on les porte \u2013 tel \u00e9tait pr\u00e9cis\u00e9ment notre objectif lors du d\u00e9veloppement de cette s\u00e9rie de chaussures. D\u00e8s le d\u00e9part, nous nous sommes demand\u00e9 : jusqu\u2019o\u00f9 peut-on vraiment aller en mati\u00e8re de l\u00e9g\u00e8ret\u00e9 pour des chaussures de s\u00e9curit\u00e9 ? La r\u00e9ponse : \u00e9tonnamment loin.<\/p>\n<p>L\u2019\u00e9l\u00e9ment central de la s\u00e9rie TRANSFOAMERS est sa semelle interm\u00e9diaire innovante, con\u00e7ue \u00e0 partir d\u2019une technologie de mousse Super Critical Foam (SCF). Il s\u2019agit d\u2019un m\u00e9lange de mousse hautement technique, dot\u00e9 d\u2019une structure fine et extr\u00eamement l\u00e9g\u00e8re. Le r\u00e9sultat : une semelle interm\u00e9diaire \u00e9lastique, r\u00e9sistante et offrant une excellente capacit\u00e9 d\u2019amortissement. Gr\u00e2ce \u00e0 la structure du mat\u00e9riau SCF, nous combinons un retour d&rsquo;\u00e9nergie \u00e9lev\u00e9 avec une l\u00e9g\u00e8ret\u00e9 extr\u00eame \u2013 id\u00e9al pour une utilisation dans les chaussures de s\u00e9curit\u00e9 modernes. Il en r\u00e9sulte un confort de port que l&rsquo;on ne conna\u00eet normalement que dans le domaine du sport.<\/p>\n<h3>MOINS C\u2019EST MIEUX \u2013 POUR DES CHAUSSURES DE S\u00c9CURIT\u00c9 L\u00c9G\u00c8RES<\/h3>\n<p>\u00ab Moins de poids \u00bb a \u00e9galement \u00e9t\u00e9 le crit\u00e8re d\u00e9terminant dans le choix des autres mat\u00e9riaux utilis\u00e9s pour cette s\u00e9rie. Par exemple, un nouveau textile pour la protection anti-perforation. Cela rend la chaussure encore plus l\u00e9g\u00e8re et flexible \u2013 tout en restant aussi s\u00fbre. Concernant l\u2019embout de protection : pour cette s\u00e9rie de chaussures de s\u00e9curit\u00e9, nous avons opt\u00e9 pour un embout en mati\u00e8re synth\u00e9tique. Bien s\u00fbr, il est plus l\u00e9ger que les embouts en acier. Mais ce n\u2019est pas son seul avantage. En plus de sa l\u00e9g\u00e8ret\u00e9, le mat\u00e9riau synth\u00e9tique offre une excellente stabilit\u00e9 et une grande r\u00e9sistance \u00e0 la rupture. Le porteur est ainsi parfaitement prot\u00e9g\u00e9 \u2013 sans compromis sur le confort.<\/p>\n<p>Les chaussures de s\u00e9curit\u00e9 l\u00e9g\u00e8res et les chaussures de travail comme notre s\u00e9rie TRANSFOAMERS assurent un confort optimal, m\u00eame lors des journ\u00e9es les plus exigeantes. Leur flexibilit\u00e9 et leur l\u00e9g\u00e8ret\u00e9 am\u00e9liorent le quotidien professionnel et renforcent la s\u00e9curit\u00e9.<\/p>\n<\/div><\/section><\/div><div  class='flex_column av-10i4aca-3b4cba26b5ea71cc09b9c3607a598f50 av_one_full  avia-builder-el-12  el_after_av_one_full  el_before_av_button  first flex_column_div  column-top-margin'     ><p>\n<style type=\"text\/css\" data-created_by=\"avia_inline_auto\" id=\"style-css-av-7b3c9lm-def20ef026e55bb6d17f9d4c180d49f6\">\n#top .av-special-heading.av-7b3c9lm-def20ef026e55bb6d17f9d4c180d49f6{\npadding-bottom:10px;\n}\nbody .av-special-heading.av-7b3c9lm-def20ef026e55bb6d17f9d4c180d49f6 .av-special-heading-tag .heading-char{\nfont-size:25px;\n}\n.av-special-heading.av-7b3c9lm-def20ef026e55bb6d17f9d4c180d49f6 .av-subheading{\nfont-size:15px;\n}\n<\/style>\n<div  class='av-special-heading av-7b3c9lm-def20ef026e55bb6d17f9d4c180d49f6 av-special-heading-h3  avia-builder-el-13  el_before_av_portfolio  avia-builder-el-no-sibling '><h3 class='av-special-heading-tag'  itemprop=\"headline\"  >S\u00c9LECTION DES PRODUITS<\/h3><div class=\"special-heading-border\"><div class=\"special-heading-inner-border\"><\/div><\/div><\/div><br \/>\n<div  id=\"av-sc-portfolio-1\"  class=' grid-sort-container isotope   no_margin-container with-title-container grid-total-even grid-col-4 grid-links-' data-portfolio-id='1'><div data-ajax-id='342512' class=' grid-entry flex_column isotope-item all_sort no_margin post-entry post-entry-342512 grid-entry-overview grid-loop-1 grid-parity-odd  10700_mander-malms-softastatic-sav-02-fr_sort 10800_mander-malms-softastatic-sa-pur-02-fr_sort 10100_esd-pro-fr_sort 50100_sensicare-fr_sort 10600_hartmann-9516-secosol-fr_sort 11000_seidl-sensoped-esd-3596-fr_sort 50600_currex-work-pro-fr_sort 10300_bauerfeind-ergo-pad-workh-fr_sort nitrile-fr_sort hro-fr_sort sans-cuir-fr_sort materiau-textile-fr_sort sportif-fr_sort fo-fr_sort 04-unisex-fr_sort 05-divers-fr_sort ortung-fr_sort mittel-normal-fr_sort weit-fr_sort rfid-chip-fr_sort 03600-fr_sort 03700-fr_sort 03800-fr_sort 03900-fr_sort 04000-fr_sort 04100-fr_sort 04200-fr_sort 04300-fr_sort 04400-fr_sort 04500-fr_sort 04600-fr_sort 04700-fr_sort 04800-fr_sort aucun-fr_sort bleu-fr_sort chaussure-basse-fr_sort doublure-textile-fr_sort elten-fr_sort elten-transfoamers-fr_sort en-iso-20347-fr_sort esd-fr_sort lacets-fr_sort non-fr_sort o1-fr_sort semelles-interieures-fr_sort transfoamers-fr_sort  av_one_fourth first default_av_fullwidth '><article class='main_color inner-entry'  itemscope=\"itemscope\" itemtype=\"https:\/\/schema.org\/CreativeWork\" ><a href=\"https:\/\/elten.com\/fr\/products\/marais-blue-low-esd-o1-972070\/\" title='MARAIS blue Low ESD O1 &#8211; 972070'  data-rel='grid-1' class='grid-image avia-hover-fx'> <img decoding=\"async\" fetchpriority=\"high\" width=\"1\" height=\"1\" src=\"https:\/\/elten.com\/wp-content\/uploads\/products\/972070-01.jpg\" class=\"wp-image-370193 avia-img-lazy-loading-not-370193 attachment-portfolio_small size-portfolio_small wp-post-image\" alt=\"MARAIS blue Low ESD O1 - 972070\" \/><\/a><div class='grid-content'><div class='avia-arrow'><\/div><header class=\"entry-content-header\"><h3 class='grid-entry-title entry-title '  itemprop=\"headline\" ><a href='https:\/\/elten.com\/fr\/products\/marais-blue-low-esd-o1-972070\/' title='MARAIS blue Low ESD O1 &#8211; 972070'>MARAIS blue Low ESD O1 &#8211; 972070<\/a><\/h3><\/header><\/div><footer class=\"entry-footer\"><\/footer><\/article><\/div><div data-ajax-id='342517' class=' grid-entry flex_column isotope-item all_sort no_margin post-entry post-entry-342517 grid-entry-overview grid-loop-2 grid-parity-even  s1pl-fr_sort 10700_mander-malms-softastatic-sav-02-fr_sort 10800_mander-malms-softastatic-sa-pur-02-fr_sort 10100_esd-pro-fr_sort 50100_sensicare-fr_sort 10600_hartmann-9516-secosol-fr_sort 11000_seidl-sensoped-esd-3596-fr_sort 50600_currex-work-pro-fr_sort 10300_bauerfeind-ergo-pad-workh-fr_sort nitrile-fr_sort hro-fr_sort sr-fr_sort sans-cuir-fr_sort materiau-textile-fr_sort sportif-fr_sort embout-en-composite-fr_sort semelle-anti-perforation-non-metallique-fr_sort sc-fr_sort fo-fr_sort 04-unisex-fr_sort 05-divers-fr_sort ortung-fr_sort mittel-normal-fr_sort weit-fr_sort rfid-chip-fr_sort 03600-fr_sort 03700-fr_sort 03800-fr_sort 03900-fr_sort 04000-fr_sort 04100-fr_sort 04200-fr_sort 04300-fr_sort 04400-fr_sort 04500-fr_sort 04600-fr_sort 04700-fr_sort 04800-fr_sort chaussure-basse-fr_sort doublure-textile-fr_sort elten-fr_sort elten-transfoamers-fr_sort en-iso-20345-fr_sort esd-fr_sort lacets-fr_sort noir-fr_sort non-fr_sort semelles-interieures-fr_sort transfoamers-fr_sort  av_one_fourth  default_av_fullwidth '><article class='main_color inner-entry'  itemscope=\"itemscope\" itemtype=\"https:\/\/schema.org\/CreativeWork\" ><a href=\"https:\/\/elten.com\/fr\/products\/livas-black-red-low-esd-s1pl-720831\/\" title='LIVAS black-red Low ESD S1PL &#8211; 720831'  data-rel='grid-1' class='grid-image avia-hover-fx'> <img decoding=\"async\" fetchpriority=\"high\" width=\"1\" height=\"1\" src=\"https:\/\/elten.com\/wp-content\/uploads\/products\/720831-01.jpg\" class=\"wp-image-369569 avia-img-lazy-loading-not-369569 attachment-portfolio_small size-portfolio_small wp-post-image\" alt=\"LIVAS black-red Low ESD S1P - 720831\" \/><\/a><div class='grid-content'><div class='avia-arrow'><\/div><header class=\"entry-content-header\"><h3 class='grid-entry-title entry-title '  itemprop=\"headline\" ><a href='https:\/\/elten.com\/fr\/products\/livas-black-red-low-esd-s1pl-720831\/' title='LIVAS black-red Low ESD S1PL &#8211; 720831'>LIVAS black-red Low ESD S1PL &#8211; 720831<\/a><\/h3><\/header><\/div><footer class=\"entry-footer\"><\/footer><\/article><\/div><div data-ajax-id='342647' class=' grid-entry flex_column isotope-item all_sort no_margin post-entry post-entry-342647 grid-entry-overview grid-loop-3 grid-parity-odd  10700_mander-malms-softastatic-sav-02-fr_sort 10800_mander-malms-softastatic-sa-pur-02-fr_sort 10100_esd-pro-fr_sort 50100_sensicare-fr_sort 10600_hartmann-9516-secosol-fr_sort 11000_seidl-sensoped-esd-3596-fr_sort 50600_currex-work-pro-fr_sort 10300_bauerfeind-ergo-pad-workh-fr_sort embout-resistant-a-labrasion-fr_sort nitrile-fr_sort hro-fr_sort sr-fr_sort sans-cuir-fr_sort materiau-textile-fr_sort sportif-fr_sort embout-en-composite-fr_sort semelle-anti-perforation-non-metallique-fr_sort sc-fr_sort fo-fr_sort s3l-fr_sort boa-fit-system-fr_sort 04-unisex-fr_sort 05-divers-fr_sort ortung-fr_sort rfid-chip-fr_sort 03600-fr_sort 03700-fr_sort 03800-fr_sort 03900-fr_sort 04000-fr_sort 04100-fr_sort 04200-fr_sort 04300-fr_sort 04400-fr_sort 04500-fr_sort 04600-fr_sort 04700-fr_sort 04800-fr_sort boa-fr_sort chaussure-basse-fr_sort doublure-textile-fr_sort elten-fr_sort elten-transfoamers-fr_sort en-iso-20345-fr_sort esd-fr_sort noir-fr_sort non-fr_sort semelles-interieures-fr_sort transfoamers-fr_sort  av_one_fourth  default_av_fullwidth '><article class='main_color inner-entry'  itemscope=\"itemscope\" itemtype=\"https:\/\/schema.org\/CreativeWork\" ><a href=\"https:\/\/elten.com\/fr\/products\/joran-boa-yellow-low-esd-s3l-720861\/\" title='JORAN BOA\u00ae yellow Low ESD S3L &#8211; 720861'  data-rel='grid-1' class='grid-image avia-hover-fx'> <img decoding=\"async\" fetchpriority=\"high\" width=\"1\" height=\"1\" src=\"https:\/\/elten.com\/wp-content\/uploads\/products\/720861-01.jpg\" class=\"wp-image-338990 avia-img-lazy-loading-not-338990 attachment-portfolio_small size-portfolio_small wp-post-image\" alt=\"JORAN BOA\u00ae yellow Low ESD S3L - 720861\" \/><\/a><div class='grid-content'><div class='avia-arrow'><\/div><header class=\"entry-content-header\"><h3 class='grid-entry-title entry-title '  itemprop=\"headline\" ><a href='https:\/\/elten.com\/fr\/products\/joran-boa-yellow-low-esd-s3l-720861\/' title='JORAN BOA\u00ae yellow Low ESD S3L &#8211; 720861'>JORAN BOA\u00ae yellow Low ESD S3L &#8211; 720861<\/a><\/h3><\/header><\/div><footer class=\"entry-footer\"><\/footer><\/article><\/div><div data-ajax-id='342650' class=' grid-entry flex_column isotope-item all_sort no_margin post-entry post-entry-342650 grid-entry-overview grid-loop-4 grid-parity-even  post-entry-last  s1pl-fr_sort 10700_mander-malms-softastatic-sav-02-fr_sort 10800_mander-malms-softastatic-sa-pur-02-fr_sort 10100_esd-pro-fr_sort 50100_sensicare-fr_sort 10600_hartmann-9516-secosol-fr_sort 11000_seidl-sensoped-esd-3596-fr_sort 50600_currex-work-pro-fr_sort 10300_bauerfeind-ergo-pad-workh-fr_sort embout-resistant-a-labrasion-fr_sort nitrile-fr_sort hro-fr_sort sr-fr_sort sans-cuir-fr_sort materiau-textile-fr_sort sportif-fr_sort embout-en-composite-fr_sort semelle-anti-perforation-non-metallique-fr_sort sc-fr_sort fo-fr_sort 04-unisex-fr_sort 05-divers-fr_sort ortung-fr_sort rfid-chip-fr_sort 03600-fr_sort 03700-fr_sort 03800-fr_sort 03900-fr_sort 04000-fr_sort 04100-fr_sort 04200-fr_sort 04300-fr_sort 04400-fr_sort 04500-fr_sort 04600-fr_sort 04700-fr_sort 04800-fr_sort doublure-textile-fr_sort elten-fr_sort elten-transfoamers-fr_sort en-iso-20345-fr_sort esd-fr_sort fermeture-scratch-fr_sort noir-fr_sort non-fr_sort sandale-fr_sort sans-metal-fr_sort semelles-interieures-fr_sort transfoamers-fr_sort  av_one_fourth  default_av_fullwidth '><article class='main_color inner-entry'  itemscope=\"itemscope\" itemtype=\"https:\/\/schema.org\/CreativeWork\" ><a href=\"https:\/\/elten.com\/fr\/products\/joran-red-easy-esd-s1pl-710801\/\" title='JORAN red Easy ESD S1PL &#8211; 710801'  data-rel='grid-1' class='grid-image avia-hover-fx'> <img decoding=\"async\" fetchpriority=\"high\" width=\"1\" height=\"1\" src=\"https:\/\/elten.com\/wp-content\/uploads\/products\/710801-01.jpg\" class=\"wp-image-339185 avia-img-lazy-loading-not-339185 attachment-portfolio_small size-portfolio_small wp-post-image\" alt=\"JORAN red Easy ESD S1PL - 710801\" \/><\/a><div class='grid-content'><div class='avia-arrow'><\/div><header class=\"entry-content-header\"><h3 class='grid-entry-title entry-title '  itemprop=\"headline\" ><a href='https:\/\/elten.com\/fr\/products\/joran-red-easy-esd-s1pl-710801\/' title='JORAN red Easy ESD S1PL &#8211; 710801'>JORAN red Easy ESD S1PL &#8211; 710801<\/a><\/h3><\/header><\/div><footer class=\"entry-footer\"><\/footer><\/article><\/div><\/div><\/p><\/div><\/p>\n<div  class='avia-button-wrap av-lm60dq5l-6ec94b1cff4bf1286e70980e9304cfde-wrap avia-button-center  avia-builder-el-15  el_after_av_one_full  avia-builder-el-last '>\n<style type=\"text\/css\" data-created_by=\"avia_inline_auto\" id=\"style-css-av-lm60dq5l-6ec94b1cff4bf1286e70980e9304cfde\">\n#top #wrap_all .avia-button.av-lm60dq5l-6ec94b1cff4bf1286e70980e9304cfde{\nbackground-color:#dd0b2e;\nborder-color:#dd0b2e;\ncolor:#ffffff;\ntransition:all 0.4s ease-in-out;\n}\n<\/style>\n<a href='https:\/\/elten.com\/fr\/groupes-de-produits\/transfoamers-apercu\/'  class='avia-button av-lm60dq5l-6ec94b1cff4bf1286e70980e9304cfde avia-icon_select-no avia-size-medium avia-position-center'  ><span class='avia_iconbox_title' >Plus d\u00b4articles de ce groupe de produits<\/span><\/a><\/div>\n","protected":false},"excerpt":{"rendered":"","protected":false},"author":2,"featured_media":0,"parent":347931,"menu_order":20,"comment_status":"closed","ping_status":"closed","template":"","meta":{"footnotes":""},"categories":[564],"tags":[],"class_list":["post-347971","page","type-page","status-publish","hentry","category-produktgruppen-fr"],"yoast_head":"<!-- This site is optimized with the Yoast SEO Premium plugin v21.9 (Yoast SEO v21.9.1) - https:\/\/yoast.com\/wordpress\/plugins\/seo\/ -->\n<title>TRANSFOAMERS - ELTEN GmbH<\/title>\n<meta name=\"robots\" content=\"index, follow, max-snippet:-1, max-image-preview:large, max-video-preview:-1\" \/>\n<link rel=\"canonical\" href=\"https:\/\/elten.com\/fr\/groupes-de-produits\/transfoamers\/\" \/>\n<meta property=\"og:locale\" content=\"fr_FR\" \/>\n<meta property=\"og:type\" content=\"article\" \/>\n<meta property=\"og:title\" content=\"TRANSFOAMERS\" \/>\n<meta property=\"og:url\" content=\"https:\/\/elten.com\/fr\/groupes-de-produits\/transfoamers\/\" \/>\n<meta property=\"og:site_name\" content=\"ELTEN GmbH\" \/>\n<meta property=\"article:modified_time\" content=\"2025-08-12T08:14:39+00:00\" \/>\n<meta property=\"og:image\" content=\"https:\/\/elten.com\/wp-content\/uploads\/2023\/10\/TRANSFOAMERS-01-BATIS-black-red-Low-ESD-S1P_FR.jpg\" \/>\n<meta name=\"twitter:card\" content=\"summary_large_image\" \/>\n<meta name=\"twitter:label1\" content=\"Dur\u00e9e de lecture estim\u00e9e\" \/>\n\t<meta name=\"twitter:data1\" content=\"4 minutes\" \/>\n<script type=\"application\/ld+json\" class=\"yoast-schema-graph\">{\"@context\":\"https:\/\/schema.org\",\"@graph\":[{\"@type\":\"WebPage\",\"@id\":\"https:\/\/elten.com\/fr\/groupes-de-produits\/transfoamers\/\",\"url\":\"https:\/\/elten.com\/fr\/groupes-de-produits\/transfoamers\/\",\"name\":\"TRANSFOAMERS - ELTEN GmbH\",\"isPartOf\":{\"@id\":\"https:\/\/elten.com\/fr\/#website\"},\"datePublished\":\"2023-10-04T10:34:12+00:00\",\"dateModified\":\"2025-08-12T08:14:39+00:00\",\"breadcrumb\":{\"@id\":\"https:\/\/elten.com\/fr\/groupes-de-produits\/transfoamers\/#breadcrumb\"},\"inLanguage\":\"fr-FR\",\"potentialAction\":[{\"@type\":\"ReadAction\",\"target\":[\"https:\/\/elten.com\/fr\/groupes-de-produits\/transfoamers\/\"]}]},{\"@type\":\"BreadcrumbList\",\"@id\":\"https:\/\/elten.com\/fr\/groupes-de-produits\/transfoamers\/#breadcrumb\",\"itemListElement\":[{\"@type\":\"ListItem\",\"position\":1,\"name\":\"Startseite\",\"item\":\"https:\/\/elten.com\/fr\/\"},{\"@type\":\"ListItem\",\"position\":2,\"name\":\"Groupes de produits\",\"item\":\"https:\/\/elten.com\/fr\/?page_id=355498\"},{\"@type\":\"ListItem\",\"position\":3,\"name\":\"TRANSFOAMERS\"}]},{\"@type\":\"WebSite\",\"@id\":\"https:\/\/elten.com\/fr\/#website\",\"url\":\"https:\/\/elten.com\/fr\/\",\"name\":\"ELTEN GmbH\",\"description\":\"Sicherheitsschuhe | Arbeitsschuhe | LOWA WORK COLLECTION | ELTEN GmbH\",\"potentialAction\":[{\"@type\":\"SearchAction\",\"target\":{\"@type\":\"EntryPoint\",\"urlTemplate\":\"https:\/\/elten.com\/fr\/?s={search_term_string}\"},\"query-input\":\"required name=search_term_string\"}],\"inLanguage\":\"fr-FR\"}]}<\/script>\n<!-- \/ Yoast SEO Premium plugin. -->","yoast_head_json":{"title":"TRANSFOAMERS - ELTEN GmbH","robots":{"index":"index","follow":"follow","max-snippet":"max-snippet:-1","max-image-preview":"max-image-preview:large","max-video-preview":"max-video-preview:-1"},"canonical":"https:\/\/elten.com\/fr\/groupes-de-produits\/transfoamers\/","og_locale":"fr_FR","og_type":"article","og_title":"TRANSFOAMERS","og_url":"https:\/\/elten.com\/fr\/groupes-de-produits\/transfoamers\/","og_site_name":"ELTEN GmbH","article_modified_time":"2025-08-12T08:14:39+00:00","og_image":[{"url":"https:\/\/elten.com\/wp-content\/uploads\/2023\/10\/TRANSFOAMERS-01-BATIS-black-red-Low-ESD-S1P_FR.jpg"}],"twitter_card":"summary_large_image","twitter_misc":{"Dur\u00e9e de lecture estim\u00e9e":"4 minutes"},"schema":{"@context":"https:\/\/schema.org","@graph":[{"@type":"WebPage","@id":"https:\/\/elten.com\/fr\/groupes-de-produits\/transfoamers\/","url":"https:\/\/elten.com\/fr\/groupes-de-produits\/transfoamers\/","name":"TRANSFOAMERS - ELTEN GmbH","isPartOf":{"@id":"https:\/\/elten.com\/fr\/#website"},"datePublished":"2023-10-04T10:34:12+00:00","dateModified":"2025-08-12T08:14:39+00:00","breadcrumb":{"@id":"https:\/\/elten.com\/fr\/groupes-de-produits\/transfoamers\/#breadcrumb"},"inLanguage":"fr-FR","potentialAction":[{"@type":"ReadAction","target":["https:\/\/elten.com\/fr\/groupes-de-produits\/transfoamers\/"]}]},{"@type":"BreadcrumbList","@id":"https:\/\/elten.com\/fr\/groupes-de-produits\/transfoamers\/#breadcrumb","itemListElement":[{"@type":"ListItem","position":1,"name":"Startseite","item":"https:\/\/elten.com\/fr\/"},{"@type":"ListItem","position":2,"name":"Groupes de produits","item":"https:\/\/elten.com\/fr\/?page_id=355498"},{"@type":"ListItem","position":3,"name":"TRANSFOAMERS"}]},{"@type":"WebSite","@id":"https:\/\/elten.com\/fr\/#website","url":"https:\/\/elten.com\/fr\/","name":"ELTEN GmbH","description":"Sicherheitsschuhe | Arbeitsschuhe | LOWA WORK COLLECTION | ELTEN GmbH","potentialAction":[{"@type":"SearchAction","target":{"@type":"EntryPoint","urlTemplate":"https:\/\/elten.com\/fr\/?s={search_term_string}"},"query-input":"required name=search_term_string"}],"inLanguage":"fr-FR"}]}},"_links":{"self":[{"href":"https:\/\/elten.com\/fr\/wp-json\/wp\/v2\/pages\/347971","targetHints":{"allow":["GET"]}}],"collection":[{"href":"https:\/\/elten.com\/fr\/wp-json\/wp\/v2\/pages"}],"about":[{"href":"https:\/\/elten.com\/fr\/wp-json\/wp\/v2\/types\/page"}],"author":[{"embeddable":true,"href":"https:\/\/elten.com\/fr\/wp-json\/wp\/v2\/users\/2"}],"replies":[{"embeddable":true,"href":"https:\/\/elten.com\/fr\/wp-json\/wp\/v2\/comments?post=347971"}],"version-history":[{"count":3,"href":"https:\/\/elten.com\/fr\/wp-json\/wp\/v2\/pages\/347971\/revisions"}],"predecessor-version":[{"id":404445,"href":"https:\/\/elten.com\/fr\/wp-json\/wp\/v2\/pages\/347971\/revisions\/404445"}],"up":[{"embeddable":true,"href":"https:\/\/elten.com\/fr\/wp-json\/wp\/v2\/pages\/347931"}],"wp:attachment":[{"href":"https:\/\/elten.com\/fr\/wp-json\/wp\/v2\/media?parent=347971"}],"wp:term":[{"taxonomy":"category","embeddable":true,"href":"https:\/\/elten.com\/fr\/wp-json\/wp\/v2\/categories?post=347971"},{"taxonomy":"post_tag","embeddable":true,"href":"https:\/\/elten.com\/fr\/wp-json\/wp\/v2\/tags?post=347971"}],"curies":[{"name":"wp","href":"https:\/\/api.w.org\/{rel}","templated":true}]}}