{"id":348020,"date":"2023-10-04T13:35:24","date_gmt":"2023-10-04T11:35:24","guid":{"rendered":"http:\/\/relaunch.elten.com.w01ca985.kasserver.com\/?page_id=348020"},"modified":"2025-07-17T11:20:57","modified_gmt":"2025-07-17T09:20:57","slug":"miss-l10","status":"publish","type":"page","link":"https:\/\/elten.com\/fr\/groupes-de-produits\/miss-l10\/","title":{"rendered":"MISS L10"},"content":{"rendered":"<div id='av-layout-grid-1'  class='av-layout-grid-container av-11yi3zhr-9b8cd8a346e713fdf76160a29d0f1675 entry-content-wrapper main_color av-flex-cells  avia-builder-el-0  el_before_av_one_full  avia-builder-el-first  el-produktgruppen-head  container_wrap sidebar_right'  >\n\n<style type=\"text\/css\" data-created_by=\"avia_inline_auto\" id=\"style-css-av-105iag33-da08db93f093fb6bb033b4f6da0726f3\">\n.flex_cell.av-105iag33-da08db93f093fb6bb033b4f6da0726f3{\nvertical-align:top;\n}\n.responsive #top #wrap_all .flex_cell.av-105iag33-da08db93f093fb6bb033b4f6da0726f3{\npadding:0px 0px 0px 0px !important;\n}\n<\/style>\n<div class='flex_cell av-105iag33-da08db93f093fb6bb033b4f6da0726f3 av-gridrow-cell av_one_third no_margin  avia-builder-el-1  el_before_av_cell_one_third  avia-builder-el-first  av-zero-padding'  ><div class='flex_cell_inner'><p><section  class='av_textblock_section av-lm7ca16p-eff7590afee6818e13938f08740ffd1d '   itemscope=\"itemscope\" itemtype=\"https:\/\/schema.org\/CreativeWork\" ><div class='avia_textblock'  itemprop=\"text\" ><p><img loading=\"lazy\" decoding=\"async\" class=\"alignnone size-full wp-image-351764\" src=\"https:\/\/elten.com\/wp-content\/uploads\/2023\/10\/Miss-L10-01-FR-VINTAGE-Lady-Mid-ESD-S3.jpg\" alt=\"\" width=\"750\" height=\"750\" srcset=\"https:\/\/elten.com\/wp-content\/uploads\/2023\/10\/Miss-L10-01-FR-VINTAGE-Lady-Mid-ESD-S3.jpg 750w, https:\/\/elten.com\/wp-content\/uploads\/2023\/10\/Miss-L10-01-FR-VINTAGE-Lady-Mid-ESD-S3-300x300.jpg 300w, https:\/\/elten.com\/wp-content\/uploads\/2023\/10\/Miss-L10-01-FR-VINTAGE-Lady-Mid-ESD-S3-80x80.jpg 80w, https:\/\/elten.com\/wp-content\/uploads\/2023\/10\/Miss-L10-01-FR-VINTAGE-Lady-Mid-ESD-S3-36x36.jpg 36w, https:\/\/elten.com\/wp-content\/uploads\/2023\/10\/Miss-L10-01-FR-VINTAGE-Lady-Mid-ESD-S3-180x180.jpg 180w, https:\/\/elten.com\/wp-content\/uploads\/2023\/10\/Miss-L10-01-FR-VINTAGE-Lady-Mid-ESD-S3-705x705.jpg 705w\" sizes=\"auto, (max-width: 750px) 100vw, 750px\" \/><\/p>\n<\/div><\/section><br \/>\n<section  class='av_textblock_section av-lm7caqzw-74b30f76308fea0aadb5b728c77b8841 '   itemscope=\"itemscope\" itemtype=\"https:\/\/schema.org\/CreativeWork\" ><div class='av-small-hide av-mini-hide avia_textblock el-half-width-images'  itemprop=\"text\" ><p><a href=\"https:\/\/elten.com\/fr\/products\/ghost-lady-low-esd-s3-74171\/\"><img decoding=\"async\" src=\"https:\/\/elten.com\/wp-content\/uploads\/2023\/09\/Miss-L10-02-Detail-Label-1.jpg\" \/><\/a><a href=\"https:\/\/relaunch.elten.com.w01ca985.kasserver.com\/fr\/products\/sensation-lady-low-esd-s2-74106\/\"><img decoding=\"async\" src=\"https:\/\/elten.com\/wp-content\/uploads\/2023\/09\/MISS-L10-13-74106-SENSATION-LADY-LOW-ESD-S2.jpg\" \/><\/a><\/p>\n<\/div><\/section><\/p>\n<\/div><\/div>\n<style type=\"text\/css\" data-created_by=\"avia_inline_auto\" id=\"style-css-av-t38eu5r-3a1494692117de21760d53ce54083a61\">\n.flex_cell.av-t38eu5r-3a1494692117de21760d53ce54083a61{\nvertical-align:top;\n}\n.responsive #top #wrap_all .flex_cell.av-t38eu5r-3a1494692117de21760d53ce54083a61{\npadding:0px 0px 0px 0px !important;\n}\n<\/style>\n<div class='flex_cell av-t38eu5r-3a1494692117de21760d53ce54083a61 av-gridrow-cell av_one_third no_margin av-hide-on-mobile  avia-builder-el-4  el_after_av_cell_one_third  el_before_av_cell_one_third  av-zero-padding'  ><div class='flex_cell_inner'><p><section  class='av_textblock_section av-lm7cbrow-92c93b711b235a1f2f1ce5dd21a78605 '   itemscope=\"itemscope\" itemtype=\"https:\/\/schema.org\/CreativeWork\" ><div class='avia_textblock el-half-width-images'  itemprop=\"text\" ><p><img loading=\"lazy\" decoding=\"async\" class=\"alignnone\" src=\"https:\/\/elten.com\/wp-content\/uploads\/2023\/09\/MISS-L10-13-L10-Style.jpg\" alt=\"\" width=\"318\" height=\"318\" \/><img decoding=\"async\" src=\"https:\/\/elten.com\/wp-content\/uploads\/2023\/09\/Miss-L10-07-Emotion-Wild-Chicks-1.jpg\" \/><\/p>\n<\/div><\/section><br \/>\n<section  class='av_textblock_section av-lm7cd6gf-2fcb257f84659e6f872cadf71c9ff76f '   itemscope=\"itemscope\" itemtype=\"https:\/\/schema.org\/CreativeWork\" ><div class='avia_textblock'  itemprop=\"text\" ><p><a href=\"https:\/\/elten.com\/fr\/products\/sensation-lady-mid-esd-s2-74206\/\"><img decoding=\"async\" src=\"https:\/\/elten.com\/wp-content\/uploads\/2023\/09\/Miss-L10-05-Emotion-Wild-Chicks-2.jpg\" \/><\/a><\/p>\n<\/div><\/section><\/p>\n<\/div><\/div>\n<style type=\"text\/css\" data-created_by=\"avia_inline_auto\" id=\"style-css-av-qpjs0z3-b371b486aaf3e5a9e92079e2cdc54bb8\">\n.flex_cell.av-qpjs0z3-b371b486aaf3e5a9e92079e2cdc54bb8{\nvertical-align:top;\n}\n.responsive #top #wrap_all .flex_cell.av-qpjs0z3-b371b486aaf3e5a9e92079e2cdc54bb8{\npadding:0px 0px 0px 0px !important;\n}\n<\/style>\n<div class='flex_cell av-qpjs0z3-b371b486aaf3e5a9e92079e2cdc54bb8 av-gridrow-cell av_one_third no_margin av-hide-on-mobile  avia-builder-el-7  el_after_av_cell_one_third  avia-builder-el-last  av-zero-padding'  ><div class='flex_cell_inner'><p><section  class='av_textblock_section av-lm7cdq3y-375d7d5dee6d0c1d69797530dc19457e '   itemscope=\"itemscope\" itemtype=\"https:\/\/schema.org\/CreativeWork\" ><div class='avia_textblock'  itemprop=\"text\" ><p><a href=\"https:\/\/elten.com\/fr\/products\/ghost-lady-low-esd-s3-74171\/\"><img decoding=\"async\" src=\"https:\/\/elten.com\/wp-content\/uploads\/2023\/09\/Miss-L10-12-Emotion-Wild-Chicks-3.jpg\" \/><\/a><\/p>\n<\/div><\/section><br \/>\n<section  class='av_textblock_section av-lm7cf2xd-341c8a8da081b02caee52eaa24b04bf7 '   itemscope=\"itemscope\" itemtype=\"https:\/\/schema.org\/CreativeWork\" ><div class='avia_textblock el-half-width-images'  itemprop=\"text\" ><p><a href=\"https:\/\/elten.com\/fr\/products\/ghost-lady-low-esd-s3-74171\/\"><img decoding=\"async\" src=\"https:\/\/elten.com\/wp-content\/uploads\/2023\/09\/Miss-L10-10-GHOST-Lady-Low-ESD-S3.jpg\" \/><\/a><a href=\"https:\/\/elten.com\/fr\/products\/sensation-lady-mid-esd-s2-74206\/\"><img decoding=\"async\" src=\"https:\/\/elten.com\/wp-content\/uploads\/2023\/09\/Miss-L10-06-SENSATION-Lady-Mid-ESD-S2.jpg\" \/><\/a><\/p>\n<\/div><\/section><\/p>\n<\/div><\/div>\n<\/div><div id='after_grid_row_1'  class='main_color av_default_container_wrap container_wrap sidebar_right'  ><div class='container av-section-cont-open' ><div class='template-page content  av-content-small alpha units'><div class='post-entry post-entry-type-page post-entry-348020'><div class='entry-content-wrapper clearfix'>\n<div  class='flex_column av-lxzd7cf-9d66fa10cfe0641f1fbcd3b92b514290 av_one_full  avia-builder-el-10  el_after_av_layout_row  el_before_av_one_full  avia-builder-el-first  first flex_column_div  '     ><p>\n<style type=\"text\/css\" data-created_by=\"avia_inline_auto\" id=\"style-css-av-lm7chfgt-4751d643bdc32745f134b72228d7540f\">\n#top .av-special-heading.av-lm7chfgt-4751d643bdc32745f134b72228d7540f{\npadding-bottom:10px;\ncolor:#dd0b2e;\n}\nbody .av-special-heading.av-lm7chfgt-4751d643bdc32745f134b72228d7540f .av-special-heading-tag .heading-char{\nfont-size:25px;\n}\n.av-special-heading.av-lm7chfgt-4751d643bdc32745f134b72228d7540f .special-heading-inner-border{\nborder-color:#dd0b2e;\n}\n.av-special-heading.av-lm7chfgt-4751d643bdc32745f134b72228d7540f .av-subheading{\nfont-size:15px;\n}\n<\/style>\n<div  class='av-special-heading av-lm7chfgt-4751d643bdc32745f134b72228d7540f av-special-heading-h1 custom-color-heading  avia-builder-el-11  el_before_av_textblock  avia-builder-el-first '><h1 class='av-special-heading-tag'  itemprop=\"headline\"  >MISS L10<\/h1><div class=\"special-heading-border\"><div class=\"special-heading-inner-border\"><\/div><\/div><\/div><br \/>\n<section  class='av_textblock_section av-lm7chprx-a6a941815fa9d1e3817297ea5d190942 '   itemscope=\"itemscope\" itemtype=\"https:\/\/schema.org\/CreativeWork\" ><div class='avia_textblock'  itemprop=\"text\" ><h3>MAIS QUEL STYLE !<\/h3>\n<\/div><\/section><\/p><\/div>\n<div  class='flex_column av-frldbqn-b309efb327bb7ed012e35395e859db0f av_one_full  avia-builder-el-13  el_after_av_one_full  el_before_av_one_full  first flex_column_div  column-top-margin'     ><section  class='av_textblock_section av-lm7ci1au-2c599677a4073266b553e2c870e33e41 '   itemscope=\"itemscope\" itemtype=\"https:\/\/schema.org\/CreativeWork\" ><div class='avia_textblock'  itemprop=\"text\" ><h3>DES SNEAKERS DE S\u00c9CURIT\u00c9 POUR LES FEMMES !<\/h3>\n<p>Les femmes qui aiment la mode et leur travail ne veulent plus faire de compromis entre la s\u00e9curit\u00e9 et le design quand elles doivent choisir leurs chaussures de s\u00e9curit\u00e9. Pour elles, ELTEN a cr\u00e9\u00e9 MISS L10, une ligne de la collection L10 uniquement con\u00e7ue pour les femmes. Le design d\u00e9contract\u00e9 de ces chaussures se combine merveilleusement bien avec un chaussant plus \u00e9troit adapt\u00e9 \u00e0 l\u2019anatomie du pied f\u00e9minin. Les chaussures MISS L10 permettent de r\u00e9duire de mani\u00e8re significative les risques d\u2019entorse et de foulure et pr\u00e9viennent la formation de cloques ou de pin\u00e7ons. De plus, ces chaussures modiques sont presque indiscernables des chaussures loisirs, ainsi elles plairont \u00e0 toutes les femmes aimant rester branch\u00e9es en toutes circonstances.<\/p>\n<h3>TOUJOURS BELLES<\/h3>\n<p>Miss L10 est parfait pour pratiquement toutes les femmes et tous les domaines d\u2019utilisation. La Sensation Lady est par exemple tout simplement grandiose avec son look denim. En mat\u00e9riau textile et cuir nubuck imperm\u00e9abilis\u00e9, elle assure une protection fiable contre l\u2019eau. Sa fonctionnalit\u00e9 ESD permet \u00e9galement \u00e0 son utilisatrice de travailler en toute s\u00e9curit\u00e9 dans des zones prot\u00e9g\u00e9es contre les d\u00e9charges \u00e9lectrostatiques. La Vintage Lady avec son embout en acier et son insert anti-perforation non m\u00e9tallique saura-t-elle aussi convaincre toutes les femmes gr\u00e2ce \u00e0 son look r\u00e9tro en cuir cir\u00e9.<\/p>\n<h3>EN TOUTE S\u00c9CURIT\u00c9 PAR TOUS LES TEMPS<\/h3>\n<p>Un embout de protection et une semelle antid\u00e9rapante sont les incontournables de la s\u00e9rie. D\u00e9pendant de la classe de protection, les mod\u00e8les MISS L10 sont \u00e9quip\u00e9s de fonctionnalit\u00e9s suppl\u00e9mentaires : par exemple une compatibilit\u00e9 ESD permettant de travailler dans les zones sensibles aux d\u00e9charges \u00e9lectrostatiques ou un insert anti-perforation. Les mod\u00e8les Breezer, Vintage et Checker accompagneront leurs utilisatrices par tous les temps, peu importe qu\u2019il fait froid ou chaud ou qu\u2019il pleut. Toutes les MISS L10 assurent un bien-\u00eatre des pieds tout au long de la journ\u00e9e gr\u00e2ce \u00e0 une languette rembourr\u00e9e, \u00e0 une semelle int\u00e9rieure et une coupe f\u00e9minine confortable. La doublure en textile Bioactive assure une sensation de fra\u00eecheur du matin au soir : respirante, antibact\u00e9rienne et tr\u00e8s douce pour la peau, elle inhibe durablement le d\u00e9veloppement d\u2019odeurs d\u00e9sagr\u00e9ables.<\/p>\n<h3>PAR RESPECT DE L\u2019ENVIRONNEMENT ET DU CLIMAT<\/h3>\n<p>MISS L10 c\u2019est aussi le respect du climat et de l\u2019environnement. Tous les cuirs trait\u00e9s proviennent d\u2019une production allemande \u00e0 l\u2019empreinte carbone totalement neutre. ELTEN coop\u00e8re avec la seule usine de cuir allemande qui tanne encore uniquement en Allemagne. Le cuir provient \u00e0 100% de b\u0153ufs allemands ou n\u00e9erlandais. La quantit\u00e9 de produits chimiques utilis\u00e9s pour la production est r\u00e9duite au minimum ainsi que l\u2019\u00e9mission de CO2. De ce fait, toutes les chaussures de s\u00e9curit\u00e9 MISS L10 portent le certificat Terracare pour aider activement \u00e0 r\u00e9duire les \u00e9missions de CO2. De plus, tous les mod\u00e8les MISS L10 sont certifi\u00e9s pour des modifications et des semelles orthop\u00e9diques selon la r\u00e9glementation EN ISO 20345\/20347 (DGUV Regel 112-191). Ces adaptations peuvent \u00eatre ex\u00e9cut\u00e9es par des orthop\u00e9distes \u00e0 proximit\u00e9, tout cela sans perdre la certification en tant que chaussures de s\u00e9curit\u00e9.<\/p>\n<\/div><\/section><\/div><div  class='flex_column av-ane3bxr-25a4c1acc0f9668244dbee5c0b7b7dc7 av_one_full  avia-builder-el-15  el_after_av_one_full  el_before_av_button  first flex_column_div  column-top-margin'     ><p>\n<style type=\"text\/css\" data-created_by=\"avia_inline_auto\" id=\"style-css-av-o75sa7-673db25804a83f18787c8acc6f6e9f89\">\n#top .av-special-heading.av-o75sa7-673db25804a83f18787c8acc6f6e9f89{\npadding-bottom:10px;\n}\nbody .av-special-heading.av-o75sa7-673db25804a83f18787c8acc6f6e9f89 .av-special-heading-tag .heading-char{\nfont-size:25px;\n}\n.av-special-heading.av-o75sa7-673db25804a83f18787c8acc6f6e9f89 .av-subheading{\nfont-size:15px;\n}\n<\/style>\n<div  class='av-special-heading av-o75sa7-673db25804a83f18787c8acc6f6e9f89 av-special-heading-h3  avia-builder-el-16  el_before_av_portfolio  avia-builder-el-no-sibling '><h3 class='av-special-heading-tag'  itemprop=\"headline\"  >S\u00c9LECTION DES PRODUITS<\/h3><div class=\"special-heading-border\"><div class=\"special-heading-inner-border\"><\/div><\/div><\/div><br \/>\n<div  id=\"av-sc-portfolio-1\"  class=' grid-sort-container isotope   no_margin-container with-title-container grid-total-odd grid-col-4 grid-links-' data-portfolio-id='1'><div data-ajax-id='413177' class=' grid-entry flex_column isotope-item all_sort no_margin post-entry post-entry-413177 grid-entry-overview grid-loop-1 grid-parity-odd  10200_esd-pro-lady-fr_sort 50200_sensicare-lady-fr_sort 10900_perpedes-worker-2-fr_sort 10700_mander-malms-softastatic-sav-02-fr_sort 10800_mander-malms-softastatic-sa-pur-02-fr_sort 10600_hartmann-9516-secosol-fr_sort 11000_seidl-sensoped-esd-3596-fr_sort 50600_currex-work-pro-fr_sort 10300_bauerfeind-ergo-pad-workh-fr_sort 11100_schein-785-fr_sort sportif-fr_sort semelle-anti-perforation-non-metallique-fr_sort cuir-fr_sort embout-en-acier-fr_sort beleuchtung-fr_sort 05-divers-fr_sort mittel-normal-fr_sort tpu-fr_sort _bau-die-stylischen-fr_sort _einsatzgebiet-schreiner-tischler-fr_sort _einsatzgebiet-trockenbaumonteur-fr_sort 03500-fr_sort 03600-fr_sort 03700-fr_sort 03800-fr_sort 03900-fr_sort 04000-fr_sort 04100-fr_sort 04200-fr_sort chaussure-basse-fr_sort doublure-textile-fr_sort elten-fr_sort elten-miss-l10-fr_sort en-iso-20345-fr_sort esd-fr_sort 01-femmes-fr_sort gris-fr_sort lacets-fr_sort miss-l10-fr_sort non-fr_sort s3-fr_sort schreiner-und-tischler-fr_sort semelles-interieures-fr_sort trockenbau-fr_sort  av_one_fourth first default_av_fullwidth '><article class='main_color inner-entry'  itemscope=\"itemscope\" itemtype=\"https:\/\/schema.org\/CreativeWork\" ><a href=\"https:\/\/elten.com\/fr\/products\/vintage-lady-low-esd-s3-74101\/\" title='VINTAGE Lady Low ESD S3 &#8211; 74101'  data-rel='grid-1' class='grid-image avia-hover-fx'> <img decoding=\"async\" fetchpriority=\"high\" width=\"1\" height=\"1\" src=\"https:\/\/elten.com\/wp-content\/uploads\/products\/74101-01.jpg\" class=\"wp-image-422956 avia-img-lazy-loading-not-422956 attachment-portfolio_small size-portfolio_small wp-post-image\" alt=\"VINTAGE Lady Low ESD S3 - 74101\" \/><\/a><div class='grid-content'><div class='avia-arrow'><\/div><header class=\"entry-content-header\"><h3 class='grid-entry-title entry-title '  itemprop=\"headline\" ><a href='https:\/\/elten.com\/fr\/products\/vintage-lady-low-esd-s3-74101\/' title='VINTAGE Lady Low ESD S3 &#8211; 74101'>VINTAGE Lady Low ESD S3 &#8211; 74101<\/a><\/h3><\/header><\/div><footer class=\"entry-footer\"><\/footer><\/article><\/div><div data-ajax-id='413116' class=' grid-entry flex_column isotope-item all_sort no_margin post-entry post-entry-413116 grid-entry-overview grid-loop-2 grid-parity-even  10200_esd-pro-lady-fr_sort 50200_sensicare-lady-fr_sort 11000_seidl-sensoped-esd-3596-fr_sort 50600_currex-work-pro-fr_sort sr-fr_sort sans-cuir-fr_sort materiau-textile-fr_sort semelle-anti-perforation-non-metallique-fr_sort embout-en-acier-fr_sort fo-fr_sort beleuchtung-fr_sort 05-divers-fr_sort mono-pu-fr_sort mittel-normal-fr_sort s3s-fr_sort _einsatzgebiet-gastronomie-fr_sort _einsatzgebiet-maler-lackierer-fr_sort _einsatzgebiet-maler-lackierer-vorschau-fr_sort _einsatzgebiet-pflegeberufe-fr_sort 03500-fr_sort 03600-fr_sort 03700-fr_sort 03800-fr_sort 03900-fr_sort 04000-fr_sort 04100-fr_sort 04200-fr_sort blanc-fr_sort chaussure-basse-fr_sort doublure-textile-fr_sort elten-fr_sort elten-miss-l10-fr_sort en-iso-20345-fr_sort esd-fr_sort 01-femmes-fr_sort gastronomie-fr_sort lacets-fr_sort maler-und-lackierer-fr_sort miss-l10-fr_sort non-fr_sort pfelge-fr_sort semelles-interieures-fr_sort service-dinfirmerie-fr_sort  av_one_fourth  default_av_fullwidth '><article class='main_color inner-entry'  itemscope=\"itemscope\" itemtype=\"https:\/\/schema.org\/CreativeWork\" ><a href=\"https:\/\/elten.com\/fr\/products\/ghost-lady-low-esd-s3s-74171\/\" title='GHOST Lady Low ESD S3S &#8211; 74171'  data-rel='grid-1' class='grid-image avia-hover-fx'> <img decoding=\"async\" fetchpriority=\"high\" width=\"1\" height=\"1\" src=\"https:\/\/elten.com\/wp-content\/uploads\/products\/74171-01.jpg\" class=\"wp-image-412774 avia-img-lazy-loading-not-412774 attachment-portfolio_small size-portfolio_small wp-post-image\" alt=\"GHOST Lady Low ESD S3S - 74171\" \/><\/a><div class='grid-content'><div class='avia-arrow'><\/div><header class=\"entry-content-header\"><h3 class='grid-entry-title entry-title '  itemprop=\"headline\" ><a href='https:\/\/elten.com\/fr\/products\/ghost-lady-low-esd-s3s-74171\/' title='GHOST Lady Low ESD S3S &#8211; 74171'>GHOST Lady Low ESD S3S &#8211; 74171<\/a><\/h3><\/header><\/div><footer class=\"entry-footer\"><\/footer><\/article><\/div><div data-ajax-id='342079' class=' grid-entry flex_column isotope-item all_sort no_margin post-entry post-entry-342079 grid-entry-overview grid-loop-3 grid-parity-odd  post-entry-last  10200_esd-pro-lady-fr_sort 50200_sensicare-lady-fr_sort 10900_perpedes-worker-2-fr_sort 10700_mander-malms-softastatic-sav-02-fr_sort 10800_mander-malms-softastatic-sa-pur-02-fr_sort 10600_hartmann-9516-secosol-fr_sort 11000_seidl-sensoped-esd-3596-fr_sort 50600_currex-work-pro-fr_sort 11100_schein-785-fr_sort sportif-fr_sort melange-cuir-textile-fr_sort embout-en-acier-fr_sort beleuchtung-fr_sort 05-divers-fr_sort mittel-normal-fr_sort tpu-fr_sort 03500-fr_sort 03600-fr_sort 03700-fr_sort 03800-fr_sort 03900-fr_sort 04000-fr_sort 04100-fr_sort 04200-fr_sort aucun-fr_sort botte-forme-b-fr_sort doublure-textile-fr_sort elten-fr_sort elten-miss-l10-fr_sort en-iso-20345-fr_sort esd-fr_sort 01-femmes-fr_sort lacets-fr_sort miss-l10-fr_sort noir-fr_sort non-fr_sort s2-fr_sort semelles-interieures-fr_sort  av_one_fourth  default_av_fullwidth '><article class='main_color inner-entry'  itemscope=\"itemscope\" itemtype=\"https:\/\/schema.org\/CreativeWork\" ><a href=\"https:\/\/elten.com\/fr\/products\/sensation-lady-mid-esd-s2-74206\/\" title='SENSATION Lady Mid ESD S2 &#8211; 74206'  data-rel='grid-1' class='grid-image avia-hover-fx'> <img decoding=\"async\" fetchpriority=\"high\" width=\"1\" height=\"1\" src=\"https:\/\/elten.com\/wp-content\/uploads\/products\/74206-01.jpg\" class=\"wp-image-422828 avia-img-lazy-loading-not-422828 attachment-portfolio_small size-portfolio_small wp-post-image\" alt=\"SENSATION Lady Mid ESD S2 - 74206\" \/><\/a><div class='grid-content'><div class='avia-arrow'><\/div><header class=\"entry-content-header\"><h3 class='grid-entry-title entry-title '  itemprop=\"headline\" ><a href='https:\/\/elten.com\/fr\/products\/sensation-lady-mid-esd-s2-74206\/' title='SENSATION Lady Mid ESD S2 &#8211; 74206'>SENSATION Lady Mid ESD S2 &#8211; 74206<\/a><\/h3><\/header><\/div><footer class=\"entry-footer\"><\/footer><\/article><\/div><\/div><\/p><\/div><\/p>\n<div  class='avia-button-wrap av-lm7cikz0-d8b9f8a0945a39e6a0f60c66a09fabe9-wrap avia-button-center  avia-builder-el-18  el_after_av_one_full  avia-builder-el-last '>\n<style type=\"text\/css\" data-created_by=\"avia_inline_auto\" id=\"style-css-av-lm7cikz0-d8b9f8a0945a39e6a0f60c66a09fabe9\">\n#top #wrap_all .avia-button.av-lm7cikz0-d8b9f8a0945a39e6a0f60c66a09fabe9{\nbackground-color:#dd0b2e;\nborder-color:#dd0b2e;\ncolor:#ffffff;\ntransition:all 0.4s ease-in-out;\n}\n<\/style>\n<a href='https:\/\/elten.com\/fr\/groupes-de-produits\/miss-l10-apercu\/'  class='avia-button av-lm7cikz0-d8b9f8a0945a39e6a0f60c66a09fabe9 avia-icon_select-no avia-size-medium avia-position-center av-desktop-hide av-medium-hide av-small-hide av-mini-hide'  ><span class='avia_iconbox_title' >Plus d\u00b4articles de ce groupe de produits<\/span><\/a><\/div>\n","protected":false},"excerpt":{"rendered":"","protected":false},"author":2,"featured_media":0,"parent":347931,"menu_order":100,"comment_status":"closed","ping_status":"closed","template":"","meta":{"footnotes":""},"categories":[564],"tags":[],"class_list":["post-348020","page","type-page","status-publish","hentry","category-produktgruppen-fr"],"yoast_head":"<!-- This site is optimized with the Yoast SEO Premium plugin v21.9 (Yoast SEO v21.9.1) - https:\/\/yoast.com\/wordpress\/plugins\/seo\/ -->\n<title>MISS L10 - ELTEN GmbH<\/title>\n<meta name=\"robots\" content=\"index, follow, max-snippet:-1, max-image-preview:large, max-video-preview:-1\" \/>\n<link rel=\"canonical\" href=\"https:\/\/elten.com\/fr\/groupes-de-produits\/miss-l10\/\" \/>\n<meta property=\"og:locale\" content=\"fr_FR\" \/>\n<meta property=\"og:type\" content=\"article\" \/>\n<meta property=\"og:title\" content=\"MISS L10\" \/>\n<meta property=\"og:url\" content=\"https:\/\/elten.com\/fr\/groupes-de-produits\/miss-l10\/\" \/>\n<meta property=\"og:site_name\" content=\"ELTEN GmbH\" \/>\n<meta property=\"article:modified_time\" content=\"2025-07-17T09:20:57+00:00\" \/>\n<meta property=\"og:image\" content=\"https:\/\/elten.com\/wp-content\/uploads\/2023\/10\/Miss-L10-01-FR-VINTAGE-Lady-Mid-ESD-S3.jpg\" \/>\n<meta name=\"twitter:card\" content=\"summary_large_image\" \/>\n<meta name=\"twitter:label1\" content=\"Dur\u00e9e de lecture estim\u00e9e\" \/>\n\t<meta name=\"twitter:data1\" content=\"6 minutes\" \/>\n<script type=\"application\/ld+json\" class=\"yoast-schema-graph\">{\"@context\":\"https:\/\/schema.org\",\"@graph\":[{\"@type\":\"WebPage\",\"@id\":\"https:\/\/elten.com\/fr\/groupes-de-produits\/miss-l10\/\",\"url\":\"https:\/\/elten.com\/fr\/groupes-de-produits\/miss-l10\/\",\"name\":\"MISS L10 - ELTEN GmbH\",\"isPartOf\":{\"@id\":\"https:\/\/elten.com\/fr\/#website\"},\"datePublished\":\"2023-10-04T11:35:24+00:00\",\"dateModified\":\"2025-07-17T09:20:57+00:00\",\"breadcrumb\":{\"@id\":\"https:\/\/elten.com\/fr\/groupes-de-produits\/miss-l10\/#breadcrumb\"},\"inLanguage\":\"fr-FR\",\"potentialAction\":[{\"@type\":\"ReadAction\",\"target\":[\"https:\/\/elten.com\/fr\/groupes-de-produits\/miss-l10\/\"]}]},{\"@type\":\"BreadcrumbList\",\"@id\":\"https:\/\/elten.com\/fr\/groupes-de-produits\/miss-l10\/#breadcrumb\",\"itemListElement\":[{\"@type\":\"ListItem\",\"position\":1,\"name\":\"Startseite\",\"item\":\"https:\/\/elten.com\/fr\/\"},{\"@type\":\"ListItem\",\"position\":2,\"name\":\"Groupes de produits\",\"item\":\"https:\/\/elten.com\/fr\/?page_id=355498\"},{\"@type\":\"ListItem\",\"position\":3,\"name\":\"MISS L10\"}]},{\"@type\":\"WebSite\",\"@id\":\"https:\/\/elten.com\/fr\/#website\",\"url\":\"https:\/\/elten.com\/fr\/\",\"name\":\"ELTEN GmbH\",\"description\":\"Sicherheitsschuhe | Arbeitsschuhe | LOWA WORK COLLECTION | ELTEN GmbH\",\"potentialAction\":[{\"@type\":\"SearchAction\",\"target\":{\"@type\":\"EntryPoint\",\"urlTemplate\":\"https:\/\/elten.com\/fr\/?s={search_term_string}\"},\"query-input\":\"required name=search_term_string\"}],\"inLanguage\":\"fr-FR\"}]}<\/script>\n<!-- \/ Yoast SEO Premium plugin. -->","yoast_head_json":{"title":"MISS L10 - ELTEN GmbH","robots":{"index":"index","follow":"follow","max-snippet":"max-snippet:-1","max-image-preview":"max-image-preview:large","max-video-preview":"max-video-preview:-1"},"canonical":"https:\/\/elten.com\/fr\/groupes-de-produits\/miss-l10\/","og_locale":"fr_FR","og_type":"article","og_title":"MISS L10","og_url":"https:\/\/elten.com\/fr\/groupes-de-produits\/miss-l10\/","og_site_name":"ELTEN GmbH","article_modified_time":"2025-07-17T09:20:57+00:00","og_image":[{"url":"https:\/\/elten.com\/wp-content\/uploads\/2023\/10\/Miss-L10-01-FR-VINTAGE-Lady-Mid-ESD-S3.jpg"}],"twitter_card":"summary_large_image","twitter_misc":{"Dur\u00e9e de lecture estim\u00e9e":"6 minutes"},"schema":{"@context":"https:\/\/schema.org","@graph":[{"@type":"WebPage","@id":"https:\/\/elten.com\/fr\/groupes-de-produits\/miss-l10\/","url":"https:\/\/elten.com\/fr\/groupes-de-produits\/miss-l10\/","name":"MISS L10 - ELTEN GmbH","isPartOf":{"@id":"https:\/\/elten.com\/fr\/#website"},"datePublished":"2023-10-04T11:35:24+00:00","dateModified":"2025-07-17T09:20:57+00:00","breadcrumb":{"@id":"https:\/\/elten.com\/fr\/groupes-de-produits\/miss-l10\/#breadcrumb"},"inLanguage":"fr-FR","potentialAction":[{"@type":"ReadAction","target":["https:\/\/elten.com\/fr\/groupes-de-produits\/miss-l10\/"]}]},{"@type":"BreadcrumbList","@id":"https:\/\/elten.com\/fr\/groupes-de-produits\/miss-l10\/#breadcrumb","itemListElement":[{"@type":"ListItem","position":1,"name":"Startseite","item":"https:\/\/elten.com\/fr\/"},{"@type":"ListItem","position":2,"name":"Groupes de produits","item":"https:\/\/elten.com\/fr\/?page_id=355498"},{"@type":"ListItem","position":3,"name":"MISS L10"}]},{"@type":"WebSite","@id":"https:\/\/elten.com\/fr\/#website","url":"https:\/\/elten.com\/fr\/","name":"ELTEN GmbH","description":"Sicherheitsschuhe | Arbeitsschuhe | LOWA WORK COLLECTION | ELTEN GmbH","potentialAction":[{"@type":"SearchAction","target":{"@type":"EntryPoint","urlTemplate":"https:\/\/elten.com\/fr\/?s={search_term_string}"},"query-input":"required name=search_term_string"}],"inLanguage":"fr-FR"}]}},"_links":{"self":[{"href":"https:\/\/elten.com\/fr\/wp-json\/wp\/v2\/pages\/348020","targetHints":{"allow":["GET"]}}],"collection":[{"href":"https:\/\/elten.com\/fr\/wp-json\/wp\/v2\/pages"}],"about":[{"href":"https:\/\/elten.com\/fr\/wp-json\/wp\/v2\/types\/page"}],"author":[{"embeddable":true,"href":"https:\/\/elten.com\/fr\/wp-json\/wp\/v2\/users\/2"}],"replies":[{"embeddable":true,"href":"https:\/\/elten.com\/fr\/wp-json\/wp\/v2\/comments?post=348020"}],"version-history":[{"count":3,"href":"https:\/\/elten.com\/fr\/wp-json\/wp\/v2\/pages\/348020\/revisions"}],"predecessor-version":[{"id":402333,"href":"https:\/\/elten.com\/fr\/wp-json\/wp\/v2\/pages\/348020\/revisions\/402333"}],"up":[{"embeddable":true,"href":"https:\/\/elten.com\/fr\/wp-json\/wp\/v2\/pages\/347931"}],"wp:attachment":[{"href":"https:\/\/elten.com\/fr\/wp-json\/wp\/v2\/media?parent=348020"}],"wp:term":[{"taxonomy":"category","embeddable":true,"href":"https:\/\/elten.com\/fr\/wp-json\/wp\/v2\/categories?post=348020"},{"taxonomy":"post_tag","embeddable":true,"href":"https:\/\/elten.com\/fr\/wp-json\/wp\/v2\/tags?post=348020"}],"curies":[{"name":"wp","href":"https:\/\/api.w.org\/{rel}","templated":true}]}}