{"id":348027,"date":"2023-10-04T13:34:27","date_gmt":"2023-10-04T11:34:27","guid":{"rendered":"http:\/\/relaunch.elten.com.w01ca985.kasserver.com\/?page_id=348027"},"modified":"2023-10-04T13:34:27","modified_gmt":"2023-10-04T11:34:27","slug":"rss-feed-abonnieren","status":"publish","type":"page","link":"https:\/\/elten.com\/fr\/rss-feed-abonnieren\/","title":{"rendered":"RSS-Feed abonnieren"},"content":{"rendered":"<div id='av_section_1'  class='avia-section av-av_section-8c038a69d7b065b313c8996090138e7a main_color avia-section-default avia-no-border-styling  avia-builder-el-0  el_before_av_one_full  avia-builder-el-first  avia-bg-style-scroll container_wrap sidebar_right'  ><div class='container av-section-cont-open' ><main  role=\"main\" itemprop=\"mainContentOfPage\"  class='template-page content  av-content-small alpha units'><div class='post-entry post-entry-type-page post-entry-348027'><div class='entry-content-wrapper clearfix'>\n\n<style type=\"text\/css\" data-created_by=\"avia_inline_auto\" id=\"style-css-av-lm5wt5mr-3a9d082ae6e553d213503c3c1f711713\">\n#top .av-special-heading.av-lm5wt5mr-3a9d082ae6e553d213503c3c1f711713{\npadding-bottom:10px;\n}\nbody .av-special-heading.av-lm5wt5mr-3a9d082ae6e553d213503c3c1f711713 .av-special-heading-tag .heading-char{\nfont-size:25px;\n}\n.av-special-heading.av-lm5wt5mr-3a9d082ae6e553d213503c3c1f711713 .av-subheading{\nfont-size:15px;\n}\n\n@media only screen and (min-width: 990px){ \n.av-special-heading.av-lm5wt5mr-3a9d082ae6e553d213503c3c1f711713 .av-subheading{\nfont-size:15px;\n}\n}\n<\/style>\n<div  class='av-special-heading av-lm5wt5mr-3a9d082ae6e553d213503c3c1f711713 av-special-heading-h2 blockquote modern-quote  avia-builder-el-1  el_before_av_textblock  avia-builder-el-first '><div class='av-subheading av-subheading_above'><p>Behaltet den \u00dcberblick<\/p>\n<\/div><h2 class='av-special-heading-tag'  itemprop=\"headline\"  >Abonniert unseren RSS-Feed<\/h2><div class=\"special-heading-border\"><div class=\"special-heading-inner-border\"><\/div><\/div><\/div>\n<section  class='av_textblock_section av-lm5wtfux-ceabc3a0696d351fddc9abf2b4eea150 '   itemscope=\"itemscope\" itemtype=\"https:\/\/schema.org\/CreativeWork\" ><div class='avia_textblock'  itemprop=\"text\" ><p>Zun\u00e4chst ben\u00f6tigst du ein Programm, welches es erm\u00f6glicht RSS-Feeds zu abonnieren oder zu lesen, meist auch RSS-Reader genannt. Hier gibt es zahlreiche kostenlose Angebote im Internet. Aber auch die meisten Browser, u.a. der Internet Explorer, Firefox, Safari, Chrome etc. unterst\u00fctzen das Lesen dieser Feeds.<\/p>\n<p>\u00d6ffne folgenden Link mit einem RSS tauglichen Browser oder f\u00fcge den Link in Ihren RSS-Reader ein.<\/p>\n<p>Fertig ist der \u00dcberblick!<\/p>\n<\/div><\/section>\n<\/div><\/div><\/main><!-- close content main element --><\/div><\/div><div id='after_section_1'  class='main_color av_default_container_wrap container_wrap sidebar_right'  ><div class='container av-section-cont-open' ><div class='template-page content  av-content-small alpha units'><div class='post-entry post-entry-type-page post-entry-348027'><div class='entry-content-wrapper clearfix'><div  class='flex_column av-av_one_full-41ee899840124b6993b57a87f996c353 av_one_full  avia-builder-el-3  el_after_av_section  avia-builder-el-no-sibling  first flex_column_div  '     ><style type=\"text\/css\" data-created_by=\"avia_inline_auto\" id=\"style-css-av-lm5wweb6-fdfa699f54b02dbd3f40c035784f0095\">\n.iconbox.av-lm5wweb6-fdfa699f54b02dbd3f40c035784f0095 .iconbox_icon{\nbackground-color:#dd0b2e;\ncolor:#ffffff;\n}\n<\/style>\n<article  class='iconbox iconbox_left av-lm5wweb6-fdfa699f54b02dbd3f40c035784f0095  avia-builder-el-4  avia-builder-el-no-sibling '  itemscope=\"itemscope\" itemtype=\"https:\/\/schema.org\/CreativeWork\" ><div class=\"iconbox_content\"><header class=\"entry-content-header\"><a href='https:\/\/elten.com\/feed\/' title='RSS Feed'  class=\"iconbox_icon heading-color\" aria-hidden='true' data-av_icon='\ue907' data-av_iconfont='entypo-fontello'><\/a><h3 class='iconbox_content_title '  itemprop=\"headline\" ><a href='https:\/\/elten.com\/feed\/' title='RSS Feed' >RSS Feed<\/a><\/h3><\/header><div class='iconbox_content_container '  itemprop=\"text\" ><\/div><\/div><footer class=\"entry-footer\"><\/footer><\/article><\/div><\/p>\n","protected":false},"excerpt":{"rendered":"","protected":false},"author":2,"featured_media":0,"parent":0,"menu_order":0,"comment_status":"closed","ping_status":"closed","template":"","meta":{"footnotes":""},"categories":[],"tags":[],"class_list":["post-348027","page","type-page","status-publish","hentry"],"yoast_head":"<!-- This site is optimized with the Yoast SEO Premium plugin v21.9 (Yoast SEO v21.9.1) - https:\/\/yoast.com\/wordpress\/plugins\/seo\/ -->\n<title>RSS-Feed abonnieren - ELTEN GmbH<\/title>\n<meta name=\"robots\" content=\"index, follow, max-snippet:-1, max-image-preview:large, max-video-preview:-1\" \/>\n<link rel=\"canonical\" href=\"https:\/\/elten.com\/fr\/rss-feed-abonnieren\/\" \/>\n<meta property=\"og:locale\" content=\"fr_FR\" \/>\n<meta property=\"og:type\" content=\"article\" \/>\n<meta property=\"og:title\" content=\"RSS-Feed abonnieren\" \/>\n<meta property=\"og:url\" content=\"https:\/\/elten.com\/fr\/rss-feed-abonnieren\/\" \/>\n<meta property=\"og:site_name\" content=\"ELTEN GmbH\" \/>\n<meta name=\"twitter:card\" content=\"summary_large_image\" \/>\n<meta name=\"twitter:label1\" content=\"Dur\u00e9e de lecture estim\u00e9e\" \/>\n\t<meta name=\"twitter:data1\" content=\"3 minutes\" \/>\n<script type=\"application\/ld+json\" class=\"yoast-schema-graph\">{\"@context\":\"https:\/\/schema.org\",\"@graph\":[{\"@type\":\"WebPage\",\"@id\":\"https:\/\/elten.com\/fr\/rss-feed-abonnieren\/\",\"url\":\"https:\/\/elten.com\/fr\/rss-feed-abonnieren\/\",\"name\":\"RSS-Feed abonnieren - ELTEN GmbH\",\"isPartOf\":{\"@id\":\"https:\/\/elten.com\/fr\/#website\"},\"datePublished\":\"2023-10-04T11:34:27+00:00\",\"dateModified\":\"2023-10-04T11:34:27+00:00\",\"breadcrumb\":{\"@id\":\"https:\/\/elten.com\/fr\/rss-feed-abonnieren\/#breadcrumb\"},\"inLanguage\":\"fr-FR\",\"potentialAction\":[{\"@type\":\"ReadAction\",\"target\":[\"https:\/\/elten.com\/fr\/rss-feed-abonnieren\/\"]}]},{\"@type\":\"BreadcrumbList\",\"@id\":\"https:\/\/elten.com\/fr\/rss-feed-abonnieren\/#breadcrumb\",\"itemListElement\":[{\"@type\":\"ListItem\",\"position\":1,\"name\":\"Startseite\",\"item\":\"https:\/\/elten.com\/fr\/\"},{\"@type\":\"ListItem\",\"position\":2,\"name\":\"RSS-Feed abonnieren\"}]},{\"@type\":\"WebSite\",\"@id\":\"https:\/\/elten.com\/fr\/#website\",\"url\":\"https:\/\/elten.com\/fr\/\",\"name\":\"ELTEN GmbH\",\"description\":\"Sicherheitsschuhe | Arbeitsschuhe | LOWA WORK COLLECTION | ELTEN GmbH\",\"potentialAction\":[{\"@type\":\"SearchAction\",\"target\":{\"@type\":\"EntryPoint\",\"urlTemplate\":\"https:\/\/elten.com\/fr\/?s={search_term_string}\"},\"query-input\":\"required name=search_term_string\"}],\"inLanguage\":\"fr-FR\"}]}<\/script>\n<!-- \/ Yoast SEO Premium plugin. -->","yoast_head_json":{"title":"RSS-Feed abonnieren - ELTEN GmbH","robots":{"index":"index","follow":"follow","max-snippet":"max-snippet:-1","max-image-preview":"max-image-preview:large","max-video-preview":"max-video-preview:-1"},"canonical":"https:\/\/elten.com\/fr\/rss-feed-abonnieren\/","og_locale":"fr_FR","og_type":"article","og_title":"RSS-Feed abonnieren","og_url":"https:\/\/elten.com\/fr\/rss-feed-abonnieren\/","og_site_name":"ELTEN GmbH","twitter_card":"summary_large_image","twitter_misc":{"Dur\u00e9e de lecture estim\u00e9e":"3 minutes"},"schema":{"@context":"https:\/\/schema.org","@graph":[{"@type":"WebPage","@id":"https:\/\/elten.com\/fr\/rss-feed-abonnieren\/","url":"https:\/\/elten.com\/fr\/rss-feed-abonnieren\/","name":"RSS-Feed abonnieren - ELTEN GmbH","isPartOf":{"@id":"https:\/\/elten.com\/fr\/#website"},"datePublished":"2023-10-04T11:34:27+00:00","dateModified":"2023-10-04T11:34:27+00:00","breadcrumb":{"@id":"https:\/\/elten.com\/fr\/rss-feed-abonnieren\/#breadcrumb"},"inLanguage":"fr-FR","potentialAction":[{"@type":"ReadAction","target":["https:\/\/elten.com\/fr\/rss-feed-abonnieren\/"]}]},{"@type":"BreadcrumbList","@id":"https:\/\/elten.com\/fr\/rss-feed-abonnieren\/#breadcrumb","itemListElement":[{"@type":"ListItem","position":1,"name":"Startseite","item":"https:\/\/elten.com\/fr\/"},{"@type":"ListItem","position":2,"name":"RSS-Feed abonnieren"}]},{"@type":"WebSite","@id":"https:\/\/elten.com\/fr\/#website","url":"https:\/\/elten.com\/fr\/","name":"ELTEN GmbH","description":"Sicherheitsschuhe | Arbeitsschuhe | LOWA WORK COLLECTION | ELTEN GmbH","potentialAction":[{"@type":"SearchAction","target":{"@type":"EntryPoint","urlTemplate":"https:\/\/elten.com\/fr\/?s={search_term_string}"},"query-input":"required name=search_term_string"}],"inLanguage":"fr-FR"}]}},"_links":{"self":[{"href":"https:\/\/elten.com\/fr\/wp-json\/wp\/v2\/pages\/348027","targetHints":{"allow":["GET"]}}],"collection":[{"href":"https:\/\/elten.com\/fr\/wp-json\/wp\/v2\/pages"}],"about":[{"href":"https:\/\/elten.com\/fr\/wp-json\/wp\/v2\/types\/page"}],"author":[{"embeddable":true,"href":"https:\/\/elten.com\/fr\/wp-json\/wp\/v2\/users\/2"}],"replies":[{"embeddable":true,"href":"https:\/\/elten.com\/fr\/wp-json\/wp\/v2\/comments?post=348027"}],"version-history":[{"count":1,"href":"https:\/\/elten.com\/fr\/wp-json\/wp\/v2\/pages\/348027\/revisions"}],"predecessor-version":[{"id":348098,"href":"https:\/\/elten.com\/fr\/wp-json\/wp\/v2\/pages\/348027\/revisions\/348098"}],"wp:attachment":[{"href":"https:\/\/elten.com\/fr\/wp-json\/wp\/v2\/media?parent=348027"}],"wp:term":[{"taxonomy":"category","embeddable":true,"href":"https:\/\/elten.com\/fr\/wp-json\/wp\/v2\/categories?post=348027"},{"taxonomy":"post_tag","embeddable":true,"href":"https:\/\/elten.com\/fr\/wp-json\/wp\/v2\/tags?post=348027"}],"curies":[{"name":"wp","href":"https:\/\/api.w.org\/{rel}","templated":true}]}}