{"id":348130,"date":"2023-10-04T13:47:30","date_gmt":"2023-10-04T11:47:30","guid":{"rendered":"http:\/\/relaunch.elten.com.w01ca985.kasserver.com\/?page_id=348130"},"modified":"2023-10-17T15:21:41","modified_gmt":"2023-10-17T13:21:41","slug":"technologie","status":"publish","type":"page","link":"https:\/\/elten.com\/fr\/technologie\/","title":{"rendered":"Technologies"},"content":{"rendered":"<div  class='flex_column av-1n1ap-f2ec86bacdfc9aae6ea1f4b17cb74083 av_one_full  avia-builder-el-0  el_before_av_one_full  avia-builder-el-first  first flex_column_div av-animated-generic top-to-bottom  '     ><style type=\"text\/css\" data-created_by=\"avia_inline_auto\" id=\"style-css-av-14va9-c39020f9003c3e3f2e1912aecc1f0a55\">\n#top .av-special-heading.av-14va9-c39020f9003c3e3f2e1912aecc1f0a55{\npadding-bottom:0;\n}\nbody .av-special-heading.av-14va9-c39020f9003c3e3f2e1912aecc1f0a55 .av-special-heading-tag .heading-char{\nfont-size:25px;\n}\n.av-special-heading.av-14va9-c39020f9003c3e3f2e1912aecc1f0a55 .av-subheading{\nfont-size:15px;\n}\n<\/style>\n<div  class='av-special-heading av-14va9-c39020f9003c3e3f2e1912aecc1f0a55 av-special-heading-h2 blockquote modern-quote  avia-builder-el-1  avia-builder-el-no-sibling '><h2 class='av-special-heading-tag'  itemprop=\"headline\"  >TECHNOLOGIES<\/h2><div class=\"special-heading-border\"><div class=\"special-heading-inner-border\"><\/div><\/div><\/div><\/div><div  class='flex_column av-1fje1-21d988c11b8b457887df3b35fd57f136 av_one_full  avia-builder-el-2  el_after_av_one_full  el_before_av_one_full  first flex_column_div av-animated-generic fade-in  column-top-margin'     ><p>\n<style type=\"text\/css\" data-created_by=\"avia_inline_auto\" id=\"style-css-av-llkropkp-f967297e801da682fa16e7e26033390a\">\n#top .av-special-heading.av-llkropkp-f967297e801da682fa16e7e26033390a{\npadding-bottom:10px;\n}\nbody .av-special-heading.av-llkropkp-f967297e801da682fa16e7e26033390a .av-special-heading-tag .heading-char{\nfont-size:25px;\n}\n.av-special-heading.av-llkropkp-f967297e801da682fa16e7e26033390a .av-subheading{\nfont-size:15px;\n}\n<\/style>\n<div  class='av-special-heading av-llkropkp-f967297e801da682fa16e7e26033390a av-special-heading-h3 blockquote modern-quote  avia-builder-el-3  el_before_av_textblock  avia-builder-el-first '><h3 class='av-special-heading-tag'  itemprop=\"headline\"  >PLUS QUE LE STANDARD<\/h3><div class=\"special-heading-border\"><div class=\"special-heading-inner-border\"><\/div><\/div><\/div><br \/>\n<section  class='av_textblock_section av-wwbp-403e018dd8dc3c9a55f264ef03cd2299 '   itemscope=\"itemscope\" itemtype=\"https:\/\/schema.org\/CreativeWork\" ><div class='avia_textblock'  itemprop=\"text\" ><p>Nous voulons que vous pouvez travailler de mani\u00e8re s\u00fbre et profitant du meilleur confort possible quand vous portez nos chaussures de s\u00e9curit\u00e9. C\u2019est pour cela que nous mettons en \u0153uvre tout notre savoir-faire. Et encore plus : en coop\u00e9ration avec des universit\u00e9s et des experts m\u00e9dicaux, nous d\u00e9veloppons des technologies innovatrices \u2013 et concevons nos mod\u00e8les d\u2019une telle fa\u00e7on qu\u2019ils s\u2019adaptent parfaitement aux besoins des lieux de travail contemporains. Qu\u2019il s\u2019agit du travail \u00e0 l\u2019int\u00e9rieur ou \u00e0 l\u2019ext\u00e9rieur, des sols lisses industriels ou des terrains glissants ou accident\u00e9s. Ind\u00e9pendant de l\u2019humidit\u00e9, du froid et de la chaleur. Pour un niveau de s\u00e9curit\u00e9 et de confort qui exc\u00e8de souvent les normes obligatoires.<\/p>\n<\/div><\/section><\/p><\/div><div  class='flex_column av-u6k9-f4e782c8f3a60b0940a587b3de4b6891 av_one_full  avia-builder-el-5  el_after_av_one_full  avia-builder-el-last  first flex_column_div av-animated-generic fade-in  column-top-margin'     ><p>\n<style type=\"text\/css\" data-created_by=\"avia_inline_auto\" id=\"style-css-av-llkrqdu1-55bcf79d77894303f042a5fbddfdf41e\">\n#top .av-special-heading.av-llkrqdu1-55bcf79d77894303f042a5fbddfdf41e{\npadding-bottom:10px;\n}\nbody .av-special-heading.av-llkrqdu1-55bcf79d77894303f042a5fbddfdf41e .av-special-heading-tag .heading-char{\nfont-size:25px;\n}\n.av-special-heading.av-llkrqdu1-55bcf79d77894303f042a5fbddfdf41e .av-subheading{\nfont-size:15px;\n}\n<\/style>\n<div  class='av-special-heading av-llkrqdu1-55bcf79d77894303f042a5fbddfdf41e av-special-heading-h3 blockquote modern-quote  avia-builder-el-6  el_before_av_textblock  avia-builder-el-first '><h3 class='av-special-heading-tag'  itemprop=\"headline\"  >CONTINUER \u00c0 R\u00c9FL\u00c9CHIR EST OBLIGATOIRE \u2013 IL N\u2019EST JAMAIS TROP T\u00d4T POUR LES INNOVATIONS<\/h3><div class=\"special-heading-border\"><div class=\"special-heading-inner-border\"><\/div><\/div><\/div><br \/>\n<section  class='av_textblock_section av-llkrqj6m-919cd60bb7e12ae9a8ce75f20c7819a6 '   itemscope=\"itemscope\" itemtype=\"https:\/\/schema.org\/CreativeWork\" ><div class='avia_textblock'  itemprop=\"text\" ><p>Ceux qui s\u2019arr\u00eatent vont d\u00e9crocher. Cette philosophie est \u00e0 la base de l\u2019esprit innovateur que vous connaissez d\u2019ELTEN d\u00e9j\u00e0 depuis des d\u00e9cennies. Gr\u00e2ce \u00e0 un grand nombre de propres d\u00e9veloppements, nous pouvions encore et toujours \u00e9tablir de nouveaux standards en termes de s\u00e9curit\u00e9 au lieu de travail. Des innovations majeures telles que ERGO-ACTIVE, SAFETY-GRIP, BIOMEX PROTECTION\u00a9 ou BIOMEX DYNAMICS ont \u00e9t\u00e9 cr\u00e9\u00e9es par l\u2019action conjugu\u00e9e de nos propres experts de d\u00e9veloppement et des universit\u00e9s, de la recherche high-tech et des m\u00e9decins des instituts renomm\u00e9s de la m\u00e9decine du sport. De plus, des visions ambitieuses d\u2019avenir ont d\u00e9j\u00e0 \u00e9t\u00e9 amorc\u00e9es \u2013 par exemple la chaussure de s\u00e9curit\u00e9 dynamique et \u00ab r\u00e9fl\u00e9chissante \u00bb.<\/p>\n<\/div><\/section><\/p><\/div><\/p>\n","protected":false},"excerpt":{"rendered":"","protected":false},"author":2,"featured_media":0,"parent":0,"menu_order":0,"comment_status":"closed","ping_status":"closed","template":"","meta":{"footnotes":""},"categories":[567],"tags":[],"class_list":["post-348130","page","type-page","status-publish","hentry","category-technologie-fr"],"yoast_head":"<!-- This site is optimized with the Yoast SEO Premium plugin v21.9 (Yoast SEO v21.9.1) - https:\/\/yoast.com\/wordpress\/plugins\/seo\/ -->\n<title>Technologies - ELTEN GmbH<\/title>\n<meta name=\"robots\" content=\"index, follow, max-snippet:-1, max-image-preview:large, max-video-preview:-1\" \/>\n<link rel=\"canonical\" href=\"https:\/\/elten.com\/fr\/technologie\/\" \/>\n<meta property=\"og:locale\" content=\"fr_FR\" \/>\n<meta property=\"og:type\" content=\"article\" \/>\n<meta property=\"og:title\" content=\"Technologies\" \/>\n<meta property=\"og:url\" content=\"https:\/\/elten.com\/fr\/technologie\/\" \/>\n<meta property=\"og:site_name\" content=\"ELTEN GmbH\" \/>\n<meta property=\"article:modified_time\" content=\"2023-10-17T13:21:41+00:00\" \/>\n<meta name=\"twitter:card\" content=\"summary_large_image\" \/>\n<meta name=\"twitter:label1\" content=\"Dur\u00e9e de lecture estim\u00e9e\" \/>\n\t<meta name=\"twitter:data1\" content=\"5 minutes\" \/>\n<script type=\"application\/ld+json\" class=\"yoast-schema-graph\">{\"@context\":\"https:\/\/schema.org\",\"@graph\":[{\"@type\":\"WebPage\",\"@id\":\"https:\/\/elten.com\/fr\/technologie\/\",\"url\":\"https:\/\/elten.com\/fr\/technologie\/\",\"name\":\"Technologies - ELTEN GmbH\",\"isPartOf\":{\"@id\":\"https:\/\/elten.com\/fr\/#website\"},\"datePublished\":\"2023-10-04T11:47:30+00:00\",\"dateModified\":\"2023-10-17T13:21:41+00:00\",\"breadcrumb\":{\"@id\":\"https:\/\/elten.com\/fr\/technologie\/#breadcrumb\"},\"inLanguage\":\"fr-FR\",\"potentialAction\":[{\"@type\":\"ReadAction\",\"target\":[\"https:\/\/elten.com\/fr\/technologie\/\"]}]},{\"@type\":\"BreadcrumbList\",\"@id\":\"https:\/\/elten.com\/fr\/technologie\/#breadcrumb\",\"itemListElement\":[{\"@type\":\"ListItem\",\"position\":1,\"name\":\"Startseite\",\"item\":\"https:\/\/elten.com\/fr\/\"},{\"@type\":\"ListItem\",\"position\":2,\"name\":\"Technologies\"}]},{\"@type\":\"WebSite\",\"@id\":\"https:\/\/elten.com\/fr\/#website\",\"url\":\"https:\/\/elten.com\/fr\/\",\"name\":\"ELTEN GmbH\",\"description\":\"Sicherheitsschuhe | Arbeitsschuhe | LOWA WORK COLLECTION | ELTEN GmbH\",\"potentialAction\":[{\"@type\":\"SearchAction\",\"target\":{\"@type\":\"EntryPoint\",\"urlTemplate\":\"https:\/\/elten.com\/fr\/?s={search_term_string}\"},\"query-input\":\"required name=search_term_string\"}],\"inLanguage\":\"fr-FR\"}]}<\/script>\n<!-- \/ Yoast SEO Premium plugin. -->","yoast_head_json":{"title":"Technologies - ELTEN GmbH","robots":{"index":"index","follow":"follow","max-snippet":"max-snippet:-1","max-image-preview":"max-image-preview:large","max-video-preview":"max-video-preview:-1"},"canonical":"https:\/\/elten.com\/fr\/technologie\/","og_locale":"fr_FR","og_type":"article","og_title":"Technologies","og_url":"https:\/\/elten.com\/fr\/technologie\/","og_site_name":"ELTEN GmbH","article_modified_time":"2023-10-17T13:21:41+00:00","twitter_card":"summary_large_image","twitter_misc":{"Dur\u00e9e de lecture estim\u00e9e":"5 minutes"},"schema":{"@context":"https:\/\/schema.org","@graph":[{"@type":"WebPage","@id":"https:\/\/elten.com\/fr\/technologie\/","url":"https:\/\/elten.com\/fr\/technologie\/","name":"Technologies - ELTEN GmbH","isPartOf":{"@id":"https:\/\/elten.com\/fr\/#website"},"datePublished":"2023-10-04T11:47:30+00:00","dateModified":"2023-10-17T13:21:41+00:00","breadcrumb":{"@id":"https:\/\/elten.com\/fr\/technologie\/#breadcrumb"},"inLanguage":"fr-FR","potentialAction":[{"@type":"ReadAction","target":["https:\/\/elten.com\/fr\/technologie\/"]}]},{"@type":"BreadcrumbList","@id":"https:\/\/elten.com\/fr\/technologie\/#breadcrumb","itemListElement":[{"@type":"ListItem","position":1,"name":"Startseite","item":"https:\/\/elten.com\/fr\/"},{"@type":"ListItem","position":2,"name":"Technologies"}]},{"@type":"WebSite","@id":"https:\/\/elten.com\/fr\/#website","url":"https:\/\/elten.com\/fr\/","name":"ELTEN GmbH","description":"Sicherheitsschuhe | Arbeitsschuhe | LOWA WORK COLLECTION | ELTEN GmbH","potentialAction":[{"@type":"SearchAction","target":{"@type":"EntryPoint","urlTemplate":"https:\/\/elten.com\/fr\/?s={search_term_string}"},"query-input":"required name=search_term_string"}],"inLanguage":"fr-FR"}]}},"_links":{"self":[{"href":"https:\/\/elten.com\/fr\/wp-json\/wp\/v2\/pages\/348130","targetHints":{"allow":["GET"]}}],"collection":[{"href":"https:\/\/elten.com\/fr\/wp-json\/wp\/v2\/pages"}],"about":[{"href":"https:\/\/elten.com\/fr\/wp-json\/wp\/v2\/types\/page"}],"author":[{"embeddable":true,"href":"https:\/\/elten.com\/fr\/wp-json\/wp\/v2\/users\/2"}],"replies":[{"embeddable":true,"href":"https:\/\/elten.com\/fr\/wp-json\/wp\/v2\/comments?post=348130"}],"version-history":[{"count":3,"href":"https:\/\/elten.com\/fr\/wp-json\/wp\/v2\/pages\/348130\/revisions"}],"predecessor-version":[{"id":352627,"href":"https:\/\/elten.com\/fr\/wp-json\/wp\/v2\/pages\/348130\/revisions\/352627"}],"wp:attachment":[{"href":"https:\/\/elten.com\/fr\/wp-json\/wp\/v2\/media?parent=348130"}],"wp:term":[{"taxonomy":"category","embeddable":true,"href":"https:\/\/elten.com\/fr\/wp-json\/wp\/v2\/categories?post=348130"},{"taxonomy":"post_tag","embeddable":true,"href":"https:\/\/elten.com\/fr\/wp-json\/wp\/v2\/tags?post=348130"}],"curies":[{"name":"wp","href":"https:\/\/api.w.org\/{rel}","templated":true}]}}