{"id":348148,"date":"2023-10-04T13:51:55","date_gmt":"2023-10-04T11:51:55","guid":{"rendered":"http:\/\/relaunch.elten.com.w01ca985.kasserver.com\/?page_id=348148"},"modified":"2023-11-14T17:03:28","modified_gmt":"2023-11-14T16:03:28","slug":"noch-mehr-sicherheit","status":"publish","type":"page","link":"https:\/\/elten.com\/fr\/technologie\/noch-mehr-sicherheit\/","title":{"rendered":"Encore davantage de s\u00e9curit\u00e9"},"content":{"rendered":"<div  class='flex_column av-2eanlg-14a0893c22ca23fc13571897f33e0154 av_one_full  avia-builder-el-0  el_before_av_one_half  avia-builder-el-first  first flex_column_div av-animated-generic fade-in  '     ><p>\n<style type=\"text\/css\" data-created_by=\"avia_inline_auto\" id=\"style-css-av-lmomkxon-6ca0a2b9be521bc10aa20eaa5fd2e1dc\">\n#top .av-special-heading.av-lmomkxon-6ca0a2b9be521bc10aa20eaa5fd2e1dc{\npadding-bottom:10px;\n}\nbody .av-special-heading.av-lmomkxon-6ca0a2b9be521bc10aa20eaa5fd2e1dc .av-special-heading-tag .heading-char{\nfont-size:25px;\n}\n.av-special-heading.av-lmomkxon-6ca0a2b9be521bc10aa20eaa5fd2e1dc .av-subheading{\nfont-size:15px;\n}\n<\/style>\n<div  class='av-special-heading av-lmomkxon-6ca0a2b9be521bc10aa20eaa5fd2e1dc av-special-heading-h2 blockquote modern-quote  avia-builder-el-1  el_before_av_textblock  avia-builder-el-first '><h2 class='av-special-heading-tag'  itemprop=\"headline\"  >ENCORE DAVANTAGE DE S\u00c9CURIT\u00c9<\/h2><div class=\"special-heading-border\"><div class=\"special-heading-inner-border\"><\/div><\/div><\/div><br \/>\n<section  class='av_textblock_section av-lmomn6yx-61fb9cf1341a37930c7af942f6c36e06 '   itemscope=\"itemscope\" itemtype=\"https:\/\/schema.org\/CreativeWork\" ><div class='avia_textblock'  itemprop=\"text\" ><p>Protection des pieds par ELTEN : autrement dit, s\u00e9curit\u00e9 conforme aux normes europ\u00e9ennes et \u00e9quipement de protection dont les composants prot\u00e8gent pr\u00e9cis\u00e9ment des diff\u00e9rents risques li\u00e9s au lieu de travail. La protection s\u2019appuie naturellement sur les derni\u00e8res avanc\u00e9es technologiques et une certification conforme aux classes de protection S1, S1P, S2 et S3. Toutefois, une bonne protection des pieds implique de remplir des crit\u00e8res suppl\u00e9mentaires.<\/p>\n<\/div><\/section><\/p><\/div>\n<div  class='flex_column av-29h8jg-c65612b06020545fa0f4d962d3d1219b av_one_half  avia-builder-el-3  el_after_av_one_full  el_before_av_one_half  first flex_column_div  column-top-margin'     ><p>\n<style type=\"text\/css\" data-created_by=\"avia_inline_auto\" id=\"style-css-av-lmompi9p-dbb85d25d81861f9620fc0e9b23e0934\">\n#top .av-special-heading.av-lmompi9p-dbb85d25d81861f9620fc0e9b23e0934{\npadding-bottom:10px;\n}\nbody .av-special-heading.av-lmompi9p-dbb85d25d81861f9620fc0e9b23e0934 .av-special-heading-tag .heading-char{\nfont-size:25px;\n}\n.av-special-heading.av-lmompi9p-dbb85d25d81861f9620fc0e9b23e0934 .av-subheading{\nfont-size:15px;\n}\n<\/style>\n<div  class='av-special-heading av-lmompi9p-dbb85d25d81861f9620fc0e9b23e0934 av-special-heading-h2 blockquote modern-quote  avia-builder-el-4  el_before_av_textblock  avia-builder-el-first '><h2 class='av-special-heading-tag'  itemprop=\"headline\"  >MAT\u00c9RIAU R\u00c9FL\u00c9CHISSANT<\/h2><div class=\"special-heading-border\"><div class=\"special-heading-inner-border\"><\/div><\/div><\/div><br \/>\n<section  class='av_textblock_section av-lmompt2s-b61b25786df5d1d2195733353c64303b '   itemscope=\"itemscope\" itemtype=\"https:\/\/schema.org\/CreativeWork\" ><div class='avia_textblock'  itemprop=\"text\" ><p>\u00c0 l\u2019aube, au cr\u00e9puscule, dans l\u2019ombre, de nuit ou par mauvais temps, les personnes qui portent des v\u00eatements sombres ne sont perceptibles qu\u2019\u00e0 30 m\u00e8tres de distance. Un \u00e9quipement dot\u00e9 de mat\u00e9riaux r\u00e9fl\u00e9chissants offre une protection suppl\u00e9mentaire et permet d\u2019\u00eatre vu quelles que soient les conditions m\u00e9t\u00e9orologiques et de luminosit\u00e9.<\/p>\n<\/div><\/section><\/p><\/div>\n<div  class='flex_column av-22iung-2e62adcd5613854394730b98be7d6997 av_one_half  avia-builder-el-6  el_after_av_one_half  el_before_av_hr  flex_column_div  column-top-margin'     ><style type=\"text\/css\" data-created_by=\"avia_inline_auto\" id=\"style-css-av-6ut4c-0d6cb63c9d63c03dc906d2eae6feead4\">\n.avia-image-container.av-6ut4c-0d6cb63c9d63c03dc906d2eae6feead4 img.avia_image{\nbox-shadow:none;\n}\n.avia-image-container.av-6ut4c-0d6cb63c9d63c03dc906d2eae6feead4 .av-image-caption-overlay-center{\ncolor:#ffffff;\n}\n<\/style>\n<div  class='avia-image-container av-6ut4c-0d6cb63c9d63c03dc906d2eae6feead4 av-styling- avia-align-center  avia-builder-el-7  avia-builder-el-no-sibling '   itemprop=\"image\" itemscope=\"itemscope\" itemtype=\"https:\/\/schema.org\/ImageObject\" ><div class=\"avia-image-container-inner\"><div class=\"avia-image-overlay-wrap\"><img decoding=\"async\" fetchpriority=\"high\" class='wp-image-352152 avia-img-lazy-loading-not-352152 avia_image ' src=\"https:\/\/elten.com\/wp-content\/uploads\/2023\/10\/Sander-XXT_Reflektion-300x180.jpg\" alt='Sander-XXT_Reflektion' title='Sander-XXT_Reflektion'  height=\"180\" width=\"300\"  itemprop=\"thumbnailUrl\" srcset=\"https:\/\/elten.com\/wp-content\/uploads\/2023\/10\/Sander-XXT_Reflektion-300x180.jpg 300w, https:\/\/elten.com\/wp-content\/uploads\/2023\/10\/Sander-XXT_Reflektion.jpg 500w\" sizes=\"(max-width: 300px) 100vw, 300px\" \/><\/div><\/div><\/div><\/div>\n<div  class='hr av-1tcayk-f709ca082927d0bf3475c6d0ceb6aa02 hr-big  avia-builder-el-8  el_after_av_one_half  el_before_av_one_full '><span class='hr-inner '><span class=\"hr-inner-style\"><\/span><\/span><\/div>\n<div  class='flex_column av-1jsj6s-7e8e9ffcb2f0b02a1aa084bc44ed563d av_one_full  avia-builder-el-9  el_after_av_hr  el_before_av_one_half  first flex_column_div av-animated-generic fade-in  '     ><p>\n<style type=\"text\/css\" data-created_by=\"avia_inline_auto\" id=\"style-css-av-lmomr4m7-ef902f52afaee33257c16508c35db14e\">\n#top .av-special-heading.av-lmomr4m7-ef902f52afaee33257c16508c35db14e{\npadding-bottom:10px;\n}\nbody .av-special-heading.av-lmomr4m7-ef902f52afaee33257c16508c35db14e .av-special-heading-tag .heading-char{\nfont-size:25px;\n}\n.av-special-heading.av-lmomr4m7-ef902f52afaee33257c16508c35db14e .av-subheading{\nfont-size:15px;\n}\n<\/style>\n<div  class='av-special-heading av-lmomr4m7-ef902f52afaee33257c16508c35db14e av-special-heading-h2 blockquote modern-quote  avia-builder-el-10  el_before_av_heading  avia-builder-el-first '><h2 class='av-special-heading-tag'  itemprop=\"headline\"  >ESD<\/h2><div class=\"special-heading-border\"><div class=\"special-heading-inner-border\"><\/div><\/div><\/div><br \/>\n\n<style type=\"text\/css\" data-created_by=\"avia_inline_auto\" id=\"style-css-av-lmomrquq-ef5507a2ca8f104077b77a4143a2b49a\">\n#top .av-special-heading.av-lmomrquq-ef5507a2ca8f104077b77a4143a2b49a{\npadding-bottom:10px;\n}\nbody .av-special-heading.av-lmomrquq-ef5507a2ca8f104077b77a4143a2b49a .av-special-heading-tag .heading-char{\nfont-size:25px;\n}\n.av-special-heading.av-lmomrquq-ef5507a2ca8f104077b77a4143a2b49a .av-subheading{\nfont-size:15px;\n}\n<\/style>\n<div  class='av-special-heading av-lmomrquq-ef5507a2ca8f104077b77a4143a2b49a av-special-heading-h3 blockquote modern-quote  avia-builder-el-11  el_after_av_heading  el_before_av_textblock '><h3 class='av-special-heading-tag'  itemprop=\"headline\"  >TOUS LES ESD NE SE RESSEMBLENT PAS<\/h3><div class=\"special-heading-border\"><div class=\"special-heading-inner-border\"><\/div><\/div><\/div><br \/>\n<section  class='av_textblock_section av-lmomrz4s-e01c3e915d5b01516c45ac670363f63e '   itemscope=\"itemscope\" itemtype=\"https:\/\/schema.org\/CreativeWork\" ><div class='avia_textblock'  itemprop=\"text\" ><p>Les chaussures ESD doivent \u00eatre utilis\u00e9es lorsqu\u2019il est n\u00e9cessaire de dissiper les charges \u00e9lectrostatiques de mani\u00e8re contr\u00f4l\u00e9e \u00e0 travers la chaussure. Les chaussures de s\u00e9curit\u00e9 et de travail test\u00e9es ESD ne prot\u00e8gent donc pas seulement les personnes, mais \u00e9galement les composants et les assemblages sensibles \u00e0 l\u2019\u00e9lectrostatique.<\/p>\n<\/div><\/section><\/p><\/div>\n<div  class='flex_column av-1h2h3g-57516ba8490f2ced59bf7155fc7b7d5e av_one_half  avia-builder-el-13  el_after_av_one_full  el_before_av_one_half  first flex_column_div  column-top-margin'     ><p>\n<style type=\"text\/css\" data-created_by=\"avia_inline_auto\" id=\"style-css-av-lmoms8to-d37d116bd51ae5e0d25b6028f8711c8f\">\n#top .av-special-heading.av-lmoms8to-d37d116bd51ae5e0d25b6028f8711c8f{\npadding-bottom:10px;\n}\nbody .av-special-heading.av-lmoms8to-d37d116bd51ae5e0d25b6028f8711c8f .av-special-heading-tag .heading-char{\nfont-size:25px;\n}\n.av-special-heading.av-lmoms8to-d37d116bd51ae5e0d25b6028f8711c8f .av-subheading{\nfont-size:15px;\n}\n<\/style>\n<div  class='av-special-heading av-lmoms8to-d37d116bd51ae5e0d25b6028f8711c8f av-special-heading-h3 blockquote modern-quote  avia-builder-el-14  el_before_av_textblock  avia-builder-el-first '><h3 class='av-special-heading-tag'  itemprop=\"headline\"  >LES CHAUSSURES DE S\u00c9CURIT\u00c9 ESD LES NORMES APPLICABLES SONT LES SUIVANTES :<\/h3><div class=\"special-heading-border\"><div class=\"special-heading-inner-border\"><\/div><\/div><\/div><br \/>\n<section  class='av_textblock_section av-lmomsoy8-cb1a52c62585e996a26347886286a152 '   itemscope=\"itemscope\" itemtype=\"https:\/\/schema.org\/CreativeWork\" ><div class='avia_textblock'  itemprop=\"text\" ><p>DIN EN IEC 61340-4-3 \u00ab M\u00e9thodes d\u2019essai normalis\u00e9es pour des applications sp\u00e9cifiques \u2013 chaussures \u00bb.<br \/>\nSeule la r\u00e9sistance de contact \u00e9lectrique des chaussures est mesur\u00e9e ici. Cela se fait au moyen d\u2019un remplissage de billes, c\u2019est-\u00e0-dire que les chaussures sont remplies de billes de m\u00e9tal pour la mesure. Pour cette proc\u00e9dure de test, une valeur limite maximale de 100 M\u03a9 (10<sup>8<\/sup> \u03a9) doit \u00eatre respect\u00e9e. Avant d\u2019\u00eatre test\u00e9es, les chaussures sont soumises \u00e0 un pr\u00e9conditionnement climatique \u00e0 une humidit\u00e9 relative maximale de 15 %. Cela garantit que les chaussures ELTEN ESD offrent un niveau \u00e9lev\u00e9 de protection contre les ph\u00e9nom\u00e8nes \u00e9lectrostatiques ind\u00e9sirables, m\u00eame dans des conditions climatiques difficiles, comme celles pouvant se produire notamment pendant la saison froide.<\/p>\n<\/div><\/section><br \/>\n<section  class='av_textblock_section av-lmomzzlh-a4bd9a2125b67280b8fe417a41d226b1 '   itemscope=\"itemscope\" itemtype=\"https:\/\/schema.org\/CreativeWork\" ><div class='avia_textblock'  itemprop=\"text\" ><p>DIN EN 61340-5-1 \u00ab Protection des composants \u00e9lectroniques contre les ph\u00e9nom\u00e8nes \u00e9lectrostatiques \u00bb.<br \/>\nCette norme d\u00e9finit les crit\u00e8res g\u00e9n\u00e9raux exig\u00e9s lors d\u2019un programme de contr\u00f4le ESD. Depuis la derni\u00e8re r\u00e9vision de cette norme en 2017, une valeur limite maximale de 100 M\u03a9 (10<sup>8<\/sup> \u03a9) est recommand\u00e9e pour le contr\u00f4le de la mise \u00e0 la terre des personnes pour la constellation personne\/chaussure. En outre, toutes les chaussures ESD ELTEN r\u00e9pondent \u00e0 une limite plus stricte que celle de la version normative pr\u00e9c\u00e9dente (35 M\u03a9).<\/p>\n<\/div><\/section><\/p><\/div><div  class='flex_column av-17lc8c-503705306d360c443ddf980d22f09ac9 av_one_half  avia-builder-el-17  el_after_av_one_half  avia-builder-el-last  flex_column_div  column-top-margin'     ><p>\n<style type=\"text\/css\" data-created_by=\"avia_inline_auto\" id=\"style-css-av-lmon1ou1-4c77cc9fdaba743d77d1e5926e5bec79\">\n#top .hr.hr-invisible.av-lmon1ou1-4c77cc9fdaba743d77d1e5926e5bec79{\nheight:38px;\n}\n<\/style>\n<div  class='hr av-lmon1ou1-4c77cc9fdaba743d77d1e5926e5bec79 hr-invisible  avia-builder-el-18  el_before_av_image  avia-builder-el-first  av-small-hide av-mini-hide'><span class='hr-inner '><span class=\"hr-inner-style\"><\/span><\/span><\/div><br \/>\n\n<style type=\"text\/css\" data-created_by=\"avia_inline_auto\" id=\"style-css-av-lmomvchx-acd73e4b2fefccfa5b0ef34510de1a67\">\n.avia-image-container.av-lmomvchx-acd73e4b2fefccfa5b0ef34510de1a67 img.avia_image{\nbox-shadow:none;\n}\n.avia-image-container.av-lmomvchx-acd73e4b2fefccfa5b0ef34510de1a67 .av-image-caption-overlay-center{\ncolor:#ffffff;\n}\n<\/style>\n<div  class='avia-image-container av-lmomvchx-acd73e4b2fefccfa5b0ef34510de1a67 av-styling-no-styling avia-align-center  avia-builder-el-19  el_after_av_hr  avia-builder-el-last '   itemprop=\"image\" itemscope=\"itemscope\" itemtype=\"https:\/\/schema.org\/ImageObject\" ><div class=\"avia-image-container-inner\"><div class=\"avia-image-overlay-wrap\"><img decoding=\"async\" fetchpriority=\"high\" class='wp-image-352548 avia-img-lazy-loading-not-352548 avia_image ' src=\"https:\/\/elten.com\/wp-content\/uploads\/2023\/10\/Grafik_ESD_NL-FR-1.jpg\" alt='Grafik_ESD_NL-FR' title='Grafik_ESD_NL-FR'  height=\"330\" width=\"770\"  itemprop=\"thumbnailUrl\" srcset=\"https:\/\/elten.com\/wp-content\/uploads\/2023\/10\/Grafik_ESD_NL-FR-1.jpg 770w, https:\/\/elten.com\/wp-content\/uploads\/2023\/10\/Grafik_ESD_NL-FR-1-300x129.jpg 300w, https:\/\/elten.com\/wp-content\/uploads\/2023\/10\/Grafik_ESD_NL-FR-1-768x329.jpg 768w, https:\/\/elten.com\/wp-content\/uploads\/2023\/10\/Grafik_ESD_NL-FR-1-705x302.jpg 705w\" sizes=\"(max-width: 770px) 100vw, 770px\" \/><\/div><\/div><\/div><\/p><\/div><\/p>\n","protected":false},"excerpt":{"rendered":"","protected":false},"author":2,"featured_media":0,"parent":348130,"menu_order":70,"comment_status":"closed","ping_status":"closed","template":"","meta":{"footnotes":""},"categories":[567],"tags":[],"class_list":["post-348148","page","type-page","status-publish","hentry","category-technologie-fr"],"yoast_head":"<!-- This site is optimized with the Yoast SEO Premium plugin v21.9 (Yoast SEO v21.9.1) - https:\/\/yoast.com\/wordpress\/plugins\/seo\/ -->\n<title>Encore davantage de s\u00e9curit\u00e9 - ELTEN GmbH<\/title>\n<meta name=\"robots\" content=\"index, follow, max-snippet:-1, max-image-preview:large, max-video-preview:-1\" \/>\n<link rel=\"canonical\" href=\"https:\/\/elten.com\/fr\/technologie\/noch-mehr-sicherheit\/\" \/>\n<meta property=\"og:locale\" content=\"fr_FR\" \/>\n<meta property=\"og:type\" content=\"article\" \/>\n<meta property=\"og:title\" content=\"Encore davantage de s\u00e9curit\u00e9\" \/>\n<meta property=\"og:url\" content=\"https:\/\/elten.com\/fr\/technologie\/noch-mehr-sicherheit\/\" \/>\n<meta property=\"og:site_name\" content=\"ELTEN GmbH\" \/>\n<meta property=\"article:modified_time\" content=\"2023-11-14T16:03:28+00:00\" \/>\n<meta name=\"twitter:card\" content=\"summary_large_image\" \/>\n<meta name=\"twitter:label1\" content=\"Dur\u00e9e de lecture estim\u00e9e\" \/>\n\t<meta name=\"twitter:data1\" content=\"11 minutes\" \/>\n<script type=\"application\/ld+json\" class=\"yoast-schema-graph\">{\"@context\":\"https:\/\/schema.org\",\"@graph\":[{\"@type\":\"WebPage\",\"@id\":\"https:\/\/elten.com\/fr\/technologie\/noch-mehr-sicherheit\/\",\"url\":\"https:\/\/elten.com\/fr\/technologie\/noch-mehr-sicherheit\/\",\"name\":\"Encore davantage de s\u00e9curit\u00e9 - ELTEN GmbH\",\"isPartOf\":{\"@id\":\"https:\/\/elten.com\/fr\/#website\"},\"datePublished\":\"2023-10-04T11:51:55+00:00\",\"dateModified\":\"2023-11-14T16:03:28+00:00\",\"breadcrumb\":{\"@id\":\"https:\/\/elten.com\/fr\/technologie\/noch-mehr-sicherheit\/#breadcrumb\"},\"inLanguage\":\"fr-FR\",\"potentialAction\":[{\"@type\":\"ReadAction\",\"target\":[\"https:\/\/elten.com\/fr\/technologie\/noch-mehr-sicherheit\/\"]}]},{\"@type\":\"BreadcrumbList\",\"@id\":\"https:\/\/elten.com\/fr\/technologie\/noch-mehr-sicherheit\/#breadcrumb\",\"itemListElement\":[{\"@type\":\"ListItem\",\"position\":1,\"name\":\"Startseite\",\"item\":\"https:\/\/elten.com\/fr\/\"},{\"@type\":\"ListItem\",\"position\":2,\"name\":\"Technologies\",\"item\":\"https:\/\/elten.com\/fr\/technologie\/\"},{\"@type\":\"ListItem\",\"position\":3,\"name\":\"Encore davantage de s\u00e9curit\u00e9\"}]},{\"@type\":\"WebSite\",\"@id\":\"https:\/\/elten.com\/fr\/#website\",\"url\":\"https:\/\/elten.com\/fr\/\",\"name\":\"ELTEN GmbH\",\"description\":\"Sicherheitsschuhe | Arbeitsschuhe | LOWA WORK COLLECTION | ELTEN GmbH\",\"potentialAction\":[{\"@type\":\"SearchAction\",\"target\":{\"@type\":\"EntryPoint\",\"urlTemplate\":\"https:\/\/elten.com\/fr\/?s={search_term_string}\"},\"query-input\":\"required name=search_term_string\"}],\"inLanguage\":\"fr-FR\"}]}<\/script>\n<!-- \/ Yoast SEO Premium plugin. -->","yoast_head_json":{"title":"Encore davantage de s\u00e9curit\u00e9 - ELTEN GmbH","robots":{"index":"index","follow":"follow","max-snippet":"max-snippet:-1","max-image-preview":"max-image-preview:large","max-video-preview":"max-video-preview:-1"},"canonical":"https:\/\/elten.com\/fr\/technologie\/noch-mehr-sicherheit\/","og_locale":"fr_FR","og_type":"article","og_title":"Encore davantage de s\u00e9curit\u00e9","og_url":"https:\/\/elten.com\/fr\/technologie\/noch-mehr-sicherheit\/","og_site_name":"ELTEN GmbH","article_modified_time":"2023-11-14T16:03:28+00:00","twitter_card":"summary_large_image","twitter_misc":{"Dur\u00e9e de lecture estim\u00e9e":"11 minutes"},"schema":{"@context":"https:\/\/schema.org","@graph":[{"@type":"WebPage","@id":"https:\/\/elten.com\/fr\/technologie\/noch-mehr-sicherheit\/","url":"https:\/\/elten.com\/fr\/technologie\/noch-mehr-sicherheit\/","name":"Encore davantage de s\u00e9curit\u00e9 - ELTEN GmbH","isPartOf":{"@id":"https:\/\/elten.com\/fr\/#website"},"datePublished":"2023-10-04T11:51:55+00:00","dateModified":"2023-11-14T16:03:28+00:00","breadcrumb":{"@id":"https:\/\/elten.com\/fr\/technologie\/noch-mehr-sicherheit\/#breadcrumb"},"inLanguage":"fr-FR","potentialAction":[{"@type":"ReadAction","target":["https:\/\/elten.com\/fr\/technologie\/noch-mehr-sicherheit\/"]}]},{"@type":"BreadcrumbList","@id":"https:\/\/elten.com\/fr\/technologie\/noch-mehr-sicherheit\/#breadcrumb","itemListElement":[{"@type":"ListItem","position":1,"name":"Startseite","item":"https:\/\/elten.com\/fr\/"},{"@type":"ListItem","position":2,"name":"Technologies","item":"https:\/\/elten.com\/fr\/technologie\/"},{"@type":"ListItem","position":3,"name":"Encore davantage de s\u00e9curit\u00e9"}]},{"@type":"WebSite","@id":"https:\/\/elten.com\/fr\/#website","url":"https:\/\/elten.com\/fr\/","name":"ELTEN GmbH","description":"Sicherheitsschuhe | Arbeitsschuhe | LOWA WORK COLLECTION | ELTEN GmbH","potentialAction":[{"@type":"SearchAction","target":{"@type":"EntryPoint","urlTemplate":"https:\/\/elten.com\/fr\/?s={search_term_string}"},"query-input":"required name=search_term_string"}],"inLanguage":"fr-FR"}]}},"_links":{"self":[{"href":"https:\/\/elten.com\/fr\/wp-json\/wp\/v2\/pages\/348148","targetHints":{"allow":["GET"]}}],"collection":[{"href":"https:\/\/elten.com\/fr\/wp-json\/wp\/v2\/pages"}],"about":[{"href":"https:\/\/elten.com\/fr\/wp-json\/wp\/v2\/types\/page"}],"author":[{"embeddable":true,"href":"https:\/\/elten.com\/fr\/wp-json\/wp\/v2\/users\/2"}],"replies":[{"embeddable":true,"href":"https:\/\/elten.com\/fr\/wp-json\/wp\/v2\/comments?post=348148"}],"version-history":[{"count":3,"href":"https:\/\/elten.com\/fr\/wp-json\/wp\/v2\/pages\/348148\/revisions"}],"predecessor-version":[{"id":388476,"href":"https:\/\/elten.com\/fr\/wp-json\/wp\/v2\/pages\/348148\/revisions\/388476"}],"up":[{"embeddable":true,"href":"https:\/\/elten.com\/fr\/wp-json\/wp\/v2\/pages\/348130"}],"wp:attachment":[{"href":"https:\/\/elten.com\/fr\/wp-json\/wp\/v2\/media?parent=348148"}],"wp:term":[{"taxonomy":"category","embeddable":true,"href":"https:\/\/elten.com\/fr\/wp-json\/wp\/v2\/categories?post=348148"},{"taxonomy":"post_tag","embeddable":true,"href":"https:\/\/elten.com\/fr\/wp-json\/wp\/v2\/tags?post=348148"}],"curies":[{"name":"wp","href":"https:\/\/api.w.org\/{rel}","templated":true}]}}