{"id":348210,"date":"2023-10-04T14:50:20","date_gmt":"2023-10-04T12:50:20","guid":{"rendered":"http:\/\/relaunch.elten.com.w01ca985.kasserver.com\/?page_id=348210"},"modified":"2024-08-21T08:35:19","modified_gmt":"2024-08-21T06:35:19","slug":"philosophie","status":"publish","type":"page","link":"https:\/\/elten.com\/fr\/a-propos-de-nous\/philosophie\/","title":{"rendered":"Philosophie"},"content":{"rendered":"<div  class='flex_column av-av_one_full-41ee899840124b6993b57a87f996c353 av_one_full  avia-builder-el-0  avia-builder-el-no-sibling  first flex_column_div  '     ><p>\n<style type=\"text\/css\" data-created_by=\"avia_inline_auto\" id=\"style-css-av-lmeswvjc-4698e328f442dbd4e6c5cca3f9669261\">\n#top .av-special-heading.av-lmeswvjc-4698e328f442dbd4e6c5cca3f9669261{\npadding-bottom:10px;\n}\nbody .av-special-heading.av-lmeswvjc-4698e328f442dbd4e6c5cca3f9669261 .av-special-heading-tag .heading-char{\nfont-size:25px;\n}\n.av-special-heading.av-lmeswvjc-4698e328f442dbd4e6c5cca3f9669261 .av-subheading{\nfont-size:15px;\n}\n<\/style>\n<div  class='av-special-heading av-lmeswvjc-4698e328f442dbd4e6c5cca3f9669261 av-special-heading-h2 blockquote modern-quote  avia-builder-el-1  el_before_av_textblock  avia-builder-el-first '><h2 class='av-special-heading-tag'  itemprop=\"headline\"  >Philosophie<\/h2><div class=\"special-heading-border\"><div class=\"special-heading-inner-border\"><\/div><\/div><\/div><br \/>\n<section  class='av_textblock_section av-lmesx7nv-567ce092f61be92be6f88bd4f2035df1 '   itemscope=\"itemscope\" itemtype=\"https:\/\/schema.org\/CreativeWork\" ><div class='avia_textblock'  itemprop=\"text\" ><p>Innovatrice et attach\u00e9e aux traditions, avec une vocation internationale mais \u00e0 la fois\u00a0ancr\u00e9e dans la r\u00e9gion\u00a0&#8211; c&rsquo;est comment on peut caract\u00e9riser notre entreprise \u00e0 Uedem en Allemagne.\u00a0Nous produisons de la protection du pied qui non seulement r\u00e9pond \u00e0 toutes les exigences concernant la s\u00e9curit\u00e9 du porteur, mais qui est aussi orient\u00e9e vers la sant\u00e9 et le confort. Dans ce contexte, il est important pour nous de collaborer avec des experts et des scientifiques. Ainsi, ELTEN suit toujours le rythme des \u00e9volutions et\u00a0cr\u00e9e des solutions innovatrices, tandis que le monde du travail change aussi rapidement.<\/p>\n<p>Une des caract\u00e9ristiques particuli\u00e8res de notre entreprise, situ\u00e9e dans le \u00ab\u00a0c\u0153ur vert\u00a0\u00bb de la r\u00e9gion du Rhin inf\u00e9rieur, est la construction durable d&rsquo;une grande partie de nos chaussures de s\u00e9curit\u00e9. Pour cela, ELTEN utilise du cuir produit de mani\u00e8re respectueuse de l&rsquo;environnement et selon des normes \u00e9lev\u00e9es.<\/p>\n<p>En plus de tout cela, nous sommes aussi fiers de notre longue tradition. Fond\u00e9 en 1910, ELTEN est aujourd&rsquo;hui un des fabricants leader des chaussures de s\u00e9curit\u00e9 en Europe. Mais l&rsquo;assemblage final de nos chaussures a encore toujours lieu dans la r\u00e9gion du Rhin inf\u00e9rieur, et le si\u00e8ge \u00e0 Uedem poursuit son expansion. Nous sommes et nous resterons une entreprise familiale &#8211; et cela entretemps dans la quatri\u00e8me g\u00e9n\u00e9ration.\u00a0Notre plus grand atout est constitu\u00e9 par nos collaborateurs, dont\u00a0certains sont li\u00e9es \u00e0 ELTEN depuis plusieurs d\u00e9cennies. Ce sont eux qui\u00a0apportent leur savoir-faire\u00a0acquis durant de nombreuses ann\u00e9es dans la production de nos chaussures de s\u00e9curit\u00e9.<\/p>\n<p>ELTEN met les individus au premier plan.\u00a0Un concept innovateur concernant les probl\u00e8mes orthop\u00e9diques a \u00e9t\u00e9\u00a0d\u00e9velopp\u00e9, et\u00a0un conseil comp\u00e9tent et intensif fait bien s\u00fbr aussi partie de nos services.<\/p>\n<p>Take a walk on the safe side &#8211; nous avons de hautes exigences envers nous-m\u00eames : Nous voulons faire tout afin de prot\u00e9ger les porteurs de nos chaussures de s\u00e9curit\u00e9 de fa\u00e7on optimale et de leur offrir en m\u00eame temps un confort de port maximal.<\/p>\n<p>La Direction<br \/>\n<em><strong>Heiner et J\u00f6rg van Elten<\/strong><\/em><\/p>\n<\/div><\/section><\/p><\/div>\n","protected":false},"excerpt":{"rendered":"","protected":false},"author":2,"featured_media":0,"parent":233304,"menu_order":40,"comment_status":"closed","ping_status":"closed","template":"","meta":{"footnotes":""},"categories":[568],"tags":[],"class_list":["post-348210","page","type-page","status-publish","hentry","category-ueber-uns-fr"],"yoast_head":"<!-- This site is optimized with the Yoast SEO Premium plugin v21.9 (Yoast SEO v21.9.1) - https:\/\/yoast.com\/wordpress\/plugins\/seo\/ -->\n<title>Philosophie - ELTEN GmbH<\/title>\n<meta name=\"robots\" content=\"index, follow, max-snippet:-1, max-image-preview:large, max-video-preview:-1\" \/>\n<link rel=\"canonical\" href=\"https:\/\/elten.com\/fr\/a-propos-de-nous\/philosophie\/\" \/>\n<meta property=\"og:locale\" content=\"fr_FR\" \/>\n<meta property=\"og:type\" content=\"article\" \/>\n<meta property=\"og:title\" content=\"Philosophie\" \/>\n<meta property=\"og:url\" content=\"https:\/\/elten.com\/fr\/a-propos-de-nous\/philosophie\/\" \/>\n<meta property=\"og:site_name\" content=\"ELTEN GmbH\" \/>\n<meta property=\"article:modified_time\" content=\"2024-08-21T06:35:19+00:00\" \/>\n<meta name=\"twitter:card\" content=\"summary_large_image\" \/>\n<meta name=\"twitter:label1\" content=\"Dur\u00e9e de lecture estim\u00e9e\" \/>\n\t<meta name=\"twitter:data1\" content=\"2 minutes\" \/>\n<script type=\"application\/ld+json\" class=\"yoast-schema-graph\">{\"@context\":\"https:\/\/schema.org\",\"@graph\":[{\"@type\":\"WebPage\",\"@id\":\"https:\/\/elten.com\/fr\/a-propos-de-nous\/philosophie\/\",\"url\":\"https:\/\/elten.com\/fr\/a-propos-de-nous\/philosophie\/\",\"name\":\"Philosophie - ELTEN GmbH\",\"isPartOf\":{\"@id\":\"https:\/\/elten.com\/fr\/#website\"},\"datePublished\":\"2023-10-04T12:50:20+00:00\",\"dateModified\":\"2024-08-21T06:35:19+00:00\",\"breadcrumb\":{\"@id\":\"https:\/\/elten.com\/fr\/a-propos-de-nous\/philosophie\/#breadcrumb\"},\"inLanguage\":\"fr-FR\",\"potentialAction\":[{\"@type\":\"ReadAction\",\"target\":[\"https:\/\/elten.com\/fr\/a-propos-de-nous\/philosophie\/\"]}]},{\"@type\":\"BreadcrumbList\",\"@id\":\"https:\/\/elten.com\/fr\/a-propos-de-nous\/philosophie\/#breadcrumb\",\"itemListElement\":[{\"@type\":\"ListItem\",\"position\":1,\"name\":\"Startseite\",\"item\":\"https:\/\/elten.com\/fr\/\"},{\"@type\":\"ListItem\",\"position\":2,\"name\":\"\u00c0 propos de nous\",\"item\":\"https:\/\/elten.com\/fr\/a-propos-de-nous\/\"},{\"@type\":\"ListItem\",\"position\":3,\"name\":\"Philosophie\"}]},{\"@type\":\"WebSite\",\"@id\":\"https:\/\/elten.com\/fr\/#website\",\"url\":\"https:\/\/elten.com\/fr\/\",\"name\":\"ELTEN GmbH\",\"description\":\"Sicherheitsschuhe | Arbeitsschuhe | LOWA WORK COLLECTION | ELTEN GmbH\",\"potentialAction\":[{\"@type\":\"SearchAction\",\"target\":{\"@type\":\"EntryPoint\",\"urlTemplate\":\"https:\/\/elten.com\/fr\/?s={search_term_string}\"},\"query-input\":\"required name=search_term_string\"}],\"inLanguage\":\"fr-FR\"}]}<\/script>\n<!-- \/ Yoast SEO Premium plugin. -->","yoast_head_json":{"title":"Philosophie - ELTEN GmbH","robots":{"index":"index","follow":"follow","max-snippet":"max-snippet:-1","max-image-preview":"max-image-preview:large","max-video-preview":"max-video-preview:-1"},"canonical":"https:\/\/elten.com\/fr\/a-propos-de-nous\/philosophie\/","og_locale":"fr_FR","og_type":"article","og_title":"Philosophie","og_url":"https:\/\/elten.com\/fr\/a-propos-de-nous\/philosophie\/","og_site_name":"ELTEN GmbH","article_modified_time":"2024-08-21T06:35:19+00:00","twitter_card":"summary_large_image","twitter_misc":{"Dur\u00e9e de lecture estim\u00e9e":"2 minutes"},"schema":{"@context":"https:\/\/schema.org","@graph":[{"@type":"WebPage","@id":"https:\/\/elten.com\/fr\/a-propos-de-nous\/philosophie\/","url":"https:\/\/elten.com\/fr\/a-propos-de-nous\/philosophie\/","name":"Philosophie - ELTEN GmbH","isPartOf":{"@id":"https:\/\/elten.com\/fr\/#website"},"datePublished":"2023-10-04T12:50:20+00:00","dateModified":"2024-08-21T06:35:19+00:00","breadcrumb":{"@id":"https:\/\/elten.com\/fr\/a-propos-de-nous\/philosophie\/#breadcrumb"},"inLanguage":"fr-FR","potentialAction":[{"@type":"ReadAction","target":["https:\/\/elten.com\/fr\/a-propos-de-nous\/philosophie\/"]}]},{"@type":"BreadcrumbList","@id":"https:\/\/elten.com\/fr\/a-propos-de-nous\/philosophie\/#breadcrumb","itemListElement":[{"@type":"ListItem","position":1,"name":"Startseite","item":"https:\/\/elten.com\/fr\/"},{"@type":"ListItem","position":2,"name":"\u00c0 propos de nous","item":"https:\/\/elten.com\/fr\/a-propos-de-nous\/"},{"@type":"ListItem","position":3,"name":"Philosophie"}]},{"@type":"WebSite","@id":"https:\/\/elten.com\/fr\/#website","url":"https:\/\/elten.com\/fr\/","name":"ELTEN GmbH","description":"Sicherheitsschuhe | Arbeitsschuhe | LOWA WORK COLLECTION | ELTEN GmbH","potentialAction":[{"@type":"SearchAction","target":{"@type":"EntryPoint","urlTemplate":"https:\/\/elten.com\/fr\/?s={search_term_string}"},"query-input":"required name=search_term_string"}],"inLanguage":"fr-FR"}]}},"_links":{"self":[{"href":"https:\/\/elten.com\/fr\/wp-json\/wp\/v2\/pages\/348210","targetHints":{"allow":["GET"]}}],"collection":[{"href":"https:\/\/elten.com\/fr\/wp-json\/wp\/v2\/pages"}],"about":[{"href":"https:\/\/elten.com\/fr\/wp-json\/wp\/v2\/types\/page"}],"author":[{"embeddable":true,"href":"https:\/\/elten.com\/fr\/wp-json\/wp\/v2\/users\/2"}],"replies":[{"embeddable":true,"href":"https:\/\/elten.com\/fr\/wp-json\/wp\/v2\/comments?post=348210"}],"version-history":[{"count":3,"href":"https:\/\/elten.com\/fr\/wp-json\/wp\/v2\/pages\/348210\/revisions"}],"predecessor-version":[{"id":384964,"href":"https:\/\/elten.com\/fr\/wp-json\/wp\/v2\/pages\/348210\/revisions\/384964"}],"up":[{"embeddable":true,"href":"https:\/\/elten.com\/fr\/wp-json\/wp\/v2\/pages\/233304"}],"wp:attachment":[{"href":"https:\/\/elten.com\/fr\/wp-json\/wp\/v2\/media?parent=348210"}],"wp:term":[{"taxonomy":"category","embeddable":true,"href":"https:\/\/elten.com\/fr\/wp-json\/wp\/v2\/categories?post=348210"},{"taxonomy":"post_tag","embeddable":true,"href":"https:\/\/elten.com\/fr\/wp-json\/wp\/v2\/tags?post=348210"}],"curies":[{"name":"wp","href":"https:\/\/api.w.org\/{rel}","templated":true}]}}