{"id":348221,"date":"2023-10-04T14:48:29","date_gmt":"2023-10-04T12:48:29","guid":{"rendered":"http:\/\/relaunch.elten.com.w01ca985.kasserver.com\/?page_id=348221"},"modified":"2023-10-24T14:21:00","modified_gmt":"2023-10-24T12:21:00","slug":"resolution-de-problemes","status":"publish","type":"page","link":"https:\/\/elten.com\/fr\/a-propos-de-nous\/resolution-de-problemes\/","title":{"rendered":"R\u00e9solution de probl\u00e8mes"},"content":{"rendered":"\n<style type=\"text\/css\" data-created_by=\"avia_inline_auto\" id=\"style-css-av-lmei93fo-833ee91e15be2c2be7d9208eed6d23fd\">\n#top .av-special-heading.av-lmei93fo-833ee91e15be2c2be7d9208eed6d23fd{\nmargin:0 0 0 0;\npadding-bottom:10px;\n}\nbody .av-special-heading.av-lmei93fo-833ee91e15be2c2be7d9208eed6d23fd .av-special-heading-tag .heading-char{\nfont-size:25px;\n}\n#top #wrap_all .av-special-heading.av-lmei93fo-833ee91e15be2c2be7d9208eed6d23fd .av-special-heading-tag{\npadding:0 0 0 0;\n}\n.av-special-heading.av-lmei93fo-833ee91e15be2c2be7d9208eed6d23fd .av-subheading{\nfont-size:15px;\n}\n<\/style>\n<div  class='av-special-heading av-lmei93fo-833ee91e15be2c2be7d9208eed6d23fd av-special-heading-h2  avia-builder-el-0  el_before_av_textblock  avia-builder-el-first '><h2 class='av-special-heading-tag'  itemprop=\"headline\"  >R\u00c9SOLUTION DE PROBL\u00c8MES<\/h2><div class=\"special-heading-border\"><div class=\"special-heading-inner-border\"><\/div><\/div><\/div>\n<section  class='av_textblock_section av-lmeihi34-e46629e362f1bf20518e17bcf95aa2e6 '   itemscope=\"itemscope\" itemtype=\"https:\/\/schema.org\/CreativeWork\" ><div class='avia_textblock'  itemprop=\"text\" ><p>Depuis des d\u00e9cennies, nous offrons, \u00e0 l&rsquo;aide du commerce sp\u00e9cialis\u00e9, \u00e0 notre client\u00e8le nationale et internationale &#8211;\u00a0soit dans l&rsquo;industrie, dans le commerce, dans les m\u00e9tiers artisanaux et commerciaux ou bien dans les institutions &#8211; une vaste gamme des chaussures de s\u00e9curit\u00e9 modernes et fonctionnelles.<\/p>\n<p>En outre, nous fournissons une assistance continue pour les domaines suivants :<\/p>\n<ul>\n<li>Pointures tr\u00e8s petites et tr\u00e8s grandes<\/li>\n<li>Modifications orthop\u00e9diques<\/li>\n<li>Production sp\u00e9ciale sur mesure, apr\u00e8s une concertation d\u00e9taill\u00e9e<\/li>\n<li>Plusieurs largeurs \/ syst\u00e8me de types de pied<\/li>\n<li>Domaines de chaleur et des copeaux<\/li>\n<li>Sapeurs pompiers, agriculture et sylviculture<\/li>\n<li>Et beaucoup d&rsquo;autres solutions individuelles<\/li>\n<\/ul>\n<\/div><\/section>\n","protected":false},"excerpt":{"rendered":"","protected":false},"author":2,"featured_media":0,"parent":233304,"menu_order":10,"comment_status":"closed","ping_status":"closed","template":"","meta":{"footnotes":""},"categories":[568],"tags":[],"class_list":["post-348221","page","type-page","status-publish","hentry","category-ueber-uns-fr"],"yoast_head":"<!-- This site is optimized with the Yoast SEO Premium plugin v21.9 (Yoast SEO v21.9.1) - https:\/\/yoast.com\/wordpress\/plugins\/seo\/ -->\n<title>R\u00e9solution de probl\u00e8mes - ELTEN GmbH<\/title>\n<meta name=\"robots\" content=\"index, follow, max-snippet:-1, max-image-preview:large, max-video-preview:-1\" \/>\n<link rel=\"canonical\" href=\"https:\/\/elten.com\/fr\/a-propos-de-nous\/resolution-de-problemes\/\" \/>\n<meta property=\"og:locale\" content=\"fr_FR\" \/>\n<meta property=\"og:type\" content=\"article\" \/>\n<meta property=\"og:title\" content=\"R\u00e9solution de probl\u00e8mes\" \/>\n<meta property=\"og:url\" content=\"https:\/\/elten.com\/fr\/a-propos-de-nous\/resolution-de-problemes\/\" \/>\n<meta property=\"og:site_name\" content=\"ELTEN GmbH\" \/>\n<meta property=\"article:modified_time\" content=\"2023-10-24T12:21:00+00:00\" \/>\n<meta name=\"twitter:card\" content=\"summary_large_image\" \/>\n<meta name=\"twitter:label1\" content=\"Dur\u00e9e de lecture estim\u00e9e\" \/>\n\t<meta name=\"twitter:data1\" content=\"2 minutes\" \/>\n<script type=\"application\/ld+json\" class=\"yoast-schema-graph\">{\"@context\":\"https:\/\/schema.org\",\"@graph\":[{\"@type\":\"WebPage\",\"@id\":\"https:\/\/elten.com\/fr\/a-propos-de-nous\/resolution-de-problemes\/\",\"url\":\"https:\/\/elten.com\/fr\/a-propos-de-nous\/resolution-de-problemes\/\",\"name\":\"R\u00e9solution de probl\u00e8mes - ELTEN GmbH\",\"isPartOf\":{\"@id\":\"https:\/\/elten.com\/fr\/#website\"},\"datePublished\":\"2023-10-04T12:48:29+00:00\",\"dateModified\":\"2023-10-24T12:21:00+00:00\",\"breadcrumb\":{\"@id\":\"https:\/\/elten.com\/fr\/a-propos-de-nous\/resolution-de-problemes\/#breadcrumb\"},\"inLanguage\":\"fr-FR\",\"potentialAction\":[{\"@type\":\"ReadAction\",\"target\":[\"https:\/\/elten.com\/fr\/a-propos-de-nous\/resolution-de-problemes\/\"]}]},{\"@type\":\"BreadcrumbList\",\"@id\":\"https:\/\/elten.com\/fr\/a-propos-de-nous\/resolution-de-problemes\/#breadcrumb\",\"itemListElement\":[{\"@type\":\"ListItem\",\"position\":1,\"name\":\"Startseite\",\"item\":\"https:\/\/elten.com\/fr\/\"},{\"@type\":\"ListItem\",\"position\":2,\"name\":\"\u00c0 propos de nous\",\"item\":\"https:\/\/elten.com\/fr\/a-propos-de-nous\/\"},{\"@type\":\"ListItem\",\"position\":3,\"name\":\"R\u00e9solution de probl\u00e8mes\"}]},{\"@type\":\"WebSite\",\"@id\":\"https:\/\/elten.com\/fr\/#website\",\"url\":\"https:\/\/elten.com\/fr\/\",\"name\":\"ELTEN GmbH\",\"description\":\"Sicherheitsschuhe | Arbeitsschuhe | LOWA WORK COLLECTION | ELTEN GmbH\",\"potentialAction\":[{\"@type\":\"SearchAction\",\"target\":{\"@type\":\"EntryPoint\",\"urlTemplate\":\"https:\/\/elten.com\/fr\/?s={search_term_string}\"},\"query-input\":\"required name=search_term_string\"}],\"inLanguage\":\"fr-FR\"}]}<\/script>\n<!-- \/ Yoast SEO Premium plugin. -->","yoast_head_json":{"title":"R\u00e9solution de probl\u00e8mes - ELTEN GmbH","robots":{"index":"index","follow":"follow","max-snippet":"max-snippet:-1","max-image-preview":"max-image-preview:large","max-video-preview":"max-video-preview:-1"},"canonical":"https:\/\/elten.com\/fr\/a-propos-de-nous\/resolution-de-problemes\/","og_locale":"fr_FR","og_type":"article","og_title":"R\u00e9solution de probl\u00e8mes","og_url":"https:\/\/elten.com\/fr\/a-propos-de-nous\/resolution-de-problemes\/","og_site_name":"ELTEN GmbH","article_modified_time":"2023-10-24T12:21:00+00:00","twitter_card":"summary_large_image","twitter_misc":{"Dur\u00e9e de lecture estim\u00e9e":"2 minutes"},"schema":{"@context":"https:\/\/schema.org","@graph":[{"@type":"WebPage","@id":"https:\/\/elten.com\/fr\/a-propos-de-nous\/resolution-de-problemes\/","url":"https:\/\/elten.com\/fr\/a-propos-de-nous\/resolution-de-problemes\/","name":"R\u00e9solution de probl\u00e8mes - ELTEN GmbH","isPartOf":{"@id":"https:\/\/elten.com\/fr\/#website"},"datePublished":"2023-10-04T12:48:29+00:00","dateModified":"2023-10-24T12:21:00+00:00","breadcrumb":{"@id":"https:\/\/elten.com\/fr\/a-propos-de-nous\/resolution-de-problemes\/#breadcrumb"},"inLanguage":"fr-FR","potentialAction":[{"@type":"ReadAction","target":["https:\/\/elten.com\/fr\/a-propos-de-nous\/resolution-de-problemes\/"]}]},{"@type":"BreadcrumbList","@id":"https:\/\/elten.com\/fr\/a-propos-de-nous\/resolution-de-problemes\/#breadcrumb","itemListElement":[{"@type":"ListItem","position":1,"name":"Startseite","item":"https:\/\/elten.com\/fr\/"},{"@type":"ListItem","position":2,"name":"\u00c0 propos de nous","item":"https:\/\/elten.com\/fr\/a-propos-de-nous\/"},{"@type":"ListItem","position":3,"name":"R\u00e9solution de probl\u00e8mes"}]},{"@type":"WebSite","@id":"https:\/\/elten.com\/fr\/#website","url":"https:\/\/elten.com\/fr\/","name":"ELTEN GmbH","description":"Sicherheitsschuhe | Arbeitsschuhe | LOWA WORK COLLECTION | ELTEN GmbH","potentialAction":[{"@type":"SearchAction","target":{"@type":"EntryPoint","urlTemplate":"https:\/\/elten.com\/fr\/?s={search_term_string}"},"query-input":"required name=search_term_string"}],"inLanguage":"fr-FR"}]}},"_links":{"self":[{"href":"https:\/\/elten.com\/fr\/wp-json\/wp\/v2\/pages\/348221","targetHints":{"allow":["GET"]}}],"collection":[{"href":"https:\/\/elten.com\/fr\/wp-json\/wp\/v2\/pages"}],"about":[{"href":"https:\/\/elten.com\/fr\/wp-json\/wp\/v2\/types\/page"}],"author":[{"embeddable":true,"href":"https:\/\/elten.com\/fr\/wp-json\/wp\/v2\/users\/2"}],"replies":[{"embeddable":true,"href":"https:\/\/elten.com\/fr\/wp-json\/wp\/v2\/comments?post=348221"}],"version-history":[{"count":3,"href":"https:\/\/elten.com\/fr\/wp-json\/wp\/v2\/pages\/348221\/revisions"}],"predecessor-version":[{"id":354909,"href":"https:\/\/elten.com\/fr\/wp-json\/wp\/v2\/pages\/348221\/revisions\/354909"}],"up":[{"embeddable":true,"href":"https:\/\/elten.com\/fr\/wp-json\/wp\/v2\/pages\/233304"}],"wp:attachment":[{"href":"https:\/\/elten.com\/fr\/wp-json\/wp\/v2\/media?parent=348221"}],"wp:term":[{"taxonomy":"category","embeddable":true,"href":"https:\/\/elten.com\/fr\/wp-json\/wp\/v2\/categories?post=348221"},{"taxonomy":"post_tag","embeddable":true,"href":"https:\/\/elten.com\/fr\/wp-json\/wp\/v2\/tags?post=348221"}],"curies":[{"name":"wp","href":"https:\/\/api.w.org\/{rel}","templated":true}]}}