{"id":348243,"date":"2023-10-04T14:54:20","date_gmt":"2023-10-04T12:54:20","guid":{"rendered":"http:\/\/relaunch.elten.com.w01ca985.kasserver.com\/?page_id=348243"},"modified":"2025-09-24T16:01:42","modified_gmt":"2025-09-24T14:01:42","slug":"durabilite-adhesions","status":"publish","type":"page","link":"https:\/\/elten.com\/fr\/a-propos-de-nous\/strategie-de-durabilite-et-la-responsabilite-social\/durabilite-adhesions\/","title":{"rendered":"Durabilit\u00e9 &#8211; adh\u00e9sions"},"content":{"rendered":"<div  class='flex_column av-av_one_full-41ee899840124b6993b57a87f996c353 av_one_full  avia-builder-el-0  avia-builder-el-no-sibling  first flex_column_div  '     ><p>\n<style type=\"text\/css\" data-created_by=\"avia_inline_auto\" id=\"style-css-av-lmeq6ier-6cb0cd9ff861418cea0c664893e89c38\">\n#top .av-special-heading.av-lmeq6ier-6cb0cd9ff861418cea0c664893e89c38{\npadding-bottom:25px;\n}\nbody .av-special-heading.av-lmeq6ier-6cb0cd9ff861418cea0c664893e89c38 .av-special-heading-tag .heading-char{\nfont-size:25px;\n}\n.av-special-heading.av-lmeq6ier-6cb0cd9ff861418cea0c664893e89c38 .av-subheading{\nfont-size:15px;\n}\n<\/style>\n<div  class='av-special-heading av-lmeq6ier-6cb0cd9ff861418cea0c664893e89c38 av-special-heading-h2 blockquote modern-quote  avia-builder-el-1  el_before_av_textblock  avia-builder-el-first '><h2 class='av-special-heading-tag'  itemprop=\"headline\"  >Durabilit\u00e9<\/h2><div class='av-subheading av-subheading_below'><p>Nos adh\u00e9sions soulignent nos exigences envers la durabilit\u00e9<\/p>\n<\/div><div class=\"special-heading-border\"><div class=\"special-heading-inner-border\"><\/div><\/div><\/div><br \/>\n<section  class='av_textblock_section av-lmeq7mw0-715dead5f3e5d299a0aea6736e4bd232 '   itemscope=\"itemscope\" itemtype=\"https:\/\/schema.org\/CreativeWork\" ><div class='avia_textblock'  itemprop=\"text\" ><h3>CADS<\/h3>\n<p>La coop\u00e9ration CADS f\u00fcr abgesicherte definierte Standards bei der Schuh- und Lederwarenproduktion e. V. (pour des normes s\u00e9curis\u00e9es et d\u00e9finies dans la production de chaussures et d&rsquo;articles en cuir) informe sur la fabrication et la commercialisation de chaussures et de mat\u00e9riaux de chaussures non toxiques, ainsi que sur la production respectueuse de l&rsquo;environnement.<br \/>\nEn tant que membre de CADS, nous nous engageons \u00e0 prot\u00e9ger les personnes et l&rsquo;environnement contre les substances nocives. Par cons\u00e9quent, nous nous engageons \u00e9galement \u00e0 une conformit\u00e9 permanente des valeurs limites allemandes et europ\u00e9ennes concernant les substances dont l&rsquo;utilisation est r\u00e9glement\u00e9e pour nos produits.<br \/>\nPar ailleurs, nous utilisons CADS pour nous informer sur les m\u00e9thodes de fabrication innovantes afin de pouvoir produire de mani\u00e8re plus durable.<\/p>\n<p><a href=\"https:\/\/www.cads-shoes.com\/en\/home\" target=\"_blank\" rel=\"nofollow noopener noreferrer\">https:\/\/www.cads-shoes.com\/<\/a><\/p>\n<\/div><\/section><br \/>\n\n<style type=\"text\/css\" data-created_by=\"avia_inline_auto\" id=\"style-css-av-lmeq8oqs-42cfc6625a80e1c82fa981ff9eec481a\">\n#top .hr.hr-invisible.av-lmeq8oqs-42cfc6625a80e1c82fa981ff9eec481a{\nheight:25px;\n}\n<\/style>\n<div  class='hr av-lmeq8oqs-42cfc6625a80e1c82fa981ff9eec481a hr-invisible  avia-builder-el-3  el_after_av_textblock  el_before_av_textblock '><span class='hr-inner '><span class=\"hr-inner-style\"><\/span><\/span><\/div><br \/>\n<section  class='av_textblock_section av-lmeqa3oa-b1e66e3ae0e04e3504dbf3ffd5dc03ac '   itemscope=\"itemscope\" itemtype=\"https:\/\/schema.org\/CreativeWork\" ><div class='avia_textblock'  itemprop=\"text\" ><h3>AMFORI BSCI<\/h3>\n<p>En devenant membre d&rsquo;amfori BSCI, nous montrons l&rsquo;exemple.<\/p>\n<p>La reconnaissance d&rsquo;initiatives \u00e9thiques externes est un aspect important pour ELTEN GmbH dans le domaine de l&rsquo;\u00e9conomie \u00e9thique et durable. Ils s&rsquo;engagent en faveur de la responsabilit\u00e9 sociale, de la protection de l&rsquo;environnement et des droits de l&rsquo;homme et contribuent ainsi \u00e0 l&rsquo;am\u00e9lioration des conditions de travail dans les cha\u00eenes d&rsquo;approvisionnement mondiales.<\/p>\n<p>L&rsquo;une des principales initiatives dans ce domaine est amfori BSCI (Business Social Compliance Initiative), qui aide les entreprises comme ELTEN GmbH \u00e0 mettre en \u0153uvre des normes \u00e9thiques et sociales dans leurs cha\u00eenes d&rsquo;approvisionnement. Cela passe par la formation des fournisseurs et le contr\u00f4le du respect des normes internationales du travail, y compris les droits du travail, la protection de l&rsquo;environnement et d&rsquo;autres questions importantes.<\/p>\n<p>L&rsquo;approche amfori BSCI est ax\u00e9e sur la pratique et se fonde sur les principales normes internationales du travail en mati\u00e8re de protection des droits des travailleurs, telles que les conventions et d\u00e9clarations de l&rsquo;Organisation internationale du travail (OIT), les principes directeurs des Nations Unies (ONU) relatifs aux entreprises et aux droits de l&rsquo;homme et les principes directeurs de l&rsquo;Organisation de coop\u00e9ration et de d\u00e9veloppement \u00e9conomiques (OCDE) \u00e0 l&rsquo;intention des entreprises multinationales. Le code de conduite ELTEN reprend les 11 droits fondamentaux du travail du code de conduite amfori BSCI.<\/p>\n<p>ELTEN GmbH et ses partenaires commerciaux s&rsquo;engagent \u00e0 les appliquer dans leurs cha\u00eenes d&rsquo;approvisionnement :<\/p>\n<p>1. <strong>Le droit \u00e0 la libert\u00e9 d&rsquo;association et le droit de n\u00e9gociation collective<\/strong><br \/>\nNotre entreprise respecte le droit des travailleurs de former des syndicats ou d&rsquo;autres formes d&rsquo;associations de travailleurs et de mener des n\u00e9gociations collectives.<\/p>\n<p>2. <strong>R\u00e9mun\u00e9ration \u00e9quitable<\/strong><br \/>\nNotre entreprise respecte le droit des travailleurs \u00e0 une r\u00e9mun\u00e9ration \u00e9quitable.<\/p>\n<p>3. <strong>S\u00e9curit\u00e9 au travail<\/strong><br \/>\nNotre entreprise garantit un environnement de travail sain et s\u00fbr en \u00e9valuant les risques et en prenant toutes les mesures n\u00e9cessaires pour les \u00e9liminer ou les r\u00e9duire.<\/p>\n<p>4. <strong>Protection sp\u00e9ciale pour les jeunes travailleurs<\/strong><br \/>\nNotre entreprise accorde une protection particuli\u00e8re \u00e0 tous les travailleurs qui n&rsquo;ont pas encore atteint l&rsquo;\u00e2ge adulte.<\/p>\n<p>5. <strong>Pas de travail forc\u00e9<\/strong><br \/>\nNotre entreprise ne participe en aucune mani\u00e8re \u00e0 la servitude, au trafic d&rsquo;\u00eatres humains ou au travail non volontaire.<\/p>\n<p>6. <strong>Une \u00e9conomie \u00e9thique<\/strong><br \/>\nNotre entreprise ne tol\u00e8re aucune forme de corruption, d&rsquo;extorsion, de d\u00e9tournement de fonds ou de pots-de-vin.<\/p>\n<p>7. <strong>Pas de discrimination<\/strong><br \/>\nNotre entreprise offre l&rsquo;\u00e9galit\u00e9 des chances et ne discrimine pas ses employ\u00e9s.<\/p>\n<p>8. <strong>Horaires de travail raisonnables<\/strong><br \/>\nNotre entreprise respecte la loi en ce qui concerne les heures de travail.<\/p>\n<p>9. <strong>Pas de travail des enfants<\/strong><br \/>\nNotre entreprise n&rsquo;engage pas de travailleurs n&rsquo;ayant pas l&rsquo;\u00e2ge minimum l\u00e9gal.<\/p>\n<p>10. <strong>Pas d&#8217;emploi pr\u00e9caire<\/strong><br \/>\nNotre entreprise embauche des travailleurs sur la base de relations d&#8217;emploi document\u00e9es, conform\u00e9ment \u00e0 la loi.<\/p>\n<p>11. <strong>Protection de l&rsquo;environnement<\/strong><br \/>\nNotre entreprise prend les mesures n\u00e9cessaires pour \u00e9viter de nuire \u00e0 l&rsquo;environnement.<\/p>\n<p>En reconnaissant la BSCI amfori, ELTEN GmbH am\u00e9liore ses possibilit\u00e9s de veiller au respect des droits des travailleurs dans ses cha\u00eenes d&rsquo;approvisionnement. Elle aide \u00e0 minimiser les risques dans les cha\u00eenes d&rsquo;approvisionnement et \u00e0 am\u00e9liorer la fiabilit\u00e9 de ses fournisseurs.<br \/>\nL&rsquo;adh\u00e9sion \u00e0 amfori BSCI est pour ELTEN GmbH une \u00e9tape importante sur la voie d&rsquo;un avenir durable et socialement responsable. Amfori BSCI nous offre une base solide pour mettre en \u0153uvre des normes \u00e9thiques et sociales dans nos cha\u00eenes d&rsquo;approvisionnement et contribue ainsi \u00e0 l&rsquo;am\u00e9lioration des conditions de travail.<\/p>\n<p>En tant que membre d&rsquo;amfori BSCI, nous suivons l&rsquo;approche suivante :<\/p>\n<ul>\n<li><strong>Respect du code:<\/strong> Notre entreprise s&rsquo;engage \u00e0 prot\u00e9ger les droits des travailleurs conform\u00e9ment aux dispositions l\u00e9gales et aux dispositions du code de conduite.<\/li>\n<li><strong>Participation et protection des travailleurs:<\/strong> Notre entreprise informe les travailleurs de leurs droits et devoirs.<\/li>\n<li><strong>Gestion de la cha\u00eene d&rsquo;approvisionnement et effet de cascade:<\/strong> Notre entreprise utilise les principes de la BSCI pour exercer une influence sur d&rsquo;autres partenaires commerciaux.<\/li>\n<li><strong>M\u00e9canisme de traitement des plaintes:<\/strong> Notre entreprise met \u00e0 disposition un syst\u00e8me de traitement des plaintes et des suggestions des employ\u00e9s.<\/li>\n<\/ul>\n<p><a href=\"https:\/\/www.amfori.org\/\" target=\"_blank\" rel=\"nofollow noopener noreferrer\">https:\/\/www.amfori.org\/<\/a><\/p>\n<\/div><\/section><br \/>\n<section  class='av_textblock_section av-mfy1vlqg-6a3df5ef2439ad20b64b85f744d0ff41 '   itemscope=\"itemscope\" itemtype=\"https:\/\/schema.org\/CreativeWork\" ><div class='avia_textblock'  itemprop=\"text\" ><h3>ASSOCIATION DE L&rsquo;INDUSTRIE DE LA CHAUSSURE HDS\/L<\/h3>\n<p>ELTEN est membre de la F\u00e9d\u00e9ration allemande de l&rsquo;industrie de la chaussure et de la maroquinerie (Bundesverband der Schuh- und Lederwarenindustrie e.V.). La HDS\/L repr\u00e9sente les entreprises de production de l&rsquo;industrie de la chaussure et de la maroquinerie et d\u00e9fend leurs int\u00e9r\u00eats aupr\u00e8s du commerce, des autorit\u00e9s et des l\u00e9gislateurs.<\/p>\n<\/div><\/section><br \/>\n<section  class='av_textblock_section av-mfy1w6pa-dc642922b467a0d28cb15bff67977707 '   itemscope=\"itemscope\" itemtype=\"https:\/\/schema.org\/CreativeWork\" ><div class='avia_textblock'  itemprop=\"text\" ><h3>LEATHER WORKING GROUP (LWG)<\/h3>\n<p><img loading=\"lazy\" decoding=\"async\" class=\"size-full wp-image-407581 alignright\" src=\"https:\/\/elten.com\/wp-content\/uploads\/2025\/09\/5500.jpg\" alt=\"Leather working group Logo\" width=\"100\" height=\"100\" srcset=\"https:\/\/elten.com\/wp-content\/uploads\/2025\/09\/5500.jpg 100w, https:\/\/elten.com\/wp-content\/uploads\/2025\/09\/5500-80x80.jpg 80w, https:\/\/elten.com\/wp-content\/uploads\/2025\/09\/5500-36x36.jpg 36w\" sizes=\"auto, (max-width: 100px) 100vw, 100px\" \/>Leather Working Group (LWG) est une organisation multipartite \u00e0 but non lucratif engag\u00e9e \u00e0 r\u00e9duire l\u2019impact environnemental de la production de cuir. Elle d\u00e9finit les normes LWG de crit\u00e8res environnementaux selon lesquelles les fabricants de cuir sont audit\u00e9s et certifi\u00e9s de mani\u00e8re ind\u00e9pendante. Nous achetons 100 % de notre cuir aupr\u00e8s de fabricants certifi\u00e9s selon la norme LWG, dont 72 % sont class\u00e9s Gold.<br \/>\nL\u2019adh\u00e9sion d\u2019ELTEN GmbH \u00e0 la Leather Working Group souligne notre engagement en faveur de la transparence et de l\u2019am\u00e9lioration continue dans la fabrication du cuir.<\/p>\n<p><a href=\"https:\/\/www.leatherworkinggroup.com\/\" target=\"_blank\" rel=\"nofollow noopener\">En savoir plus<\/a><\/p>\n<\/div><\/section><br \/>\n<section  class='av_textblock_section av-mfy1wmzi-cf525974da3d77a7126f866739874c4d '   itemscope=\"itemscope\" itemtype=\"https:\/\/schema.org\/CreativeWork\" ><div class='avia_textblock'  itemprop=\"text\" ><h3>PFI<\/h3>\n<p>L&rsquo;institut de contr\u00f4le et de recherche de Pirmasens e.V. a \u00e9t\u00e9 cr\u00e9\u00e9 \u00e0 l&rsquo;origine pour l&rsquo;industrie de la chaussure. Depuis, il est devenu un centre de services<br \/>\net de recherche moderne op\u00e9rant dans le monde entier.<\/p>\n<p>\u2022 DIN ISO 9001<br \/>\n\u2022 DIN ISO 14001<br \/>\n\u2022 100 % v\u00e9gan<\/p>\n<\/div><\/section><br \/>\n\n<style type=\"text\/css\" data-created_by=\"avia_inline_auto\" id=\"style-css-av-lmeqaxx7-fcd67d288f937d25e271601322ad6d18\">\n#top .hr.hr-invisible.av-lmeqaxx7-fcd67d288f937d25e271601322ad6d18{\nheight:25px;\n}\n<\/style>\n<div  class='hr av-lmeqaxx7-fcd67d288f937d25e271601322ad6d18 hr-invisible  avia-builder-el-8  el_after_av_textblock  avia-builder-el-last '><span class='hr-inner '><span class=\"hr-inner-style\"><\/span><\/span><\/div><\/p><\/div>\n","protected":false},"excerpt":{"rendered":"","protected":false},"author":2,"featured_media":0,"parent":348307,"menu_order":0,"comment_status":"closed","ping_status":"closed","template":"","meta":{"footnotes":""},"categories":[573],"tags":[],"class_list":["post-348243","page","type-page","status-publish","hentry","category-nachhaltigkeit-fr"],"yoast_head":"<!-- This site is optimized with the Yoast SEO Premium plugin v21.9 (Yoast SEO v21.9.1) - https:\/\/yoast.com\/wordpress\/plugins\/seo\/ -->\n<title>Durabilit\u00e9 - adh\u00e9sions - ELTEN GmbH<\/title>\n<meta name=\"robots\" content=\"index, follow, max-snippet:-1, max-image-preview:large, max-video-preview:-1\" \/>\n<link rel=\"canonical\" href=\"https:\/\/elten.com\/fr\/a-propos-de-nous\/strategie-de-durabilite-et-la-responsabilite-social\/durabilite-adhesions\/\" \/>\n<meta property=\"og:locale\" content=\"fr_FR\" \/>\n<meta property=\"og:type\" content=\"article\" \/>\n<meta property=\"og:title\" content=\"Durabilit\u00e9 - adh\u00e9sions\" \/>\n<meta property=\"og:url\" content=\"https:\/\/elten.com\/fr\/a-propos-de-nous\/strategie-de-durabilite-et-la-responsabilite-social\/durabilite-adhesions\/\" \/>\n<meta property=\"og:site_name\" content=\"ELTEN GmbH\" \/>\n<meta property=\"article:modified_time\" content=\"2025-09-24T14:01:42+00:00\" \/>\n<meta property=\"og:image\" content=\"https:\/\/elten.com\/wp-content\/uploads\/2023\/11\/Wirtschaft_Leder_ALL-1.png\" \/>\n\t<meta property=\"og:image:width\" content=\"500\" \/>\n\t<meta property=\"og:image:height\" content=\"500\" \/>\n\t<meta property=\"og:image:type\" content=\"image\/png\" \/>\n<meta name=\"twitter:card\" content=\"summary_large_image\" \/>\n<meta name=\"twitter:label1\" content=\"Dur\u00e9e de lecture estim\u00e9e\" \/>\n\t<meta name=\"twitter:data1\" content=\"6 minutes\" \/>\n<script type=\"application\/ld+json\" class=\"yoast-schema-graph\">{\"@context\":\"https:\/\/schema.org\",\"@graph\":[{\"@type\":\"WebPage\",\"@id\":\"https:\/\/elten.com\/fr\/a-propos-de-nous\/strategie-de-durabilite-et-la-responsabilite-social\/durabilite-adhesions\/\",\"url\":\"https:\/\/elten.com\/fr\/a-propos-de-nous\/strategie-de-durabilite-et-la-responsabilite-social\/durabilite-adhesions\/\",\"name\":\"Durabilit\u00e9 - adh\u00e9sions - ELTEN GmbH\",\"isPartOf\":{\"@id\":\"https:\/\/elten.com\/fr\/#website\"},\"datePublished\":\"2023-10-04T12:54:20+00:00\",\"dateModified\":\"2025-09-24T14:01:42+00:00\",\"breadcrumb\":{\"@id\":\"https:\/\/elten.com\/fr\/a-propos-de-nous\/strategie-de-durabilite-et-la-responsabilite-social\/durabilite-adhesions\/#breadcrumb\"},\"inLanguage\":\"fr-FR\",\"potentialAction\":[{\"@type\":\"ReadAction\",\"target\":[\"https:\/\/elten.com\/fr\/a-propos-de-nous\/strategie-de-durabilite-et-la-responsabilite-social\/durabilite-adhesions\/\"]}]},{\"@type\":\"BreadcrumbList\",\"@id\":\"https:\/\/elten.com\/fr\/a-propos-de-nous\/strategie-de-durabilite-et-la-responsabilite-social\/durabilite-adhesions\/#breadcrumb\",\"itemListElement\":[{\"@type\":\"ListItem\",\"position\":1,\"name\":\"Startseite\",\"item\":\"https:\/\/elten.com\/fr\/\"},{\"@type\":\"ListItem\",\"position\":2,\"name\":\"\u00c0 propos de nous\",\"item\":\"https:\/\/elten.com\/fr\/a-propos-de-nous\/\"},{\"@type\":\"ListItem\",\"position\":3,\"name\":\"Strat\u00e9gie de durabilit\u00e9 et la responsabilit\u00e9 social\",\"item\":\"https:\/\/elten.com\/fr\/a-propos-de-nous\/strategie-de-durabilite-et-la-responsabilite-social\/\"},{\"@type\":\"ListItem\",\"position\":4,\"name\":\"Durabilit\u00e9 &#8211; adh\u00e9sions\"}]},{\"@type\":\"WebSite\",\"@id\":\"https:\/\/elten.com\/fr\/#website\",\"url\":\"https:\/\/elten.com\/fr\/\",\"name\":\"ELTEN GmbH\",\"description\":\"Sicherheitsschuhe | Arbeitsschuhe | LOWA WORK COLLECTION | ELTEN GmbH\",\"potentialAction\":[{\"@type\":\"SearchAction\",\"target\":{\"@type\":\"EntryPoint\",\"urlTemplate\":\"https:\/\/elten.com\/fr\/?s={search_term_string}\"},\"query-input\":\"required name=search_term_string\"}],\"inLanguage\":\"fr-FR\"}]}<\/script>\n<!-- \/ Yoast SEO Premium plugin. -->","yoast_head_json":{"title":"Durabilit\u00e9 - adh\u00e9sions - ELTEN GmbH","robots":{"index":"index","follow":"follow","max-snippet":"max-snippet:-1","max-image-preview":"max-image-preview:large","max-video-preview":"max-video-preview:-1"},"canonical":"https:\/\/elten.com\/fr\/a-propos-de-nous\/strategie-de-durabilite-et-la-responsabilite-social\/durabilite-adhesions\/","og_locale":"fr_FR","og_type":"article","og_title":"Durabilit\u00e9 - adh\u00e9sions","og_url":"https:\/\/elten.com\/fr\/a-propos-de-nous\/strategie-de-durabilite-et-la-responsabilite-social\/durabilite-adhesions\/","og_site_name":"ELTEN GmbH","article_modified_time":"2025-09-24T14:01:42+00:00","og_image":[{"width":500,"height":500,"url":"https:\/\/elten.com\/wp-content\/uploads\/2023\/11\/Wirtschaft_Leder_ALL-1.png","type":"image\/png"}],"twitter_card":"summary_large_image","twitter_misc":{"Dur\u00e9e de lecture estim\u00e9e":"6 minutes"},"schema":{"@context":"https:\/\/schema.org","@graph":[{"@type":"WebPage","@id":"https:\/\/elten.com\/fr\/a-propos-de-nous\/strategie-de-durabilite-et-la-responsabilite-social\/durabilite-adhesions\/","url":"https:\/\/elten.com\/fr\/a-propos-de-nous\/strategie-de-durabilite-et-la-responsabilite-social\/durabilite-adhesions\/","name":"Durabilit\u00e9 - adh\u00e9sions - ELTEN GmbH","isPartOf":{"@id":"https:\/\/elten.com\/fr\/#website"},"datePublished":"2023-10-04T12:54:20+00:00","dateModified":"2025-09-24T14:01:42+00:00","breadcrumb":{"@id":"https:\/\/elten.com\/fr\/a-propos-de-nous\/strategie-de-durabilite-et-la-responsabilite-social\/durabilite-adhesions\/#breadcrumb"},"inLanguage":"fr-FR","potentialAction":[{"@type":"ReadAction","target":["https:\/\/elten.com\/fr\/a-propos-de-nous\/strategie-de-durabilite-et-la-responsabilite-social\/durabilite-adhesions\/"]}]},{"@type":"BreadcrumbList","@id":"https:\/\/elten.com\/fr\/a-propos-de-nous\/strategie-de-durabilite-et-la-responsabilite-social\/durabilite-adhesions\/#breadcrumb","itemListElement":[{"@type":"ListItem","position":1,"name":"Startseite","item":"https:\/\/elten.com\/fr\/"},{"@type":"ListItem","position":2,"name":"\u00c0 propos de nous","item":"https:\/\/elten.com\/fr\/a-propos-de-nous\/"},{"@type":"ListItem","position":3,"name":"Strat\u00e9gie de durabilit\u00e9 et la responsabilit\u00e9 social","item":"https:\/\/elten.com\/fr\/a-propos-de-nous\/strategie-de-durabilite-et-la-responsabilite-social\/"},{"@type":"ListItem","position":4,"name":"Durabilit\u00e9 &#8211; adh\u00e9sions"}]},{"@type":"WebSite","@id":"https:\/\/elten.com\/fr\/#website","url":"https:\/\/elten.com\/fr\/","name":"ELTEN GmbH","description":"Sicherheitsschuhe | Arbeitsschuhe | LOWA WORK COLLECTION | ELTEN GmbH","potentialAction":[{"@type":"SearchAction","target":{"@type":"EntryPoint","urlTemplate":"https:\/\/elten.com\/fr\/?s={search_term_string}"},"query-input":"required name=search_term_string"}],"inLanguage":"fr-FR"}]}},"_links":{"self":[{"href":"https:\/\/elten.com\/fr\/wp-json\/wp\/v2\/pages\/348243","targetHints":{"allow":["GET"]}}],"collection":[{"href":"https:\/\/elten.com\/fr\/wp-json\/wp\/v2\/pages"}],"about":[{"href":"https:\/\/elten.com\/fr\/wp-json\/wp\/v2\/types\/page"}],"author":[{"embeddable":true,"href":"https:\/\/elten.com\/fr\/wp-json\/wp\/v2\/users\/2"}],"replies":[{"embeddable":true,"href":"https:\/\/elten.com\/fr\/wp-json\/wp\/v2\/comments?post=348243"}],"version-history":[{"count":3,"href":"https:\/\/elten.com\/fr\/wp-json\/wp\/v2\/pages\/348243\/revisions"}],"predecessor-version":[{"id":407695,"href":"https:\/\/elten.com\/fr\/wp-json\/wp\/v2\/pages\/348243\/revisions\/407695"}],"up":[{"embeddable":true,"href":"https:\/\/elten.com\/fr\/wp-json\/wp\/v2\/pages\/348307"}],"wp:attachment":[{"href":"https:\/\/elten.com\/fr\/wp-json\/wp\/v2\/media?parent=348243"}],"wp:term":[{"taxonomy":"category","embeddable":true,"href":"https:\/\/elten.com\/fr\/wp-json\/wp\/v2\/categories?post=348243"},{"taxonomy":"post_tag","embeddable":true,"href":"https:\/\/elten.com\/fr\/wp-json\/wp\/v2\/tags?post=348243"}],"curies":[{"name":"wp","href":"https:\/\/api.w.org\/{rel}","templated":true}]}}