{"id":348328,"date":"2023-10-04T15:54:14","date_gmt":"2023-10-04T13:54:14","guid":{"rendered":"http:\/\/relaunch.elten.com.w01ca985.kasserver.com\/?page_id=348328"},"modified":"2024-10-22T14:33:18","modified_gmt":"2024-10-22T12:33:18","slug":"e-track","status":"publish","type":"page","link":"https:\/\/elten.com\/fr\/groupes-de-produits\/e-track\/","title":{"rendered":"E-TRACK"},"content":{"rendered":"<div id='av-layout-grid-1'  class='av-layout-grid-container av-k5pp86-3eee7c3d6344b41e97f481181cfac91a entry-content-wrapper main_color av-flex-cells  avia-builder-el-0  el_before_av_one_full  avia-builder-el-first  el-produktgruppen-head  container_wrap sidebar_right'  >\n\n<style type=\"text\/css\" data-created_by=\"avia_inline_auto\" id=\"style-css-av-579dhiu-5a6275bddf5d6081835e21c6e18f12fe\">\n.flex_cell.av-579dhiu-5a6275bddf5d6081835e21c6e18f12fe{\nvertical-align:top;\n}\n.responsive #top #wrap_all .flex_cell.av-579dhiu-5a6275bddf5d6081835e21c6e18f12fe{\npadding:0px 0px 0px 0px !important;\n}\n<\/style>\n<div class='flex_cell av-579dhiu-5a6275bddf5d6081835e21c6e18f12fe av-gridrow-cell av_one_third no_margin  avia-builder-el-1  el_before_av_cell_one_third  avia-builder-el-first  av-zero-padding'  ><div class='flex_cell_inner'><p><section  class='av_textblock_section av-lm0naubq-aae95ea2a9142534adfb95f86db568a8 '   itemscope=\"itemscope\" itemtype=\"https:\/\/schema.org\/CreativeWork\" ><div class='avia_textblock'  itemprop=\"text\" ><p><img loading=\"lazy\" decoding=\"async\" class=\"alignnone size-full wp-image-351305\" src=\"https:\/\/elten.com\/wp-content\/uploads\/2023\/10\/E-Track-01-FR-RUNAWAY-black-Low-ESD-S3.jpg\" alt=\"\" width=\"750\" height=\"750\" srcset=\"https:\/\/elten.com\/wp-content\/uploads\/2023\/10\/E-Track-01-FR-RUNAWAY-black-Low-ESD-S3.jpg 750w, https:\/\/elten.com\/wp-content\/uploads\/2023\/10\/E-Track-01-FR-RUNAWAY-black-Low-ESD-S3-300x300.jpg 300w, https:\/\/elten.com\/wp-content\/uploads\/2023\/10\/E-Track-01-FR-RUNAWAY-black-Low-ESD-S3-80x80.jpg 80w, https:\/\/elten.com\/wp-content\/uploads\/2023\/10\/E-Track-01-FR-RUNAWAY-black-Low-ESD-S3-36x36.jpg 36w, https:\/\/elten.com\/wp-content\/uploads\/2023\/10\/E-Track-01-FR-RUNAWAY-black-Low-ESD-S3-180x180.jpg 180w, https:\/\/elten.com\/wp-content\/uploads\/2023\/10\/E-Track-01-FR-RUNAWAY-black-Low-ESD-S3-705x705.jpg 705w\" sizes=\"auto, (max-width: 750px) 100vw, 750px\" \/><\/p>\n<\/div><\/section><br \/>\n<section  class='av_textblock_section av-lm0nc1t6-7ae3dd4c56d21b7e80187e2b43f9e4e9 '   itemscope=\"itemscope\" itemtype=\"https:\/\/schema.org\/CreativeWork\" ><div class='av-small-hide av-mini-hide avia_textblock el-half-width-images'  itemprop=\"text\" ><p><a href=\"https:\/\/elten.com\/fr\/products\/journey-blue-low-esd-s1p-729621\/\"><img decoding=\"async\" src=\"https:\/\/elten.com\/wp-content\/uploads\/2023\/09\/E-Track-10-JOURNEY-blue-Low-ESD-S1P-Sohle.jpg\" \/><\/a><a href=\"https:\/\/elten.com\/fr\/products\/white-grip-low-esd-s2-729685\/\"><img decoding=\"async\" src=\"https:\/\/elten.com\/wp-content\/uploads\/2023\/09\/E-Track-08-WHITE-GRIP-Low-ESD-S2-Sohle.jpg\" \/><\/a><\/p>\n<\/div><\/section><\/p>\n<\/div><\/div>\n<style type=\"text\/css\" data-created_by=\"avia_inline_auto\" id=\"style-css-av-51oyzau-d49a59454090167cf8c085e083f60863\">\n.flex_cell.av-51oyzau-d49a59454090167cf8c085e083f60863{\nvertical-align:top;\n}\n.responsive #top #wrap_all .flex_cell.av-51oyzau-d49a59454090167cf8c085e083f60863{\npadding:0px 0px 0px 0px !important;\n}\n<\/style>\n<div class='flex_cell av-51oyzau-d49a59454090167cf8c085e083f60863 av-gridrow-cell av_one_third no_margin av-hide-on-mobile  avia-builder-el-4  el_after_av_cell_one_third  el_before_av_cell_one_third  av-zero-padding'  ><div class='flex_cell_inner'><p><section  class='av_textblock_section av-lm0ncu52-c8b2f43e7fd5e6e187fed20c0cdc3f40 '   itemscope=\"itemscope\" itemtype=\"https:\/\/schema.org\/CreativeWork\" ><div class='avia_textblock'  itemprop=\"text\" ><p><a href=\"https:\/\/elten.com\/fr\/products\/journey-grey-low-esd-s1-729630\/\"><img decoding=\"async\" src=\"https:\/\/elten.com\/wp-content\/uploads\/2023\/09\/E-Track-12-729630-JOURNEY-grey-Low-ESD-S1.jpg\" \/><\/a><\/p>\n<\/div><\/section><br \/>\n<section  class='av_textblock_section av-lm0nf31w-b51156e9f2f089f2fb920a4fb98977ac '   itemscope=\"itemscope\" itemtype=\"https:\/\/schema.org\/CreativeWork\" ><div class='avia_textblock el-half-width-images'  itemprop=\"text\" ><p><a href=\"https:\/\/elten.com\/fr\/products\/white-grip-low-esd-s2-729685\/\"><img decoding=\"async\" src=\"https:\/\/elten.com\/wp-content\/uploads\/2023\/09\/E-Track-05-WHITE-GRIP-Low-ESD-S2.jpg\" \/><\/a><a href=\"https:\/\/elten.com\/fr\/products\/journey-black-low-esd-s3-729611\/\"><img decoding=\"async\" src=\"https:\/\/elten.com\/wp-content\/uploads\/2023\/09\/E-Track-06-JOURNEY-black-Low-ESD-S3.jpg\" \/><\/a><a href=\"https:\/\/elten.com\/fr\/products\/runaway-black-low-esd-s3-729661\/\"><img decoding=\"async\" src=\"https:\/\/elten.com\/wp-content\/uploads\/2023\/09\/E-Track-07-RUNAWAY-black-Low-ESD-S3.jpg\" \/><\/a><a href=\"https:\/\/elten.com\/fr\/products\/journey-grey-low-esd-s1-729630\/\"><img decoding=\"async\" src=\"https:\/\/elten.com\/wp-content\/uploads\/2023\/09\/E-Track-11-729630-JOURNEY-grey-Low-ESD-S1.jpg\" \/><\/a><\/p>\n<\/div><\/section><\/p>\n<\/div><\/div>\n<style type=\"text\/css\" data-created_by=\"avia_inline_auto\" id=\"style-css-av-4gkuv9y-d5e30c328b04ea3f43206ef3e341484f\">\n.flex_cell.av-4gkuv9y-d5e30c328b04ea3f43206ef3e341484f{\nvertical-align:top;\n}\n.responsive #top #wrap_all .flex_cell.av-4gkuv9y-d5e30c328b04ea3f43206ef3e341484f{\npadding:0px 0px 0px 0px !important;\n}\n<\/style>\n<div class='flex_cell av-4gkuv9y-d5e30c328b04ea3f43206ef3e341484f av-gridrow-cell av_one_third no_margin av-hide-on-mobile  avia-builder-el-7  el_after_av_cell_one_third  avia-builder-el-last  av-zero-padding'  ><div class='flex_cell_inner'><section  class='av_textblock_section av-lm0nftn5-20b11b4c6e203de81d09f5f62ae73343 '   itemscope=\"itemscope\" itemtype=\"https:\/\/schema.org\/CreativeWork\" ><div class='avia_textblock'  itemprop=\"text\" ><p><a href=\"https:\/\/elten.com\/fr\/products\/runaway-brown-low-esd-s3-729671\/\"><img decoding=\"async\" src=\"https:\/\/elten.com\/wp-content\/uploads\/2023\/09\/E-Track-09-RUNAWAY-brown-Low-ESD-S3.jpg\" \/><\/a><\/p>\n<\/div><\/section>\n<\/div><\/div>\n<\/div><div id='after_grid_row_1'  class='main_color av_default_container_wrap container_wrap sidebar_right'  ><div class='container av-section-cont-open' ><div class='template-page content  av-content-small alpha units'><div class='post-entry post-entry-type-page post-entry-348328'><div class='entry-content-wrapper clearfix'>\n<div  class='flex_column av-4064kuu-0e02d80e02866c47c85292a2d9ce7b25 av_one_full  avia-builder-el-9  el_after_av_layout_row  el_before_av_button  avia-builder-el-first  first flex_column_div  '     ><p>\n<style type=\"text\/css\" data-created_by=\"avia_inline_auto\" id=\"style-css-av-3glx2ja-6153ea2fe85b075204e3b330cd6ff19d\">\n#top .av-special-heading.av-3glx2ja-6153ea2fe85b075204e3b330cd6ff19d{\npadding-bottom:10px;\ncolor:#dd0b2e;\n}\nbody .av-special-heading.av-3glx2ja-6153ea2fe85b075204e3b330cd6ff19d .av-special-heading-tag .heading-char{\nfont-size:25px;\n}\n.av-special-heading.av-3glx2ja-6153ea2fe85b075204e3b330cd6ff19d .special-heading-inner-border{\nborder-color:#dd0b2e;\n}\n.av-special-heading.av-3glx2ja-6153ea2fe85b075204e3b330cd6ff19d .av-subheading{\nfont-size:15px;\n}\n<\/style>\n<div  class='av-special-heading av-3glx2ja-6153ea2fe85b075204e3b330cd6ff19d av-special-heading-h1 custom-color-heading  avia-builder-el-10  el_before_av_textblock  avia-builder-el-first '><h1 class='av-special-heading-tag'  itemprop=\"headline\"  >E-TRACK<\/h1><div class=\"special-heading-border\"><div class=\"special-heading-inner-border\"><\/div><\/div><\/div><br \/>\n<section  class='av_textblock_section av-lm4wsuhz-3cfb9ca8de955be7a2c752d170facde0 '   itemscope=\"itemscope\" itemtype=\"https:\/\/schema.org\/CreativeWork\" ><div class='avia_textblock'  itemprop=\"text\" ><h3>DES ATHL\u00c8TES POUR LES PIEDS<\/h3>\n<\/div><\/section><br \/>\n\n<style type=\"text\/css\" data-created_by=\"avia_inline_auto\" id=\"style-css-av-lozm0qu6-e4a7c9d669333c859b3cb2ec29b3fd02\">\n#top .hr.hr-invisible.av-lozm0qu6-e4a7c9d669333c859b3cb2ec29b3fd02{\nheight:40px;\n}\n<\/style>\n<div  class='hr av-lozm0qu6-e4a7c9d669333c859b3cb2ec29b3fd02 hr-invisible  avia-builder-el-12  el_after_av_textblock  el_before_av_textblock '><span class='hr-inner '><span class=\"hr-inner-style\"><\/span><\/span><\/div><br \/>\n<section  class='av_textblock_section av-lozm5xd6-858bc0a156d772c527ede37061029a4b '   itemscope=\"itemscope\" itemtype=\"https:\/\/schema.org\/CreativeWork\" ><div class='avia_textblock'  itemprop=\"text\" ><h3>UN DESIGN SPORTIF ET DES CARACT\u00c9RISTIQUES DE S\u00c9CURIT\u00c9 OPTIMALES<\/h3>\n<p>Nos mod\u00e8les sportifs de la s\u00e9rie E-TRACK offrent la combinaison parfaite d&rsquo;une sensation de marche dynamique et d&rsquo;une performance optimale dans le quotidien professionnel. Les chaussures de cette s\u00e9rie sont toutes, sans exception, fabriqu\u00e9es dans un design low-cut. La silhouette est donc plate et permet une grande libert\u00e9 de mouvement puisqu&rsquo;elle n&rsquo;entoure pas la cheville. Un autre avantage du design low-cut est qu&rsquo;il n\u00e9cessite moins de mat\u00e9riau ext\u00e9rieur, ce qui rend la chaussure beaucoup plus l\u00e9g\u00e8re. Les chaussures de s\u00e9curit\u00e9 fines de la s\u00e9rie E-TRACK sont fabriqu\u00e9es dans les mat\u00e9riaux les plus divers et sont propos\u00e9es dans diff\u00e9rentes classes de protection. La doublure int\u00e9rieure respirante garantit un excellent confort de port gr\u00e2ce \u00e0 ses remarquables propri\u00e9t\u00e9s d&rsquo;absorption et d&rsquo;\u00e9vacuation de l&rsquo;humidit\u00e9.<\/p>\n<h3>UNE SEMELLE FLEXIBLE AVEC UNE BONNE ADH\u00c9RENCE<\/h3>\n<p>Les chaussures de la gamme E-TRACK sont \u00e9quip\u00e9es d&rsquo;une semelle bicouche en caoutchouc et en PU, sp\u00e9cialement con\u00e7ue pour \u00eatre extr\u00eamement r\u00e9sistante. La semelle interm\u00e9diaire en PU assure l&rsquo;amortissement et la stabilit\u00e9 n\u00e9cessaires, tandis que la semelle ext\u00e9rieure en caoutchouc emp\u00eache de glisser sur les surfaces lisses ou humides. Ces chaussures sont donc parfaitement adapt\u00e9es \u00e0 tous les domaines de l&rsquo;int\u00e9rieur et de l&rsquo;ext\u00e9rieur.<\/p>\n<h3>DES MOD\u00c8LES POLYVALENTS ET UTILISABLES PARTOUT<\/h3>\n<p>Avec diff\u00e9rents \u00e9quipements, diff\u00e9rentes couleurs et les classes de s\u00e9curit\u00e9 S1, S1P, S2 et S3, les mod\u00e8les de la s\u00e9rie E-TRACK sont parfaits pour diff\u00e9rents domaines d&rsquo;utilisation. Pour les mat\u00e9riaux de dessus, nous avons opt\u00e9 pour diff\u00e9rentes variantes. Il existe divers mat\u00e9riaux de dessus en cuir, du cuir nubuck hydrophobe au cuir velours ou au simple cuir de vachette, mais aussi en combinaison avec des mat\u00e9riaux en mesh et des microfibres ou encore en \u00e9quipement enti\u00e8rement sans cuir. Les chaussures sont d&rsquo;ailleurs toutes dot\u00e9es d&rsquo;un embout en acier et compatibles ESD, sans exception. De plus, except\u00e9 dans les classes de protection S1 et S2, elles disposent d&rsquo;une protection anti-perforation sans m\u00e9tal. Celle-ci est plus l\u00e9g\u00e8re et plus flexible qu&rsquo;une protection anti-perforation en acier et permet d&rsquo;obtenir des chaussures sportives et l\u00e9g\u00e8res qui se rapprochent beaucoup des sneakers.<\/p>\n<h3>CHAUSSURES DE S\u00c9CURIT\u00c9 ADAPTABLES<\/h3>\n<p>Les mod\u00e8les ELTEN E-TRACK sont tous test\u00e9s et certifi\u00e9s selon les mod\u00e8les l\u00e9gaux de la norme EN ISO 20345.<br \/>\nLes chaussures sont disponibles dans les tailles 40 \u00e0 48. La WHITE GRIP Low ESD S1, la chaussure blanche sans cuir avec des fermetures scratch pratiques, est m\u00eame disponible dans les tailles 35 \u00e0 48.<\/p>\n<\/div><\/section><br \/>\n\n<style type=\"text\/css\" data-created_by=\"avia_inline_auto\" id=\"style-css-av-av_hr-458b8eb7f665c8f37efd46a17c2150f8\">\n#top .hr.hr-invisible.av-av_hr-458b8eb7f665c8f37efd46a17c2150f8{\nheight:40px;\n}\n<\/style>\n<div  class='hr av-av_hr-458b8eb7f665c8f37efd46a17c2150f8 hr-invisible  avia-builder-el-14  el_after_av_textblock  el_before_av_textblock '><span class='hr-inner '><span class=\"hr-inner-style\"><\/span><\/span><\/div><br \/>\n<section  class='av_textblock_section av-lozm46bg-29ec2e810d2858e786070ab02ffa76f0 '   itemscope=\"itemscope\" itemtype=\"https:\/\/schema.org\/CreativeWork\" ><div class='avia_textblock'  itemprop=\"text\" ><h3>PRODUITS<\/h3>\n<\/div><\/section><br \/>\n<div  id=\"av-sc-portfolio-1\"  class=' grid-sort-container isotope   no_margin-container with-title-container grid-total-odd grid-col-4 grid-links-' data-portfolio-id='1'><div data-ajax-id='342187' class=' grid-entry flex_column isotope-item all_sort no_margin post-entry post-entry-342187 grid-entry-overview grid-loop-1 grid-parity-odd  11200_agilium-freestep-2-0-fr_sort 11300_agilium-freestep-3-0-fr_sort 11400_malleo-neurexa-pro-fr_sort 10700_mander-malms-softastatic-sav-02-fr_sort 10800_mander-malms-softastatic-sa-pur-02-fr_sort 10100_esd-pro-fr_sort 50100_sensicare-fr_sort 10600_hartmann-9516-secosol-fr_sort 11000_seidl-sensoped-esd-3596-fr_sort 50600_currex-work-pro-fr_sort 10300_bauerfeind-ergo-pad-workh-fr_sort nitrile-fr_sort sr-fr_sort sans-cuir-fr_sort materiau-textile-fr_sort embout-en-acier-fr_sort fo-fr_sort 04-unisex-fr_sort 05-divers-fr_sort mittel-normal-fr_sort weit-fr_sort rfid-chip-fr_sort _einsatzgebiet-gastronomie-fr_sort _einsatzgebiet-medizinische-berufe-fr_sort 03500-fr_sort 03600-fr_sort 03700-fr_sort 03800-fr_sort 03900-fr_sort 04000-fr_sort 04100-fr_sort 04200-fr_sort 04300-fr_sort 04400-fr_sort 04500-fr_sort 04600-fr_sort 04700-fr_sort 04800-fr_sort aucun-fr_sort blanc-fr_sort chaussure-basse-fr_sort doublure-textile-fr_sort e-track-fr_sort elten-fr_sort elten-e-track-fr_sort en-iso-20345-fr_sort esd-fr_sort fermeture-scratch-fr_sort gastronomie-fr_sort medizinische-berufe-fr_sort non-fr_sort s2-fr_sort semelles-interieures-fr_sort service-dinfirmerie-fr_sort  av_one_fourth first default_av_fullwidth '><article class='main_color inner-entry'  itemscope=\"itemscope\" itemtype=\"https:\/\/schema.org\/CreativeWork\" ><a href=\"https:\/\/elten.com\/fr\/products\/white-grip-low-esd-s2-729685\/\" title='WHITE Grip Low ESD S2 &#8211; 729685'  data-rel='grid-1' class='grid-image avia-hover-fx'> <img decoding=\"async\" fetchpriority=\"high\" width=\"1\" height=\"1\" src=\"https:\/\/elten.com\/wp-content\/uploads\/products\/729685-01.jpg\" class=\"wp-image-372817 avia-img-lazy-loading-not-372817 attachment-portfolio_small size-portfolio_small wp-post-image\" alt=\"WHITE Grip Low ESD S2 - 729685\" \/><\/a><div class='grid-content'><div class='avia-arrow'><\/div><header class=\"entry-content-header\"><h3 class='grid-entry-title entry-title '  itemprop=\"headline\" ><a href='https:\/\/elten.com\/fr\/products\/white-grip-low-esd-s2-729685\/' title='WHITE Grip Low ESD S2 &#8211; 729685'>WHITE Grip Low ESD S2 &#8211; 729685<\/a><\/h3><\/header><\/div><footer class=\"entry-footer\"><\/footer><\/article><\/div><div data-ajax-id='342193' class=' grid-entry flex_column isotope-item all_sort no_margin post-entry post-entry-342193 grid-entry-overview grid-loop-2 grid-parity-even  11200_agilium-freestep-2-0-fr_sort 11300_agilium-freestep-3-0-fr_sort 11400_malleo-neurexa-pro-fr_sort 10700_mander-malms-softastatic-sav-02-fr_sort 10800_mander-malms-softastatic-sa-pur-02-fr_sort 10100_esd-pro-fr_sort 50100_sensicare-fr_sort 10600_hartmann-9516-secosol-fr_sort 11000_seidl-sensoped-esd-3596-fr_sort 50600_currex-work-pro-fr_sort 10300_bauerfeind-ergo-pad-workh-fr_sort nitrile-fr_sort sr-fr_sort sportif-fr_sort semelle-anti-perforation-non-metallique-fr_sort cuir-fr_sort embout-en-acier-fr_sort fo-fr_sort 05-divers-fr_sort mittel-normal-fr_sort rfid-chip-fr_sort s3s-fr_sort 04000-fr_sort 04100-fr_sort 04200-fr_sort 04300-fr_sort 04400-fr_sort 04500-fr_sort 04600-fr_sort 04700-fr_sort 04800-fr_sort chaussure-basse-fr_sort doublure-en-cuir-fr_sort e-track-fr_sort elten-fr_sort elten-e-track-fr_sort en-iso-20345-fr_sort esd-fr_sort 02-hommes-fr_sort lacets-fr_sort noir-fr_sort non-fr_sort semelles-interieures-fr_sort  av_one_fourth  default_av_fullwidth '><article class='main_color inner-entry'  itemscope=\"itemscope\" itemtype=\"https:\/\/schema.org\/CreativeWork\" ><a href=\"https:\/\/elten.com\/fr\/products\/runaway-black-low-esd-s3s-729661\/\" title='RUNAWAY black Low ESD S3S &#8211; 729661'  data-rel='grid-1' class='grid-image avia-hover-fx'> <img decoding=\"async\" fetchpriority=\"high\" width=\"1\" height=\"1\" src=\"https:\/\/elten.com\/wp-content\/uploads\/products\/729661-01.jpg\" class=\"wp-image-371665 avia-img-lazy-loading-not-371665 attachment-portfolio_small size-portfolio_small wp-post-image\" alt=\"RUNAWAY black Low ESD S3 - 729661\" \/><\/a><div class='grid-content'><div class='avia-arrow'><\/div><header class=\"entry-content-header\"><h3 class='grid-entry-title entry-title '  itemprop=\"headline\" ><a href='https:\/\/elten.com\/fr\/products\/runaway-black-low-esd-s3s-729661\/' title='RUNAWAY black Low ESD S3S &#8211; 729661'>RUNAWAY black Low ESD S3S &#8211; 729661<\/a><\/h3><\/header><\/div><footer class=\"entry-footer\"><\/footer><\/article><\/div><div data-ajax-id='342188' class=' grid-entry flex_column isotope-item all_sort no_margin post-entry post-entry-342188 grid-entry-overview grid-loop-3 grid-parity-odd  post-entry-last  11200_agilium-freestep-2-0-fr_sort 11300_agilium-freestep-3-0-fr_sort 11400_malleo-neurexa-pro-fr_sort 10700_mander-malms-softastatic-sav-02-fr_sort 10800_mander-malms-softastatic-sa-pur-02-fr_sort 10100_esd-pro-fr_sort 50100_sensicare-fr_sort 10600_hartmann-9516-secosol-fr_sort 11000_seidl-sensoped-esd-3596-fr_sort 50600_currex-work-pro-fr_sort 10300_bauerfeind-ergo-pad-workh-fr_sort nitrile-fr_sort sr-fr_sort sportif-fr_sort semelle-anti-perforation-non-metallique-fr_sort cuir-fr_sort embout-en-acier-fr_sort fo-fr_sort 05-divers-fr_sort mittel-normal-fr_sort rfid-chip-fr_sort s3s-fr_sort 04000-fr_sort 04100-fr_sort 04200-fr_sort 04300-fr_sort 04400-fr_sort 04500-fr_sort 04600-fr_sort 04700-fr_sort 04800-fr_sort chaussure-basse-fr_sort doublure-textile-fr_sort e-track-fr_sort elten-fr_sort elten-e-track-fr_sort en-iso-20345-fr_sort esd-fr_sort 02-hommes-fr_sort lacets-fr_sort noir-fr_sort non-fr_sort semelles-interieures-fr_sort  av_one_fourth  default_av_fullwidth '><article class='main_color inner-entry'  itemscope=\"itemscope\" itemtype=\"https:\/\/schema.org\/CreativeWork\" ><a href=\"https:\/\/elten.com\/fr\/products\/journey-black-low-esd-s3s-729611\/\" title='JOURNEY black Low ESD S3S &#8211; 729611'  data-rel='grid-1' class='grid-image avia-hover-fx'> <img decoding=\"async\" fetchpriority=\"high\" width=\"1\" height=\"1\" src=\"https:\/\/elten.com\/wp-content\/uploads\/products\/729611-01.jpg\" class=\"wp-image-368897 avia-img-lazy-loading-not-368897 attachment-portfolio_small size-portfolio_small wp-post-image\" alt=\"JOURNEY black Low ESD S3 - 729611\" \/><\/a><div class='grid-content'><div class='avia-arrow'><\/div><header class=\"entry-content-header\"><h3 class='grid-entry-title entry-title '  itemprop=\"headline\" ><a href='https:\/\/elten.com\/fr\/products\/journey-black-low-esd-s3s-729611\/' title='JOURNEY black Low ESD S3S &#8211; 729611'>JOURNEY black Low ESD S3S &#8211; 729611<\/a><\/h3><\/header><\/div><footer class=\"entry-footer\"><\/footer><\/article><\/div><\/div><\/p><\/div><div  class='avia-button-wrap av-lm0ninq8-25b27bb62dda574e70af07a82ae69692-wrap avia-button-center  avia-builder-el-17  el_after_av_one_full  avia-builder-el-last '><a href='https:\/\/elten.com\/fr\/groupes-de-produits\/e-track-apercu\/'  class='avia-button av-lm0ninq8-25b27bb62dda574e70af07a82ae69692 avia-icon_select-no avia-size-small avia-position-center av-desktop-hide av-medium-hide av-small-hide av-mini-hide avia-color-theme-color'  ><span class='avia_iconbox_title' >Tous les produits<\/span><\/a><\/div><\/p>\n","protected":false},"excerpt":{"rendered":"","protected":false},"author":2,"featured_media":0,"parent":347931,"menu_order":0,"comment_status":"closed","ping_status":"closed","template":"","meta":{"footnotes":""},"categories":[564],"tags":[],"class_list":["post-348328","page","type-page","status-publish","hentry","category-produktgruppen-fr"],"yoast_head":"<!-- This site is optimized with the Yoast SEO Premium plugin v21.9 (Yoast SEO v21.9.1) - https:\/\/yoast.com\/wordpress\/plugins\/seo\/ -->\n<title>E-TRACK - ELTEN GmbH<\/title>\n<meta name=\"robots\" content=\"index, follow, max-snippet:-1, max-image-preview:large, max-video-preview:-1\" \/>\n<link rel=\"canonical\" href=\"https:\/\/elten.com\/fr\/groupes-de-produits\/e-track\/\" \/>\n<meta property=\"og:locale\" content=\"fr_FR\" \/>\n<meta property=\"og:type\" content=\"article\" \/>\n<meta property=\"og:title\" content=\"E-TRACK\" \/>\n<meta property=\"og:url\" content=\"https:\/\/elten.com\/fr\/groupes-de-produits\/e-track\/\" \/>\n<meta property=\"og:site_name\" content=\"ELTEN GmbH\" \/>\n<meta property=\"article:modified_time\" content=\"2024-10-22T12:33:18+00:00\" \/>\n<meta property=\"og:image\" content=\"https:\/\/elten.com\/wp-content\/uploads\/2023\/10\/E-Track-01-FR-RUNAWAY-black-Low-ESD-S3.jpg\" \/>\n<meta name=\"twitter:card\" content=\"summary_large_image\" \/>\n<meta name=\"twitter:label1\" content=\"Dur\u00e9e de lecture estim\u00e9e\" \/>\n\t<meta name=\"twitter:data1\" content=\"6 minutes\" \/>\n<script type=\"application\/ld+json\" class=\"yoast-schema-graph\">{\"@context\":\"https:\/\/schema.org\",\"@graph\":[{\"@type\":\"WebPage\",\"@id\":\"https:\/\/elten.com\/fr\/groupes-de-produits\/e-track\/\",\"url\":\"https:\/\/elten.com\/fr\/groupes-de-produits\/e-track\/\",\"name\":\"E-TRACK - ELTEN GmbH\",\"isPartOf\":{\"@id\":\"https:\/\/elten.com\/fr\/#website\"},\"datePublished\":\"2023-10-04T13:54:14+00:00\",\"dateModified\":\"2024-10-22T12:33:18+00:00\",\"breadcrumb\":{\"@id\":\"https:\/\/elten.com\/fr\/groupes-de-produits\/e-track\/#breadcrumb\"},\"inLanguage\":\"fr-FR\",\"potentialAction\":[{\"@type\":\"ReadAction\",\"target\":[\"https:\/\/elten.com\/fr\/groupes-de-produits\/e-track\/\"]}]},{\"@type\":\"BreadcrumbList\",\"@id\":\"https:\/\/elten.com\/fr\/groupes-de-produits\/e-track\/#breadcrumb\",\"itemListElement\":[{\"@type\":\"ListItem\",\"position\":1,\"name\":\"Startseite\",\"item\":\"https:\/\/elten.com\/fr\/\"},{\"@type\":\"ListItem\",\"position\":2,\"name\":\"Groupes de produits\",\"item\":\"https:\/\/elten.com\/fr\/?page_id=355498\"},{\"@type\":\"ListItem\",\"position\":3,\"name\":\"E-TRACK\"}]},{\"@type\":\"WebSite\",\"@id\":\"https:\/\/elten.com\/fr\/#website\",\"url\":\"https:\/\/elten.com\/fr\/\",\"name\":\"ELTEN GmbH\",\"description\":\"Sicherheitsschuhe | Arbeitsschuhe | LOWA WORK COLLECTION | ELTEN GmbH\",\"potentialAction\":[{\"@type\":\"SearchAction\",\"target\":{\"@type\":\"EntryPoint\",\"urlTemplate\":\"https:\/\/elten.com\/fr\/?s={search_term_string}\"},\"query-input\":\"required name=search_term_string\"}],\"inLanguage\":\"fr-FR\"}]}<\/script>\n<!-- \/ Yoast SEO Premium plugin. -->","yoast_head_json":{"title":"E-TRACK - ELTEN GmbH","robots":{"index":"index","follow":"follow","max-snippet":"max-snippet:-1","max-image-preview":"max-image-preview:large","max-video-preview":"max-video-preview:-1"},"canonical":"https:\/\/elten.com\/fr\/groupes-de-produits\/e-track\/","og_locale":"fr_FR","og_type":"article","og_title":"E-TRACK","og_url":"https:\/\/elten.com\/fr\/groupes-de-produits\/e-track\/","og_site_name":"ELTEN GmbH","article_modified_time":"2024-10-22T12:33:18+00:00","og_image":[{"url":"https:\/\/elten.com\/wp-content\/uploads\/2023\/10\/E-Track-01-FR-RUNAWAY-black-Low-ESD-S3.jpg"}],"twitter_card":"summary_large_image","twitter_misc":{"Dur\u00e9e de lecture estim\u00e9e":"6 minutes"},"schema":{"@context":"https:\/\/schema.org","@graph":[{"@type":"WebPage","@id":"https:\/\/elten.com\/fr\/groupes-de-produits\/e-track\/","url":"https:\/\/elten.com\/fr\/groupes-de-produits\/e-track\/","name":"E-TRACK - ELTEN GmbH","isPartOf":{"@id":"https:\/\/elten.com\/fr\/#website"},"datePublished":"2023-10-04T13:54:14+00:00","dateModified":"2024-10-22T12:33:18+00:00","breadcrumb":{"@id":"https:\/\/elten.com\/fr\/groupes-de-produits\/e-track\/#breadcrumb"},"inLanguage":"fr-FR","potentialAction":[{"@type":"ReadAction","target":["https:\/\/elten.com\/fr\/groupes-de-produits\/e-track\/"]}]},{"@type":"BreadcrumbList","@id":"https:\/\/elten.com\/fr\/groupes-de-produits\/e-track\/#breadcrumb","itemListElement":[{"@type":"ListItem","position":1,"name":"Startseite","item":"https:\/\/elten.com\/fr\/"},{"@type":"ListItem","position":2,"name":"Groupes de produits","item":"https:\/\/elten.com\/fr\/?page_id=355498"},{"@type":"ListItem","position":3,"name":"E-TRACK"}]},{"@type":"WebSite","@id":"https:\/\/elten.com\/fr\/#website","url":"https:\/\/elten.com\/fr\/","name":"ELTEN GmbH","description":"Sicherheitsschuhe | Arbeitsschuhe | LOWA WORK COLLECTION | ELTEN GmbH","potentialAction":[{"@type":"SearchAction","target":{"@type":"EntryPoint","urlTemplate":"https:\/\/elten.com\/fr\/?s={search_term_string}"},"query-input":"required name=search_term_string"}],"inLanguage":"fr-FR"}]}},"_links":{"self":[{"href":"https:\/\/elten.com\/fr\/wp-json\/wp\/v2\/pages\/348328","targetHints":{"allow":["GET"]}}],"collection":[{"href":"https:\/\/elten.com\/fr\/wp-json\/wp\/v2\/pages"}],"about":[{"href":"https:\/\/elten.com\/fr\/wp-json\/wp\/v2\/types\/page"}],"author":[{"embeddable":true,"href":"https:\/\/elten.com\/fr\/wp-json\/wp\/v2\/users\/2"}],"replies":[{"embeddable":true,"href":"https:\/\/elten.com\/fr\/wp-json\/wp\/v2\/comments?post=348328"}],"version-history":[{"count":3,"href":"https:\/\/elten.com\/fr\/wp-json\/wp\/v2\/pages\/348328\/revisions"}],"predecessor-version":[{"id":389079,"href":"https:\/\/elten.com\/fr\/wp-json\/wp\/v2\/pages\/348328\/revisions\/389079"}],"up":[{"embeddable":true,"href":"https:\/\/elten.com\/fr\/wp-json\/wp\/v2\/pages\/347931"}],"wp:attachment":[{"href":"https:\/\/elten.com\/fr\/wp-json\/wp\/v2\/media?parent=348328"}],"wp:term":[{"taxonomy":"category","embeddable":true,"href":"https:\/\/elten.com\/fr\/wp-json\/wp\/v2\/categories?post=348328"},{"taxonomy":"post_tag","embeddable":true,"href":"https:\/\/elten.com\/fr\/wp-json\/wp\/v2\/tags?post=348328"}],"curies":[{"name":"wp","href":"https:\/\/api.w.org\/{rel}","templated":true}]}}