{"id":348724,"date":"2023-10-05T12:37:04","date_gmt":"2023-10-05T10:37:04","guid":{"rendered":"http:\/\/relaunch.elten.com.w01ca985.kasserver.com\/?page_id=348724"},"modified":"2023-10-24T14:18:45","modified_gmt":"2023-10-24T12:18:45","slug":"portail-dedie-aux-lanceurs","status":"publish","type":"page","link":"https:\/\/elten.com\/fr\/a-propos-de-nous\/portail-dedie-aux-lanceurs\/","title":{"rendered":"Portail d\u00e9di\u00e9 aux lanceurs"},"content":{"rendered":"<div id='av_section_1'  class='avia-section av-lmagc1em-7d330fccdd48ed9edddd645ab64b82ea main_color avia-section-default avia-no-shadow  avia-builder-el-0  avia-builder-el-no-sibling  avia-bg-style-scroll container_wrap sidebar_right'  ><div class='container av-section-cont-open' ><main  role=\"main\" itemprop=\"mainContentOfPage\"  class='template-page content  av-content-small alpha units'><div class='post-entry post-entry-type-page post-entry-348724'><div class='entry-content-wrapper clearfix'>\n<div  class='flex_column av-av_one_full-41ee899840124b6993b57a87f996c353 av_one_full  avia-builder-el-1  avia-builder-el-no-sibling  first flex_column_div  '     ><section  class='av_textblock_section av-lmagcohh-87aec2674cb560d9eedc6710da192691 '   itemscope=\"itemscope\" itemtype=\"https:\/\/schema.org\/CreativeWork\" ><div class='avia_textblock'  itemprop=\"text\" ><h2>LE PORTAIL D&rsquo;ALERTE D&rsquo;ELTEN GMBH<\/h2>\n<p>Notre portail d\u00e9di\u00e9 aux lanceurs d&rsquo;alerte offre aux parties int\u00e9ress\u00e9es la possibilit\u00e9 de signaler de mani\u00e8re anonyme des violations des normes \u00e9thiques, des lois et des r\u00e8glements.<\/p>\n<p>Le portail est pour nous un \u00e9l\u00e9ment important pour cr\u00e9er une culture d&rsquo;int\u00e9grit\u00e9 et de transparence, et pour garantir que les comportements r\u00e9pr\u00e9hensibles au sein de notre entreprise seront identifi\u00e9s et corrig\u00e9s. Il offre une possibilit\u00e9 s\u00fbre et prot\u00e9g\u00e9e aux lanceurs d&rsquo;alerte (whistleblowers) de signaler des dysfonctionnements sans s&rsquo;exposer \u00e0 des risques de repr\u00e9sailles ou de mesures de r\u00e9torsion.<\/p>\n<p><strong><a href=\"https:\/\/elten.hinweisgeberportal.de\/frontpage\" target=\"_blank\" rel=\"noopener\">Link externe vers le portail d\u00e9di\u00e9 aux lanceurs d&rsquo;alerte<\/a><\/strong><\/p>\n<\/div><\/section><\/div><\/div><\/div><\/main><!-- close content main element --><\/div><\/div><div id='after_section_1'  class='main_color av_default_container_wrap container_wrap sidebar_right'  ><div class='container av-section-cont-open' ><div class='template-page content  av-content-small alpha units'><div class='post-entry post-entry-type-page post-entry-348724'><div class='entry-content-wrapper clearfix'>\n","protected":false},"excerpt":{"rendered":"","protected":false},"author":2,"featured_media":0,"parent":233304,"menu_order":0,"comment_status":"closed","ping_status":"closed","template":"","meta":{"footnotes":""},"categories":[568],"tags":[],"class_list":["post-348724","page","type-page","status-publish","hentry","category-ueber-uns-fr"],"yoast_head":"<!-- This site is optimized with the Yoast SEO Premium plugin v21.9 (Yoast SEO v21.9.1) - https:\/\/yoast.com\/wordpress\/plugins\/seo\/ -->\n<title>Portail d\u00e9di\u00e9 aux lanceurs - ELTEN GmbH<\/title>\n<meta name=\"robots\" content=\"index, follow, max-snippet:-1, max-image-preview:large, max-video-preview:-1\" \/>\n<link rel=\"canonical\" href=\"https:\/\/elten.com\/fr\/a-propos-de-nous\/portail-dedie-aux-lanceurs\/\" \/>\n<meta property=\"og:locale\" content=\"fr_FR\" \/>\n<meta property=\"og:type\" content=\"article\" \/>\n<meta property=\"og:title\" content=\"Portail d\u00e9di\u00e9 aux lanceurs\" \/>\n<meta property=\"og:url\" content=\"https:\/\/elten.com\/fr\/a-propos-de-nous\/portail-dedie-aux-lanceurs\/\" \/>\n<meta property=\"og:site_name\" content=\"ELTEN GmbH\" \/>\n<meta property=\"article:modified_time\" content=\"2023-10-24T12:18:45+00:00\" \/>\n<meta name=\"twitter:card\" content=\"summary_large_image\" \/>\n<meta name=\"twitter:label1\" content=\"Dur\u00e9e de lecture estim\u00e9e\" \/>\n\t<meta name=\"twitter:data1\" content=\"2 minutes\" \/>\n<script type=\"application\/ld+json\" class=\"yoast-schema-graph\">{\"@context\":\"https:\/\/schema.org\",\"@graph\":[{\"@type\":\"WebPage\",\"@id\":\"https:\/\/elten.com\/fr\/a-propos-de-nous\/portail-dedie-aux-lanceurs\/\",\"url\":\"https:\/\/elten.com\/fr\/a-propos-de-nous\/portail-dedie-aux-lanceurs\/\",\"name\":\"Portail d\u00e9di\u00e9 aux lanceurs - ELTEN GmbH\",\"isPartOf\":{\"@id\":\"https:\/\/elten.com\/fr\/#website\"},\"datePublished\":\"2023-10-05T10:37:04+00:00\",\"dateModified\":\"2023-10-24T12:18:45+00:00\",\"breadcrumb\":{\"@id\":\"https:\/\/elten.com\/fr\/a-propos-de-nous\/portail-dedie-aux-lanceurs\/#breadcrumb\"},\"inLanguage\":\"fr-FR\",\"potentialAction\":[{\"@type\":\"ReadAction\",\"target\":[\"https:\/\/elten.com\/fr\/a-propos-de-nous\/portail-dedie-aux-lanceurs\/\"]}]},{\"@type\":\"BreadcrumbList\",\"@id\":\"https:\/\/elten.com\/fr\/a-propos-de-nous\/portail-dedie-aux-lanceurs\/#breadcrumb\",\"itemListElement\":[{\"@type\":\"ListItem\",\"position\":1,\"name\":\"Startseite\",\"item\":\"https:\/\/elten.com\/fr\/\"},{\"@type\":\"ListItem\",\"position\":2,\"name\":\"\u00c0 propos de nous\",\"item\":\"https:\/\/elten.com\/fr\/a-propos-de-nous\/\"},{\"@type\":\"ListItem\",\"position\":3,\"name\":\"Portail d\u00e9di\u00e9 aux lanceurs\"}]},{\"@type\":\"WebSite\",\"@id\":\"https:\/\/elten.com\/fr\/#website\",\"url\":\"https:\/\/elten.com\/fr\/\",\"name\":\"ELTEN GmbH\",\"description\":\"Sicherheitsschuhe | Arbeitsschuhe | LOWA WORK COLLECTION | ELTEN GmbH\",\"potentialAction\":[{\"@type\":\"SearchAction\",\"target\":{\"@type\":\"EntryPoint\",\"urlTemplate\":\"https:\/\/elten.com\/fr\/?s={search_term_string}\"},\"query-input\":\"required name=search_term_string\"}],\"inLanguage\":\"fr-FR\"}]}<\/script>\n<!-- \/ Yoast SEO Premium plugin. -->","yoast_head_json":{"title":"Portail d\u00e9di\u00e9 aux lanceurs - ELTEN GmbH","robots":{"index":"index","follow":"follow","max-snippet":"max-snippet:-1","max-image-preview":"max-image-preview:large","max-video-preview":"max-video-preview:-1"},"canonical":"https:\/\/elten.com\/fr\/a-propos-de-nous\/portail-dedie-aux-lanceurs\/","og_locale":"fr_FR","og_type":"article","og_title":"Portail d\u00e9di\u00e9 aux lanceurs","og_url":"https:\/\/elten.com\/fr\/a-propos-de-nous\/portail-dedie-aux-lanceurs\/","og_site_name":"ELTEN GmbH","article_modified_time":"2023-10-24T12:18:45+00:00","twitter_card":"summary_large_image","twitter_misc":{"Dur\u00e9e de lecture estim\u00e9e":"2 minutes"},"schema":{"@context":"https:\/\/schema.org","@graph":[{"@type":"WebPage","@id":"https:\/\/elten.com\/fr\/a-propos-de-nous\/portail-dedie-aux-lanceurs\/","url":"https:\/\/elten.com\/fr\/a-propos-de-nous\/portail-dedie-aux-lanceurs\/","name":"Portail d\u00e9di\u00e9 aux lanceurs - ELTEN GmbH","isPartOf":{"@id":"https:\/\/elten.com\/fr\/#website"},"datePublished":"2023-10-05T10:37:04+00:00","dateModified":"2023-10-24T12:18:45+00:00","breadcrumb":{"@id":"https:\/\/elten.com\/fr\/a-propos-de-nous\/portail-dedie-aux-lanceurs\/#breadcrumb"},"inLanguage":"fr-FR","potentialAction":[{"@type":"ReadAction","target":["https:\/\/elten.com\/fr\/a-propos-de-nous\/portail-dedie-aux-lanceurs\/"]}]},{"@type":"BreadcrumbList","@id":"https:\/\/elten.com\/fr\/a-propos-de-nous\/portail-dedie-aux-lanceurs\/#breadcrumb","itemListElement":[{"@type":"ListItem","position":1,"name":"Startseite","item":"https:\/\/elten.com\/fr\/"},{"@type":"ListItem","position":2,"name":"\u00c0 propos de nous","item":"https:\/\/elten.com\/fr\/a-propos-de-nous\/"},{"@type":"ListItem","position":3,"name":"Portail d\u00e9di\u00e9 aux lanceurs"}]},{"@type":"WebSite","@id":"https:\/\/elten.com\/fr\/#website","url":"https:\/\/elten.com\/fr\/","name":"ELTEN GmbH","description":"Sicherheitsschuhe | Arbeitsschuhe | LOWA WORK COLLECTION | ELTEN GmbH","potentialAction":[{"@type":"SearchAction","target":{"@type":"EntryPoint","urlTemplate":"https:\/\/elten.com\/fr\/?s={search_term_string}"},"query-input":"required name=search_term_string"}],"inLanguage":"fr-FR"}]}},"_links":{"self":[{"href":"https:\/\/elten.com\/fr\/wp-json\/wp\/v2\/pages\/348724","targetHints":{"allow":["GET"]}}],"collection":[{"href":"https:\/\/elten.com\/fr\/wp-json\/wp\/v2\/pages"}],"about":[{"href":"https:\/\/elten.com\/fr\/wp-json\/wp\/v2\/types\/page"}],"author":[{"embeddable":true,"href":"https:\/\/elten.com\/fr\/wp-json\/wp\/v2\/users\/2"}],"replies":[{"embeddable":true,"href":"https:\/\/elten.com\/fr\/wp-json\/wp\/v2\/comments?post=348724"}],"version-history":[{"count":2,"href":"https:\/\/elten.com\/fr\/wp-json\/wp\/v2\/pages\/348724\/revisions"}],"predecessor-version":[{"id":357112,"href":"https:\/\/elten.com\/fr\/wp-json\/wp\/v2\/pages\/348724\/revisions\/357112"}],"up":[{"embeddable":true,"href":"https:\/\/elten.com\/fr\/wp-json\/wp\/v2\/pages\/233304"}],"wp:attachment":[{"href":"https:\/\/elten.com\/fr\/wp-json\/wp\/v2\/media?parent=348724"}],"wp:term":[{"taxonomy":"category","embeddable":true,"href":"https:\/\/elten.com\/fr\/wp-json\/wp\/v2\/categories?post=348724"},{"taxonomy":"post_tag","embeddable":true,"href":"https:\/\/elten.com\/fr\/wp-json\/wp\/v2\/tags?post=348724"}],"curies":[{"name":"wp","href":"https:\/\/api.w.org\/{rel}","templated":true}]}}