{"id":365174,"date":"2023-12-20T12:35:12","date_gmt":"2023-12-20T11:35:12","guid":{"rendered":"https:\/\/elten.com\/?page_id=365174"},"modified":"2024-09-20T11:06:26","modified_gmt":"2024-09-20T09:06:26","slug":"certificats-iso","status":"publish","type":"page","link":"https:\/\/elten.com\/fr\/certificats-iso\/","title":{"rendered":"Certificats ISO"},"content":{"rendered":"<div  class='flex_column av-f3smk9o-1d71300713f2706e551446d4aad87262 av_one_full  avia-builder-el-0  el_before_av_one_full  avia-builder-el-first  first flex_column_div  '     ><p>\n<style type=\"text\/css\" data-created_by=\"avia_inline_auto\" id=\"style-css-av-lmac3q7c-e1cfdf59e231c9a5d14ec7cf99dc3a8d\">\n#top .av-special-heading.av-lmac3q7c-e1cfdf59e231c9a5d14ec7cf99dc3a8d{\npadding-bottom:10px;\n}\nbody .av-special-heading.av-lmac3q7c-e1cfdf59e231c9a5d14ec7cf99dc3a8d .av-special-heading-tag .heading-char{\nfont-size:25px;\n}\n.av-special-heading.av-lmac3q7c-e1cfdf59e231c9a5d14ec7cf99dc3a8d .av-subheading{\nfont-size:15px;\n}\n<\/style>\n<div  class='av-special-heading av-lmac3q7c-e1cfdf59e231c9a5d14ec7cf99dc3a8d av-special-heading-h2  avia-builder-el-1  el_before_av_textblock  avia-builder-el-first  el-no-float'><h2 class='av-special-heading-tag'  itemprop=\"headline\"  >Certificats ISO 9001 et 14001<\/h2><div class=\"special-heading-border\"><div class=\"special-heading-inner-border\"><\/div><\/div><\/div><br \/>\n<section  class='av_textblock_section av-lmac5spc-314c0d1d16f3a65ca4fcf888098b81e2 '   itemscope=\"itemscope\" itemtype=\"https:\/\/schema.org\/CreativeWork\" ><div class='avia_textblock'  itemprop=\"text\" ><p>La soci\u00e9t\u00e9 Elten GmbH r\u00e9pond aux besoins des personnes en leur proposant des chaussures de tr\u00e8s grande qualit\u00e9, garantissant \u00e0 la fois s\u00e9curit\u00e9 et confort au travail. Nous nous engageons en outre \u00e0 tenir compte des aspects \u00e9cologiques et \u00e0 pr\u00e9server l&rsquo;environnement et ses ressources.<br \/>\nEn maintenant nos syst\u00e8mes de gestion certifi\u00e9s DIN EN ISO 9001 (qualit\u00e9) et DIN EN ISO 14001 (environnement), nous encourageons l&rsquo;am\u00e9lioration continue de nos processus internes en vue de fabriquer des produits de haute qualit\u00e9, la fourniture de services orient\u00e9s vers le client ainsi que l&rsquo;optimisation des questions environnementales et de notre impact sur la plan\u00e8te.<\/p>\n<\/div><\/section><\/p><\/div>\n<div  class='flex_column av-6841kt8-fb57e77fc6809df5e58643b47b0bd7d9 av_one_full  avia-builder-el-3  el_after_av_one_full  avia-builder-el-last  first flex_column_div  column-top-margin'     ><form action=\"https:\/\/elten.com\/fr\/certificats-iso\/\" method=\"post\" data-fields-with-error=\"Erreurs trouv\u00e9es dans les champs suivants :\" class=\"avia_ajax_form av-form-labels-visible   avia-builder-el-4  avia-builder-el-no-sibling   \" data-avia-form-id=\"1\" data-avia-redirect='https:\/\/elten.com\/fr\/certificats-iso\/certificats-iso-telecharger\/' ><h3 class=''>T\u00e9l\u00e9charger les certificats ISO<\/h3><fieldset><p class='  first_form  form_element form_element_third' id='element_avia_1_1'><label for=\"avia_1_1\">Titre de civilit\u00e9 <abbr class=\"required\" title=\"requis(e)\">*<\/abbr><\/label> <input name=\"avia_1_1\" class=\"text_input is_empty\" type=\"text\" id=\"avia_1_1\" value=\"\" \/><\/p><p class='  form_element form_element_third' id='element_avia_2_1'><label for=\"avia_2_1\">Pr\u00e9nom <abbr class=\"required\" title=\"requis(e)\">*<\/abbr><\/label> <input name=\"avia_2_1\" class=\"text_input is_empty\" type=\"text\" id=\"avia_2_1\" value=\"\" \/><\/p><p class='  form_element form_element_third' id='element_avia_3_1'><label for=\"avia_3_1\">Nom <abbr class=\"required\" title=\"requis(e)\">*<\/abbr><\/label> <input name=\"avia_3_1\" class=\"text_input is_empty\" type=\"text\" id=\"avia_3_1\" value=\"\" \/><\/p><p class='  first_form  form_element form_element_half' id='element_avia_4_1'><label for=\"avia_4_1\">Entreprise <abbr class=\"required\" title=\"requis(e)\">*<\/abbr><\/label> <input name=\"avia_4_1\" class=\"text_input is_empty\" type=\"text\" id=\"avia_4_1\" value=\"\" \/><\/p><p class='  form_element form_element_half' id='element_avia_5_1'><label for=\"avia_5_1\">Taille de l\u2019entreprise <abbr class=\"required\" title=\"requis(e)\">*<\/abbr><\/label><select  name=\"avia_5_1\" class=\"select is_empty\" id=\"avia_5_1\"><option  selected=\"selected\" value=''><\/option><option   value='&lt; 50 employ\u00e9s'>&lt; 50 employ\u00e9s<\/option><option   value='51 - 500 employ\u00e9s'>51 - 500 employ\u00e9s<\/option><option   value='501 - 1500 employ\u00e9s'>501 - 1500 employ\u00e9s<\/option><option   value='&gt;1500 employ\u00e9s'>&gt;1500 employ\u00e9s<\/option><\/select><\/p><p class='  first_form  form_element form_element_half' id='element_avia_6_1'><label for=\"avia_6_1\">Poste <abbr class=\"required\" title=\"requis(e)\">*<\/abbr><\/label> <input name=\"avia_6_1\" class=\"text_input is_empty\" type=\"text\" id=\"avia_6_1\" value=\"\" \/><\/p><p class='  form_element form_element_half' id='element_avia_7_1'><label for=\"avia_7_1\">Secteur <abbr class=\"required\" title=\"requis(e)\">*<\/abbr><\/label> <input name=\"avia_7_1\" class=\"text_input is_empty\" type=\"text\" id=\"avia_7_1\" value=\"\" \/><\/p><p class='  first_form  form_element form_element_half' id='element_avia_8_1'><label for=\"avia_8_1\">Courriel <abbr class=\"required\" title=\"requis(e)\">*<\/abbr><\/label> <input name=\"avia_8_1\" class=\"text_input is_email\" type=\"text\" id=\"avia_8_1\" value=\"\" \/><\/p><div id='avia_9_1' class='av-form-text'><p>\nJ&rsquo;autorise la soci\u00e9t\u00e9 ELTEN GmbH \u00e0 utiliser les donn\u00e9es que je lui ai communiqu\u00e9es afin de prendre contact avec moi par courriel jusqu&rsquo;\u00e0 ce que je r\u00e9voque mon consentement. J&rsquo;ai la possibilit\u00e9 de r\u00e9voquer ce consentement envers la soci\u00e9t\u00e9 ELTEN GmbH \u00e0 tout moment, y compris partiellement, soit en adressant un courriel \u00e0 : <a href=\"mailto:service@elten.com\">service@elten.com<\/a>, soit en envoyant un courrier postal \u00e0 : ELTEN GmbH, Ostwall 7 &#8211; 13, 47589 Uedem (Allemagne). Je confirme avoir lu la note d&rsquo;information relative \u00e0 la <a href=\"https:\/\/elten.com\/fr\/home\/protection-des-donnees\/\">protection des donn\u00e9es<\/a> et j&rsquo;en accepte les termes.<\/p>\n<\/div><p class='  first_form  form_element form_fullwidth' id='element_avia_10_1'><input  name=\"avia_10_1\" class=\"input_checkbox is_empty\" type=\"checkbox\" id=\"avia_10_1\" value=\"true\"\/><label class=\"input_checkbox_label\" for=\"avia_10_1\">Note sur la protection des donn\u00e9es lue et accept\u00e9e <abbr class=\"required\" title=\"requis(e)\">*<\/abbr><\/label><\/p><p class=\"hidden\"><input type=\"text\" name=\"avia_11_1\" class=\"hidden \" id=\"avia_11_1\" value=\"\" \/><\/p><div id='avia_12_1' class='av-recaptcha-area  first_form  form_element form_fullwidth '  data-container_class=\"\" data-custom_class=\"\" data-context=\"av_contact_form\" data-token_input=\"av_recaptcha_token\" data-version=\"avia_recaptcha_v3\" data-theme=\"light\" data-size=\"normal\" data-score=\"0.5\" data-text_to_preview=\"\" data-value=\"\"><div class=\"av-google-badge-message hidden\">Ce site est prot\u00e9g\u00e9 par reCAPTCHA et la <a href=\"https:\/\/policies.google.com\/privacy\">politique de confidentialit\u00e9<\/a> de Google et <a href=\"https:\/\/policies.google.com\/terms\">leur conditions d\u2019utilisation<\/a> s\u2019appliquent.<\/div><\/div><p class=\"form_element \"><input type=\"hidden\" value=\"1\" name=\"avia_generated_form1\" \/><input type=\"submit\" value=\"DEMANDER UN PDF\" class=\"button\"  data-sending-label=\"Envoi\"\/><\/p><\/fieldset><div class=\"avia-disabled-form\">Ce formulaire est d\u00e9sactiv\u00e9 dans la mesure o\u00f9 vous refusez d\u2019accepter le service Google reCAPTCHA n\u00e9cessaire pour valider toute exp\u00e9dition de message depuis celui-ci.<\/div><\/form><div id=\"ajaxresponse_1\" class=\"ajaxresponse ajaxresponse_1 hidden\"><\/div><\/div>\n","protected":false},"excerpt":{"rendered":"","protected":false},"author":2,"featured_media":0,"parent":0,"menu_order":0,"comment_status":"closed","ping_status":"closed","template":"","meta":{"footnotes":""},"categories":[5690],"tags":[],"class_list":["post-365174","page","type-page","status-publish","hentry","category-zertifikate-fr"],"yoast_head":"<!-- This site is optimized with the Yoast SEO Premium plugin v21.9 (Yoast SEO v21.9.1) - https:\/\/yoast.com\/wordpress\/plugins\/seo\/ -->\n<title>Certificats ISO - ELTEN GmbH<\/title>\n<meta name=\"robots\" content=\"index, nofollow, max-snippet:-1, max-image-preview:large, max-video-preview:-1\" \/>\n<link rel=\"canonical\" href=\"https:\/\/elten.com\/fr\/certificats-iso\/\" \/>\n<meta property=\"og:locale\" content=\"fr_FR\" \/>\n<meta property=\"og:type\" content=\"article\" \/>\n<meta property=\"og:title\" content=\"Certificats ISO\" \/>\n<meta property=\"og:url\" content=\"https:\/\/elten.com\/fr\/certificats-iso\/\" \/>\n<meta property=\"og:site_name\" content=\"ELTEN GmbH\" \/>\n<meta property=\"article:modified_time\" content=\"2024-09-20T09:06:26+00:00\" \/>\n<meta name=\"twitter:card\" content=\"summary_large_image\" \/>\n<meta name=\"twitter:label1\" content=\"Dur\u00e9e de lecture estim\u00e9e\" \/>\n\t<meta name=\"twitter:data1\" content=\"2 minutes\" \/>\n<script type=\"application\/ld+json\" class=\"yoast-schema-graph\">{\"@context\":\"https:\/\/schema.org\",\"@graph\":[{\"@type\":\"WebPage\",\"@id\":\"https:\/\/elten.com\/fr\/certificats-iso\/\",\"url\":\"https:\/\/elten.com\/fr\/certificats-iso\/\",\"name\":\"Certificats ISO - ELTEN GmbH\",\"isPartOf\":{\"@id\":\"https:\/\/elten.com\/fr\/#website\"},\"datePublished\":\"2023-12-20T11:35:12+00:00\",\"dateModified\":\"2024-09-20T09:06:26+00:00\",\"breadcrumb\":{\"@id\":\"https:\/\/elten.com\/fr\/certificats-iso\/#breadcrumb\"},\"inLanguage\":\"fr-FR\",\"potentialAction\":[{\"@type\":\"ReadAction\",\"target\":[\"https:\/\/elten.com\/fr\/certificats-iso\/\"]}]},{\"@type\":\"BreadcrumbList\",\"@id\":\"https:\/\/elten.com\/fr\/certificats-iso\/#breadcrumb\",\"itemListElement\":[{\"@type\":\"ListItem\",\"position\":1,\"name\":\"Startseite\",\"item\":\"https:\/\/elten.com\/fr\/\"},{\"@type\":\"ListItem\",\"position\":2,\"name\":\"Certificats ISO\"}]},{\"@type\":\"WebSite\",\"@id\":\"https:\/\/elten.com\/fr\/#website\",\"url\":\"https:\/\/elten.com\/fr\/\",\"name\":\"ELTEN GmbH\",\"description\":\"Sicherheitsschuhe | Arbeitsschuhe | LOWA WORK COLLECTION | ELTEN GmbH\",\"potentialAction\":[{\"@type\":\"SearchAction\",\"target\":{\"@type\":\"EntryPoint\",\"urlTemplate\":\"https:\/\/elten.com\/fr\/?s={search_term_string}\"},\"query-input\":\"required name=search_term_string\"}],\"inLanguage\":\"fr-FR\"}]}<\/script>\n<!-- \/ Yoast SEO Premium plugin. -->","yoast_head_json":{"title":"Certificats ISO - ELTEN GmbH","robots":{"index":"index","follow":"nofollow","max-snippet":"max-snippet:-1","max-image-preview":"max-image-preview:large","max-video-preview":"max-video-preview:-1"},"canonical":"https:\/\/elten.com\/fr\/certificats-iso\/","og_locale":"fr_FR","og_type":"article","og_title":"Certificats ISO","og_url":"https:\/\/elten.com\/fr\/certificats-iso\/","og_site_name":"ELTEN GmbH","article_modified_time":"2024-09-20T09:06:26+00:00","twitter_card":"summary_large_image","twitter_misc":{"Dur\u00e9e de lecture estim\u00e9e":"2 minutes"},"schema":{"@context":"https:\/\/schema.org","@graph":[{"@type":"WebPage","@id":"https:\/\/elten.com\/fr\/certificats-iso\/","url":"https:\/\/elten.com\/fr\/certificats-iso\/","name":"Certificats ISO - ELTEN GmbH","isPartOf":{"@id":"https:\/\/elten.com\/fr\/#website"},"datePublished":"2023-12-20T11:35:12+00:00","dateModified":"2024-09-20T09:06:26+00:00","breadcrumb":{"@id":"https:\/\/elten.com\/fr\/certificats-iso\/#breadcrumb"},"inLanguage":"fr-FR","potentialAction":[{"@type":"ReadAction","target":["https:\/\/elten.com\/fr\/certificats-iso\/"]}]},{"@type":"BreadcrumbList","@id":"https:\/\/elten.com\/fr\/certificats-iso\/#breadcrumb","itemListElement":[{"@type":"ListItem","position":1,"name":"Startseite","item":"https:\/\/elten.com\/fr\/"},{"@type":"ListItem","position":2,"name":"Certificats ISO"}]},{"@type":"WebSite","@id":"https:\/\/elten.com\/fr\/#website","url":"https:\/\/elten.com\/fr\/","name":"ELTEN GmbH","description":"Sicherheitsschuhe | Arbeitsschuhe | LOWA WORK COLLECTION | ELTEN GmbH","potentialAction":[{"@type":"SearchAction","target":{"@type":"EntryPoint","urlTemplate":"https:\/\/elten.com\/fr\/?s={search_term_string}"},"query-input":"required name=search_term_string"}],"inLanguage":"fr-FR"}]}},"_links":{"self":[{"href":"https:\/\/elten.com\/fr\/wp-json\/wp\/v2\/pages\/365174","targetHints":{"allow":["GET"]}}],"collection":[{"href":"https:\/\/elten.com\/fr\/wp-json\/wp\/v2\/pages"}],"about":[{"href":"https:\/\/elten.com\/fr\/wp-json\/wp\/v2\/types\/page"}],"author":[{"embeddable":true,"href":"https:\/\/elten.com\/fr\/wp-json\/wp\/v2\/users\/2"}],"replies":[{"embeddable":true,"href":"https:\/\/elten.com\/fr\/wp-json\/wp\/v2\/comments?post=365174"}],"version-history":[{"count":3,"href":"https:\/\/elten.com\/fr\/wp-json\/wp\/v2\/pages\/365174\/revisions"}],"predecessor-version":[{"id":387103,"href":"https:\/\/elten.com\/fr\/wp-json\/wp\/v2\/pages\/365174\/revisions\/387103"}],"wp:attachment":[{"href":"https:\/\/elten.com\/fr\/wp-json\/wp\/v2\/media?parent=365174"}],"wp:term":[{"taxonomy":"category","embeddable":true,"href":"https:\/\/elten.com\/fr\/wp-json\/wp\/v2\/categories?post=365174"},{"taxonomy":"post_tag","embeddable":true,"href":"https:\/\/elten.com\/fr\/wp-json\/wp\/v2\/tags?post=365174"}],"curies":[{"name":"wp","href":"https:\/\/api.w.org\/{rel}","templated":true}]}}