{"id":395535,"date":"2025-05-28T12:29:34","date_gmt":"2025-05-28T10:29:34","guid":{"rendered":"https:\/\/elten.com\/?page_id=395535"},"modified":"2025-10-10T08:52:32","modified_gmt":"2025-10-10T06:52:32","slug":"csr-rapport","status":"publish","type":"page","link":"https:\/\/elten.com\/fr\/a-propos-de-nous\/strategie-de-durabilite-et-la-responsabilite-social\/csr-rapport\/","title":{"rendered":"CSR-Rapport"},"content":{"rendered":"<div id='full_slider_1'  class='avia-fullwidth-slider main_color avia-shadow av-small-hide av-mini-hide  avia-builder-el-0  el_before_av_slideshow_full  avia-builder-el-first   container_wrap sidebar_right'  ><div  class='avia-slideshow av-pb5vq-f852482a42ffd81030bd90cc53fb6927 avia-slideshow-no scaling av_slideshow_full avia-slide-slider av-small-hide av-mini-hide av-slideshow-ui av-control-default av-slideshow-manual av-loop-once av-loop-manual-endless av-default-height-applied   avia-slideshow-1' data-slideshow-options=\"{&quot;animation&quot;:&quot;slide&quot;,&quot;autoplay&quot;:false,&quot;loop_autoplay&quot;:&quot;once&quot;,&quot;interval&quot;:5,&quot;loop_manual&quot;:&quot;manual-endless&quot;,&quot;autoplay_stopper&quot;:false,&quot;noNavigation&quot;:false,&quot;bg_slider&quot;:false,&quot;keep_padding&quot;:false,&quot;hoverpause&quot;:false,&quot;show_slide_delay&quot;:0}\"  itemprop=\"image\" itemscope=\"itemscope\" itemtype=\"https:\/\/schema.org\/ImageObject\" ><ul class='avia-slideshow-inner ' style='padding-bottom: 29.1666666667%;'><li  class='avia-slideshow-slide av-pb5vq-f852482a42ffd81030bd90cc53fb6927__0  av-single-slide slide-1 slide-odd'><div data-rel='slideshow-1' class='avia-slide-wrap '   ><img decoding=\"async\" fetchpriority=\"high\" class=\"wp-image-384204 avia-img-lazy-loading-not-384204\"  src=\"https:\/\/elten.com\/wp-content\/uploads\/2024\/08\/Startseite_Header_Juli_2024_new-2.jpg\" width=\"1920\" height=\"560\" title='Startseite_Header_Juli_2024_new' alt='Startseite_Header_Juli_2024_new'  itemprop=\"thumbnailUrl\" srcset=\"https:\/\/elten.com\/wp-content\/uploads\/2024\/08\/Startseite_Header_Juli_2024_new-2.jpg 1920w, https:\/\/elten.com\/wp-content\/uploads\/2024\/08\/Startseite_Header_Juli_2024_new-2-300x88.jpg 300w, https:\/\/elten.com\/wp-content\/uploads\/2024\/08\/Startseite_Header_Juli_2024_new-2-1030x300.jpg 1030w, https:\/\/elten.com\/wp-content\/uploads\/2024\/08\/Startseite_Header_Juli_2024_new-2-768x224.jpg 768w, https:\/\/elten.com\/wp-content\/uploads\/2024\/08\/Startseite_Header_Juli_2024_new-2-1536x448.jpg 1536w, https:\/\/elten.com\/wp-content\/uploads\/2024\/08\/Startseite_Header_Juli_2024_new-2-1500x438.jpg 1500w, https:\/\/elten.com\/wp-content\/uploads\/2024\/08\/Startseite_Header_Juli_2024_new-2-705x206.jpg 705w\" sizes=\"(max-width: 1920px) 100vw, 1920px\" \/><\/div><\/li><\/ul><\/div><\/div>\n<div id='full_slider_2'  class='avia-fullwidth-slider main_color avia-shadow av-desktop-hide av-medium-hide  avia-builder-el-1  el_after_av_slideshow_full  el_before_av_one_full   slider-not-first container_wrap sidebar_right'  ><div  class='avia-slideshow av-fbsdq-ca8035cc71db23460b32b42c397be897 avia-slideshow-no scaling av_slideshow_full avia-slide-slider av-desktop-hide av-medium-hide av-slideshow-ui av-control-default av-slideshow-manual av-loop-once av-loop-manual-endless av-default-height-applied   avia-slideshow-2' data-slideshow-options=\"{&quot;animation&quot;:&quot;slide&quot;,&quot;autoplay&quot;:false,&quot;loop_autoplay&quot;:&quot;once&quot;,&quot;interval&quot;:5,&quot;loop_manual&quot;:&quot;manual-endless&quot;,&quot;autoplay_stopper&quot;:false,&quot;noNavigation&quot;:false,&quot;bg_slider&quot;:false,&quot;keep_padding&quot;:false,&quot;hoverpause&quot;:false,&quot;show_slide_delay&quot;:0}\"  itemprop=\"image\" itemscope=\"itemscope\" itemtype=\"https:\/\/schema.org\/ImageObject\" ><ul class='avia-slideshow-inner ' style='padding-bottom: 100%;'><li  class='avia-slideshow-slide av-fbsdq-ca8035cc71db23460b32b42c397be897__0  slide-1 slide-odd'><div data-rel='slideshow-2' class='avia-slide-wrap '   ><img decoding=\"async\" fetchpriority=\"high\" class=\"wp-image-382538 avia-img-lazy-loading-not-382538\"  src=\"https:\/\/elten.com\/wp-content\/uploads\/2024\/07\/Startseite_Header_Juli_2024_new_Mobil.jpg\" width=\"960\" height=\"960\" title='Startseite_Header_Juli_2024_new_Mobil' alt='Startseite_Header_Juli_2024_new_Mobil'  itemprop=\"thumbnailUrl\" srcset=\"https:\/\/elten.com\/wp-content\/uploads\/2024\/07\/Startseite_Header_Juli_2024_new_Mobil.jpg 960w, https:\/\/elten.com\/wp-content\/uploads\/2024\/07\/Startseite_Header_Juli_2024_new_Mobil-300x300.jpg 300w, https:\/\/elten.com\/wp-content\/uploads\/2024\/07\/Startseite_Header_Juli_2024_new_Mobil-80x80.jpg 80w, https:\/\/elten.com\/wp-content\/uploads\/2024\/07\/Startseite_Header_Juli_2024_new_Mobil-768x768.jpg 768w, https:\/\/elten.com\/wp-content\/uploads\/2024\/07\/Startseite_Header_Juli_2024_new_Mobil-36x36.jpg 36w, https:\/\/elten.com\/wp-content\/uploads\/2024\/07\/Startseite_Header_Juli_2024_new_Mobil-180x180.jpg 180w, https:\/\/elten.com\/wp-content\/uploads\/2024\/07\/Startseite_Header_Juli_2024_new_Mobil-705x705.jpg 705w\" sizes=\"(max-width: 960px) 100vw, 960px\" \/><\/div><\/li><li  class='avia-slideshow-slide av-fbsdq-ca8035cc71db23460b32b42c397be897__1  slide-2 slide-even'><div data-rel='slideshow-2' class='avia-slide-wrap '   ><img decoding=\"async\" fetchpriority=\"high\" class=\"wp-image-384212 avia-img-lazy-loading-not-384212\"  src=\"https:\/\/elten.com\/wp-content\/uploads\/2024\/08\/Startseite_Header_Juli_2024_new_Mobil.jpg\" width=\"960\" height=\"960\" title='Startseite_Header_Juli_2024_new_Mobil' alt='Startseite_Header_Juli_2024_new_Mobil'  itemprop=\"thumbnailUrl\" srcset=\"https:\/\/elten.com\/wp-content\/uploads\/2024\/08\/Startseite_Header_Juli_2024_new_Mobil.jpg 960w, https:\/\/elten.com\/wp-content\/uploads\/2024\/08\/Startseite_Header_Juli_2024_new_Mobil-300x300.jpg 300w, https:\/\/elten.com\/wp-content\/uploads\/2024\/08\/Startseite_Header_Juli_2024_new_Mobil-80x80.jpg 80w, https:\/\/elten.com\/wp-content\/uploads\/2024\/08\/Startseite_Header_Juli_2024_new_Mobil-768x768.jpg 768w, https:\/\/elten.com\/wp-content\/uploads\/2024\/08\/Startseite_Header_Juli_2024_new_Mobil-36x36.jpg 36w, https:\/\/elten.com\/wp-content\/uploads\/2024\/08\/Startseite_Header_Juli_2024_new_Mobil-180x180.jpg 180w, https:\/\/elten.com\/wp-content\/uploads\/2024\/08\/Startseite_Header_Juli_2024_new_Mobil-705x705.jpg 705w\" sizes=\"(max-width: 960px) 100vw, 960px\" \/><\/div><\/li><\/ul><div class='avia-slideshow-arrows avia-slideshow-controls' ><a href='#prev' class='prev-slide ' aria-hidden='true' data-av_icon='\ue87c' data-av_iconfont='entypo-fontello'  tabindex='-1'>Pr\u00e9c\u00e9dent<\/a><a href='#next' class='next-slide ' aria-hidden='true' data-av_icon='\ue87d' data-av_iconfont='entypo-fontello'  tabindex='-1'>Suivant<\/a><\/div><div class='avia-slideshow-dots avia-slideshow-controls'><a href='#1' class='goto-slide active' >1<\/a><a href='#2' class='goto-slide ' >2<\/a><\/div><\/div><\/div><div id='after_full_slider_2'  class='main_color av_default_container_wrap container_wrap sidebar_right'  ><div class='container av-section-cont-open' ><div class='template-page content  av-content-small alpha units'><div class='post-entry post-entry-type-page post-entry-395535'><div class='entry-content-wrapper clearfix'>\n<div  class='flex_column av-lmeqhlea-256983bf8a76c70958e4ffde43238906 av_one_full  avia-builder-el-2  el_after_av_slideshow_full  el_before_av_one_full  avia-builder-el-first  first no_margin flex_column_div  '     ><p>\n<style type=\"text\/css\" data-created_by=\"avia_inline_auto\" id=\"style-css-av-lmeqi81n-42ad7bdb240f988f596128c88ca80d2a\">\n#top .av-special-heading.av-lmeqi81n-42ad7bdb240f988f596128c88ca80d2a{\npadding-bottom:25px;\n}\nbody .av-special-heading.av-lmeqi81n-42ad7bdb240f988f596128c88ca80d2a .av-special-heading-tag .heading-char{\nfont-size:25px;\n}\n.av-special-heading.av-lmeqi81n-42ad7bdb240f988f596128c88ca80d2a .av-subheading{\nfont-size:15px;\n}\n<\/style>\n<div  class='av-special-heading av-lmeqi81n-42ad7bdb240f988f596128c88ca80d2a av-special-heading-h2 blockquote modern-quote  avia-builder-el-3  el_before_av_textblock  avia-builder-el-first '><h2 class='av-special-heading-tag'  itemprop=\"headline\"  >Rapport sur le d\u00e9veloppement durable<\/h2><div class=\"special-heading-border\"><div class=\"special-heading-inner-border\"><\/div><\/div><\/div><br \/>\n<section  class='av_textblock_section av-lmeqiwyw-a0cc5716ef1ecf9c2543855fc19d9fc9 '   itemscope=\"itemscope\" itemtype=\"https:\/\/schema.org\/CreativeWork\" ><div class='avia_textblock'  itemprop=\"text\" ><p>Nous informons chaque ann\u00e9e sur les objectifs que nous nous sommes fix\u00e9s et sur les progr\u00e8s que nous avons r\u00e9alis\u00e9s dans les quatre domaines d&rsquo;action suivants : environnement, soci\u00e9t\u00e9, politique d&rsquo;entreprise et qualit\u00e9 des produits.<\/p>\n<p>Dans le pr\u00e9sent rapport, nous communiquons des informations sur le d\u00e9veloppement durable afin de nous rapprocher de notre vision de la chaussure de s\u00e9curit\u00e9 ultime \u2013 les mesures que nous avons identifi\u00e9es et mises en \u0153uvre pour y parvenir, les objectifs que nous avons pu atteindre au cours de la p\u00e9riode de r\u00e9f\u00e9rence et ceux que nous nous fixons au-del\u00e0.<\/p>\n<\/div><\/section><\/p><\/div><div  class='flex_column av-1wpy6-d16a51c2a44b85175869d375175d08ac av_one_full  avia-builder-el-5  el_after_av_one_full  el_before_av_one_full  first flex_column_div  column-top-margin'     ><section  class='av_textblock_section av-lmeqjywr-d1740c9f15f945150ab8965149113368 '   itemscope=\"itemscope\" itemtype=\"https:\/\/schema.org\/CreativeWork\" ><div class='avia_textblock'  itemprop=\"text\" ><p><iframe loading=\"lazy\" src=\"https:\/\/elten.com\/katalog\/en\/CSR-REPORT\/\" width=\"100%\" height=\"780\" data-mce-fragment=\"1\"><\/iframe><\/p>\n<\/div><\/section><\/div><\/p>\n<div  class='flex_column av-753l2-e3b510f548fef2b467b06ca0873f2093 av_one_full  avia-builder-el-7  el_after_av_one_full  el_before_av_one_full  first flex_column_div  column-top-margin'     ><section  class='av_textblock_section av-lzqn4kuo-4baa1b144c134501addf45b30caf6324 '   itemscope=\"itemscope\" itemtype=\"https:\/\/schema.org\/CreativeWork\" ><div class='avia_textblock'  itemprop=\"text\" ><p><a href=\"https:\/\/elten.com\/katalog\/en\/CSR-REPORT-2023\/\" target=\"_blank\" rel=\"noopener\">CSR Report 2023<\/a><\/p>\n<p><a href=\"https:\/\/elten.com\/katalog\/en\/CSR-REPORT-2022\/\" target=\"_blank\" rel=\"noopener\">CSR Report 2022<\/a><\/p>\n<\/div><\/section><\/div><div  class='flex_column av-av_one_full-41ee899840124b6993b57a87f996c353 av_one_full  avia-builder-el-9  el_after_av_one_full  avia-builder-el-last  first flex_column_div  column-top-margin'     ><style type=\"text\/css\" data-created_by=\"avia_inline_auto\" id=\"style-css-av-mbajn2d6-106338ad5eca77898ab1330d76eca58a\">\n.avia-image-container.av-mbajn2d6-106338ad5eca77898ab1330d76eca58a img.avia_image{\nbox-shadow:none;\n}\n.avia-image-container.av-mbajn2d6-106338ad5eca77898ab1330d76eca58a .av-image-caption-overlay-center{\ncolor:#ffffff;\n}\n<\/style>\n<div  class='avia-image-container av-mbajn2d6-106338ad5eca77898ab1330d76eca58a av-styling- avia-align-center  avia-builder-el-10  avia-builder-el-no-sibling '   itemprop=\"image\" itemscope=\"itemscope\" itemtype=\"https:\/\/schema.org\/ImageObject\" ><div class=\"avia-image-container-inner\"><div class=\"avia-image-overlay-wrap\"><a href=\"https:\/\/elten.com\/fr\/a-propos-de-nous\/strategie-de-durabilite-et-la-responsabilite-social\/responsabilite-sociale-et-durabilite\/\" class='avia_image'  aria-label='Zur\u00fcck_zur_Startseite_Icon_FR'><img decoding=\"async\" fetchpriority=\"high\" class='wp-image-398032 avia-img-lazy-loading-not-398032 avia_image ' src=\"https:\/\/elten.com\/wp-content\/uploads\/2025\/05\/Zurueck_zur_Startseite_Icon_FR-300x171.png\" alt='Retour Button' title='Zur\u00fcck_zur_Startseite_Icon_FR'  height=\"171\" width=\"300\"  itemprop=\"thumbnailUrl\" srcset=\"https:\/\/elten.com\/wp-content\/uploads\/2025\/05\/Zurueck_zur_Startseite_Icon_FR-300x171.png 300w, https:\/\/elten.com\/wp-content\/uploads\/2025\/05\/Zurueck_zur_Startseite_Icon_FR.png 500w\" sizes=\"(max-width: 300px) 100vw, 300px\" \/><\/a><\/div><\/div><\/div><\/div><\/p>\n","protected":false},"excerpt":{"rendered":"","protected":false},"author":25,"featured_media":0,"parent":348307,"menu_order":0,"comment_status":"closed","ping_status":"closed","template":"","meta":{"footnotes":""},"categories":[573],"tags":[],"class_list":["post-395535","page","type-page","status-publish","hentry","category-nachhaltigkeit-fr"],"yoast_head":"<!-- This site is optimized with the Yoast SEO Premium plugin v21.9 (Yoast SEO v21.9.1) - https:\/\/yoast.com\/wordpress\/plugins\/seo\/ -->\n<title>CSR-Rapport - ELTEN GmbH<\/title>\n<meta name=\"robots\" content=\"index, follow, max-snippet:-1, max-image-preview:large, max-video-preview:-1\" \/>\n<link rel=\"canonical\" href=\"https:\/\/elten.com\/fr\/a-propos-de-nous\/strategie-de-durabilite-et-la-responsabilite-social\/csr-rapport\/\" \/>\n<meta property=\"og:locale\" content=\"fr_FR\" \/>\n<meta property=\"og:type\" content=\"article\" \/>\n<meta property=\"og:title\" content=\"CSR-Rapport\" \/>\n<meta property=\"og:url\" content=\"https:\/\/elten.com\/fr\/a-propos-de-nous\/strategie-de-durabilite-et-la-responsabilite-social\/csr-rapport\/\" \/>\n<meta property=\"og:site_name\" content=\"ELTEN GmbH\" \/>\n<meta property=\"article:modified_time\" content=\"2025-10-10T06:52:32+00:00\" \/>\n<meta name=\"twitter:card\" content=\"summary_large_image\" \/>\n<meta name=\"twitter:label1\" content=\"Dur\u00e9e de lecture estim\u00e9e\" \/>\n\t<meta name=\"twitter:data1\" content=\"2 minutes\" \/>\n<script type=\"application\/ld+json\" class=\"yoast-schema-graph\">{\"@context\":\"https:\/\/schema.org\",\"@graph\":[{\"@type\":\"WebPage\",\"@id\":\"https:\/\/elten.com\/fr\/a-propos-de-nous\/strategie-de-durabilite-et-la-responsabilite-social\/csr-rapport\/\",\"url\":\"https:\/\/elten.com\/fr\/a-propos-de-nous\/strategie-de-durabilite-et-la-responsabilite-social\/csr-rapport\/\",\"name\":\"CSR-Rapport - ELTEN GmbH\",\"isPartOf\":{\"@id\":\"https:\/\/elten.com\/fr\/#website\"},\"datePublished\":\"2025-05-28T10:29:34+00:00\",\"dateModified\":\"2025-10-10T06:52:32+00:00\",\"breadcrumb\":{\"@id\":\"https:\/\/elten.com\/fr\/a-propos-de-nous\/strategie-de-durabilite-et-la-responsabilite-social\/csr-rapport\/#breadcrumb\"},\"inLanguage\":\"fr-FR\",\"potentialAction\":[{\"@type\":\"ReadAction\",\"target\":[\"https:\/\/elten.com\/fr\/a-propos-de-nous\/strategie-de-durabilite-et-la-responsabilite-social\/csr-rapport\/\"]}]},{\"@type\":\"BreadcrumbList\",\"@id\":\"https:\/\/elten.com\/fr\/a-propos-de-nous\/strategie-de-durabilite-et-la-responsabilite-social\/csr-rapport\/#breadcrumb\",\"itemListElement\":[{\"@type\":\"ListItem\",\"position\":1,\"name\":\"Startseite\",\"item\":\"https:\/\/elten.com\/fr\/\"},{\"@type\":\"ListItem\",\"position\":2,\"name\":\"\u00c0 propos de nous\",\"item\":\"https:\/\/elten.com\/fr\/a-propos-de-nous\/\"},{\"@type\":\"ListItem\",\"position\":3,\"name\":\"Strat\u00e9gie de durabilit\u00e9 et la responsabilit\u00e9 social\",\"item\":\"https:\/\/elten.com\/fr\/a-propos-de-nous\/strategie-de-durabilite-et-la-responsabilite-social\/\"},{\"@type\":\"ListItem\",\"position\":4,\"name\":\"CSR-Rapport\"}]},{\"@type\":\"WebSite\",\"@id\":\"https:\/\/elten.com\/fr\/#website\",\"url\":\"https:\/\/elten.com\/fr\/\",\"name\":\"ELTEN GmbH\",\"description\":\"Sicherheitsschuhe | Arbeitsschuhe | LOWA WORK COLLECTION | ELTEN GmbH\",\"potentialAction\":[{\"@type\":\"SearchAction\",\"target\":{\"@type\":\"EntryPoint\",\"urlTemplate\":\"https:\/\/elten.com\/fr\/?s={search_term_string}\"},\"query-input\":\"required name=search_term_string\"}],\"inLanguage\":\"fr-FR\"}]}<\/script>\n<!-- \/ Yoast SEO Premium plugin. -->","yoast_head_json":{"title":"CSR-Rapport - ELTEN GmbH","robots":{"index":"index","follow":"follow","max-snippet":"max-snippet:-1","max-image-preview":"max-image-preview:large","max-video-preview":"max-video-preview:-1"},"canonical":"https:\/\/elten.com\/fr\/a-propos-de-nous\/strategie-de-durabilite-et-la-responsabilite-social\/csr-rapport\/","og_locale":"fr_FR","og_type":"article","og_title":"CSR-Rapport","og_url":"https:\/\/elten.com\/fr\/a-propos-de-nous\/strategie-de-durabilite-et-la-responsabilite-social\/csr-rapport\/","og_site_name":"ELTEN GmbH","article_modified_time":"2025-10-10T06:52:32+00:00","twitter_card":"summary_large_image","twitter_misc":{"Dur\u00e9e de lecture estim\u00e9e":"2 minutes"},"schema":{"@context":"https:\/\/schema.org","@graph":[{"@type":"WebPage","@id":"https:\/\/elten.com\/fr\/a-propos-de-nous\/strategie-de-durabilite-et-la-responsabilite-social\/csr-rapport\/","url":"https:\/\/elten.com\/fr\/a-propos-de-nous\/strategie-de-durabilite-et-la-responsabilite-social\/csr-rapport\/","name":"CSR-Rapport - ELTEN GmbH","isPartOf":{"@id":"https:\/\/elten.com\/fr\/#website"},"datePublished":"2025-05-28T10:29:34+00:00","dateModified":"2025-10-10T06:52:32+00:00","breadcrumb":{"@id":"https:\/\/elten.com\/fr\/a-propos-de-nous\/strategie-de-durabilite-et-la-responsabilite-social\/csr-rapport\/#breadcrumb"},"inLanguage":"fr-FR","potentialAction":[{"@type":"ReadAction","target":["https:\/\/elten.com\/fr\/a-propos-de-nous\/strategie-de-durabilite-et-la-responsabilite-social\/csr-rapport\/"]}]},{"@type":"BreadcrumbList","@id":"https:\/\/elten.com\/fr\/a-propos-de-nous\/strategie-de-durabilite-et-la-responsabilite-social\/csr-rapport\/#breadcrumb","itemListElement":[{"@type":"ListItem","position":1,"name":"Startseite","item":"https:\/\/elten.com\/fr\/"},{"@type":"ListItem","position":2,"name":"\u00c0 propos de nous","item":"https:\/\/elten.com\/fr\/a-propos-de-nous\/"},{"@type":"ListItem","position":3,"name":"Strat\u00e9gie de durabilit\u00e9 et la responsabilit\u00e9 social","item":"https:\/\/elten.com\/fr\/a-propos-de-nous\/strategie-de-durabilite-et-la-responsabilite-social\/"},{"@type":"ListItem","position":4,"name":"CSR-Rapport"}]},{"@type":"WebSite","@id":"https:\/\/elten.com\/fr\/#website","url":"https:\/\/elten.com\/fr\/","name":"ELTEN GmbH","description":"Sicherheitsschuhe | Arbeitsschuhe | LOWA WORK COLLECTION | ELTEN GmbH","potentialAction":[{"@type":"SearchAction","target":{"@type":"EntryPoint","urlTemplate":"https:\/\/elten.com\/fr\/?s={search_term_string}"},"query-input":"required name=search_term_string"}],"inLanguage":"fr-FR"}]}},"_links":{"self":[{"href":"https:\/\/elten.com\/fr\/wp-json\/wp\/v2\/pages\/395535","targetHints":{"allow":["GET"]}}],"collection":[{"href":"https:\/\/elten.com\/fr\/wp-json\/wp\/v2\/pages"}],"about":[{"href":"https:\/\/elten.com\/fr\/wp-json\/wp\/v2\/types\/page"}],"author":[{"embeddable":true,"href":"https:\/\/elten.com\/fr\/wp-json\/wp\/v2\/users\/25"}],"replies":[{"embeddable":true,"href":"https:\/\/elten.com\/fr\/wp-json\/wp\/v2\/comments?post=395535"}],"version-history":[{"count":3,"href":"https:\/\/elten.com\/fr\/wp-json\/wp\/v2\/pages\/395535\/revisions"}],"predecessor-version":[{"id":408017,"href":"https:\/\/elten.com\/fr\/wp-json\/wp\/v2\/pages\/395535\/revisions\/408017"}],"up":[{"embeddable":true,"href":"https:\/\/elten.com\/fr\/wp-json\/wp\/v2\/pages\/348307"}],"wp:attachment":[{"href":"https:\/\/elten.com\/fr\/wp-json\/wp\/v2\/media?parent=395535"}],"wp:term":[{"taxonomy":"category","embeddable":true,"href":"https:\/\/elten.com\/fr\/wp-json\/wp\/v2\/categories?post=395535"},{"taxonomy":"post_tag","embeddable":true,"href":"https:\/\/elten.com\/fr\/wp-json\/wp\/v2\/tags?post=395535"}],"curies":[{"name":"wp","href":"https:\/\/api.w.org\/{rel}","templated":true}]}}