{"id":397157,"date":"2025-05-13T16:16:32","date_gmt":"2025-05-13T14:16:32","guid":{"rendered":"https:\/\/elten.com\/?page_id=397157"},"modified":"2025-07-02T16:44:28","modified_gmt":"2025-07-02T14:44:28","slug":"chaussures-de-securite-avec-semelle-wellmaxx-peak-pu","status":"publish","type":"page","link":"https:\/\/elten.com\/fr\/groupes-de-produits\/chaussures-de-securite-avec-semelle-wellmaxx-peak-pu\/","title":{"rendered":"Chaussures de s\u00e9curit\u00e9 avec semelle WELLMAXX PEAK (PU)"},"content":{"rendered":"<div  class='flex_column av-as7xwid-1b023cbb6c86421e7a17ac2922e05375 av_one_full  avia-builder-el-0  el_before_av_button  avia-builder-el-first  first flex_column_div  '     ><p>\n<style type=\"text\/css\" data-created_by=\"avia_inline_auto\" id=\"style-css-av-lm4y1j9l-64869afffa3ed4d696539b5eea03358b\">\n#top .av-special-heading.av-lm4y1j9l-64869afffa3ed4d696539b5eea03358b{\npadding-bottom:10px;\n}\nbody .av-special-heading.av-lm4y1j9l-64869afffa3ed4d696539b5eea03358b .av-special-heading-tag .heading-char{\nfont-size:25px;\n}\n.av-special-heading.av-lm4y1j9l-64869afffa3ed4d696539b5eea03358b .av-subheading{\nfont-size:15px;\n}\n<\/style>\n<div  class='av-special-heading av-lm4y1j9l-64869afffa3ed4d696539b5eea03358b av-special-heading-h2  avia-builder-el-1  el_before_av_portfolio  avia-builder-el-no-sibling '><h2 class='av-special-heading-tag'  itemprop=\"headline\"  >WELLMAXX PEAK (PU)<\/h2><div class=\"special-heading-border\"><div class=\"special-heading-inner-border\"><\/div><\/div><\/div><br \/>\n<div  id=\"av-sc-portfolio-1\"  class=' grid-sort-container isotope   no_margin-container with-excerpt-container grid-total-odd grid-col-4 grid-links-' data-portfolio-id='1'><div data-ajax-id='394690' class=' grid-entry flex_column isotope-item all_sort no_margin post-entry post-entry-394690 grid-entry-overview grid-loop-1 grid-parity-odd  _wellmaxx-peak-pu-pu-fr_sort 11200_agilium-freestep-2-0-fr_sort 11300_agilium-freestep-3-0-fr_sort 11400_malleo-neurexa-pro-fr_sort 10100_esd-pro-fr_sort 50100_sensicare-fr_sort 10400_bauerfeind-ergo-pad-workh-fr_sort 50300_artisan-fr_sort 50400_artisan-yellow-fr_sort wr-fr_sort sr-fr_sort sportif-fr_sort melange-cuir-textile-fr_sort lg-fr_sort embout-en-acier-fr_sort ci-fr_sort fo-fr_sort gore-tex-fr_sort 05-divers-fr_sort infinergy-fr_sort mono-pu-fr_sort mittel-normal-fr_sort rfid-chip-fr_sort 1_empfehlung-fr_sort 04000-fr_sort 04100-fr_sort 04200-fr_sort 04300-fr_sort 04400-fr_sort 04500-fr_sort 04600-fr_sort 04700-fr_sort 04800-fr_sort aucun-fr_sort chaussure-basse-fr_sort elten-fr_sort elten-wellmaxx-fr_sort en-iso-20345-fr_sort esd-fr_sort 02-hommes-fr_sort lacets-fr_sort membrane-climatique-fr_sort noir-fr_sort non-fr_sort s2-fr_sort semelles-modifications-orthopediques-fr_sort talon-fr_sort wellmaxx-fr_sort  av_one_fourth first default_av_fullwidth '><article class='main_color inner-entry'  itemscope=\"itemscope\" itemtype=\"https:\/\/schema.org\/CreativeWork\" ><a href=\"https:\/\/elten.com\/fr\/products\/riwemo-xxp-gtx-black-green-low-esd-s2-wr-ci-728015\/\" title='RIWEMO XXP GTX\u00ae black-green Low ESD S2 WR CI &#8211; 728015'  data-rel='grid-1' class='grid-image avia-hover-fx'> <img decoding=\"async\" fetchpriority=\"high\" width=\"1\" height=\"1\" src=\"https:\/\/elten.com\/wp-content\/uploads\/products\/728015-01.jpg\" class=\"wp-image-393969 avia-img-lazy-loading-not-393969 attachment-portfolio_small size-portfolio_small wp-post-image\" alt=\"RIWEMO XXP GTX black-green Low ESD S2 WR CI - 728015\" \/><\/a><div class='grid-content'><div class='avia-arrow'><\/div><header class=\"entry-content-header\"><h3 class='grid-entry-title entry-title '  itemprop=\"headline\" ><a href='https:\/\/elten.com\/fr\/products\/riwemo-xxp-gtx-black-green-low-esd-s2-wr-ci-728015\/' title='RIWEMO XXP GTX\u00ae black-green Low ESD S2 WR CI &#8211; 728015'>RIWEMO XXP GTX\u00ae black-green Low ESD S2 WR CI &#8211; 728015<\/a><\/h3><\/header><\/div><footer class=\"entry-footer\"><\/footer><\/article><\/div><div data-ajax-id='394691' class=' grid-entry flex_column isotope-item all_sort no_margin post-entry post-entry-394691 grid-entry-overview grid-loop-2 grid-parity-even  _wellmaxx-peak-pu-pu-fr_sort 11200_agilium-freestep-2-0-fr_sort 11300_agilium-freestep-3-0-fr_sort 11400_malleo-neurexa-pro-fr_sort 10100_esd-pro-fr_sort 50100_sensicare-fr_sort 10400_bauerfeind-ergo-pad-workh-fr_sort 50300_artisan-fr_sort 50400_artisan-yellow-fr_sort wr-fr_sort sr-fr_sort sportif-fr_sort melange-cuir-textile-fr_sort lg-fr_sort embout-en-acier-fr_sort ci-fr_sort fo-fr_sort gore-tex-fr_sort 05-divers-fr_sort infinergy-fr_sort mono-pu-fr_sort mittel-normal-fr_sort rfid-chip-fr_sort 04000-fr_sort 04100-fr_sort 04200-fr_sort 04300-fr_sort 04400-fr_sort 04500-fr_sort 04600-fr_sort 04700-fr_sort 04800-fr_sort aucun-fr_sort botte-forme-b-fr_sort elten-fr_sort elten-wellmaxx-fr_sort en-iso-20345-fr_sort esd-fr_sort 02-hommes-fr_sort lacets-fr_sort membrane-climatique-fr_sort noir-fr_sort non-fr_sort s2-fr_sort semelles-modifications-orthopediques-fr_sort talon-fr_sort wellmaxx-fr_sort  av_one_fourth  default_av_fullwidth '><article class='main_color inner-entry'  itemscope=\"itemscope\" itemtype=\"https:\/\/schema.org\/CreativeWork\" ><a href=\"https:\/\/elten.com\/fr\/products\/riwemo-xxp-gtx-black-green-mid-esd-s2-wr-ci-768015\/\" title='RIWEMO XXP GTX\u00ae black-green Mid ESD S2 WR CI &#8211; 768015'  data-rel='grid-1' class='grid-image avia-hover-fx'> <img decoding=\"async\" fetchpriority=\"high\" width=\"1\" height=\"1\" src=\"https:\/\/elten.com\/wp-content\/uploads\/products\/768015-01.jpg\" class=\"wp-image-394034 avia-img-lazy-loading-not-394034 attachment-portfolio_small size-portfolio_small wp-post-image\" alt=\"RIWEMO XXP GTX black-green Mid ESD S2 WR CI - 768015\" \/><\/a><div class='grid-content'><div class='avia-arrow'><\/div><header class=\"entry-content-header\"><h3 class='grid-entry-title entry-title '  itemprop=\"headline\" ><a href='https:\/\/elten.com\/fr\/products\/riwemo-xxp-gtx-black-green-mid-esd-s2-wr-ci-768015\/' title='RIWEMO XXP GTX\u00ae black-green Mid ESD S2 WR CI &#8211; 768015'>RIWEMO XXP GTX\u00ae black-green Mid ESD S2 WR CI &#8211; 768015<\/a><\/h3><\/header><\/div><footer class=\"entry-footer\"><\/footer><\/article><\/div><div data-ajax-id='394692' class=' grid-entry flex_column isotope-item all_sort no_margin post-entry post-entry-394692 grid-entry-overview grid-loop-3 grid-parity-odd  _wellmaxx-peak-pu-pu-fr_sort 11200_agilium-freestep-2-0-fr_sort 11300_agilium-freestep-3-0-fr_sort 11400_malleo-neurexa-pro-fr_sort 10100_esd-pro-fr_sort 50100_sensicare-fr_sort 10400_bauerfeind-ergo-pad-workh-fr_sort 50300_artisan-fr_sort 50400_artisan-yellow-fr_sort wr-fr_sort sr-fr_sort sportif-fr_sort semelle-anti-perforation-non-metallique-fr_sort melange-cuir-textile-fr_sort lg-fr_sort embout-en-acier-fr_sort ci-fr_sort fo-fr_sort gore-tex-fr_sort 05-divers-fr_sort infinergy-fr_sort mono-pu-fr_sort mittel-normal-fr_sort rfid-chip-fr_sort s3s-fr_sort 04000-fr_sort 04100-fr_sort 04200-fr_sort 04300-fr_sort 04400-fr_sort 04500-fr_sort 04600-fr_sort 04700-fr_sort 04800-fr_sort chaussure-basse-fr_sort elten-fr_sort elten-wellmaxx-fr_sort en-iso-20345-fr_sort esd-fr_sort 02-hommes-fr_sort lacets-fr_sort membrane-climatique-fr_sort noir-fr_sort non-fr_sort semelles-modifications-orthopediques-fr_sort talon-fr_sort wellmaxx-fr_sort  av_one_fourth  default_av_fullwidth '><article class='main_color inner-entry'  itemscope=\"itemscope\" itemtype=\"https:\/\/schema.org\/CreativeWork\" ><a href=\"https:\/\/elten.com\/fr\/products\/riwemo-xxp-gtx-black-red-low-esd-s3s-wr-ci-728011\/\" title='RIWEMO XXP GTX\u00ae black-red Low ESD S3S WR CI &#8211; 728011'  data-rel='grid-1' class='grid-image avia-hover-fx'> <img decoding=\"async\" fetchpriority=\"high\" width=\"1\" height=\"1\" src=\"https:\/\/elten.com\/wp-content\/uploads\/products\/728011-01.jpg\" class=\"wp-image-394099 avia-img-lazy-loading-not-394099 attachment-portfolio_small size-portfolio_small wp-post-image\" alt=\"RIWEMO XXP GTX black-red Low ESD S3S WR CI - 728011\" \/><\/a><div class='grid-content'><div class='avia-arrow'><\/div><header class=\"entry-content-header\"><h3 class='grid-entry-title entry-title '  itemprop=\"headline\" ><a href='https:\/\/elten.com\/fr\/products\/riwemo-xxp-gtx-black-red-low-esd-s3s-wr-ci-728011\/' title='RIWEMO XXP GTX\u00ae black-red Low ESD S3S WR CI &#8211; 728011'>RIWEMO XXP GTX\u00ae black-red Low ESD S3S WR CI &#8211; 728011<\/a><\/h3><\/header><\/div><footer class=\"entry-footer\"><\/footer><\/article><\/div><div data-ajax-id='394693' class=' grid-entry flex_column isotope-item all_sort no_margin post-entry post-entry-394693 grid-entry-overview grid-loop-4 grid-parity-even  _wellmaxx-peak-pu-pu-fr_sort 11200_agilium-freestep-2-0-fr_sort 11300_agilium-freestep-3-0-fr_sort 11400_malleo-neurexa-pro-fr_sort 10100_esd-pro-fr_sort 50100_sensicare-fr_sort 10400_bauerfeind-ergo-pad-workh-fr_sort 50300_artisan-fr_sort 50400_artisan-yellow-fr_sort wr-fr_sort sr-fr_sort sportif-fr_sort semelle-anti-perforation-non-metallique-fr_sort melange-cuir-textile-fr_sort lg-fr_sort embout-en-acier-fr_sort ci-fr_sort fo-fr_sort gore-tex-fr_sort 05-divers-fr_sort infinergy-fr_sort mono-pu-fr_sort mittel-normal-fr_sort rfid-chip-fr_sort s3s-fr_sort 04000-fr_sort 04100-fr_sort 04200-fr_sort 04300-fr_sort 04400-fr_sort 04500-fr_sort 04600-fr_sort 04700-fr_sort 04800-fr_sort botte-forme-b-fr_sort elten-fr_sort elten-wellmaxx-fr_sort en-iso-20345-fr_sort esd-fr_sort 02-hommes-fr_sort lacets-fr_sort membrane-climatique-fr_sort noir-fr_sort non-fr_sort semelles-modifications-orthopediques-fr_sort talon-fr_sort wellmaxx-fr_sort  av_one_fourth  default_av_fullwidth '><article class='main_color inner-entry'  itemscope=\"itemscope\" itemtype=\"https:\/\/schema.org\/CreativeWork\" ><a href=\"https:\/\/elten.com\/fr\/products\/riwemo-xxp-gtx-black-red-mid-esd-s3s-wr-ci-768011\/\" title='RIWEMO XXP GTX\u00ae black-red Mid ESD S3S WR CI &#8211; 768011'  data-rel='grid-1' class='grid-image avia-hover-fx'> <img decoding=\"async\" fetchpriority=\"high\" width=\"1\" height=\"1\" src=\"https:\/\/elten.com\/wp-content\/uploads\/products\/768011-01.jpg\" class=\"wp-image-394164 avia-img-lazy-loading-not-394164 attachment-portfolio_small size-portfolio_small wp-post-image\" alt=\"RIWEMO XXP GTX black-red Mid ESD S3S WR CI - 768011\" \/><\/a><div class='grid-content'><div class='avia-arrow'><\/div><header class=\"entry-content-header\"><h3 class='grid-entry-title entry-title '  itemprop=\"headline\" ><a href='https:\/\/elten.com\/fr\/products\/riwemo-xxp-gtx-black-red-mid-esd-s3s-wr-ci-768011\/' title='RIWEMO XXP GTX\u00ae black-red Mid ESD S3S WR CI &#8211; 768011'>RIWEMO XXP GTX\u00ae black-red Mid ESD S3S WR CI &#8211; 768011<\/a><\/h3><\/header><\/div><footer class=\"entry-footer\"><\/footer><\/article><\/div><div data-ajax-id='394650' class=' grid-entry flex_column isotope-item all_sort no_margin post-entry post-entry-394650 grid-entry-overview grid-loop-5 grid-parity-odd  post-entry-last  _wellmaxx-peak-pu-pu-fr_sort 11200_agilium-freestep-2-0-fr_sort 11300_agilium-freestep-3-0-fr_sort 11400_malleo-neurexa-pro-fr_sort 10100_esd-pro-fr_sort 50100_sensicare-fr_sort 10400_bauerfeind-ergo-pad-workh-fr_sort 50300_artisan-fr_sort 50400_artisan-yellow-fr_sort wr-fr_sort sr-fr_sort sportif-fr_sort melange-cuir-textile-fr_sort lg-fr_sort embout-en-acier-fr_sort ci-fr_sort fo-fr_sort gore-tex-fr_sort 05-divers-fr_sort infinergy-fr_sort mono-pu-fr_sort mittel-normal-fr_sort rfid-chip-fr_sort 04000-fr_sort 04100-fr_sort 04200-fr_sort 04300-fr_sort 04400-fr_sort 04500-fr_sort 04600-fr_sort 04700-fr_sort 04800-fr_sort aucun-fr_sort bleu-fr_sort chaussure-basse-fr_sort elten-fr_sort elten-wellmaxx-fr_sort en-iso-20345-fr_sort esd-fr_sort 02-hommes-fr_sort lacets-fr_sort membrane-climatique-fr_sort non-fr_sort s2-fr_sort semelles-modifications-orthopediques-fr_sort talon-fr_sort wellmaxx-fr_sort  av_one_fourth first default_av_fullwidth '><article class='main_color inner-entry'  itemscope=\"itemscope\" itemtype=\"https:\/\/schema.org\/CreativeWork\" ><a href=\"https:\/\/elten.com\/fr\/products\/robson-xxp-gtx-blue-red-low-esd-s2-728045\/\" title='ROBSON XXP GTX\u00ae blue-red Low ESD S2 &#8211; 728045'  data-rel='grid-1' class='grid-image avia-hover-fx'> <img decoding=\"async\" fetchpriority=\"high\" width=\"1\" height=\"1\" src=\"https:\/\/elten.com\/wp-content\/uploads\/products\/728045-01.jpg\" class=\"wp-image-394583 avia-img-lazy-loading-not-394583 attachment-portfolio_small size-portfolio_small wp-post-image\" alt=\"ROBSON XXP GTX blue-red Low ESD S2 - 728045\" \/><\/a><div class='grid-content'><div class='avia-arrow'><\/div><header class=\"entry-content-header\"><h3 class='grid-entry-title entry-title '  itemprop=\"headline\" ><a href='https:\/\/elten.com\/fr\/products\/robson-xxp-gtx-blue-red-low-esd-s2-728045\/' title='ROBSON XXP GTX\u00ae blue-red Low ESD S2 &#8211; 728045'>ROBSON XXP GTX\u00ae blue-red Low ESD S2 &#8211; 728045<\/a><\/h3><\/header><\/div><footer class=\"entry-footer\"><\/footer><\/article><\/div><\/div><\/p><\/div><div  class='avia-button-wrap av-5crt5cl-6d99cc44c7eb465106216ca790814b2b-wrap avia-button-right  avia-builder-el-3  el_after_av_one_full  avia-builder-el-last '>\n<style type=\"text\/css\" data-created_by=\"avia_inline_auto\" id=\"style-css-av-5crt5cl-6d99cc44c7eb465106216ca790814b2b\">\n#top #wrap_all .avia-button.av-5crt5cl-6d99cc44c7eb465106216ca790814b2b{\nbackground-color:#dd0b2e;\nborder-color:#dd0b2e;\ncolor:#ffffff;\ntransition:all 0.4s ease-in-out;\n}\n<\/style>\n<a href='javascript:history.back()'  class='avia-button av-5crt5cl-6d99cc44c7eb465106216ca790814b2b avia-icon_select-yes-left-icon avia-size-medium avia-position-right'  ><span class='avia_button_icon avia_button_icon_left' aria-hidden='true' data-av_icon='\ue88c' data-av_iconfont='entypo-fontello'><\/span><span class='avia_iconbox_title' >RETOUR<\/span><\/a><\/div><\/p>\n","protected":false},"excerpt":{"rendered":"","protected":false},"author":2,"featured_media":0,"parent":347931,"menu_order":0,"comment_status":"closed","ping_status":"closed","template":"","meta":{"footnotes":""},"categories":[564],"tags":[],"class_list":["post-397157","page","type-page","status-publish","hentry","category-produktgruppen-fr"],"yoast_head":"<!-- This site is optimized with the Yoast SEO Premium plugin v21.9 (Yoast SEO v21.9.1) - https:\/\/yoast.com\/wordpress\/plugins\/seo\/ -->\n<title>Chaussures de s\u00e9curit\u00e9 avec semelle WELLMAXX PEAK (PU) - ELTEN GmbH<\/title>\n<meta name=\"description\" content=\"L&#039;aper\u00e7u des chaussures de s\u00e9curit\u00e9 ELTEN WELLMAXX PEAK avec semelle ext\u00e9rieure en PU vous pr\u00e9sente des mod\u00e8les de grande qualit\u00e9 pour votre s\u00e9curit\u00e9.\" \/>\n<meta name=\"robots\" content=\"index, follow, max-snippet:-1, max-image-preview:large, max-video-preview:-1\" \/>\n<link rel=\"canonical\" href=\"https:\/\/elten.com\/fr\/groupes-de-produits\/chaussures-de-securite-avec-semelle-wellmaxx-peak-pu\/\" \/>\n<meta property=\"og:locale\" content=\"fr_FR\" \/>\n<meta property=\"og:type\" content=\"article\" \/>\n<meta property=\"og:title\" content=\"Chaussures de s\u00e9curit\u00e9 avec semelle WELLMAXX PEAK (PU)\" \/>\n<meta property=\"og:description\" content=\"L&#039;aper\u00e7u des chaussures de s\u00e9curit\u00e9 ELTEN WELLMAXX PEAK avec semelle ext\u00e9rieure en PU vous pr\u00e9sente des mod\u00e8les de grande qualit\u00e9 pour votre s\u00e9curit\u00e9.\" \/>\n<meta property=\"og:url\" content=\"https:\/\/elten.com\/fr\/groupes-de-produits\/chaussures-de-securite-avec-semelle-wellmaxx-peak-pu\/\" \/>\n<meta property=\"og:site_name\" content=\"ELTEN GmbH\" \/>\n<meta property=\"article:modified_time\" content=\"2025-07-02T14:44:28+00:00\" \/>\n<meta name=\"twitter:card\" content=\"summary_large_image\" \/>\n<meta name=\"twitter:label1\" content=\"Dur\u00e9e de lecture estim\u00e9e\" \/>\n\t<meta name=\"twitter:data1\" content=\"2 minutes\" \/>\n<script type=\"application\/ld+json\" class=\"yoast-schema-graph\">{\"@context\":\"https:\/\/schema.org\",\"@graph\":[{\"@type\":\"WebPage\",\"@id\":\"https:\/\/elten.com\/fr\/groupes-de-produits\/chaussures-de-securite-avec-semelle-wellmaxx-peak-pu\/\",\"url\":\"https:\/\/elten.com\/fr\/groupes-de-produits\/chaussures-de-securite-avec-semelle-wellmaxx-peak-pu\/\",\"name\":\"Chaussures de s\u00e9curit\u00e9 avec semelle WELLMAXX PEAK (PU) - ELTEN GmbH\",\"isPartOf\":{\"@id\":\"https:\/\/elten.com\/fr\/#website\"},\"datePublished\":\"2025-05-13T14:16:32+00:00\",\"dateModified\":\"2025-07-02T14:44:28+00:00\",\"description\":\"L'aper\u00e7u des chaussures de s\u00e9curit\u00e9 ELTEN WELLMAXX PEAK avec semelle ext\u00e9rieure en PU vous pr\u00e9sente des mod\u00e8les de grande qualit\u00e9 pour votre s\u00e9curit\u00e9.\",\"breadcrumb\":{\"@id\":\"https:\/\/elten.com\/fr\/groupes-de-produits\/chaussures-de-securite-avec-semelle-wellmaxx-peak-pu\/#breadcrumb\"},\"inLanguage\":\"fr-FR\",\"potentialAction\":[{\"@type\":\"ReadAction\",\"target\":[\"https:\/\/elten.com\/fr\/groupes-de-produits\/chaussures-de-securite-avec-semelle-wellmaxx-peak-pu\/\"]}]},{\"@type\":\"BreadcrumbList\",\"@id\":\"https:\/\/elten.com\/fr\/groupes-de-produits\/chaussures-de-securite-avec-semelle-wellmaxx-peak-pu\/#breadcrumb\",\"itemListElement\":[{\"@type\":\"ListItem\",\"position\":1,\"name\":\"Startseite\",\"item\":\"https:\/\/elten.com\/fr\/\"},{\"@type\":\"ListItem\",\"position\":2,\"name\":\"Groupes de produits\",\"item\":\"https:\/\/elten.com\/fr\/?page_id=355498\"},{\"@type\":\"ListItem\",\"position\":3,\"name\":\"Chaussures de s\u00e9curit\u00e9 avec semelle WELLMAXX PEAK (PU)\"}]},{\"@type\":\"WebSite\",\"@id\":\"https:\/\/elten.com\/fr\/#website\",\"url\":\"https:\/\/elten.com\/fr\/\",\"name\":\"ELTEN GmbH\",\"description\":\"Sicherheitsschuhe | Arbeitsschuhe | LOWA WORK COLLECTION | ELTEN GmbH\",\"potentialAction\":[{\"@type\":\"SearchAction\",\"target\":{\"@type\":\"EntryPoint\",\"urlTemplate\":\"https:\/\/elten.com\/fr\/?s={search_term_string}\"},\"query-input\":\"required name=search_term_string\"}],\"inLanguage\":\"fr-FR\"}]}<\/script>\n<!-- \/ Yoast SEO Premium plugin. -->","yoast_head_json":{"title":"Chaussures de s\u00e9curit\u00e9 avec semelle WELLMAXX PEAK (PU) - ELTEN GmbH","description":"L'aper\u00e7u des chaussures de s\u00e9curit\u00e9 ELTEN WELLMAXX PEAK avec semelle ext\u00e9rieure en PU vous pr\u00e9sente des mod\u00e8les de grande qualit\u00e9 pour votre s\u00e9curit\u00e9.","robots":{"index":"index","follow":"follow","max-snippet":"max-snippet:-1","max-image-preview":"max-image-preview:large","max-video-preview":"max-video-preview:-1"},"canonical":"https:\/\/elten.com\/fr\/groupes-de-produits\/chaussures-de-securite-avec-semelle-wellmaxx-peak-pu\/","og_locale":"fr_FR","og_type":"article","og_title":"Chaussures de s\u00e9curit\u00e9 avec semelle WELLMAXX PEAK (PU)","og_description":"L'aper\u00e7u des chaussures de s\u00e9curit\u00e9 ELTEN WELLMAXX PEAK avec semelle ext\u00e9rieure en PU vous pr\u00e9sente des mod\u00e8les de grande qualit\u00e9 pour votre s\u00e9curit\u00e9.","og_url":"https:\/\/elten.com\/fr\/groupes-de-produits\/chaussures-de-securite-avec-semelle-wellmaxx-peak-pu\/","og_site_name":"ELTEN GmbH","article_modified_time":"2025-07-02T14:44:28+00:00","twitter_card":"summary_large_image","twitter_misc":{"Dur\u00e9e de lecture estim\u00e9e":"2 minutes"},"schema":{"@context":"https:\/\/schema.org","@graph":[{"@type":"WebPage","@id":"https:\/\/elten.com\/fr\/groupes-de-produits\/chaussures-de-securite-avec-semelle-wellmaxx-peak-pu\/","url":"https:\/\/elten.com\/fr\/groupes-de-produits\/chaussures-de-securite-avec-semelle-wellmaxx-peak-pu\/","name":"Chaussures de s\u00e9curit\u00e9 avec semelle WELLMAXX PEAK (PU) - ELTEN GmbH","isPartOf":{"@id":"https:\/\/elten.com\/fr\/#website"},"datePublished":"2025-05-13T14:16:32+00:00","dateModified":"2025-07-02T14:44:28+00:00","description":"L'aper\u00e7u des chaussures de s\u00e9curit\u00e9 ELTEN WELLMAXX PEAK avec semelle ext\u00e9rieure en PU vous pr\u00e9sente des mod\u00e8les de grande qualit\u00e9 pour votre s\u00e9curit\u00e9.","breadcrumb":{"@id":"https:\/\/elten.com\/fr\/groupes-de-produits\/chaussures-de-securite-avec-semelle-wellmaxx-peak-pu\/#breadcrumb"},"inLanguage":"fr-FR","potentialAction":[{"@type":"ReadAction","target":["https:\/\/elten.com\/fr\/groupes-de-produits\/chaussures-de-securite-avec-semelle-wellmaxx-peak-pu\/"]}]},{"@type":"BreadcrumbList","@id":"https:\/\/elten.com\/fr\/groupes-de-produits\/chaussures-de-securite-avec-semelle-wellmaxx-peak-pu\/#breadcrumb","itemListElement":[{"@type":"ListItem","position":1,"name":"Startseite","item":"https:\/\/elten.com\/fr\/"},{"@type":"ListItem","position":2,"name":"Groupes de produits","item":"https:\/\/elten.com\/fr\/?page_id=355498"},{"@type":"ListItem","position":3,"name":"Chaussures de s\u00e9curit\u00e9 avec semelle WELLMAXX PEAK (PU)"}]},{"@type":"WebSite","@id":"https:\/\/elten.com\/fr\/#website","url":"https:\/\/elten.com\/fr\/","name":"ELTEN GmbH","description":"Sicherheitsschuhe | Arbeitsschuhe | LOWA WORK COLLECTION | ELTEN GmbH","potentialAction":[{"@type":"SearchAction","target":{"@type":"EntryPoint","urlTemplate":"https:\/\/elten.com\/fr\/?s={search_term_string}"},"query-input":"required name=search_term_string"}],"inLanguage":"fr-FR"}]}},"_links":{"self":[{"href":"https:\/\/elten.com\/fr\/wp-json\/wp\/v2\/pages\/397157","targetHints":{"allow":["GET"]}}],"collection":[{"href":"https:\/\/elten.com\/fr\/wp-json\/wp\/v2\/pages"}],"about":[{"href":"https:\/\/elten.com\/fr\/wp-json\/wp\/v2\/types\/page"}],"author":[{"embeddable":true,"href":"https:\/\/elten.com\/fr\/wp-json\/wp\/v2\/users\/2"}],"replies":[{"embeddable":true,"href":"https:\/\/elten.com\/fr\/wp-json\/wp\/v2\/comments?post=397157"}],"version-history":[{"count":2,"href":"https:\/\/elten.com\/fr\/wp-json\/wp\/v2\/pages\/397157\/revisions"}],"predecessor-version":[{"id":401177,"href":"https:\/\/elten.com\/fr\/wp-json\/wp\/v2\/pages\/397157\/revisions\/401177"}],"up":[{"embeddable":true,"href":"https:\/\/elten.com\/fr\/wp-json\/wp\/v2\/pages\/347931"}],"wp:attachment":[{"href":"https:\/\/elten.com\/fr\/wp-json\/wp\/v2\/media?parent=397157"}],"wp:term":[{"taxonomy":"category","embeddable":true,"href":"https:\/\/elten.com\/fr\/wp-json\/wp\/v2\/categories?post=397157"},{"taxonomy":"post_tag","embeddable":true,"href":"https:\/\/elten.com\/fr\/wp-json\/wp\/v2\/tags?post=397157"}],"curies":[{"name":"wp","href":"https:\/\/api.w.org\/{rel}","templated":true}]}}