{"id":402256,"date":"2025-08-27T13:22:55","date_gmt":"2025-08-27T11:22:55","guid":{"rendered":"https:\/\/elten.com\/?page_id=402256"},"modified":"2025-08-27T13:22:55","modified_gmt":"2025-08-27T11:22:55","slug":"service-de-reparations-de-elten","status":"publish","type":"page","link":"https:\/\/elten.com\/fr\/service-de-reparations-de-elten\/","title":{"rendered":"Service de r\u00e9parations de ELTEN"},"content":{"rendered":"\n<style type=\"text\/css\" data-created_by=\"avia_inline_auto\" id=\"style-css-av-lmomkxon-45a1e44715310eaebae707cb46e6f828\">\n#top .av-special-heading.av-lmomkxon-45a1e44715310eaebae707cb46e6f828{\npadding-bottom:10px;\n}\nbody .av-special-heading.av-lmomkxon-45a1e44715310eaebae707cb46e6f828 .av-special-heading-tag .heading-char{\nfont-size:25px;\n}\n.av-special-heading.av-lmomkxon-45a1e44715310eaebae707cb46e6f828 .av-subheading{\nfont-size:15px;\n}\n<\/style>\n<div  class='av-special-heading av-lmomkxon-45a1e44715310eaebae707cb46e6f828 av-special-heading-h2 blockquote modern-quote  avia-builder-el-0  el_before_av_textblock  avia-builder-el-first '><h2 class='av-special-heading-tag'  itemprop=\"headline\"  >Service de r\u00e9parations de ELTEN GmbH &#8211; Votre s\u00e9curit\u00e9 : notre imp\u00e9ratif<\/h2><div class=\"special-heading-border\"><div class=\"special-heading-inner-border\"><\/div><\/div><\/div>\n<section  class='av_textblock_section av-lmomn6yx-61fb9cf1341a37930c7af942f6c36e06 '   itemscope=\"itemscope\" itemtype=\"https:\/\/schema.org\/CreativeWork\" ><div class='avia_textblock'  itemprop=\"text\" ><p>La s\u00e9curit\u00e9 est notre priorit\u00e9 absolue. La protection de vos pieds doit, \u00e0 tout moment, \u00eatre conforme aux exigences des d\u00e9crets sur les EPI et garantir leur s\u00e9curit\u00e9. Une r\u00e9paration ne doit pas compromettre la fonction protectrice de vos chaussures. En cas d&rsquo;usure importante ou de dommages dus \u00e0 des influences ext\u00e9rieures, une r\u00e9paration n&rsquo;est g\u00e9n\u00e9ralement pas possible : dans de tels cas, nous vous recommandons de remplacer vos chaussures par un nouveau mod\u00e8le.<\/p>\n<\/div><\/section>\n<div  class='flex_column av-2eanlg-14a0893c22ca23fc13571897f33e0154 av_one_full  avia-builder-el-2  el_after_av_textblock  el_before_av_hr  first flex_column_div av-animated-generic fade-in  column-top-margin'     ><p>\n<style type=\"text\/css\" data-created_by=\"avia_inline_auto\" id=\"style-css-av-lmompi9p-7c33175da63db2a67a42336f51779369\">\n#top .av-special-heading.av-lmompi9p-7c33175da63db2a67a42336f51779369{\npadding-bottom:10px;\n}\nbody .av-special-heading.av-lmompi9p-7c33175da63db2a67a42336f51779369 .av-special-heading-tag .heading-char{\nfont-size:25px;\n}\n.av-special-heading.av-lmompi9p-7c33175da63db2a67a42336f51779369 .av-subheading{\nfont-size:15px;\n}\n<\/style>\n<div  id=\"reflexmaterial\"  class='av-special-heading av-lmompi9p-7c33175da63db2a67a42336f51779369 av-special-heading-h3 blockquote modern-quote  avia-builder-el-3  el_before_av_textblock  avia-builder-el-first '><h3 class='av-special-heading-tag'  itemprop=\"headline\"  >NOTRE SERVICE DE R\u00c9PARATIONS<\/h3><div class=\"special-heading-border\"><div class=\"special-heading-inner-border\"><\/div><\/div><\/div><br \/>\n<section  class='av_textblock_section av-lmompt2s-b61b25786df5d1d2195733353c64303b '   itemscope=\"itemscope\" itemtype=\"https:\/\/schema.org\/CreativeWork\" ><div class='avia_textblock'  itemprop=\"text\" ><p><strong>Kits de r\u00e9paration pour petites r\u00e9parations personnelles<\/strong><\/p>\n<p>Pour les r\u00e9parations simples, nous vous proposons des kits de r\u00e9paration pratiques. Vous pouvez ainsi remplacer vous-m\u00eame <a href=\"https:\/\/elten.com\/fr\/groupes-de-produits\/accessoires\/\">lacets, semelles int\u00e9rieures ou fermetures \u00e9clair de bottes de pompier<\/a>, par exemple. Sur notre <a href=\"https:\/\/elten.com\/fr\/technologie\/boa-fit-system\/\">site internet<\/a>, vous trouverez des informations vous permettant de r\u00e9aliser vous-m\u00eame la r\u00e9paration d&rsquo;un syst\u00e8me BOA<sup>\u00ae<\/sup> Fit.<\/p>\n<p><strong>Service de r\u00e9parations professionnelles<\/strong><\/p>\n<p>Vous avez des questions au sujet d&rsquo;autres r\u00e9parations ? Notre \u00e9quipe de professionnels se fera un plaisir de vous aider. Contactez-nous pour obtenir des conseils personnalis\u00e9s de la part de nos experts.<\/p>\n<\/div><\/section><\/p><\/div>\n<style type=\"text\/css\" data-created_by=\"avia_inline_auto\" id=\"style-css-av-mcej6jyp-bc2690f0de6634259dc5821ae55cb48e\">\n#top .hr.hr-invisible.av-mcej6jyp-bc2690f0de6634259dc5821ae55cb48e{\nheight:150px;\n}\n<\/style>\n<div  class='hr av-mcej6jyp-bc2690f0de6634259dc5821ae55cb48e hr-invisible  avia-builder-el-5  el_after_av_one_full  avia-builder-el-last  av-small-hide av-mini-hide'><span class='hr-inner '><span class=\"hr-inner-style\"><\/span><\/span><\/div><\/p>\n","protected":false},"excerpt":{"rendered":"","protected":false},"author":2,"featured_media":0,"parent":0,"menu_order":70,"comment_status":"closed","ping_status":"closed","template":"","meta":{"footnotes":""},"categories":[567],"tags":[],"class_list":["post-402256","page","type-page","status-publish","hentry","category-technologie-fr"],"yoast_head":"<!-- This site is optimized with the Yoast SEO Premium plugin v21.9 (Yoast SEO v21.9.1) - https:\/\/yoast.com\/wordpress\/plugins\/seo\/ -->\n<title>Service de r\u00e9parations de ELTEN - ELTEN GmbH<\/title>\n<meta name=\"robots\" content=\"index, nofollow, max-snippet:-1, max-image-preview:large, max-video-preview:-1\" \/>\n<link rel=\"canonical\" href=\"https:\/\/elten.com\/fr\/service-de-reparations-de-elten\/\" \/>\n<meta property=\"og:locale\" content=\"fr_FR\" \/>\n<meta property=\"og:type\" content=\"article\" \/>\n<meta property=\"og:title\" content=\"Service de r\u00e9parations de ELTEN\" \/>\n<meta property=\"og:url\" content=\"https:\/\/elten.com\/fr\/service-de-reparations-de-elten\/\" \/>\n<meta property=\"og:site_name\" content=\"ELTEN GmbH\" \/>\n<meta name=\"twitter:card\" content=\"summary_large_image\" \/>\n<meta name=\"twitter:label1\" content=\"Dur\u00e9e de lecture estim\u00e9e\" \/>\n\t<meta name=\"twitter:data1\" content=\"1 minute\" \/>\n<script type=\"application\/ld+json\" class=\"yoast-schema-graph\">{\"@context\":\"https:\/\/schema.org\",\"@graph\":[{\"@type\":\"WebPage\",\"@id\":\"https:\/\/elten.com\/fr\/service-de-reparations-de-elten\/\",\"url\":\"https:\/\/elten.com\/fr\/service-de-reparations-de-elten\/\",\"name\":\"Service de r\u00e9parations de ELTEN - ELTEN GmbH\",\"isPartOf\":{\"@id\":\"https:\/\/elten.com\/fr\/#website\"},\"datePublished\":\"2025-08-27T11:22:55+00:00\",\"dateModified\":\"2025-08-27T11:22:55+00:00\",\"breadcrumb\":{\"@id\":\"https:\/\/elten.com\/fr\/service-de-reparations-de-elten\/#breadcrumb\"},\"inLanguage\":\"fr-FR\",\"potentialAction\":[{\"@type\":\"ReadAction\",\"target\":[\"https:\/\/elten.com\/fr\/service-de-reparations-de-elten\/\"]}]},{\"@type\":\"BreadcrumbList\",\"@id\":\"https:\/\/elten.com\/fr\/service-de-reparations-de-elten\/#breadcrumb\",\"itemListElement\":[{\"@type\":\"ListItem\",\"position\":1,\"name\":\"Startseite\",\"item\":\"https:\/\/elten.com\/fr\/\"},{\"@type\":\"ListItem\",\"position\":2,\"name\":\"Service de r\u00e9parations de ELTEN\"}]},{\"@type\":\"WebSite\",\"@id\":\"https:\/\/elten.com\/fr\/#website\",\"url\":\"https:\/\/elten.com\/fr\/\",\"name\":\"ELTEN GmbH\",\"description\":\"Sicherheitsschuhe | Arbeitsschuhe | LOWA WORK COLLECTION | ELTEN GmbH\",\"potentialAction\":[{\"@type\":\"SearchAction\",\"target\":{\"@type\":\"EntryPoint\",\"urlTemplate\":\"https:\/\/elten.com\/fr\/?s={search_term_string}\"},\"query-input\":\"required name=search_term_string\"}],\"inLanguage\":\"fr-FR\"}]}<\/script>\n<!-- \/ Yoast SEO Premium plugin. -->","yoast_head_json":{"title":"Service de r\u00e9parations de ELTEN - ELTEN GmbH","robots":{"index":"index","follow":"nofollow","max-snippet":"max-snippet:-1","max-image-preview":"max-image-preview:large","max-video-preview":"max-video-preview:-1"},"canonical":"https:\/\/elten.com\/fr\/service-de-reparations-de-elten\/","og_locale":"fr_FR","og_type":"article","og_title":"Service de r\u00e9parations de ELTEN","og_url":"https:\/\/elten.com\/fr\/service-de-reparations-de-elten\/","og_site_name":"ELTEN GmbH","twitter_card":"summary_large_image","twitter_misc":{"Dur\u00e9e de lecture estim\u00e9e":"1 minute"},"schema":{"@context":"https:\/\/schema.org","@graph":[{"@type":"WebPage","@id":"https:\/\/elten.com\/fr\/service-de-reparations-de-elten\/","url":"https:\/\/elten.com\/fr\/service-de-reparations-de-elten\/","name":"Service de r\u00e9parations de ELTEN - ELTEN GmbH","isPartOf":{"@id":"https:\/\/elten.com\/fr\/#website"},"datePublished":"2025-08-27T11:22:55+00:00","dateModified":"2025-08-27T11:22:55+00:00","breadcrumb":{"@id":"https:\/\/elten.com\/fr\/service-de-reparations-de-elten\/#breadcrumb"},"inLanguage":"fr-FR","potentialAction":[{"@type":"ReadAction","target":["https:\/\/elten.com\/fr\/service-de-reparations-de-elten\/"]}]},{"@type":"BreadcrumbList","@id":"https:\/\/elten.com\/fr\/service-de-reparations-de-elten\/#breadcrumb","itemListElement":[{"@type":"ListItem","position":1,"name":"Startseite","item":"https:\/\/elten.com\/fr\/"},{"@type":"ListItem","position":2,"name":"Service de r\u00e9parations de ELTEN"}]},{"@type":"WebSite","@id":"https:\/\/elten.com\/fr\/#website","url":"https:\/\/elten.com\/fr\/","name":"ELTEN GmbH","description":"Sicherheitsschuhe | Arbeitsschuhe | LOWA WORK COLLECTION | ELTEN GmbH","potentialAction":[{"@type":"SearchAction","target":{"@type":"EntryPoint","urlTemplate":"https:\/\/elten.com\/fr\/?s={search_term_string}"},"query-input":"required name=search_term_string"}],"inLanguage":"fr-FR"}]}},"_links":{"self":[{"href":"https:\/\/elten.com\/fr\/wp-json\/wp\/v2\/pages\/402256","targetHints":{"allow":["GET"]}}],"collection":[{"href":"https:\/\/elten.com\/fr\/wp-json\/wp\/v2\/pages"}],"about":[{"href":"https:\/\/elten.com\/fr\/wp-json\/wp\/v2\/types\/page"}],"author":[{"embeddable":true,"href":"https:\/\/elten.com\/fr\/wp-json\/wp\/v2\/users\/2"}],"replies":[{"embeddable":true,"href":"https:\/\/elten.com\/fr\/wp-json\/wp\/v2\/comments?post=402256"}],"version-history":[{"count":3,"href":"https:\/\/elten.com\/fr\/wp-json\/wp\/v2\/pages\/402256\/revisions"}],"predecessor-version":[{"id":405685,"href":"https:\/\/elten.com\/fr\/wp-json\/wp\/v2\/pages\/402256\/revisions\/405685"}],"wp:attachment":[{"href":"https:\/\/elten.com\/fr\/wp-json\/wp\/v2\/media?parent=402256"}],"wp:term":[{"taxonomy":"category","embeddable":true,"href":"https:\/\/elten.com\/fr\/wp-json\/wp\/v2\/categories?post=402256"},{"taxonomy":"post_tag","embeddable":true,"href":"https:\/\/elten.com\/fr\/wp-json\/wp\/v2\/tags?post=402256"}],"curies":[{"name":"wp","href":"https:\/\/api.w.org\/{rel}","templated":true}]}}