{"id":354140,"date":"2023-10-19T09:42:36","date_gmt":"2023-10-19T07:42:36","guid":{"rendered":"http:\/\/relaunch.elten.com.w01ca985.kasserver.com\/?page_id=354140"},"modified":"2023-10-19T09:42:36","modified_gmt":"2023-10-19T07:42:36","slug":"teknologi","status":"publish","type":"page","link":"https:\/\/elten.com\/no\/teknologi\/","title":{"rendered":"Teknologi"},"content":{"rendered":"<div  class='flex_column av-1n1ap-f2ec86bacdfc9aae6ea1f4b17cb74083 av_one_full  avia-builder-el-0  el_before_av_one_full  avia-builder-el-first  first flex_column_div av-animated-generic top-to-bottom  '     ><style type=\"text\/css\" data-created_by=\"avia_inline_auto\" id=\"style-css-av-14va9-dad9c1374f36e8fb18710b59de67a021\">\n#top .av-special-heading.av-14va9-dad9c1374f36e8fb18710b59de67a021{\npadding-bottom:0;\n}\nbody .av-special-heading.av-14va9-dad9c1374f36e8fb18710b59de67a021 .av-special-heading-tag .heading-char{\nfont-size:25px;\n}\n.av-special-heading.av-14va9-dad9c1374f36e8fb18710b59de67a021 .av-subheading{\nfont-size:15px;\n}\n<\/style>\n<div  class='av-special-heading av-14va9-dad9c1374f36e8fb18710b59de67a021 av-special-heading-h2 blockquote modern-quote  avia-builder-el-1  avia-builder-el-no-sibling '><h2 class='av-special-heading-tag'  itemprop=\"headline\"  >Teknologi<\/h2><div class=\"special-heading-border\"><div class=\"special-heading-inner-border\"><\/div><\/div><\/div><\/div><div  class='flex_column av-1fje1-21d988c11b8b457887df3b35fd57f136 av_one_full  avia-builder-el-2  el_after_av_one_full  el_before_av_one_full  first flex_column_div av-animated-generic fade-in  column-top-margin'     ><section  class='av_textblock_section av-wwbp-403e018dd8dc3c9a55f264ef03cd2299 '   itemscope=\"itemscope\" itemtype=\"https:\/\/schema.org\/CreativeWork\" ><div class='avia_textblock'  itemprop=\"text\" ><h3>MER ENN STANDARD<\/h3>\n<p>Vi vil at du skal jobbe trygt og komfortabelt i skoene v\u00e5re. Vi bruker all kunnskapen vi har for \u00e5 klare dette. Og i tillegg: Sammen med universiteter og medisinske eksperter utvikler vi innovative teknologier og designer modellene v\u00e5re p\u00e5 en slik m\u00e5te at de er optimalt tilpasset kravene til dagens arbeidsplasser. Uansett om det er innend\u00f8rs eller utend\u00f8rs, harde og glatte hallgulv eller et glatt, usikkert underlag. Uavhengig av fukt, kulde og varme. For sikkerhet og komfort, som ofte overg\u00e5r vanlige standarder.<\/p>\n<\/div><\/section><\/div><div  class='flex_column av-u6k9-f4e782c8f3a60b0940a587b3de4b6891 av_one_full  avia-builder-el-4  el_after_av_one_full  avia-builder-el-last  first flex_column_div av-animated-generic fade-in  column-top-margin'     ><section  class='av_textblock_section av-llkrqj6m-919cd60bb7e12ae9a8ce75f20c7819a6 '   itemscope=\"itemscope\" itemtype=\"https:\/\/schema.org\/CreativeWork\" ><div class='avia_textblock'  itemprop=\"text\" ><h3>DET \u00c5 TENKE FREMOVER ER EN SELVF\u00d8LGE \u2013 DET ER ALDRI FOR TIDLIG FOR INNOVASJONER<\/h3>\n<p>Den som er forn\u00f8yd med status quo, blir hengende etter. Denne filosofien danner grunnlaget for den innovasjonsgleden som ELTEN har v\u00e6rt kjent for i flere ti\u00e5r. Med en rekke egne nyskapninger har vi alltid kunne sette nye standarder n\u00e5r det gjelder sikkerheten p\u00e5 arbeidsplassen. Banebrytende innovasjoner som ERGO-ACTIVE, SAFETY-GRIP, BIOMEX PROTECTION \u00a9 eller BIOMEX DYNAMICS ble utviklet i samspillet mellom v\u00e5re egne utviklingseksperter og universiteter, h\u00f8yteknologisk forskning og spesialister fra anerkjente sportsmedisinske institutter. Og vi jobber allerede med ambisi\u00f8se fremtidsvisjoner \u2013 for eksempel en &laquo;tenkende&raquo;, dynamisk vernesko.<\/p>\n<\/div><\/section><\/div><\/p>\n","protected":false},"excerpt":{"rendered":"","protected":false},"author":2,"featured_media":0,"parent":0,"menu_order":0,"comment_status":"closed","ping_status":"closed","template":"","meta":{"footnotes":""},"categories":[583],"tags":[],"class_list":["post-354140","page","type-page","status-publish","hentry","category-technologie-no"],"yoast_head":"<!-- This site is optimized with the Yoast SEO Premium plugin v21.9 (Yoast SEO v21.9.1) - https:\/\/yoast.com\/wordpress\/plugins\/seo\/ -->\n<title>Teknologi - ELTEN GmbH<\/title>\n<meta name=\"robots\" content=\"index, follow, max-snippet:-1, max-image-preview:large, max-video-preview:-1\" \/>\n<link rel=\"canonical\" href=\"https:\/\/elten.com\/no\/teknologi\/\" \/>\n<meta property=\"og:locale\" content=\"nb_NO\" \/>\n<meta property=\"og:type\" content=\"article\" \/>\n<meta property=\"og:title\" content=\"Teknologi\" \/>\n<meta property=\"og:url\" content=\"https:\/\/elten.com\/no\/teknologi\/\" \/>\n<meta property=\"og:site_name\" content=\"ELTEN GmbH\" \/>\n<meta name=\"twitter:card\" content=\"summary_large_image\" \/>\n<meta name=\"twitter:label1\" content=\"Ansl. lesetid\" \/>\n\t<meta name=\"twitter:data1\" content=\"5 minutter\" \/>\n<script type=\"application\/ld+json\" class=\"yoast-schema-graph\">{\"@context\":\"https:\/\/schema.org\",\"@graph\":[{\"@type\":\"WebPage\",\"@id\":\"https:\/\/elten.com\/no\/teknologi\/\",\"url\":\"https:\/\/elten.com\/no\/teknologi\/\",\"name\":\"Teknologi - ELTEN GmbH\",\"isPartOf\":{\"@id\":\"https:\/\/elten.com\/no\/#website\"},\"datePublished\":\"2023-10-19T07:42:36+00:00\",\"dateModified\":\"2023-10-19T07:42:36+00:00\",\"breadcrumb\":{\"@id\":\"https:\/\/elten.com\/no\/teknologi\/#breadcrumb\"},\"inLanguage\":\"nb-NO\",\"potentialAction\":[{\"@type\":\"ReadAction\",\"target\":[\"https:\/\/elten.com\/no\/teknologi\/\"]}]},{\"@type\":\"BreadcrumbList\",\"@id\":\"https:\/\/elten.com\/no\/teknologi\/#breadcrumb\",\"itemListElement\":[{\"@type\":\"ListItem\",\"position\":1,\"name\":\"Startseite\",\"item\":\"https:\/\/elten.com\/no\/\"},{\"@type\":\"ListItem\",\"position\":2,\"name\":\"Teknologi\"}]},{\"@type\":\"WebSite\",\"@id\":\"https:\/\/elten.com\/no\/#website\",\"url\":\"https:\/\/elten.com\/no\/\",\"name\":\"ELTEN GmbH\",\"description\":\"Sicherheitsschuhe | Arbeitsschuhe | LOWA WORK COLLECTION | ELTEN GmbH\",\"potentialAction\":[{\"@type\":\"SearchAction\",\"target\":{\"@type\":\"EntryPoint\",\"urlTemplate\":\"https:\/\/elten.com\/no\/?s={search_term_string}\"},\"query-input\":\"required name=search_term_string\"}],\"inLanguage\":\"nb-NO\"}]}<\/script>\n<!-- \/ Yoast SEO Premium plugin. -->","yoast_head_json":{"title":"Teknologi - ELTEN GmbH","robots":{"index":"index","follow":"follow","max-snippet":"max-snippet:-1","max-image-preview":"max-image-preview:large","max-video-preview":"max-video-preview:-1"},"canonical":"https:\/\/elten.com\/no\/teknologi\/","og_locale":"nb_NO","og_type":"article","og_title":"Teknologi","og_url":"https:\/\/elten.com\/no\/teknologi\/","og_site_name":"ELTEN GmbH","twitter_card":"summary_large_image","twitter_misc":{"Ansl. lesetid":"5 minutter"},"schema":{"@context":"https:\/\/schema.org","@graph":[{"@type":"WebPage","@id":"https:\/\/elten.com\/no\/teknologi\/","url":"https:\/\/elten.com\/no\/teknologi\/","name":"Teknologi - ELTEN GmbH","isPartOf":{"@id":"https:\/\/elten.com\/no\/#website"},"datePublished":"2023-10-19T07:42:36+00:00","dateModified":"2023-10-19T07:42:36+00:00","breadcrumb":{"@id":"https:\/\/elten.com\/no\/teknologi\/#breadcrumb"},"inLanguage":"nb-NO","potentialAction":[{"@type":"ReadAction","target":["https:\/\/elten.com\/no\/teknologi\/"]}]},{"@type":"BreadcrumbList","@id":"https:\/\/elten.com\/no\/teknologi\/#breadcrumb","itemListElement":[{"@type":"ListItem","position":1,"name":"Startseite","item":"https:\/\/elten.com\/no\/"},{"@type":"ListItem","position":2,"name":"Teknologi"}]},{"@type":"WebSite","@id":"https:\/\/elten.com\/no\/#website","url":"https:\/\/elten.com\/no\/","name":"ELTEN GmbH","description":"Sicherheitsschuhe | Arbeitsschuhe | LOWA WORK COLLECTION | ELTEN GmbH","potentialAction":[{"@type":"SearchAction","target":{"@type":"EntryPoint","urlTemplate":"https:\/\/elten.com\/no\/?s={search_term_string}"},"query-input":"required name=search_term_string"}],"inLanguage":"nb-NO"}]}},"_links":{"self":[{"href":"https:\/\/elten.com\/no\/wp-json\/wp\/v2\/pages\/354140","targetHints":{"allow":["GET"]}}],"collection":[{"href":"https:\/\/elten.com\/no\/wp-json\/wp\/v2\/pages"}],"about":[{"href":"https:\/\/elten.com\/no\/wp-json\/wp\/v2\/types\/page"}],"author":[{"embeddable":true,"href":"https:\/\/elten.com\/no\/wp-json\/wp\/v2\/users\/2"}],"replies":[{"embeddable":true,"href":"https:\/\/elten.com\/no\/wp-json\/wp\/v2\/comments?post=354140"}],"version-history":[{"count":2,"href":"https:\/\/elten.com\/no\/wp-json\/wp\/v2\/pages\/354140\/revisions"}],"predecessor-version":[{"id":362258,"href":"https:\/\/elten.com\/no\/wp-json\/wp\/v2\/pages\/354140\/revisions\/362258"}],"wp:attachment":[{"href":"https:\/\/elten.com\/no\/wp-json\/wp\/v2\/media?parent=354140"}],"wp:term":[{"taxonomy":"category","embeddable":true,"href":"https:\/\/elten.com\/no\/wp-json\/wp\/v2\/categories?post=354140"},{"taxonomy":"post_tag","embeddable":true,"href":"https:\/\/elten.com\/no\/wp-json\/wp\/v2\/tags?post=354140"}],"curies":[{"name":"wp","href":"https:\/\/api.w.org\/{rel}","templated":true}]}}