{"id":358461,"date":"2023-11-07T11:39:43","date_gmt":"2023-11-07T10:39:43","guid":{"rendered":"http:\/\/relaunch.elten.com.w01ca985.kasserver.com\/?page_id=358461"},"modified":"2024-04-23T09:57:49","modified_gmt":"2024-04-23T07:57:49","slug":"e-track","status":"publish","type":"page","link":"https:\/\/elten.com\/no\/produktgrupper\/e-track\/","title":{"rendered":"E-TRACK"},"content":{"rendered":"<div id='av-layout-grid-1'  class='av-layout-grid-container av-k5pp86-3eee7c3d6344b41e97f481181cfac91a entry-content-wrapper main_color av-flex-cells  avia-builder-el-0  el_before_av_one_full  avia-builder-el-first  el-produktgruppen-head  container_wrap sidebar_right'  >\n\n<style type=\"text\/css\" data-created_by=\"avia_inline_auto\" id=\"style-css-av-579dhiu-5a6275bddf5d6081835e21c6e18f12fe\">\n.flex_cell.av-579dhiu-5a6275bddf5d6081835e21c6e18f12fe{\nvertical-align:top;\n}\n.responsive #top #wrap_all .flex_cell.av-579dhiu-5a6275bddf5d6081835e21c6e18f12fe{\npadding:0px 0px 0px 0px !important;\n}\n<\/style>\n<div class='flex_cell av-579dhiu-5a6275bddf5d6081835e21c6e18f12fe av-gridrow-cell av_one_third no_margin  avia-builder-el-1  el_before_av_cell_one_third  avia-builder-el-first  av-zero-padding'  ><div class='flex_cell_inner'><p><section  class='av_textblock_section av-lm0naubq-aae95ea2a9142534adfb95f86db568a8 '   itemscope=\"itemscope\" itemtype=\"https:\/\/schema.org\/CreativeWork\" ><div class='avia_textblock'  itemprop=\"text\" ><p><img loading=\"lazy\" decoding=\"async\" class=\"alignnone size-full wp-image-358495\" src=\"https:\/\/elten.com\/wp-content\/uploads\/2023\/11\/Collage-E-Track-NO.jpg\" alt=\"\" width=\"750\" height=\"750\" srcset=\"https:\/\/elten.com\/wp-content\/uploads\/2023\/11\/Collage-E-Track-NO.jpg 750w, https:\/\/elten.com\/wp-content\/uploads\/2023\/11\/Collage-E-Track-NO-300x300.jpg 300w, https:\/\/elten.com\/wp-content\/uploads\/2023\/11\/Collage-E-Track-NO-80x80.jpg 80w, https:\/\/elten.com\/wp-content\/uploads\/2023\/11\/Collage-E-Track-NO-36x36.jpg 36w, https:\/\/elten.com\/wp-content\/uploads\/2023\/11\/Collage-E-Track-NO-180x180.jpg 180w, https:\/\/elten.com\/wp-content\/uploads\/2023\/11\/Collage-E-Track-NO-705x705.jpg 705w\" sizes=\"auto, (max-width: 750px) 100vw, 750px\" \/><\/p>\n<\/div><\/section><br \/>\n<section  class='av_textblock_section av-lm0nc1t6-7ae3dd4c56d21b7e80187e2b43f9e4e9 '   itemscope=\"itemscope\" itemtype=\"https:\/\/schema.org\/CreativeWork\" ><div class='av-small-hide av-mini-hide avia_textblock el-half-width-images'  itemprop=\"text\" ><p><a href=\"https:\/\/elten.com\/no\/products\/journey-blue-low-esd-s1p-729621\/\"><img decoding=\"async\" src=\"https:\/\/elten.com\/wp-content\/uploads\/2023\/09\/E-Track-10-JOURNEY-blue-Low-ESD-S1P-Sohle.jpg\" \/><\/a><a href=\"https:\/\/elten.com\/no\/products\/white-grip-low-esd-s2-729685\/\"><img decoding=\"async\" src=\"https:\/\/elten.com\/wp-content\/uploads\/2023\/09\/E-Track-08-WHITE-GRIP-Low-ESD-S2-Sohle.jpg\" \/><\/a><\/p>\n<\/div><\/section><\/p>\n<\/div><\/div>\n<style type=\"text\/css\" data-created_by=\"avia_inline_auto\" id=\"style-css-av-51oyzau-d49a59454090167cf8c085e083f60863\">\n.flex_cell.av-51oyzau-d49a59454090167cf8c085e083f60863{\nvertical-align:top;\n}\n.responsive #top #wrap_all .flex_cell.av-51oyzau-d49a59454090167cf8c085e083f60863{\npadding:0px 0px 0px 0px !important;\n}\n<\/style>\n<div class='flex_cell av-51oyzau-d49a59454090167cf8c085e083f60863 av-gridrow-cell av_one_third no_margin av-hide-on-mobile  avia-builder-el-4  el_after_av_cell_one_third  el_before_av_cell_one_third  av-zero-padding'  ><div class='flex_cell_inner'><p><section  class='av_textblock_section av-lm0ncu52-c8b2f43e7fd5e6e187fed20c0cdc3f40 '   itemscope=\"itemscope\" itemtype=\"https:\/\/schema.org\/CreativeWork\" ><div class='avia_textblock'  itemprop=\"text\" ><p><a href=\"https:\/\/elten.com\/no\/products\/journey-grey-low-esd-s1-729630\/\"><img decoding=\"async\" src=\"https:\/\/elten.com\/wp-content\/uploads\/2023\/09\/E-Track-12-729630-JOURNEY-grey-Low-ESD-S1.jpg\" \/><\/a><\/p>\n<\/div><\/section><br \/>\n<section  class='av_textblock_section av-lm0nf31w-b51156e9f2f089f2fb920a4fb98977ac '   itemscope=\"itemscope\" itemtype=\"https:\/\/schema.org\/CreativeWork\" ><div class='avia_textblock el-half-width-images'  itemprop=\"text\" ><p><a href=\"https:\/\/elten.com\/no\/products\/white-grip-low-esd-s2-729685\/\"><img decoding=\"async\" src=\"https:\/\/elten.com\/wp-content\/uploads\/2023\/09\/E-Track-05-WHITE-GRIP-Low-ESD-S2.jpg\" \/><\/a><a href=\"https:\/\/elten.com\/no\/products\/journey-black-low-esd-s3-729611\/\"><img decoding=\"async\" src=\"https:\/\/elten.com\/wp-content\/uploads\/2023\/09\/E-Track-06-JOURNEY-black-Low-ESD-S3.jpg\" \/><\/a><a href=\"https:\/\/elten.com\/no\/products\/runaway-black-low-esd-s3-729661\/\"><img decoding=\"async\" src=\"https:\/\/elten.com\/wp-content\/uploads\/2023\/09\/E-Track-07-RUNAWAY-black-Low-ESD-S3.jpg\" \/><\/a><a href=\"https:\/\/elten.com\/no\/products\/journey-grey-low-esd-s1-729630\/\"><img decoding=\"async\" src=\"https:\/\/elten.com\/wp-content\/uploads\/2023\/09\/E-Track-11-729630-JOURNEY-grey-Low-ESD-S1.jpg\" \/><\/a><\/p>\n<\/div><\/section><\/p>\n<\/div><\/div>\n<style type=\"text\/css\" data-created_by=\"avia_inline_auto\" id=\"style-css-av-4gkuv9y-d5e30c328b04ea3f43206ef3e341484f\">\n.flex_cell.av-4gkuv9y-d5e30c328b04ea3f43206ef3e341484f{\nvertical-align:top;\n}\n.responsive #top #wrap_all .flex_cell.av-4gkuv9y-d5e30c328b04ea3f43206ef3e341484f{\npadding:0px 0px 0px 0px !important;\n}\n<\/style>\n<div class='flex_cell av-4gkuv9y-d5e30c328b04ea3f43206ef3e341484f av-gridrow-cell av_one_third no_margin av-hide-on-mobile  avia-builder-el-7  el_after_av_cell_one_third  avia-builder-el-last  av-zero-padding'  ><div class='flex_cell_inner'><section  class='av_textblock_section av-lm0nftn5-20b11b4c6e203de81d09f5f62ae73343 '   itemscope=\"itemscope\" itemtype=\"https:\/\/schema.org\/CreativeWork\" ><div class='avia_textblock'  itemprop=\"text\" ><p><a href=\"https:\/\/elten.com\/no\/products\/runaway-brown-low-esd-s3-729671\/\"><img decoding=\"async\" src=\"https:\/\/elten.com\/wp-content\/uploads\/2023\/09\/E-Track-09-RUNAWAY-brown-Low-ESD-S3.jpg\" \/><\/a><\/p>\n<\/div><\/section>\n<\/div><\/div>\n<\/div><div id='after_grid_row_1'  class='main_color av_default_container_wrap container_wrap sidebar_right'  ><div class='container av-section-cont-open' ><div class='template-page content  av-content-small alpha units'><div class='post-entry post-entry-type-page post-entry-358461'><div class='entry-content-wrapper clearfix'>\n<div  class='flex_column av-4064kuu-0e02d80e02866c47c85292a2d9ce7b25 av_one_full  avia-builder-el-9  el_after_av_layout_row  avia-builder-el-no-sibling  first flex_column_div  '     ><p>\n<style type=\"text\/css\" data-created_by=\"avia_inline_auto\" id=\"style-css-av-3glx2ja-a06aecec90c6d11d6bd2b7f5863de8f5\">\n#top .av-special-heading.av-3glx2ja-a06aecec90c6d11d6bd2b7f5863de8f5{\npadding-bottom:2px;\ncolor:#dd0b2e;\n}\nbody .av-special-heading.av-3glx2ja-a06aecec90c6d11d6bd2b7f5863de8f5 .av-special-heading-tag .heading-char{\nfont-size:25px;\n}\n.av-special-heading.av-3glx2ja-a06aecec90c6d11d6bd2b7f5863de8f5 .special-heading-inner-border{\nborder-color:#dd0b2e;\n}\n.av-special-heading.av-3glx2ja-a06aecec90c6d11d6bd2b7f5863de8f5 .av-subheading{\nfont-size:15px;\n}\n<\/style>\n<div  class='av-special-heading av-3glx2ja-a06aecec90c6d11d6bd2b7f5863de8f5 av-special-heading-h1 custom-color-heading  avia-builder-el-10  el_before_av_textblock  avia-builder-el-first '><h1 class='av-special-heading-tag'  itemprop=\"headline\"  >E-TRACK<\/h1><div class=\"special-heading-border\"><div class=\"special-heading-inner-border\"><\/div><\/div><\/div><br \/>\n<section  class='av_textblock_section av-lozmj94v-4e8031873c59467f1e512b423d457c9e '   itemscope=\"itemscope\" itemtype=\"https:\/\/schema.org\/CreativeWork\" ><div class='avia_textblock'  itemprop=\"text\" ><h3>ATLETER FOR F\u00d8TTENE<\/h3>\n<\/div><\/section><br \/>\n\n<style type=\"text\/css\" data-created_by=\"avia_inline_auto\" id=\"style-css-av-lozmii8z-dad887f13ac3493aa24eb22ab05e8157\">\n#top .hr.hr-invisible.av-lozmii8z-dad887f13ac3493aa24eb22ab05e8157{\nheight:40px;\n}\n<\/style>\n<div  class='hr av-lozmii8z-dad887f13ac3493aa24eb22ab05e8157 hr-invisible  avia-builder-el-12  el_after_av_textblock  el_before_av_textblock '><span class='hr-inner '><span class=\"hr-inner-style\"><\/span><\/span><\/div><br \/>\n<section  class='av_textblock_section av-lozml7cy-f10a9f7115d1d9bc6acde28436f005eb '   itemscope=\"itemscope\" itemtype=\"https:\/\/schema.org\/CreativeWork\" ><div class='avia_textblock'  itemprop=\"text\" ><h3>SPORTSLIG DESIGN M\u00d8TER OPTIMALE VERNEEGENSKAPER<\/h3>\n<p>Med de sportslige modellene v\u00e5re i serien E-TRACK f\u00e5r du den optimale komboen av dynamisk l\u00f8pef\u00f8lelse og beste ytelse i yrkeslivets hverdag. Skoene i denne serien er uten unntak laget i lavtsk\u00e5ret design. Dermed er profilen flat og gir veldig stor bevegelsesfrihet siden den ikke omfatter ankelen. En ytterligere fordel med det lavtsk\u00e5rne designet er at det trenges mindre overmateriale, slik at skoen ogs\u00e5 blir noe lettere. De smale verneskoene i serien E-TRACK tilvirkes i vidt forskjellige materialer og tilbys i forskjellige verneklasser. Fremragende komfort garanteres spesielt p\u00e5 grunn av det pustende indre foret, som kan skilte med utmerkete egenskaper med hensyn til fuktighetsopptak og -bortledning.<\/p>\n<h3>FLEKSIBEL S\u00c5LE MED GODT FESTE<\/h3>\n<p>Skoene i E-TRACK-serien er utstyrt med en egenprodusert, ytterst slitesterk melloms\u00e5le av gummi og polyuretan. Melloms\u00e5len av PU s\u00f8rger for den n\u00f8dvendige dempingen og stabiliteten. L\u00f8pes\u00e5len av gummi forhindrer skliing p\u00e5 glatt eller fuktig underlag. Dermed egner skoene seg overalt, b\u00e5de inne og ute.<\/p>\n<h3>ALLSIDIGE OG KAN BRUKES OVERALT<\/h3>\n<p>Med forskjellig utrustning, forskjellige farger og verneklassene S1, S1P, S2 og S3 er modellene i E-TRACK-serien ideelle for forskjellige bruksomr\u00e5der. Til overmaterialer har vi bestemt oss for forskjellige varianter. Det finnes diverse overmaterialer av l\u00e6r, fra hydrofobert nubuckl\u00e6r til semsket eller enkelt storfel\u00e6r, men ogs\u00e5 kombinasjoner med meshstoff og mikrofiber og dessuten i fullstendig l\u00e6rfri utf\u00f8relse. Alle skoene har ellers vernet\u00e5 av st\u00e5l og er i tillegg uten unntak i stand til elektrostatisk utladning. Videre har de i verneklassene S1 og S2 en metallfri vernes\u00e5le. Dette er lettere og mer fleksibelt enn vernes\u00e5le av st\u00e5l, og det s\u00f8rger for at du f\u00e5r en sportslig, lett sko som ligner veldig mye p\u00e5 en sneaker.<\/p>\n<p>Skoene finnes i st\u00f8rrelsene 40 til 48. Og WHITE GRIP Low ESD S1, den l\u00e6rfrie, hvite skoen med praktisk borrel\u00e5s, er til og med av str. 35 til 48.<\/p>\n<\/div><\/section><br \/>\n\n<style type=\"text\/css\" data-created_by=\"avia_inline_auto\" id=\"style-css-av-av_hr-458b8eb7f665c8f37efd46a17c2150f8\">\n#top .hr.hr-invisible.av-av_hr-458b8eb7f665c8f37efd46a17c2150f8{\nheight:40px;\n}\n<\/style>\n<div  class='hr av-av_hr-458b8eb7f665c8f37efd46a17c2150f8 hr-invisible  avia-builder-el-14  el_after_av_textblock  el_before_av_textblock '><span class='hr-inner '><span class=\"hr-inner-style\"><\/span><\/span><\/div><br \/>\n<section  class='av_textblock_section av-lozmlm62-c1072b563f362fb019e6f7fb0b64de16 '   itemscope=\"itemscope\" itemtype=\"https:\/\/schema.org\/CreativeWork\" ><div class='avia_textblock'  itemprop=\"text\" ><h3>PRODUKTUTVALG<\/h3>\n<\/div><\/section><br \/>\n<div  id=\"av-sc-portfolio-1\"  class=' grid-sort-container isotope   no_margin-container with-title-container grid-total-odd grid-col-4 grid-links-' data-portfolio-id='1'><div data-ajax-id='345773' class=' grid-entry flex_column isotope-item all_sort no_margin post-entry post-entry-345773 grid-entry-overview grid-loop-1 grid-parity-odd  11200_agilium-freestep-2-0-no_sort 11300_agilium-freestep-3-0-no_sort 11400_malleo-neurexa-pro-no_sort 10600_hartmann-9516-secosol-no_sort 11000_seidl-sensoped-esd-3596-no_sort 50600_currex-work-pro-no_sort 10300_bauerfeind-ergo-pad-workh-no_sort 10700_mander-malms-softastatic-sav-02-no_sort 10800_mander-malms-softastatic-sa-pur-02-no_sort 10100_esd-pro-no_sort 50100_sensicare-no_sort sportslig-no_sort metallfri-spikertrampsale-no_sort laer-no_sort tahette-i-stal-no_sort fo-no_sort sr-no_sort gummi-no_sort 05-divers-no_sort mittel-normal-no_sort rfid-chip-no_sort s3s-no_sort 04000-no_sort 04100-no_sort 04200-no_sort 04300-no_sort 04400-no_sort 04500-no_sort 04600-no_sort 04700-no_sort 04800-no_sort e-track-no_sort elten-no_sort elten-e-track-no_sort en-iso-20345-no_sort esd-no_sort halvsko-no_sort 02-herre-no_sort innersaler-no_sort lisser-no_sort nei-no_sort sort-no_sort tekstilfor-no_sort  av_one_fourth first default_av_fullwidth '><article class='main_color inner-entry'  itemscope=\"itemscope\" itemtype=\"https:\/\/schema.org\/CreativeWork\" ><a href=\"https:\/\/elten.com\/no\/products\/journey-black-low-esd-s3s-729611\/\" title='JOURNEY black Low ESD S3S &#8211; 729611'  data-rel='grid-1' class='grid-image avia-hover-fx'> <img decoding=\"async\" fetchpriority=\"high\" width=\"1\" height=\"1\" src=\"https:\/\/elten.com\/wp-content\/uploads\/products\/729611-01.jpg\" class=\"wp-image-368897 avia-img-lazy-loading-not-368897 attachment-portfolio_small size-portfolio_small wp-post-image\" alt=\"JOURNEY black Low ESD S3 - 729611\" \/><\/a><div class='grid-content'><div class='avia-arrow'><\/div><header class=\"entry-content-header\"><h3 class='grid-entry-title entry-title '  itemprop=\"headline\" ><a href='https:\/\/elten.com\/no\/products\/journey-black-low-esd-s3s-729611\/' title='JOURNEY black Low ESD S3S &#8211; 729611'>JOURNEY black Low ESD S3S &#8211; 729611<\/a><\/h3><\/header><\/div><footer class=\"entry-footer\"><\/footer><\/article><\/div><div data-ajax-id='345772' class=' grid-entry flex_column isotope-item all_sort no_margin post-entry post-entry-345772 grid-entry-overview grid-loop-2 grid-parity-even  11200_agilium-freestep-2-0-no_sort 11300_agilium-freestep-3-0-no_sort 11400_malleo-neurexa-pro-no_sort 10600_hartmann-9516-secosol-no_sort 11000_seidl-sensoped-esd-3596-no_sort 50600_currex-work-pro-no_sort 10300_bauerfeind-ergo-pad-workh-no_sort 10700_mander-malms-softastatic-sav-02-no_sort 10800_mander-malms-softastatic-sa-pur-02-no_sort 10100_esd-pro-no_sort 50100_sensicare-no_sort tekstilmateriale-no_sort tahette-i-stal-no_sort fo-no_sort sr-no_sort laerfri-no_sort gummi-no_sort 04-unisex-no_sort 05-divers-no_sort mittel-normal-no_sort weit-no_sort rfid-chip-no_sort _einsatzgebiet-gastronomie-no_sort _einsatzgebiet-medizinische-berufe-no_sort 03500-no_sort 03600-no_sort 03700-no_sort 03800-no_sort 03900-no_sort 04000-no_sort 04100-no_sort 04200-no_sort 04300-no_sort 04400-no_sort 04500-no_sort 04600-no_sort 04700-no_sort 04800-no_sort borrelas-no_sort e-track-no_sort elten-no_sort elten-e-track-no_sort en-iso-20345-no_sort esd-no_sort gastronomie-no_sort halvsko-no_sort hvit-no_sort innersaler-no_sort medizinische-berufe-no_sort nei-no_sort s2-no_sort tekstilfor-no_sort  av_one_fourth  default_av_fullwidth '><article class='main_color inner-entry'  itemscope=\"itemscope\" itemtype=\"https:\/\/schema.org\/CreativeWork\" ><a href=\"https:\/\/elten.com\/no\/products\/white-grip-low-esd-s2-729685\/\" title='WHITE Grip Low ESD S2 &#8211; 729685'  data-rel='grid-1' class='grid-image avia-hover-fx'> <img decoding=\"async\" fetchpriority=\"high\" width=\"1\" height=\"1\" src=\"https:\/\/elten.com\/wp-content\/uploads\/products\/729685-01.jpg\" class=\"wp-image-372817 avia-img-lazy-loading-not-372817 attachment-portfolio_small size-portfolio_small wp-post-image\" alt=\"WHITE Grip Low ESD S2 - 729685\" \/><\/a><div class='grid-content'><div class='avia-arrow'><\/div><header class=\"entry-content-header\"><h3 class='grid-entry-title entry-title '  itemprop=\"headline\" ><a href='https:\/\/elten.com\/no\/products\/white-grip-low-esd-s2-729685\/' title='WHITE Grip Low ESD S2 &#8211; 729685'>WHITE Grip Low ESD S2 &#8211; 729685<\/a><\/h3><\/header><\/div><footer class=\"entry-footer\"><\/footer><\/article><\/div><div data-ajax-id='345778' class=' grid-entry flex_column isotope-item all_sort no_margin post-entry post-entry-345778 grid-entry-overview grid-loop-3 grid-parity-odd  post-entry-last  11200_agilium-freestep-2-0-no_sort 11300_agilium-freestep-3-0-no_sort 11400_malleo-neurexa-pro-no_sort 10600_hartmann-9516-secosol-no_sort 11000_seidl-sensoped-esd-3596-no_sort 50600_currex-work-pro-no_sort 10300_bauerfeind-ergo-pad-workh-no_sort 10700_mander-malms-softastatic-sav-02-no_sort 10800_mander-malms-softastatic-sa-pur-02-no_sort 10100_esd-pro-no_sort 50100_sensicare-no_sort sportslig-no_sort metallfri-spikertrampsale-no_sort laer-no_sort tahette-i-stal-no_sort lett-innvendig-for-i-skinn-no_sort fo-no_sort sr-no_sort gummi-no_sort 05-divers-no_sort mittel-normal-no_sort rfid-chip-no_sort s3s-no_sort 04000-no_sort 04100-no_sort 04200-no_sort 04300-no_sort 04400-no_sort 04500-no_sort 04600-no_sort 04700-no_sort 04800-no_sort e-track-no_sort elten-no_sort elten-e-track-no_sort en-iso-20345-no_sort esd-no_sort halvsko-no_sort 02-herre-no_sort innersaler-no_sort lisser-no_sort nei-no_sort skinnfor-no_sort sort-no_sort  av_one_fourth  default_av_fullwidth '><article class='main_color inner-entry'  itemscope=\"itemscope\" itemtype=\"https:\/\/schema.org\/CreativeWork\" ><a href=\"https:\/\/elten.com\/no\/products\/runaway-black-low-esd-s3s-729661\/\" title='RUNAWAY black Low ESD S3S &#8211; 729661'  data-rel='grid-1' class='grid-image avia-hover-fx'> <img decoding=\"async\" fetchpriority=\"high\" width=\"1\" height=\"1\" src=\"https:\/\/elten.com\/wp-content\/uploads\/products\/729661-01.jpg\" class=\"wp-image-371665 avia-img-lazy-loading-not-371665 attachment-portfolio_small size-portfolio_small wp-post-image\" alt=\"RUNAWAY black Low ESD S3 - 729661\" \/><\/a><div class='grid-content'><div class='avia-arrow'><\/div><header class=\"entry-content-header\"><h3 class='grid-entry-title entry-title '  itemprop=\"headline\" ><a href='https:\/\/elten.com\/no\/products\/runaway-black-low-esd-s3s-729661\/' title='RUNAWAY black Low ESD S3S &#8211; 729661'>RUNAWAY black Low ESD S3S &#8211; 729661<\/a><\/h3><\/header><\/div><footer class=\"entry-footer\"><\/footer><\/article><\/div><\/div><\/p><\/div>\n","protected":false},"excerpt":{"rendered":"","protected":false},"author":7,"featured_media":0,"parent":358454,"menu_order":0,"comment_status":"closed","ping_status":"closed","template":"","meta":{"footnotes":""},"categories":[580],"tags":[],"class_list":["post-358461","page","type-page","status-publish","hentry","category-produktgruppen-no"],"yoast_head":"<!-- This site is optimized with the Yoast SEO Premium plugin v21.9 (Yoast SEO v21.9.1) - https:\/\/yoast.com\/wordpress\/plugins\/seo\/ -->\n<title>E-TRACK - ELTEN GmbH<\/title>\n<meta name=\"robots\" content=\"index, follow, max-snippet:-1, max-image-preview:large, max-video-preview:-1\" \/>\n<link rel=\"canonical\" href=\"https:\/\/elten.com\/no\/produktgrupper\/e-track\/\" \/>\n<meta property=\"og:locale\" content=\"nb_NO\" \/>\n<meta property=\"og:type\" content=\"article\" \/>\n<meta property=\"og:title\" content=\"E-TRACK\" \/>\n<meta property=\"og:url\" content=\"https:\/\/elten.com\/no\/produktgrupper\/e-track\/\" \/>\n<meta property=\"og:site_name\" content=\"ELTEN GmbH\" \/>\n<meta property=\"article:modified_time\" content=\"2024-04-23T07:57:49+00:00\" \/>\n<meta property=\"og:image\" content=\"https:\/\/elten.com\/wp-content\/uploads\/2023\/11\/Collage-E-Track-NO.jpg\" \/>\n<meta name=\"twitter:card\" content=\"summary_large_image\" \/>\n<meta name=\"twitter:label1\" content=\"Ansl. lesetid\" \/>\n\t<meta name=\"twitter:data1\" content=\"6 minutter\" \/>\n<script type=\"application\/ld+json\" class=\"yoast-schema-graph\">{\"@context\":\"https:\/\/schema.org\",\"@graph\":[{\"@type\":\"WebPage\",\"@id\":\"https:\/\/elten.com\/no\/produktgrupper\/e-track\/\",\"url\":\"https:\/\/elten.com\/no\/produktgrupper\/e-track\/\",\"name\":\"E-TRACK - ELTEN GmbH\",\"isPartOf\":{\"@id\":\"https:\/\/elten.com\/no\/#website\"},\"datePublished\":\"2023-11-07T10:39:43+00:00\",\"dateModified\":\"2024-04-23T07:57:49+00:00\",\"breadcrumb\":{\"@id\":\"https:\/\/elten.com\/no\/produktgrupper\/e-track\/#breadcrumb\"},\"inLanguage\":\"nb-NO\",\"potentialAction\":[{\"@type\":\"ReadAction\",\"target\":[\"https:\/\/elten.com\/no\/produktgrupper\/e-track\/\"]}]},{\"@type\":\"BreadcrumbList\",\"@id\":\"https:\/\/elten.com\/no\/produktgrupper\/e-track\/#breadcrumb\",\"itemListElement\":[{\"@type\":\"ListItem\",\"position\":1,\"name\":\"Startseite\",\"item\":\"https:\/\/elten.com\/no\/\"},{\"@type\":\"ListItem\",\"position\":2,\"name\":\"Produktgrupper\",\"item\":\"https:\/\/elten.com\/no\/?page_id=361141\"},{\"@type\":\"ListItem\",\"position\":3,\"name\":\"E-TRACK\"}]},{\"@type\":\"WebSite\",\"@id\":\"https:\/\/elten.com\/no\/#website\",\"url\":\"https:\/\/elten.com\/no\/\",\"name\":\"ELTEN GmbH\",\"description\":\"Sicherheitsschuhe | Arbeitsschuhe | LOWA WORK COLLECTION | ELTEN GmbH\",\"potentialAction\":[{\"@type\":\"SearchAction\",\"target\":{\"@type\":\"EntryPoint\",\"urlTemplate\":\"https:\/\/elten.com\/no\/?s={search_term_string}\"},\"query-input\":\"required name=search_term_string\"}],\"inLanguage\":\"nb-NO\"}]}<\/script>\n<!-- \/ Yoast SEO Premium plugin. -->","yoast_head_json":{"title":"E-TRACK - ELTEN GmbH","robots":{"index":"index","follow":"follow","max-snippet":"max-snippet:-1","max-image-preview":"max-image-preview:large","max-video-preview":"max-video-preview:-1"},"canonical":"https:\/\/elten.com\/no\/produktgrupper\/e-track\/","og_locale":"nb_NO","og_type":"article","og_title":"E-TRACK","og_url":"https:\/\/elten.com\/no\/produktgrupper\/e-track\/","og_site_name":"ELTEN GmbH","article_modified_time":"2024-04-23T07:57:49+00:00","og_image":[{"url":"https:\/\/elten.com\/wp-content\/uploads\/2023\/11\/Collage-E-Track-NO.jpg"}],"twitter_card":"summary_large_image","twitter_misc":{"Ansl. lesetid":"6 minutter"},"schema":{"@context":"https:\/\/schema.org","@graph":[{"@type":"WebPage","@id":"https:\/\/elten.com\/no\/produktgrupper\/e-track\/","url":"https:\/\/elten.com\/no\/produktgrupper\/e-track\/","name":"E-TRACK - ELTEN GmbH","isPartOf":{"@id":"https:\/\/elten.com\/no\/#website"},"datePublished":"2023-11-07T10:39:43+00:00","dateModified":"2024-04-23T07:57:49+00:00","breadcrumb":{"@id":"https:\/\/elten.com\/no\/produktgrupper\/e-track\/#breadcrumb"},"inLanguage":"nb-NO","potentialAction":[{"@type":"ReadAction","target":["https:\/\/elten.com\/no\/produktgrupper\/e-track\/"]}]},{"@type":"BreadcrumbList","@id":"https:\/\/elten.com\/no\/produktgrupper\/e-track\/#breadcrumb","itemListElement":[{"@type":"ListItem","position":1,"name":"Startseite","item":"https:\/\/elten.com\/no\/"},{"@type":"ListItem","position":2,"name":"Produktgrupper","item":"https:\/\/elten.com\/no\/?page_id=361141"},{"@type":"ListItem","position":3,"name":"E-TRACK"}]},{"@type":"WebSite","@id":"https:\/\/elten.com\/no\/#website","url":"https:\/\/elten.com\/no\/","name":"ELTEN GmbH","description":"Sicherheitsschuhe | Arbeitsschuhe | LOWA WORK COLLECTION | ELTEN GmbH","potentialAction":[{"@type":"SearchAction","target":{"@type":"EntryPoint","urlTemplate":"https:\/\/elten.com\/no\/?s={search_term_string}"},"query-input":"required name=search_term_string"}],"inLanguage":"nb-NO"}]}},"_links":{"self":[{"href":"https:\/\/elten.com\/no\/wp-json\/wp\/v2\/pages\/358461","targetHints":{"allow":["GET"]}}],"collection":[{"href":"https:\/\/elten.com\/no\/wp-json\/wp\/v2\/pages"}],"about":[{"href":"https:\/\/elten.com\/no\/wp-json\/wp\/v2\/types\/page"}],"author":[{"embeddable":true,"href":"https:\/\/elten.com\/no\/wp-json\/wp\/v2\/users\/7"}],"replies":[{"embeddable":true,"href":"https:\/\/elten.com\/no\/wp-json\/wp\/v2\/comments?post=358461"}],"version-history":[{"count":3,"href":"https:\/\/elten.com\/no\/wp-json\/wp\/v2\/pages\/358461\/revisions"}],"predecessor-version":[{"id":377990,"href":"https:\/\/elten.com\/no\/wp-json\/wp\/v2\/pages\/358461\/revisions\/377990"}],"up":[{"embeddable":true,"href":"https:\/\/elten.com\/no\/wp-json\/wp\/v2\/pages\/358454"}],"wp:attachment":[{"href":"https:\/\/elten.com\/no\/wp-json\/wp\/v2\/media?parent=358461"}],"wp:term":[{"taxonomy":"category","embeddable":true,"href":"https:\/\/elten.com\/no\/wp-json\/wp\/v2\/categories?post=358461"},{"taxonomy":"post_tag","embeddable":true,"href":"https:\/\/elten.com\/no\/wp-json\/wp\/v2\/tags?post=358461"}],"curies":[{"name":"wp","href":"https:\/\/api.w.org\/{rel}","templated":true}]}}