{"id":358531,"date":"2023-11-07T12:50:57","date_gmt":"2023-11-07T11:50:57","guid":{"rendered":"http:\/\/relaunch.elten.com.w01ca985.kasserver.com\/?page_id=358531"},"modified":"2023-11-15T13:31:43","modified_gmt":"2023-11-15T12:31:43","slug":"jori-professional","status":"publish","type":"page","link":"https:\/\/elten.com\/no\/produktgrupper\/jori-professional\/","title":{"rendered":"Jori by ELTEN"},"content":{"rendered":"<div id='av-layout-grid-1'  class='av-layout-grid-container av-7p85f8l-b9412890a1d082c565ea37dd117dc725 entry-content-wrapper main_color av-flex-cells  avia-builder-el-0  el_before_av_one_full  avia-builder-el-first  el-produktgruppen-head  container_wrap sidebar_right'  >\n\n<style type=\"text\/css\" data-created_by=\"avia_inline_auto\" id=\"style-css-av-7a3582t-2f2d02a8f51e0b2a596a8c930ce4c110\">\n.flex_cell.av-7a3582t-2f2d02a8f51e0b2a596a8c930ce4c110{\nvertical-align:top;\n}\n.responsive #top #wrap_all .flex_cell.av-7a3582t-2f2d02a8f51e0b2a596a8c930ce4c110{\npadding:0px 0px 0px 0px !important;\n}\n<\/style>\n<div class='flex_cell av-7a3582t-2f2d02a8f51e0b2a596a8c930ce4c110 av-gridrow-cell av_one_third no_margin  avia-builder-el-1  el_before_av_cell_one_third  avia-builder-el-first  av-zero-padding'  ><div class='flex_cell_inner'><p><section  class='av_textblock_section av-lm4u287u-88da69e322be5712a6b1d973a560cd6a '   itemscope=\"itemscope\" itemtype=\"https:\/\/schema.org\/CreativeWork\" ><div class='avia_textblock'  itemprop=\"text\" ><p><img loading=\"lazy\" decoding=\"async\" class=\"alignnone size-full wp-image-358563\" src=\"https:\/\/elten.com\/wp-content\/uploads\/2023\/11\/Collage-JORI-by-ELTEN-NO.jpg\" alt=\"\" width=\"750\" height=\"750\" srcset=\"https:\/\/elten.com\/wp-content\/uploads\/2023\/11\/Collage-JORI-by-ELTEN-NO.jpg 750w, https:\/\/elten.com\/wp-content\/uploads\/2023\/11\/Collage-JORI-by-ELTEN-NO-300x300.jpg 300w, https:\/\/elten.com\/wp-content\/uploads\/2023\/11\/Collage-JORI-by-ELTEN-NO-80x80.jpg 80w, https:\/\/elten.com\/wp-content\/uploads\/2023\/11\/Collage-JORI-by-ELTEN-NO-36x36.jpg 36w, https:\/\/elten.com\/wp-content\/uploads\/2023\/11\/Collage-JORI-by-ELTEN-NO-180x180.jpg 180w, https:\/\/elten.com\/wp-content\/uploads\/2023\/11\/Collage-JORI-by-ELTEN-NO-705x705.jpg 705w\" sizes=\"auto, (max-width: 750px) 100vw, 750px\" \/><\/p>\n<\/div><\/section><br \/>\n<section  class='av_textblock_section av-lm4u5z1z-f24e111338a9c9c34f14ede015b5076d '   itemscope=\"itemscope\" itemtype=\"https:\/\/schema.org\/CreativeWork\" ><div class='av-small-hide av-mini-hide avia_textblock el-half-width-images'  itemprop=\"text\" ><p><a href=\"https:\/\/elten.com\/no\/products\/jo_vivid-blue-low-s1p-12631\/\"><img decoding=\"async\" src=\"https:\/\/elten.com\/wp-content\/uploads\/2023\/09\/Jori-by-ELTEN-02-jo_VIVID-blue-Low-ESD-S1P.jpg\" \/><\/a><img decoding=\"async\" src=\"https:\/\/elten.com\/wp-content\/uploads\/2023\/09\/Jori-by-ELTEN-03-Detail-Logo-Jori-by-ELTEN.jpg\" \/><\/p>\n<\/div><\/section><\/p>\n<\/div><\/div>\n<style type=\"text\/css\" data-created_by=\"avia_inline_auto\" id=\"style-css-av-6hu0a79-bf52189f5139908eb8ce5dbf18ecc488\">\n.flex_cell.av-6hu0a79-bf52189f5139908eb8ce5dbf18ecc488{\nvertical-align:top;\n}\n.responsive #top #wrap_all .flex_cell.av-6hu0a79-bf52189f5139908eb8ce5dbf18ecc488{\npadding:0px 0px 0px 0px !important;\n}\n<\/style>\n<div class='flex_cell av-6hu0a79-bf52189f5139908eb8ce5dbf18ecc488 av-gridrow-cell av_one_third no_margin av-hide-on-mobile  avia-builder-el-4  el_after_av_cell_one_third  el_before_av_cell_one_third  av-zero-padding'  ><div class='flex_cell_inner'><p><section  class='av_textblock_section av-lm4ubrhm-ba6dd41306bd2241742a0a1c44ba5cc0 '   itemscope=\"itemscope\" itemtype=\"https:\/\/schema.org\/CreativeWork\" ><div class='avia_textblock el-half-width-images'  itemprop=\"text\" ><p><a href=\"https:\/\/elten.com\/no\/products\/jo_speedy-black-red-low-esd-s1p-12141\/\"><img decoding=\"async\" src=\"https:\/\/elten.com\/wp-content\/uploads\/2023\/09\/Jori-by-ELTEN-04-jo_SPEEDY-black-red-Low-ESD-S3.jpg\" \/><\/a><a href=\"https:\/\/elten.com\/no\/products\/achim-s3-16321\/\"><img decoding=\"async\" src=\"https:\/\/elten.com\/wp-content\/uploads\/2023\/09\/Jori-by-ELTEN-05-ACHIM-S3.jpg\" \/><\/a><a href=\"https:\/\/elten.com\/no\/products\/jo_swift-boa-black-low-esd-s3-12081\/\"><img decoding=\"async\" src=\"https:\/\/elten.com\/wp-content\/uploads\/2023\/09\/Jori-by-ELTEN-06-jo_SWIFT-BOA-black-Low-ESD-S3.jpg\" \/><\/a><a href=\"https:\/\/elten.com\/no\/products\/jo_rapid-blue-yellow-low-esd-s3-12031\/\"><img decoding=\"async\" src=\"https:\/\/elten.com\/wp-content\/uploads\/2023\/09\/Jori-by-ELTEN-07-jo_RAPID-blue-yellow-Low-ESD-S3.jpg\" \/><\/a><\/p>\n<\/div><\/section><br \/>\n<section  class='av_textblock_section av-6cp31ph-0ff37cd557ab74135e7b4385b84a13ce '   itemscope=\"itemscope\" itemtype=\"https:\/\/schema.org\/CreativeWork\" ><div class='avia_textblock el-half-width-images'  itemprop=\"text\" ><p><a href=\"https:\/\/elten.com\/no\/products\/jo_powerful-black-mid-s3-16611\/\"><img decoding=\"async\" src=\"https:\/\/elten.com\/wp-content\/uploads\/2023\/09\/Jori-by-ELTEN-08-jo_POWERFUL-black-Mid-S3.jpg\" \/><\/a><a href=\"https:\/\/elten.com\/no\/teknologi\/boa-fit-system\/\"><img decoding=\"async\" src=\"https:\/\/elten.com\/wp-content\/uploads\/2023\/09\/Jori-by-ELTEN-09-Detail-BOA.jpg\" \/><\/a><\/p>\n<\/div><\/section><\/p>\n<\/div><\/div>\n<style type=\"text\/css\" data-created_by=\"avia_inline_auto\" id=\"style-css-av-5ro4j6t-f2f1d196a4d3c095eb86aa2b8534a17f\">\n.flex_cell.av-5ro4j6t-f2f1d196a4d3c095eb86aa2b8534a17f{\nvertical-align:top;\n}\n.responsive #top #wrap_all .flex_cell.av-5ro4j6t-f2f1d196a4d3c095eb86aa2b8534a17f{\npadding:0px 0px 0px 0px !important;\n}\n<\/style>\n<div class='flex_cell av-5ro4j6t-f2f1d196a4d3c095eb86aa2b8534a17f av-gridrow-cell av_one_third no_margin av-hide-on-mobile  avia-builder-el-7  el_after_av_cell_one_third  avia-builder-el-last  av-zero-padding'  ><div class='flex_cell_inner'><p><section  class='av_textblock_section av-5e6je79-b22a46c08dffec7b70e71fdc5a74414e '   itemscope=\"itemscope\" itemtype=\"https:\/\/schema.org\/CreativeWork\" ><div class='avia_textblock el-half-width-images'  itemprop=\"text\" ><p><a href=\"https:\/\/elten.com\/no\/products\/jo_speedy-black-aqua-low-esd-s1p-12131\/\"><img decoding=\"async\" src=\"https:\/\/elten.com\/wp-content\/uploads\/2023\/09\/Jori-by-ELTEN-10-jo_SPEEDY-black-aqua-Low-ESD-S1P.jpg\" \/><\/a><a href=\"https:\/\/elten.com\/no\/products\/rocky-s3-16881\/\"><img decoding=\"async\" src=\"https:\/\/elten.com\/wp-content\/uploads\/2023\/09\/Jori-by-ELTEN-11-ROCKY-S3.jpg\" \/><\/a><\/p>\n<\/div><\/section><br \/>\n<section  class='av_textblock_section av-517gu4l-a73d33f3f8460ed1ce2a0b126486647d '   itemscope=\"itemscope\" itemtype=\"https:\/\/schema.org\/CreativeWork\" ><div class='avia_textblock'  itemprop=\"text\" ><p><a href=\"https:\/\/elten.com\/no\/products\/jo_max-boa-low-s3-12771\/\"><img decoding=\"async\" src=\"https:\/\/elten.com\/wp-content\/uploads\/2023\/09\/Jori-by-ELTEN-12-jo_MAX-BOA-Low-S3.jpg\" \/><\/a><\/p>\n<\/div><\/section><\/p>\n<\/div><\/div>\n<\/div><div id='after_grid_row_1'  class='main_color av_default_container_wrap container_wrap sidebar_right'  ><div class='container av-section-cont-open' ><div class='template-page content  av-content-small alpha units'><div class='post-entry post-entry-type-page post-entry-358531'><div class='entry-content-wrapper clearfix'>\n<div  class='flex_column av-av_one_full-41ee899840124b6993b57a87f996c353 av_one_full  avia-builder-el-10  el_after_av_layout_row  el_before_av_one_full  avia-builder-el-first  first flex_column_div  '     ><p>\n<style type=\"text\/css\" data-created_by=\"avia_inline_auto\" id=\"style-css-av-av_heading-53cf979d8073fcee95745960826b967b\">\n#top .av-special-heading.av-av_heading-53cf979d8073fcee95745960826b967b{\npadding-bottom:2px;\ncolor:#dd0b2e;\n}\nbody .av-special-heading.av-av_heading-53cf979d8073fcee95745960826b967b .av-special-heading-tag .heading-char{\nfont-size:25px;\n}\n.av-special-heading.av-av_heading-53cf979d8073fcee95745960826b967b .special-heading-inner-border{\nborder-color:#dd0b2e;\n}\n.av-special-heading.av-av_heading-53cf979d8073fcee95745960826b967b .av-subheading{\nfont-size:15px;\n}\n<\/style>\n<div  class='av-special-heading av-av_heading-53cf979d8073fcee95745960826b967b av-special-heading-h1 custom-color-heading  avia-builder-el-11  el_before_av_textblock  avia-builder-el-first '><h1 class='av-special-heading-tag'  itemprop=\"headline\"  >Jori by ELTEN<\/h1><div class=\"special-heading-border\"><div class=\"special-heading-inner-border\"><\/div><\/div><\/div><br \/>\n<section  class='av_textblock_section av-loyg14ma-571cad0794f2c49639c3506ea6c8bbe5 '   itemscope=\"itemscope\" itemtype=\"https:\/\/schema.org\/CreativeWork\" ><div class='avia_textblock'  itemprop=\"text\" ><h3>GOD AV TRADISJON<\/h3>\n<\/div><\/section><br \/>\n<section  class='av_textblock_section av-loyg27hw-3d9ac8929de6f6bf28ca56761bb9cefe '   itemscope=\"itemscope\" itemtype=\"https:\/\/schema.org\/CreativeWork\" ><div class='avia_textblock'  itemprop=\"text\" ><h3>KOMFORTABEL, SIKKER OG MODERNE<\/h3>\n<p>Jori, produsenten av arbeidssko, har i over 150 \u00e5r st\u00e5tt for p\u00e5litelighet og kvalitet, stor komfort og fint design. Merket med ridderskjoldet i logoen har et sv\u00e6rt godt renomm\u00e9 hos h\u00e5ndverkere og industriabeidere i Ruhr-omr\u00e5det, og det med rette, for Jori vernesko og -st\u00f8vler er ytterst robuste og gir dessuten en behagelig g\u00e5f\u00f8lelse.<\/p>\n<h3>ET OMFATTENDE VAREUTVALG<\/h3>\n<p>Jori tilbyr helt etter mottoet &laquo;moderne og funksjonell&raquo; alt det man trenger i det daglige yrkesliv. Nettop den som p\u00e5 jobben konfronteres med forskjellige utfordringer, trenger fotvern som er motstandsdyktig, komfortabelt \u00e5 bruke og i enhver situasjon garanterer best mulig sikkerhet. I v\u00e5rt vareutvalg finnes det vernehalvsko og -st\u00f8vler i forskjellige utf\u00f8relser: fra den sportslige modellen SWIFT i gr\u00f8nn-gult med l\u00f8pes\u00e5le av gummi og polyuretan, via vinterverneskoen JERRY med varm foring i verneklasse S3, til t\u00f8ffel-halvsko for omkledningsomr\u00e5det \u2013 vi tilbyr hele produktbredden av vernesko for alle arbeids-og bruksomr\u00e5der.<\/p>\n<h3>LAGET FOR PROFFENE BLANT OSS<\/h3>\n<p>Jori-sko varter opp med noen spesialiteter: for eksempel det pustende innerforet, BOA\u00ae Fit-systemet for at de skal sitte sikkert og n\u00f8yaktig p\u00e5 foten, og en ytterst sklisikker s\u00e5le. Videre omfatter utvalget forskjellige serier, som f.eks. skoene i jo_SPEEDY-serien som er ekstra sportslige og i en utf\u00f8relse fri for metall og l\u00e6r, og jo_RAPID-serien av hydrofobert mikrofiber og et ekstra godt pustende innerfor av tekstil. Dessuten brukes det forskjellige s\u00e5lefabrikater spesielt laget for Jori-sko. Vi har f.eks. FLAME-s\u00e5len av gummi\/PU med en profiltykkelse av 4 mm, og MAX-s\u00e5len med 3 mm tykkelse. S\u00e5lene jo_BASIC og NEW BASIC best\u00e5r av en kombinasjon av PU\/PU og s\u00f8rger for utmerket feste p\u00e5 glatte underlag. Ogs\u00e5 TWIST-s\u00e5len er en PU\/PU-kombinasjon og gir sportslig letthet og fleksibilitet. PU-Mono-s\u00e5len jo_MONO brukes i svart-hvitt-kolleksjonen og lover maksimal sklisikkerhet innen alle bruksomr\u00e5der.<\/p>\n<p>Enten det er til industri, h\u00e5ndverk eller tjenesteyrker: Med verneskoene fra Jori er du utrustet til \u00e5 m\u00f8te alle utfordringer.<\/p>\n<\/div><\/section><\/p><\/div>\n<div  class='flex_column av-4jfdpnp-9ce8a485f5ca57e8a4a4f79f40a749a3 av_one_full  avia-builder-el-14  el_after_av_one_full  el_before_av_button  first flex_column_div  column-top-margin'     ><section  class='av_textblock_section av-loyg04hk-8ad7759d6b24741c3a19a769fa200d2d '   itemscope=\"itemscope\" itemtype=\"https:\/\/schema.org\/CreativeWork\" ><div class='avia_textblock'  itemprop=\"text\" ><h3>PRODUKTER<\/h3>\n<\/div><\/section><br \/>\n<div  id=\"av-sc-portfolio-1\"  class=' grid-sort-container isotope   no_margin-container with-title-container grid-total-even grid-col-4 grid-links-' data-portfolio-id='1'><div data-ajax-id='345696' class=' grid-entry flex_column isotope-item all_sort no_margin post-entry post-entry-345696 grid-entry-overview grid-loop-1 grid-parity-odd  10100_esd-pro-no_sort 50100_sensicare-no_sort sc-no_sort laer-no_sort tahette-i-stal-no_sort spikertrampsale-i-stalv-no_sort fo-no_sort sr-no_sort 04-unisex-no_sort 05-divers-no_sort mono-pu-no_sort mittel-normal-no_sort weit-no_sort rfid-chip-no_sort _einsatzgebiet-maler-lackierer-no_sort 03600-no_sort 03700-no_sort 03800-no_sort 03900-no_sort 04000-no_sort 04100-no_sort 04200-no_sort 04300-no_sort 04400-no_sort 04500-no_sort 04600-no_sort 04700-no_sort 04800-no_sort en-iso-20345-no_sort hael-no_sort innersaler-no_sort jori-no_sort jori-professional-no_sort lisser-no_sort maler-und-lackierer-no_sort nei-no_sort s3-no_sort sort-no_sort stovel-form-b-no_sort tekstilfor-no_sort  av_one_fourth first default_av_fullwidth '><article class='main_color inner-entry'  itemscope=\"itemscope\" itemtype=\"https:\/\/schema.org\/CreativeWork\" ><a href=\"https:\/\/elten.com\/no\/products\/achim-s3-16321\/\" title='ACHIM S3 &#8211; 16321'  data-rel='grid-1' class='grid-image avia-hover-fx'> <img decoding=\"async\" fetchpriority=\"high\" width=\"1\" height=\"1\" src=\"https:\/\/elten.com\/wp-content\/uploads\/products\/16321-01.jpg\" class=\"wp-image-389257 avia-img-lazy-loading-not-389257 attachment-portfolio_small size-portfolio_small wp-post-image\" alt=\"ACHIM S3 - 16321\" \/><\/a><div class='grid-content'><div class='avia-arrow'><\/div><header class=\"entry-content-header\"><h3 class='grid-entry-title entry-title '  itemprop=\"headline\" ><a href='https:\/\/elten.com\/no\/products\/achim-s3-16321\/' title='ACHIM S3 &#8211; 16321'>ACHIM S3 &#8211; 16321<\/a><\/h3><\/header><\/div><footer class=\"entry-footer\"><\/footer><\/article><\/div><div data-ajax-id='407732' class=' grid-entry flex_column isotope-item all_sort no_margin post-entry post-entry-407732 grid-entry-overview grid-loop-2 grid-parity-even  tahette-i-kompositt-no_sort metallfri-spikertrampsale-no_sort sc-no_sort laer-no_sort fo-no_sort sr-no_sort metallfri-no_sort 04-unisex-no_sort robust-no_sort 05-divers-no_sort mono-pu-no_sort mittel-normal-no_sort weit-no_sort s3s-no_sort 03600-no_sort 03700-no_sort 03800-no_sort 03900-no_sort 04000-no_sort 04100-no_sort 04200-no_sort 04300-no_sort 04400-no_sort 04500-no_sort 04600-no_sort 04700-no_sort 04800-no_sort en-iso-20345-no_sort halvsko-no_sort jori-no_sort jori-professional-no_sort lisser-no_sort nei-no_sort sort-no_sort tekstilfor-no_sort uten-metall-no_sort  av_one_fourth  default_av_fullwidth '><article class='main_color inner-entry'  itemscope=\"itemscope\" itemtype=\"https:\/\/schema.org\/CreativeWork\" ><a href=\"https:\/\/elten.com\/no\/products\/basic-ii-compo-low-s3s-12291\/\" title='BASIC II Compo Low S3S &#8211; 12291'  data-rel='grid-1' class='grid-image avia-hover-fx'> <img decoding=\"async\" fetchpriority=\"high\" width=\"1\" height=\"1\" src=\"https:\/\/elten.com\/wp-content\/uploads\/products\/12291-01.jpg\" class=\"wp-image-407587 avia-img-lazy-loading-not-407587 attachment-portfolio_small size-portfolio_small wp-post-image\" alt=\"BASIC II Compo Low S3S - 12291\" \/><\/a><div class='grid-content'><div class='avia-arrow'><\/div><header class=\"entry-content-header\"><h3 class='grid-entry-title entry-title '  itemprop=\"headline\" ><a href='https:\/\/elten.com\/no\/products\/basic-ii-compo-low-s3s-12291\/' title='BASIC II Compo Low S3S &#8211; 12291'>BASIC II Compo Low S3S &#8211; 12291<\/a><\/h3><\/header><\/div><footer class=\"entry-footer\"><\/footer><\/article><\/div><div data-ajax-id='404302' class=' grid-entry flex_column isotope-item all_sort no_margin post-entry post-entry-404302 grid-entry-overview grid-loop-3 grid-parity-odd  tahette-i-kompositt-no_sort metallfri-spikertrampsale-no_sort sc-no_sort laer-no_sort fo-no_sort sr-no_sort metallfri-no_sort 04-unisex-no_sort robust-no_sort 05-divers-no_sort mono-pu-no_sort mittel-normal-no_sort weit-no_sort s3s-no_sort 03600-no_sort 03700-no_sort 03800-no_sort 03900-no_sort 04000-no_sort 04100-no_sort 04200-no_sort 04300-no_sort 04400-no_sort 04500-no_sort 04600-no_sort 04700-no_sort 04800-no_sort en-iso-20345-no_sort hael-no_sort jori-no_sort jori-professional-no_sort lisser-no_sort nei-no_sort sort-no_sort stovel-form-b-no_sort tekstilfor-no_sort uten-metall-no_sort  av_one_fourth  default_av_fullwidth '><article class='main_color inner-entry'  itemscope=\"itemscope\" itemtype=\"https:\/\/schema.org\/CreativeWork\" ><a href=\"https:\/\/elten.com\/no\/products\/basic-ii-compo-mid-s3s-16291\/\" title='BASIC II Compo Mid S3S &#8211; 16291'  data-rel='grid-1' class='grid-image avia-hover-fx'> <img decoding=\"async\" fetchpriority=\"high\" width=\"1\" height=\"1\" src=\"https:\/\/elten.com\/wp-content\/uploads\/products\/16291-01.jpg\" class=\"wp-image-403951 avia-img-lazy-loading-not-403951 attachment-portfolio_small size-portfolio_small wp-post-image\" alt=\"BASIC II Compo Mid S3S - 16291\" \/><\/a><div class='grid-content'><div class='avia-arrow'><\/div><header class=\"entry-content-header\"><h3 class='grid-entry-title entry-title '  itemprop=\"headline\" ><a href='https:\/\/elten.com\/no\/products\/basic-ii-compo-mid-s3s-16291\/' title='BASIC II Compo Mid S3S &#8211; 16291'>BASIC II Compo Mid S3S &#8211; 16291<\/a><\/h3><\/header><\/div><footer class=\"entry-footer\"><\/footer><\/article><\/div><div data-ajax-id='401844' class=' grid-entry flex_column isotope-item all_sort no_margin post-entry post-entry-401844 grid-entry-overview grid-loop-4 grid-parity-even  post-entry-last  sc-no_sort laer-no_sort tahette-i-stal-no_sort spikertrampsale-i-stalv-no_sort fo-no_sort sr-no_sort 04-unisex-no_sort robust-no_sort 05-divers-no_sort mono-pu-no_sort mittel-normal-no_sort weit-no_sort 03600-no_sort 03700-no_sort 03800-no_sort 03900-no_sort 04000-no_sort 04100-no_sort 04200-no_sort 04300-no_sort 04400-no_sort 04500-no_sort 04600-no_sort 04700-no_sort 04800-no_sort en-iso-20345-no_sort hael-no_sort halvsko-no_sort jori-no_sort jori-professional-no_sort lisser-no_sort nei-no_sort s3-no_sort sort-no_sort tekstilfor-no_sort  av_one_fourth  default_av_fullwidth '><article class='main_color inner-entry'  itemscope=\"itemscope\" itemtype=\"https:\/\/schema.org\/CreativeWork\" ><a href=\"https:\/\/elten.com\/no\/products\/basic-ii-low-s3-12281\/\" title='BASIC II Low S3 &#8211; 12281'  data-rel='grid-1' class='grid-image avia-hover-fx'> <img decoding=\"async\" fetchpriority=\"high\" width=\"1\" height=\"1\" src=\"https:\/\/elten.com\/wp-content\/uploads\/products\/12281-01.jpg\" class=\"wp-image-401775 avia-img-lazy-loading-not-401775 attachment-portfolio_small size-portfolio_small wp-post-image\" alt=\"jo_BASIC II Low S3 - 12281\" \/><\/a><div class='grid-content'><div class='avia-arrow'><\/div><header class=\"entry-content-header\"><h3 class='grid-entry-title entry-title '  itemprop=\"headline\" ><a href='https:\/\/elten.com\/no\/products\/basic-ii-low-s3-12281\/' title='BASIC II Low S3 &#8211; 12281'>BASIC II Low S3 &#8211; 12281<\/a><\/h3><\/header><\/div><footer class=\"entry-footer\"><\/footer><\/article><\/div><\/div><\/p><\/div>\n<div  class='avia-button-wrap av-loyfy4fp-c8a600f9e39960dd27a0b337dbd25258-wrap avia-button-center  avia-builder-el-17  el_after_av_one_full  avia-builder-el-last '><a href='https:\/\/elten.com\/no\/produktgrupper\/jori-by-elten-oversikt\/'  class='avia-button av-loyfy4fp-c8a600f9e39960dd27a0b337dbd25258 avia-icon_select-no avia-size-medium avia-position-center avia-color-theme-color'  ><span class='avia_iconbox_title' >Alle produkter<\/span><\/a><\/div>\n","protected":false},"excerpt":{"rendered":"","protected":false},"author":7,"featured_media":0,"parent":358454,"menu_order":0,"comment_status":"closed","ping_status":"closed","template":"","meta":{"footnotes":""},"categories":[580],"tags":[],"class_list":["post-358531","page","type-page","status-publish","hentry","category-produktgruppen-no"],"yoast_head":"<!-- This site is optimized with the Yoast SEO Premium plugin v21.9 (Yoast SEO v21.9.1) - https:\/\/yoast.com\/wordpress\/plugins\/seo\/ -->\n<title>Jori by ELTEN - ELTEN GmbH<\/title>\n<meta name=\"robots\" content=\"index, follow, max-snippet:-1, max-image-preview:large, max-video-preview:-1\" \/>\n<link rel=\"canonical\" href=\"https:\/\/elten.com\/no\/produktgrupper\/jori-professional\/\" \/>\n<meta property=\"og:locale\" content=\"nb_NO\" \/>\n<meta property=\"og:type\" content=\"article\" \/>\n<meta property=\"og:title\" content=\"Jori by ELTEN\" \/>\n<meta property=\"og:url\" content=\"https:\/\/elten.com\/no\/produktgrupper\/jori-professional\/\" \/>\n<meta property=\"og:site_name\" content=\"ELTEN GmbH\" \/>\n<meta property=\"article:modified_time\" content=\"2023-11-15T12:31:43+00:00\" \/>\n<meta property=\"og:image\" content=\"https:\/\/elten.com\/wp-content\/uploads\/2023\/11\/Collage-JORI-by-ELTEN-NO.jpg\" \/>\n<meta name=\"twitter:card\" content=\"summary_large_image\" \/>\n<meta name=\"twitter:label1\" content=\"Ansl. lesetid\" \/>\n\t<meta name=\"twitter:data1\" content=\"10 minutter\" \/>\n<script type=\"application\/ld+json\" class=\"yoast-schema-graph\">{\"@context\":\"https:\/\/schema.org\",\"@graph\":[{\"@type\":\"WebPage\",\"@id\":\"https:\/\/elten.com\/no\/produktgrupper\/jori-professional\/\",\"url\":\"https:\/\/elten.com\/no\/produktgrupper\/jori-professional\/\",\"name\":\"Jori by ELTEN - ELTEN GmbH\",\"isPartOf\":{\"@id\":\"https:\/\/elten.com\/no\/#website\"},\"datePublished\":\"2023-11-07T11:50:57+00:00\",\"dateModified\":\"2023-11-15T12:31:43+00:00\",\"breadcrumb\":{\"@id\":\"https:\/\/elten.com\/no\/produktgrupper\/jori-professional\/#breadcrumb\"},\"inLanguage\":\"nb-NO\",\"potentialAction\":[{\"@type\":\"ReadAction\",\"target\":[\"https:\/\/elten.com\/no\/produktgrupper\/jori-professional\/\"]}]},{\"@type\":\"BreadcrumbList\",\"@id\":\"https:\/\/elten.com\/no\/produktgrupper\/jori-professional\/#breadcrumb\",\"itemListElement\":[{\"@type\":\"ListItem\",\"position\":1,\"name\":\"Startseite\",\"item\":\"https:\/\/elten.com\/no\/\"},{\"@type\":\"ListItem\",\"position\":2,\"name\":\"Produktgrupper\",\"item\":\"https:\/\/elten.com\/no\/?page_id=361141\"},{\"@type\":\"ListItem\",\"position\":3,\"name\":\"Jori by ELTEN\"}]},{\"@type\":\"WebSite\",\"@id\":\"https:\/\/elten.com\/no\/#website\",\"url\":\"https:\/\/elten.com\/no\/\",\"name\":\"ELTEN GmbH\",\"description\":\"Sicherheitsschuhe | Arbeitsschuhe | LOWA WORK COLLECTION | ELTEN GmbH\",\"potentialAction\":[{\"@type\":\"SearchAction\",\"target\":{\"@type\":\"EntryPoint\",\"urlTemplate\":\"https:\/\/elten.com\/no\/?s={search_term_string}\"},\"query-input\":\"required name=search_term_string\"}],\"inLanguage\":\"nb-NO\"}]}<\/script>\n<!-- \/ Yoast SEO Premium plugin. -->","yoast_head_json":{"title":"Jori by ELTEN - ELTEN GmbH","robots":{"index":"index","follow":"follow","max-snippet":"max-snippet:-1","max-image-preview":"max-image-preview:large","max-video-preview":"max-video-preview:-1"},"canonical":"https:\/\/elten.com\/no\/produktgrupper\/jori-professional\/","og_locale":"nb_NO","og_type":"article","og_title":"Jori by ELTEN","og_url":"https:\/\/elten.com\/no\/produktgrupper\/jori-professional\/","og_site_name":"ELTEN GmbH","article_modified_time":"2023-11-15T12:31:43+00:00","og_image":[{"url":"https:\/\/elten.com\/wp-content\/uploads\/2023\/11\/Collage-JORI-by-ELTEN-NO.jpg"}],"twitter_card":"summary_large_image","twitter_misc":{"Ansl. lesetid":"10 minutter"},"schema":{"@context":"https:\/\/schema.org","@graph":[{"@type":"WebPage","@id":"https:\/\/elten.com\/no\/produktgrupper\/jori-professional\/","url":"https:\/\/elten.com\/no\/produktgrupper\/jori-professional\/","name":"Jori by ELTEN - ELTEN GmbH","isPartOf":{"@id":"https:\/\/elten.com\/no\/#website"},"datePublished":"2023-11-07T11:50:57+00:00","dateModified":"2023-11-15T12:31:43+00:00","breadcrumb":{"@id":"https:\/\/elten.com\/no\/produktgrupper\/jori-professional\/#breadcrumb"},"inLanguage":"nb-NO","potentialAction":[{"@type":"ReadAction","target":["https:\/\/elten.com\/no\/produktgrupper\/jori-professional\/"]}]},{"@type":"BreadcrumbList","@id":"https:\/\/elten.com\/no\/produktgrupper\/jori-professional\/#breadcrumb","itemListElement":[{"@type":"ListItem","position":1,"name":"Startseite","item":"https:\/\/elten.com\/no\/"},{"@type":"ListItem","position":2,"name":"Produktgrupper","item":"https:\/\/elten.com\/no\/?page_id=361141"},{"@type":"ListItem","position":3,"name":"Jori by ELTEN"}]},{"@type":"WebSite","@id":"https:\/\/elten.com\/no\/#website","url":"https:\/\/elten.com\/no\/","name":"ELTEN GmbH","description":"Sicherheitsschuhe | Arbeitsschuhe | LOWA WORK COLLECTION | ELTEN GmbH","potentialAction":[{"@type":"SearchAction","target":{"@type":"EntryPoint","urlTemplate":"https:\/\/elten.com\/no\/?s={search_term_string}"},"query-input":"required name=search_term_string"}],"inLanguage":"nb-NO"}]}},"_links":{"self":[{"href":"https:\/\/elten.com\/no\/wp-json\/wp\/v2\/pages\/358531","targetHints":{"allow":["GET"]}}],"collection":[{"href":"https:\/\/elten.com\/no\/wp-json\/wp\/v2\/pages"}],"about":[{"href":"https:\/\/elten.com\/no\/wp-json\/wp\/v2\/types\/page"}],"author":[{"embeddable":true,"href":"https:\/\/elten.com\/no\/wp-json\/wp\/v2\/users\/7"}],"replies":[{"embeddable":true,"href":"https:\/\/elten.com\/no\/wp-json\/wp\/v2\/comments?post=358531"}],"version-history":[{"count":3,"href":"https:\/\/elten.com\/no\/wp-json\/wp\/v2\/pages\/358531\/revisions"}],"predecessor-version":[{"id":361571,"href":"https:\/\/elten.com\/no\/wp-json\/wp\/v2\/pages\/358531\/revisions\/361571"}],"up":[{"embeddable":true,"href":"https:\/\/elten.com\/no\/wp-json\/wp\/v2\/pages\/358454"}],"wp:attachment":[{"href":"https:\/\/elten.com\/no\/wp-json\/wp\/v2\/media?parent=358531"}],"wp:term":[{"taxonomy":"category","embeddable":true,"href":"https:\/\/elten.com\/no\/wp-json\/wp\/v2\/categories?post=358531"},{"taxonomy":"post_tag","embeddable":true,"href":"https:\/\/elten.com\/no\/wp-json\/wp\/v2\/tags?post=358531"}],"curies":[{"name":"wp","href":"https:\/\/api.w.org\/{rel}","templated":true}]}}