{"id":359605,"date":"2023-11-10T08:41:34","date_gmt":"2023-11-10T07:41:34","guid":{"rendered":"http:\/\/relaunch.elten.com.w01ca985.kasserver.com\/?page_id=359605"},"modified":"2024-10-08T13:38:17","modified_gmt":"2024-10-08T11:38:17","slug":"enda-mer-sikkerhet","status":"publish","type":"page","link":"https:\/\/elten.com\/no\/teknologi\/enda-mer-sikkerhet\/","title":{"rendered":"Enda mer sikkerhet"},"content":{"rendered":"<div  class='flex_column av-2eanlg-14a0893c22ca23fc13571897f33e0154 av_one_full  avia-builder-el-0  el_before_av_one_half  avia-builder-el-first  first flex_column_div av-animated-generic fade-in  '     ><p>\n<style type=\"text\/css\" data-created_by=\"avia_inline_auto\" id=\"style-css-av-lmomkxon-b104a5bf6a393931c309b1e415b7e65e\">\n#top .av-special-heading.av-lmomkxon-b104a5bf6a393931c309b1e415b7e65e{\npadding-bottom:10px;\n}\nbody .av-special-heading.av-lmomkxon-b104a5bf6a393931c309b1e415b7e65e .av-special-heading-tag .heading-char{\nfont-size:25px;\n}\n.av-special-heading.av-lmomkxon-b104a5bf6a393931c309b1e415b7e65e .av-subheading{\nfont-size:15px;\n}\n<\/style>\n<div  class='av-special-heading av-lmomkxon-b104a5bf6a393931c309b1e415b7e65e av-special-heading-h2 blockquote modern-quote  avia-builder-el-1  el_before_av_textblock  avia-builder-el-first '><h2 class='av-special-heading-tag'  itemprop=\"headline\"  >ENDA MER SIKKERHET<\/h2><div class=\"special-heading-border\"><div class=\"special-heading-inner-border\"><\/div><\/div><\/div><br \/>\n<section  class='av_textblock_section av-lmomn6yx-61fb9cf1341a37930c7af942f6c36e06 '   itemscope=\"itemscope\" itemtype=\"https:\/\/schema.org\/CreativeWork\" ><div class='avia_textblock'  itemprop=\"text\" ><p>Fotbeskyttelse fra ELTEN: Det betyr sikkerhet i samsvar med europeiske standarder \u2013 og verneutstyr, hvis komponenter samsvarer n\u00f8yaktig med farepotensialet p\u00e5 arbeidsplassen. Det betyr selvf\u00f8lgelig toppmoderne og sertifiserte produkter i beskyttelsesklassene S1, S2 og S3. Men god fotbeskyttelse m\u00e5 ogs\u00e5 oppfylle andre kriterier.<\/p>\n<\/div><\/section><\/p><\/div>\n<div  class='flex_column av-29h8jg-c65612b06020545fa0f4d962d3d1219b av_one_half  avia-builder-el-3  el_after_av_one_full  el_before_av_one_half  first flex_column_div  column-top-margin'     ><p>\n<style type=\"text\/css\" data-created_by=\"avia_inline_auto\" id=\"style-css-av-lmompi9p-8e9db3a35124e1758e570e99802a3f9d\">\n#top .av-special-heading.av-lmompi9p-8e9db3a35124e1758e570e99802a3f9d{\npadding-bottom:10px;\n}\nbody .av-special-heading.av-lmompi9p-8e9db3a35124e1758e570e99802a3f9d .av-special-heading-tag .heading-char{\nfont-size:25px;\n}\n.av-special-heading.av-lmompi9p-8e9db3a35124e1758e570e99802a3f9d .av-subheading{\nfont-size:15px;\n}\n<\/style>\n<div  class='av-special-heading av-lmompi9p-8e9db3a35124e1758e570e99802a3f9d av-special-heading-h2 blockquote modern-quote  avia-builder-el-4  el_before_av_textblock  avia-builder-el-first '><h2 class='av-special-heading-tag'  itemprop=\"headline\"  >REFLEKSMATERIALE<\/h2><div class=\"special-heading-border\"><div class=\"special-heading-inner-border\"><\/div><\/div><\/div><br \/>\n<section  class='av_textblock_section av-lmompt2s-b61b25786df5d1d2195733353c64303b '   itemscope=\"itemscope\" itemtype=\"https:\/\/schema.org\/CreativeWork\" ><div class='avia_textblock'  itemprop=\"text\" ><p>I regn, skygge, skumring og m\u00f8rke blir folk med m\u00f8rke kl\u00e6r bare lagt merke til p\u00e5 en avstand p\u00e5 rundt 30 meter. Utstyr med reflekterende materialer gir ekstra beskyttelse fordi det synes godt selv under ugunstige v\u00e6r- og lysforhold.<\/p>\n<\/div><\/section><\/p><\/div>\n<div  class='flex_column av-22iung-2e62adcd5613854394730b98be7d6997 av_one_half  avia-builder-el-6  el_after_av_one_half  el_before_av_hr  flex_column_div  column-top-margin'     ><style type=\"text\/css\" data-created_by=\"avia_inline_auto\" id=\"style-css-av-6ut4c-06905e35f2753c1d66b5bf0d2f591eae\">\n.avia-image-container.av-6ut4c-06905e35f2753c1d66b5bf0d2f591eae img.avia_image{\nbox-shadow:none;\n}\n.avia-image-container.av-6ut4c-06905e35f2753c1d66b5bf0d2f591eae .av-image-caption-overlay-center{\ncolor:#ffffff;\n}\n<\/style>\n<div  class='avia-image-container av-6ut4c-06905e35f2753c1d66b5bf0d2f591eae av-styling- avia-align-center  avia-builder-el-7  avia-builder-el-no-sibling '   itemprop=\"image\" itemscope=\"itemscope\" itemtype=\"https:\/\/schema.org\/ImageObject\" ><div class=\"avia-image-container-inner\"><div class=\"avia-image-overlay-wrap\"><img decoding=\"async\" fetchpriority=\"high\" class='wp-image-352153 avia-img-lazy-loading-not-352153 avia_image ' src=\"https:\/\/elten.com\/wp-content\/uploads\/2023\/10\/Sander-XXT_Reflektion-300x180.jpg\" alt='Sander-XXT_Reflektion' title='Sander-XXT_Reflektion'  height=\"180\" width=\"300\"  itemprop=\"thumbnailUrl\" srcset=\"https:\/\/elten.com\/wp-content\/uploads\/2023\/10\/Sander-XXT_Reflektion-300x180.jpg 300w, https:\/\/elten.com\/wp-content\/uploads\/2023\/10\/Sander-XXT_Reflektion.jpg 500w\" sizes=\"(max-width: 300px) 100vw, 300px\" \/><\/div><\/div><\/div><\/div>\n<div  class='hr av-1tcayk-f709ca082927d0bf3475c6d0ceb6aa02 hr-big  avia-builder-el-8  el_after_av_one_half  el_before_av_one_full '><span class='hr-inner '><span class=\"hr-inner-style\"><\/span><\/span><\/div>\n<div  class='flex_column av-1jsj6s-7e8e9ffcb2f0b02a1aa084bc44ed563d av_one_full  avia-builder-el-9  el_after_av_hr  el_before_av_one_half  first flex_column_div av-animated-generic fade-in  '     ><p>\n<style type=\"text\/css\" data-created_by=\"avia_inline_auto\" id=\"style-css-av-lmomr4m7-ef902f52afaee33257c16508c35db14e\">\n#top .av-special-heading.av-lmomr4m7-ef902f52afaee33257c16508c35db14e{\npadding-bottom:10px;\n}\nbody .av-special-heading.av-lmomr4m7-ef902f52afaee33257c16508c35db14e .av-special-heading-tag .heading-char{\nfont-size:25px;\n}\n.av-special-heading.av-lmomr4m7-ef902f52afaee33257c16508c35db14e .av-subheading{\nfont-size:15px;\n}\n<\/style>\n<div  class='av-special-heading av-lmomr4m7-ef902f52afaee33257c16508c35db14e av-special-heading-h2 blockquote modern-quote  avia-builder-el-10  el_before_av_heading  avia-builder-el-first '><h2 class='av-special-heading-tag'  itemprop=\"headline\"  >ESD<\/h2><div class=\"special-heading-border\"><div class=\"special-heading-inner-border\"><\/div><\/div><\/div><br \/>\n\n<style type=\"text\/css\" data-created_by=\"avia_inline_auto\" id=\"style-css-av-lmomrquq-6c5879a20c99e83f74f12de0e54a4e6b\">\n#top .av-special-heading.av-lmomrquq-6c5879a20c99e83f74f12de0e54a4e6b{\npadding-bottom:10px;\n}\nbody .av-special-heading.av-lmomrquq-6c5879a20c99e83f74f12de0e54a4e6b .av-special-heading-tag .heading-char{\nfont-size:25px;\n}\n.av-special-heading.av-lmomrquq-6c5879a20c99e83f74f12de0e54a4e6b .av-subheading{\nfont-size:15px;\n}\n<\/style>\n<div  class='av-special-heading av-lmomrquq-6c5879a20c99e83f74f12de0e54a4e6b av-special-heading-h3 blockquote modern-quote  avia-builder-el-11  el_after_av_heading  el_before_av_textblock '><h3 class='av-special-heading-tag'  itemprop=\"headline\"  >ESD ER IKKE BARE ESD<\/h3><div class=\"special-heading-border\"><div class=\"special-heading-inner-border\"><\/div><\/div><\/div><br \/>\n<section  class='av_textblock_section av-lmomrz4s-e01c3e915d5b01516c45ac670363f63e '   itemscope=\"itemscope\" itemtype=\"https:\/\/schema.org\/CreativeWork\" ><div class='avia_textblock'  itemprop=\"text\" ><p>ESD-sko b\u00f8r brukes n\u00e5r det er behov for \u00e5 lade ut elektrostatiske ladninger p\u00e5 en kontrollert m\u00e5te gjennom skoen. ESD-testede vernesko- og arbeidssko beskytter ikke bare mennesker, men ogs\u00e5 elektrostatiske f\u00f8lsomme komponenter og enheter.<\/p>\n<\/div><\/section><\/p><\/div>\n<div  class='flex_column av-1h2h3g-57516ba8490f2ced59bf7155fc7b7d5e av_one_half  avia-builder-el-13  el_after_av_one_full  el_before_av_one_half  first flex_column_div  column-top-margin'     ><p>\n<style type=\"text\/css\" data-created_by=\"avia_inline_auto\" id=\"style-css-av-lmoms8to-63e2683f8cd8c012ece5ea764c87ae33\">\n#top .av-special-heading.av-lmoms8to-63e2683f8cd8c012ece5ea764c87ae33{\npadding-bottom:10px;\n}\nbody .av-special-heading.av-lmoms8to-63e2683f8cd8c012ece5ea764c87ae33 .av-special-heading-tag .heading-char{\nfont-size:25px;\n}\n.av-special-heading.av-lmoms8to-63e2683f8cd8c012ece5ea764c87ae33 .av-subheading{\nfont-size:15px;\n}\n<\/style>\n<div  class='av-special-heading av-lmoms8to-63e2683f8cd8c012ece5ea764c87ae33 av-special-heading-h3 blockquote modern-quote  avia-builder-el-14  el_before_av_textblock  avia-builder-el-first '><h3 class='av-special-heading-tag'  itemprop=\"headline\"  >DE RELEVANTE STANDARDENE FOR ESD-FOTT\u00d8Y ER:<\/h3><div class=\"special-heading-border\"><div class=\"special-heading-inner-border\"><\/div><\/div><\/div><br \/>\n<section  class='av_textblock_section av-lmomsoy8-cb1a52c62585e996a26347886286a152 '   itemscope=\"itemscope\" itemtype=\"https:\/\/schema.org\/CreativeWork\" ><div class='avia_textblock'  itemprop=\"text\" ><p>DIN EN IEC 61340-4-3 \u00abNormerte pr\u00f8vemetoder for spesielle applikasjoner \u2013 fott\u00f8y\u00bb.<br \/>\nBare den elektriske volummotstanden til skoene m\u00e5les her. Dette gj\u00f8res ved at skoene fylles med metallkuler f\u00f8r m\u00e5ling. En maksimal grenseverdi p\u00e5 100 M\u03a9 (10<sup>8<\/sup> \u03a9) m\u00e5 overholdes med denne testprosedyren. F\u00f8r skoene testes, har de maksimalt 15 % relativ luftfuktighet. Dette sikrer at ELTEN ESD-sko gir god beskyttelse mot u\u00f8nskede elektrostatiske fenomener, selv under vanskelige klimatiske forhold, noe som lett kan forekomme, spesielt i den kalde \u00e5rstiden.<\/p>\n<\/div><\/section><br \/>\n<section  class='av_textblock_section av-lmomzzlh-a4bd9a2125b67280b8fe417a41d226b1 '   itemscope=\"itemscope\" itemtype=\"https:\/\/schema.org\/CreativeWork\" ><div class='avia_textblock'  itemprop=\"text\" ><p>DIN EN 61340-5-1 \u00abBeskyttelse av elektroniske komponenter mot elektrostatiske fenomener\u00bb.<br \/>\nDenne standarden gir generelle krav til et ESD-kontrollprogram. Siden den siste revisjonen av denne standarden i 2017, har en maksimal grenseverdi p\u00e5 100 M\u03a9 (10<sup>8<\/sup> \u03a9) blitt anbefalt for \u00e5 kontrollere person-\/fott\u00f8y. I tillegg overholder alle ELTEN ESD sko en strengere grenseverdi fra forrige versjon av standarden p\u00e5 35 M\u03a9.<\/p>\n<\/div><\/section><\/p><\/div><div  class='flex_column av-17lc8c-503705306d360c443ddf980d22f09ac9 av_one_half  avia-builder-el-17  el_after_av_one_half  avia-builder-el-last  flex_column_div  column-top-margin'     ><p>\n<style type=\"text\/css\" data-created_by=\"avia_inline_auto\" id=\"style-css-av-lmon1ou1-4c77cc9fdaba743d77d1e5926e5bec79\">\n#top .hr.hr-invisible.av-lmon1ou1-4c77cc9fdaba743d77d1e5926e5bec79{\nheight:38px;\n}\n<\/style>\n<div  class='hr av-lmon1ou1-4c77cc9fdaba743d77d1e5926e5bec79 hr-invisible  avia-builder-el-18  el_before_av_image  avia-builder-el-first  av-small-hide av-mini-hide'><span class='hr-inner '><span class=\"hr-inner-style\"><\/span><\/span><\/div><br \/>\n\n<style type=\"text\/css\" data-created_by=\"avia_inline_auto\" id=\"style-css-av-lmomvchx-c4063053a9bd66da650ccbabc8e83cf1\">\n.avia-image-container.av-lmomvchx-c4063053a9bd66da650ccbabc8e83cf1 img.avia_image{\nbox-shadow:none;\n}\n.avia-image-container.av-lmomvchx-c4063053a9bd66da650ccbabc8e83cf1 .av-image-caption-overlay-center{\ncolor:#ffffff;\n}\n<\/style>\n<div  class='avia-image-container av-lmomvchx-c4063053a9bd66da650ccbabc8e83cf1 av-styling-no-styling avia-align-center  avia-builder-el-19  el_after_av_hr  avia-builder-el-last '   itemprop=\"image\" itemscope=\"itemscope\" itemtype=\"https:\/\/schema.org\/ImageObject\" ><div class=\"avia-image-container-inner\"><div class=\"avia-image-overlay-wrap\"><img decoding=\"async\" fetchpriority=\"high\" class='wp-image-359610 avia-img-lazy-loading-not-359610 avia_image ' src=\"https:\/\/elten.com\/wp-content\/uploads\/2023\/11\/Grafik_ESD_4C_NO.png\" alt='Grafik_ESD_4C_NO' title='Grafik_ESD_4C_NO'  height=\"281\" width=\"770\"  itemprop=\"thumbnailUrl\" srcset=\"https:\/\/elten.com\/wp-content\/uploads\/2023\/11\/Grafik_ESD_4C_NO.png 770w, https:\/\/elten.com\/wp-content\/uploads\/2023\/11\/Grafik_ESD_4C_NO-300x109.png 300w, https:\/\/elten.com\/wp-content\/uploads\/2023\/11\/Grafik_ESD_4C_NO-768x280.png 768w, https:\/\/elten.com\/wp-content\/uploads\/2023\/11\/Grafik_ESD_4C_NO-705x257.png 705w\" sizes=\"(max-width: 770px) 100vw, 770px\" \/><\/div><\/div><\/div><\/p><\/div><\/p>\n","protected":false},"excerpt":{"rendered":"","protected":false},"author":7,"featured_media":0,"parent":354140,"menu_order":70,"comment_status":"closed","ping_status":"closed","template":"","meta":{"footnotes":""},"categories":[583],"tags":[],"class_list":["post-359605","page","type-page","status-publish","hentry","category-technologie-no"],"yoast_head":"<!-- This site is optimized with the Yoast SEO Premium plugin v21.9 (Yoast SEO v21.9.1) - https:\/\/yoast.com\/wordpress\/plugins\/seo\/ -->\n<title>Enda mer sikkerhet - ELTEN GmbH<\/title>\n<meta name=\"robots\" content=\"index, follow, max-snippet:-1, max-image-preview:large, max-video-preview:-1\" \/>\n<link rel=\"canonical\" href=\"https:\/\/elten.com\/no\/teknologi\/enda-mer-sikkerhet\/\" \/>\n<meta property=\"og:locale\" content=\"nb_NO\" \/>\n<meta property=\"og:type\" content=\"article\" \/>\n<meta property=\"og:title\" content=\"Enda mer sikkerhet\" \/>\n<meta property=\"og:url\" content=\"https:\/\/elten.com\/no\/teknologi\/enda-mer-sikkerhet\/\" \/>\n<meta property=\"og:site_name\" content=\"ELTEN GmbH\" \/>\n<meta property=\"article:modified_time\" content=\"2024-10-08T11:38:17+00:00\" \/>\n<meta name=\"twitter:card\" content=\"summary_large_image\" \/>\n<meta name=\"twitter:label1\" content=\"Ansl. lesetid\" \/>\n\t<meta name=\"twitter:data1\" content=\"2 minutter\" \/>\n<script type=\"application\/ld+json\" class=\"yoast-schema-graph\">{\"@context\":\"https:\/\/schema.org\",\"@graph\":[{\"@type\":\"WebPage\",\"@id\":\"https:\/\/elten.com\/no\/teknologi\/enda-mer-sikkerhet\/\",\"url\":\"https:\/\/elten.com\/no\/teknologi\/enda-mer-sikkerhet\/\",\"name\":\"Enda mer sikkerhet - ELTEN GmbH\",\"isPartOf\":{\"@id\":\"https:\/\/elten.com\/no\/#website\"},\"datePublished\":\"2023-11-10T07:41:34+00:00\",\"dateModified\":\"2024-10-08T11:38:17+00:00\",\"breadcrumb\":{\"@id\":\"https:\/\/elten.com\/no\/teknologi\/enda-mer-sikkerhet\/#breadcrumb\"},\"inLanguage\":\"nb-NO\",\"potentialAction\":[{\"@type\":\"ReadAction\",\"target\":[\"https:\/\/elten.com\/no\/teknologi\/enda-mer-sikkerhet\/\"]}]},{\"@type\":\"BreadcrumbList\",\"@id\":\"https:\/\/elten.com\/no\/teknologi\/enda-mer-sikkerhet\/#breadcrumb\",\"itemListElement\":[{\"@type\":\"ListItem\",\"position\":1,\"name\":\"Startseite\",\"item\":\"https:\/\/elten.com\/no\/\"},{\"@type\":\"ListItem\",\"position\":2,\"name\":\"Teknologi\",\"item\":\"https:\/\/elten.com\/no\/teknologi\/\"},{\"@type\":\"ListItem\",\"position\":3,\"name\":\"Enda mer sikkerhet\"}]},{\"@type\":\"WebSite\",\"@id\":\"https:\/\/elten.com\/no\/#website\",\"url\":\"https:\/\/elten.com\/no\/\",\"name\":\"ELTEN GmbH\",\"description\":\"Sicherheitsschuhe | Arbeitsschuhe | LOWA WORK COLLECTION | ELTEN GmbH\",\"potentialAction\":[{\"@type\":\"SearchAction\",\"target\":{\"@type\":\"EntryPoint\",\"urlTemplate\":\"https:\/\/elten.com\/no\/?s={search_term_string}\"},\"query-input\":\"required name=search_term_string\"}],\"inLanguage\":\"nb-NO\"}]}<\/script>\n<!-- \/ Yoast SEO Premium plugin. -->","yoast_head_json":{"title":"Enda mer sikkerhet - ELTEN GmbH","robots":{"index":"index","follow":"follow","max-snippet":"max-snippet:-1","max-image-preview":"max-image-preview:large","max-video-preview":"max-video-preview:-1"},"canonical":"https:\/\/elten.com\/no\/teknologi\/enda-mer-sikkerhet\/","og_locale":"nb_NO","og_type":"article","og_title":"Enda mer sikkerhet","og_url":"https:\/\/elten.com\/no\/teknologi\/enda-mer-sikkerhet\/","og_site_name":"ELTEN GmbH","article_modified_time":"2024-10-08T11:38:17+00:00","twitter_card":"summary_large_image","twitter_misc":{"Ansl. lesetid":"2 minutter"},"schema":{"@context":"https:\/\/schema.org","@graph":[{"@type":"WebPage","@id":"https:\/\/elten.com\/no\/teknologi\/enda-mer-sikkerhet\/","url":"https:\/\/elten.com\/no\/teknologi\/enda-mer-sikkerhet\/","name":"Enda mer sikkerhet - ELTEN GmbH","isPartOf":{"@id":"https:\/\/elten.com\/no\/#website"},"datePublished":"2023-11-10T07:41:34+00:00","dateModified":"2024-10-08T11:38:17+00:00","breadcrumb":{"@id":"https:\/\/elten.com\/no\/teknologi\/enda-mer-sikkerhet\/#breadcrumb"},"inLanguage":"nb-NO","potentialAction":[{"@type":"ReadAction","target":["https:\/\/elten.com\/no\/teknologi\/enda-mer-sikkerhet\/"]}]},{"@type":"BreadcrumbList","@id":"https:\/\/elten.com\/no\/teknologi\/enda-mer-sikkerhet\/#breadcrumb","itemListElement":[{"@type":"ListItem","position":1,"name":"Startseite","item":"https:\/\/elten.com\/no\/"},{"@type":"ListItem","position":2,"name":"Teknologi","item":"https:\/\/elten.com\/no\/teknologi\/"},{"@type":"ListItem","position":3,"name":"Enda mer sikkerhet"}]},{"@type":"WebSite","@id":"https:\/\/elten.com\/no\/#website","url":"https:\/\/elten.com\/no\/","name":"ELTEN GmbH","description":"Sicherheitsschuhe | Arbeitsschuhe | LOWA WORK COLLECTION | ELTEN GmbH","potentialAction":[{"@type":"SearchAction","target":{"@type":"EntryPoint","urlTemplate":"https:\/\/elten.com\/no\/?s={search_term_string}"},"query-input":"required name=search_term_string"}],"inLanguage":"nb-NO"}]}},"_links":{"self":[{"href":"https:\/\/elten.com\/no\/wp-json\/wp\/v2\/pages\/359605","targetHints":{"allow":["GET"]}}],"collection":[{"href":"https:\/\/elten.com\/no\/wp-json\/wp\/v2\/pages"}],"about":[{"href":"https:\/\/elten.com\/no\/wp-json\/wp\/v2\/types\/page"}],"author":[{"embeddable":true,"href":"https:\/\/elten.com\/no\/wp-json\/wp\/v2\/users\/7"}],"replies":[{"embeddable":true,"href":"https:\/\/elten.com\/no\/wp-json\/wp\/v2\/comments?post=359605"}],"version-history":[{"count":3,"href":"https:\/\/elten.com\/no\/wp-json\/wp\/v2\/pages\/359605\/revisions"}],"predecessor-version":[{"id":388485,"href":"https:\/\/elten.com\/no\/wp-json\/wp\/v2\/pages\/359605\/revisions\/388485"}],"up":[{"embeddable":true,"href":"https:\/\/elten.com\/no\/wp-json\/wp\/v2\/pages\/354140"}],"wp:attachment":[{"href":"https:\/\/elten.com\/no\/wp-json\/wp\/v2\/media?parent=359605"}],"wp:term":[{"taxonomy":"category","embeddable":true,"href":"https:\/\/elten.com\/no\/wp-json\/wp\/v2\/categories?post=359605"},{"taxonomy":"post_tag","embeddable":true,"href":"https:\/\/elten.com\/no\/wp-json\/wp\/v2\/tags?post=359605"}],"curies":[{"name":"wp","href":"https:\/\/api.w.org\/{rel}","templated":true}]}}