{"id":360204,"date":"2023-11-13T15:10:04","date_gmt":"2023-11-13T14:10:04","guid":{"rendered":"http:\/\/relaunch.elten.com.w01ca985.kasserver.com\/?page_id=360204"},"modified":"2024-03-19T12:21:32","modified_gmt":"2024-03-19T11:21:32","slug":"om-oss","status":"publish","type":"page","link":"https:\/\/elten.com\/no\/home\/om-oss\/","title":{"rendered":"Om oss"},"content":{"rendered":"<div  class='flex_column av-av_one_full-41ee899840124b6993b57a87f996c353 av_one_full  avia-builder-el-0  el_before_av_textblock  avia-builder-el-first  first flex_column_div  '     ><style type=\"text\/css\" data-created_by=\"avia_inline_auto\" id=\"style-css-av-llxj8kv2-d3dd3f8d9afd9baf117ec389520f462f\">\n#top .av-special-heading.av-llxj8kv2-d3dd3f8d9afd9baf117ec389520f462f{\npadding-bottom:10px;\n}\nbody .av-special-heading.av-llxj8kv2-d3dd3f8d9afd9baf117ec389520f462f .av-special-heading-tag .heading-char{\nfont-size:25px;\n}\n.av-special-heading.av-llxj8kv2-d3dd3f8d9afd9baf117ec389520f462f .av-subheading{\nfont-size:15px;\n}\n<\/style>\n<div  class='av-special-heading av-llxj8kv2-d3dd3f8d9afd9baf117ec389520f462f av-special-heading-h2 blockquote modern-quote  avia-builder-el-1  avia-builder-el-no-sibling '><h2 class='av-special-heading-tag'  itemprop=\"headline\"  >Om oss<\/h2><div class=\"special-heading-border\"><div class=\"special-heading-inner-border\"><\/div><\/div><\/div><\/div>\n<section  class='av_textblock_section av-llxj9564-3caf508668703ac16523459b0b1c856f '   itemscope=\"itemscope\" itemtype=\"https:\/\/schema.org\/CreativeWork\" ><div class='avia_textblock'  itemprop=\"text\" ><p><strong><span style=\"color: #000000;\">ELTEN GMBH<\/span><\/strong><br \/>\nOstwall 7-13<br \/>\nD &#8211; 47589 Uedem<\/p>\n<p>Telefonnummer: + 49 (0) 2825-80168<\/p>\n<p><span style=\"color: #ff0000;\"><a style=\"color: #ff0000;\" href=\"mailto:service@elten.com\" target=\"_blank\" rel=\"noopener\">service@elten.com<\/a><\/span><\/p>\n<p><strong>BEDRIFTSLEDELSE<\/strong><br \/>\nHeiner van Elten<br \/>\nJ\u00f6rg van Elten<\/p>\n<p><strong>HANDELSREGISTER<\/strong><br \/>\nKleve, 21 HRB 5 50<\/p>\n<p><strong>MVA-NUMMER<\/strong><br \/>\nDE 811 255 427<\/p>\n<p><strong>REDAKSJON OG UTFORMING<\/strong><br \/>\nELTEN GmbH, Uedem<br \/>\nRedaksjonen jobber etter beste kunnskap og tro, men uten garanti. Ansvarlig for innholdet s\u00e5 vel som for juridiske og administrativ art er: marketing@elten.com<\/p>\n<p>Totalt innhold: \u00a9 ELTEN GmbH<\/p>\n<p><strong>ANSVARSFRASKRIVELSE<\/strong><br \/>\nVed opprettelse av dette nettstedet, ble det gjort alt for \u00e5 sikre at informasjonen er oppdatert, korrekt og tydelig. Til tross for dette kan det imidlertid forekomme utilsiktet feilinformasjon. ELTEN GmbH fraskriver seg derfor ethvert ansvar for skrive- eller trykkfeil og for at informasjonen p\u00e5 selskapets nettsted er n\u00f8yaktig, fullstendig og aktuell. Informasjonen og dataene som gis p\u00e5 ELTENs nettsted kan endres n\u00e5r som helst uten forvarsel. Dette tilbys av ELTEN GmbH uten forpliktelser og uten garantier eller forsikringer.<\/p>\n<p>I den grad ELTEN GmbHs nettsted inneholder lenker eller pekere til tredjeparts nettsteder, p\u00e5tar ELTEN GmbH seg intet ansvar for informasjon, meldinger, materiale eller lenker til andre nettsteder som er tilgjengelige der. Vi erkl\u00e6rer uttrykkelig at vi ikke tar ansvar for innholdet p\u00e5 tilkoblede sider. Ved \u00e5 bruke ELTEN GmbHs nettsted b\u00e6rer du hele risikoen forbundet med bruken, inkludert all risiko for skade p\u00e5 datamaskin, programvare eller data som skyldes virus eller annen programvare som overf\u00f8res via ELTEN GmbHs nettsted eller din tilgang til den. ELTEN GmbH er ikke ansvarlig for direkte, indirekte, spesielle, tilfeldige eller f\u00f8lgeskader eller tap av fortjeneste som f\u00f8lge av bruk eller misbruk av informasjon eller for ufullstendig informasjon p\u00e5 ELTEN GmbHs nettsted.<\/p>\n<\/div><\/section>\n","protected":false},"excerpt":{"rendered":"","protected":false},"author":2,"featured_media":0,"parent":274605,"menu_order":0,"comment_status":"closed","ping_status":"closed","template":"","meta":{"footnotes":""},"categories":[588],"tags":[],"class_list":["post-360204","page","type-page","status-publish","hentry","category-home-no"],"yoast_head":"<!-- This site is optimized with the Yoast SEO Premium plugin v21.9 (Yoast SEO v21.9.1) - https:\/\/yoast.com\/wordpress\/plugins\/seo\/ -->\n<title>Om oss - ELTEN GmbH<\/title>\n<meta name=\"robots\" content=\"index, follow, max-snippet:-1, max-image-preview:large, max-video-preview:-1\" \/>\n<link rel=\"canonical\" href=\"https:\/\/elten.com\/no\/home\/om-oss\/\" \/>\n<meta property=\"og:locale\" content=\"nb_NO\" \/>\n<meta property=\"og:type\" content=\"article\" \/>\n<meta property=\"og:title\" content=\"Om oss\" \/>\n<meta property=\"og:url\" content=\"https:\/\/elten.com\/no\/home\/om-oss\/\" \/>\n<meta property=\"og:site_name\" content=\"ELTEN GmbH\" \/>\n<meta property=\"article:modified_time\" content=\"2024-03-19T11:21:32+00:00\" \/>\n<meta name=\"twitter:card\" content=\"summary_large_image\" \/>\n<meta name=\"twitter:label1\" content=\"Ansl. lesetid\" \/>\n\t<meta name=\"twitter:data1\" content=\"2 minutter\" \/>\n<script type=\"application\/ld+json\" class=\"yoast-schema-graph\">{\"@context\":\"https:\/\/schema.org\",\"@graph\":[{\"@type\":\"WebPage\",\"@id\":\"https:\/\/elten.com\/no\/home\/om-oss\/\",\"url\":\"https:\/\/elten.com\/no\/home\/om-oss\/\",\"name\":\"Om oss - ELTEN GmbH\",\"isPartOf\":{\"@id\":\"https:\/\/elten.com\/no\/#website\"},\"datePublished\":\"2023-11-13T14:10:04+00:00\",\"dateModified\":\"2024-03-19T11:21:32+00:00\",\"breadcrumb\":{\"@id\":\"https:\/\/elten.com\/no\/home\/om-oss\/#breadcrumb\"},\"inLanguage\":\"nb-NO\",\"potentialAction\":[{\"@type\":\"ReadAction\",\"target\":[\"https:\/\/elten.com\/no\/home\/om-oss\/\"]}]},{\"@type\":\"BreadcrumbList\",\"@id\":\"https:\/\/elten.com\/no\/home\/om-oss\/#breadcrumb\",\"itemListElement\":[{\"@type\":\"ListItem\",\"position\":1,\"name\":\"Startseite\",\"item\":\"https:\/\/elten.com\/no\/\"},{\"@type\":\"ListItem\",\"position\":2,\"name\":\"Home\",\"item\":\"https:\/\/elten.com\/no\/\"},{\"@type\":\"ListItem\",\"position\":3,\"name\":\"Om oss\"}]},{\"@type\":\"WebSite\",\"@id\":\"https:\/\/elten.com\/no\/#website\",\"url\":\"https:\/\/elten.com\/no\/\",\"name\":\"ELTEN GmbH\",\"description\":\"Sicherheitsschuhe | Arbeitsschuhe | LOWA WORK COLLECTION | ELTEN GmbH\",\"potentialAction\":[{\"@type\":\"SearchAction\",\"target\":{\"@type\":\"EntryPoint\",\"urlTemplate\":\"https:\/\/elten.com\/no\/?s={search_term_string}\"},\"query-input\":\"required name=search_term_string\"}],\"inLanguage\":\"nb-NO\"}]}<\/script>\n<!-- \/ Yoast SEO Premium plugin. -->","yoast_head_json":{"title":"Om oss - ELTEN GmbH","robots":{"index":"index","follow":"follow","max-snippet":"max-snippet:-1","max-image-preview":"max-image-preview:large","max-video-preview":"max-video-preview:-1"},"canonical":"https:\/\/elten.com\/no\/home\/om-oss\/","og_locale":"nb_NO","og_type":"article","og_title":"Om oss","og_url":"https:\/\/elten.com\/no\/home\/om-oss\/","og_site_name":"ELTEN GmbH","article_modified_time":"2024-03-19T11:21:32+00:00","twitter_card":"summary_large_image","twitter_misc":{"Ansl. lesetid":"2 minutter"},"schema":{"@context":"https:\/\/schema.org","@graph":[{"@type":"WebPage","@id":"https:\/\/elten.com\/no\/home\/om-oss\/","url":"https:\/\/elten.com\/no\/home\/om-oss\/","name":"Om oss - ELTEN GmbH","isPartOf":{"@id":"https:\/\/elten.com\/no\/#website"},"datePublished":"2023-11-13T14:10:04+00:00","dateModified":"2024-03-19T11:21:32+00:00","breadcrumb":{"@id":"https:\/\/elten.com\/no\/home\/om-oss\/#breadcrumb"},"inLanguage":"nb-NO","potentialAction":[{"@type":"ReadAction","target":["https:\/\/elten.com\/no\/home\/om-oss\/"]}]},{"@type":"BreadcrumbList","@id":"https:\/\/elten.com\/no\/home\/om-oss\/#breadcrumb","itemListElement":[{"@type":"ListItem","position":1,"name":"Startseite","item":"https:\/\/elten.com\/no\/"},{"@type":"ListItem","position":2,"name":"Home","item":"https:\/\/elten.com\/no\/"},{"@type":"ListItem","position":3,"name":"Om oss"}]},{"@type":"WebSite","@id":"https:\/\/elten.com\/no\/#website","url":"https:\/\/elten.com\/no\/","name":"ELTEN GmbH","description":"Sicherheitsschuhe | Arbeitsschuhe | LOWA WORK COLLECTION | ELTEN GmbH","potentialAction":[{"@type":"SearchAction","target":{"@type":"EntryPoint","urlTemplate":"https:\/\/elten.com\/no\/?s={search_term_string}"},"query-input":"required name=search_term_string"}],"inLanguage":"nb-NO"}]}},"_links":{"self":[{"href":"https:\/\/elten.com\/no\/wp-json\/wp\/v2\/pages\/360204","targetHints":{"allow":["GET"]}}],"collection":[{"href":"https:\/\/elten.com\/no\/wp-json\/wp\/v2\/pages"}],"about":[{"href":"https:\/\/elten.com\/no\/wp-json\/wp\/v2\/types\/page"}],"author":[{"embeddable":true,"href":"https:\/\/elten.com\/no\/wp-json\/wp\/v2\/users\/2"}],"replies":[{"embeddable":true,"href":"https:\/\/elten.com\/no\/wp-json\/wp\/v2\/comments?post=360204"}],"version-history":[{"count":3,"href":"https:\/\/elten.com\/no\/wp-json\/wp\/v2\/pages\/360204\/revisions"}],"predecessor-version":[{"id":376883,"href":"https:\/\/elten.com\/no\/wp-json\/wp\/v2\/pages\/360204\/revisions\/376883"}],"up":[{"embeddable":true,"href":"https:\/\/elten.com\/no\/wp-json\/wp\/v2\/pages\/274605"}],"wp:attachment":[{"href":"https:\/\/elten.com\/no\/wp-json\/wp\/v2\/media?parent=360204"}],"wp:term":[{"taxonomy":"category","embeddable":true,"href":"https:\/\/elten.com\/no\/wp-json\/wp\/v2\/categories?post=360204"},{"taxonomy":"post_tag","embeddable":true,"href":"https:\/\/elten.com\/no\/wp-json\/wp\/v2\/tags?post=360204"}],"curies":[{"name":"wp","href":"https:\/\/api.w.org\/{rel}","templated":true}]}}