{"id":365210,"date":"2023-12-20T14:44:19","date_gmt":"2023-12-20T13:44:19","guid":{"rendered":"https:\/\/elten.com\/?page_id=365210"},"modified":"2024-09-20T11:07:44","modified_gmt":"2024-09-20T09:07:44","slug":"iso-sertifikat","status":"publish","type":"page","link":"https:\/\/elten.com\/no\/iso-sertifikat\/","title":{"rendered":"ISO Sertifikat"},"content":{"rendered":"<div  class='flex_column av-f3smk9o-1d71300713f2706e551446d4aad87262 av_one_full  avia-builder-el-0  el_before_av_one_full  avia-builder-el-first  first flex_column_div  '     ><p>\n<style type=\"text\/css\" data-created_by=\"avia_inline_auto\" id=\"style-css-av-lmac3q7c-a8a0fc37acf96a99a7d99f7b24a397fc\">\n#top .av-special-heading.av-lmac3q7c-a8a0fc37acf96a99a7d99f7b24a397fc{\npadding-bottom:10px;\n}\nbody .av-special-heading.av-lmac3q7c-a8a0fc37acf96a99a7d99f7b24a397fc .av-special-heading-tag .heading-char{\nfont-size:25px;\n}\n.av-special-heading.av-lmac3q7c-a8a0fc37acf96a99a7d99f7b24a397fc .av-subheading{\nfont-size:15px;\n}\n<\/style>\n<div  class='av-special-heading av-lmac3q7c-a8a0fc37acf96a99a7d99f7b24a397fc av-special-heading-h2  avia-builder-el-1  el_before_av_textblock  avia-builder-el-first  el-no-float'><h2 class='av-special-heading-tag'  itemprop=\"headline\"  >ISO Sertifikat 9001 og 14001<\/h2><div class=\"special-heading-border\"><div class=\"special-heading-inner-border\"><\/div><\/div><\/div><br \/>\n<section  class='av_textblock_section av-lmac5spc-314c0d1d16f3a65ca4fcf888098b81e2 '   itemscope=\"itemscope\" itemtype=\"https:\/\/schema.org\/CreativeWork\" ><div class='avia_textblock'  itemprop=\"text\" ><p>Elten GmbH orienterer seg rundt menneskers behov og tilbyr dem fotbeskyttelse, sikkerhet og komfort, med en god kvalitet. Utover dette, ser vi ogs\u00e5 p\u00e5 \u00f8kologiske aspekter som forpliktende, og \u00f8nsker en sk\u00e5nsom omgang med omverdenen og resursene.<br \/>\nVed \u00e5 etterkomme DIN EN ISO 9001 (Kvalitet) og DIN EN ISO 14001 (Milj\u00f8vern) i v\u00e5re sertifiserte forvaltningssystemer, fremmer vi kontinuerlig forbedring av v\u00e5re interne prosesser, for \u00e5 fremstille produkt med en h\u00f8y kvalitet, for \u00e5 yte tjenester til kunden og for optimering av v\u00e5re milj\u00f8vernstiltak.<\/p>\n<\/div><\/section><\/p><\/div>\n<div  class='flex_column av-6841kt8-fb57e77fc6809df5e58643b47b0bd7d9 av_one_full  avia-builder-el-3  el_after_av_one_full  avia-builder-el-last  first flex_column_div  column-top-margin'     ><form action=\"https:\/\/elten.com\/no\/iso-sertifikat\/\" method=\"post\" data-fields-with-error=\"Found errors in the following field(s):\" class=\"avia_ajax_form av-form-labels-visible   avia-builder-el-4  avia-builder-el-no-sibling   \" data-avia-form-id=\"1\" data-avia-redirect='https:\/\/elten.com\/no\/iso-sertifikat\/iso-sertifikat-download\/' ><h3 class=''>Last ned ISO sertifikatene n\u00e5<\/h3><fieldset><p class='  first_form  form_element form_element_third' id='element_avia_1_1'><label for=\"avia_1_1\">Tittel <abbr class=\"required\" title=\"required\">*<\/abbr><\/label> <input name=\"avia_1_1\" class=\"text_input is_empty\" type=\"text\" id=\"avia_1_1\" value=\"\" \/><\/p><p class='  form_element form_element_third' id='element_avia_2_1'><label for=\"avia_2_1\">Fornavn <abbr class=\"required\" title=\"required\">*<\/abbr><\/label> <input name=\"avia_2_1\" class=\"text_input is_empty\" type=\"text\" id=\"avia_2_1\" value=\"\" \/><\/p><p class='  form_element form_element_third' id='element_avia_3_1'><label for=\"avia_3_1\">Etternavn <abbr class=\"required\" title=\"required\">*<\/abbr><\/label> <input name=\"avia_3_1\" class=\"text_input is_empty\" type=\"text\" id=\"avia_3_1\" value=\"\" \/><\/p><p class='  first_form  form_element form_element_half' id='element_avia_4_1'><label for=\"avia_4_1\">Foretak <abbr class=\"required\" title=\"required\">*<\/abbr><\/label> <input name=\"avia_4_1\" class=\"text_input is_empty\" type=\"text\" id=\"avia_4_1\" value=\"\" \/><\/p><p class='  form_element form_element_half' id='element_avia_5_1'><label for=\"avia_5_1\">Foretaksst\u00f8rrelse <abbr class=\"required\" title=\"required\">*<\/abbr><\/label><select  name=\"avia_5_1\" class=\"select is_empty\" id=\"avia_5_1\"><option  selected=\"selected\" value=''><\/option><option   value='&lt; 50 employees'>&lt; 50 employees<\/option><option   value='51 - 500 employees'>51 - 500 employees<\/option><option   value='501 - 1500 employees'>501 - 1500 employees<\/option><option   value='&gt;1500 employees'>&gt;1500 employees<\/option><\/select><\/p><p class='  first_form  form_element form_element_half' id='element_avia_6_1'><label for=\"avia_6_1\">Stilling <abbr class=\"required\" title=\"required\">*<\/abbr><\/label> <input name=\"avia_6_1\" class=\"text_input is_empty\" type=\"text\" id=\"avia_6_1\" value=\"\" \/><\/p><p class='  form_element form_element_half' id='element_avia_7_1'><label for=\"avia_7_1\">Bransje <abbr class=\"required\" title=\"required\">*<\/abbr><\/label> <input name=\"avia_7_1\" class=\"text_input is_empty\" type=\"text\" id=\"avia_7_1\" value=\"\" \/><\/p><p class='  first_form  form_element form_element_half' id='element_avia_8_1'><label for=\"avia_8_1\">E-post <abbr class=\"required\" title=\"required\">*<\/abbr><\/label> <input name=\"avia_8_1\" class=\"text_input is_email\" type=\"text\" id=\"avia_8_1\" value=\"\" \/><\/p><div id='avia_9_1' class='av-form-text'><p>\nJeg er inneforst\u00e5tt med at ELTEN GmbH kan bruke min oppgitte informasjon til \u00e5 ta kontakt og at selskapet kan kontakte meg via E-post, frem til jeg motsier meg dette. Jeg kan til enhver til trekke tilbake denne tillatelsen ovenfor ELTEN GmbH, ogs\u00e5 delvis, via E-post til <a href=\"mailto:service@elten.com\">service@elten.com<\/a> eller via Post, til ELTEN GmbH, Ostwall 7 &#8211; 13, 47589 Uedem. Jeg har lest opplysningene om <a href=\"https:\/\/elten.com\/no\/home\/personvern\/\">personvern<\/a>, og samtykker med disse.<\/p>\n<\/div><p class='  first_form  form_element form_fullwidth' id='element_avia_10_1'><input  name=\"avia_10_1\" class=\"input_checkbox is_empty\" type=\"checkbox\" id=\"avia_10_1\" value=\"true\"\/><label class=\"input_checkbox_label\" for=\"avia_10_1\">Opplysningene om personvern er leste og aksepterte <abbr class=\"required\" title=\"required\">*<\/abbr><\/label><\/p><p class=\"hidden\"><input type=\"text\" name=\"avia_11_1\" class=\"hidden \" id=\"avia_11_1\" value=\"\" \/><\/p><div id='avia_12_1' class='av-recaptcha-area  first_form  form_element form_fullwidth '  data-container_class=\"\" data-custom_class=\"\" data-context=\"av_contact_form\" data-token_input=\"av_recaptcha_token\" data-version=\"avia_recaptcha_v3\" data-theme=\"light\" data-size=\"normal\" data-score=\"0.5\" data-text_to_preview=\"\" data-value=\"\"><div class=\"av-google-badge-message hidden\">This site is protected by reCAPTCHA and the Google <a href=\"https:\/\/policies.google.com\/privacy\">Privacy Policy<\/a> and <a href=\"https:\/\/policies.google.com\/terms\">Terms of Service<\/a> apply.<\/div><\/div><p class=\"form_element \"><input type=\"hidden\" value=\"1\" name=\"avia_generated_form1\" \/><input type=\"submit\" value=\"F\u00c5 PDF\" class=\"button\"  data-sending-label=\"Sending\"\/><\/p><\/fieldset><div class=\"avia-disabled-form\">This contact form is deactivated because you refused to accept Google reCaptcha service which is necessary to validate any messages sent by the form.<\/div><\/form><div id=\"ajaxresponse_1\" class=\"ajaxresponse ajaxresponse_1 hidden\"><\/div><\/div>\n","protected":false},"excerpt":{"rendered":"","protected":false},"author":2,"featured_media":0,"parent":0,"menu_order":0,"comment_status":"closed","ping_status":"closed","template":"","meta":{"footnotes":""},"categories":[5693],"tags":[],"class_list":["post-365210","page","type-page","status-publish","hentry","category-zertifikate-no"],"yoast_head":"<!-- This site is optimized with the Yoast SEO Premium plugin v21.9 (Yoast SEO v21.9.1) - https:\/\/yoast.com\/wordpress\/plugins\/seo\/ -->\n<title>ISO Sertifikat - ELTEN GmbH<\/title>\n<meta name=\"robots\" content=\"index, nofollow, max-snippet:-1, max-image-preview:large, max-video-preview:-1\" \/>\n<link rel=\"canonical\" href=\"https:\/\/elten.com\/no\/iso-sertifikat\/\" \/>\n<meta property=\"og:locale\" content=\"nb_NO\" \/>\n<meta property=\"og:type\" content=\"article\" \/>\n<meta property=\"og:title\" content=\"ISO Sertifikat\" \/>\n<meta property=\"og:url\" content=\"https:\/\/elten.com\/no\/iso-sertifikat\/\" \/>\n<meta property=\"og:site_name\" content=\"ELTEN GmbH\" \/>\n<meta property=\"article:modified_time\" content=\"2024-09-20T09:07:44+00:00\" \/>\n<meta name=\"twitter:card\" content=\"summary_large_image\" \/>\n<meta name=\"twitter:label1\" content=\"Ansl. lesetid\" \/>\n\t<meta name=\"twitter:data1\" content=\"2 minutter\" \/>\n<script type=\"application\/ld+json\" class=\"yoast-schema-graph\">{\"@context\":\"https:\/\/schema.org\",\"@graph\":[{\"@type\":\"WebPage\",\"@id\":\"https:\/\/elten.com\/no\/iso-sertifikat\/\",\"url\":\"https:\/\/elten.com\/no\/iso-sertifikat\/\",\"name\":\"ISO Sertifikat - ELTEN GmbH\",\"isPartOf\":{\"@id\":\"https:\/\/elten.com\/no\/#website\"},\"datePublished\":\"2023-12-20T13:44:19+00:00\",\"dateModified\":\"2024-09-20T09:07:44+00:00\",\"breadcrumb\":{\"@id\":\"https:\/\/elten.com\/no\/iso-sertifikat\/#breadcrumb\"},\"inLanguage\":\"nb-NO\",\"potentialAction\":[{\"@type\":\"ReadAction\",\"target\":[\"https:\/\/elten.com\/no\/iso-sertifikat\/\"]}]},{\"@type\":\"BreadcrumbList\",\"@id\":\"https:\/\/elten.com\/no\/iso-sertifikat\/#breadcrumb\",\"itemListElement\":[{\"@type\":\"ListItem\",\"position\":1,\"name\":\"Startseite\",\"item\":\"https:\/\/elten.com\/no\/\"},{\"@type\":\"ListItem\",\"position\":2,\"name\":\"ISO Sertifikat\"}]},{\"@type\":\"WebSite\",\"@id\":\"https:\/\/elten.com\/no\/#website\",\"url\":\"https:\/\/elten.com\/no\/\",\"name\":\"ELTEN GmbH\",\"description\":\"Sicherheitsschuhe | Arbeitsschuhe | LOWA WORK COLLECTION | ELTEN GmbH\",\"potentialAction\":[{\"@type\":\"SearchAction\",\"target\":{\"@type\":\"EntryPoint\",\"urlTemplate\":\"https:\/\/elten.com\/no\/?s={search_term_string}\"},\"query-input\":\"required name=search_term_string\"}],\"inLanguage\":\"nb-NO\"}]}<\/script>\n<!-- \/ Yoast SEO Premium plugin. -->","yoast_head_json":{"title":"ISO Sertifikat - ELTEN GmbH","robots":{"index":"index","follow":"nofollow","max-snippet":"max-snippet:-1","max-image-preview":"max-image-preview:large","max-video-preview":"max-video-preview:-1"},"canonical":"https:\/\/elten.com\/no\/iso-sertifikat\/","og_locale":"nb_NO","og_type":"article","og_title":"ISO Sertifikat","og_url":"https:\/\/elten.com\/no\/iso-sertifikat\/","og_site_name":"ELTEN GmbH","article_modified_time":"2024-09-20T09:07:44+00:00","twitter_card":"summary_large_image","twitter_misc":{"Ansl. lesetid":"2 minutter"},"schema":{"@context":"https:\/\/schema.org","@graph":[{"@type":"WebPage","@id":"https:\/\/elten.com\/no\/iso-sertifikat\/","url":"https:\/\/elten.com\/no\/iso-sertifikat\/","name":"ISO Sertifikat - ELTEN GmbH","isPartOf":{"@id":"https:\/\/elten.com\/no\/#website"},"datePublished":"2023-12-20T13:44:19+00:00","dateModified":"2024-09-20T09:07:44+00:00","breadcrumb":{"@id":"https:\/\/elten.com\/no\/iso-sertifikat\/#breadcrumb"},"inLanguage":"nb-NO","potentialAction":[{"@type":"ReadAction","target":["https:\/\/elten.com\/no\/iso-sertifikat\/"]}]},{"@type":"BreadcrumbList","@id":"https:\/\/elten.com\/no\/iso-sertifikat\/#breadcrumb","itemListElement":[{"@type":"ListItem","position":1,"name":"Startseite","item":"https:\/\/elten.com\/no\/"},{"@type":"ListItem","position":2,"name":"ISO Sertifikat"}]},{"@type":"WebSite","@id":"https:\/\/elten.com\/no\/#website","url":"https:\/\/elten.com\/no\/","name":"ELTEN GmbH","description":"Sicherheitsschuhe | Arbeitsschuhe | LOWA WORK COLLECTION | ELTEN GmbH","potentialAction":[{"@type":"SearchAction","target":{"@type":"EntryPoint","urlTemplate":"https:\/\/elten.com\/no\/?s={search_term_string}"},"query-input":"required name=search_term_string"}],"inLanguage":"nb-NO"}]}},"_links":{"self":[{"href":"https:\/\/elten.com\/no\/wp-json\/wp\/v2\/pages\/365210","targetHints":{"allow":["GET"]}}],"collection":[{"href":"https:\/\/elten.com\/no\/wp-json\/wp\/v2\/pages"}],"about":[{"href":"https:\/\/elten.com\/no\/wp-json\/wp\/v2\/types\/page"}],"author":[{"embeddable":true,"href":"https:\/\/elten.com\/no\/wp-json\/wp\/v2\/users\/2"}],"replies":[{"embeddable":true,"href":"https:\/\/elten.com\/no\/wp-json\/wp\/v2\/comments?post=365210"}],"version-history":[{"count":3,"href":"https:\/\/elten.com\/no\/wp-json\/wp\/v2\/pages\/365210\/revisions"}],"predecessor-version":[{"id":387109,"href":"https:\/\/elten.com\/no\/wp-json\/wp\/v2\/pages\/365210\/revisions\/387109"}],"wp:attachment":[{"href":"https:\/\/elten.com\/no\/wp-json\/wp\/v2\/media?parent=365210"}],"wp:term":[{"taxonomy":"category","embeddable":true,"href":"https:\/\/elten.com\/no\/wp-json\/wp\/v2\/categories?post=365210"},{"taxonomy":"post_tag","embeddable":true,"href":"https:\/\/elten.com\/no\/wp-json\/wp\/v2\/tags?post=365210"}],"curies":[{"name":"wp","href":"https:\/\/api.w.org\/{rel}","templated":true}]}}