{"id":402278,"date":"2025-08-27T13:23:45","date_gmt":"2025-08-27T11:23:45","guid":{"rendered":"https:\/\/elten.com\/?page_id=402278"},"modified":"2025-08-27T13:23:45","modified_gmt":"2025-08-27T11:23:45","slug":"reparaturservice-fra-elten","status":"publish","type":"page","link":"https:\/\/elten.com\/no\/reparaturservice-fra-elten\/","title":{"rendered":"Reparaturservice fra ELTEN"},"content":{"rendered":"\n<style type=\"text\/css\" data-created_by=\"avia_inline_auto\" id=\"style-css-av-lmomkxon-1155554ec9c571f372b7a7b9b2b32354\">\n#top .av-special-heading.av-lmomkxon-1155554ec9c571f372b7a7b9b2b32354{\npadding-bottom:10px;\n}\nbody .av-special-heading.av-lmomkxon-1155554ec9c571f372b7a7b9b2b32354 .av-special-heading-tag .heading-char{\nfont-size:25px;\n}\n.av-special-heading.av-lmomkxon-1155554ec9c571f372b7a7b9b2b32354 .av-subheading{\nfont-size:15px;\n}\n<\/style>\n<div  class='av-special-heading av-lmomkxon-1155554ec9c571f372b7a7b9b2b32354 av-special-heading-h2 blockquote modern-quote  avia-builder-el-0  el_before_av_textblock  avia-builder-el-first '><h2 class='av-special-heading-tag'  itemprop=\"headline\"  >Reparaturservice fra ELTEN GmbH \u2013 For din sikkerhet i bruk<\/h2><div class=\"special-heading-border\"><div class=\"special-heading-inner-border\"><\/div><\/div><\/div>\n<section  class='av_textblock_section av-lmomn6yx-61fb9cf1341a37930c7af942f6c36e06 '   itemscope=\"itemscope\" itemtype=\"https:\/\/schema.org\/CreativeWork\" ><div class='avia_textblock'  itemprop=\"text\" ><p>Sikkerhet er v\u00e5r h\u00f8yeste prioritet. Derfor m\u00e5 fotbeskyttelsen din til enhver tid oppfylle kravene i PPE-forskriften og gi deg den garanterte beskyttelsen du har krav p\u00e5. En reparasjon m\u00e5 ikke p\u00e5virke skoenes beskyttende funksjon. Ved sterk slitasje eller skader for\u00e5rsaket av ytre p\u00e5virkninger er det vanligvis ikke mulig \u00e5 reparere produktet. I slike tilfeller anbefaler vi \u00e5 bytte det ut med en nytt produkt.<\/p>\n<\/div><\/section>\n<div  class='flex_column av-2eanlg-deb00ca4453a265a8602c122c1b4dc63 av_one_full  avia-builder-el-2  el_after_av_textblock  el_before_av_hr  first flex_column_div  column-top-margin'     ><p>\n<style type=\"text\/css\" data-created_by=\"avia_inline_auto\" id=\"style-css-av-lmompi9p-776e402d8cc61f6f94e83a12a8b826db\">\n#top .av-special-heading.av-lmompi9p-776e402d8cc61f6f94e83a12a8b826db{\npadding-bottom:10px;\n}\nbody .av-special-heading.av-lmompi9p-776e402d8cc61f6f94e83a12a8b826db .av-special-heading-tag .heading-char{\nfont-size:25px;\n}\n.av-special-heading.av-lmompi9p-776e402d8cc61f6f94e83a12a8b826db .av-subheading{\nfont-size:15px;\n}\n<\/style>\n<div  id=\"reflexmaterial\"  class='av-special-heading av-lmompi9p-776e402d8cc61f6f94e83a12a8b826db av-special-heading-h3 blockquote modern-quote  avia-builder-el-3  el_before_av_textblock  avia-builder-el-first '><h3 class='av-special-heading-tag'  itemprop=\"headline\"  >V\u00c5RT REPARASJONSTILBUD<\/h3><div class=\"special-heading-border\"><div class=\"special-heading-inner-border\"><\/div><\/div><\/div><br \/>\n<section  class='av_textblock_section av-lmompt2s-b61b25786df5d1d2195733353c64303b '   itemscope=\"itemscope\" itemtype=\"https:\/\/schema.org\/CreativeWork\" ><div class='avia_textblock'  itemprop=\"text\" ><p><strong>Reparasjonssett for mindre reparasjoner som du kan utf\u00f8re selv<\/strong><\/p>\n<p>For enkle reparasjoner tilbyr vi praktiske reparasjonssett. Med dette kan du for eksempel selv skifte ut <a href=\"https:\/\/elten.com\/no\/produktgrupper\/tilbehor\/\">lisser, innleggss\u00e5ler, glidel\u00e5ser osv<\/a>. Informasjon om hvordan du selv kan reparere et<a href=\"https:\/\/elten.com\/no\/teknologi\/boa-fit-system\/\"> BOA\u00ae Fit System<\/a> finner du p\u00e5 v\u00e5r hjemmeside.<\/p>\n<p><strong>Fagmessige reparasjoner utf\u00f8rt av v\u00e5rt team<\/strong><\/p>\n<p>Har du sp\u00f8rsm\u00e5l om andre reparasjonsmuligheter? V\u00e5rt serviceteam hjelper deg gjerne videre. Bare kontakt oss \u2013 vi gir deg individuell og kompetent r\u00e5dgivning.<\/p>\n<\/div><\/section><\/p><\/div>\n<style type=\"text\/css\" data-created_by=\"avia_inline_auto\" id=\"style-css-av-mcej6jyp-bc2690f0de6634259dc5821ae55cb48e\">\n#top .hr.hr-invisible.av-mcej6jyp-bc2690f0de6634259dc5821ae55cb48e{\nheight:150px;\n}\n<\/style>\n<div  class='hr av-mcej6jyp-bc2690f0de6634259dc5821ae55cb48e hr-invisible  avia-builder-el-5  el_after_av_one_full  avia-builder-el-last  av-small-hide av-mini-hide'><span class='hr-inner '><span class=\"hr-inner-style\"><\/span><\/span><\/div><\/p>\n","protected":false},"excerpt":{"rendered":"","protected":false},"author":3,"featured_media":0,"parent":0,"menu_order":70,"comment_status":"closed","ping_status":"closed","template":"","meta":{"footnotes":""},"categories":[583],"tags":[],"class_list":["post-402278","page","type-page","status-publish","hentry","category-technologie-no"],"yoast_head":"<!-- This site is optimized with the Yoast SEO Premium plugin v21.9 (Yoast SEO v21.9.1) - https:\/\/yoast.com\/wordpress\/plugins\/seo\/ -->\n<title>Reparaturservice fra ELTEN - ELTEN GmbH<\/title>\n<meta name=\"robots\" content=\"index, nofollow, max-snippet:-1, max-image-preview:large, max-video-preview:-1\" \/>\n<link rel=\"canonical\" href=\"https:\/\/elten.com\/no\/reparaturservice-fra-elten\/\" \/>\n<meta property=\"og:locale\" content=\"nb_NO\" \/>\n<meta property=\"og:type\" content=\"article\" \/>\n<meta property=\"og:title\" content=\"Reparaturservice fra ELTEN\" \/>\n<meta property=\"og:url\" content=\"https:\/\/elten.com\/no\/reparaturservice-fra-elten\/\" \/>\n<meta property=\"og:site_name\" content=\"ELTEN GmbH\" \/>\n<meta name=\"twitter:card\" content=\"summary_large_image\" \/>\n<meta name=\"twitter:label1\" content=\"Ansl. lesetid\" \/>\n\t<meta name=\"twitter:data1\" content=\"1 minutt\" \/>\n<script type=\"application\/ld+json\" class=\"yoast-schema-graph\">{\"@context\":\"https:\/\/schema.org\",\"@graph\":[{\"@type\":\"WebPage\",\"@id\":\"https:\/\/elten.com\/no\/reparaturservice-fra-elten\/\",\"url\":\"https:\/\/elten.com\/no\/reparaturservice-fra-elten\/\",\"name\":\"Reparaturservice fra ELTEN - ELTEN GmbH\",\"isPartOf\":{\"@id\":\"https:\/\/elten.com\/no\/#website\"},\"datePublished\":\"2025-08-27T11:23:45+00:00\",\"dateModified\":\"2025-08-27T11:23:45+00:00\",\"breadcrumb\":{\"@id\":\"https:\/\/elten.com\/no\/reparaturservice-fra-elten\/#breadcrumb\"},\"inLanguage\":\"nb-NO\",\"potentialAction\":[{\"@type\":\"ReadAction\",\"target\":[\"https:\/\/elten.com\/no\/reparaturservice-fra-elten\/\"]}]},{\"@type\":\"BreadcrumbList\",\"@id\":\"https:\/\/elten.com\/no\/reparaturservice-fra-elten\/#breadcrumb\",\"itemListElement\":[{\"@type\":\"ListItem\",\"position\":1,\"name\":\"Startseite\",\"item\":\"https:\/\/elten.com\/no\/\"},{\"@type\":\"ListItem\",\"position\":2,\"name\":\"Reparaturservice fra ELTEN\"}]},{\"@type\":\"WebSite\",\"@id\":\"https:\/\/elten.com\/no\/#website\",\"url\":\"https:\/\/elten.com\/no\/\",\"name\":\"ELTEN GmbH\",\"description\":\"Sicherheitsschuhe | Arbeitsschuhe | LOWA WORK COLLECTION | ELTEN GmbH\",\"potentialAction\":[{\"@type\":\"SearchAction\",\"target\":{\"@type\":\"EntryPoint\",\"urlTemplate\":\"https:\/\/elten.com\/no\/?s={search_term_string}\"},\"query-input\":\"required name=search_term_string\"}],\"inLanguage\":\"nb-NO\"}]}<\/script>\n<!-- \/ Yoast SEO Premium plugin. -->","yoast_head_json":{"title":"Reparaturservice fra ELTEN - ELTEN GmbH","robots":{"index":"index","follow":"nofollow","max-snippet":"max-snippet:-1","max-image-preview":"max-image-preview:large","max-video-preview":"max-video-preview:-1"},"canonical":"https:\/\/elten.com\/no\/reparaturservice-fra-elten\/","og_locale":"nb_NO","og_type":"article","og_title":"Reparaturservice fra ELTEN","og_url":"https:\/\/elten.com\/no\/reparaturservice-fra-elten\/","og_site_name":"ELTEN GmbH","twitter_card":"summary_large_image","twitter_misc":{"Ansl. lesetid":"1 minutt"},"schema":{"@context":"https:\/\/schema.org","@graph":[{"@type":"WebPage","@id":"https:\/\/elten.com\/no\/reparaturservice-fra-elten\/","url":"https:\/\/elten.com\/no\/reparaturservice-fra-elten\/","name":"Reparaturservice fra ELTEN - ELTEN GmbH","isPartOf":{"@id":"https:\/\/elten.com\/no\/#website"},"datePublished":"2025-08-27T11:23:45+00:00","dateModified":"2025-08-27T11:23:45+00:00","breadcrumb":{"@id":"https:\/\/elten.com\/no\/reparaturservice-fra-elten\/#breadcrumb"},"inLanguage":"nb-NO","potentialAction":[{"@type":"ReadAction","target":["https:\/\/elten.com\/no\/reparaturservice-fra-elten\/"]}]},{"@type":"BreadcrumbList","@id":"https:\/\/elten.com\/no\/reparaturservice-fra-elten\/#breadcrumb","itemListElement":[{"@type":"ListItem","position":1,"name":"Startseite","item":"https:\/\/elten.com\/no\/"},{"@type":"ListItem","position":2,"name":"Reparaturservice fra ELTEN"}]},{"@type":"WebSite","@id":"https:\/\/elten.com\/no\/#website","url":"https:\/\/elten.com\/no\/","name":"ELTEN GmbH","description":"Sicherheitsschuhe | Arbeitsschuhe | LOWA WORK COLLECTION | ELTEN GmbH","potentialAction":[{"@type":"SearchAction","target":{"@type":"EntryPoint","urlTemplate":"https:\/\/elten.com\/no\/?s={search_term_string}"},"query-input":"required name=search_term_string"}],"inLanguage":"nb-NO"}]}},"_links":{"self":[{"href":"https:\/\/elten.com\/no\/wp-json\/wp\/v2\/pages\/402278","targetHints":{"allow":["GET"]}}],"collection":[{"href":"https:\/\/elten.com\/no\/wp-json\/wp\/v2\/pages"}],"about":[{"href":"https:\/\/elten.com\/no\/wp-json\/wp\/v2\/types\/page"}],"author":[{"embeddable":true,"href":"https:\/\/elten.com\/no\/wp-json\/wp\/v2\/users\/3"}],"replies":[{"embeddable":true,"href":"https:\/\/elten.com\/no\/wp-json\/wp\/v2\/comments?post=402278"}],"version-history":[{"count":3,"href":"https:\/\/elten.com\/no\/wp-json\/wp\/v2\/pages\/402278\/revisions"}],"predecessor-version":[{"id":405691,"href":"https:\/\/elten.com\/no\/wp-json\/wp\/v2\/pages\/402278\/revisions\/405691"}],"wp:attachment":[{"href":"https:\/\/elten.com\/no\/wp-json\/wp\/v2\/media?parent=402278"}],"wp:term":[{"taxonomy":"category","embeddable":true,"href":"https:\/\/elten.com\/no\/wp-json\/wp\/v2\/categories?post=402278"},{"taxonomy":"post_tag","embeddable":true,"href":"https:\/\/elten.com\/no\/wp-json\/wp\/v2\/tags?post=402278"}],"curies":[{"name":"wp","href":"https:\/\/api.w.org\/{rel}","templated":true}]}}