{"id":423464,"date":"2026-04-10T10:00:05","date_gmt":"2026-04-10T08:00:05","guid":{"rendered":"https:\/\/elten.com\/?page_id=423464"},"modified":"2026-04-13T08:58:53","modified_gmt":"2026-04-13T06:58:53","slug":"retro","status":"publish","type":"page","link":"https:\/\/elten.com\/no\/produktgrupper\/retro\/","title":{"rendered":"RETRO"},"content":{"rendered":"<div id='av-layout-grid-1'  class='av-layout-grid-container av-1t3bvx5s-80d232a77f95468c8108f678a6ed0234 entry-content-wrapper main_color av-flex-cells  avia-builder-el-0  el_before_av_one_full  avia-builder-el-first  el-produktgruppen-head  container_wrap sidebar_right'  >\n\n<style type=\"text\/css\" data-created_by=\"avia_inline_auto\" id=\"style-css-av-1pszzfts-4468bfbf76693db928829b66062a0413\">\n.flex_cell.av-1pszzfts-4468bfbf76693db928829b66062a0413{\nvertical-align:top;\n}\n.responsive #top #wrap_all .flex_cell.av-1pszzfts-4468bfbf76693db928829b66062a0413{\npadding:0px 0px 0px 0px !important;\n}\n<\/style>\n<div class='flex_cell av-1pszzfts-4468bfbf76693db928829b66062a0413 av-gridrow-cell av_one_third no_margin  avia-builder-el-1  el_before_av_cell_one_third  avia-builder-el-first  av-zero-padding'  ><div class='flex_cell_inner'><p><section  class='av_textblock_section av-lm61bgl4-2cb868d023bdac55845943cf101a1420 '   itemscope=\"itemscope\" itemtype=\"https:\/\/schema.org\/CreativeWork\" ><div class='avia_textblock'  itemprop=\"text\" ><p><img loading=\"lazy\" decoding=\"async\" class=\"alignnone size-full wp-image-423537\" src=\"https:\/\/elten.com\/wp-content\/uploads\/2026\/03\/Retro-01-720635-OTTO-GREEN-LOW-ESD-S1-NO.jpg\" alt=\"ELTEN RETRO 720635-OTTO-GREEN-LOW-ESD-S1\" width=\"750\" height=\"750\" \/><\/p>\n<\/div><\/section><br \/>\n<section  class='av_textblock_section av-lm61c6pn-13c4a65a001aedfabc5f857bfdd539d5 '   itemscope=\"itemscope\" itemtype=\"https:\/\/schema.org\/CreativeWork\" ><div class='av-small-hide av-mini-hide avia_textblock'  itemprop=\"text\" ><p><img loading=\"lazy\" decoding=\"async\" src=\"https:\/\/elten.com\/wp-content\/uploads\/2026\/03\/Retro-02-720611-OTTO-WHITE-LOW-ESD-S1PS.jpg\" alt=\"720611-OTTO-WHITE-LOW-ESD-S1PS\" width=\"750\" height=\"375\" \/><\/p>\n<\/div><\/section><\/p>\n<\/div><\/div>\n<style type=\"text\/css\" data-created_by=\"avia_inline_auto\" id=\"style-css-av-1lr9jp40-6663f9376a15d1466b3a64a23e036c4c\">\n.flex_cell.av-1lr9jp40-6663f9376a15d1466b3a64a23e036c4c{\nvertical-align:top;\n}\n.responsive #top #wrap_all .flex_cell.av-1lr9jp40-6663f9376a15d1466b3a64a23e036c4c{\npadding:0px 0px 0px 0px !important;\n}\n<\/style>\n<div class='flex_cell av-1lr9jp40-6663f9376a15d1466b3a64a23e036c4c av-gridrow-cell av_one_third no_margin av-hide-on-mobile  avia-builder-el-4  el_after_av_cell_one_third  el_before_av_cell_one_third  av-zero-padding'  ><div class='flex_cell_inner'><p><section  class='av_textblock_section av-lm61das9-4b042bc918ba41695bc54d51bb04307d '   itemscope=\"itemscope\" itemtype=\"https:\/\/schema.org\/CreativeWork\" ><div class='avia_textblock el-half-width-images'  itemprop=\"text\" ><p><img loading=\"lazy\" decoding=\"async\" src=\"https:\/\/elten.com\/wp-content\/uploads\/2026\/03\/Retro-03-720611-OTTO-WHITE-LOW-ESD-S1PS.jpg\" alt=\"720611-OTTO-WHITE-LOW-ESD-S1PS\" width=\"318\" height=\"318\" \/><img loading=\"lazy\" decoding=\"async\" src=\"https:\/\/elten.com\/wp-content\/uploads\/2026\/03\/Retro-04-720611-OTTO-WHITE-LOW-ESD-S1PS.jpg\" alt=\"720611-OTTO-WHITE-LOW-ESD-S1PS\" width=\"318\" height=\"318\" \/><\/p>\n<\/div><\/section><br \/>\n<section  class='av_textblock_section av-lm61e4c4-742e6e0f439e58ae08a0634bdb57f70a '   itemscope=\"itemscope\" itemtype=\"https:\/\/schema.org\/CreativeWork\" ><div class='avia_textblock'  itemprop=\"text\" ><p><img loading=\"lazy\" decoding=\"async\" src=\"https:\/\/elten.com\/wp-content\/uploads\/2026\/03\/Retro-05-720635-OTTO-GREEN-LOW-ESD-S1.jpg\" alt=\"720635-OTTO-GREEN-LOW-ESD-S1\" width=\"750\" height=\"750\" \/><\/p>\n<\/div><\/section><\/p>\n<\/div><\/div>\n<style type=\"text\/css\" data-created_by=\"avia_inline_auto\" id=\"style-css-av-1fsyosbk-a6d11c7f4f7fc89f543393c407c2e110\">\n.flex_cell.av-1fsyosbk-a6d11c7f4f7fc89f543393c407c2e110{\nvertical-align:top;\n}\n.responsive #top #wrap_all .flex_cell.av-1fsyosbk-a6d11c7f4f7fc89f543393c407c2e110{\npadding:0px 0px 0px 0px !important;\n}\n<\/style>\n<div class='flex_cell av-1fsyosbk-a6d11c7f4f7fc89f543393c407c2e110 av-gridrow-cell av_one_third no_margin av-hide-on-mobile  avia-builder-el-7  el_after_av_cell_one_third  avia-builder-el-last  av-zero-padding'  ><div class='flex_cell_inner'><p><section  class='av_textblock_section av-lm61fa1q-1a58eb634b611ff2f24852282099d7ba '   itemscope=\"itemscope\" itemtype=\"https:\/\/schema.org\/CreativeWork\" ><div class='avia_textblock'  itemprop=\"text\" ><p><img loading=\"lazy\" decoding=\"async\" class=\"alignnone size-full wp-image-423063\" src=\"https:\/\/elten.com\/wp-content\/uploads\/2026\/03\/Retro-06-720611-OTTO-WHITE-LOW-ESD-S1PS.jpg\" alt=\"720611-OTTO-WHITE-LOW-ESD-S1PS\" width=\"750\" height=\"750\" srcset=\"https:\/\/elten.com\/wp-content\/uploads\/2026\/03\/Retro-06-720611-OTTO-WHITE-LOW-ESD-S1PS.jpg 750w, https:\/\/elten.com\/wp-content\/uploads\/2026\/03\/Retro-06-720611-OTTO-WHITE-LOW-ESD-S1PS-300x300.jpg 300w, https:\/\/elten.com\/wp-content\/uploads\/2026\/03\/Retro-06-720611-OTTO-WHITE-LOW-ESD-S1PS-80x80.jpg 80w, https:\/\/elten.com\/wp-content\/uploads\/2026\/03\/Retro-06-720611-OTTO-WHITE-LOW-ESD-S1PS-36x36.jpg 36w, https:\/\/elten.com\/wp-content\/uploads\/2026\/03\/Retro-06-720611-OTTO-WHITE-LOW-ESD-S1PS-180x180.jpg 180w, https:\/\/elten.com\/wp-content\/uploads\/2026\/03\/Retro-06-720611-OTTO-WHITE-LOW-ESD-S1PS-705x705.jpg 705w\" sizes=\"auto, (max-width: 750px) 100vw, 750px\" \/><\/p>\n<\/div><\/section><br \/>\n<section  class='av_textblock_section av-mmw6htr2-a7b22547189603ed799e85ad36ab686c '   itemscope=\"itemscope\" itemtype=\"https:\/\/schema.org\/CreativeWork\" ><div class='avia_textblock el-half-width-images'  itemprop=\"text\" ><p><img loading=\"lazy\" decoding=\"async\" src=\"https:\/\/elten.com\/wp-content\/uploads\/2026\/03\/Retro-07-720635-OTTO-GREEN-LOW-ESD-S1.jpg\" alt=\"720635-OTTO-GREEN-LOW-ESD-S1\" width=\"318\" height=\"318\" \/><img loading=\"lazy\" decoding=\"async\" src=\"https:\/\/elten.com\/wp-content\/uploads\/2026\/03\/Retro-08-720635-OTTO-GREEN-LOW-ESD-S1.jpg\" alt=\"720635-OTTO-GREEN-LOW-ESD-S1\" width=\"318\" height=\"318\" \/><\/p>\n<\/div><\/section><\/p>\n<\/div><\/div><\/div><div id='after_grid_row_1'  class='main_color av_default_container_wrap container_wrap sidebar_right'  ><div class='container av-section-cont-open' ><div class='template-page content  av-content-small alpha units'><div class='post-entry post-entry-type-page post-entry-423464'><div class='entry-content-wrapper clearfix'><div  class='flex_column av-16ycsz6o-f06c98ac88a37a15051a2a145856f0fe av_one_full  avia-builder-el-10  el_after_av_layout_row  el_before_av_one_full  avia-builder-el-first  first flex_column_div  '     ><p>\n<style type=\"text\/css\" data-created_by=\"avia_inline_auto\" id=\"style-css-av-11q8f90g-43f8d3e087041286aa0101a66f94a14d\">\n#top .av-special-heading.av-11q8f90g-43f8d3e087041286aa0101a66f94a14d{\npadding-bottom:10px;\ncolor:#dd0b2e;\n}\nbody .av-special-heading.av-11q8f90g-43f8d3e087041286aa0101a66f94a14d .av-special-heading-tag .heading-char{\nfont-size:25px;\n}\n.av-special-heading.av-11q8f90g-43f8d3e087041286aa0101a66f94a14d .special-heading-inner-border{\nborder-color:#dd0b2e;\n}\n.av-special-heading.av-11q8f90g-43f8d3e087041286aa0101a66f94a14d .av-subheading{\nfont-size:15px;\n}\n<\/style>\n<div  class='av-special-heading av-11q8f90g-43f8d3e087041286aa0101a66f94a14d av-special-heading-h1 custom-color-heading  avia-builder-el-11  el_before_av_textblock  avia-builder-el-first '><h1 class='av-special-heading-tag'  itemprop=\"headline\"  >RETRO<\/h1><div class=\"special-heading-border\"><div class=\"special-heading-inner-border\"><\/div><\/div><\/div><br \/>\n<section  class='av_textblock_section av-x3evu00-cf20d8bb27a293d89509a44272f95862 '   itemscope=\"itemscope\" itemtype=\"https:\/\/schema.org\/CreativeWork\" ><div class='avia_textblock'  itemprop=\"text\" ><h3><strong>VERNESKO I RETRO-STIL<\/strong><\/h3>\n<\/div><\/section><\/p><\/div><div  class='flex_column av-vk2rfvk-ae4af87b71e2f869c6fc39f67eb92d56 av_one_full  avia-builder-el-13  el_after_av_one_full  el_before_av_one_full  first flex_column_div  column-top-margin'     ><section  class='av_textblock_section av-oz1uxwg-055e9f7815e637a88930162a5676265f '   itemscope=\"itemscope\" itemtype=\"https:\/\/schema.org\/CreativeWork\" ><div class='avia_textblock'  itemprop=\"text\" ><p>Med v\u00e5r f\u00f8rste sneaker\u2011serie L10 etablerte vi retrotrenden innenfor vernefott\u00f8y for mange \u00e5r siden. N\u00e5 bringer vi den autentiske retro\u2011looken tilbake. Verneskoen OTTO Low bringer den karakteristiske 70-tallsstemningen inn i arbeidshverdagen og beviser at ekte klassikere aldri g\u00e5r av moten. Sikkerhet og stil utfyller hverandre perfekt her og gj\u00f8r denne verneskoen til et h\u00f8ydepunkt innen moderne arbeidskl\u00e6r.<br \/>\nH\u00f8ykvalitets velourskinn kombinert med et pustende tekstilf\u00f4r s\u00f8rger for en behagelig passform \u2013 ogs\u00e5 ved lengre bruk. Denne skoen er det perfekte valget for alle som i hverdagen legger vekt p\u00e5 komfort og tidl\u00f8s stil. Enten i rent hvitt, diskret svart eller i i\u00f8ynefallende bl\u00e5tt eller gr\u00f8nt \u2013 det finnes en variant som passer for enhver smak.<\/p>\n<p><strong>Komfort og beskyttelse ved hvert skritt<\/strong><\/p>\n<p>Verneskoen OTTO fra RETRO-serien er tilgjengelig i flere versjoner, i verneklassene S1 og S1PS. En integrert st\u00e5lt\u00e5hette gir p\u00e5litelig beskyttelse mot farer mot t\u00e6rne, mens den ESD-kompatible s\u00e5len muliggj\u00f8r bruk i arbeidsomr\u00e5der med elektronisk sensitive komponenter. S1PS-versjonene er i tillegg utstyrt med en spikertrampbeskyttelse som effektivt beskytter mot skarpe og spisse gjenstander p\u00e5 bakken.<br \/>\nDen SR-sertifiserte gummiytters\u00e5len i retrostil s\u00f8rger for godt fotfeste. Ogs\u00e5 et teknisk h\u00f8ydepunkt: I denne s\u00e5len er det innarbeidet dempingselementer av EVA og SCF (Supercritical Foam). EVA er et spesielt lett skummateriale, mens SCF gir \u00f8kt elastisitet takket v\u00e6re sin ekstremt fine cellestruktur. Dette gir en dynamisk l\u00f8peopplevelse som holder seg god selv etter mange timers bruk, og som avlaster muskler og ledd.<br \/>\nDenne sikkerhetsskoen er utviklet for t\u00f8rre industrimilj\u00f8er og gir beskyttelse samtidig som den er sv\u00e6rt komfortabel. Takket v\u00e6re funksjonelt utstyr og et sporty retro-utseende viser den at sikkerhet p\u00e5 arbeidsplassen ogs\u00e5 kan se ganske bra ut.<\/p>\n<p><strong>B\u00e6rekraftig produsert l\u00e6r<\/strong><\/p>\n<p>B\u00e6rekraft spiller ogs\u00e5 en viktig rolle n\u00e5r det gjelder det brukte l\u00e6ret. Vi bruker utelukkende l\u00e6r fra garverier som er sertifisert i henhold til Leather Working Group (LWG)-standarden. LWG fremmer milj\u00f8vennlige og ansvarlige praksiser i l\u00e6rindustrien.<\/p>\n<\/div><\/section><\/div><div  class='flex_column av-lo6wl7k-0d1f00d99c9d90416e87e0ac54df5fb6 av_one_full  avia-builder-el-15  el_after_av_one_full  el_before_av_button  first flex_column_div  column-top-margin'     ><p>\n<style type=\"text\/css\" data-created_by=\"avia_inline_auto\" id=\"style-css-av-efim868-5a823c1ff9d588fdefc0ca1190a38a11\">\n#top .av-special-heading.av-efim868-5a823c1ff9d588fdefc0ca1190a38a11{\npadding-bottom:10px;\n}\nbody .av-special-heading.av-efim868-5a823c1ff9d588fdefc0ca1190a38a11 .av-special-heading-tag .heading-char{\nfont-size:25px;\n}\n.av-special-heading.av-efim868-5a823c1ff9d588fdefc0ca1190a38a11 .av-subheading{\nfont-size:15px;\n}\n<\/style>\n<div  class='av-special-heading av-efim868-5a823c1ff9d588fdefc0ca1190a38a11 av-special-heading-h3  avia-builder-el-16  el_before_av_portfolio  avia-builder-el-no-sibling '><h3 class='av-special-heading-tag'  itemprop=\"headline\"  >PRODUKTER<\/h3><div class=\"special-heading-border\"><div class=\"special-heading-inner-border\"><\/div><\/div><\/div><br \/>\n<div  id=\"av-sc-portfolio-1\"  class=' grid-sort-container isotope   no_margin-container with-title-container grid-total-even grid-col-4 grid-links-' data-portfolio-id='1'><div data-ajax-id='425569' class=' grid-entry flex_column isotope-item all_sort no_margin post-entry post-entry-425569 grid-entry-overview grid-loop-1 grid-parity-odd  elten-retro-no_sort retro-no_sort 11200_agilium-freestep-2-0-no_sort 11300_agilium-freestep-3-0-no_sort 11400_malleo-neurexa-pro-no_sort 50300_artisan-no_sort 10100_esd-pro-no_sort 50100_sensicare-no_sort hro-no_sort sportslig-no_sort metallfri-spikertrampsale-no_sort laer-no_sort tahette-i-stal-no_sort fo-no_sort sr-no_sort gummi-no_sort 04-unisex-no_sort 05-divers-no_sort s1ps-no_sort mittel-normal-no_sort weit-no_sort 03600-no_sort 03700-no_sort 03800-no_sort 03900-no_sort 04000-no_sort 04100-no_sort 04200-no_sort 04300-no_sort 04400-no_sort 04500-no_sort 04600-no_sort 04700-no_sort elten-no_sort en-iso-20345-no_sort esd-no_sort halvsko-no_sort hvit-no_sort innersaler-no_sort lisser-no_sort nei-no_sort tekstilfor-no_sort  av_one_fourth first default_av_fullwidth '><article class='main_color inner-entry'  itemscope=\"itemscope\" itemtype=\"https:\/\/schema.org\/CreativeWork\" ><a href=\"https:\/\/elten.com\/no\/products\/otto-white-low-esd-s1ps-720611\/\" title='OTTO white Low ESD S1PS &#8211; 720611'  data-rel='grid-1' class='grid-image avia-hover-fx'> <img decoding=\"async\" fetchpriority=\"high\" width=\"1\" height=\"1\" src=\"https:\/\/elten.com\/wp-content\/uploads\/products\/720611-01.jpg\" class=\"wp-image-425464 avia-img-lazy-loading-not-425464 attachment-portfolio_small size-portfolio_small wp-post-image\" alt=\"OTTO white Low ESD S1PS - 720611\" \/><\/a><div class='grid-content'><div class='avia-arrow'><\/div><header class=\"entry-content-header\"><h3 class='grid-entry-title entry-title '  itemprop=\"headline\" ><a href='https:\/\/elten.com\/no\/products\/otto-white-low-esd-s1ps-720611\/' title='OTTO white Low ESD S1PS &#8211; 720611'>OTTO white Low ESD S1PS &#8211; 720611<\/a><\/h3><\/header><\/div><footer class=\"entry-footer\"><\/footer><\/article><\/div><div data-ajax-id='425564' class=' grid-entry flex_column isotope-item all_sort no_margin post-entry post-entry-425564 grid-entry-overview grid-loop-2 grid-parity-even  elten-retro-no_sort retro-no_sort 11200_agilium-freestep-2-0-no_sort 11300_agilium-freestep-3-0-no_sort 11400_malleo-neurexa-pro-no_sort 50300_artisan-no_sort 50400_artisan-yellow-no_sort 10100_esd-pro-no_sort 50100_sensicare-no_sort hro-no_sort sportslig-no_sort metallfri-spikertrampsale-no_sort laer-no_sort tahette-i-stal-no_sort fo-no_sort sr-no_sort gummi-no_sort 04-unisex-no_sort 05-divers-no_sort s1ps-no_sort mittel-normal-no_sort weit-no_sort 03600-no_sort 03700-no_sort 03800-no_sort 03900-no_sort 04000-no_sort 04100-no_sort 04200-no_sort 04300-no_sort 04400-no_sort 04500-no_sort 04600-no_sort 04700-no_sort elten-no_sort en-iso-20345-no_sort esd-no_sort halvsko-no_sort innersaler-no_sort lisser-no_sort nei-no_sort sort-no_sort tekstilfor-no_sort  av_one_fourth  default_av_fullwidth '><article class='main_color inner-entry'  itemscope=\"itemscope\" itemtype=\"https:\/\/schema.org\/CreativeWork\" ><a href=\"https:\/\/elten.com\/no\/products\/otto-black-low-esd-s1ps-720601\/\" title='OTTO black Low ESD S1PS &#8211; 720601'  data-rel='grid-1' class='grid-image avia-hover-fx'> <img decoding=\"async\" fetchpriority=\"high\" width=\"1\" height=\"1\" src=\"https:\/\/elten.com\/wp-content\/uploads\/products\/720601-01.jpg\" class=\"wp-image-425139 avia-img-lazy-loading-not-425139 attachment-portfolio_small size-portfolio_small wp-post-image\" alt=\"OTTO black Low ESD S1PS - 720601\" \/><\/a><div class='grid-content'><div class='avia-arrow'><\/div><header class=\"entry-content-header\"><h3 class='grid-entry-title entry-title '  itemprop=\"headline\" ><a href='https:\/\/elten.com\/no\/products\/otto-black-low-esd-s1ps-720601\/' title='OTTO black Low ESD S1PS &#8211; 720601'>OTTO black Low ESD S1PS &#8211; 720601<\/a><\/h3><\/header><\/div><footer class=\"entry-footer\"><\/footer><\/article><\/div><div data-ajax-id='425565' class=' grid-entry flex_column isotope-item all_sort no_margin post-entry post-entry-425565 grid-entry-overview grid-loop-3 grid-parity-odd  elten-retro-no_sort retro-no_sort 11200_agilium-freestep-2-0-no_sort 11300_agilium-freestep-3-0-no_sort 11400_malleo-neurexa-pro-no_sort 50300_artisan-no_sort 50400_artisan-yellow-no_sort 10100_esd-pro-no_sort 50100_sensicare-no_sort hro-no_sort sportslig-no_sort laer-no_sort tahette-i-stal-no_sort fo-no_sort sr-no_sort gummi-no_sort 04-unisex-no_sort 05-divers-no_sort mittel-normal-no_sort weit-no_sort 03600-no_sort 03700-no_sort 03800-no_sort 03900-no_sort 04000-no_sort 04100-no_sort 04200-no_sort 04300-no_sort 04400-no_sort 04500-no_sort 04600-no_sort 04700-no_sort bla-no_sort elten-no_sort en-iso-20345-no_sort esd-no_sort halvsko-no_sort innersaler-no_sort lisser-no_sort nei-no_sort s1-no_sort tekstilfor-no_sort  av_one_fourth  default_av_fullwidth '><article class='main_color inner-entry'  itemscope=\"itemscope\" itemtype=\"https:\/\/schema.org\/CreativeWork\" ><a href=\"https:\/\/elten.com\/no\/products\/otto-blue-low-esd-s1-720630\/\" title='OTTO blue Low ESD S1 &#8211; 720630'  data-rel='grid-1' class='grid-image avia-hover-fx'> <img decoding=\"async\" fetchpriority=\"high\" width=\"1\" height=\"1\" src=\"https:\/\/elten.com\/wp-content\/uploads\/products\/720630-01.jpg\" class=\"wp-image-425204 avia-img-lazy-loading-not-425204 attachment-portfolio_small size-portfolio_small wp-post-image\" alt=\"OTTO blue Low ESD S1 - 720630\" \/><\/a><div class='grid-content'><div class='avia-arrow'><\/div><header class=\"entry-content-header\"><h3 class='grid-entry-title entry-title '  itemprop=\"headline\" ><a href='https:\/\/elten.com\/no\/products\/otto-blue-low-esd-s1-720630\/' title='OTTO blue Low ESD S1 &#8211; 720630'>OTTO blue Low ESD S1 &#8211; 720630<\/a><\/h3><\/header><\/div><footer class=\"entry-footer\"><\/footer><\/article><\/div><div data-ajax-id='425567' class=' grid-entry flex_column isotope-item all_sort no_margin post-entry post-entry-425567 grid-entry-overview grid-loop-4 grid-parity-even  post-entry-last  elten-retro-no_sort retro-no_sort 11200_agilium-freestep-2-0-no_sort 11300_agilium-freestep-3-0-no_sort 11400_malleo-neurexa-pro-no_sort 50300_artisan-no_sort 50400_artisan-yellow-no_sort 10100_esd-pro-no_sort 50100_sensicare-no_sort hro-no_sort sportslig-no_sort laer-no_sort tahette-i-stal-no_sort fo-no_sort sr-no_sort gummi-no_sort 04-unisex-no_sort 05-divers-no_sort mittel-normal-no_sort weit-no_sort 03600-no_sort 03700-no_sort 03800-no_sort 03900-no_sort 04000-no_sort 04100-no_sort 04200-no_sort 04300-no_sort 04400-no_sort 04500-no_sort 04600-no_sort 04700-no_sort elten-no_sort en-iso-20345-no_sort esd-no_sort gronn-no_sort halvsko-no_sort innersaler-no_sort lisser-no_sort nei-no_sort s1-no_sort tekstilfor-no_sort  av_one_fourth  default_av_fullwidth '><article class='main_color inner-entry'  itemscope=\"itemscope\" itemtype=\"https:\/\/schema.org\/CreativeWork\" ><a href=\"https:\/\/elten.com\/no\/products\/otto-green-low-esd-s1-720635\/\" title='OTTO green Low ESD S1 &#8211; 720635'  data-rel='grid-1' class='grid-image avia-hover-fx'> <img decoding=\"async\" fetchpriority=\"high\" width=\"1\" height=\"1\" src=\"https:\/\/elten.com\/wp-content\/uploads\/products\/720635-01.jpg\" class=\"wp-image-425334 avia-img-lazy-loading-not-425334 attachment-portfolio_small size-portfolio_small wp-post-image\" alt=\"OTTO green Low ESD S1 - 720635\" \/><\/a><div class='grid-content'><div class='avia-arrow'><\/div><header class=\"entry-content-header\"><h3 class='grid-entry-title entry-title '  itemprop=\"headline\" ><a href='https:\/\/elten.com\/no\/products\/otto-green-low-esd-s1-720635\/' title='OTTO green Low ESD S1 &#8211; 720635'>OTTO green Low ESD S1 &#8211; 720635<\/a><\/h3><\/header><\/div><footer class=\"entry-footer\"><\/footer><\/article><\/div><\/div><\/p><\/div><div  class='avia-button-wrap av-813v468-ae57ecb4c0dde6609eafd5538b30caf0-wrap avia-button-center  avia-builder-el-18  el_after_av_one_full  avia-builder-el-last '>\n<style type=\"text\/css\" data-created_by=\"avia_inline_auto\" id=\"style-css-av-813v468-ae57ecb4c0dde6609eafd5538b30caf0\">\n#top #wrap_all .avia-button.av-813v468-ae57ecb4c0dde6609eafd5538b30caf0{\nbackground-color:#dd0b2e;\nborder-color:#dd0b2e;\ncolor:#ffffff;\ntransition:all 0.4s ease-in-out;\n}\n<\/style>\n<a href='https:\/\/elten.com\/no\/produktgrupper\/retro-oversikt\/'  class='avia-button av-813v468-ae57ecb4c0dde6609eafd5538b30caf0 avia-icon_select-no avia-size-medium avia-position-center'  ><span class='avia_iconbox_title' >Alle produkter<\/span><\/a><\/div><\/p>\n","protected":false},"excerpt":{"rendered":"","protected":false},"author":2,"featured_media":0,"parent":358454,"menu_order":40,"comment_status":"closed","ping_status":"closed","template":"","meta":{"footnotes":""},"categories":[580],"tags":[],"class_list":["post-423464","page","type-page","status-publish","hentry","category-produktgruppen-no"],"yoast_head":"<!-- This site is optimized with the Yoast SEO Premium plugin v21.9 (Yoast SEO v21.9.1) - https:\/\/yoast.com\/wordpress\/plugins\/seo\/ -->\n<title>RETRO - ELTEN GmbH<\/title>\n<meta name=\"robots\" content=\"index, follow, max-snippet:-1, max-image-preview:large, max-video-preview:-1\" \/>\n<link rel=\"canonical\" href=\"https:\/\/elten.com\/no\/produktgrupper\/retro\/\" \/>\n<meta property=\"og:locale\" content=\"nb_NO\" \/>\n<meta property=\"og:type\" content=\"article\" \/>\n<meta property=\"og:title\" content=\"RETRO\" \/>\n<meta property=\"og:url\" content=\"https:\/\/elten.com\/no\/produktgrupper\/retro\/\" \/>\n<meta property=\"og:site_name\" content=\"ELTEN GmbH\" \/>\n<meta property=\"article:modified_time\" content=\"2026-04-13T06:58:53+00:00\" \/>\n<meta property=\"og:image\" content=\"https:\/\/elten.com\/wp-content\/uploads\/2026\/03\/Retro-01-720635-OTTO-GREEN-LOW-ESD-S1-NO.jpg\" \/>\n<meta name=\"twitter:card\" content=\"summary_large_image\" \/>\n<meta name=\"twitter:label1\" content=\"Ansl. lesetid\" \/>\n\t<meta name=\"twitter:data1\" content=\"5 minutter\" \/>\n<script type=\"application\/ld+json\" class=\"yoast-schema-graph\">{\"@context\":\"https:\/\/schema.org\",\"@graph\":[{\"@type\":\"WebPage\",\"@id\":\"https:\/\/elten.com\/no\/produktgrupper\/retro\/\",\"url\":\"https:\/\/elten.com\/no\/produktgrupper\/retro\/\",\"name\":\"RETRO - ELTEN GmbH\",\"isPartOf\":{\"@id\":\"https:\/\/elten.com\/no\/#website\"},\"datePublished\":\"2026-04-10T08:00:05+00:00\",\"dateModified\":\"2026-04-13T06:58:53+00:00\",\"breadcrumb\":{\"@id\":\"https:\/\/elten.com\/no\/produktgrupper\/retro\/#breadcrumb\"},\"inLanguage\":\"nb-NO\",\"potentialAction\":[{\"@type\":\"ReadAction\",\"target\":[\"https:\/\/elten.com\/no\/produktgrupper\/retro\/\"]}]},{\"@type\":\"BreadcrumbList\",\"@id\":\"https:\/\/elten.com\/no\/produktgrupper\/retro\/#breadcrumb\",\"itemListElement\":[{\"@type\":\"ListItem\",\"position\":1,\"name\":\"Startseite\",\"item\":\"https:\/\/elten.com\/no\/\"},{\"@type\":\"ListItem\",\"position\":2,\"name\":\"Produktgrupper\",\"item\":\"https:\/\/elten.com\/no\/?page_id=361141\"},{\"@type\":\"ListItem\",\"position\":3,\"name\":\"RETRO\"}]},{\"@type\":\"WebSite\",\"@id\":\"https:\/\/elten.com\/no\/#website\",\"url\":\"https:\/\/elten.com\/no\/\",\"name\":\"ELTEN GmbH\",\"description\":\"Sicherheitsschuhe | Arbeitsschuhe | LOWA WORK COLLECTION | ELTEN GmbH\",\"potentialAction\":[{\"@type\":\"SearchAction\",\"target\":{\"@type\":\"EntryPoint\",\"urlTemplate\":\"https:\/\/elten.com\/no\/?s={search_term_string}\"},\"query-input\":\"required name=search_term_string\"}],\"inLanguage\":\"nb-NO\"}]}<\/script>\n<!-- \/ Yoast SEO Premium plugin. -->","yoast_head_json":{"title":"RETRO - ELTEN GmbH","robots":{"index":"index","follow":"follow","max-snippet":"max-snippet:-1","max-image-preview":"max-image-preview:large","max-video-preview":"max-video-preview:-1"},"canonical":"https:\/\/elten.com\/no\/produktgrupper\/retro\/","og_locale":"nb_NO","og_type":"article","og_title":"RETRO","og_url":"https:\/\/elten.com\/no\/produktgrupper\/retro\/","og_site_name":"ELTEN GmbH","article_modified_time":"2026-04-13T06:58:53+00:00","og_image":[{"url":"https:\/\/elten.com\/wp-content\/uploads\/2026\/03\/Retro-01-720635-OTTO-GREEN-LOW-ESD-S1-NO.jpg"}],"twitter_card":"summary_large_image","twitter_misc":{"Ansl. lesetid":"5 minutter"},"schema":{"@context":"https:\/\/schema.org","@graph":[{"@type":"WebPage","@id":"https:\/\/elten.com\/no\/produktgrupper\/retro\/","url":"https:\/\/elten.com\/no\/produktgrupper\/retro\/","name":"RETRO - ELTEN GmbH","isPartOf":{"@id":"https:\/\/elten.com\/no\/#website"},"datePublished":"2026-04-10T08:00:05+00:00","dateModified":"2026-04-13T06:58:53+00:00","breadcrumb":{"@id":"https:\/\/elten.com\/no\/produktgrupper\/retro\/#breadcrumb"},"inLanguage":"nb-NO","potentialAction":[{"@type":"ReadAction","target":["https:\/\/elten.com\/no\/produktgrupper\/retro\/"]}]},{"@type":"BreadcrumbList","@id":"https:\/\/elten.com\/no\/produktgrupper\/retro\/#breadcrumb","itemListElement":[{"@type":"ListItem","position":1,"name":"Startseite","item":"https:\/\/elten.com\/no\/"},{"@type":"ListItem","position":2,"name":"Produktgrupper","item":"https:\/\/elten.com\/no\/?page_id=361141"},{"@type":"ListItem","position":3,"name":"RETRO"}]},{"@type":"WebSite","@id":"https:\/\/elten.com\/no\/#website","url":"https:\/\/elten.com\/no\/","name":"ELTEN GmbH","description":"Sicherheitsschuhe | Arbeitsschuhe | LOWA WORK COLLECTION | ELTEN GmbH","potentialAction":[{"@type":"SearchAction","target":{"@type":"EntryPoint","urlTemplate":"https:\/\/elten.com\/no\/?s={search_term_string}"},"query-input":"required name=search_term_string"}],"inLanguage":"nb-NO"}]}},"_links":{"self":[{"href":"https:\/\/elten.com\/no\/wp-json\/wp\/v2\/pages\/423464","targetHints":{"allow":["GET"]}}],"collection":[{"href":"https:\/\/elten.com\/no\/wp-json\/wp\/v2\/pages"}],"about":[{"href":"https:\/\/elten.com\/no\/wp-json\/wp\/v2\/types\/page"}],"author":[{"embeddable":true,"href":"https:\/\/elten.com\/no\/wp-json\/wp\/v2\/users\/2"}],"replies":[{"embeddable":true,"href":"https:\/\/elten.com\/no\/wp-json\/wp\/v2\/comments?post=423464"}],"version-history":[{"count":3,"href":"https:\/\/elten.com\/no\/wp-json\/wp\/v2\/pages\/423464\/revisions"}],"predecessor-version":[{"id":425594,"href":"https:\/\/elten.com\/no\/wp-json\/wp\/v2\/pages\/423464\/revisions\/425594"}],"up":[{"embeddable":true,"href":"https:\/\/elten.com\/no\/wp-json\/wp\/v2\/pages\/358454"}],"wp:attachment":[{"href":"https:\/\/elten.com\/no\/wp-json\/wp\/v2\/media?parent=423464"}],"wp:term":[{"taxonomy":"category","embeddable":true,"href":"https:\/\/elten.com\/no\/wp-json\/wp\/v2\/categories?post=423464"},{"taxonomy":"post_tag","embeddable":true,"href":"https:\/\/elten.com\/no\/wp-json\/wp\/v2\/tags?post=423464"}],"curies":[{"name":"wp","href":"https:\/\/api.w.org\/{rel}","templated":true}]}}