{"id":354161,"date":"2023-10-19T10:12:49","date_gmt":"2023-10-19T08:12:49","guid":{"rendered":"http:\/\/relaunch.elten.com.w01ca985.kasserver.com\/?page_id=354161"},"modified":"2023-10-19T10:12:49","modified_gmt":"2023-10-19T08:12:49","slug":"technologia","status":"publish","type":"page","link":"https:\/\/elten.com\/pl\/technologia\/","title":{"rendered":"Technologia"},"content":{"rendered":"<div  class='flex_column av-1n1ap-f2ec86bacdfc9aae6ea1f4b17cb74083 av_one_full  avia-builder-el-0  el_before_av_one_full  avia-builder-el-first  first flex_column_div av-animated-generic top-to-bottom  '     ><style type=\"text\/css\" data-created_by=\"avia_inline_auto\" id=\"style-css-av-14va9-13f142e6f4b3e114eae3ffec5b1a88fe\">\n#top .av-special-heading.av-14va9-13f142e6f4b3e114eae3ffec5b1a88fe{\npadding-bottom:0;\n}\nbody .av-special-heading.av-14va9-13f142e6f4b3e114eae3ffec5b1a88fe .av-special-heading-tag .heading-char{\nfont-size:25px;\n}\n.av-special-heading.av-14va9-13f142e6f4b3e114eae3ffec5b1a88fe .av-subheading{\nfont-size:15px;\n}\n<\/style>\n<div  class='av-special-heading av-14va9-13f142e6f4b3e114eae3ffec5b1a88fe av-special-heading-h2 blockquote modern-quote  avia-builder-el-1  avia-builder-el-no-sibling '><h2 class='av-special-heading-tag'  itemprop=\"headline\"  >Technologia<\/h2><div class=\"special-heading-border\"><div class=\"special-heading-inner-border\"><\/div><\/div><\/div><\/div><div  class='flex_column av-1fje1-21d988c11b8b457887df3b35fd57f136 av_one_full  avia-builder-el-2  el_after_av_one_full  avia-builder-el-last  first flex_column_div av-animated-generic fade-in  column-top-margin'     ><section  class='av_textblock_section av-wwbp-403e018dd8dc3c9a55f264ef03cd2299 '   itemscope=\"itemscope\" itemtype=\"https:\/\/schema.org\/CreativeWork\" ><div class='avia_textblock'  itemprop=\"text\" ><h3>WI\u0118CEJ NI\u017b STANDARD<\/h3>\n<p>Chcemy, aby nasze buty charakteryzowa\u0142y si\u0119 najlepszym komfortem u\u017cywania i bezpiecze\u0144stwem podczas pracy. W tym celu stosujemy nasze ca\u0142e know-how. Wi\u0119cej: Wsp\u00f3lnie z uniwersytetami i lekarzami rozwijamy innowacyjne technologie &#8211; i projektujemy nasze modele tak, \u017ceby optymalnie dopasowa\u0107 je do wymaga\u0144 wsp\u00f3\u0142czesnych warunk\u00f3w pracy. Niewa\u017cne, czy s\u0105 one u\u017cywane wewn\u0105trz czy na zewn\u0105trz, na twardych g\u0142adkich pod\u0142ogach hal, czy na \u015bliskich, niebezpiecznych pod\u0142o\u017cach. Niezale\u017cnie od wilgoci, ch\u0142odu czy upa\u0142u. Wszystko dla bezpiecze\u0144stwa i komfortu, kt\u00f3re cz\u0119sto przewy\u017cszaj\u0105 zwyk\u0142e standardy.<\/p>\n<\/div><\/section><\/div><\/p>\n","protected":false},"excerpt":{"rendered":"","protected":false},"author":2,"featured_media":0,"parent":0,"menu_order":0,"comment_status":"closed","ping_status":"closed","template":"","meta":{"footnotes":""},"categories":[599],"tags":[],"class_list":["post-354161","page","type-page","status-publish","hentry","category-technologie-pl"],"yoast_head":"<!-- This site is optimized with the Yoast SEO Premium plugin v21.9 (Yoast SEO v21.9.1) - https:\/\/yoast.com\/wordpress\/plugins\/seo\/ -->\n<title>Technologia - ELTEN GmbH<\/title>\n<meta name=\"robots\" content=\"index, follow, max-snippet:-1, max-image-preview:large, max-video-preview:-1\" \/>\n<link rel=\"canonical\" href=\"https:\/\/elten.com\/pl\/technologia\/\" \/>\n<meta property=\"og:locale\" content=\"pl_PL\" \/>\n<meta property=\"og:type\" content=\"article\" \/>\n<meta property=\"og:title\" content=\"Technologia\" \/>\n<meta property=\"og:url\" content=\"https:\/\/elten.com\/pl\/technologia\/\" \/>\n<meta property=\"og:site_name\" content=\"ELTEN GmbH\" \/>\n<meta name=\"twitter:card\" content=\"summary_large_image\" \/>\n<meta name=\"twitter:label1\" content=\"Szacowany czas czytania\" \/>\n\t<meta name=\"twitter:data1\" content=\"3 minuty\" \/>\n<script type=\"application\/ld+json\" class=\"yoast-schema-graph\">{\"@context\":\"https:\/\/schema.org\",\"@graph\":[{\"@type\":\"WebPage\",\"@id\":\"https:\/\/elten.com\/pl\/technologia\/\",\"url\":\"https:\/\/elten.com\/pl\/technologia\/\",\"name\":\"Technologia - ELTEN GmbH\",\"isPartOf\":{\"@id\":\"https:\/\/elten.com\/pl\/#website\"},\"datePublished\":\"2023-10-19T08:12:49+00:00\",\"dateModified\":\"2023-10-19T08:12:49+00:00\",\"breadcrumb\":{\"@id\":\"https:\/\/elten.com\/pl\/technologia\/#breadcrumb\"},\"inLanguage\":\"pl-PL\",\"potentialAction\":[{\"@type\":\"ReadAction\",\"target\":[\"https:\/\/elten.com\/pl\/technologia\/\"]}]},{\"@type\":\"BreadcrumbList\",\"@id\":\"https:\/\/elten.com\/pl\/technologia\/#breadcrumb\",\"itemListElement\":[{\"@type\":\"ListItem\",\"position\":1,\"name\":\"Startseite\",\"item\":\"https:\/\/elten.com\/pl\/\"},{\"@type\":\"ListItem\",\"position\":2,\"name\":\"Technologia\"}]},{\"@type\":\"WebSite\",\"@id\":\"https:\/\/elten.com\/pl\/#website\",\"url\":\"https:\/\/elten.com\/pl\/\",\"name\":\"ELTEN GmbH\",\"description\":\"Sicherheitsschuhe | Arbeitsschuhe | LOWA WORK COLLECTION | ELTEN GmbH\",\"potentialAction\":[{\"@type\":\"SearchAction\",\"target\":{\"@type\":\"EntryPoint\",\"urlTemplate\":\"https:\/\/elten.com\/pl\/?s={search_term_string}\"},\"query-input\":\"required name=search_term_string\"}],\"inLanguage\":\"pl-PL\"}]}<\/script>\n<!-- \/ Yoast SEO Premium plugin. -->","yoast_head_json":{"title":"Technologia - ELTEN GmbH","robots":{"index":"index","follow":"follow","max-snippet":"max-snippet:-1","max-image-preview":"max-image-preview:large","max-video-preview":"max-video-preview:-1"},"canonical":"https:\/\/elten.com\/pl\/technologia\/","og_locale":"pl_PL","og_type":"article","og_title":"Technologia","og_url":"https:\/\/elten.com\/pl\/technologia\/","og_site_name":"ELTEN GmbH","twitter_card":"summary_large_image","twitter_misc":{"Szacowany czas czytania":"3 minuty"},"schema":{"@context":"https:\/\/schema.org","@graph":[{"@type":"WebPage","@id":"https:\/\/elten.com\/pl\/technologia\/","url":"https:\/\/elten.com\/pl\/technologia\/","name":"Technologia - ELTEN GmbH","isPartOf":{"@id":"https:\/\/elten.com\/pl\/#website"},"datePublished":"2023-10-19T08:12:49+00:00","dateModified":"2023-10-19T08:12:49+00:00","breadcrumb":{"@id":"https:\/\/elten.com\/pl\/technologia\/#breadcrumb"},"inLanguage":"pl-PL","potentialAction":[{"@type":"ReadAction","target":["https:\/\/elten.com\/pl\/technologia\/"]}]},{"@type":"BreadcrumbList","@id":"https:\/\/elten.com\/pl\/technologia\/#breadcrumb","itemListElement":[{"@type":"ListItem","position":1,"name":"Startseite","item":"https:\/\/elten.com\/pl\/"},{"@type":"ListItem","position":2,"name":"Technologia"}]},{"@type":"WebSite","@id":"https:\/\/elten.com\/pl\/#website","url":"https:\/\/elten.com\/pl\/","name":"ELTEN GmbH","description":"Sicherheitsschuhe | Arbeitsschuhe | LOWA WORK COLLECTION | ELTEN GmbH","potentialAction":[{"@type":"SearchAction","target":{"@type":"EntryPoint","urlTemplate":"https:\/\/elten.com\/pl\/?s={search_term_string}"},"query-input":"required name=search_term_string"}],"inLanguage":"pl-PL"}]}},"_links":{"self":[{"href":"https:\/\/elten.com\/pl\/wp-json\/wp\/v2\/pages\/354161","targetHints":{"allow":["GET"]}}],"collection":[{"href":"https:\/\/elten.com\/pl\/wp-json\/wp\/v2\/pages"}],"about":[{"href":"https:\/\/elten.com\/pl\/wp-json\/wp\/v2\/types\/page"}],"author":[{"embeddable":true,"href":"https:\/\/elten.com\/pl\/wp-json\/wp\/v2\/users\/2"}],"replies":[{"embeddable":true,"href":"https:\/\/elten.com\/pl\/wp-json\/wp\/v2\/comments?post=354161"}],"version-history":[{"count":2,"href":"https:\/\/elten.com\/pl\/wp-json\/wp\/v2\/pages\/354161\/revisions"}],"predecessor-version":[{"id":354187,"href":"https:\/\/elten.com\/pl\/wp-json\/wp\/v2\/pages\/354161\/revisions\/354187"}],"wp:attachment":[{"href":"https:\/\/elten.com\/pl\/wp-json\/wp\/v2\/media?parent=354161"}],"wp:term":[{"taxonomy":"category","embeddable":true,"href":"https:\/\/elten.com\/pl\/wp-json\/wp\/v2\/categories?post=354161"},{"taxonomy":"post_tag","embeddable":true,"href":"https:\/\/elten.com\/pl\/wp-json\/wp\/v2\/tags?post=354161"}],"curies":[{"name":"wp","href":"https:\/\/api.w.org\/{rel}","templated":true}]}}