{"id":355469,"date":"2023-10-27T10:04:44","date_gmt":"2023-10-27T08:04:44","guid":{"rendered":"http:\/\/relaunch.elten.com.w01ca985.kasserver.com\/?page_id=355469"},"modified":"2024-03-19T12:20:43","modified_gmt":"2024-03-19T11:20:43","slug":"impressum","status":"publish","type":"page","link":"https:\/\/elten.com\/pl\/home\/impressum\/","title":{"rendered":"Impressum"},"content":{"rendered":"<div  class='flex_column av-av_one_full-41ee899840124b6993b57a87f996c353 av_one_full  avia-builder-el-0  el_before_av_textblock  avia-builder-el-first  first flex_column_div  '     ><style type=\"text\/css\" data-created_by=\"avia_inline_auto\" id=\"style-css-av-llxj8kv2-d86e9e168e659c64c59b24ae3eaccf7a\">\n#top .av-special-heading.av-llxj8kv2-d86e9e168e659c64c59b24ae3eaccf7a{\npadding-bottom:10px;\n}\nbody .av-special-heading.av-llxj8kv2-d86e9e168e659c64c59b24ae3eaccf7a .av-special-heading-tag .heading-char{\nfont-size:25px;\n}\n.av-special-heading.av-llxj8kv2-d86e9e168e659c64c59b24ae3eaccf7a .av-subheading{\nfont-size:15px;\n}\n<\/style>\n<div  class='av-special-heading av-llxj8kv2-d86e9e168e659c64c59b24ae3eaccf7a av-special-heading-h2 blockquote modern-quote  avia-builder-el-1  avia-builder-el-no-sibling '><h2 class='av-special-heading-tag'  itemprop=\"headline\"  >Impressum<\/h2><div class=\"special-heading-border\"><div class=\"special-heading-inner-border\"><\/div><\/div><\/div><\/div>\n<section  class='av_textblock_section av-llxj9564-3caf508668703ac16523459b0b1c856f '   itemscope=\"itemscope\" itemtype=\"https:\/\/schema.org\/CreativeWork\" ><div class='avia_textblock'  itemprop=\"text\" ><p><strong><span style=\"color: #000000;\">ELTEN GMBH<\/span><\/strong><br \/>\nOstwall 7-13<br \/>\nD &#8211; 47589 Uedem<\/p>\n<p>Tel.: + 49 (0) 2825-80168<\/p>\n<p><span style=\"color: #ff0000;\"><a style=\"color: #ff0000;\" href=\"mailto:service@elten.com\" target=\"_blank\" rel=\"noopener noreferrer\">service@elten.com<\/a><\/span><\/p>\n<p><strong><span style=\"color: #000000;\">DYREKCJA<\/span><\/strong><br \/>\nHeiner van Elten<br \/>\nJ\u00f6rg van Elten<\/p>\n<p><strong><span style=\"color: #000000;\">S\u0104D REJESTROWY<\/span><\/strong><br \/>\nKleve, 21 HRB 5 50<\/p>\n<p><strong><span style=\"color: #000000;\">NUMER IDENTYFIKACYJNY VAT<\/span><\/strong><br \/>\nDE 811 255 427<\/p>\n<p><strong><span style=\"color: #000000;\">EDYCJA I PROJEKTOWANIE<\/span><\/strong><br \/>\nELTEN GmbH, Uedem<br \/>\nRedaktorzy pracuj\u0105 zgodnie z najlepsz\u0105 wiedz\u0105 i przekonaniem, ale bez gwarancji. Za tre\u015b\u0107 oraz rozwi\u0105zywanie problem\u00f3w prawnych i administracyjnych odpowiada: marketing@elten.com<\/p>\n<p>Ca\u0142a tre\u015b\u0107: \u00a9 ELTEN GmbH<\/p>\n<p><strong><span style=\"color: #000000;\">WYKLUCZENIE Z ODPOWIEDZIALNO\u015aCI<\/span><\/strong><br \/>\nStworzyli\u015bmy nasz\u0105 witryn\u0119, dok\u0142adaj\u0105c wszelkich stara\u0144, aby informacje w niej zawarte by\u0142y aktualne, poprawne merytorycznie i jasne. Jednak pomimo zachowania nale\u017cytej staranno\u015bci mog\u0105 znale\u017a\u0107 si\u0119 na niej niezamierzone nieprawid\u0142owe informacje. ELTEN GmbH wyklucza zatem wszelk\u0105 odpowiedzialno\u015b\u0107 za b\u0142\u0119dy w pisaniu lub druku oraz za dok\u0142adno\u015b\u0107, kompletno\u015b\u0107 i aktualno\u015b\u0107 informacji zawartych na stronie internetowej firmy. Informacje i dane podane na stronie internetowej ELTEN mo\u017cna zmieni\u0107 w dowolnym momencie bez uprzedzenia. Oferowane s\u0105 przez ELTEN GmbH bez zobowi\u0105za\u0144 i bez jakichkolwiek gwarancji lub zapewnie\u0144.<\/p>\n<p>O ile witryna ELTEN GmbH zawiera linki lub odno\u015bniki do stron internetowych os\u00f3b trzecich, o tyle ELTEN GmbH nie ponosi w \u017cadnym wypadku odpowiedzialno\u015bci za inne dost\u0119pne tam informacje, powiadomienia, materia\u0142y lub linki do dalszych stron internetowych. Wyra\u017anie informujemy, \u017ce w \u017cadnym wypadku nie przyjmujemy podanych w linkach stron za w\u0142asne. Ka\u017cdy, kto korzysta ze strony internetowej ELTEN GmbH, ponosi ca\u0142e ryzyko zwi\u0105zane z u\u017cytkowaniem, w tym wszelkie ryzyko uszkodzenia komputera, oprogramowania lub danych przez wirusy lub inne oprogramowanie, kt\u00f3re s\u0105 przekazywane lub aktywowane za po\u015brednictwem strony internetowej ELTEN GmbH lub w trakcie jej przegl\u0105dania. W \u017cadnym wypadku ELTEN GmbH nie ponosi odpowiedzialno\u015bci za jakiekolwiek bezpo\u015brednie, po\u015brednie, specjalne, towarzysz\u0105ce lub wynikowe szkody lub utraty zysk\u00f3w wynikaj\u0105ce z korzystania lub niew\u0142a\u015bciwego zastosowania informacji lub z niekompletnych informacji na stronie internetowej ELTEN GmbH.<\/p>\n<\/div><\/section>\n","protected":false},"excerpt":{"rendered":"","protected":false},"author":2,"featured_media":0,"parent":274610,"menu_order":0,"comment_status":"closed","ping_status":"closed","template":"","meta":{"footnotes":""},"categories":[604],"tags":[],"class_list":["post-355469","page","type-page","status-publish","hentry","category-home-pl"],"yoast_head":"<!-- This site is optimized with the Yoast SEO Premium plugin v21.9 (Yoast SEO v21.9.1) - https:\/\/yoast.com\/wordpress\/plugins\/seo\/ -->\n<title>Impressum - ELTEN GmbH<\/title>\n<meta name=\"robots\" content=\"index, follow, max-snippet:-1, max-image-preview:large, max-video-preview:-1\" \/>\n<link rel=\"canonical\" href=\"https:\/\/elten.com\/pl\/home\/impressum\/\" \/>\n<meta property=\"og:locale\" content=\"pl_PL\" \/>\n<meta property=\"og:type\" content=\"article\" \/>\n<meta property=\"og:title\" content=\"Impressum\" \/>\n<meta property=\"og:url\" content=\"https:\/\/elten.com\/pl\/home\/impressum\/\" \/>\n<meta property=\"og:site_name\" content=\"ELTEN GmbH\" \/>\n<meta property=\"article:modified_time\" content=\"2024-03-19T11:20:43+00:00\" \/>\n<meta name=\"twitter:card\" content=\"summary_large_image\" \/>\n<meta name=\"twitter:label1\" content=\"Szacowany czas czytania\" \/>\n\t<meta name=\"twitter:data1\" content=\"2 minuty\" \/>\n<script type=\"application\/ld+json\" class=\"yoast-schema-graph\">{\"@context\":\"https:\/\/schema.org\",\"@graph\":[{\"@type\":\"WebPage\",\"@id\":\"https:\/\/elten.com\/pl\/home\/impressum\/\",\"url\":\"https:\/\/elten.com\/pl\/home\/impressum\/\",\"name\":\"Impressum - ELTEN GmbH\",\"isPartOf\":{\"@id\":\"https:\/\/elten.com\/pl\/#website\"},\"datePublished\":\"2023-10-27T08:04:44+00:00\",\"dateModified\":\"2024-03-19T11:20:43+00:00\",\"breadcrumb\":{\"@id\":\"https:\/\/elten.com\/pl\/home\/impressum\/#breadcrumb\"},\"inLanguage\":\"pl-PL\",\"potentialAction\":[{\"@type\":\"ReadAction\",\"target\":[\"https:\/\/elten.com\/pl\/home\/impressum\/\"]}]},{\"@type\":\"BreadcrumbList\",\"@id\":\"https:\/\/elten.com\/pl\/home\/impressum\/#breadcrumb\",\"itemListElement\":[{\"@type\":\"ListItem\",\"position\":1,\"name\":\"Startseite\",\"item\":\"https:\/\/elten.com\/pl\/\"},{\"@type\":\"ListItem\",\"position\":2,\"name\":\"Home\",\"item\":\"https:\/\/elten.com\/pl\/\"},{\"@type\":\"ListItem\",\"position\":3,\"name\":\"Impressum\"}]},{\"@type\":\"WebSite\",\"@id\":\"https:\/\/elten.com\/pl\/#website\",\"url\":\"https:\/\/elten.com\/pl\/\",\"name\":\"ELTEN GmbH\",\"description\":\"Sicherheitsschuhe | Arbeitsschuhe | LOWA WORK COLLECTION | ELTEN GmbH\",\"potentialAction\":[{\"@type\":\"SearchAction\",\"target\":{\"@type\":\"EntryPoint\",\"urlTemplate\":\"https:\/\/elten.com\/pl\/?s={search_term_string}\"},\"query-input\":\"required name=search_term_string\"}],\"inLanguage\":\"pl-PL\"}]}<\/script>\n<!-- \/ Yoast SEO Premium plugin. -->","yoast_head_json":{"title":"Impressum - ELTEN GmbH","robots":{"index":"index","follow":"follow","max-snippet":"max-snippet:-1","max-image-preview":"max-image-preview:large","max-video-preview":"max-video-preview:-1"},"canonical":"https:\/\/elten.com\/pl\/home\/impressum\/","og_locale":"pl_PL","og_type":"article","og_title":"Impressum","og_url":"https:\/\/elten.com\/pl\/home\/impressum\/","og_site_name":"ELTEN GmbH","article_modified_time":"2024-03-19T11:20:43+00:00","twitter_card":"summary_large_image","twitter_misc":{"Szacowany czas czytania":"2 minuty"},"schema":{"@context":"https:\/\/schema.org","@graph":[{"@type":"WebPage","@id":"https:\/\/elten.com\/pl\/home\/impressum\/","url":"https:\/\/elten.com\/pl\/home\/impressum\/","name":"Impressum - ELTEN GmbH","isPartOf":{"@id":"https:\/\/elten.com\/pl\/#website"},"datePublished":"2023-10-27T08:04:44+00:00","dateModified":"2024-03-19T11:20:43+00:00","breadcrumb":{"@id":"https:\/\/elten.com\/pl\/home\/impressum\/#breadcrumb"},"inLanguage":"pl-PL","potentialAction":[{"@type":"ReadAction","target":["https:\/\/elten.com\/pl\/home\/impressum\/"]}]},{"@type":"BreadcrumbList","@id":"https:\/\/elten.com\/pl\/home\/impressum\/#breadcrumb","itemListElement":[{"@type":"ListItem","position":1,"name":"Startseite","item":"https:\/\/elten.com\/pl\/"},{"@type":"ListItem","position":2,"name":"Home","item":"https:\/\/elten.com\/pl\/"},{"@type":"ListItem","position":3,"name":"Impressum"}]},{"@type":"WebSite","@id":"https:\/\/elten.com\/pl\/#website","url":"https:\/\/elten.com\/pl\/","name":"ELTEN GmbH","description":"Sicherheitsschuhe | Arbeitsschuhe | LOWA WORK COLLECTION | ELTEN GmbH","potentialAction":[{"@type":"SearchAction","target":{"@type":"EntryPoint","urlTemplate":"https:\/\/elten.com\/pl\/?s={search_term_string}"},"query-input":"required name=search_term_string"}],"inLanguage":"pl-PL"}]}},"_links":{"self":[{"href":"https:\/\/elten.com\/pl\/wp-json\/wp\/v2\/pages\/355469","targetHints":{"allow":["GET"]}}],"collection":[{"href":"https:\/\/elten.com\/pl\/wp-json\/wp\/v2\/pages"}],"about":[{"href":"https:\/\/elten.com\/pl\/wp-json\/wp\/v2\/types\/page"}],"author":[{"embeddable":true,"href":"https:\/\/elten.com\/pl\/wp-json\/wp\/v2\/users\/2"}],"replies":[{"embeddable":true,"href":"https:\/\/elten.com\/pl\/wp-json\/wp\/v2\/comments?post=355469"}],"version-history":[{"count":3,"href":"https:\/\/elten.com\/pl\/wp-json\/wp\/v2\/pages\/355469\/revisions"}],"predecessor-version":[{"id":376877,"href":"https:\/\/elten.com\/pl\/wp-json\/wp\/v2\/pages\/355469\/revisions\/376877"}],"up":[{"embeddable":true,"href":"https:\/\/elten.com\/pl\/wp-json\/wp\/v2\/pages\/274610"}],"wp:attachment":[{"href":"https:\/\/elten.com\/pl\/wp-json\/wp\/v2\/media?parent=355469"}],"wp:term":[{"taxonomy":"category","embeddable":true,"href":"https:\/\/elten.com\/pl\/wp-json\/wp\/v2\/categories?post=355469"},{"taxonomy":"post_tag","embeddable":true,"href":"https:\/\/elten.com\/pl\/wp-json\/wp\/v2\/tags?post=355469"}],"curies":[{"name":"wp","href":"https:\/\/api.w.org\/{rel}","templated":true}]}}