{"id":355501,"date":"2023-10-27T12:04:57","date_gmt":"2023-10-27T10:04:57","guid":{"rendered":"http:\/\/relaunch.elten.com.w01ca985.kasserver.com\/?page_id=355501"},"modified":"2024-04-23T10:12:22","modified_gmt":"2024-04-23T08:12:22","slug":"e-track","status":"publish","type":"page","link":"https:\/\/elten.com\/pl\/grupy-produktow\/e-track\/","title":{"rendered":"E-TRACK"},"content":{"rendered":"<div id='av-layout-grid-1'  class='av-layout-grid-container av-k5pp86-3eee7c3d6344b41e97f481181cfac91a entry-content-wrapper main_color av-flex-cells  avia-builder-el-0  el_before_av_one_full  avia-builder-el-first  el-produktgruppen-head  container_wrap sidebar_right'  >\n\n<style type=\"text\/css\" data-created_by=\"avia_inline_auto\" id=\"style-css-av-579dhiu-5a6275bddf5d6081835e21c6e18f12fe\">\n.flex_cell.av-579dhiu-5a6275bddf5d6081835e21c6e18f12fe{\nvertical-align:top;\n}\n.responsive #top #wrap_all .flex_cell.av-579dhiu-5a6275bddf5d6081835e21c6e18f12fe{\npadding:0px 0px 0px 0px !important;\n}\n<\/style>\n<div class='flex_cell av-579dhiu-5a6275bddf5d6081835e21c6e18f12fe av-gridrow-cell av_one_third no_margin  avia-builder-el-1  el_before_av_cell_one_third  avia-builder-el-first  av-zero-padding'  ><div class='flex_cell_inner'><p><section  class='av_textblock_section av-lm0naubq-aae95ea2a9142534adfb95f86db568a8 '   itemscope=\"itemscope\" itemtype=\"https:\/\/schema.org\/CreativeWork\" ><div class='avia_textblock'  itemprop=\"text\" ><p><a href=\"https:\/\/elten.com\/pl\/products\/runaway-black-low-esd-s3-729661\/\"><img decoding=\"async\" src=\"https:\/\/elten.com\/wp-content\/uploads\/2023\/10\/E-Track-01-PL-RUNAWAY-black-Low-ESD-S3.jpg\" \/><\/a><\/p>\n<\/div><\/section><br \/>\n<section  class='av_textblock_section av-lm0nc1t6-7ae3dd4c56d21b7e80187e2b43f9e4e9 '   itemscope=\"itemscope\" itemtype=\"https:\/\/schema.org\/CreativeWork\" ><div class='av-small-hide av-mini-hide avia_textblock el-half-width-images'  itemprop=\"text\" ><p><a href=\"https:\/\/elten.com\/pl\/products\/journey-blue-low-esd-s1p-729621\/\"><img decoding=\"async\" src=\"https:\/\/elten.com\/wp-content\/uploads\/2023\/09\/E-Track-10-JOURNEY-blue-Low-ESD-S1P-Sohle.jpg\" \/><\/a><a href=\"https:\/\/elten.com\/pl\/products\/white-grip-low-esd-s2-729685\/\"><img decoding=\"async\" src=\"https:\/\/elten.com\/wp-content\/uploads\/2023\/09\/E-Track-08-WHITE-GRIP-Low-ESD-S2-Sohle.jpg\" \/><\/a><\/p>\n<\/div><\/section><\/p>\n<\/div><\/div>\n<style type=\"text\/css\" data-created_by=\"avia_inline_auto\" id=\"style-css-av-51oyzau-d49a59454090167cf8c085e083f60863\">\n.flex_cell.av-51oyzau-d49a59454090167cf8c085e083f60863{\nvertical-align:top;\n}\n.responsive #top #wrap_all .flex_cell.av-51oyzau-d49a59454090167cf8c085e083f60863{\npadding:0px 0px 0px 0px !important;\n}\n<\/style>\n<div class='flex_cell av-51oyzau-d49a59454090167cf8c085e083f60863 av-gridrow-cell av_one_third no_margin av-hide-on-mobile  avia-builder-el-4  el_after_av_cell_one_third  el_before_av_cell_one_third  av-zero-padding'  ><div class='flex_cell_inner'><p><section  class='av_textblock_section av-lm0ncu52-c8b2f43e7fd5e6e187fed20c0cdc3f40 '   itemscope=\"itemscope\" itemtype=\"https:\/\/schema.org\/CreativeWork\" ><div class='avia_textblock'  itemprop=\"text\" ><p><a href=\"https:\/\/elten.com\/pl\/products\/journey-grey-low-esd-s1-729630\/\"><img decoding=\"async\" src=\"https:\/\/elten.com\/wp-content\/uploads\/2023\/09\/E-Track-12-729630-JOURNEY-grey-Low-ESD-S1.jpg\" \/><\/a><\/p>\n<\/div><\/section><br \/>\n<section  class='av_textblock_section av-lm0nf31w-b51156e9f2f089f2fb920a4fb98977ac '   itemscope=\"itemscope\" itemtype=\"https:\/\/schema.org\/CreativeWork\" ><div class='avia_textblock el-half-width-images'  itemprop=\"text\" ><p><a href=\"https:\/\/elten.com\/pl\/products\/white-grip-low-esd-s2-729685\/\"><img decoding=\"async\" src=\"https:\/\/elten.com\/wp-content\/uploads\/2023\/09\/E-Track-05-WHITE-GRIP-Low-ESD-S2.jpg\" \/><\/a><a href=\"https:\/\/elten.com\/pl\/products\/journey-black-low-esd-s3-729611\/\"><img decoding=\"async\" src=\"https:\/\/elten.com\/wp-content\/uploads\/2023\/09\/E-Track-06-JOURNEY-black-Low-ESD-S3.jpg\" \/><\/a><a href=\"https:\/\/elten.com\/pl\/products\/runaway-black-low-esd-s3-729661\/\"><img decoding=\"async\" src=\"https:\/\/elten.com\/wp-content\/uploads\/2023\/09\/E-Track-07-RUNAWAY-black-Low-ESD-S3.jpg\" \/><\/a><a href=\"https:\/\/elten.com\/pl\/products\/journey-grey-low-esd-s1-729630\/\"><img decoding=\"async\" src=\"https:\/\/elten.com\/wp-content\/uploads\/2023\/09\/E-Track-11-729630-JOURNEY-grey-Low-ESD-S1.jpg\" \/><\/a><\/p>\n<\/div><\/section><\/p>\n<\/div><\/div>\n<style type=\"text\/css\" data-created_by=\"avia_inline_auto\" id=\"style-css-av-4gkuv9y-d5e30c328b04ea3f43206ef3e341484f\">\n.flex_cell.av-4gkuv9y-d5e30c328b04ea3f43206ef3e341484f{\nvertical-align:top;\n}\n.responsive #top #wrap_all .flex_cell.av-4gkuv9y-d5e30c328b04ea3f43206ef3e341484f{\npadding:0px 0px 0px 0px !important;\n}\n<\/style>\n<div class='flex_cell av-4gkuv9y-d5e30c328b04ea3f43206ef3e341484f av-gridrow-cell av_one_third no_margin av-hide-on-mobile  avia-builder-el-7  el_after_av_cell_one_third  avia-builder-el-last  av-zero-padding'  ><div class='flex_cell_inner'><section  class='av_textblock_section av-lm0nftn5-20b11b4c6e203de81d09f5f62ae73343 '   itemscope=\"itemscope\" itemtype=\"https:\/\/schema.org\/CreativeWork\" ><div class='avia_textblock'  itemprop=\"text\" ><p><a href=\"https:\/\/elten.com\/pl\/products\/runaway-brown-low-esd-s3-729671\/\"><img decoding=\"async\" src=\"https:\/\/elten.com\/wp-content\/uploads\/2023\/09\/E-Track-09-RUNAWAY-brown-Low-ESD-S3.jpg\" \/><\/a><\/p>\n<\/div><\/section>\n<\/div><\/div>\n<\/div><div id='after_grid_row_1'  class='main_color av_default_container_wrap container_wrap sidebar_right'  ><div class='container av-section-cont-open' ><div class='template-page content  av-content-small alpha units'><div class='post-entry post-entry-type-page post-entry-355501'><div class='entry-content-wrapper clearfix'>\n<div  class='flex_column av-4064kuu-0e02d80e02866c47c85292a2d9ce7b25 av_one_full  avia-builder-el-9  el_after_av_layout_row  avia-builder-el-no-sibling  first flex_column_div  '     ><p>\n<style type=\"text\/css\" data-created_by=\"avia_inline_auto\" id=\"style-css-av-3glx2ja-6153ea2fe85b075204e3b330cd6ff19d\">\n#top .av-special-heading.av-3glx2ja-6153ea2fe85b075204e3b330cd6ff19d{\npadding-bottom:10px;\ncolor:#dd0b2e;\n}\nbody .av-special-heading.av-3glx2ja-6153ea2fe85b075204e3b330cd6ff19d .av-special-heading-tag .heading-char{\nfont-size:25px;\n}\n.av-special-heading.av-3glx2ja-6153ea2fe85b075204e3b330cd6ff19d .special-heading-inner-border{\nborder-color:#dd0b2e;\n}\n.av-special-heading.av-3glx2ja-6153ea2fe85b075204e3b330cd6ff19d .av-subheading{\nfont-size:15px;\n}\n<\/style>\n<div  class='av-special-heading av-3glx2ja-6153ea2fe85b075204e3b330cd6ff19d av-special-heading-h1 custom-color-heading  avia-builder-el-10  el_before_av_textblock  avia-builder-el-first '><h1 class='av-special-heading-tag'  itemprop=\"headline\"  >E-TRACK<\/h1><div class=\"special-heading-border\"><div class=\"special-heading-inner-border\"><\/div><\/div><\/div><br \/>\n<section  class='av_textblock_section av-lozkd06x-e3f65bafc3896eda34c0113093777f7e '   itemscope=\"itemscope\" itemtype=\"https:\/\/schema.org\/CreativeWork\" ><div class='avia_textblock'  itemprop=\"text\" ><h3>SPORTOWCY DLA ST\u00d3P<\/h3>\n<\/div><\/section><br \/>\n\n<style type=\"text\/css\" data-created_by=\"avia_inline_auto\" id=\"style-css-av-lozkc364-677e24c655caf77fdcfe76bd678a5c76\">\n#top .hr.hr-invisible.av-lozkc364-677e24c655caf77fdcfe76bd678a5c76{\nheight:40px;\n}\n<\/style>\n<div  class='hr av-lozkc364-677e24c655caf77fdcfe76bd678a5c76 hr-invisible  avia-builder-el-12  el_after_av_textblock  el_before_av_textblock '><span class='hr-inner '><span class=\"hr-inner-style\"><\/span><\/span><\/div><br \/>\n<section  class='av_textblock_section av-lozkdcfz-9a5a26a83f8f3035d3bed50e15b72976 '   itemscope=\"itemscope\" itemtype=\"https:\/\/schema.org\/CreativeWork\" ><div class='avia_textblock'  itemprop=\"text\" ><h3>SPORTOWY DESIGN W PO\u0141\u0104CZENIU Z OPTYMALNYMI FUNKCJAMI BEZPIECZE\u0143STWA<\/h3>\n<p>Nasze sportowe modele z serii E-TRACK oferuj\u0105 idealne po\u0142\u0105czenie dynamicznego biegania i najlepszej wydajno\u015bci w codziennym \u017cyciu zawodowym. Wszystkie buty z tej serii maj\u0105 niski kr\u00f3j. Dzi\u0119ki temu sylwetka jest p\u0142aska, a poniewa\u017c nie obejmuje kostki, pozwala na du\u017c\u0105 swobod\u0119 ruch\u00f3w. Kolejn\u0105 zalet\u0105 niskiej konstrukcji jest to, \u017ce potrzeba mniej materia\u0142u na cholewk\u0119, wi\u0119c but jest r\u00f3wnie\u017c znacznie l\u017cejszy. W\u0105skie obuwie ochronne z serii E-TRACK jest produkowane z szerokiej gamy materia\u0142\u00f3w i oferowane w r\u00f3\u017cnych klasach ochrony. Doskona\u0142y komfort noszenia gwarantuje w szczeg\u00f3lno\u015bci oddychaj\u0105ca wewn\u0119trzna podszewka, kt\u00f3ra zdobywa punkty za doskona\u0142e w\u0142a\u015bciwo\u015bci wch\u0142aniania i uwalniania wilgoci.<\/p>\n<h3>ELASTYCZNA PODESZWA O DOBREJ PRZYCZEPNO\u015aCI<\/h3>\n<p>Buty z serii E-TRACK s\u0105 wyposa\u017cone w wykonan\u0105 na zam\u00f3wienie, niezwykle wytrzyma\u0142\u0105 dwuwarstwow\u0105 podeszw\u0119 wykonan\u0105 z gumy i PU. Podeszwa \u015brodkowa z PU zapewnia niezb\u0119dn\u0105 amortyzacj\u0119 i stabilno\u015b\u0107, a gumowa podeszwa zewn\u0119trzna zapobiega \u015blizganiu si\u0119 na \u015bliskich lub mokrych powierzchniach. To sprawia, \u017ce buty s\u0105 idealne do wszystkich obszar\u00f3w wewn\u0105trz i na zewn\u0105trz.<\/p>\n<h3>WSZECHSTRONNY I U\u017bYTECZNY WSZ\u0118DZIE<\/h3>\n<p>Dzi\u0119ki zr\u00f3\u017cnicowyanym funkcjom, rozmaitym kolorom i klasom bezpiecze\u0144stwa S1, S1P, S2 i S3, modele z serii E-TRACK s\u0105 idealne do r\u00f3\u017cnych obszar\u00f3w zastosowa\u0144. W przypadku cholewek zdecydowali\u015bmy si\u0119 na urozmaicone warianty, mamy w ofercie r\u00f3\u017cne sk\u00f3rzane cholewki, od hydrofobizowanej sk\u00f3ry nubukowej po zamsz lub zwyk\u0142\u0105 sk\u00f3r\u0119 bydl\u0119c\u0105, ale tak\u017ce w po\u0142\u0105czeniu z materia\u0142em siatkowym i mikrofibr\u0105, a nawet w ca\u0142kowicie bezsk\u00f3rzanym wyko\u0144czeniu. Nawiasem m\u00f3wi\u0105c, wszystkie buty maj\u0105 stalowe noski i s\u0105 bez wyj\u0105tku kompatybilne z ESD. Ponadto maj\u0105 one ochron\u0119 przed penetracj\u0105 bez metalu, z wyj\u0105tkiem klas ochrony S1 i S2. Jest to l\u017cejsze i bardziej elastyczne rozwi\u0105zanie ni\u017c stalowy ochraniacz na przebicie i gwarantuje, \u017ce mamy do czynienia ze sportowymi, lekkimi butami, kt\u00f3re s\u0105 bardzo zbli\u017cone do sneakers\u00f3w.<\/p>\n<h3>ADAPTOWALNE OBUWIE OCHRONNE<\/h3>\n<p>Wszystkie modele ELTEN E-TRACK s\u0105 testowane i certyfikowane zgodnie z wymogami prawnymi normy EN ISO 20345.<br \/>\nButy s\u0105 dost\u0119pne w rozmiarach od 40 do 48, a WHITE GRIP Low ESD S1, bia\u0142e buty bez sk\u00f3ry z praktycznymi zapi\u0119ciami na rzepy, s\u0105 nawet dost\u0119pne w rozmiarach od 35 do 48.<\/p>\n<\/div><\/section><br \/>\n\n<style type=\"text\/css\" data-created_by=\"avia_inline_auto\" id=\"style-css-av-lozkbun3-7cd502e95488bf77cf7d89617920a496\">\n#top .hr.hr-invisible.av-lozkbun3-7cd502e95488bf77cf7d89617920a496{\nheight:40px;\n}\n<\/style>\n<div  class='hr av-lozkbun3-7cd502e95488bf77cf7d89617920a496 hr-invisible  avia-builder-el-14  el_after_av_textblock  el_before_av_textblock '><span class='hr-inner '><span class=\"hr-inner-style\"><\/span><\/span><\/div><br \/>\n<section  class='av_textblock_section av-lozkfyxv-b8a210b00337dfa6b72ca2920d6e17c8 '   itemscope=\"itemscope\" itemtype=\"https:\/\/schema.org\/CreativeWork\" ><div class='avia_textblock'  itemprop=\"text\" ><h3>WYB\u00d3R PRODUKTU<\/h3>\n<\/div><\/section><br \/>\n<div  id=\"av-sc-portfolio-1\"  class=' grid-sort-container isotope   no_margin-container with-title-container grid-total-odd grid-col-4 grid-links-' data-portfolio-id='1'><div data-ajax-id='342931' class=' grid-entry flex_column isotope-item all_sort no_margin post-entry post-entry-342931 grid-entry-overview grid-loop-1 grid-parity-odd  11200_agilium-freestep-2-0-pl_sort 11300_agilium-freestep-3-0-pl_sort 11400_malleo-neurexa-pro-pl_sort 10300_bauerfeind-ergo-pad-workh-pl_sort 11000_seidl-sensoped-esd-3596-pl_sort 50600_currex-work-pro-pl_sort 10700_mander-malms-softastatic-sav-02-pl_sort 10800_mander-malms-softastatic-sa-pur-02-pl_sort 10100_esd-pro-pl_sort 50100_sensicare-pl_sort 10600_hartmann-9516-secosol-pl_sort gumowa-pl_sort fo-pl_sort sr-pl_sort sportowy-pl_sort ochrona-trudnoprzebiciowa-niezawierajaca-metalu-pl_sort skorzana-pl_sort podnosek-z-metalu-pl_sort s3s-pl_sort mittel-normal-pl_sort rfid-chip-pl_sort 05-divers-pl_sort sznurowadla-pl_sort 04000-pl_sort 04100-pl_sort 04200-pl_sort 04300-pl_sort 04400-pl_sort 04500-pl_sort 04600-pl_sort 04700-pl_sort 04800-pl_sort czarny-pl_sort e-track-pl_sort elten-pl_sort elten-e-track-pl_sort en-iso-20345-pl_sort esd-pl_sort 02-mezczyzni-pl_sort nie-pl_sort podszewka-skorzana-pl_sort polbuty-pl_sort wkladki-pl_sort  av_one_fourth first default_av_fullwidth '><article class='main_color inner-entry'  itemscope=\"itemscope\" itemtype=\"https:\/\/schema.org\/CreativeWork\" ><a href=\"https:\/\/elten.com\/pl\/products\/runaway-black-low-esd-s3s-729661\/\" title='RUNAWAY black Low ESD S3S &#8211; 729661'  data-rel='grid-1' class='grid-image avia-hover-fx'> <img decoding=\"async\" fetchpriority=\"high\" width=\"1\" height=\"1\" src=\"https:\/\/elten.com\/wp-content\/uploads\/products\/729661-01.jpg\" class=\"wp-image-371665 avia-img-lazy-loading-not-371665 attachment-portfolio_small size-portfolio_small wp-post-image\" alt=\"RUNAWAY black Low ESD S3 - 729661\" \/><\/a><div class='grid-content'><div class='avia-arrow'><\/div><header class=\"entry-content-header\"><h3 class='grid-entry-title entry-title '  itemprop=\"headline\" ><a href='https:\/\/elten.com\/pl\/products\/runaway-black-low-esd-s3s-729661\/' title='RUNAWAY black Low ESD S3S &#8211; 729661'>RUNAWAY black Low ESD S3S &#8211; 729661<\/a><\/h3><\/header><\/div><footer class=\"entry-footer\"><\/footer><\/article><\/div><div data-ajax-id='342925' class=' grid-entry flex_column isotope-item all_sort no_margin post-entry post-entry-342925 grid-entry-overview grid-loop-2 grid-parity-even  11200_agilium-freestep-2-0-pl_sort 11300_agilium-freestep-3-0-pl_sort 11400_malleo-neurexa-pro-pl_sort 10300_bauerfeind-ergo-pad-workh-pl_sort 11000_seidl-sensoped-esd-3596-pl_sort 50600_currex-work-pro-pl_sort 10700_mander-malms-softastatic-sav-02-pl_sort 10800_mander-malms-softastatic-sa-pur-02-pl_sort 10100_esd-pro-pl_sort 50100_sensicare-pl_sort 10600_hartmann-9516-secosol-pl_sort gumowa-pl_sort fo-pl_sort sr-pl_sort bez-uzycia-skory-pl_sort material-tekstylny-pl_sort podnosek-z-metalu-pl_sort bialy-pl_sort mittel-normal-pl_sort weit-pl_sort rfid-chip-pl_sort 04-uniseks-pl_sort 05-divers-pl_sort _einsatzgebiet-gastronomie-pl_sort _einsatzgebiet-medizinische-berufe-pl_sort 03500-pl_sort 03600-pl_sort 03700-pl_sort 03800-pl_sort 03900-pl_sort 04000-pl_sort 04100-pl_sort 04200-pl_sort 04300-pl_sort 04400-pl_sort 04500-pl_sort 04600-pl_sort 04700-pl_sort 04800-pl_sort e-track-pl_sort elten-pl_sort elten-e-track-pl_sort en-iso-20345-pl_sort esd-pl_sort gastronomie-pl_sort medizinische-berufe-pl_sort nie-pl_sort podszewka-tekstylna-pl_sort polbuty-pl_sort s2-pl_sort wkladki-pl_sort zadne-pl_sort zapiecie-na-rzep-pl_sort  av_one_fourth  default_av_fullwidth '><article class='main_color inner-entry'  itemscope=\"itemscope\" itemtype=\"https:\/\/schema.org\/CreativeWork\" ><a href=\"https:\/\/elten.com\/pl\/products\/white-grip-low-esd-s2-729685\/\" title='WHITE Grip Low ESD S2 &#8211; 729685'  data-rel='grid-1' class='grid-image avia-hover-fx'> <img decoding=\"async\" fetchpriority=\"high\" width=\"1\" height=\"1\" src=\"https:\/\/elten.com\/wp-content\/uploads\/products\/729685-01.jpg\" class=\"wp-image-372817 avia-img-lazy-loading-not-372817 attachment-portfolio_small size-portfolio_small wp-post-image\" alt=\"WHITE Grip Low ESD S2 - 729685\" \/><\/a><div class='grid-content'><div class='avia-arrow'><\/div><header class=\"entry-content-header\"><h3 class='grid-entry-title entry-title '  itemprop=\"headline\" ><a href='https:\/\/elten.com\/pl\/products\/white-grip-low-esd-s2-729685\/' title='WHITE Grip Low ESD S2 &#8211; 729685'>WHITE Grip Low ESD S2 &#8211; 729685<\/a><\/h3><\/header><\/div><footer class=\"entry-footer\"><\/footer><\/article><\/div><div data-ajax-id='342926' class=' grid-entry flex_column isotope-item all_sort no_margin post-entry post-entry-342926 grid-entry-overview grid-loop-3 grid-parity-odd  post-entry-last  11200_agilium-freestep-2-0-pl_sort 11300_agilium-freestep-3-0-pl_sort 11400_malleo-neurexa-pro-pl_sort 10300_bauerfeind-ergo-pad-workh-pl_sort 11000_seidl-sensoped-esd-3596-pl_sort 50600_currex-work-pro-pl_sort 10700_mander-malms-softastatic-sav-02-pl_sort 10800_mander-malms-softastatic-sa-pur-02-pl_sort 10100_esd-pro-pl_sort 50100_sensicare-pl_sort 10600_hartmann-9516-secosol-pl_sort gumowa-pl_sort fo-pl_sort sr-pl_sort sportowy-pl_sort ochrona-trudnoprzebiciowa-niezawierajaca-metalu-pl_sort skorzana-pl_sort podnosek-z-metalu-pl_sort s3s-pl_sort mittel-normal-pl_sort rfid-chip-pl_sort 05-divers-pl_sort sznurowadla-pl_sort 04000-pl_sort 04100-pl_sort 04200-pl_sort 04300-pl_sort 04400-pl_sort 04500-pl_sort 04600-pl_sort 04700-pl_sort 04800-pl_sort czarny-pl_sort e-track-pl_sort elten-pl_sort elten-e-track-pl_sort en-iso-20345-pl_sort esd-pl_sort 02-mezczyzni-pl_sort nie-pl_sort podszewka-tekstylna-pl_sort polbuty-pl_sort wkladki-pl_sort  av_one_fourth  default_av_fullwidth '><article class='main_color inner-entry'  itemscope=\"itemscope\" itemtype=\"https:\/\/schema.org\/CreativeWork\" ><a href=\"https:\/\/elten.com\/pl\/products\/journey-black-low-esd-s3s-729611\/\" title='JOURNEY black Low ESD S3S &#8211; 729611'  data-rel='grid-1' class='grid-image avia-hover-fx'> <img decoding=\"async\" fetchpriority=\"high\" width=\"1\" height=\"1\" src=\"https:\/\/elten.com\/wp-content\/uploads\/products\/729611-01.jpg\" class=\"wp-image-368897 avia-img-lazy-loading-not-368897 attachment-portfolio_small size-portfolio_small wp-post-image\" alt=\"JOURNEY black Low ESD S3 - 729611\" \/><\/a><div class='grid-content'><div class='avia-arrow'><\/div><header class=\"entry-content-header\"><h3 class='grid-entry-title entry-title '  itemprop=\"headline\" ><a href='https:\/\/elten.com\/pl\/products\/journey-black-low-esd-s3s-729611\/' title='JOURNEY black Low ESD S3S &#8211; 729611'>JOURNEY black Low ESD S3S &#8211; 729611<\/a><\/h3><\/header><\/div><footer class=\"entry-footer\"><\/footer><\/article><\/div><\/div><\/p><\/div>\n","protected":false},"excerpt":{"rendered":"","protected":false},"author":2,"featured_media":0,"parent":355498,"menu_order":0,"comment_status":"closed","ping_status":"closed","template":"","meta":{"footnotes":""},"categories":[596],"tags":[],"class_list":["post-355501","page","type-page","status-publish","hentry","category-produktgruppen-pl"],"yoast_head":"<!-- This site is optimized with the Yoast SEO Premium plugin v21.9 (Yoast SEO v21.9.1) - https:\/\/yoast.com\/wordpress\/plugins\/seo\/ -->\n<title>E-TRACK - ELTEN GmbH<\/title>\n<meta name=\"robots\" content=\"index, follow, max-snippet:-1, max-image-preview:large, max-video-preview:-1\" \/>\n<link rel=\"canonical\" href=\"https:\/\/elten.com\/pl\/grupy-produktow\/e-track\/\" \/>\n<meta property=\"og:locale\" content=\"pl_PL\" \/>\n<meta property=\"og:type\" content=\"article\" \/>\n<meta property=\"og:title\" content=\"E-TRACK\" \/>\n<meta property=\"og:url\" content=\"https:\/\/elten.com\/pl\/grupy-produktow\/e-track\/\" \/>\n<meta property=\"og:site_name\" content=\"ELTEN GmbH\" \/>\n<meta property=\"article:modified_time\" content=\"2024-04-23T08:12:22+00:00\" \/>\n<meta property=\"og:image\" content=\"https:\/\/elten.com\/wp-content\/uploads\/2023\/10\/E-Track-01-PL-RUNAWAY-black-Low-ESD-S3.jpg\" \/>\n<meta name=\"twitter:card\" content=\"summary_large_image\" \/>\n<meta name=\"twitter:label1\" content=\"Szacowany czas czytania\" \/>\n\t<meta name=\"twitter:data1\" content=\"6 minut\" \/>\n<script type=\"application\/ld+json\" class=\"yoast-schema-graph\">{\"@context\":\"https:\/\/schema.org\",\"@graph\":[{\"@type\":\"WebPage\",\"@id\":\"https:\/\/elten.com\/pl\/grupy-produktow\/e-track\/\",\"url\":\"https:\/\/elten.com\/pl\/grupy-produktow\/e-track\/\",\"name\":\"E-TRACK - ELTEN GmbH\",\"isPartOf\":{\"@id\":\"https:\/\/elten.com\/pl\/#website\"},\"datePublished\":\"2023-10-27T10:04:57+00:00\",\"dateModified\":\"2024-04-23T08:12:22+00:00\",\"breadcrumb\":{\"@id\":\"https:\/\/elten.com\/pl\/grupy-produktow\/e-track\/#breadcrumb\"},\"inLanguage\":\"pl-PL\",\"potentialAction\":[{\"@type\":\"ReadAction\",\"target\":[\"https:\/\/elten.com\/pl\/grupy-produktow\/e-track\/\"]}]},{\"@type\":\"BreadcrumbList\",\"@id\":\"https:\/\/elten.com\/pl\/grupy-produktow\/e-track\/#breadcrumb\",\"itemListElement\":[{\"@type\":\"ListItem\",\"position\":1,\"name\":\"Startseite\",\"item\":\"https:\/\/elten.com\/pl\/\"},{\"@type\":\"ListItem\",\"position\":2,\"name\":\"Grupy produkt\u00f3w\",\"item\":\"https:\/\/elten.com\/pl\/grupy-produktow\/\"},{\"@type\":\"ListItem\",\"position\":3,\"name\":\"E-TRACK\"}]},{\"@type\":\"WebSite\",\"@id\":\"https:\/\/elten.com\/pl\/#website\",\"url\":\"https:\/\/elten.com\/pl\/\",\"name\":\"ELTEN GmbH\",\"description\":\"Sicherheitsschuhe | Arbeitsschuhe | LOWA WORK COLLECTION | ELTEN GmbH\",\"potentialAction\":[{\"@type\":\"SearchAction\",\"target\":{\"@type\":\"EntryPoint\",\"urlTemplate\":\"https:\/\/elten.com\/pl\/?s={search_term_string}\"},\"query-input\":\"required name=search_term_string\"}],\"inLanguage\":\"pl-PL\"}]}<\/script>\n<!-- \/ Yoast SEO Premium plugin. -->","yoast_head_json":{"title":"E-TRACK - ELTEN GmbH","robots":{"index":"index","follow":"follow","max-snippet":"max-snippet:-1","max-image-preview":"max-image-preview:large","max-video-preview":"max-video-preview:-1"},"canonical":"https:\/\/elten.com\/pl\/grupy-produktow\/e-track\/","og_locale":"pl_PL","og_type":"article","og_title":"E-TRACK","og_url":"https:\/\/elten.com\/pl\/grupy-produktow\/e-track\/","og_site_name":"ELTEN GmbH","article_modified_time":"2024-04-23T08:12:22+00:00","og_image":[{"url":"https:\/\/elten.com\/wp-content\/uploads\/2023\/10\/E-Track-01-PL-RUNAWAY-black-Low-ESD-S3.jpg"}],"twitter_card":"summary_large_image","twitter_misc":{"Szacowany czas czytania":"6 minut"},"schema":{"@context":"https:\/\/schema.org","@graph":[{"@type":"WebPage","@id":"https:\/\/elten.com\/pl\/grupy-produktow\/e-track\/","url":"https:\/\/elten.com\/pl\/grupy-produktow\/e-track\/","name":"E-TRACK - ELTEN GmbH","isPartOf":{"@id":"https:\/\/elten.com\/pl\/#website"},"datePublished":"2023-10-27T10:04:57+00:00","dateModified":"2024-04-23T08:12:22+00:00","breadcrumb":{"@id":"https:\/\/elten.com\/pl\/grupy-produktow\/e-track\/#breadcrumb"},"inLanguage":"pl-PL","potentialAction":[{"@type":"ReadAction","target":["https:\/\/elten.com\/pl\/grupy-produktow\/e-track\/"]}]},{"@type":"BreadcrumbList","@id":"https:\/\/elten.com\/pl\/grupy-produktow\/e-track\/#breadcrumb","itemListElement":[{"@type":"ListItem","position":1,"name":"Startseite","item":"https:\/\/elten.com\/pl\/"},{"@type":"ListItem","position":2,"name":"Grupy produkt\u00f3w","item":"https:\/\/elten.com\/pl\/grupy-produktow\/"},{"@type":"ListItem","position":3,"name":"E-TRACK"}]},{"@type":"WebSite","@id":"https:\/\/elten.com\/pl\/#website","url":"https:\/\/elten.com\/pl\/","name":"ELTEN GmbH","description":"Sicherheitsschuhe | Arbeitsschuhe | LOWA WORK COLLECTION | ELTEN GmbH","potentialAction":[{"@type":"SearchAction","target":{"@type":"EntryPoint","urlTemplate":"https:\/\/elten.com\/pl\/?s={search_term_string}"},"query-input":"required name=search_term_string"}],"inLanguage":"pl-PL"}]}},"_links":{"self":[{"href":"https:\/\/elten.com\/pl\/wp-json\/wp\/v2\/pages\/355501","targetHints":{"allow":["GET"]}}],"collection":[{"href":"https:\/\/elten.com\/pl\/wp-json\/wp\/v2\/pages"}],"about":[{"href":"https:\/\/elten.com\/pl\/wp-json\/wp\/v2\/types\/page"}],"author":[{"embeddable":true,"href":"https:\/\/elten.com\/pl\/wp-json\/wp\/v2\/users\/2"}],"replies":[{"embeddable":true,"href":"https:\/\/elten.com\/pl\/wp-json\/wp\/v2\/comments?post=355501"}],"version-history":[{"count":3,"href":"https:\/\/elten.com\/pl\/wp-json\/wp\/v2\/pages\/355501\/revisions"}],"predecessor-version":[{"id":378002,"href":"https:\/\/elten.com\/pl\/wp-json\/wp\/v2\/pages\/355501\/revisions\/378002"}],"up":[{"embeddable":true,"href":"https:\/\/elten.com\/pl\/wp-json\/wp\/v2\/pages\/355498"}],"wp:attachment":[{"href":"https:\/\/elten.com\/pl\/wp-json\/wp\/v2\/media?parent=355501"}],"wp:term":[{"taxonomy":"category","embeddable":true,"href":"https:\/\/elten.com\/pl\/wp-json\/wp\/v2\/categories?post=355501"},{"taxonomy":"post_tag","embeddable":true,"href":"https:\/\/elten.com\/pl\/wp-json\/wp\/v2\/tags?post=355501"}],"curies":[{"name":"wp","href":"https:\/\/api.w.org\/{rel}","templated":true}]}}