{"id":355510,"date":"2023-10-27T13:02:28","date_gmt":"2023-10-27T11:02:28","guid":{"rendered":"http:\/\/relaunch.elten.com.w01ca985.kasserver.com\/?page_id=355510"},"modified":"2023-11-16T16:43:04","modified_gmt":"2023-11-16T15:43:04","slug":"jori-professional","status":"publish","type":"page","link":"https:\/\/elten.com\/pl\/grupy-produktow\/jori-professional\/","title":{"rendered":"Jori by ELTEN"},"content":{"rendered":"<div id='av-layout-grid-1'  class='av-layout-grid-container av-7p85f8l-b9412890a1d082c565ea37dd117dc725 entry-content-wrapper main_color av-flex-cells  avia-builder-el-0  el_before_av_one_full  avia-builder-el-first  el-produktgruppen-head  container_wrap sidebar_right'  >\n\n<style type=\"text\/css\" data-created_by=\"avia_inline_auto\" id=\"style-css-av-7a3582t-2f2d02a8f51e0b2a596a8c930ce4c110\">\n.flex_cell.av-7a3582t-2f2d02a8f51e0b2a596a8c930ce4c110{\nvertical-align:top;\n}\n.responsive #top #wrap_all .flex_cell.av-7a3582t-2f2d02a8f51e0b2a596a8c930ce4c110{\npadding:0px 0px 0px 0px !important;\n}\n<\/style>\n<div class='flex_cell av-7a3582t-2f2d02a8f51e0b2a596a8c930ce4c110 av-gridrow-cell av_one_third no_margin  avia-builder-el-1  el_before_av_cell_one_third  avia-builder-el-first  av-zero-padding'  ><div class='flex_cell_inner'><p><section  class='av_textblock_section av-lm4u287u-88da69e322be5712a6b1d973a560cd6a '   itemscope=\"itemscope\" itemtype=\"https:\/\/schema.org\/CreativeWork\" ><div class='avia_textblock'  itemprop=\"text\" ><p><img decoding=\"async\" src=\"https:\/\/elten.com\/wp-content\/uploads\/2023\/10\/Jori-by-ELTEN-01-PL-jo_SLIM-lime-Low-ESD-S3.jpg\" alt=\"\" \/><\/p>\n<\/div><\/section><br \/>\n<section  class='av_textblock_section av-lm4u5z1z-f24e111338a9c9c34f14ede015b5076d '   itemscope=\"itemscope\" itemtype=\"https:\/\/schema.org\/CreativeWork\" ><div class='av-small-hide av-mini-hide avia_textblock el-half-width-images'  itemprop=\"text\" ><p><a href=\"https:\/\/elten.com\/pl\/products\/jo_vivid-blue-low-s1p-12631\/\"><img decoding=\"async\" src=\"https:\/\/elten.com\/wp-content\/uploads\/2023\/09\/Jori-by-ELTEN-02-jo_VIVID-blue-Low-ESD-S1P.jpg\" \/><\/a><img decoding=\"async\" src=\"https:\/\/elten.com\/wp-content\/uploads\/2023\/09\/Jori-by-ELTEN-03-Detail-Logo-Jori-by-ELTEN.jpg\" \/><\/p>\n<\/div><\/section><\/p>\n<\/div><\/div>\n<style type=\"text\/css\" data-created_by=\"avia_inline_auto\" id=\"style-css-av-6hu0a79-bf52189f5139908eb8ce5dbf18ecc488\">\n.flex_cell.av-6hu0a79-bf52189f5139908eb8ce5dbf18ecc488{\nvertical-align:top;\n}\n.responsive #top #wrap_all .flex_cell.av-6hu0a79-bf52189f5139908eb8ce5dbf18ecc488{\npadding:0px 0px 0px 0px !important;\n}\n<\/style>\n<div class='flex_cell av-6hu0a79-bf52189f5139908eb8ce5dbf18ecc488 av-gridrow-cell av_one_third no_margin av-hide-on-mobile  avia-builder-el-4  el_after_av_cell_one_third  el_before_av_cell_one_third  av-zero-padding'  ><div class='flex_cell_inner'><p><section  class='av_textblock_section av-lm4ubrhm-ba6dd41306bd2241742a0a1c44ba5cc0 '   itemscope=\"itemscope\" itemtype=\"https:\/\/schema.org\/CreativeWork\" ><div class='avia_textblock el-half-width-images'  itemprop=\"text\" ><p><a href=\"https:\/\/elten.com\/pl\/products\/jo_speedy-black-red-low-esd-s1p-12141\/\"><img decoding=\"async\" src=\"https:\/\/elten.com\/wp-content\/uploads\/2023\/09\/Jori-by-ELTEN-04-jo_SPEEDY-black-red-Low-ESD-S3.jpg\" \/><\/a><a href=\"https:\/\/elten.com\/pl\/products\/achim-s3-16321\/\"><img decoding=\"async\" src=\"https:\/\/elten.com\/wp-content\/uploads\/2023\/09\/Jori-by-ELTEN-05-ACHIM-S3.jpg\" \/><\/a><a href=\"https:\/\/elten.com\/pl\/products\/jo_swift-boa-black-low-esd-s3-12081\/\"><img decoding=\"async\" src=\"https:\/\/elten.com\/wp-content\/uploads\/2023\/09\/Jori-by-ELTEN-06-jo_SWIFT-BOA-black-Low-ESD-S3.jpg\" \/><\/a><a href=\"https:\/\/elten.com\/pl\/products\/jo_rapid-blue-yellow-low-esd-s3-12031\/\"><img decoding=\"async\" src=\"https:\/\/elten.com\/wp-content\/uploads\/2023\/09\/Jori-by-ELTEN-07-jo_RAPID-blue-yellow-Low-ESD-S3.jpg\" \/><\/a><\/p>\n<\/div><\/section><br \/>\n<section  class='av_textblock_section av-6cp31ph-0ff37cd557ab74135e7b4385b84a13ce '   itemscope=\"itemscope\" itemtype=\"https:\/\/schema.org\/CreativeWork\" ><div class='avia_textblock el-half-width-images'  itemprop=\"text\" ><p><a href=\"https:\/\/elten.com\/pl\/products\/jo_powerful-black-mid-s3-16611\/\"><img decoding=\"async\" src=\"https:\/\/elten.com\/wp-content\/uploads\/2023\/09\/Jori-by-ELTEN-08-jo_POWERFUL-black-Mid-S3.jpg\" \/><\/a><a href=\"https:\/\/elten.com\/pl\/technologia\/boa-fit-system\/\"><img decoding=\"async\" src=\"https:\/\/elten.com\/wp-content\/uploads\/2023\/09\/Jori-by-ELTEN-09-Detail-BOA.jpg\" \/><\/a><\/p>\n<\/div><\/section><\/p>\n<\/div><\/div>\n<style type=\"text\/css\" data-created_by=\"avia_inline_auto\" id=\"style-css-av-5ro4j6t-f2f1d196a4d3c095eb86aa2b8534a17f\">\n.flex_cell.av-5ro4j6t-f2f1d196a4d3c095eb86aa2b8534a17f{\nvertical-align:top;\n}\n.responsive #top #wrap_all .flex_cell.av-5ro4j6t-f2f1d196a4d3c095eb86aa2b8534a17f{\npadding:0px 0px 0px 0px !important;\n}\n<\/style>\n<div class='flex_cell av-5ro4j6t-f2f1d196a4d3c095eb86aa2b8534a17f av-gridrow-cell av_one_third no_margin av-hide-on-mobile  avia-builder-el-7  el_after_av_cell_one_third  avia-builder-el-last  av-zero-padding'  ><div class='flex_cell_inner'><p><section  class='av_textblock_section av-5e6je79-b22a46c08dffec7b70e71fdc5a74414e '   itemscope=\"itemscope\" itemtype=\"https:\/\/schema.org\/CreativeWork\" ><div class='avia_textblock el-half-width-images'  itemprop=\"text\" ><p><a href=\"https:\/\/elten.com\/pl\/products\/jo_speedy-black-aqua-low-esd-s1p-12131\/\"><img decoding=\"async\" src=\"https:\/\/elten.com\/wp-content\/uploads\/2023\/09\/Jori-by-ELTEN-10-jo_SPEEDY-black-aqua-Low-ESD-S1P.jpg\" \/><\/a><a href=\"https:\/\/elten.com\/pl\/products\/rocky-s3-16881\/\"><img decoding=\"async\" src=\"https:\/\/elten.com\/wp-content\/uploads\/2023\/09\/Jori-by-ELTEN-11-ROCKY-S3.jpg\" \/><\/a><\/p>\n<\/div><\/section><br \/>\n<section  class='av_textblock_section av-517gu4l-a73d33f3f8460ed1ce2a0b126486647d '   itemscope=\"itemscope\" itemtype=\"https:\/\/schema.org\/CreativeWork\" ><div class='avia_textblock'  itemprop=\"text\" ><p><a href=\"https:\/\/elten.com\/pl\/products\/jo_max-boa-low-s3-12771\/\"><img decoding=\"async\" src=\"https:\/\/elten.com\/wp-content\/uploads\/2023\/09\/Jori-by-ELTEN-12-jo_MAX-BOA-Low-S3.jpg\" \/><\/a><\/p>\n<\/div><\/section><\/p>\n<\/div><\/div><\/div><div id='after_grid_row_1'  class='main_color av_default_container_wrap container_wrap sidebar_right'  ><div class='container av-section-cont-open' ><div class='template-page content  av-content-small alpha units'><div class='post-entry post-entry-type-page post-entry-355510'><div class='entry-content-wrapper clearfix'><div  class='flex_column av-4jfdpnp-9ce8a485f5ca57e8a4a4f79f40a749a3 av_one_full  avia-builder-el-10  el_after_av_layout_row  el_before_av_one_full  avia-builder-el-first  first flex_column_div  '     ><p>\n<style type=\"text\/css\" data-created_by=\"avia_inline_auto\" id=\"style-css-av-3to0xt1-99362847c8b884fe9018d65db8404d8d\">\n#top .av-special-heading.av-3to0xt1-99362847c8b884fe9018d65db8404d8d{\npadding-bottom:10px;\ncolor:#dd0b2e;\n}\nbody .av-special-heading.av-3to0xt1-99362847c8b884fe9018d65db8404d8d .av-special-heading-tag .heading-char{\nfont-size:25px;\n}\n.av-special-heading.av-3to0xt1-99362847c8b884fe9018d65db8404d8d .special-heading-inner-border{\nborder-color:#dd0b2e;\n}\n.av-special-heading.av-3to0xt1-99362847c8b884fe9018d65db8404d8d .av-subheading{\nfont-size:15px;\n}\n<\/style>\n<div  class='av-special-heading av-3to0xt1-99362847c8b884fe9018d65db8404d8d av-special-heading-h1 custom-color-heading  avia-builder-el-11  el_before_av_textblock  avia-builder-el-first '><h1 class='av-special-heading-tag'  itemprop=\"headline\"  >Jori by ELTEN<\/h1><div class=\"special-heading-border\"><div class=\"special-heading-inner-border\"><\/div><\/div><\/div><br \/>\n<section  class='av_textblock_section av-loygd8tk-200b039a0206587f5cd0e18c968048bc '   itemscope=\"itemscope\" itemtype=\"https:\/\/schema.org\/CreativeWork\" ><div class='avia_textblock'  itemprop=\"text\" ><h3>TRADYCYJNIE DOBRE<\/h3>\n<\/div><\/section><br \/>\n<section  class='av_textblock_section av-loygd0o2-b7b7f2ccb8deb20f8d5b8d7c1a00f5bc '   itemscope=\"itemscope\" itemtype=\"https:\/\/schema.org\/CreativeWork\" ><div class='avia_textblock'  itemprop=\"text\" ><h3>WYGODNE, BEZPIECZNE I NOWOCZESNE<\/h3>\n<p>Jori, producent obuwia roboczego, od ponad 150 lat jest synonimem niezawodno\u015bci i jako\u015bci, wysokiego komfortu noszenia i wyrafinowanego wzornictwa. Marka z tarcz\u0105 rycersk\u0105 w logo cieszy si\u0119 doskona\u0142\u0105 reputacj\u0105 w\u015br\u00f3d rzemie\u015blnik\u00f3w i pracownik\u00f3w przemys\u0142owych w Zag\u0142\u0119biu Ruhry, i s\u0142usznie, poniewa\u017c buty ochronne Jori s\u0105 niezwykle wytrzyma\u0142e i zawsze zapewniaj\u0105 komfort chodzenia.<\/p>\n<h3>SZEROKI ASORTYMENT<\/h3>\n<p>Zgodnie z mottem \u201enowoczesne i funkcjonalne\u201d, buty Jori oferuj\u0105 wszystko, czego potrzebujesz w codziennym \u017cyciu zawodowym. Zw\u0142aszcza ci, kt\u00f3rzy w swojej pracy maj\u0105 do czynienia z r\u00f3\u017cnymi wyzwaniami, potrzebuj\u0105 ochrony st\u00f3p, kt\u00f3ra jest odporna, wygodna w noszeniu i gwarantuje najlepsze mo\u017cliwe bezpiecze\u0144stwo w ka\u017cdej sytuacji. W naszym asortymencie znajduj\u0105 si\u0119 p\u00f3\u0142buty i buty ochronne w r\u00f3\u017cnych wersjach: od sportowego modelu SWIFT w kolorze zielono-\u017c\u00f3\u0142tym z podeszw\u0105 zewn\u0119trzn\u0105 wykonan\u0105 z gumy i poliuretanu, przez bezpieczne buty zimowe JERRY z ciep\u0142\u0105 podszewk\u0105 w klasie ochrony S3, po p\u00f3\u0142buty wsuwane do bia\u0142ego obszaru, oferujemy ca\u0142\u0105 gam\u0119 obuwia ochronnego do ka\u017cdego obszaru pracy i zastosowania.<\/p>\n<h3>STWORZONE DLA PROFESJONALIST\u00d3W W\u015aR\u00d3D NAS<\/h3>\n<p>Buty Jori maj\u0105 wiele specjalnych cech: na przyk\u0142ad oddychaj\u0105c\u0105 wewn\u0119trzn\u0105 podszewk\u0119, BOA\u00ae Fit System zapewniaj\u0105cy bezpieczne i precyzyjne dopasowanie do stopy lub wyj\u0105tkowo antypo\u015blizgow\u0105 podeszw\u0119. Ponadto asortyment obejmuje r\u00f3\u017cne serie, takie jak buty z serii jo_SPEEDY, kt\u00f3re s\u0105 szczeg\u00f3lnie sportowe i s\u0105 produkowane bez metalu lub sk\u00f3ry, lub seria jo_RAPID wykonana z hydrofobowej mikrofibry i szczeg\u00f3lnie oddychaj\u0105cej tekstylnej podszewki wewn\u0119trznej. Ponadto, stosowane s\u0105 r\u00f3wnie\u017c r\u00f3\u017cne rodzaje podeszew, wykonane specjalnie dla but\u00f3w Jori. Na przyk\u0142ad podeszwa FLAME wykonana z gumy\/PU o g\u0142\u0119boko\u015bci bie\u017cnika 4 mm lub podeszwa jo_MAX o g\u0142\u0119boko\u015bci bie\u017cnika 3 mm. Podeszwy jo_BASIC i NEW BASIC s\u0105 wykonane z po\u0142\u0105czenia PU\/PU i zapewniaj\u0105 doskona\u0142\u0105 przyczepno\u015b\u0107 na \u015bliskich pod\u0142ogach. Podeszwa jo_TWIST jest r\u00f3wnie\u017c po\u0142\u0105czeniem PU\/PU i zapewnia sportow\u0105 lekko\u015b\u0107 i elastyczno\u015b\u0107. Podeszwa PU mono jo_MONO jest u\u017cywana w kolekcji czarno-bia\u0142ej i obiecuje maksymaln\u0105 odporno\u015b\u0107 na po\u015blizg w ka\u017cdym obszarze u\u017cytkowania.<\/p>\n<p>Niezale\u017cnie od tego, czy chodzi o przemys\u0142, rzemios\u0142o czy sektor us\u0142ug: dzi\u0119ki obuwiu ochronnemu Jori jeste\u015b przygotowany na wszystkie wyzwania.<\/p>\n<\/div><\/section><br \/>\n\n<style type=\"text\/css\" data-created_by=\"avia_inline_auto\" id=\"style-css-av-loyghfre-be2e67b74be3f075edcf43d97e5ff05e\">\n#top .hr.hr-invisible.av-loyghfre-be2e67b74be3f075edcf43d97e5ff05e{\nheight:20px;\n}\n<\/style>\n<div  class='hr av-loyghfre-be2e67b74be3f075edcf43d97e5ff05e hr-invisible  avia-builder-el-14  el_after_av_textblock  el_before_av_textblock '><span class='hr-inner '><span class=\"hr-inner-style\"><\/span><\/span><\/div><br \/>\n<section  class='av_textblock_section av-lp0v95ba-3c3bf425cc493dd6c23dfbd1ba9b5488 '   itemscope=\"itemscope\" itemtype=\"https:\/\/schema.org\/CreativeWork\" ><div class='avia_textblock'  itemprop=\"text\" ><h3>PRODUKTY<\/h3>\n<\/div><\/section><\/p><\/div><\/p>\n<div  class='flex_column av-239fvqd-9c7f7802582a09bdf7ce0c305da0f94b av_one_full  avia-builder-el-16  el_after_av_one_full  el_before_av_button  first flex_column_div  column-top-margin'     ><div  id=\"av-sc-portfolio-1\"  class=' grid-sort-container isotope   no_margin-container with-title-container grid-total-even grid-col-4 grid-links-' data-portfolio-id='1'><div data-ajax-id='342919' class=' grid-entry flex_column isotope-item all_sort no_margin post-entry post-entry-342919 grid-entry-overview grid-loop-1 grid-parity-odd  bau-pl_sort 10700_mander-malms-softastatic-sav-02-pl_sort 10800_mander-malms-softastatic-sa-pur-02-pl_sort 10100_esd-pro-pl_sort podnosek-pl_sort gumowa-pl_sort hro-pl_sort mieszanka-skory-i-tekstyliow-pl_sort sc-pl_sort fo-pl_sort sr-pl_sort podnosek-z-tworzywa-sztucznego-pl_sort ochrona-trudnoprzebiciowa-niezawierajaca-metalu-pl_sort s3s-pl_sort mittel-normal-pl_sort weit-pl_sort 04-uniseks-pl_sort 05-divers-pl_sort sznurowadla-pl_sort _einsatzgebiet-bau-pl_sort _einsatzgebiet-gerustbauer-pl_sort _einsatzgebiet-gerustbauer-vorschau-pl_sort _einsatzgebiet-maler-lackierer-pl_sort 03800-pl_sort 03900-pl_sort 04000-pl_sort 04100-pl_sort 04200-pl_sort 04300-pl_sort 04400-pl_sort 04500-pl_sort 04600-pl_sort 04700-pl_sort 04800-pl_sort czarny-pl_sort en-iso-20345-pl_sort gerustbauer-pl_sort jori-pl_sort jori-professional-pl_sort maler-und-lackierer-pl_sort nie-pl_sort obcas-pl_sort podszewka-tekstylna-pl_sort trzewiki-forma-b-pl_sort wkladki-pl_sort  av_one_fourth first default_av_fullwidth '><article class='main_color inner-entry'  itemscope=\"itemscope\" itemtype=\"https:\/\/schema.org\/CreativeWork\" ><a href=\"https:\/\/elten.com\/pl\/products\/jo_max-mid-s3s-16731\/\" title='jo_MAX Mid S3S &#8211; 16731'  data-rel='grid-1' class='grid-image avia-hover-fx'> <img decoding=\"async\" fetchpriority=\"high\" width=\"1\" height=\"1\" src=\"https:\/\/elten.com\/wp-content\/uploads\/products\/16731-01.jpg\" class=\"wp-image-373505 avia-img-lazy-loading-not-373505 attachment-portfolio_small size-portfolio_small wp-post-image\" alt=\"jo_MAX Mid S3 - 16731\" \/><\/a><div class='grid-content'><div class='avia-arrow'><\/div><header class=\"entry-content-header\"><h3 class='grid-entry-title entry-title '  itemprop=\"headline\" ><a href='https:\/\/elten.com\/pl\/products\/jo_max-mid-s3s-16731\/' title='jo_MAX Mid S3S &#8211; 16731'>jo_MAX Mid S3S &#8211; 16731<\/a><\/h3><\/header><\/div><footer class=\"entry-footer\"><\/footer><\/article><\/div><div data-ajax-id='343160' class=' grid-entry flex_column isotope-item all_sort no_margin post-entry post-entry-343160 grid-entry-overview grid-loop-2 grid-parity-even  10300_bauerfeind-ergo-pad-workh-pl_sort 11000_seidl-sensoped-esd-3596-pl_sort 50600_currex-work-pro-pl_sort 10100_esd-pro-pl_sort 50100_sensicare-pl_sort gumowa-pl_sort hro-pl_sort fo-pl_sort sr-pl_sort bez-uzycia-metalu-pl_sort bez-uzycia-skory-pl_sort material-tekstylny-pl_sort sportowy-pl_sort podnosek-z-tworzywa-sztucznego-pl_sort ochrona-trudnoprzebiciowa-niezawierajaca-metalu-pl_sort mittel-normal-pl_sort weit-pl_sort rfid-chip-pl_sort 04-uniseks-pl_sort 05-divers-pl_sort sznurowadla-pl_sort s1ps-pl_sort _einsatzgebiet-trockenbaumonteur-pl_sort 03600-pl_sort 03700-pl_sort 03800-pl_sort 03900-pl_sort 04000-pl_sort 04100-pl_sort 04200-pl_sort 04300-pl_sort 04400-pl_sort 04500-pl_sort 04600-pl_sort 04700-pl_sort 04800-pl_sort bez-metalu-pl_sort en-iso-20345-pl_sort esd-pl_sort jori-pl_sort jori-professional-pl_sort niebieski-pl_sort obcas-pl_sort podszewka-tekstylna-pl_sort polbuty-pl_sort trockenbau-pl_sort wkladki-pl_sort  av_one_fourth  default_av_fullwidth '><article class='main_color inner-entry'  itemscope=\"itemscope\" itemtype=\"https:\/\/schema.org\/CreativeWork\" ><a href=\"https:\/\/elten.com\/pl\/products\/jo_swift-blue-yellow-low-esd-s1ps-12071\/\" title='jo_SWIFT blue-yellow Low ESD S1PS &#8211; 12071'  data-rel='grid-1' class='grid-image avia-hover-fx'> <img decoding=\"async\" fetchpriority=\"high\" width=\"1\" height=\"1\" src=\"https:\/\/elten.com\/wp-content\/uploads\/products\/12071-01.jpg\" class=\"wp-image-373921 avia-img-lazy-loading-not-373921 attachment-portfolio_small size-portfolio_small wp-post-image\" alt=\"jo_SWIFT blue-yellow Low ESD S1P - 12071\" \/><\/a><div class='grid-content'><div class='avia-arrow'><\/div><header class=\"entry-content-header\"><h3 class='grid-entry-title entry-title '  itemprop=\"headline\" ><a href='https:\/\/elten.com\/pl\/products\/jo_swift-blue-yellow-low-esd-s1ps-12071\/' title='jo_SWIFT blue-yellow Low ESD S1PS &#8211; 12071'>jo_SWIFT blue-yellow Low ESD S1PS &#8211; 12071<\/a><\/h3><\/header><\/div><footer class=\"entry-footer\"><\/footer><\/article><\/div><div data-ajax-id='342852' class=' grid-entry flex_column isotope-item all_sort no_margin post-entry post-entry-342852 grid-entry-overview grid-loop-3 grid-parity-odd  solidny-pl_sort skorzana-pl_sort podnosek-z-metalu-pl_sort stalowa-trudnoprzebiciowa-miedzypodeszwa-ochronna-pl_sort mittel-normal-pl_sort weit-pl_sort 04-uniseks-pl_sort 05-divers-pl_sort sznurowadla-pl_sort mono-pu-pl_sort 03600-pl_sort 03700-pl_sort 03800-pl_sort 03900-pl_sort 04000-pl_sort 04100-pl_sort 04200-pl_sort 04300-pl_sort 04400-pl_sort 04500-pl_sort 04600-pl_sort 04700-pl_sort 04800-pl_sort czarny-pl_sort en-iso-20345-pl_sort jori-pl_sort jori-professional-pl_sort nie-pl_sort obcas-pl_sort podszewka-zimowa-pl_sort s3-pl_sort trzewiki-forma-c-pl_sort zadne-pl_sort  av_one_fourth  default_av_fullwidth '><article class='main_color inner-entry'  itemscope=\"itemscope\" itemtype=\"https:\/\/schema.org\/CreativeWork\" ><a href=\"https:\/\/elten.com\/pl\/products\/scott-s3-uk-18351\/\" title='SCOTT S3 \u00dcK &#8211; 18351'  data-rel='grid-1' class='grid-image avia-hover-fx'> <img decoding=\"async\" fetchpriority=\"high\" width=\"1\" height=\"1\" src=\"https:\/\/elten.com\/wp-content\/uploads\/products\/18351-01.jpg\" class=\"wp-image-371905 avia-img-lazy-loading-not-371905 attachment-portfolio_small size-portfolio_small wp-post-image\" alt=\"SCOTT S3 \u00dcK - 18351\" \/><\/a><div class='grid-content'><div class='avia-arrow'><\/div><header class=\"entry-content-header\"><h3 class='grid-entry-title entry-title '  itemprop=\"headline\" ><a href='https:\/\/elten.com\/pl\/products\/scott-s3-uk-18351\/' title='SCOTT S3 \u00dcK &#8211; 18351'>SCOTT S3 \u00dcK &#8211; 18351<\/a><\/h3><\/header><\/div><footer class=\"entry-footer\"><\/footer><\/article><\/div><div data-ajax-id='342908' class=' grid-entry flex_column isotope-item all_sort no_margin post-entry post-entry-342908 grid-entry-overview grid-loop-4 grid-parity-even  post-entry-last  bau-pl_sort mieszanka-skory-i-tekstyliow-pl_sort klasyczny-pl_sort ochrona-trudnoprzebiciowa-niezawierajaca-metalu-pl_sort podnosek-z-metalu-pl_sort mittel-normal-pl_sort weit-pl_sort 04-uniseks-pl_sort 05-divers-pl_sort sznurowadla-pl_sort mono-pu-pl_sort _einsatzgebiet-bau-pl_sort 03600-pl_sort 03700-pl_sort 03800-pl_sort 03900-pl_sort 04000-pl_sort 04100-pl_sort 04200-pl_sort 04300-pl_sort 04400-pl_sort 04500-pl_sort 04600-pl_sort 04700-pl_sort 04800-pl_sort czarny-pl_sort en-iso-20345-pl_sort jori-pl_sort jori-professional-pl_sort nie-pl_sort obcas-pl_sort podszewka-tekstylna-pl_sort s3-pl_sort trzewiki-forma-b-pl_sort zadne-pl_sort  av_one_fourth  default_av_fullwidth '><article class='main_color inner-entry'  itemscope=\"itemscope\" itemtype=\"https:\/\/schema.org\/CreativeWork\" ><a href=\"https:\/\/elten.com\/pl\/products\/jo_colour-orange-mid-s3-16941\/\" title='jo_COLOUR orange Mid S3 &#8211; 16941'  data-rel='grid-1' class='grid-image avia-hover-fx'> <img decoding=\"async\" fetchpriority=\"high\" width=\"1\" height=\"1\" src=\"https:\/\/elten.com\/wp-content\/uploads\/products\/16941-01.jpg\" class=\"wp-image-408348 avia-img-lazy-loading-not-408348 attachment-portfolio_small size-portfolio_small wp-post-image\" alt=\"jo_COLOUR orange Mid S3 - 16941\" \/><\/a><div class='grid-content'><div class='avia-arrow'><\/div><header class=\"entry-content-header\"><h3 class='grid-entry-title entry-title '  itemprop=\"headline\" ><a href='https:\/\/elten.com\/pl\/products\/jo_colour-orange-mid-s3-16941\/' title='jo_COLOUR orange Mid S3 &#8211; 16941'>jo_COLOUR orange Mid S3 &#8211; 16941<\/a><\/h3><\/header><\/div><footer class=\"entry-footer\"><\/footer><\/article><\/div><\/div><\/div><div  class='avia-button-wrap av-loygbgad-8f189c1ddeff2dc558d8b28d4effea0b-wrap avia-button-center  avia-builder-el-18  el_after_av_one_full  avia-builder-el-last '><a href='https:\/\/elten.com\/pl\/grupy-produktow\/jori-by-elten-przeglad\/'  class='avia-button av-loygbgad-8f189c1ddeff2dc558d8b28d4effea0b avia-icon_select-no avia-size-medium avia-position-center avia-color-theme-color'  ><span class='avia_iconbox_title' >Wsztstkie produkty<\/span><\/a><\/div><\/p>\n","protected":false},"excerpt":{"rendered":"","protected":false},"author":2,"featured_media":0,"parent":355498,"menu_order":0,"comment_status":"closed","ping_status":"closed","template":"","meta":{"footnotes":""},"categories":[596],"tags":[],"class_list":["post-355510","page","type-page","status-publish","hentry","category-produktgruppen-pl"],"yoast_head":"<!-- This site is optimized with the Yoast SEO Premium plugin v21.9 (Yoast SEO v21.9.1) - https:\/\/yoast.com\/wordpress\/plugins\/seo\/ -->\n<title>Jori by ELTEN - ELTEN GmbH<\/title>\n<meta name=\"robots\" content=\"index, follow, max-snippet:-1, max-image-preview:large, max-video-preview:-1\" \/>\n<link rel=\"canonical\" href=\"https:\/\/elten.com\/pl\/grupy-produktow\/jori-professional\/\" \/>\n<meta property=\"og:locale\" content=\"pl_PL\" \/>\n<meta property=\"og:type\" content=\"article\" \/>\n<meta property=\"og:title\" content=\"Jori by ELTEN\" \/>\n<meta property=\"og:url\" content=\"https:\/\/elten.com\/pl\/grupy-produktow\/jori-professional\/\" \/>\n<meta property=\"og:site_name\" content=\"ELTEN GmbH\" \/>\n<meta property=\"article:modified_time\" content=\"2023-11-16T15:43:04+00:00\" \/>\n<meta property=\"og:image\" content=\"https:\/\/elten.com\/wp-content\/uploads\/2023\/10\/Jori-by-ELTEN-01-PL-jo_SLIM-lime-Low-ESD-S3.jpg\" \/>\n<meta name=\"twitter:card\" content=\"summary_large_image\" \/>\n<meta name=\"twitter:label1\" content=\"Szacowany czas czytania\" \/>\n\t<meta name=\"twitter:data1\" content=\"10 minut\" \/>\n<script type=\"application\/ld+json\" class=\"yoast-schema-graph\">{\"@context\":\"https:\/\/schema.org\",\"@graph\":[{\"@type\":\"WebPage\",\"@id\":\"https:\/\/elten.com\/pl\/grupy-produktow\/jori-professional\/\",\"url\":\"https:\/\/elten.com\/pl\/grupy-produktow\/jori-professional\/\",\"name\":\"Jori by ELTEN - ELTEN GmbH\",\"isPartOf\":{\"@id\":\"https:\/\/elten.com\/pl\/#website\"},\"datePublished\":\"2023-10-27T11:02:28+00:00\",\"dateModified\":\"2023-11-16T15:43:04+00:00\",\"breadcrumb\":{\"@id\":\"https:\/\/elten.com\/pl\/grupy-produktow\/jori-professional\/#breadcrumb\"},\"inLanguage\":\"pl-PL\",\"potentialAction\":[{\"@type\":\"ReadAction\",\"target\":[\"https:\/\/elten.com\/pl\/grupy-produktow\/jori-professional\/\"]}]},{\"@type\":\"BreadcrumbList\",\"@id\":\"https:\/\/elten.com\/pl\/grupy-produktow\/jori-professional\/#breadcrumb\",\"itemListElement\":[{\"@type\":\"ListItem\",\"position\":1,\"name\":\"Startseite\",\"item\":\"https:\/\/elten.com\/pl\/\"},{\"@type\":\"ListItem\",\"position\":2,\"name\":\"Grupy produkt\u00f3w\",\"item\":\"https:\/\/elten.com\/pl\/grupy-produktow\/\"},{\"@type\":\"ListItem\",\"position\":3,\"name\":\"Jori by ELTEN\"}]},{\"@type\":\"WebSite\",\"@id\":\"https:\/\/elten.com\/pl\/#website\",\"url\":\"https:\/\/elten.com\/pl\/\",\"name\":\"ELTEN GmbH\",\"description\":\"Sicherheitsschuhe | Arbeitsschuhe | LOWA WORK COLLECTION | ELTEN GmbH\",\"potentialAction\":[{\"@type\":\"SearchAction\",\"target\":{\"@type\":\"EntryPoint\",\"urlTemplate\":\"https:\/\/elten.com\/pl\/?s={search_term_string}\"},\"query-input\":\"required name=search_term_string\"}],\"inLanguage\":\"pl-PL\"}]}<\/script>\n<!-- \/ Yoast SEO Premium plugin. -->","yoast_head_json":{"title":"Jori by ELTEN - ELTEN GmbH","robots":{"index":"index","follow":"follow","max-snippet":"max-snippet:-1","max-image-preview":"max-image-preview:large","max-video-preview":"max-video-preview:-1"},"canonical":"https:\/\/elten.com\/pl\/grupy-produktow\/jori-professional\/","og_locale":"pl_PL","og_type":"article","og_title":"Jori by ELTEN","og_url":"https:\/\/elten.com\/pl\/grupy-produktow\/jori-professional\/","og_site_name":"ELTEN GmbH","article_modified_time":"2023-11-16T15:43:04+00:00","og_image":[{"url":"https:\/\/elten.com\/wp-content\/uploads\/2023\/10\/Jori-by-ELTEN-01-PL-jo_SLIM-lime-Low-ESD-S3.jpg"}],"twitter_card":"summary_large_image","twitter_misc":{"Szacowany czas czytania":"10 minut"},"schema":{"@context":"https:\/\/schema.org","@graph":[{"@type":"WebPage","@id":"https:\/\/elten.com\/pl\/grupy-produktow\/jori-professional\/","url":"https:\/\/elten.com\/pl\/grupy-produktow\/jori-professional\/","name":"Jori by ELTEN - ELTEN GmbH","isPartOf":{"@id":"https:\/\/elten.com\/pl\/#website"},"datePublished":"2023-10-27T11:02:28+00:00","dateModified":"2023-11-16T15:43:04+00:00","breadcrumb":{"@id":"https:\/\/elten.com\/pl\/grupy-produktow\/jori-professional\/#breadcrumb"},"inLanguage":"pl-PL","potentialAction":[{"@type":"ReadAction","target":["https:\/\/elten.com\/pl\/grupy-produktow\/jori-professional\/"]}]},{"@type":"BreadcrumbList","@id":"https:\/\/elten.com\/pl\/grupy-produktow\/jori-professional\/#breadcrumb","itemListElement":[{"@type":"ListItem","position":1,"name":"Startseite","item":"https:\/\/elten.com\/pl\/"},{"@type":"ListItem","position":2,"name":"Grupy produkt\u00f3w","item":"https:\/\/elten.com\/pl\/grupy-produktow\/"},{"@type":"ListItem","position":3,"name":"Jori by ELTEN"}]},{"@type":"WebSite","@id":"https:\/\/elten.com\/pl\/#website","url":"https:\/\/elten.com\/pl\/","name":"ELTEN GmbH","description":"Sicherheitsschuhe | Arbeitsschuhe | LOWA WORK COLLECTION | ELTEN GmbH","potentialAction":[{"@type":"SearchAction","target":{"@type":"EntryPoint","urlTemplate":"https:\/\/elten.com\/pl\/?s={search_term_string}"},"query-input":"required name=search_term_string"}],"inLanguage":"pl-PL"}]}},"_links":{"self":[{"href":"https:\/\/elten.com\/pl\/wp-json\/wp\/v2\/pages\/355510","targetHints":{"allow":["GET"]}}],"collection":[{"href":"https:\/\/elten.com\/pl\/wp-json\/wp\/v2\/pages"}],"about":[{"href":"https:\/\/elten.com\/pl\/wp-json\/wp\/v2\/types\/page"}],"author":[{"embeddable":true,"href":"https:\/\/elten.com\/pl\/wp-json\/wp\/v2\/users\/2"}],"replies":[{"embeddable":true,"href":"https:\/\/elten.com\/pl\/wp-json\/wp\/v2\/comments?post=355510"}],"version-history":[{"count":3,"href":"https:\/\/elten.com\/pl\/wp-json\/wp\/v2\/pages\/355510\/revisions"}],"predecessor-version":[{"id":361458,"href":"https:\/\/elten.com\/pl\/wp-json\/wp\/v2\/pages\/355510\/revisions\/361458"}],"up":[{"embeddable":true,"href":"https:\/\/elten.com\/pl\/wp-json\/wp\/v2\/pages\/355498"}],"wp:attachment":[{"href":"https:\/\/elten.com\/pl\/wp-json\/wp\/v2\/media?parent=355510"}],"wp:term":[{"taxonomy":"category","embeddable":true,"href":"https:\/\/elten.com\/pl\/wp-json\/wp\/v2\/categories?post=355510"},{"taxonomy":"post_tag","embeddable":true,"href":"https:\/\/elten.com\/pl\/wp-json\/wp\/v2\/tags?post=355510"}],"curies":[{"name":"wp","href":"https:\/\/api.w.org\/{rel}","templated":true}]}}