{"id":356767,"date":"2023-10-31T14:52:43","date_gmt":"2023-10-31T13:52:43","guid":{"rendered":"http:\/\/relaunch.elten.com.w01ca985.kasserver.com\/?page_id=356767"},"modified":"2025-09-24T16:07:19","modified_gmt":"2025-09-24T14:07:19","slug":"zrownowazony-rozwoj-czlonkostwa","status":"publish","type":"page","link":"https:\/\/elten.com\/pl\/o-nas\/zrownowazony-rozwoj-i-odpowiedzialnosc-spoleczna\/zrownowazony-rozwoj-czlonkostwa\/","title":{"rendered":"Zr\u00f3wnowa\u017cony rozw\u00f3j &#8211; cz\u0142onkostwa"},"content":{"rendered":"<div  class='flex_column av-av_one_full-41ee899840124b6993b57a87f996c353 av_one_full  avia-builder-el-0  avia-builder-el-no-sibling  first flex_column_div  '     ><section  class='av_textblock_section av-lmeq7mw0-715dead5f3e5d299a0aea6736e4bd232 '   itemscope=\"itemscope\" itemtype=\"https:\/\/schema.org\/CreativeWork\" ><div class='avia_textblock'  itemprop=\"text\" ><h3>CADS<\/h3>\n<p>The cooperative CADS for securely defined standards for the production of shoes and leather goods informs about the production and commercialisation of shoes and shoe materials free of harmful substances as well as environmentally friendly production.<br \/>\nAs a member of CADS, we are committed to protecting people and the environment from harmful substances. For this reason, we are committed to ensuring that our products permanently comply with the German and European limit values for restricted substances.<br \/>\nIn addition, CADS provides us with information on innovative production methods in order to manufacture more sustainably.<\/p>\n<p><a href=\"https:\/\/www.cads-shoes.com\/\" target=\"_blank\" rel=\"nofollow noopener\">https:\/\/www.cads-shoes.com\/<\/a><\/p>\n<\/div><\/section><br \/>\n<section  class='av_textblock_section av-av_textblock-92ab5b4c5448b40ef3b82fb3d397e98e '   itemscope=\"itemscope\" itemtype=\"https:\/\/schema.org\/CreativeWork\" ><div class='avia_textblock'  itemprop=\"text\" ><h3>Poprzez nasze cz\u0142onkostwo w amfori BSCI dajemy przyk\u0142ad.<\/h3>\n<p>Uznanie zewn\u0119trznych inicjatyw etycznych jest dla ELTEN GmbH wa\u017cnym aspektem w dziedzinie etycznego i zr\u00f3wnowa\u017conego biznesu. Dzia\u0142a na rzecz odpowiedzialno\u015bci spo\u0142ecznej, ochrony \u015brodowiska i praw cz\u0142owieka, a tym samym przyczynia si\u0119 do poprawy warunk\u00f3w pracy w globalnych \u0142a\u0144cuchach dostaw.<\/p>\n<p>Jedn\u0105 z wiod\u0105cych inicjatyw w tym zakresie jest amfori BSCI (Business Social Compliance Initiative), kt\u00f3ra wspiera firmy takie jak ELTEN GmbH we wdra\u017caniu etycznych i spo\u0142ecznych standard\u00f3w w ich \u0142a\u0144cuchach dostaw. Odbywa si\u0119 to poprzez szkolenie dostawc\u00f3w i monitorowanie przestrzegania mi\u0119dzynarodowych standard\u00f3w pracy, w tym praw pracowniczych, ochrony \u015brodowiska i innych wa\u017cnych kwestii.<\/p>\n<p>Podej\u015bcie amfori BSCI jest praktyczne i oparte na kluczowych mi\u0119dzynarodowych standardach pracy dotycz\u0105cych ochrony praw pracowniczych, takich jak konwencje i deklaracje Mi\u0119dzynarodowej Organizacji Pracy (MOP), Wytyczne Organizacji Narod\u00f3w Zjednoczonych (ONZ) dotycz\u0105ce biznesu i praw cz\u0142owieka oraz Wytyczne Organizacji Wsp\u00f3\u0142pracy Gospodarczej i Rozwoju (OECD) dla przedsi\u0119biorstw wielonarodowych. W Kodeksie Post\u0119powania ELTEN przyj\u0119to 11 podstawowych praw pracowniczych z Kodeksu Post\u0119powania amfori BSCI. ELTEN GmbH i jej partnerzy biznesowi zobowi\u0105zuj\u0105 si\u0119 do ich wdro\u017cenia w swoich \u0142a\u0144cuchach dostaw:<\/p>\n<p>1. <strong>Prawo do wolno\u015bci zrzeszania si\u0119 i prawo do negocjacji zbiorowych<\/strong><br \/>\nNasza firma szanuje prawo pracownik\u00f3w do tworzenia zwi\u0105zk\u00f3w zawodowych lub innych form stowarzysze\u0144 pracowniczych oraz do prowadzenia negocjacji zbiorowych.<\/p>\n<p>2.<strong> Odpowiednie wynagrodzenie<\/strong><br \/>\nNasza firma szanuje prawo pracownik\u00f3w do odpowiedniego wynagrodzenia.<\/p>\n<p>3. <strong>Bezpiecze\u0144stwo i higiena pracy<\/strong><br \/>\nNasza firma zapewnia zdrowe i bezpieczne \u015brodowisko pracy poprzez ocen\u0119 ryzyka i podj\u0119cie wszelkich niezb\u0119dnych \u015brodk\u00f3w w celu wyeliminowania lub ograniczenia tego ryzyka.<\/p>\n<p>4. <strong>Szczeg\u00f3lna ochrona m\u0142odych pracownik\u00f3w<\/strong><br \/>\nNasza firma obejmuje szczeg\u00f3ln\u0105 ochron\u0105 wszystkich pracownik\u00f3w, kt\u00f3rzy nie s\u0105 jeszcze pe\u0142noletni.<\/p>\n<p>5. <strong>Brak pracy przymusowej<\/strong><br \/>\nNasza firma nie jest zaanga\u017cowana w \u017cadn\u0105 form\u0119 zniewolenia, handlu lud\u017ami czy pracy przymusowej.<\/p>\n<p>6. <strong>Etyczny biznes<\/strong><br \/>\nNasza firma nie toleruje korupcji, wymusze\u0144, defraudacji czy przekupstwa.<\/p>\n<p>7. <strong>Brak dyskryminacji<\/strong><br \/>\nNasza firma oferuje r\u00f3wne szanse i nie dyskryminuje \u017cadnego pracownika.<\/p>\n<p>8. <strong>Rozs\u0105dne godziny pracy<\/strong><br \/>\nNasza firma przestrzega prawa dotycz\u0105cego czasu pracy.<\/p>\n<p>9.<strong> Brak pracy dzieci<\/strong><br \/>\nNasza firma nie zatrudnia pracownik\u00f3w poni\u017cej wymaganego prawem minimalnego wieku.<\/p>\n<p>10. <strong>Brak niepewnego zatrudnienia<\/strong><br \/>\nNasza firma zatrudnia pracownik\u00f3w na podstawie udokumentowanych stosunk\u00f3w pracy zgodnie z przepisami prawa.<\/p>\n<p>11. <strong>Ochrona \u015brodowiska<br \/>\n<\/strong>Nasza firma podejmuje niezb\u0119dne \u015brodki, aby zapobiec szkodom dla \u015brodowiska.<\/p>\n<p>ELTEN GmbH poprawia swoj\u0105 zdolno\u015b\u0107 do dbania o prawa pracownik\u00f3w w swoich \u0142a\u0144cuchach dostaw poprzez uznanie amfori BSCI. Pomaga zminimalizowa\u0107 ryzyko w \u0142a\u0144cuchach dostaw i poprawi\u0107 wiarygodno\u015b\u0107 ich dostawc\u00f3w.<br \/>\nDla ELTEN GmbH cz\u0142onkostwo w amfori BSCI jest wa\u017cnym krokiem w kierunku zr\u00f3wnowa\u017conej i spo\u0142ecznie odpowiedzialnej przysz\u0142o\u015bci. Amfori BSCI zapewnia nam solidne podstawy do wdra\u017cania etycznych i spo\u0142ecznych standard\u00f3w w naszych \u0142a\u0144cuchach dostaw, przyczyniaj\u0105c si\u0119 do poprawy warunk\u00f3w pracy.<\/p>\n<p>Jako cz\u0142onek amfori BSCI przyjmujemy nast\u0119puj\u0105ce podej\u015bcie:<\/p>\n<ul>\n<li><strong>Zgodno\u015b\u0107 z Kodeksem:<\/strong> Nasza firma zobowi\u0105zuje si\u0119 do ochrony praw pracownik\u00f3w zgodnie z prawem i postanowieniami zawartymi w Kodeksie Post\u0119powania.<\/li>\n<li><strong>Uczestnictwo i ochrona pracownik\u00f3w:<\/strong> Nasza firma informuje pracownik\u00f3w o ich prawach i obowi\u0105zkach.<\/li>\n<li><strong>Zarz\u0105dzanie \u0142a\u0144cuchem dostaw i efekt kaskadowy:<\/strong> Nasza firma wykorzystuje zasady BSCI do wywierania wp\u0142ywu na innych partner\u00f3w biznesowych.<\/li>\n<li><strong>Mechanizm sk\u0142adania skarg:<\/strong> Nasza firma zapewnia system skarg i sugestii pracownik\u00f3w.<\/li>\n<\/ul>\n<p><a href=\"https:\/\/www.amfori.org\/\" target=\"_blank\" rel=\"nofollow noopener\">https:\/\/www.amfori.org\/<\/a><\/p>\n<\/div><\/section><br \/>\n<section  class='av_textblock_section av-mfy206r1-71538ce810030dfe2491ec3391d67ff7 '   itemscope=\"itemscope\" itemtype=\"https:\/\/schema.org\/CreativeWork\" ><div class='avia_textblock'  itemprop=\"text\" ><h3>STOWARZYSZENIE PRZEMYS\u0141U OBUWNICZEGO HDS\/L<\/h3>\n<p>ELTEN jest cz\u0142onkiem Federalnego Zwi\u0105zku Przemys\u0142u Obuwia i Wyrob\u00f3w Sk\u00f3rzanych (Bundesverband der Schuh- und Lederwarenindustrie e. V.). HDS\/L reprezentuje przedsi\u0119biorstwa produkcyjne przemys\u0142u obuwniczego i wyrob\u00f3w sk\u00f3rzanych oraz prowadzi kampani\u0119 na rzecz ich interes\u00f3w wobec handlu, w\u0142adz i ustawodawc\u00f3w.<\/p>\n<\/div><\/section><br \/>\n<section  class='av_textblock_section av-mfy20lcj-bb0bb58c3a48dbf098a57d3a9bf2ea9c '   itemscope=\"itemscope\" itemtype=\"https:\/\/schema.org\/CreativeWork\" ><div class='avia_textblock'  itemprop=\"text\" ><h3>LEATHER WORKING GROUP (LWG)<\/h3>\n<p><img loading=\"lazy\" decoding=\"async\" class=\"size-full wp-image-407584 alignright\" src=\"https:\/\/elten.com\/wp-content\/uploads\/2025\/09\/5500.jpg\" alt=\"Leather working group Logo\" width=\"100\" height=\"100\" srcset=\"https:\/\/elten.com\/wp-content\/uploads\/2025\/09\/5500.jpg 100w, https:\/\/elten.com\/wp-content\/uploads\/2025\/09\/5500-80x80.jpg 80w, https:\/\/elten.com\/wp-content\/uploads\/2025\/09\/5500-36x36.jpg 36w\" sizes=\"auto, (max-width: 100px) 100vw, 100px\" \/>Leather Working Group (LWG) to organizacja non-profit zrzeszaj\u0105ca wielu interesariuszy, kt\u00f3rej celem jest ograniczenie wp\u0142ywu produkcji sk\u00f3ry na \u015brodowisko. Ustala ona standardy LWG dotycz\u0105ce kryteri\u00f3w \u015brodowiskowych, wed\u0142ug kt\u00f3rych producenci sk\u00f3ry s\u0105 niezale\u017cnie audytowani i certyfikowani. Kupujemy 100% naszej sk\u00f3ry od producent\u00f3w certyfikowanych zgodnie ze standardem LWG, z czego 72% posiada ocen\u0119 Gold.<br \/>\nCz\u0142onkostwo ELTEN GmbH w Leather Working Group podkre\u015bla nasze zaanga\u017cowanie w przejrzysto\u015b\u0107 i ci\u0105g\u0142e doskonalenie w produkcji sk\u00f3ry.<\/p>\n<p><a href=\"https:\/\/www.leatherworkinggroup.com\/\" target=\"_blank\" rel=\"nofollow noopener\">Dowiedz si\u0119 wi\u0119cej<\/a><\/p>\n<\/div><\/section><br \/>\n<section  class='av_textblock_section av-mfy217j0-3e6693197cdea836b5ae17d299b251c2 '   itemscope=\"itemscope\" itemtype=\"https:\/\/schema.org\/CreativeWork\" ><div class='avia_textblock'  itemprop=\"text\" ><h3>PFI<\/h3>\n<p>Instytut Test\u00f3w i Bada\u0144 Pirmasens e.V. zosta\u0142 pierwotnie za\u0142o\u017cony dla przemys\u0142u obuwniczego, ale od tego czasu rozwin\u0105\u0142 si\u0119 w dzia\u0142aj\u0105ce na ca\u0142ym \u015bwiecie, nowoczesne<br \/>\ncentrum us\u0142ugowo-badawcze.<\/p>\n<p>&#8211; DIN ISO 9001<br \/>\n&#8211; DIN ISO 14001<br \/>\n&#8211; 100% Vegan<\/p>\n<\/div><\/section><\/p><\/div>\n","protected":false},"excerpt":{"rendered":"","protected":false},"author":2,"featured_media":0,"parent":357131,"menu_order":0,"comment_status":"closed","ping_status":"closed","template":"","meta":{"footnotes":""},"categories":[605],"tags":[],"class_list":["post-356767","page","type-page","status-publish","hentry","category-nachhaltigkeit-pl"],"yoast_head":"<!-- This site is optimized with the Yoast SEO Premium plugin v21.9 (Yoast SEO v21.9.1) - https:\/\/yoast.com\/wordpress\/plugins\/seo\/ -->\n<title>Zr\u00f3wnowa\u017cony rozw\u00f3j - cz\u0142onkostwa - ELTEN GmbH<\/title>\n<meta name=\"robots\" content=\"index, follow, max-snippet:-1, max-image-preview:large, max-video-preview:-1\" \/>\n<link rel=\"canonical\" href=\"https:\/\/elten.com\/pl\/o-nas\/zrownowazony-rozwoj-i-odpowiedzialnosc-spoleczna\/zrownowazony-rozwoj-czlonkostwa\/\" \/>\n<meta property=\"og:locale\" content=\"pl_PL\" \/>\n<meta property=\"og:type\" content=\"article\" \/>\n<meta property=\"og:title\" content=\"Zr\u00f3wnowa\u017cony rozw\u00f3j - cz\u0142onkostwa\" \/>\n<meta property=\"og:url\" content=\"https:\/\/elten.com\/pl\/o-nas\/zrownowazony-rozwoj-i-odpowiedzialnosc-spoleczna\/zrownowazony-rozwoj-czlonkostwa\/\" \/>\n<meta property=\"og:site_name\" content=\"ELTEN GmbH\" \/>\n<meta property=\"article:modified_time\" content=\"2025-09-24T14:07:19+00:00\" \/>\n<meta property=\"og:image\" content=\"https:\/\/elten.com\/wp-content\/uploads\/2025\/09\/5500.jpg\" \/>\n<meta name=\"twitter:card\" content=\"summary_large_image\" \/>\n<meta name=\"twitter:label1\" content=\"Szacowany czas czytania\" \/>\n\t<meta name=\"twitter:data1\" content=\"5 minut\" \/>\n<script type=\"application\/ld+json\" class=\"yoast-schema-graph\">{\"@context\":\"https:\/\/schema.org\",\"@graph\":[{\"@type\":\"WebPage\",\"@id\":\"https:\/\/elten.com\/pl\/o-nas\/zrownowazony-rozwoj-i-odpowiedzialnosc-spoleczna\/zrownowazony-rozwoj-czlonkostwa\/\",\"url\":\"https:\/\/elten.com\/pl\/o-nas\/zrownowazony-rozwoj-i-odpowiedzialnosc-spoleczna\/zrownowazony-rozwoj-czlonkostwa\/\",\"name\":\"Zr\u00f3wnowa\u017cony rozw\u00f3j - cz\u0142onkostwa - ELTEN GmbH\",\"isPartOf\":{\"@id\":\"https:\/\/elten.com\/pl\/#website\"},\"datePublished\":\"2023-10-31T13:52:43+00:00\",\"dateModified\":\"2025-09-24T14:07:19+00:00\",\"breadcrumb\":{\"@id\":\"https:\/\/elten.com\/pl\/o-nas\/zrownowazony-rozwoj-i-odpowiedzialnosc-spoleczna\/zrownowazony-rozwoj-czlonkostwa\/#breadcrumb\"},\"inLanguage\":\"pl-PL\",\"potentialAction\":[{\"@type\":\"ReadAction\",\"target\":[\"https:\/\/elten.com\/pl\/o-nas\/zrownowazony-rozwoj-i-odpowiedzialnosc-spoleczna\/zrownowazony-rozwoj-czlonkostwa\/\"]}]},{\"@type\":\"BreadcrumbList\",\"@id\":\"https:\/\/elten.com\/pl\/o-nas\/zrownowazony-rozwoj-i-odpowiedzialnosc-spoleczna\/zrownowazony-rozwoj-czlonkostwa\/#breadcrumb\",\"itemListElement\":[{\"@type\":\"ListItem\",\"position\":1,\"name\":\"Startseite\",\"item\":\"https:\/\/elten.com\/pl\/\"},{\"@type\":\"ListItem\",\"position\":2,\"name\":\"O nas\",\"item\":\"https:\/\/elten.com\/pl\/o-nas\/\"},{\"@type\":\"ListItem\",\"position\":3,\"name\":\"Zr\u00f3wnowa\u017cony rozw\u00f3j i odpowiedzialno\u015b\u0107 spo\u0142eczna\",\"item\":\"https:\/\/elten.com\/pl\/o-nas\/zrownowazony-rozwoj-i-odpowiedzialnosc-spoleczna\/\"},{\"@type\":\"ListItem\",\"position\":4,\"name\":\"Zr\u00f3wnowa\u017cony rozw\u00f3j &#8211; cz\u0142onkostwa\"}]},{\"@type\":\"WebSite\",\"@id\":\"https:\/\/elten.com\/pl\/#website\",\"url\":\"https:\/\/elten.com\/pl\/\",\"name\":\"ELTEN GmbH\",\"description\":\"Sicherheitsschuhe | Arbeitsschuhe | LOWA WORK COLLECTION | ELTEN GmbH\",\"potentialAction\":[{\"@type\":\"SearchAction\",\"target\":{\"@type\":\"EntryPoint\",\"urlTemplate\":\"https:\/\/elten.com\/pl\/?s={search_term_string}\"},\"query-input\":\"required name=search_term_string\"}],\"inLanguage\":\"pl-PL\"}]}<\/script>\n<!-- \/ Yoast SEO Premium plugin. -->","yoast_head_json":{"title":"Zr\u00f3wnowa\u017cony rozw\u00f3j - cz\u0142onkostwa - ELTEN GmbH","robots":{"index":"index","follow":"follow","max-snippet":"max-snippet:-1","max-image-preview":"max-image-preview:large","max-video-preview":"max-video-preview:-1"},"canonical":"https:\/\/elten.com\/pl\/o-nas\/zrownowazony-rozwoj-i-odpowiedzialnosc-spoleczna\/zrownowazony-rozwoj-czlonkostwa\/","og_locale":"pl_PL","og_type":"article","og_title":"Zr\u00f3wnowa\u017cony rozw\u00f3j - cz\u0142onkostwa","og_url":"https:\/\/elten.com\/pl\/o-nas\/zrownowazony-rozwoj-i-odpowiedzialnosc-spoleczna\/zrownowazony-rozwoj-czlonkostwa\/","og_site_name":"ELTEN GmbH","article_modified_time":"2025-09-24T14:07:19+00:00","og_image":[{"url":"https:\/\/elten.com\/wp-content\/uploads\/2025\/09\/5500.jpg"}],"twitter_card":"summary_large_image","twitter_misc":{"Szacowany czas czytania":"5 minut"},"schema":{"@context":"https:\/\/schema.org","@graph":[{"@type":"WebPage","@id":"https:\/\/elten.com\/pl\/o-nas\/zrownowazony-rozwoj-i-odpowiedzialnosc-spoleczna\/zrownowazony-rozwoj-czlonkostwa\/","url":"https:\/\/elten.com\/pl\/o-nas\/zrownowazony-rozwoj-i-odpowiedzialnosc-spoleczna\/zrownowazony-rozwoj-czlonkostwa\/","name":"Zr\u00f3wnowa\u017cony rozw\u00f3j - cz\u0142onkostwa - ELTEN GmbH","isPartOf":{"@id":"https:\/\/elten.com\/pl\/#website"},"datePublished":"2023-10-31T13:52:43+00:00","dateModified":"2025-09-24T14:07:19+00:00","breadcrumb":{"@id":"https:\/\/elten.com\/pl\/o-nas\/zrownowazony-rozwoj-i-odpowiedzialnosc-spoleczna\/zrownowazony-rozwoj-czlonkostwa\/#breadcrumb"},"inLanguage":"pl-PL","potentialAction":[{"@type":"ReadAction","target":["https:\/\/elten.com\/pl\/o-nas\/zrownowazony-rozwoj-i-odpowiedzialnosc-spoleczna\/zrownowazony-rozwoj-czlonkostwa\/"]}]},{"@type":"BreadcrumbList","@id":"https:\/\/elten.com\/pl\/o-nas\/zrownowazony-rozwoj-i-odpowiedzialnosc-spoleczna\/zrownowazony-rozwoj-czlonkostwa\/#breadcrumb","itemListElement":[{"@type":"ListItem","position":1,"name":"Startseite","item":"https:\/\/elten.com\/pl\/"},{"@type":"ListItem","position":2,"name":"O nas","item":"https:\/\/elten.com\/pl\/o-nas\/"},{"@type":"ListItem","position":3,"name":"Zr\u00f3wnowa\u017cony rozw\u00f3j i odpowiedzialno\u015b\u0107 spo\u0142eczna","item":"https:\/\/elten.com\/pl\/o-nas\/zrownowazony-rozwoj-i-odpowiedzialnosc-spoleczna\/"},{"@type":"ListItem","position":4,"name":"Zr\u00f3wnowa\u017cony rozw\u00f3j &#8211; cz\u0142onkostwa"}]},{"@type":"WebSite","@id":"https:\/\/elten.com\/pl\/#website","url":"https:\/\/elten.com\/pl\/","name":"ELTEN GmbH","description":"Sicherheitsschuhe | Arbeitsschuhe | LOWA WORK COLLECTION | ELTEN GmbH","potentialAction":[{"@type":"SearchAction","target":{"@type":"EntryPoint","urlTemplate":"https:\/\/elten.com\/pl\/?s={search_term_string}"},"query-input":"required name=search_term_string"}],"inLanguage":"pl-PL"}]}},"_links":{"self":[{"href":"https:\/\/elten.com\/pl\/wp-json\/wp\/v2\/pages\/356767","targetHints":{"allow":["GET"]}}],"collection":[{"href":"https:\/\/elten.com\/pl\/wp-json\/wp\/v2\/pages"}],"about":[{"href":"https:\/\/elten.com\/pl\/wp-json\/wp\/v2\/types\/page"}],"author":[{"embeddable":true,"href":"https:\/\/elten.com\/pl\/wp-json\/wp\/v2\/users\/2"}],"replies":[{"embeddable":true,"href":"https:\/\/elten.com\/pl\/wp-json\/wp\/v2\/comments?post=356767"}],"version-history":[{"count":3,"href":"https:\/\/elten.com\/pl\/wp-json\/wp\/v2\/pages\/356767\/revisions"}],"predecessor-version":[{"id":407697,"href":"https:\/\/elten.com\/pl\/wp-json\/wp\/v2\/pages\/356767\/revisions\/407697"}],"up":[{"embeddable":true,"href":"https:\/\/elten.com\/pl\/wp-json\/wp\/v2\/pages\/357131"}],"wp:attachment":[{"href":"https:\/\/elten.com\/pl\/wp-json\/wp\/v2\/media?parent=356767"}],"wp:term":[{"taxonomy":"category","embeddable":true,"href":"https:\/\/elten.com\/pl\/wp-json\/wp\/v2\/categories?post=356767"},{"taxonomy":"post_tag","embeddable":true,"href":"https:\/\/elten.com\/pl\/wp-json\/wp\/v2\/tags?post=356767"}],"curies":[{"name":"wp","href":"https:\/\/api.w.org\/{rel}","templated":true}]}}