{"id":357031,"date":"2023-10-31T17:01:50","date_gmt":"2023-10-31T16:01:50","guid":{"rendered":"http:\/\/relaunch.elten.com.w01ca985.kasserver.com\/?page_id=357031"},"modified":"2024-10-08T13:54:23","modified_gmt":"2024-10-08T11:54:23","slug":"jeszcze-wieksze-bezpieczenstwo","status":"publish","type":"page","link":"https:\/\/elten.com\/pl\/technologia\/jeszcze-wieksze-bezpieczenstwo\/","title":{"rendered":"Jeszcze wi\u0119ksze bezpiecze\u0144stwo"},"content":{"rendered":"<div  class='flex_column av-2eanlg-14a0893c22ca23fc13571897f33e0154 av_one_full  avia-builder-el-0  el_before_av_one_half  avia-builder-el-first  first flex_column_div av-animated-generic fade-in  '     ><p>\n<style type=\"text\/css\" data-created_by=\"avia_inline_auto\" id=\"style-css-av-lmomkxon-d743ba8c1d65b0c540b1384c5e339458\">\n#top .av-special-heading.av-lmomkxon-d743ba8c1d65b0c540b1384c5e339458{\npadding-bottom:10px;\n}\nbody .av-special-heading.av-lmomkxon-d743ba8c1d65b0c540b1384c5e339458 .av-special-heading-tag .heading-char{\nfont-size:25px;\n}\n.av-special-heading.av-lmomkxon-d743ba8c1d65b0c540b1384c5e339458 .av-subheading{\nfont-size:15px;\n}\n<\/style>\n<div  class='av-special-heading av-lmomkxon-d743ba8c1d65b0c540b1384c5e339458 av-special-heading-h2 blockquote modern-quote  avia-builder-el-1  el_before_av_textblock  avia-builder-el-first '><h2 class='av-special-heading-tag'  itemprop=\"headline\"  >JESZCZE WI\u0118KSZE BEZPIECZE\u0143STWO<\/h2><div class=\"special-heading-border\"><div class=\"special-heading-inner-border\"><\/div><\/div><\/div><br \/>\n<section  class='av_textblock_section av-lmomn6yx-61fb9cf1341a37930c7af942f6c36e06 '   itemscope=\"itemscope\" itemtype=\"https:\/\/schema.org\/CreativeWork\" ><div class='avia_textblock'  itemprop=\"text\" ><p>Ochrona st\u00f3p od ELTEN: Oznacza to bezpiecze\u0144stwo zgodne z normami europejskimi &#8211; i sprz\u0119t ochronny, kt\u00f3rego elementy dok\u0142adnie odpowiadaj\u0105 r\u00f3\u017cnym potencjalnym zagro\u017ceniom w miejscu pracy. Jest rzecz\u0105 oczywist\u0105, \u017ce s\u0105 one najnowocze\u015bniejsze i certyfikowane w klasach ochrony S1, S2 i S3. Ale dobra ochrona st\u00f3p musi spe\u0142nia\u0107 jeszcze inne kryteria.<\/p>\n<\/div><\/section><\/p><\/div><div  class='flex_column av-29h8jg-c65612b06020545fa0f4d962d3d1219b av_one_half  avia-builder-el-3  el_after_av_one_full  el_before_av_one_half  first flex_column_div  column-top-margin'     ><p>\n<style type=\"text\/css\" data-created_by=\"avia_inline_auto\" id=\"style-css-av-lmompi9p-60f7f11c3baede42245d572433700522\">\n#top .av-special-heading.av-lmompi9p-60f7f11c3baede42245d572433700522{\npadding-bottom:10px;\n}\nbody .av-special-heading.av-lmompi9p-60f7f11c3baede42245d572433700522 .av-special-heading-tag .heading-char{\nfont-size:25px;\n}\n.av-special-heading.av-lmompi9p-60f7f11c3baede42245d572433700522 .av-subheading{\nfont-size:15px;\n}\n<\/style>\n<div  class='av-special-heading av-lmompi9p-60f7f11c3baede42245d572433700522 av-special-heading-h2 blockquote modern-quote  avia-builder-el-4  el_before_av_textblock  avia-builder-el-first '><h2 class='av-special-heading-tag'  itemprop=\"headline\"  >MATERIA\u0141 ODBLASKOWY<\/h2><div class=\"special-heading-border\"><div class=\"special-heading-inner-border\"><\/div><\/div><\/div><br \/>\n<section  class='av_textblock_section av-lmompt2s-b61b25786df5d1d2195733353c64303b '   itemscope=\"itemscope\" itemtype=\"https:\/\/schema.org\/CreativeWork\" ><div class='avia_textblock'  itemprop=\"text\" ><p>W deszczu, cieniu, o zmierzchu i w ciemno\u015bci ludzk\u0105 sylwetk\u0119 w ciemnym ubraniu zauwa\u017ca si\u0119 dopiero z odleg\u0142o\u015bci ok. 30 m. Wyposa\u017cenie but\u00f3w w odblaski zapewnia dodatkow\u0105 ochron\u0119 dzi\u0119ki poprawie widoczno\u015bci nawet w niekorzystnych warunkach pogodowych i \u015bwietlnych.<\/p>\n<\/div><\/section><\/p><\/div><\/p>\n<div  class='flex_column av-22iung-2e62adcd5613854394730b98be7d6997 av_one_half  avia-builder-el-6  el_after_av_one_half  el_before_av_hr  flex_column_div  column-top-margin'     ><style type=\"text\/css\" data-created_by=\"avia_inline_auto\" id=\"style-css-av-6ut4c-24f1b768b351a8eb6181ed5c7dc735a9\">\n.avia-image-container.av-6ut4c-24f1b768b351a8eb6181ed5c7dc735a9 img.avia_image{\nbox-shadow:none;\n}\n.avia-image-container.av-6ut4c-24f1b768b351a8eb6181ed5c7dc735a9 .av-image-caption-overlay-center{\ncolor:#ffffff;\n}\n<\/style>\n<div  class='avia-image-container av-6ut4c-24f1b768b351a8eb6181ed5c7dc735a9 av-styling- avia-align-center  avia-builder-el-7  avia-builder-el-no-sibling '   itemprop=\"image\" itemscope=\"itemscope\" itemtype=\"https:\/\/schema.org\/ImageObject\" ><div class=\"avia-image-container-inner\"><div class=\"avia-image-overlay-wrap\"><img decoding=\"async\" fetchpriority=\"high\" class='wp-image-352154 avia-img-lazy-loading-not-352154 avia_image ' src=\"https:\/\/elten.com\/wp-content\/uploads\/2023\/10\/Sander-XXT_Reflektion-300x180.jpg\" alt='Sander-XXT_Reflektion' title='Sander-XXT_Reflektion'  height=\"180\" width=\"300\"  itemprop=\"thumbnailUrl\" srcset=\"https:\/\/elten.com\/wp-content\/uploads\/2023\/10\/Sander-XXT_Reflektion-300x180.jpg 300w, https:\/\/elten.com\/wp-content\/uploads\/2023\/10\/Sander-XXT_Reflektion.jpg 500w\" sizes=\"(max-width: 300px) 100vw, 300px\" \/><\/div><\/div><\/div><\/div>\n<div  class='hr av-1tcayk-f709ca082927d0bf3475c6d0ceb6aa02 hr-big  avia-builder-el-8  el_after_av_one_half  el_before_av_one_full '><span class='hr-inner '><span class=\"hr-inner-style\"><\/span><\/span><\/div>\n<div  class='flex_column av-1jsj6s-7e8e9ffcb2f0b02a1aa084bc44ed563d av_one_full  avia-builder-el-9  el_after_av_hr  el_before_av_one_half  first flex_column_div av-animated-generic fade-in  '     ><p>\n<style type=\"text\/css\" data-created_by=\"avia_inline_auto\" id=\"style-css-av-lmomr4m7-ef902f52afaee33257c16508c35db14e\">\n#top .av-special-heading.av-lmomr4m7-ef902f52afaee33257c16508c35db14e{\npadding-bottom:10px;\n}\nbody .av-special-heading.av-lmomr4m7-ef902f52afaee33257c16508c35db14e .av-special-heading-tag .heading-char{\nfont-size:25px;\n}\n.av-special-heading.av-lmomr4m7-ef902f52afaee33257c16508c35db14e .av-subheading{\nfont-size:15px;\n}\n<\/style>\n<div  class='av-special-heading av-lmomr4m7-ef902f52afaee33257c16508c35db14e av-special-heading-h2 blockquote modern-quote  avia-builder-el-10  el_before_av_heading  avia-builder-el-first '><h2 class='av-special-heading-tag'  itemprop=\"headline\"  >ESD<\/h2><div class=\"special-heading-border\"><div class=\"special-heading-inner-border\"><\/div><\/div><\/div><br \/>\n\n<style type=\"text\/css\" data-created_by=\"avia_inline_auto\" id=\"style-css-av-lmomrquq-5bece7407c2c792b6396efec09b79bff\">\n#top .av-special-heading.av-lmomrquq-5bece7407c2c792b6396efec09b79bff{\npadding-bottom:10px;\n}\nbody .av-special-heading.av-lmomrquq-5bece7407c2c792b6396efec09b79bff .av-special-heading-tag .heading-char{\nfont-size:25px;\n}\n.av-special-heading.av-lmomrquq-5bece7407c2c792b6396efec09b79bff .av-subheading{\nfont-size:15px;\n}\n<\/style>\n<div  class='av-special-heading av-lmomrquq-5bece7407c2c792b6396efec09b79bff av-special-heading-h3 blockquote modern-quote  avia-builder-el-11  el_after_av_heading  el_before_av_textblock '><h3 class='av-special-heading-tag'  itemprop=\"headline\"  >ESD NIER\u00d3WNE ESD<\/h3><div class=\"special-heading-border\"><div class=\"special-heading-inner-border\"><\/div><\/div><\/div><br \/>\n<section  class='av_textblock_section av-lmomrz4s-e01c3e915d5b01516c45ac670363f63e '   itemscope=\"itemscope\" itemtype=\"https:\/\/schema.org\/CreativeWork\" ><div class='avia_textblock'  itemprop=\"text\" ><p>Buty ESD powinny by\u0107 u\u017cywane wtedy, gdy istnieje potrzeba kontrolowanego odprowadzania \u0142adunk\u00f3w elektrostatycznych przez obuwie. Buty ochronne i robocze testowane pod k\u0105tem ESD nie tylko chroni\u0105 ludzi, ale r\u00f3wnie\u017c s\u0142u\u017c\u0105 do ochrony wra\u017cliwych na wy\u0142adowania elektrostatyczne element\u00f3w i podzespo\u0142\u00f3w.<\/p>\n<\/div><\/section><\/p><\/div>\n<div  class='flex_column av-1h2h3g-57516ba8490f2ced59bf7155fc7b7d5e av_one_half  avia-builder-el-13  el_after_av_one_full  el_before_av_one_half  first flex_column_div  column-top-margin'     ><p>\n<style type=\"text\/css\" data-created_by=\"avia_inline_auto\" id=\"style-css-av-lmoms8to-f8d9b3cfa9e1bd61f31903d48f1e76bf\">\n#top .av-special-heading.av-lmoms8to-f8d9b3cfa9e1bd61f31903d48f1e76bf{\npadding-bottom:10px;\n}\nbody .av-special-heading.av-lmoms8to-f8d9b3cfa9e1bd61f31903d48f1e76bf .av-special-heading-tag .heading-char{\nfont-size:25px;\n}\n.av-special-heading.av-lmoms8to-f8d9b3cfa9e1bd61f31903d48f1e76bf .av-subheading{\nfont-size:15px;\n}\n<\/style>\n<div  class='av-special-heading av-lmoms8to-f8d9b3cfa9e1bd61f31903d48f1e76bf av-special-heading-h3 blockquote modern-quote  avia-builder-el-14  el_before_av_textblock  avia-builder-el-first '><h3 class='av-special-heading-tag'  itemprop=\"headline\"  >NORMY OBOWI\u0104ZUJ\u0104CE DLA OBUWIA ESD TO:<\/h3><div class=\"special-heading-border\"><div class=\"special-heading-inner-border\"><\/div><\/div><\/div><br \/>\n<section  class='av_textblock_section av-lmomsoy8-cb1a52c62585e996a26347886286a152 '   itemscope=\"itemscope\" itemtype=\"https:\/\/schema.org\/CreativeWork\" ><div class='avia_textblock'  itemprop=\"text\" ><p>DIN EN IEC 61340-4-3 &#8222;Standardowe metody bada\u0144 dla zastosowa\u0144 specjalnych; obuwie&#8221;.<br \/>\nMierzy si\u0119 tu jedynie elektryczn\u0105 oporno\u015b\u0107 przep\u0142ywu but\u00f3w. Odbywa si\u0119 to za pomoc\u0105 wype\u0142nienia kulkami, tzn. do pomiaru buty wype\u0142niane s\u0105 metalowymi kulkami. W tej metodzie badania nale\u017cy przestrzega\u0107 maksymalnej warto\u015bci granicznej 100 M\u03a9 (10<sup>8<\/sup> \u03a9). Zanim obuwie zostanie przetestowane, jest wst\u0119pnie przygotowane do warunk\u00f3w klimatycznych przy maksymalnej wilgotno\u015bci wzgl\u0119dnej 15%. Dzi\u0119ki temu nawet w trudnych warunkach klimatycznych, kt\u00f3re mog\u0105 wyst\u0105pi\u0107 szczeg\u00f3lnie w zimnych porach roku, buty ELTEN ESD zapewniaj\u0105 wysoki poziom ochrony przed niepo\u017c\u0105danymi zjawiskami elektrostatycznymi.<\/p>\n<p>DIN EN 61340-5-1 &#8222;Ochrona komponent\u00f3w elektronicznych przed zjawiskami elektrostatycznymi&#8221;.<br \/>\nNorma ta zawiera og\u00f3lne wymagania dotycz\u0105ce programu kontroli ESD. Od ostatniej rewizji tej normy w 2017 roku do sprawdzania uziemienia osobistego w systemie cz\u0142owiek\/obuwie zaleca si\u0119 maksymaln\u0105 warto\u015b\u0107 graniczn\u0105 100 M\u03a9 (10<sup>8<\/sup> \u03a9). Ponadto wszystkie buty ELTEN ESD spe\u0142niaj\u0105 bardziej rygorystyczny limit w stosunku do poprzedniej wersji normy wynosz\u0105cy 35 M\u03a9.<\/p>\n<\/div><\/section><\/p><\/div>\n<div  class='flex_column av-17lc8c-503705306d360c443ddf980d22f09ac9 av_one_half  avia-builder-el-16  el_after_av_one_half  avia-builder-el-last  flex_column_div  column-top-margin'     ><p>\n<style type=\"text\/css\" data-created_by=\"avia_inline_auto\" id=\"style-css-av-lmon1ou1-4c77cc9fdaba743d77d1e5926e5bec79\">\n#top .hr.hr-invisible.av-lmon1ou1-4c77cc9fdaba743d77d1e5926e5bec79{\nheight:38px;\n}\n<\/style>\n<div  class='hr av-lmon1ou1-4c77cc9fdaba743d77d1e5926e5bec79 hr-invisible  avia-builder-el-17  el_before_av_image  avia-builder-el-first  av-small-hide av-mini-hide'><span class='hr-inner '><span class=\"hr-inner-style\"><\/span><\/span><\/div><br \/>\n\n<style type=\"text\/css\" data-created_by=\"avia_inline_auto\" id=\"style-css-av-lmomvchx-fbf0af70acc16fd38a44b18f92da08e6\">\n.avia-image-container.av-lmomvchx-fbf0af70acc16fd38a44b18f92da08e6 img.avia_image{\nbox-shadow:none;\n}\n.avia-image-container.av-lmomvchx-fbf0af70acc16fd38a44b18f92da08e6 .av-image-caption-overlay-center{\ncolor:#ffffff;\n}\n<\/style>\n<div  class='avia-image-container av-lmomvchx-fbf0af70acc16fd38a44b18f92da08e6 av-styling-no-styling avia-align-center  avia-builder-el-18  el_after_av_hr  avia-builder-el-last '   itemprop=\"image\" itemscope=\"itemscope\" itemtype=\"https:\/\/schema.org\/ImageObject\" ><div class=\"avia-image-container-inner\"><div class=\"avia-image-overlay-wrap\"><img decoding=\"async\" fetchpriority=\"high\" class='wp-image-361051 avia-img-lazy-loading-not-361051 avia_image ' src=\"https:\/\/elten.com\/wp-content\/uploads\/2023\/11\/Grafik_ESD_PL.jpg\" alt='Grafik_ESD_PL' title='Grafik_ESD_PL'  height=\"330\" width=\"770\"  itemprop=\"thumbnailUrl\" srcset=\"https:\/\/elten.com\/wp-content\/uploads\/2023\/11\/Grafik_ESD_PL.jpg 770w, https:\/\/elten.com\/wp-content\/uploads\/2023\/11\/Grafik_ESD_PL-300x129.jpg 300w, https:\/\/elten.com\/wp-content\/uploads\/2023\/11\/Grafik_ESD_PL-768x329.jpg 768w, https:\/\/elten.com\/wp-content\/uploads\/2023\/11\/Grafik_ESD_PL-705x302.jpg 705w\" sizes=\"(max-width: 770px) 100vw, 770px\" \/><\/div><\/div><\/div><\/p><\/div>\n","protected":false},"excerpt":{"rendered":"","protected":false},"author":2,"featured_media":0,"parent":354161,"menu_order":70,"comment_status":"closed","ping_status":"closed","template":"","meta":{"footnotes":""},"categories":[599],"tags":[],"class_list":["post-357031","page","type-page","status-publish","hentry","category-technologie-pl"],"yoast_head":"<!-- This site is optimized with the Yoast SEO Premium plugin v21.9 (Yoast SEO v21.9.1) - https:\/\/yoast.com\/wordpress\/plugins\/seo\/ -->\n<title>Jeszcze wi\u0119ksze bezpiecze\u0144stwo - ELTEN GmbH<\/title>\n<meta name=\"robots\" content=\"index, follow, max-snippet:-1, max-image-preview:large, max-video-preview:-1\" \/>\n<link rel=\"canonical\" href=\"https:\/\/elten.com\/pl\/technologia\/jeszcze-wieksze-bezpieczenstwo\/\" \/>\n<meta property=\"og:locale\" content=\"pl_PL\" \/>\n<meta property=\"og:type\" content=\"article\" \/>\n<meta property=\"og:title\" content=\"Jeszcze wi\u0119ksze bezpiecze\u0144stwo\" \/>\n<meta property=\"og:url\" content=\"https:\/\/elten.com\/pl\/technologia\/jeszcze-wieksze-bezpieczenstwo\/\" \/>\n<meta property=\"og:site_name\" content=\"ELTEN GmbH\" \/>\n<meta property=\"article:modified_time\" content=\"2024-10-08T11:54:23+00:00\" \/>\n<meta name=\"twitter:card\" content=\"summary_large_image\" \/>\n<meta name=\"twitter:label1\" content=\"Szacowany czas czytania\" \/>\n\t<meta name=\"twitter:data1\" content=\"3 minuty\" \/>\n<script type=\"application\/ld+json\" class=\"yoast-schema-graph\">{\"@context\":\"https:\/\/schema.org\",\"@graph\":[{\"@type\":\"WebPage\",\"@id\":\"https:\/\/elten.com\/pl\/technologia\/jeszcze-wieksze-bezpieczenstwo\/\",\"url\":\"https:\/\/elten.com\/pl\/technologia\/jeszcze-wieksze-bezpieczenstwo\/\",\"name\":\"Jeszcze wi\u0119ksze bezpiecze\u0144stwo - ELTEN GmbH\",\"isPartOf\":{\"@id\":\"https:\/\/elten.com\/pl\/#website\"},\"datePublished\":\"2023-10-31T16:01:50+00:00\",\"dateModified\":\"2024-10-08T11:54:23+00:00\",\"breadcrumb\":{\"@id\":\"https:\/\/elten.com\/pl\/technologia\/jeszcze-wieksze-bezpieczenstwo\/#breadcrumb\"},\"inLanguage\":\"pl-PL\",\"potentialAction\":[{\"@type\":\"ReadAction\",\"target\":[\"https:\/\/elten.com\/pl\/technologia\/jeszcze-wieksze-bezpieczenstwo\/\"]}]},{\"@type\":\"BreadcrumbList\",\"@id\":\"https:\/\/elten.com\/pl\/technologia\/jeszcze-wieksze-bezpieczenstwo\/#breadcrumb\",\"itemListElement\":[{\"@type\":\"ListItem\",\"position\":1,\"name\":\"Startseite\",\"item\":\"https:\/\/elten.com\/pl\/\"},{\"@type\":\"ListItem\",\"position\":2,\"name\":\"Technologia\",\"item\":\"https:\/\/elten.com\/pl\/technologia\/\"},{\"@type\":\"ListItem\",\"position\":3,\"name\":\"Jeszcze wi\u0119ksze bezpiecze\u0144stwo\"}]},{\"@type\":\"WebSite\",\"@id\":\"https:\/\/elten.com\/pl\/#website\",\"url\":\"https:\/\/elten.com\/pl\/\",\"name\":\"ELTEN GmbH\",\"description\":\"Sicherheitsschuhe | Arbeitsschuhe | LOWA WORK COLLECTION | ELTEN GmbH\",\"potentialAction\":[{\"@type\":\"SearchAction\",\"target\":{\"@type\":\"EntryPoint\",\"urlTemplate\":\"https:\/\/elten.com\/pl\/?s={search_term_string}\"},\"query-input\":\"required name=search_term_string\"}],\"inLanguage\":\"pl-PL\"}]}<\/script>\n<!-- \/ Yoast SEO Premium plugin. -->","yoast_head_json":{"title":"Jeszcze wi\u0119ksze bezpiecze\u0144stwo - ELTEN GmbH","robots":{"index":"index","follow":"follow","max-snippet":"max-snippet:-1","max-image-preview":"max-image-preview:large","max-video-preview":"max-video-preview:-1"},"canonical":"https:\/\/elten.com\/pl\/technologia\/jeszcze-wieksze-bezpieczenstwo\/","og_locale":"pl_PL","og_type":"article","og_title":"Jeszcze wi\u0119ksze bezpiecze\u0144stwo","og_url":"https:\/\/elten.com\/pl\/technologia\/jeszcze-wieksze-bezpieczenstwo\/","og_site_name":"ELTEN GmbH","article_modified_time":"2024-10-08T11:54:23+00:00","twitter_card":"summary_large_image","twitter_misc":{"Szacowany czas czytania":"3 minuty"},"schema":{"@context":"https:\/\/schema.org","@graph":[{"@type":"WebPage","@id":"https:\/\/elten.com\/pl\/technologia\/jeszcze-wieksze-bezpieczenstwo\/","url":"https:\/\/elten.com\/pl\/technologia\/jeszcze-wieksze-bezpieczenstwo\/","name":"Jeszcze wi\u0119ksze bezpiecze\u0144stwo - ELTEN GmbH","isPartOf":{"@id":"https:\/\/elten.com\/pl\/#website"},"datePublished":"2023-10-31T16:01:50+00:00","dateModified":"2024-10-08T11:54:23+00:00","breadcrumb":{"@id":"https:\/\/elten.com\/pl\/technologia\/jeszcze-wieksze-bezpieczenstwo\/#breadcrumb"},"inLanguage":"pl-PL","potentialAction":[{"@type":"ReadAction","target":["https:\/\/elten.com\/pl\/technologia\/jeszcze-wieksze-bezpieczenstwo\/"]}]},{"@type":"BreadcrumbList","@id":"https:\/\/elten.com\/pl\/technologia\/jeszcze-wieksze-bezpieczenstwo\/#breadcrumb","itemListElement":[{"@type":"ListItem","position":1,"name":"Startseite","item":"https:\/\/elten.com\/pl\/"},{"@type":"ListItem","position":2,"name":"Technologia","item":"https:\/\/elten.com\/pl\/technologia\/"},{"@type":"ListItem","position":3,"name":"Jeszcze wi\u0119ksze bezpiecze\u0144stwo"}]},{"@type":"WebSite","@id":"https:\/\/elten.com\/pl\/#website","url":"https:\/\/elten.com\/pl\/","name":"ELTEN GmbH","description":"Sicherheitsschuhe | Arbeitsschuhe | LOWA WORK COLLECTION | ELTEN GmbH","potentialAction":[{"@type":"SearchAction","target":{"@type":"EntryPoint","urlTemplate":"https:\/\/elten.com\/pl\/?s={search_term_string}"},"query-input":"required name=search_term_string"}],"inLanguage":"pl-PL"}]}},"_links":{"self":[{"href":"https:\/\/elten.com\/pl\/wp-json\/wp\/v2\/pages\/357031","targetHints":{"allow":["GET"]}}],"collection":[{"href":"https:\/\/elten.com\/pl\/wp-json\/wp\/v2\/pages"}],"about":[{"href":"https:\/\/elten.com\/pl\/wp-json\/wp\/v2\/types\/page"}],"author":[{"embeddable":true,"href":"https:\/\/elten.com\/pl\/wp-json\/wp\/v2\/users\/2"}],"replies":[{"embeddable":true,"href":"https:\/\/elten.com\/pl\/wp-json\/wp\/v2\/comments?post=357031"}],"version-history":[{"count":3,"href":"https:\/\/elten.com\/pl\/wp-json\/wp\/v2\/pages\/357031\/revisions"}],"predecessor-version":[{"id":388488,"href":"https:\/\/elten.com\/pl\/wp-json\/wp\/v2\/pages\/357031\/revisions\/388488"}],"up":[{"embeddable":true,"href":"https:\/\/elten.com\/pl\/wp-json\/wp\/v2\/pages\/354161"}],"wp:attachment":[{"href":"https:\/\/elten.com\/pl\/wp-json\/wp\/v2\/media?parent=357031"}],"wp:term":[{"taxonomy":"category","embeddable":true,"href":"https:\/\/elten.com\/pl\/wp-json\/wp\/v2\/categories?post=357031"},{"taxonomy":"post_tag","embeddable":true,"href":"https:\/\/elten.com\/pl\/wp-json\/wp\/v2\/tags?post=357031"}],"curies":[{"name":"wp","href":"https:\/\/api.w.org\/{rel}","templated":true}]}}