{"id":357157,"date":"2023-05-17T10:21:35","date_gmt":"2023-05-17T08:21:35","guid":{"rendered":"http:\/\/relaunch.elten.com.w01ca985.kasserver.com\/?page_id=357157"},"modified":"2026-03-06T12:46:49","modified_gmt":"2026-03-06T11:46:49","slug":"targi","status":"publish","type":"page","link":"https:\/\/elten.com\/pl\/o-nas\/targi\/","title":{"rendered":"Targi"},"content":{"rendered":"<div  class='flex_column av-70y7h-49451d9f164e346b9e8bd8b995b56c26 av_one_full  avia-builder-el-0  el_before_av_one_fourth  avia-builder-el-first  first flex_column_div  '     ><p>\n<style type=\"text\/css\" data-created_by=\"avia_inline_auto\" id=\"style-css-av-lmey81jk-9188542e2e99ec49db7e12d5e219a60e\">\n#top .av-special-heading.av-lmey81jk-9188542e2e99ec49db7e12d5e219a60e{\npadding-bottom:10px;\n}\nbody .av-special-heading.av-lmey81jk-9188542e2e99ec49db7e12d5e219a60e .av-special-heading-tag .heading-char{\nfont-size:25px;\n}\n.av-special-heading.av-lmey81jk-9188542e2e99ec49db7e12d5e219a60e .av-subheading{\nfont-size:15px;\n}\n<\/style>\n<div  class='av-special-heading av-lmey81jk-9188542e2e99ec49db7e12d5e219a60e av-special-heading-h2 blockquote modern-quote  avia-builder-el-1  el_before_av_textblock  avia-builder-el-first '><h2 class='av-special-heading-tag'  itemprop=\"headline\"  >TARGI<\/h2><div class=\"special-heading-border\"><div class=\"special-heading-inner-border\"><\/div><\/div><\/div><br \/>\n<section  class='av_textblock_section av-lp2mfzox-287dd3221260c83f3fdf799023d5914c '   itemscope=\"itemscope\" itemtype=\"https:\/\/schema.org\/CreativeWork\" ><div class='avia_textblock'  itemprop=\"text\" ><p><strong>JESTE\u015aMY WYSTAWCAMI I CZEKAMY NA TWOJ\u0104 WIZYT\u0118!<\/strong><\/p>\n<\/div><\/section><\/p><\/div>\n<div class='flex_column_table av-av_one_fourth-5d948bab0b76b1d60fe91c69f8434357 sc-av_one_fourth av-break-at-tablet-flextable av-equal-height-column-flextable'><div  class='flex_column av-av_one_fourth-5d948bab0b76b1d60fe91c69f8434357 av_one_fourth  avia-builder-el-3  el_after_av_one_full  el_before_av_one_fourth  first av-break-at-tablet flex_column_table_cell av-equal-height-column av-align-top  column-top-margin'     ><p><section  class='av_textblock_section av-m5p602b6-4e619a5846dbb9c72996e3e554b8ab0b '   itemscope=\"itemscope\" itemtype=\"https:\/\/schema.org\/CreativeWork\" ><div class='avia_textblock'  itemprop=\"text\" ><p><strong>14\u201316 kwietnia 2026<\/strong><br \/>\nSawo, Pozna\u0144<br \/>\nPolska<\/p>\n<\/div><\/section><br \/>\n\n<style type=\"text\/css\" data-created_by=\"avia_inline_auto\" id=\"style-css-av-av_image-13f0f1e8ae4f9253eeb722e8777245a7\">\n.avia-image-container.av-av_image-13f0f1e8ae4f9253eeb722e8777245a7 img.avia_image{\nbox-shadow:none;\n}\n.avia-image-container.av-av_image-13f0f1e8ae4f9253eeb722e8777245a7 .av-image-caption-overlay-center{\ncolor:#ffffff;\n}\n<\/style>\n<div  class='avia-image-container av-av_image-13f0f1e8ae4f9253eeb722e8777245a7 av-styling-no-styling av-hover-grow avia_animated_image av-animated-when-visible-95 fade-in avia-align-left  avia-builder-el-5  el_after_av_textblock  avia-builder-el-last '   itemprop=\"image\" itemscope=\"itemscope\" itemtype=\"https:\/\/schema.org\/ImageObject\" ><div class=\"avia-image-container-inner\"><div class=\"avia-image-overlay-wrap\"><a href=\"https:\/\/targisawo.pl\/pl\" class='avia_image' target=\"_blank\" rel=\"noopener noreferrer\" aria-label='Sawo_300_140_2024'><img decoding=\"async\" fetchpriority=\"high\" class='wp-image-361813 avia-img-lazy-loading-not-361813 avia_image ' src=\"https:\/\/elten.com\/wp-content\/uploads\/2023\/11\/Sawo_300_140_2024.jpg\" alt='Sawo_300_140_2024' title='Sawo_300_140_2024'  height=\"140\" width=\"300\"  itemprop=\"thumbnailUrl\"  \/><\/a><\/div><\/div><\/div><\/p><\/div>\n<div class='av-flex-placeholder'><\/div><div  class='flex_column av-av_one_fourth-38ed4c9dc757391591ed159c7a36f189 av_one_fourth  avia-builder-el-6  el_after_av_one_fourth  el_before_av_one_fourth  av-break-at-tablet flex_column_table_cell av-equal-height-column av-align-top  column-top-margin'     ><p><section  class='av_textblock_section av-me1h4k41-9d66d9f596f2e314f24f34914b786365 '   itemscope=\"itemscope\" itemtype=\"https:\/\/schema.org\/CreativeWork\" ><div class='avia_textblock'  itemprop=\"text\" ><p><strong>28\u201330 kwietnia 2026<\/strong><br \/>\nhealth safety, Birmingham<br \/>\nAnglia<\/p>\n<\/div><\/section><br \/>\n\n<style type=\"text\/css\" data-created_by=\"avia_inline_auto\" id=\"style-css-av-av_image-3439cb52387235164066873d1b850460\">\n.avia-image-container.av-av_image-3439cb52387235164066873d1b850460 img.avia_image{\nbox-shadow:none;\n}\n.avia-image-container.av-av_image-3439cb52387235164066873d1b850460 .av-image-caption-overlay-center{\ncolor:#ffffff;\n}\n<\/style>\n<div  class='avia-image-container av-av_image-3439cb52387235164066873d1b850460 av-styling-no-styling av-hover-grow avia_animated_image av-animated-when-visible-95 fade-in avia-align-left  avia-builder-el-8  el_after_av_textblock  avia-builder-el-last '   itemprop=\"image\" itemscope=\"itemscope\" itemtype=\"https:\/\/schema.org\/ImageObject\" ><div class=\"avia-image-container-inner\"><div class=\"avia-image-overlay-wrap\"><a href=\"https:\/\/www.healthandsafetyevent.com\/\" class='avia_image' target=\"_blank\" rel=\"noopener noreferrer\" aria-label='health-safety-event'><img decoding=\"async\" fetchpriority=\"high\" class='wp-image-402680 avia-img-lazy-loading-not-402680 avia_image ' src=\"https:\/\/elten.com\/wp-content\/uploads\/2025\/07\/health-safety-event.jpg\" alt='Logo health and safety' title='health-safety-event'  height=\"171\" width=\"300\"  itemprop=\"thumbnailUrl\"  \/><\/a><\/div><\/div><\/div><\/p><\/div>\n<div class='av-flex-placeholder'><\/div><div  class='flex_column av-av_one_fourth-38ed4c9dc757391591ed159c7a36f189 av_one_fourth  avia-builder-el-9  el_after_av_one_fourth  el_before_av_one_fourth  av-break-at-tablet flex_column_table_cell av-equal-height-column av-align-top  column-top-margin'     ><p><section  class='av_textblock_section av-mieir2vf-fa664d2f8ca9bb58b069bdfff55f7711 '   itemscope=\"itemscope\" itemtype=\"https:\/\/schema.org\/CreativeWork\" ><div class='avia_textblock'  itemprop=\"text\" ><p><strong>28\u201330 kwietnia 2026<\/strong><br \/>\nINFOPOL I XPO112, Kortrijk<br \/>\nBelgia<\/p>\n<\/div><\/section><br \/>\n\n<style type=\"text\/css\" data-created_by=\"avia_inline_auto\" id=\"style-css-av-av_hr-35d53d7be2491954ac97ecc375137ffb\">\n#top .hr.hr-invisible.av-av_hr-35d53d7be2491954ac97ecc375137ffb{\nheight:15px;\n}\n<\/style>\n<div  class='hr av-av_hr-35d53d7be2491954ac97ecc375137ffb hr-invisible  avia-builder-el-11  el_after_av_textblock  el_before_av_image '><span class='hr-inner '><span class=\"hr-inner-style\"><\/span><\/span><\/div><br \/>\n\n<style type=\"text\/css\" data-created_by=\"avia_inline_auto\" id=\"style-css-av-av_image-66fba2e611f797eb7a088862b470f8d3\">\n.avia-image-container.av-av_image-66fba2e611f797eb7a088862b470f8d3 img.avia_image{\nbox-shadow:none;\n}\n.avia-image-container.av-av_image-66fba2e611f797eb7a088862b470f8d3 .av-image-caption-overlay-center{\ncolor:#ffffff;\n}\n<\/style>\n<div  class='avia-image-container av-av_image-66fba2e611f797eb7a088862b470f8d3 av-styling-no-styling av-hover-grow avia_animated_image av-animated-when-visible-95 fade-in avia-align-left  avia-builder-el-12  el_after_av_hr  avia-builder-el-last '   itemprop=\"image\" itemscope=\"itemscope\" itemtype=\"https:\/\/schema.org\/ImageObject\" ><div class=\"avia-image-container-inner\"><div class=\"avia-image-overlay-wrap\"><a href=\"https:\/\/www.infopol-xpo112.be\/en\/\" class='avia_image' target=\"_blank\" rel=\"noopener noreferrer\" aria-label='INFOPOL-XPO112'><img decoding=\"async\" fetchpriority=\"high\" class='wp-image-413127 avia-img-lazy-loading-not-413127 avia_image ' src=\"https:\/\/elten.com\/wp-content\/uploads\/2025\/11\/INFOPOL-XPO112.jpg\" alt='ELTEN INFOPOL-XPO112' title='INFOPOL-XPO112'  height=\"51\" width=\"300\"  itemprop=\"thumbnailUrl\"  \/><\/a><\/div><\/div><\/div><\/p><\/div>\n<div class='av-flex-placeholder'><\/div><div  class='flex_column av-av_one_fourth-38ed4c9dc757391591ed159c7a36f189 av_one_fourth  avia-builder-el-13  el_after_av_one_fourth  el_before_av_one_fourth  av-break-at-tablet flex_column_table_cell av-equal-height-column av-align-top  column-top-margin'     ><p><section  class='av_textblock_section av-me1h4cvq-c07e0f5fd321cc375cc9dfac2f98c46d '   itemscope=\"itemscope\" itemtype=\"https:\/\/schema.org\/CreativeWork\" ><div class='avia_textblock'  itemprop=\"text\" ><p><strong>6\u20138 maja 2026<\/strong><br \/>\nRETTmobil, Fulda<br \/>\nNiemcy<\/p>\n<\/div><\/section><br \/>\n\n<style type=\"text\/css\" data-created_by=\"avia_inline_auto\" id=\"style-css-av-av_image-a9f5ea85b5c251d52580b3dffbce2818\">\n.avia-image-container.av-av_image-a9f5ea85b5c251d52580b3dffbce2818 img.avia_image{\nbox-shadow:none;\n}\n.avia-image-container.av-av_image-a9f5ea85b5c251d52580b3dffbce2818 .av-image-caption-overlay-center{\ncolor:#ffffff;\n}\n<\/style>\n<div  class='avia-image-container av-av_image-a9f5ea85b5c251d52580b3dffbce2818 av-styling-no-styling av-hover-grow avia_animated_image av-animated-when-visible-95 fade-in avia-align-left  avia-builder-el-15  el_after_av_textblock  avia-builder-el-last '   itemprop=\"image\" itemscope=\"itemscope\" itemtype=\"https:\/\/schema.org\/ImageObject\" ><div class=\"avia-image-container-inner\"><div class=\"avia-image-overlay-wrap\"><a href=\"https:\/\/www.rettmobil-international.com\/en\/start-page\/\" class='avia_image' target=\"_blank\" rel=\"noopener noreferrer\" aria-label='RettMobil_300x140_2023'><img decoding=\"async\" fetchpriority=\"high\" class='wp-image-229016 avia-img-lazy-loading-not-229016 avia_image ' src=\"https:\/\/elten.com\/wp-content\/uploads\/2023\/09\/RettMobil_300x140_2023.jpg\" alt='RettMobil_300x140_2023' title='RettMobil_300x140_2023'  height=\"140\" width=\"300\"  itemprop=\"thumbnailUrl\"  \/><\/a><\/div><\/div><\/div><\/p><\/div><\/div><!--close column table wrapper. Autoclose: 1 -->\n<div class='flex_column_table av-av_one_fourth-5d948bab0b76b1d60fe91c69f8434357 sc-av_one_fourth av-break-at-tablet-flextable av-equal-height-column-flextable'><div  class='flex_column av-av_one_fourth-5d948bab0b76b1d60fe91c69f8434357 av_one_fourth  avia-builder-el-16  el_after_av_one_fourth  el_before_av_one_fourth  first av-break-at-tablet flex_column_table_cell av-equal-height-column av-align-top  column-top-margin'     ><p><section  class='av_textblock_section av-mieis7w3-cb6b80bd8f383997fd9430478b257874 '   itemscope=\"itemscope\" itemtype=\"https:\/\/schema.org\/CreativeWork\" ><div class='avia_textblock'  itemprop=\"text\" ><p><strong>26\u201329 maja 2026<\/strong><br \/>\nITM INDUSTRY EUROPE, Pozna\u0144<br \/>\nPolska<\/p>\n<\/div><\/section><br \/>\n\n<style type=\"text\/css\" data-created_by=\"avia_inline_auto\" id=\"style-css-av-mieit35r-d98d3b3d6065e31178e8e5ee9b7d7711\">\n.avia-image-container.av-mieit35r-d98d3b3d6065e31178e8e5ee9b7d7711 img.avia_image{\nbox-shadow:none;\n}\n.avia-image-container.av-mieit35r-d98d3b3d6065e31178e8e5ee9b7d7711 .av-image-caption-overlay-center{\ncolor:#ffffff;\n}\n<\/style>\n<div  class='avia-image-container av-mieit35r-d98d3b3d6065e31178e8e5ee9b7d7711 av-styling-no-styling av-hover-grow avia_animated_image av-animated-when-visible-95 fade-in avia-align-left  avia-builder-el-18  el_after_av_textblock  avia-builder-el-last '   itemprop=\"image\" itemscope=\"itemscope\" itemtype=\"https:\/\/schema.org\/ImageObject\" ><div class=\"avia-image-container-inner\"><div class=\"avia-image-overlay-wrap\"><a href=\"https:\/\/itm-europe.com\/pl\/\" class='avia_image' target=\"_blank\" rel=\"noopener noreferrer\" aria-label='ITM-INDUSTRY-EUROPE-Fair'><img decoding=\"async\" fetchpriority=\"high\" class='wp-image-413135 avia-img-lazy-loading-not-413135 avia_image ' src=\"https:\/\/elten.com\/wp-content\/uploads\/2025\/11\/ITM-INDUSTRY-EUROPE-Fair.jpg\" alt='ELTEN ITM-INDUSTRY-EUROPE' title='ITM-INDUSTRY-EUROPE-Fair'  height=\"140\" width=\"300\"  itemprop=\"thumbnailUrl\"  \/><\/a><\/div><\/div><\/div><\/p><\/div>\n<div class='av-flex-placeholder'><\/div><div  class='flex_column av-av_one_fourth-38ed4c9dc757391591ed159c7a36f189 av_one_fourth  avia-builder-el-19  el_after_av_one_fourth  el_before_av_one_fourth  av-break-at-tablet flex_column_table_cell av-equal-height-column av-align-top  column-top-margin'     ><p><section  class='av_textblock_section av-me1h3int-9a9f34a96d41eaf469b55fb890cbe05d '   itemscope=\"itemscope\" itemtype=\"https:\/\/schema.org\/CreativeWork\" ><div class='avia_textblock'  itemprop=\"text\" ><p><strong>1\u20136 czerwca 2026<\/strong><br \/>\nInterschutz, Hannover<br \/>\nNiemcy<\/p>\n<\/div><\/section><br \/>\n\n<style type=\"text\/css\" data-created_by=\"avia_inline_auto\" id=\"style-css-av-me1h4x7u-a9fe7b2334c95d0e6362bbe6bf5d6385\">\n#top .hr.hr-invisible.av-me1h4x7u-a9fe7b2334c95d0e6362bbe6bf5d6385{\nheight:15px;\n}\n<\/style>\n<div  class='hr av-me1h4x7u-a9fe7b2334c95d0e6362bbe6bf5d6385 hr-invisible  avia-builder-el-21  el_after_av_textblock  el_before_av_image '><span class='hr-inner '><span class=\"hr-inner-style\"><\/span><\/span><\/div><br \/>\n\n<style type=\"text\/css\" data-created_by=\"avia_inline_auto\" id=\"style-css-av-av_image-6776286566394f984914f1d104f97265\">\n.avia-image-container.av-av_image-6776286566394f984914f1d104f97265 img.avia_image{\nbox-shadow:none;\n}\n.avia-image-container.av-av_image-6776286566394f984914f1d104f97265 .av-image-caption-overlay-center{\ncolor:#ffffff;\n}\n<\/style>\n<div  class='avia-image-container av-av_image-6776286566394f984914f1d104f97265 av-styling-no-styling av-hover-grow avia_animated_image av-animated-when-visible-95 fade-in avia-align-left  avia-builder-el-22  el_after_av_hr  avia-builder-el-last '   itemprop=\"image\" itemscope=\"itemscope\" itemtype=\"https:\/\/schema.org\/ImageObject\" ><div class=\"avia-image-container-inner\"><div class=\"avia-image-overlay-wrap\"><a href=\"https:\/\/www.interschutz.de\/en\/\" class='avia_image' target=\"_blank\" rel=\"noopener noreferrer\" aria-label='Interschutz Logo 2026'><img decoding=\"async\" fetchpriority=\"high\" class='wp-image-403924 avia-img-lazy-loading-not-403924 avia_image ' src=\"https:\/\/elten.com\/wp-content\/uploads\/2025\/08\/Interschutz-Logo-2026.png\" alt='Interschutz Logo 2026' title='Interschutz Logo 2026'  height=\"320\" width=\"3884\"  itemprop=\"thumbnailUrl\" srcset=\"https:\/\/elten.com\/wp-content\/uploads\/2025\/08\/Interschutz-Logo-2026.png 3884w, https:\/\/elten.com\/wp-content\/uploads\/2025\/08\/Interschutz-Logo-2026-300x25.png 300w, https:\/\/elten.com\/wp-content\/uploads\/2025\/08\/Interschutz-Logo-2026-1030x85.png 1030w, https:\/\/elten.com\/wp-content\/uploads\/2025\/08\/Interschutz-Logo-2026-768x63.png 768w, https:\/\/elten.com\/wp-content\/uploads\/2025\/08\/Interschutz-Logo-2026-1536x127.png 1536w, https:\/\/elten.com\/wp-content\/uploads\/2025\/08\/Interschutz-Logo-2026-2048x169.png 2048w, https:\/\/elten.com\/wp-content\/uploads\/2025\/08\/Interschutz-Logo-2026-1500x124.png 1500w, https:\/\/elten.com\/wp-content\/uploads\/2025\/08\/Interschutz-Logo-2026-705x58.png 705w\" sizes=\"(max-width: 3884px) 100vw, 3884px\" \/><\/a><\/div><\/div><\/div><\/p><\/div>\n<div class='av-flex-placeholder'><\/div><div  class='flex_column av-av_one_fourth-38ed4c9dc757391591ed159c7a36f189 av_one_fourth  avia-builder-el-23  el_after_av_one_fourth  el_before_av_one_fourth  av-break-at-tablet flex_column_table_cell av-equal-height-column av-align-top  column-top-margin'     ><\/div><div class='av-flex-placeholder'><\/div><div  class='flex_column av-av_one_fourth-38ed4c9dc757391591ed159c7a36f189 av_one_fourth  avia-builder-el-24  el_after_av_one_fourth  avia-builder-el-last  av-break-at-tablet flex_column_table_cell av-equal-height-column av-align-top  column-top-margin'     ><\/div><\/div><!--close column table wrapper. Autoclose: 1 --><\/p>\n","protected":false},"excerpt":{"rendered":"","protected":false},"author":1,"featured_media":0,"parent":233312,"menu_order":100,"comment_status":"closed","ping_status":"closed","template":"","meta":{"footnotes":""},"categories":[600],"tags":[],"class_list":["post-357157","page","type-page","status-publish","hentry","category-ueber-uns-pl"],"yoast_head":"<!-- This site is optimized with the Yoast SEO Premium plugin v21.9 (Yoast SEO v21.9.1) - https:\/\/yoast.com\/wordpress\/plugins\/seo\/ -->\n<title>Targi - ELTEN GmbH<\/title>\n<meta name=\"robots\" content=\"index, follow, max-snippet:-1, max-image-preview:large, max-video-preview:-1\" \/>\n<link rel=\"canonical\" href=\"https:\/\/elten.com\/pl\/o-nas\/targi\/\" \/>\n<meta property=\"og:locale\" content=\"pl_PL\" \/>\n<meta property=\"og:type\" content=\"article\" \/>\n<meta property=\"og:title\" content=\"Targi\" \/>\n<meta property=\"og:url\" content=\"https:\/\/elten.com\/pl\/o-nas\/targi\/\" \/>\n<meta property=\"og:site_name\" content=\"ELTEN GmbH\" \/>\n<meta property=\"article:modified_time\" content=\"2026-03-06T11:46:49+00:00\" \/>\n<meta name=\"twitter:card\" content=\"summary_large_image\" \/>\n<meta name=\"twitter:label1\" content=\"Szacowany czas czytania\" \/>\n\t<meta name=\"twitter:data1\" content=\"2 minuty\" \/>\n<script type=\"application\/ld+json\" class=\"yoast-schema-graph\">{\"@context\":\"https:\/\/schema.org\",\"@graph\":[{\"@type\":\"WebPage\",\"@id\":\"https:\/\/elten.com\/pl\/o-nas\/targi\/\",\"url\":\"https:\/\/elten.com\/pl\/o-nas\/targi\/\",\"name\":\"Targi - ELTEN GmbH\",\"isPartOf\":{\"@id\":\"https:\/\/elten.com\/pl\/#website\"},\"datePublished\":\"2023-05-17T08:21:35+00:00\",\"dateModified\":\"2026-03-06T11:46:49+00:00\",\"breadcrumb\":{\"@id\":\"https:\/\/elten.com\/pl\/o-nas\/targi\/#breadcrumb\"},\"inLanguage\":\"pl-PL\",\"potentialAction\":[{\"@type\":\"ReadAction\",\"target\":[\"https:\/\/elten.com\/pl\/o-nas\/targi\/\"]}]},{\"@type\":\"BreadcrumbList\",\"@id\":\"https:\/\/elten.com\/pl\/o-nas\/targi\/#breadcrumb\",\"itemListElement\":[{\"@type\":\"ListItem\",\"position\":1,\"name\":\"Startseite\",\"item\":\"https:\/\/elten.com\/pl\/\"},{\"@type\":\"ListItem\",\"position\":2,\"name\":\"O nas\",\"item\":\"https:\/\/elten.com\/pl\/o-nas\/\"},{\"@type\":\"ListItem\",\"position\":3,\"name\":\"Targi\"}]},{\"@type\":\"WebSite\",\"@id\":\"https:\/\/elten.com\/pl\/#website\",\"url\":\"https:\/\/elten.com\/pl\/\",\"name\":\"ELTEN GmbH\",\"description\":\"Sicherheitsschuhe | Arbeitsschuhe | LOWA WORK COLLECTION | ELTEN GmbH\",\"potentialAction\":[{\"@type\":\"SearchAction\",\"target\":{\"@type\":\"EntryPoint\",\"urlTemplate\":\"https:\/\/elten.com\/pl\/?s={search_term_string}\"},\"query-input\":\"required name=search_term_string\"}],\"inLanguage\":\"pl-PL\"}]}<\/script>\n<!-- \/ Yoast SEO Premium plugin. -->","yoast_head_json":{"title":"Targi - ELTEN GmbH","robots":{"index":"index","follow":"follow","max-snippet":"max-snippet:-1","max-image-preview":"max-image-preview:large","max-video-preview":"max-video-preview:-1"},"canonical":"https:\/\/elten.com\/pl\/o-nas\/targi\/","og_locale":"pl_PL","og_type":"article","og_title":"Targi","og_url":"https:\/\/elten.com\/pl\/o-nas\/targi\/","og_site_name":"ELTEN GmbH","article_modified_time":"2026-03-06T11:46:49+00:00","twitter_card":"summary_large_image","twitter_misc":{"Szacowany czas czytania":"2 minuty"},"schema":{"@context":"https:\/\/schema.org","@graph":[{"@type":"WebPage","@id":"https:\/\/elten.com\/pl\/o-nas\/targi\/","url":"https:\/\/elten.com\/pl\/o-nas\/targi\/","name":"Targi - ELTEN GmbH","isPartOf":{"@id":"https:\/\/elten.com\/pl\/#website"},"datePublished":"2023-05-17T08:21:35+00:00","dateModified":"2026-03-06T11:46:49+00:00","breadcrumb":{"@id":"https:\/\/elten.com\/pl\/o-nas\/targi\/#breadcrumb"},"inLanguage":"pl-PL","potentialAction":[{"@type":"ReadAction","target":["https:\/\/elten.com\/pl\/o-nas\/targi\/"]}]},{"@type":"BreadcrumbList","@id":"https:\/\/elten.com\/pl\/o-nas\/targi\/#breadcrumb","itemListElement":[{"@type":"ListItem","position":1,"name":"Startseite","item":"https:\/\/elten.com\/pl\/"},{"@type":"ListItem","position":2,"name":"O nas","item":"https:\/\/elten.com\/pl\/o-nas\/"},{"@type":"ListItem","position":3,"name":"Targi"}]},{"@type":"WebSite","@id":"https:\/\/elten.com\/pl\/#website","url":"https:\/\/elten.com\/pl\/","name":"ELTEN GmbH","description":"Sicherheitsschuhe | Arbeitsschuhe | LOWA WORK COLLECTION | ELTEN GmbH","potentialAction":[{"@type":"SearchAction","target":{"@type":"EntryPoint","urlTemplate":"https:\/\/elten.com\/pl\/?s={search_term_string}"},"query-input":"required name=search_term_string"}],"inLanguage":"pl-PL"}]}},"_links":{"self":[{"href":"https:\/\/elten.com\/pl\/wp-json\/wp\/v2\/pages\/357157","targetHints":{"allow":["GET"]}}],"collection":[{"href":"https:\/\/elten.com\/pl\/wp-json\/wp\/v2\/pages"}],"about":[{"href":"https:\/\/elten.com\/pl\/wp-json\/wp\/v2\/types\/page"}],"author":[{"embeddable":true,"href":"https:\/\/elten.com\/pl\/wp-json\/wp\/v2\/users\/1"}],"replies":[{"embeddable":true,"href":"https:\/\/elten.com\/pl\/wp-json\/wp\/v2\/comments?post=357157"}],"version-history":[{"count":3,"href":"https:\/\/elten.com\/pl\/wp-json\/wp\/v2\/pages\/357157\/revisions"}],"predecessor-version":[{"id":420586,"href":"https:\/\/elten.com\/pl\/wp-json\/wp\/v2\/pages\/357157\/revisions\/420586"}],"up":[{"embeddable":true,"href":"https:\/\/elten.com\/pl\/wp-json\/wp\/v2\/pages\/233312"}],"wp:attachment":[{"href":"https:\/\/elten.com\/pl\/wp-json\/wp\/v2\/media?parent=357157"}],"wp:term":[{"taxonomy":"category","embeddable":true,"href":"https:\/\/elten.com\/pl\/wp-json\/wp\/v2\/categories?post=357157"},{"taxonomy":"post_tag","embeddable":true,"href":"https:\/\/elten.com\/pl\/wp-json\/wp\/v2\/tags?post=357157"}],"curies":[{"name":"wp","href":"https:\/\/api.w.org\/{rel}","templated":true}]}}