{"id":365193,"date":"2023-12-20T14:17:52","date_gmt":"2023-12-20T13:17:52","guid":{"rendered":"https:\/\/elten.com\/?page_id=365193"},"modified":"2024-09-20T11:06:50","modified_gmt":"2024-09-20T09:06:50","slug":"certyfikaty-iso","status":"publish","type":"page","link":"https:\/\/elten.com\/pl\/certyfikaty-iso\/","title":{"rendered":"Certyfikaty ISO"},"content":{"rendered":"<div  class='flex_column av-f3smk9o-1d71300713f2706e551446d4aad87262 av_one_full  avia-builder-el-0  el_before_av_one_full  avia-builder-el-first  first flex_column_div  '     ><p>\n<style type=\"text\/css\" data-created_by=\"avia_inline_auto\" id=\"style-css-av-lmac3q7c-9537e41b39a108e5ce3c498c00d10ef4\">\n#top .av-special-heading.av-lmac3q7c-9537e41b39a108e5ce3c498c00d10ef4{\npadding-bottom:10px;\n}\nbody .av-special-heading.av-lmac3q7c-9537e41b39a108e5ce3c498c00d10ef4 .av-special-heading-tag .heading-char{\nfont-size:25px;\n}\n.av-special-heading.av-lmac3q7c-9537e41b39a108e5ce3c498c00d10ef4 .av-subheading{\nfont-size:15px;\n}\n<\/style>\n<div  class='av-special-heading av-lmac3q7c-9537e41b39a108e5ce3c498c00d10ef4 av-special-heading-h2  avia-builder-el-1  el_before_av_textblock  avia-builder-el-first  el-no-float'><h2 class='av-special-heading-tag'  itemprop=\"headline\"  >Certyfikaty ISO 9001 i 14001<\/h2><div class=\"special-heading-border\"><div class=\"special-heading-inner-border\"><\/div><\/div><\/div><br \/>\n<section  class='av_textblock_section av-lmac5spc-314c0d1d16f3a65ca4fcf888098b81e2 '   itemscope=\"itemscope\" itemtype=\"https:\/\/schema.org\/CreativeWork\" ><div class='avia_textblock'  itemprop=\"text\" ><p>Elten GmbH jest zorientowana na potrzeby klient\u00f3w i oferuje im bezpiecze\u0144stwo i komfort w pracy poprzez wysokiej jako\u015bci ochron\u0119 st\u00f3p.Ponadto jeste\u015bmy zaanga\u017cowani w aspekty ekologiczne i korzystamy ze \u015brodowiska i jego zasob\u00f3w w spos\u00f3b zr\u00f3wnowa\u017cony.<br \/>\nUtrzymuj\u0105c nasze certyfikowane systemy zarz\u0105dzania DIN EN ISO 9001 (jako\u015b\u0107) i DIN EN ISO 14001 (\u015brodowisko), promujemy nieustanne doskonalenie naszych wewn\u0119trznych proces\u00f3w wytwarzania wysokiej jako\u015bci produkt\u00f3w, \u015bwiadczenia us\u0142ug zorientowanych na klienta oraz optymalizacj\u0119 naszych aspekt\u00f3w \u015brodowiskowych i ich wp\u0142ywu na \u015brodowisko.<\/p>\n<\/div><\/section><\/p><\/div>\n<div  class='flex_column av-6841kt8-fb57e77fc6809df5e58643b47b0bd7d9 av_one_full  avia-builder-el-3  el_after_av_one_full  avia-builder-el-last  first flex_column_div  column-top-margin'     ><form action=\"https:\/\/elten.com\/pl\/certyfikaty-iso\/\" method=\"post\" data-fields-with-error=\"Found errors in the following field(s):\" class=\"avia_ajax_form av-form-labels-visible   avia-builder-el-4  avia-builder-el-no-sibling   \" data-avia-form-id=\"1\" data-avia-redirect='https:\/\/elten.com\/pl\/certyfikaty-iso\/certyfikaty-iso-pobierz\/' ><h3 class=''>Pobierz teraz certyfikaty ISO<\/h3><fieldset><p class='  first_form  form_element form_element_third' id='element_avia_1_1'><label for=\"avia_1_1\">Tytu\u0142 <abbr class=\"required\" title=\"required\">*<\/abbr><\/label> <input name=\"avia_1_1\" class=\"text_input is_empty\" type=\"text\" id=\"avia_1_1\" value=\"\" \/><\/p><p class='  form_element form_element_third' id='element_avia_2_1'><label for=\"avia_2_1\">Imi\u0119 <abbr class=\"required\" title=\"required\">*<\/abbr><\/label> <input name=\"avia_2_1\" class=\"text_input is_empty\" type=\"text\" id=\"avia_2_1\" value=\"\" \/><\/p><p class='  form_element form_element_third' id='element_avia_3_1'><label for=\"avia_3_1\">Nazwisko <abbr class=\"required\" title=\"required\">*<\/abbr><\/label> <input name=\"avia_3_1\" class=\"text_input is_empty\" type=\"text\" id=\"avia_3_1\" value=\"\" \/><\/p><p class='  first_form  form_element form_element_half' id='element_avia_4_1'><label for=\"avia_4_1\">Firma <abbr class=\"required\" title=\"required\">*<\/abbr><\/label> <input name=\"avia_4_1\" class=\"text_input is_empty\" type=\"text\" id=\"avia_4_1\" value=\"\" \/><\/p><p class='  form_element form_element_half' id='element_avia_5_1'><label for=\"avia_5_1\">Wielko\u015b\u0107 firmy <abbr class=\"required\" title=\"required\">*<\/abbr><\/label><select  name=\"avia_5_1\" class=\"select is_empty\" id=\"avia_5_1\"><option  selected=\"selected\" value=''><\/option><option   value='&lt; 50 employees'>&lt; 50 employees<\/option><option   value='51 - 500 employees'>51 - 500 employees<\/option><option   value='501 - 1500 employees'>501 - 1500 employees<\/option><option   value='&gt;1500 employees'>&gt;1500 employees<\/option><\/select><\/p><p class='  first_form  form_element form_element_half' id='element_avia_6_1'><label for=\"avia_6_1\">Stanowisko <abbr class=\"required\" title=\"required\">*<\/abbr><\/label> <input name=\"avia_6_1\" class=\"text_input is_empty\" type=\"text\" id=\"avia_6_1\" value=\"\" \/><\/p><p class='  form_element form_element_half' id='element_avia_7_1'><label for=\"avia_7_1\">Bran\u017ca <abbr class=\"required\" title=\"required\">*<\/abbr><\/label> <input name=\"avia_7_1\" class=\"text_input is_empty\" type=\"text\" id=\"avia_7_1\" value=\"\" \/><\/p><p class='  first_form  form_element form_element_half' id='element_avia_8_1'><label for=\"avia_8_1\">E-mail <abbr class=\"required\" title=\"required\">*<\/abbr><\/label> <input name=\"avia_8_1\" class=\"text_input is_email\" type=\"text\" id=\"avia_8_1\" value=\"\" \/><\/p><div id='avia_9_1' class='av-form-text'><p>\nWyra\u017cam zgod\u0119 na wykorzystywanie przez ELTEN GmbH podanych przeze mnie danych w celu nawi\u0105zywania ze mn\u0105 kontaktu za po\u015brednictwem poczty elektronicznej do czasu wycofania przeze mnie zgody. Przys\u0142uguje mi prawo do odwo\u0142ania tej zgody wobec ELTEN GmbH w dowolnym momencie, nawet cz\u0119\u015bciowo, poczt\u0105 elektroniczn\u0105 na adres <a href=\"mailto:service@elten.com\">service@elten.com<\/a> lub poczt\u0105 tradycyjn\u0105 na adres ELTEN GmbH, Ostwall 7-13, 47589 Uedem. Zapozna\u0142em(-am) si\u0119 z informacj\u0105 o <a href=\"https:\/\/elten.com\/pl\/home\/ochrona-danych\/\">ochronie danych<\/a> i akceptuj\u0119 j\u0105.<\/p>\n<\/div><p class='  first_form  form_element form_fullwidth' id='element_avia_10_1'><input  name=\"avia_10_1\" class=\"input_checkbox is_empty\" type=\"checkbox\" id=\"avia_10_1\" value=\"true\"\/><label class=\"input_checkbox_label\" for=\"avia_10_1\">Informacja o ochronie danych osobowych przeczytana i zaakceptowana <abbr class=\"required\" title=\"required\">*<\/abbr><\/label><\/p><p class=\"hidden\"><input type=\"text\" name=\"avia_11_1\" class=\"hidden \" id=\"avia_11_1\" value=\"\" \/><\/p><div id='avia_12_1' class='av-recaptcha-area  first_form  form_element form_fullwidth '  data-container_class=\"\" data-custom_class=\"\" data-context=\"av_contact_form\" data-token_input=\"av_recaptcha_token\" data-version=\"avia_recaptcha_v3\" data-theme=\"light\" data-size=\"normal\" data-score=\"0.5\" data-text_to_preview=\"\" data-value=\"\"><div class=\"av-google-badge-message hidden\">This site is protected by reCAPTCHA and the Google <a href=\"https:\/\/policies.google.com\/privacy\">Privacy Policy<\/a> and <a href=\"https:\/\/policies.google.com\/terms\">Terms of Service<\/a> apply.<\/div><\/div><p class=\"form_element \"><input type=\"hidden\" value=\"1\" name=\"avia_generated_form1\" \/><input type=\"submit\" value=\"POBIERZ PLIK PDF\" class=\"button\"  data-sending-label=\"Trwa wysy\u0142anie...\"\/><\/p><\/fieldset><div class=\"avia-disabled-form\">This contact form is deactivated because you refused to accept Google reCaptcha service which is necessary to validate any messages sent by the form.<\/div><\/form><div id=\"ajaxresponse_1\" class=\"ajaxresponse ajaxresponse_1 hidden\"><\/div><\/div>\n","protected":false},"excerpt":{"rendered":"","protected":false},"author":2,"featured_media":0,"parent":0,"menu_order":0,"comment_status":"closed","ping_status":"closed","template":"","meta":{"footnotes":""},"categories":[5691],"tags":[],"class_list":["post-365193","page","type-page","status-publish","hentry","category-zertifikate-pl"],"yoast_head":"<!-- This site is optimized with the Yoast SEO Premium plugin v21.9 (Yoast SEO v21.9.1) - https:\/\/yoast.com\/wordpress\/plugins\/seo\/ -->\n<title>Certyfikaty ISO - ELTEN GmbH<\/title>\n<meta name=\"robots\" content=\"index, nofollow, max-snippet:-1, max-image-preview:large, max-video-preview:-1\" \/>\n<link rel=\"canonical\" href=\"https:\/\/elten.com\/pl\/certyfikaty-iso\/\" \/>\n<meta property=\"og:locale\" content=\"pl_PL\" \/>\n<meta property=\"og:type\" content=\"article\" \/>\n<meta property=\"og:title\" content=\"Certyfikaty ISO\" \/>\n<meta property=\"og:url\" content=\"https:\/\/elten.com\/pl\/certyfikaty-iso\/\" \/>\n<meta property=\"og:site_name\" content=\"ELTEN GmbH\" \/>\n<meta property=\"article:modified_time\" content=\"2024-09-20T09:06:50+00:00\" \/>\n<meta name=\"twitter:card\" content=\"summary_large_image\" \/>\n<meta name=\"twitter:label1\" content=\"Szacowany czas czytania\" \/>\n\t<meta name=\"twitter:data1\" content=\"2 minuty\" \/>\n<script type=\"application\/ld+json\" class=\"yoast-schema-graph\">{\"@context\":\"https:\/\/schema.org\",\"@graph\":[{\"@type\":\"WebPage\",\"@id\":\"https:\/\/elten.com\/pl\/certyfikaty-iso\/\",\"url\":\"https:\/\/elten.com\/pl\/certyfikaty-iso\/\",\"name\":\"Certyfikaty ISO - ELTEN GmbH\",\"isPartOf\":{\"@id\":\"https:\/\/elten.com\/pl\/#website\"},\"datePublished\":\"2023-12-20T13:17:52+00:00\",\"dateModified\":\"2024-09-20T09:06:50+00:00\",\"breadcrumb\":{\"@id\":\"https:\/\/elten.com\/pl\/certyfikaty-iso\/#breadcrumb\"},\"inLanguage\":\"pl-PL\",\"potentialAction\":[{\"@type\":\"ReadAction\",\"target\":[\"https:\/\/elten.com\/pl\/certyfikaty-iso\/\"]}]},{\"@type\":\"BreadcrumbList\",\"@id\":\"https:\/\/elten.com\/pl\/certyfikaty-iso\/#breadcrumb\",\"itemListElement\":[{\"@type\":\"ListItem\",\"position\":1,\"name\":\"Startseite\",\"item\":\"https:\/\/elten.com\/pl\/\"},{\"@type\":\"ListItem\",\"position\":2,\"name\":\"Certyfikaty ISO\"}]},{\"@type\":\"WebSite\",\"@id\":\"https:\/\/elten.com\/pl\/#website\",\"url\":\"https:\/\/elten.com\/pl\/\",\"name\":\"ELTEN GmbH\",\"description\":\"Sicherheitsschuhe | Arbeitsschuhe | LOWA WORK COLLECTION | ELTEN GmbH\",\"potentialAction\":[{\"@type\":\"SearchAction\",\"target\":{\"@type\":\"EntryPoint\",\"urlTemplate\":\"https:\/\/elten.com\/pl\/?s={search_term_string}\"},\"query-input\":\"required name=search_term_string\"}],\"inLanguage\":\"pl-PL\"}]}<\/script>\n<!-- \/ Yoast SEO Premium plugin. -->","yoast_head_json":{"title":"Certyfikaty ISO - ELTEN GmbH","robots":{"index":"index","follow":"nofollow","max-snippet":"max-snippet:-1","max-image-preview":"max-image-preview:large","max-video-preview":"max-video-preview:-1"},"canonical":"https:\/\/elten.com\/pl\/certyfikaty-iso\/","og_locale":"pl_PL","og_type":"article","og_title":"Certyfikaty ISO","og_url":"https:\/\/elten.com\/pl\/certyfikaty-iso\/","og_site_name":"ELTEN GmbH","article_modified_time":"2024-09-20T09:06:50+00:00","twitter_card":"summary_large_image","twitter_misc":{"Szacowany czas czytania":"2 minuty"},"schema":{"@context":"https:\/\/schema.org","@graph":[{"@type":"WebPage","@id":"https:\/\/elten.com\/pl\/certyfikaty-iso\/","url":"https:\/\/elten.com\/pl\/certyfikaty-iso\/","name":"Certyfikaty ISO - ELTEN GmbH","isPartOf":{"@id":"https:\/\/elten.com\/pl\/#website"},"datePublished":"2023-12-20T13:17:52+00:00","dateModified":"2024-09-20T09:06:50+00:00","breadcrumb":{"@id":"https:\/\/elten.com\/pl\/certyfikaty-iso\/#breadcrumb"},"inLanguage":"pl-PL","potentialAction":[{"@type":"ReadAction","target":["https:\/\/elten.com\/pl\/certyfikaty-iso\/"]}]},{"@type":"BreadcrumbList","@id":"https:\/\/elten.com\/pl\/certyfikaty-iso\/#breadcrumb","itemListElement":[{"@type":"ListItem","position":1,"name":"Startseite","item":"https:\/\/elten.com\/pl\/"},{"@type":"ListItem","position":2,"name":"Certyfikaty ISO"}]},{"@type":"WebSite","@id":"https:\/\/elten.com\/pl\/#website","url":"https:\/\/elten.com\/pl\/","name":"ELTEN GmbH","description":"Sicherheitsschuhe | Arbeitsschuhe | LOWA WORK COLLECTION | ELTEN GmbH","potentialAction":[{"@type":"SearchAction","target":{"@type":"EntryPoint","urlTemplate":"https:\/\/elten.com\/pl\/?s={search_term_string}"},"query-input":"required name=search_term_string"}],"inLanguage":"pl-PL"}]}},"_links":{"self":[{"href":"https:\/\/elten.com\/pl\/wp-json\/wp\/v2\/pages\/365193","targetHints":{"allow":["GET"]}}],"collection":[{"href":"https:\/\/elten.com\/pl\/wp-json\/wp\/v2\/pages"}],"about":[{"href":"https:\/\/elten.com\/pl\/wp-json\/wp\/v2\/types\/page"}],"author":[{"embeddable":true,"href":"https:\/\/elten.com\/pl\/wp-json\/wp\/v2\/users\/2"}],"replies":[{"embeddable":true,"href":"https:\/\/elten.com\/pl\/wp-json\/wp\/v2\/comments?post=365193"}],"version-history":[{"count":3,"href":"https:\/\/elten.com\/pl\/wp-json\/wp\/v2\/pages\/365193\/revisions"}],"predecessor-version":[{"id":387105,"href":"https:\/\/elten.com\/pl\/wp-json\/wp\/v2\/pages\/365193\/revisions\/387105"}],"wp:attachment":[{"href":"https:\/\/elten.com\/pl\/wp-json\/wp\/v2\/media?parent=365193"}],"wp:term":[{"taxonomy":"category","embeddable":true,"href":"https:\/\/elten.com\/pl\/wp-json\/wp\/v2\/categories?post=365193"},{"taxonomy":"post_tag","embeddable":true,"href":"https:\/\/elten.com\/pl\/wp-json\/wp\/v2\/tags?post=365193"}],"curies":[{"name":"wp","href":"https:\/\/api.w.org\/{rel}","templated":true}]}}