{"id":365194,"date":"2023-12-20T14:08:27","date_gmt":"2023-12-20T13:08:27","guid":{"rendered":"https:\/\/elten.com\/?page_id=365194"},"modified":"2023-12-20T14:08:27","modified_gmt":"2023-12-20T13:08:27","slug":"certyfikaty-iso-pobierz","status":"publish","type":"page","link":"https:\/\/elten.com\/pl\/certyfikaty-iso\/certyfikaty-iso-pobierz\/","title":{"rendered":"Certyfikaty ISO pobierz"},"content":{"rendered":"<div  class='flex_column av-apl9zfj-a1da645ceab9bc4118b68678c71f81b5 av_one_half  avia-builder-el-0  el_before_av_one_fourth  avia-builder-el-first  first flex_column_div  '     ><p>\n<style type=\"text\/css\" data-created_by=\"avia_inline_auto\" id=\"style-css-av-lmad6bbs-6cde071aefb5df9ebd6350d25e350209\">\n#top .av-special-heading.av-lmad6bbs-6cde071aefb5df9ebd6350d25e350209{\npadding-bottom:10px;\n}\nbody .av-special-heading.av-lmad6bbs-6cde071aefb5df9ebd6350d25e350209 .av-special-heading-tag .heading-char{\nfont-size:25px;\n}\n.av-special-heading.av-lmad6bbs-6cde071aefb5df9ebd6350d25e350209 .av-subheading{\nfont-size:15px;\n}\n<\/style>\n<div  class='av-special-heading av-lmad6bbs-6cde071aefb5df9ebd6350d25e350209 av-special-heading-h1  avia-builder-el-1  el_before_av_textblock  avia-builder-el-first '><h1 class='av-special-heading-tag'  itemprop=\"headline\"  >Certyfikaty ISO 9001 i 14001<\/h1><div class=\"special-heading-border\"><div class=\"special-heading-inner-border\"><\/div><\/div><\/div><br \/>\n<section  class='av_textblock_section av-lmad6tyi-9d0cb5c2aceed0332bd1bc9af2f79c3e '   itemscope=\"itemscope\" itemtype=\"https:\/\/schema.org\/CreativeWork\" ><div class='avia_textblock'  itemprop=\"text\" ><p>Dzi\u0119kujemy za zainteresowanie naszymi certyfikatami ISO 9001 i ISO 14001. Mo\u017cesz teraz pobra\u0107 certyfikaty, klikaj\u0105c odpowiednie przyciski.<\/p>\n<\/div><\/section><\/p><\/div><div  class='flex_column av-8wj2plr-7026ff64619f06a988e9d6d19139a1ac av_one_fourth  avia-builder-el-3  el_after_av_one_half  el_before_av_one_fourth  flex_column_div  '     ><p>\n<style type=\"text\/css\" data-created_by=\"avia_inline_auto\" id=\"style-css-av-lmada3ly-bc7dee9108a5c5e674fa5f0da65ccfe1\">\n.avia-image-container.av-lmada3ly-bc7dee9108a5c5e674fa5f0da65ccfe1 img.avia_image{\nbox-shadow:none;\n}\n.avia-image-container.av-lmada3ly-bc7dee9108a5c5e674fa5f0da65ccfe1 .av-image-caption-overlay-center{\ncolor:#ffffff;\n}\n<\/style>\n<div  class='avia-image-container av-lmada3ly-bc7dee9108a5c5e674fa5f0da65ccfe1 av-styling- avia-align-center  avia-builder-el-4  el_before_av_button  avia-builder-el-first '   itemprop=\"image\" itemscope=\"itemscope\" itemtype=\"https:\/\/schema.org\/ImageObject\" ><div class=\"avia-image-container-inner\"><div class=\"avia-image-overlay-wrap\"><a href=\"https:\/\/elten.com\/wp-content\/uploads\/2023\/12\/231220-Certificate-ISO-9001_e.pdf\" class='avia_image' target=\"_blank\" rel=\"noopener noreferrer\" aria-label='Zertifikat-DIN-EN-ISO-9001-2015-EN'><img decoding=\"async\" fetchpriority=\"high\" class='wp-image-365139 avia-img-lazy-loading-not-365139 avia_image ' src=\"https:\/\/elten.com\/wp-content\/uploads\/2023\/12\/Zertifikat-DIN-EN-ISO-9001-2015-EN.jpg\" alt='Zertifikat-DIN-EN-ISO-9001-2015-EN' title='Zertifikat-DIN-EN-ISO-9001-2015-EN'  height=\"453\" width=\"320\"  itemprop=\"thumbnailUrl\" srcset=\"https:\/\/elten.com\/wp-content\/uploads\/2023\/12\/Zertifikat-DIN-EN-ISO-9001-2015-EN.jpg 320w, https:\/\/elten.com\/wp-content\/uploads\/2023\/12\/Zertifikat-DIN-EN-ISO-9001-2015-EN-212x300.jpg 212w\" sizes=\"(max-width: 320px) 100vw, 320px\" \/><\/a><\/div><\/div><\/div><br \/>\n<div  class='avia-button-wrap av-lmadai8x-124e2e649dbcd31fc4f0b54f8f2d3b24-wrap avia-button-center  avia-builder-el-5  el_after_av_image  el_before_av_hr '>\n<style type=\"text\/css\" data-created_by=\"avia_inline_auto\" id=\"style-css-av-lmadai8x-124e2e649dbcd31fc4f0b54f8f2d3b24\">\n#top #wrap_all .avia-button.av-lmadai8x-124e2e649dbcd31fc4f0b54f8f2d3b24{\nbackground-color:#dd0b2e;\nborder-color:#dd0b2e;\ncolor:#ffffff;\ntransition:all 0.4s ease-in-out;\n}\n<\/style>\n<a href='https:\/\/elten.com\/wp-content\/uploads\/2023\/12\/231220-Certificate-ISO-9001_e.pdf' class='avia-button av-lmadai8x-124e2e649dbcd31fc4f0b54f8f2d3b24 avia-icon_select-yes-left-icon avia-size-medium avia-position-center' target=\"_blank\" rel=\"noopener noreferrer\"><span class='avia_button_icon avia_button_icon_left' aria-hidden='true' data-av_icon='\ue82d' data-av_iconfont='entypo-fontello'><\/span><span class='avia_iconbox_title' >POBIERZ ISO 9001<\/span><\/a><\/div><br \/>\n\n<style type=\"text\/css\" data-created_by=\"avia_inline_auto\" id=\"style-css-av-lpqubj2w-87a62bfc0034ea43c457cf0974f30431\">\n#top .hr.av-lpqubj2w-87a62bfc0034ea43c457cf0974f30431{\nmargin-top:30px;\nmargin-bottom:30px;\n}\n.hr.av-lpqubj2w-87a62bfc0034ea43c457cf0974f30431 .hr-inner{\nwidth:75%;\n}\n<\/style>\n<div  class='hr av-lpqubj2w-87a62bfc0034ea43c457cf0974f30431 hr-custom  avia-builder-el-6  el_after_av_button  avia-builder-el-last  av-desktop-hide av-medium-hide hr-center hr-icon-no'><span class='hr-inner inner-border-av-border-thin'><span class=\"hr-inner-style\"><\/span><\/span><\/div><\/p><\/div><div  class='flex_column av-epb60uz-12d14282cfeeb913f029330ffc848552 av_one_fourth  avia-builder-el-7  el_after_av_one_fourth  avia-builder-el-last  flex_column_div  '     ><p>\n<style type=\"text\/css\" data-created_by=\"avia_inline_auto\" id=\"style-css-av-cc0tm6z-6ad59cd4c15186fd617df86100e52d25\">\n.avia-image-container.av-cc0tm6z-6ad59cd4c15186fd617df86100e52d25 img.avia_image{\nbox-shadow:none;\n}\n.avia-image-container.av-cc0tm6z-6ad59cd4c15186fd617df86100e52d25 .av-image-caption-overlay-center{\ncolor:#ffffff;\n}\n<\/style>\n<div  class='avia-image-container av-cc0tm6z-6ad59cd4c15186fd617df86100e52d25 av-styling- avia-align-center  avia-builder-el-8  el_before_av_button  avia-builder-el-first '   itemprop=\"image\" itemscope=\"itemscope\" itemtype=\"https:\/\/schema.org\/ImageObject\" ><div class=\"avia-image-container-inner\"><div class=\"avia-image-overlay-wrap\"><a href=\"https:\/\/elten.com\/wp-content\/uploads\/2023\/12\/231220-Certificate-ISO-14001_e.pdf\" class='avia_image' target=\"_blank\" rel=\"noopener noreferrer\" aria-label='Zertifikat-DIN-EN-ISO-14001-2015_EN'><img decoding=\"async\" fetchpriority=\"high\" class='wp-image-365147 avia-img-lazy-loading-not-365147 avia_image ' src=\"https:\/\/elten.com\/wp-content\/uploads\/2023\/12\/Zertifikat-DIN-EN-ISO-14001-2015_EN.jpg\" alt='Zertifikat-DIN-EN-ISO-14001-2015_EN' title='Zertifikat-DIN-EN-ISO-14001-2015_EN'  height=\"453\" width=\"320\"  itemprop=\"thumbnailUrl\" srcset=\"https:\/\/elten.com\/wp-content\/uploads\/2023\/12\/Zertifikat-DIN-EN-ISO-14001-2015_EN.jpg 320w, https:\/\/elten.com\/wp-content\/uploads\/2023\/12\/Zertifikat-DIN-EN-ISO-14001-2015_EN-212x300.jpg 212w\" sizes=\"(max-width: 320px) 100vw, 320px\" \/><\/a><\/div><\/div><\/div><br \/>\n<div  class='avia-button-wrap av-59pr523-547314bbd0e4a2effcb3802c34840521-wrap avia-button-center  avia-builder-el-9  el_after_av_image  avia-builder-el-last '>\n<style type=\"text\/css\" data-created_by=\"avia_inline_auto\" id=\"style-css-av-59pr523-547314bbd0e4a2effcb3802c34840521\">\n#top #wrap_all .avia-button.av-59pr523-547314bbd0e4a2effcb3802c34840521{\nbackground-color:#dd0b2e;\nborder-color:#dd0b2e;\ncolor:#ffffff;\ntransition:all 0.4s ease-in-out;\n}\n<\/style>\n<a href='https:\/\/elten.com\/wp-content\/uploads\/2023\/12\/231220-Certificate-ISO-14001_e.pdf' class='avia-button av-59pr523-547314bbd0e4a2effcb3802c34840521 avia-icon_select-yes-left-icon avia-size-medium avia-position-center' target=\"_blank\" rel=\"noopener noreferrer\"><span class='avia_button_icon avia_button_icon_left' aria-hidden='true' data-av_icon='\ue82d' data-av_iconfont='entypo-fontello'><\/span><span class='avia_iconbox_title' >POBIERZ ISO 14001<\/span><\/a><\/div><\/p><\/div><\/p>\n","protected":false},"excerpt":{"rendered":"","protected":false},"author":2,"featured_media":0,"parent":365193,"menu_order":0,"comment_status":"closed","ping_status":"closed","template":"","meta":{"footnotes":""},"categories":[5691],"tags":[],"class_list":["post-365194","page","type-page","status-publish","hentry","category-zertifikate-pl"],"yoast_head":"<!-- This site is optimized with the Yoast SEO Premium plugin v21.9 (Yoast SEO v21.9.1) - https:\/\/yoast.com\/wordpress\/plugins\/seo\/ -->\n<title>Certyfikaty ISO pobierz - ELTEN GmbH<\/title>\n<meta name=\"robots\" content=\"noindex, nofollow\" \/>\n<meta property=\"og:locale\" content=\"pl_PL\" \/>\n<meta property=\"og:type\" content=\"article\" \/>\n<meta property=\"og:title\" content=\"Certyfikaty ISO pobierz\" \/>\n<meta property=\"og:url\" content=\"https:\/\/elten.com\/pl\/certyfikaty-iso\/certyfikaty-iso-pobierz\/\" \/>\n<meta property=\"og:site_name\" content=\"ELTEN GmbH\" \/>\n<meta name=\"twitter:card\" content=\"summary_large_image\" \/>\n<meta name=\"twitter:label1\" content=\"Szacowany czas czytania\" \/>\n\t<meta name=\"twitter:data1\" content=\"6 minut\" \/>\n<script type=\"application\/ld+json\" class=\"yoast-schema-graph\">{\"@context\":\"https:\/\/schema.org\",\"@graph\":[{\"@type\":\"WebPage\",\"@id\":\"https:\/\/elten.com\/pl\/certyfikaty-iso\/certyfikaty-iso-pobierz\/\",\"url\":\"https:\/\/elten.com\/pl\/certyfikaty-iso\/certyfikaty-iso-pobierz\/\",\"name\":\"Certyfikaty ISO pobierz - ELTEN GmbH\",\"isPartOf\":{\"@id\":\"https:\/\/elten.com\/pl\/#website\"},\"datePublished\":\"2023-12-20T13:08:27+00:00\",\"dateModified\":\"2023-12-20T13:08:27+00:00\",\"breadcrumb\":{\"@id\":\"https:\/\/elten.com\/pl\/certyfikaty-iso\/certyfikaty-iso-pobierz\/#breadcrumb\"},\"inLanguage\":\"pl-PL\",\"potentialAction\":[{\"@type\":\"ReadAction\",\"target\":[\"https:\/\/elten.com\/pl\/certyfikaty-iso\/certyfikaty-iso-pobierz\/\"]}]},{\"@type\":\"BreadcrumbList\",\"@id\":\"https:\/\/elten.com\/pl\/certyfikaty-iso\/certyfikaty-iso-pobierz\/#breadcrumb\",\"itemListElement\":[{\"@type\":\"ListItem\",\"position\":1,\"name\":\"Startseite\",\"item\":\"https:\/\/elten.com\/pl\/\"},{\"@type\":\"ListItem\",\"position\":2,\"name\":\"Certyfikaty ISO\",\"item\":\"https:\/\/elten.com\/pl\/certyfikaty-iso\/\"},{\"@type\":\"ListItem\",\"position\":3,\"name\":\"Certyfikaty ISO pobierz\"}]},{\"@type\":\"WebSite\",\"@id\":\"https:\/\/elten.com\/pl\/#website\",\"url\":\"https:\/\/elten.com\/pl\/\",\"name\":\"ELTEN GmbH\",\"description\":\"Sicherheitsschuhe | Arbeitsschuhe | LOWA WORK COLLECTION | ELTEN GmbH\",\"potentialAction\":[{\"@type\":\"SearchAction\",\"target\":{\"@type\":\"EntryPoint\",\"urlTemplate\":\"https:\/\/elten.com\/pl\/?s={search_term_string}\"},\"query-input\":\"required name=search_term_string\"}],\"inLanguage\":\"pl-PL\"}]}<\/script>\n<!-- \/ Yoast SEO Premium plugin. -->","yoast_head_json":{"title":"Certyfikaty ISO pobierz - ELTEN GmbH","robots":{"index":"noindex","follow":"nofollow"},"og_locale":"pl_PL","og_type":"article","og_title":"Certyfikaty ISO pobierz","og_url":"https:\/\/elten.com\/pl\/certyfikaty-iso\/certyfikaty-iso-pobierz\/","og_site_name":"ELTEN GmbH","twitter_card":"summary_large_image","twitter_misc":{"Szacowany czas czytania":"6 minut"},"schema":{"@context":"https:\/\/schema.org","@graph":[{"@type":"WebPage","@id":"https:\/\/elten.com\/pl\/certyfikaty-iso\/certyfikaty-iso-pobierz\/","url":"https:\/\/elten.com\/pl\/certyfikaty-iso\/certyfikaty-iso-pobierz\/","name":"Certyfikaty ISO pobierz - ELTEN GmbH","isPartOf":{"@id":"https:\/\/elten.com\/pl\/#website"},"datePublished":"2023-12-20T13:08:27+00:00","dateModified":"2023-12-20T13:08:27+00:00","breadcrumb":{"@id":"https:\/\/elten.com\/pl\/certyfikaty-iso\/certyfikaty-iso-pobierz\/#breadcrumb"},"inLanguage":"pl-PL","potentialAction":[{"@type":"ReadAction","target":["https:\/\/elten.com\/pl\/certyfikaty-iso\/certyfikaty-iso-pobierz\/"]}]},{"@type":"BreadcrumbList","@id":"https:\/\/elten.com\/pl\/certyfikaty-iso\/certyfikaty-iso-pobierz\/#breadcrumb","itemListElement":[{"@type":"ListItem","position":1,"name":"Startseite","item":"https:\/\/elten.com\/pl\/"},{"@type":"ListItem","position":2,"name":"Certyfikaty ISO","item":"https:\/\/elten.com\/pl\/certyfikaty-iso\/"},{"@type":"ListItem","position":3,"name":"Certyfikaty ISO pobierz"}]},{"@type":"WebSite","@id":"https:\/\/elten.com\/pl\/#website","url":"https:\/\/elten.com\/pl\/","name":"ELTEN GmbH","description":"Sicherheitsschuhe | Arbeitsschuhe | LOWA WORK COLLECTION | ELTEN GmbH","potentialAction":[{"@type":"SearchAction","target":{"@type":"EntryPoint","urlTemplate":"https:\/\/elten.com\/pl\/?s={search_term_string}"},"query-input":"required name=search_term_string"}],"inLanguage":"pl-PL"}]}},"_links":{"self":[{"href":"https:\/\/elten.com\/pl\/wp-json\/wp\/v2\/pages\/365194","targetHints":{"allow":["GET"]}}],"collection":[{"href":"https:\/\/elten.com\/pl\/wp-json\/wp\/v2\/pages"}],"about":[{"href":"https:\/\/elten.com\/pl\/wp-json\/wp\/v2\/types\/page"}],"author":[{"embeddable":true,"href":"https:\/\/elten.com\/pl\/wp-json\/wp\/v2\/users\/2"}],"replies":[{"embeddable":true,"href":"https:\/\/elten.com\/pl\/wp-json\/wp\/v2\/comments?post=365194"}],"version-history":[{"count":2,"href":"https:\/\/elten.com\/pl\/wp-json\/wp\/v2\/pages\/365194\/revisions"}],"predecessor-version":[{"id":365242,"href":"https:\/\/elten.com\/pl\/wp-json\/wp\/v2\/pages\/365194\/revisions\/365242"}],"up":[{"embeddable":true,"href":"https:\/\/elten.com\/pl\/wp-json\/wp\/v2\/pages\/365193"}],"wp:attachment":[{"href":"https:\/\/elten.com\/pl\/wp-json\/wp\/v2\/media?parent=365194"}],"wp:term":[{"taxonomy":"category","embeddable":true,"href":"https:\/\/elten.com\/pl\/wp-json\/wp\/v2\/categories?post=365194"},{"taxonomy":"post_tag","embeddable":true,"href":"https:\/\/elten.com\/pl\/wp-json\/wp\/v2\/tags?post=365194"}],"curies":[{"name":"wp","href":"https:\/\/api.w.org\/{rel}","templated":true}]}}