{"id":397173,"date":"2025-05-13T16:29:08","date_gmt":"2025-05-13T14:29:08","guid":{"rendered":"https:\/\/elten.com\/?page_id=397173"},"modified":"2025-07-02T16:37:15","modified_gmt":"2025-07-02T14:37:15","slug":"buty-ochronne-z-wellmaxx-peak-podeszwa-rubber","status":"publish","type":"page","link":"https:\/\/elten.com\/pl\/grupy-produktow\/buty-ochronne-z-wellmaxx-peak-podeszwa-rubber\/","title":{"rendered":"Buty ochronne z WELLMAXX PEAK podeszw\u0105 (RUBBER)"},"content":{"rendered":"<div  class='flex_column av-as7xwid-1b023cbb6c86421e7a17ac2922e05375 av_one_full  avia-builder-el-0  el_before_av_button  avia-builder-el-first  first flex_column_div  '     ><p>\n<style type=\"text\/css\" data-created_by=\"avia_inline_auto\" id=\"style-css-av-lm4y1j9l-0727c23db9c2fd082ba33d2b4ed881c9\">\n#top .av-special-heading.av-lm4y1j9l-0727c23db9c2fd082ba33d2b4ed881c9{\npadding-bottom:10px;\n}\nbody .av-special-heading.av-lm4y1j9l-0727c23db9c2fd082ba33d2b4ed881c9 .av-special-heading-tag .heading-char{\nfont-size:25px;\n}\n.av-special-heading.av-lm4y1j9l-0727c23db9c2fd082ba33d2b4ed881c9 .av-subheading{\nfont-size:15px;\n}\n<\/style>\n<div  class='av-special-heading av-lm4y1j9l-0727c23db9c2fd082ba33d2b4ed881c9 av-special-heading-h2  avia-builder-el-1  el_before_av_portfolio  avia-builder-el-no-sibling '><h2 class='av-special-heading-tag'  itemprop=\"headline\"  >WELLMAXX PEAK (RUBBER)<\/h2><div class=\"special-heading-border\"><div class=\"special-heading-inner-border\"><\/div><\/div><\/div><br \/>\n<div  id=\"av-sc-portfolio-1\"  class=' grid-sort-container isotope   no_margin-container with-excerpt-container grid-total-odd grid-col-4 grid-links-' data-portfolio-id='1'><div data-ajax-id='406899' class=' grid-entry flex_column isotope-item all_sort no_margin post-entry post-entry-406899 grid-entry-overview grid-loop-1 grid-parity-odd  _wellmaxx-peak-gu-pu-pl_sort 11200_agilium-freestep-2-0-pl_sort 11300_agilium-freestep-3-0-pl_sort 11400_malleo-neurexa-pro-pl_sort 10400_bauerfeind-ergo-pad-workh-pl_sort 50300_artisan-pl_sort 50400_artisan-yellow-pl_sort 10100_esd-pro-pl_sort 50100_sensicare-pl_sort wr-pl_sort podnosek-pl_sort gumowa-pl_sort hro-pl_sort hi-pl_sort lg-pl_sort ci-pl_sort klasyczny-pl_sort sc-pl_sort fo-pl_sort sr-pl_sort ochrona-trudnoprzebiciowa-niezawierajaca-metalu-pl_sort skorzana-pl_sort podnosek-z-metalu-pl_sort gore-tex-pl_sort boa-fit-system-pl_sort s3s-pl_sort mittel-normal-pl_sort rfid-chip-pl_sort 05-divers-pl_sort infinergy-pl_sort 04000-pl_sort 04100-pl_sort 04200-pl_sort 04300-pl_sort 04400-pl_sort 04500-pl_sort 04600-pl_sort 04700-pl_sort 04800-pl_sort boa-pl_sort czarny-pl_sort elten-pl_sort elten-wellmaxx-pl_sort en-iso-20345-pl_sort esd-pl_sort membrana-klimatyczna-pl_sort 02-mezczyzni-pl_sort nie-pl_sort obcas-pl_sort trzewiki-forma-c-pl_sort wellmaxx-pl_sort wkladki-pl_sort  av_one_fourth first default_av_fullwidth '><article class='main_color inner-entry'  itemscope=\"itemscope\" itemtype=\"https:\/\/schema.org\/CreativeWork\" ><a href=\"https:\/\/elten.com\/pl\/products\/kabru-xxp-pro-boa-gtx-black-high-esd-s3s-wr-hi-ci-788031\/\" title='KABRU XXP Pro BOA\u00ae GTX\u00ae black High ESD S3S WR HI CI &#8211; 788031'  data-rel='grid-1' class='grid-image avia-hover-fx'> <img decoding=\"async\" fetchpriority=\"high\" width=\"1\" height=\"1\" src=\"https:\/\/elten.com\/wp-content\/uploads\/products\/788031-01.jpg\" class=\"wp-image-406326 avia-img-lazy-loading-not-406326 attachment-portfolio_small size-portfolio_small wp-post-image\" alt=\"KABRU XXP Pro BOA\u00ae GTX black High ESD S3S WR HI CI - 788031\" \/><\/a><div class='grid-content'><div class='avia-arrow'><\/div><header class=\"entry-content-header\"><h3 class='grid-entry-title entry-title '  itemprop=\"headline\" ><a href='https:\/\/elten.com\/pl\/products\/kabru-xxp-pro-boa-gtx-black-high-esd-s3s-wr-hi-ci-788031\/' title='KABRU XXP Pro BOA\u00ae GTX\u00ae black High ESD S3S WR HI CI &#8211; 788031'>KABRU XXP Pro BOA\u00ae GTX\u00ae black High ESD S3S WR HI CI &#8211; 788031<\/a><\/h3><\/header><\/div><footer class=\"entry-footer\"><\/footer><\/article><\/div><div data-ajax-id='394695' class=' grid-entry flex_column isotope-item all_sort no_margin post-entry post-entry-394695 grid-entry-overview grid-loop-2 grid-parity-even  _wellmaxx-peak-gu-pu-pl_sort 11200_agilium-freestep-2-0-pl_sort 11300_agilium-freestep-3-0-pl_sort 11400_malleo-neurexa-pro-pl_sort 10400_bauerfeind-ergo-pad-workh-pl_sort 50300_artisan-pl_sort 50400_artisan-yellow-pl_sort 10100_esd-pro-pl_sort 50100_sensicare-pl_sort wr-pl_sort podnosek-pl_sort gumowa-pl_sort hro-pl_sort hi-pl_sort lg-pl_sort ci-pl_sort klasyczny-pl_sort sc-pl_sort fo-pl_sort sr-pl_sort ochrona-trudnoprzebiciowa-niezawierajaca-metalu-pl_sort skorzana-pl_sort podnosek-z-metalu-pl_sort gore-tex-pl_sort boa-fit-system-pl_sort s3s-pl_sort mittel-normal-pl_sort rfid-chip-pl_sort 05-divers-pl_sort infinergy-pl_sort 04000-pl_sort 04100-pl_sort 04200-pl_sort 04300-pl_sort 04400-pl_sort 04500-pl_sort 04600-pl_sort 04700-pl_sort 04800-pl_sort boa-pl_sort czarny-pl_sort elten-pl_sort elten-wellmaxx-pl_sort en-iso-20345-pl_sort esd-pl_sort membrana-klimatyczna-pl_sort 02-mezczyzni-pl_sort nie-pl_sort obcas-pl_sort polbuty-pl_sort wellmaxx-pl_sort wkladki-i-dostosowanie-pl_sort  av_one_fourth  default_av_fullwidth '><article class='main_color inner-entry'  itemscope=\"itemscope\" itemtype=\"https:\/\/schema.org\/CreativeWork\" ><a href=\"https:\/\/elten.com\/pl\/products\/kabru-xxp-pro-boa-gtx-black-low-esd-s3s-wr-hi-ci-728031\/\" title='KABRU XXP Pro BOA\u00ae GTX\u00ae black Low ESD S3S WR HI CI &#8211; 728031'  data-rel='grid-1' class='grid-image avia-hover-fx'> <img decoding=\"async\" fetchpriority=\"high\" width=\"1\" height=\"1\" src=\"https:\/\/elten.com\/wp-content\/uploads\/products\/728031-01.jpg\" class=\"wp-image-394353 avia-img-lazy-loading-not-394353 attachment-portfolio_small size-portfolio_small wp-post-image\" alt=\"KABRU XXP Pro BOA\u00ae GTX black Low ESD S3S WR HI CI - 728031\" \/><\/a><div class='grid-content'><div class='avia-arrow'><\/div><header class=\"entry-content-header\"><h3 class='grid-entry-title entry-title '  itemprop=\"headline\" ><a href='https:\/\/elten.com\/pl\/products\/kabru-xxp-pro-boa-gtx-black-low-esd-s3s-wr-hi-ci-728031\/' title='KABRU XXP Pro BOA\u00ae GTX\u00ae black Low ESD S3S WR HI CI &#8211; 728031'>KABRU XXP Pro BOA\u00ae GTX\u00ae black Low ESD S3S WR HI CI &#8211; 728031<\/a><\/h3><\/header><\/div><footer class=\"entry-footer\"><\/footer><\/article><\/div><div data-ajax-id='394696' class=' grid-entry flex_column isotope-item all_sort no_margin post-entry post-entry-394696 grid-entry-overview grid-loop-3 grid-parity-odd  _wellmaxx-peak-gu-pu-pl_sort 11200_agilium-freestep-2-0-pl_sort 11300_agilium-freestep-3-0-pl_sort 11400_malleo-neurexa-pro-pl_sort 10400_bauerfeind-ergo-pad-workh-pl_sort 50300_artisan-pl_sort 50400_artisan-yellow-pl_sort 10100_esd-pro-pl_sort 50100_sensicare-pl_sort wr-pl_sort podnosek-pl_sort gumowa-pl_sort hro-pl_sort hi-pl_sort lg-pl_sort ci-pl_sort klasyczny-pl_sort sc-pl_sort fo-pl_sort sr-pl_sort ochrona-trudnoprzebiciowa-niezawierajaca-metalu-pl_sort skorzana-pl_sort podnosek-z-metalu-pl_sort gore-tex-pl_sort boa-fit-system-pl_sort s3s-pl_sort mittel-normal-pl_sort rfid-chip-pl_sort 05-divers-pl_sort infinergy-pl_sort 04000-pl_sort 04100-pl_sort 04200-pl_sort 04300-pl_sort 04400-pl_sort 04500-pl_sort 04600-pl_sort 04700-pl_sort 04800-pl_sort boa-pl_sort czarny-pl_sort elten-pl_sort elten-wellmaxx-pl_sort en-iso-20345-pl_sort esd-pl_sort membrana-klimatyczna-pl_sort 02-mezczyzni-pl_sort nie-pl_sort obcas-pl_sort trzewiki-forma-b-pl_sort wellmaxx-pl_sort wkladki-i-dostosowanie-pl_sort  av_one_fourth  default_av_fullwidth '><article class='main_color inner-entry'  itemscope=\"itemscope\" itemtype=\"https:\/\/schema.org\/CreativeWork\" ><a href=\"https:\/\/elten.com\/pl\/products\/kabru-xxp-pro-boa-gtx-black-mid-esd-s3s-wr-hi-ci-768031\/\" title='KABRU XXP Pro BOA\u00ae GTX\u00ae black Mid ESD S3S WR HI CI &#8211; 768031'  data-rel='grid-1' class='grid-image avia-hover-fx'> <img decoding=\"async\" fetchpriority=\"high\" width=\"1\" height=\"1\" src=\"https:\/\/elten.com\/wp-content\/uploads\/products\/768031-01.jpg\" class=\"wp-image-393839 avia-img-lazy-loading-not-393839 attachment-portfolio_small size-portfolio_small wp-post-image\" alt=\"KABRU XXP Pro BOA\u00ae GTX black Mid ESD S3S WR HI CI - 768031\" \/><\/a><div class='grid-content'><div class='avia-arrow'><\/div><header class=\"entry-content-header\"><h3 class='grid-entry-title entry-title '  itemprop=\"headline\" ><a href='https:\/\/elten.com\/pl\/products\/kabru-xxp-pro-boa-gtx-black-mid-esd-s3s-wr-hi-ci-768031\/' title='KABRU XXP Pro BOA\u00ae GTX\u00ae black Mid ESD S3S WR HI CI &#8211; 768031'>KABRU XXP Pro BOA\u00ae GTX\u00ae black Mid ESD S3S WR HI CI &#8211; 768031<\/a><\/h3><\/header><\/div><footer class=\"entry-footer\"><\/footer><\/article><\/div><div data-ajax-id='397892' class=' grid-entry flex_column isotope-item all_sort no_margin post-entry post-entry-397892 grid-entry-overview grid-loop-4 grid-parity-even  _wellmaxx-peak-gu-pu-pl_sort 11200_agilium-freestep-2-0-pl_sort 11300_agilium-freestep-3-0-pl_sort 11400_malleo-neurexa-pro-pl_sort 10400_bauerfeind-ergo-pad-workh-pl_sort 50300_artisan-pl_sort 50400_artisan-yellow-pl_sort 10100_esd-pro-pl_sort 50100_sensicare-pl_sort wr-pl_sort podnosek-pl_sort gumowa-pl_sort hro-pl_sort hi-pl_sort mieszanka-skory-i-tekstyliow-pl_sort lg-pl_sort ci-pl_sort klasyczny-pl_sort sc-pl_sort fo-pl_sort sr-pl_sort ochrona-trudnoprzebiciowa-niezawierajaca-metalu-pl_sort podnosek-z-metalu-pl_sort gore-tex-pl_sort s3s-pl_sort mittel-normal-pl_sort rfid-chip-pl_sort 05-divers-pl_sort sznurowadla-pl_sort infinergy-pl_sort 04000-pl_sort 04100-pl_sort 04200-pl_sort 04300-pl_sort 04400-pl_sort 04500-pl_sort 04600-pl_sort 04700-pl_sort 04800-pl_sort czarny-pl_sort elten-pl_sort elten-wellmaxx-pl_sort en-iso-20345-pl_sort esd-pl_sort membrana-klimatyczna-pl_sort 02-mezczyzni-pl_sort nie-pl_sort obcas-pl_sort polbuty-pl_sort wellmaxx-pl_sort wkladki-pl_sort  av_one_fourth  default_av_fullwidth '><article class='main_color inner-entry'  itemscope=\"itemscope\" itemtype=\"https:\/\/schema.org\/CreativeWork\" ><a href=\"https:\/\/elten.com\/pl\/products\/robson-xxp-pro-gtx-black-brown-low-esd-s3s-hi-ci-728041\/\" title='ROBSON XXP Pro GTX\u00ae black-brown Low ESD S3S HI CI &#8211; 728041'  data-rel='grid-1' class='grid-image avia-hover-fx'> <img decoding=\"async\" fetchpriority=\"high\" width=\"1\" height=\"1\" src=\"https:\/\/elten.com\/wp-content\/uploads\/products\/728041-01.jpg\" class=\"wp-image-397686 avia-img-lazy-loading-not-397686 attachment-portfolio_small size-portfolio_small wp-post-image\" alt=\"ROBSON XXP Pro GTX black-brown Low ESD S3S HI CI - 728041\" \/><\/a><div class='grid-content'><div class='avia-arrow'><\/div><header class=\"entry-content-header\"><h3 class='grid-entry-title entry-title '  itemprop=\"headline\" ><a href='https:\/\/elten.com\/pl\/products\/robson-xxp-pro-gtx-black-brown-low-esd-s3s-hi-ci-728041\/' title='ROBSON XXP Pro GTX\u00ae black-brown Low ESD S3S HI CI &#8211; 728041'>ROBSON XXP Pro GTX\u00ae black-brown Low ESD S3S HI CI &#8211; 728041<\/a><\/h3><\/header><\/div><footer class=\"entry-footer\"><\/footer><\/article><\/div><div data-ajax-id='397893' class=' grid-entry flex_column isotope-item all_sort no_margin post-entry post-entry-397893 grid-entry-overview grid-loop-5 grid-parity-odd  _wellmaxx-peak-gu-pu-pl_sort 11200_agilium-freestep-2-0-pl_sort 11300_agilium-freestep-3-0-pl_sort 11400_malleo-neurexa-pro-pl_sort 10400_bauerfeind-ergo-pad-workh-pl_sort 50300_artisan-pl_sort 50400_artisan-yellow-pl_sort 10100_esd-pro-pl_sort 50100_sensicare-pl_sort wr-pl_sort podnosek-pl_sort gumowa-pl_sort hro-pl_sort hi-pl_sort mieszanka-skory-i-tekstyliow-pl_sort lg-pl_sort ci-pl_sort klasyczny-pl_sort sc-pl_sort fo-pl_sort sr-pl_sort ochrona-trudnoprzebiciowa-niezawierajaca-metalu-pl_sort podnosek-z-metalu-pl_sort gore-tex-pl_sort s3s-pl_sort mittel-normal-pl_sort rfid-chip-pl_sort 05-divers-pl_sort sznurowadla-pl_sort infinergy-pl_sort 04000-pl_sort 04100-pl_sort 04200-pl_sort 04300-pl_sort 04400-pl_sort 04500-pl_sort 04600-pl_sort 04700-pl_sort 04800-pl_sort czarny-pl_sort elten-pl_sort elten-wellmaxx-pl_sort en-iso-20345-pl_sort esd-pl_sort membrana-klimatyczna-pl_sort 02-mezczyzni-pl_sort nie-pl_sort obcas-pl_sort trzewiki-forma-b-pl_sort wellmaxx-pl_sort wkladki-pl_sort  av_one_fourth first default_av_fullwidth '><article class='main_color inner-entry'  itemscope=\"itemscope\" itemtype=\"https:\/\/schema.org\/CreativeWork\" ><a href=\"https:\/\/elten.com\/pl\/products\/robson-xxp-pro-gtx-black-brown-mid-esd-s3s-hi-ci-768041\/\" title='ROBSON XXP Pro GTX\u00ae black-brown Mid ESD S3S HI CI &#8211; 768041'  data-rel='grid-1' class='grid-image avia-hover-fx'> <img decoding=\"async\" fetchpriority=\"high\" width=\"1\" height=\"1\" src=\"https:\/\/elten.com\/wp-content\/uploads\/products\/768041-01.jpg\" class=\"wp-image-397751 avia-img-lazy-loading-not-397751 attachment-portfolio_small size-portfolio_small wp-post-image\" alt=\"ROBSON XXP Pro GTX black-brown Mid ESD S3S HI CI - 768041\" \/><\/a><div class='grid-content'><div class='avia-arrow'><\/div><header class=\"entry-content-header\"><h3 class='grid-entry-title entry-title '  itemprop=\"headline\" ><a href='https:\/\/elten.com\/pl\/products\/robson-xxp-pro-gtx-black-brown-mid-esd-s3s-hi-ci-768041\/' title='ROBSON XXP Pro GTX\u00ae black-brown Mid ESD S3S HI CI &#8211; 768041'>ROBSON XXP Pro GTX\u00ae black-brown Mid ESD S3S HI CI &#8211; 768041<\/a><\/h3><\/header><\/div><footer class=\"entry-footer\"><\/footer><\/article><\/div><div data-ajax-id='406902' class=' grid-entry flex_column isotope-item all_sort no_margin post-entry post-entry-406902 grid-entry-overview grid-loop-6 grid-parity-even  _wellmaxx-peak-gu-pu-pl_sort 11200_agilium-freestep-2-0-pl_sort 11300_agilium-freestep-3-0-pl_sort 11400_malleo-neurexa-pro-pl_sort 10400_bauerfeind-ergo-pad-workh-pl_sort 50300_artisan-pl_sort 50400_artisan-yellow-pl_sort 10100_esd-pro-pl_sort 50100_sensicare-pl_sort wr-pl_sort gumowa-pl_sort hro-pl_sort hi-pl_sort lg-pl_sort ci-pl_sort klasyczny-pl_sort fo-pl_sort sr-pl_sort ochrona-trudnoprzebiciowa-niezawierajaca-metalu-pl_sort skorzana-pl_sort podnosek-z-metalu-pl_sort gore-tex-pl_sort s3s-pl_sort mittel-normal-pl_sort rfid-chip-pl_sort 05-divers-pl_sort sznurowadla-pl_sort infinergy-pl_sort 04000-pl_sort 04100-pl_sort 04200-pl_sort 04300-pl_sort 04400-pl_sort 04500-pl_sort 04600-pl_sort 04700-pl_sort 04800-pl_sort czarny-pl_sort elten-pl_sort elten-wellmaxx-pl_sort en-iso-20345-pl_sort esd-pl_sort membrana-klimatyczna-pl_sort 02-mezczyzni-pl_sort nie-pl_sort obcas-pl_sort polbuty-pl_sort wellmaxx-pl_sort wkladki-i-dostosowanie-pl_sort  av_one_fourth  default_av_fullwidth '><article class='main_color inner-entry'  itemscope=\"itemscope\" itemtype=\"https:\/\/schema.org\/CreativeWork\" ><a href=\"https:\/\/elten.com\/pl\/products\/saloro-xxp-gtx-black-low-esd-s3s-wr-hi-ci-728021\/\" title='SALORO XXP GTX\u00ae black Low ESD S3S WR HI CI &#8211; 728021'  data-rel='grid-1' class='grid-image avia-hover-fx'> <img decoding=\"async\" fetchpriority=\"high\" width=\"1\" height=\"1\" src=\"https:\/\/elten.com\/wp-content\/uploads\/products\/728021-01.jpg\" class=\"wp-image-406521 avia-img-lazy-loading-not-406521 attachment-portfolio_small size-portfolio_small wp-post-image\" alt=\"SALORO XXP GTX black Low ESD S3S WR HI CI - 728021\" \/><\/a><div class='grid-content'><div class='avia-arrow'><\/div><header class=\"entry-content-header\"><h3 class='grid-entry-title entry-title '  itemprop=\"headline\" ><a href='https:\/\/elten.com\/pl\/products\/saloro-xxp-gtx-black-low-esd-s3s-wr-hi-ci-728021\/' title='SALORO XXP GTX\u00ae black Low ESD S3S WR HI CI &#8211; 728021'>SALORO XXP GTX\u00ae black Low ESD S3S WR HI CI &#8211; 728021<\/a><\/h3><\/header><\/div><footer class=\"entry-footer\"><\/footer><\/article><\/div><div data-ajax-id='404295' class=' grid-entry flex_column isotope-item all_sort no_margin post-entry post-entry-404295 grid-entry-overview grid-loop-7 grid-parity-odd  post-entry-last  _wellmaxx-peak-gu-pu-pl_sort 11200_agilium-freestep-2-0-pl_sort 11300_agilium-freestep-3-0-pl_sort 11400_malleo-neurexa-pro-pl_sort 10400_bauerfeind-ergo-pad-workh-pl_sort 50300_artisan-pl_sort 50400_artisan-yellow-pl_sort 10100_esd-pro-pl_sort 50100_sensicare-pl_sort wr-pl_sort gumowa-pl_sort hro-pl_sort hi-pl_sort lg-pl_sort ci-pl_sort klasyczny-pl_sort sc-pl_sort fo-pl_sort sr-pl_sort ochrona-trudnoprzebiciowa-niezawierajaca-metalu-pl_sort skorzana-pl_sort podnosek-z-metalu-pl_sort gore-tex-pl_sort s3s-pl_sort mittel-normal-pl_sort rfid-chip-pl_sort 05-divers-pl_sort sznurowadla-pl_sort infinergy-pl_sort 04000-pl_sort 04100-pl_sort 04200-pl_sort 04300-pl_sort 04400-pl_sort 04500-pl_sort 04600-pl_sort 04700-pl_sort 04800-pl_sort czarny-pl_sort elten-pl_sort elten-wellmaxx-pl_sort en-iso-20345-pl_sort esd-pl_sort membrana-klimatyczna-pl_sort 02-mezczyzni-pl_sort nie-pl_sort obcas-pl_sort trzewiki-forma-b-pl_sort wellmaxx-pl_sort wkladki-i-dostosowanie-pl_sort  av_one_fourth  default_av_fullwidth '><article class='main_color inner-entry'  itemscope=\"itemscope\" itemtype=\"https:\/\/schema.org\/CreativeWork\" ><a href=\"https:\/\/elten.com\/pl\/products\/saloro-xxp-gtx-black-mid-esd-s3s-wr-hi-ci-768021\/\" title='SALORO XXP GTX\u00ae black Mid ESD S3S WR HI CI &#8211; 768021'  data-rel='grid-1' class='grid-image avia-hover-fx'> <img decoding=\"async\" fetchpriority=\"high\" width=\"1\" height=\"1\" src=\"https:\/\/elten.com\/wp-content\/uploads\/products\/768021-01.jpg\" class=\"wp-image-404211 avia-img-lazy-loading-not-404211 attachment-portfolio_small size-portfolio_small wp-post-image\" alt=\"SALORO XXP GTX black Mid ESD S3S WR HI CI - 768021\" \/><\/a><div class='grid-content'><div class='avia-arrow'><\/div><header class=\"entry-content-header\"><h3 class='grid-entry-title entry-title '  itemprop=\"headline\" ><a href='https:\/\/elten.com\/pl\/products\/saloro-xxp-gtx-black-mid-esd-s3s-wr-hi-ci-768021\/' title='SALORO XXP GTX\u00ae black Mid ESD S3S WR HI CI &#8211; 768021'>SALORO XXP GTX\u00ae black Mid ESD S3S WR HI CI &#8211; 768021<\/a><\/h3><\/header><\/div><footer class=\"entry-footer\"><\/footer><\/article><\/div><\/div><\/p><\/div><div  class='avia-button-wrap av-5crt5cl-39b4aed9e81cc978893f36d90d9be618-wrap avia-button-right  avia-builder-el-3  el_after_av_one_full  avia-builder-el-last '>\n<style type=\"text\/css\" data-created_by=\"avia_inline_auto\" id=\"style-css-av-5crt5cl-39b4aed9e81cc978893f36d90d9be618\">\n#top #wrap_all .avia-button.av-5crt5cl-39b4aed9e81cc978893f36d90d9be618{\nbackground-color:#dd0b2e;\nborder-color:#dd0b2e;\ncolor:#ffffff;\ntransition:all 0.4s ease-in-out;\n}\n<\/style>\n<a href='javascript:history.back()'  class='avia-button av-5crt5cl-39b4aed9e81cc978893f36d90d9be618 avia-icon_select-yes-left-icon avia-size-medium avia-position-right'  ><span class='avia_button_icon avia_button_icon_left' aria-hidden='true' data-av_icon='\ue88c' data-av_iconfont='entypo-fontello'><\/span><span class='avia_iconbox_title' >WSTECZ<\/span><\/a><\/div><\/p>\n","protected":false},"excerpt":{"rendered":"","protected":false},"author":2,"featured_media":0,"parent":355498,"menu_order":0,"comment_status":"closed","ping_status":"closed","template":"","meta":{"footnotes":""},"categories":[596],"tags":[],"class_list":["post-397173","page","type-page","status-publish","hentry","category-produktgruppen-pl"],"yoast_head":"<!-- This site is optimized with the Yoast SEO Premium plugin v21.9 (Yoast SEO v21.9.1) - https:\/\/yoast.com\/wordpress\/plugins\/seo\/ -->\n<title>Buty ochronne z WELLMAXX PEAK podeszw\u0105 (RUBBER) - ELTEN GmbH<\/title>\n<meta name=\"description\" content=\"Chro\u0144 swoje stopy dzi\u0119ki lekkim i wytrzyma\u0142ym butom ochronnym z serii ELTEN WELLMAXX PEAK z gumow\u0105 podeszw\u0105 zewn\u0119trzn\u0105.\" \/>\n<meta name=\"robots\" content=\"index, follow, max-snippet:-1, max-image-preview:large, max-video-preview:-1\" \/>\n<link rel=\"canonical\" href=\"https:\/\/elten.com\/pl\/grupy-produktow\/buty-ochronne-z-wellmaxx-peak-podeszwa-rubber\/\" \/>\n<meta property=\"og:locale\" content=\"pl_PL\" \/>\n<meta property=\"og:type\" content=\"article\" \/>\n<meta property=\"og:title\" content=\"Buty ochronne z WELLMAXX PEAK podeszw\u0105 (RUBBER)\" \/>\n<meta property=\"og:description\" content=\"Chro\u0144 swoje stopy dzi\u0119ki lekkim i wytrzyma\u0142ym butom ochronnym z serii ELTEN WELLMAXX PEAK z gumow\u0105 podeszw\u0105 zewn\u0119trzn\u0105.\" \/>\n<meta property=\"og:url\" content=\"https:\/\/elten.com\/pl\/grupy-produktow\/buty-ochronne-z-wellmaxx-peak-podeszwa-rubber\/\" \/>\n<meta property=\"og:site_name\" content=\"ELTEN GmbH\" \/>\n<meta property=\"article:modified_time\" content=\"2025-07-02T14:37:15+00:00\" \/>\n<meta name=\"twitter:card\" content=\"summary_large_image\" \/>\n<meta name=\"twitter:label1\" content=\"Szacowany czas czytania\" \/>\n\t<meta name=\"twitter:data1\" content=\"2 minuty\" \/>\n<script type=\"application\/ld+json\" class=\"yoast-schema-graph\">{\"@context\":\"https:\/\/schema.org\",\"@graph\":[{\"@type\":\"WebPage\",\"@id\":\"https:\/\/elten.com\/pl\/grupy-produktow\/buty-ochronne-z-wellmaxx-peak-podeszwa-rubber\/\",\"url\":\"https:\/\/elten.com\/pl\/grupy-produktow\/buty-ochronne-z-wellmaxx-peak-podeszwa-rubber\/\",\"name\":\"Buty ochronne z WELLMAXX PEAK podeszw\u0105 (RUBBER) - ELTEN GmbH\",\"isPartOf\":{\"@id\":\"https:\/\/elten.com\/pl\/#website\"},\"datePublished\":\"2025-05-13T14:29:08+00:00\",\"dateModified\":\"2025-07-02T14:37:15+00:00\",\"description\":\"Chro\u0144 swoje stopy dzi\u0119ki lekkim i wytrzyma\u0142ym butom ochronnym z serii ELTEN WELLMAXX PEAK z gumow\u0105 podeszw\u0105 zewn\u0119trzn\u0105.\",\"breadcrumb\":{\"@id\":\"https:\/\/elten.com\/pl\/grupy-produktow\/buty-ochronne-z-wellmaxx-peak-podeszwa-rubber\/#breadcrumb\"},\"inLanguage\":\"pl-PL\",\"potentialAction\":[{\"@type\":\"ReadAction\",\"target\":[\"https:\/\/elten.com\/pl\/grupy-produktow\/buty-ochronne-z-wellmaxx-peak-podeszwa-rubber\/\"]}]},{\"@type\":\"BreadcrumbList\",\"@id\":\"https:\/\/elten.com\/pl\/grupy-produktow\/buty-ochronne-z-wellmaxx-peak-podeszwa-rubber\/#breadcrumb\",\"itemListElement\":[{\"@type\":\"ListItem\",\"position\":1,\"name\":\"Startseite\",\"item\":\"https:\/\/elten.com\/pl\/\"},{\"@type\":\"ListItem\",\"position\":2,\"name\":\"Grupy produkt\u00f3w\",\"item\":\"https:\/\/elten.com\/pl\/grupy-produktow\/\"},{\"@type\":\"ListItem\",\"position\":3,\"name\":\"Buty ochronne z WELLMAXX PEAK podeszw\u0105 (RUBBER)\"}]},{\"@type\":\"WebSite\",\"@id\":\"https:\/\/elten.com\/pl\/#website\",\"url\":\"https:\/\/elten.com\/pl\/\",\"name\":\"ELTEN GmbH\",\"description\":\"Sicherheitsschuhe | Arbeitsschuhe | LOWA WORK COLLECTION | ELTEN GmbH\",\"potentialAction\":[{\"@type\":\"SearchAction\",\"target\":{\"@type\":\"EntryPoint\",\"urlTemplate\":\"https:\/\/elten.com\/pl\/?s={search_term_string}\"},\"query-input\":\"required name=search_term_string\"}],\"inLanguage\":\"pl-PL\"}]}<\/script>\n<!-- \/ Yoast SEO Premium plugin. -->","yoast_head_json":{"title":"Buty ochronne z WELLMAXX PEAK podeszw\u0105 (RUBBER) - ELTEN GmbH","description":"Chro\u0144 swoje stopy dzi\u0119ki lekkim i wytrzyma\u0142ym butom ochronnym z serii ELTEN WELLMAXX PEAK z gumow\u0105 podeszw\u0105 zewn\u0119trzn\u0105.","robots":{"index":"index","follow":"follow","max-snippet":"max-snippet:-1","max-image-preview":"max-image-preview:large","max-video-preview":"max-video-preview:-1"},"canonical":"https:\/\/elten.com\/pl\/grupy-produktow\/buty-ochronne-z-wellmaxx-peak-podeszwa-rubber\/","og_locale":"pl_PL","og_type":"article","og_title":"Buty ochronne z WELLMAXX PEAK podeszw\u0105 (RUBBER)","og_description":"Chro\u0144 swoje stopy dzi\u0119ki lekkim i wytrzyma\u0142ym butom ochronnym z serii ELTEN WELLMAXX PEAK z gumow\u0105 podeszw\u0105 zewn\u0119trzn\u0105.","og_url":"https:\/\/elten.com\/pl\/grupy-produktow\/buty-ochronne-z-wellmaxx-peak-podeszwa-rubber\/","og_site_name":"ELTEN GmbH","article_modified_time":"2025-07-02T14:37:15+00:00","twitter_card":"summary_large_image","twitter_misc":{"Szacowany czas czytania":"2 minuty"},"schema":{"@context":"https:\/\/schema.org","@graph":[{"@type":"WebPage","@id":"https:\/\/elten.com\/pl\/grupy-produktow\/buty-ochronne-z-wellmaxx-peak-podeszwa-rubber\/","url":"https:\/\/elten.com\/pl\/grupy-produktow\/buty-ochronne-z-wellmaxx-peak-podeszwa-rubber\/","name":"Buty ochronne z WELLMAXX PEAK podeszw\u0105 (RUBBER) - ELTEN GmbH","isPartOf":{"@id":"https:\/\/elten.com\/pl\/#website"},"datePublished":"2025-05-13T14:29:08+00:00","dateModified":"2025-07-02T14:37:15+00:00","description":"Chro\u0144 swoje stopy dzi\u0119ki lekkim i wytrzyma\u0142ym butom ochronnym z serii ELTEN WELLMAXX PEAK z gumow\u0105 podeszw\u0105 zewn\u0119trzn\u0105.","breadcrumb":{"@id":"https:\/\/elten.com\/pl\/grupy-produktow\/buty-ochronne-z-wellmaxx-peak-podeszwa-rubber\/#breadcrumb"},"inLanguage":"pl-PL","potentialAction":[{"@type":"ReadAction","target":["https:\/\/elten.com\/pl\/grupy-produktow\/buty-ochronne-z-wellmaxx-peak-podeszwa-rubber\/"]}]},{"@type":"BreadcrumbList","@id":"https:\/\/elten.com\/pl\/grupy-produktow\/buty-ochronne-z-wellmaxx-peak-podeszwa-rubber\/#breadcrumb","itemListElement":[{"@type":"ListItem","position":1,"name":"Startseite","item":"https:\/\/elten.com\/pl\/"},{"@type":"ListItem","position":2,"name":"Grupy produkt\u00f3w","item":"https:\/\/elten.com\/pl\/grupy-produktow\/"},{"@type":"ListItem","position":3,"name":"Buty ochronne z WELLMAXX PEAK podeszw\u0105 (RUBBER)"}]},{"@type":"WebSite","@id":"https:\/\/elten.com\/pl\/#website","url":"https:\/\/elten.com\/pl\/","name":"ELTEN GmbH","description":"Sicherheitsschuhe | Arbeitsschuhe | LOWA WORK COLLECTION | ELTEN GmbH","potentialAction":[{"@type":"SearchAction","target":{"@type":"EntryPoint","urlTemplate":"https:\/\/elten.com\/pl\/?s={search_term_string}"},"query-input":"required name=search_term_string"}],"inLanguage":"pl-PL"}]}},"_links":{"self":[{"href":"https:\/\/elten.com\/pl\/wp-json\/wp\/v2\/pages\/397173","targetHints":{"allow":["GET"]}}],"collection":[{"href":"https:\/\/elten.com\/pl\/wp-json\/wp\/v2\/pages"}],"about":[{"href":"https:\/\/elten.com\/pl\/wp-json\/wp\/v2\/types\/page"}],"author":[{"embeddable":true,"href":"https:\/\/elten.com\/pl\/wp-json\/wp\/v2\/users\/2"}],"replies":[{"embeddable":true,"href":"https:\/\/elten.com\/pl\/wp-json\/wp\/v2\/comments?post=397173"}],"version-history":[{"count":2,"href":"https:\/\/elten.com\/pl\/wp-json\/wp\/v2\/pages\/397173\/revisions"}],"predecessor-version":[{"id":401170,"href":"https:\/\/elten.com\/pl\/wp-json\/wp\/v2\/pages\/397173\/revisions\/401170"}],"up":[{"embeddable":true,"href":"https:\/\/elten.com\/pl\/wp-json\/wp\/v2\/pages\/355498"}],"wp:attachment":[{"href":"https:\/\/elten.com\/pl\/wp-json\/wp\/v2\/media?parent=397173"}],"wp:term":[{"taxonomy":"category","embeddable":true,"href":"https:\/\/elten.com\/pl\/wp-json\/wp\/v2\/categories?post=397173"},{"taxonomy":"post_tag","embeddable":true,"href":"https:\/\/elten.com\/pl\/wp-json\/wp\/v2\/tags?post=397173"}],"curies":[{"name":"wp","href":"https:\/\/api.w.org\/{rel}","templated":true}]}}