{"id":400539,"date":"2025-06-23T15:27:10","date_gmt":"2025-06-23T13:27:10","guid":{"rendered":"https:\/\/elten.com\/?page_id=400539"},"modified":"2025-06-23T15:27:10","modified_gmt":"2025-06-23T13:27:10","slug":"sitemap","status":"publish","type":"page","link":"https:\/\/elten.com\/pl\/sitemap\/","title":{"rendered":"Sitemap"},"content":{"rendered":"<div id='av_section_1'  class='avia-section av-av_section-8c038a69d7b065b313c8996090138e7a main_color avia-section-default avia-no-border-styling  avia-builder-el-0  avia-builder-el-no-sibling  avia-bg-style-scroll container_wrap sidebar_right'  ><div class='container av-section-cont-open' ><main  role=\"main\" itemprop=\"mainContentOfPage\"  class='template-page content  av-content-small alpha units'><div class='post-entry post-entry-type-page post-entry-400539'><div class='entry-content-wrapper clearfix'>\n<div  class='flex_column av-av_one_full-41ee899840124b6993b57a87f996c353 av_one_full  avia-builder-el-1  avia-builder-el-no-sibling  first flex_column_div  '     ><div  class='avia-builder-widget-area clearfix  avia-builder-el-2  avia-builder-el-no-sibling '><div id=\"pages-2\" class=\"widget clearfix widget_pages\"><h3 class=\"widgettitle\">Sitemap<\/h3>\n\t\t\t<ul>\n\t\t\t\t<li class=\"page_item page-item-365193\"><a href=\"https:\/\/elten.com\/pl\/certyfikaty-iso\/\">Certyfikaty ISO<\/a><\/li>\n<li class=\"page_item page-item-400501\"><a href=\"https:\/\/elten.com\/pl\/declaration-of-accessibility\/\">Declaration of accessibility<\/a><\/li>\n<li class=\"page_item page-item-355474\"><a href=\"https:\/\/elten.com\/pl\/dialution-dla-wymagajacych-stop\/\">Dialution &#8211; dla wymagaj\u0105cych st\u00f3p<\/a><\/li>\n<li class=\"page_item page-item-355498 page_item_has_children\"><a href=\"https:\/\/elten.com\/pl\/grupy-produktow\/\">Grupy produkt\u00f3w<\/a>\n<ul class='children'>\n\t<li class=\"page_item page-item-355719\"><a href=\"https:\/\/elten.com\/pl\/grupy-produktow\/akcesoria-dodatki\/\">Akcesoria \/ Dodatki<\/a><\/li>\n\t<li class=\"page_item page-item-355499\"><a href=\"https:\/\/elten.com\/pl\/grupy-produktow\/barefooter\/\">BAREFOOTER<\/a><\/li>\n\t<li class=\"page_item page-item-355770\"><a href=\"https:\/\/elten.com\/pl\/grupy-produktow\/biomex-dynamics\/\">BIOMEX DYNAMICS<\/a><\/li>\n\t<li class=\"page_item page-item-355784\"><a href=\"https:\/\/elten.com\/pl\/grupy-produktow\/biomex-protection\/\">BIOMEX PROTECTION<\/a><\/li>\n\t<li class=\"page_item page-item-356746\"><a href=\"https:\/\/elten.com\/pl\/grupy-produktow\/biomex-protection-przeglad\/\">BIOMEX PROTECTION przegl\u0105d<\/a><\/li>\n\t<li class=\"page_item page-item-356735\"><a href=\"https:\/\/elten.com\/pl\/grupy-produktow\/boa-fit-system-podeszwa\/\">BOA\u00ae FIT SYSTEM podeszw\u0105<\/a><\/li>\n\t<li class=\"page_item page-item-355785\"><a href=\"https:\/\/elten.com\/pl\/grupy-produktow\/business\/\">BUSINESS<\/a><\/li>\n\t<li class=\"page_item page-item-355756\"><a href=\"https:\/\/elten.com\/pl\/grupy-produktow\/buty-ochronne-z-maxximo-podeszwa\/\">Buty ochronne z MAXXIMO podeszw\u0105<\/a><\/li>\n\t<li class=\"page_item page-item-407348\"><a href=\"https:\/\/elten.com\/pl\/grupy-produktow\/buty-ochronne-z-wellmaxx-arctic-grip-podeszwa\/\">Buty ochronne z WELLMAXX ARCTIC GRIP\u00ae podeszw\u0105<\/a><\/li>\n\t<li class=\"page_item page-item-355512\"><a href=\"https:\/\/elten.com\/pl\/grupy-produktow\/buty-ochronne-z-wellmaxx-business-podeszwa\/\">Buty ochronne z WELLMAXX BUSINESS podeszw\u0105<\/a><\/li>\n\t<li class=\"page_item page-item-355513\"><a href=\"https:\/\/elten.com\/pl\/grupy-produktow\/buty-ochronne-z-wellmaxx-energetic-podeszwa\/\">Buty ochronne z WELLMAXX ENERGETIC podeszw\u0105<\/a><\/li>\n\t<li class=\"page_item page-item-416252\"><a href=\"https:\/\/elten.com\/pl\/grupy-produktow\/buty-ochronne-z-wellmaxx-feel-podeszwa\/\">Buty ochronne z WELLMAXX FEEL podeszw\u0105<\/a><\/li>\n\t<li class=\"page_item page-item-416487\"><a href=\"https:\/\/elten.com\/pl\/grupy-produktow\/buty-ochronne-z-wellmaxx-fit-podeszwa\/\">Buty ochronne z WELLMAXX FIT podeszw\u0105<\/a><\/li>\n\t<li class=\"page_item page-item-355514\"><a href=\"https:\/\/elten.com\/pl\/grupy-produktow\/grupy-produktow-buty-ochronne-z-wellmaxx-flex-podeszwa\/\">Buty ochronne z WELLMAXX FLEX podeszw\u0105<\/a><\/li>\n\t<li class=\"page_item page-item-355515\"><a href=\"https:\/\/elten.com\/pl\/grupy-produktow\/buty-ochronne-z-wellmaxx-grip-podeszwa\/\">Buty ochronne z WELLMAXX GRIP podeszw\u0105<\/a><\/li>\n\t<li class=\"page_item page-item-355516\"><a href=\"https:\/\/elten.com\/pl\/grupy-produktow\/buty-ochronne-z-wellmaxx-l10-podeszwa\/\">Buty ochronne z WELLMAXX L10 podeszw\u0105<\/a><\/li>\n\t<li class=\"page_item page-item-410480\"><a href=\"https:\/\/elten.com\/pl\/grupy-produktow\/buty-ochronne-z-wellmaxx-newfeel-podeszwa\/\">Buty ochronne z WELLMAXX NEWFEEL podeszw\u0105<\/a><\/li>\n\t<li class=\"page_item page-item-397172\"><a href=\"https:\/\/elten.com\/pl\/grupy-produktow\/buty-ochronne-z-wellmaxx-peak-podeszwa-pu\/\">Buty ochronne z WELLMAXX PEAK podeszw\u0105 (PU)<\/a><\/li>\n\t<li class=\"page_item page-item-397173\"><a href=\"https:\/\/elten.com\/pl\/grupy-produktow\/buty-ochronne-z-wellmaxx-peak-podeszwa-rubber\/\">Buty ochronne z WELLMAXX PEAK podeszw\u0105 (RUBBER)<\/a><\/li>\n\t<li class=\"page_item page-item-355755\"><a href=\"https:\/\/elten.com\/pl\/grupy-produktow\/buty-ochronne-z-wellmaxx-podeszwa\/\">Buty ochronne z WELLMAXX podeszw\u0105<\/a><\/li>\n\t<li class=\"page_item page-item-416428\"><a href=\"https:\/\/elten.com\/pl\/grupy-produktow\/buty-ochronne-z-wellmaxx-recharged-podeszwa\/\">Buty ochronne z WELLMAXX RECHARGED podeszw\u0105<\/a><\/li>\n\t<li class=\"page_item page-item-355517\"><a href=\"https:\/\/elten.com\/pl\/grupy-produktow\/buty-ochronne-z-wellmaxx-safety-grip-podeszwa\/\">Buty ochronne z WELLMAXX SAFETY-GRIP podeszw\u0105<\/a><\/li>\n\t<li class=\"page_item page-item-410543\"><a href=\"https:\/\/elten.com\/pl\/grupy-produktow\/buty-ochronne-z-wellmaxx-skywalk-podeszwa\/\">Buty ochronne z WELLMAXX SKYWALK podeszw\u0105<\/a><\/li>\n\t<li class=\"page_item page-item-355518\"><a href=\"https:\/\/elten.com\/pl\/grupy-produktow\/buty-ochronne-z-wellmaxx-sports-podeszwa\/\">Buty ochronne z WELLMAXX SPORTS podeszw\u0105<\/a><\/li>\n\t<li class=\"page_item page-item-401143\"><a href=\"https:\/\/elten.com\/pl\/grupy-produktow\/buty-ochronne-z-wellmaxx-street-podeszwa\/\">Buty ochronne z WELLMAXX STREET podeszw\u0105<\/a><\/li>\n\t<li class=\"page_item page-item-355519\"><a href=\"https:\/\/elten.com\/pl\/grupy-produktow\/buty-ochronne-z-wellmaxx-trainers-lady-podeszwa\/\">Buty ochronne z WELLMAXX TRAINERS LADY podeszw\u0105<\/a><\/li>\n\t<li class=\"page_item page-item-355520\"><a href=\"https:\/\/elten.com\/pl\/grupy-produktow\/buty-ochronne-z-wellmaxx-trainers-mono-podeszwa\/\">Buty ochronne z WELLMAXX TRAINERS MONO podeszw\u0105<\/a><\/li>\n\t<li class=\"page_item page-item-355757\"><a href=\"https:\/\/elten.com\/pl\/grupy-produktow\/buty-ochronne-z-wellmaxx-trainers-podeszwa\/\">Buty ochronne z WELLMAXX TRAINERS podeszw\u0105<\/a><\/li>\n\t<li class=\"page_item page-item-355521\"><a href=\"https:\/\/elten.com\/pl\/grupy-produktow\/buty-ochronne-z-wellmaxx-trainers-power-podeszwa\/\">Buty ochronne z WELLMAXX TRAINERS POWER podeszw\u0105<\/a><\/li>\n\t<li class=\"page_item page-item-356714\"><a href=\"https:\/\/elten.com\/pl\/grupy-produktow\/buty-robocze-przeglad\/\">Buty robocze \u2013 przegl\u0105d<\/a><\/li>\n\t<li class=\"page_item page-item-361075\"><a href=\"https:\/\/elten.com\/pl\/grupy-produktow\/crossworker\/\">CROSSWORKER<\/a><\/li>\n\t<li class=\"page_item page-item-355500\"><a href=\"https:\/\/elten.com\/pl\/grupy-produktow\/crossworker-przeglad\/\">CROSSWORKER PRZEGL\u0104D<\/a><\/li>\n\t<li class=\"page_item page-item-355831\"><a href=\"https:\/\/elten.com\/pl\/grupy-produktow\/dimension-pro\/\">DIMENSION PRO<\/a><\/li>\n\t<li class=\"page_item page-item-355501\"><a href=\"https:\/\/elten.com\/pl\/grupy-produktow\/e-track\/\">E-TRACK<\/a><\/li>\n\t<li class=\"page_item page-item-355502\"><a href=\"https:\/\/elten.com\/pl\/grupy-produktow\/elten-clogs\/\">ELTEN CLOGS<\/a><\/li>\n\t<li class=\"page_item page-item-361062\"><a href=\"https:\/\/elten.com\/pl\/grupy-produktow\/elten-kids-modelle\/\">ELTEN KIDS MODELLE<\/a><\/li>\n\t<li class=\"page_item page-item-407452\"><a href=\"https:\/\/elten.com\/pl\/grupy-produktow\/elten-modele-xxstreet-teraz-z-systemem-boa-fit\/\">ELTEN MODELE XXSTREET \u2013 TERAZ Z SYSTEMEM BOA\u00ae FIT<\/a><\/li>\n\t<li class=\"page_item page-item-355832\"><a href=\"https:\/\/elten.com\/pl\/grupy-produktow\/ergo-active\/\">ERGO-ACTIVE<\/a><\/li>\n\t<li class=\"page_item page-item-355503\"><a href=\"https:\/\/elten.com\/pl\/grupy-produktow\/ergo-active-2-0-indoor-tpu\/\">ERGO-ACTIVE 2.0 INDOOR TPU<\/a><\/li>\n\t<li class=\"page_item page-item-355505\"><a href=\"https:\/\/elten.com\/pl\/grupy-produktow\/ergo-active-2-0-indoor-outdoor-pu\/\">ERGO-ACTIVE 2.0 INDOOR\/OUTDOOR PU<\/a><\/li>\n\t<li class=\"page_item page-item-355504\"><a href=\"https:\/\/elten.com\/pl\/grupy-produktow\/ergo-active-2-0-indoor-outdoor-rubber\/\">ERGO-ACTIVE 2.0 INDOOR\/OUTDOOR RUBBER<\/a><\/li>\n\t<li class=\"page_item page-item-355506\"><a href=\"https:\/\/elten.com\/pl\/grupy-produktow\/ergo-active-2-0-przeglad\/\">ERGO-ACTIVE 2.0 przegl\u0105d<\/a><\/li>\n\t<li class=\"page_item page-item-355507\"><a href=\"https:\/\/elten.com\/pl\/grupy-produktow\/fire\/\">FIRE &#038; RESCUE<\/a><\/li>\n\t<li class=\"page_item page-item-361165\"><a href=\"https:\/\/elten.com\/pl\/grupy-produktow\/fire-przeglad\/\">FIRE PRZEGL\u0104D<\/a><\/li>\n\t<li class=\"page_item page-item-355508\"><a href=\"https:\/\/elten.com\/pl\/grupy-produktow\/fun\/\">FUN<\/a><\/li>\n\t<li class=\"page_item page-item-355509\"><a href=\"https:\/\/elten.com\/pl\/grupy-produktow\/gore-tex-przeglad\/\">GORE-TEX\u00ae przegl\u0105d<\/a><\/li>\n\t<li class=\"page_item page-item-355510\"><a href=\"https:\/\/elten.com\/pl\/grupy-produktow\/jori-professional\/\">Jori by ELTEN<\/a><\/li>\n\t<li class=\"page_item page-item-360505\"><a href=\"https:\/\/elten.com\/pl\/grupy-produktow\/jori-by-elten-przeglad\/\">Jori by ELTEN Przegl\u0105d<\/a><\/li>\n\t<li class=\"page_item page-item-355833\"><a href=\"https:\/\/elten.com\/pl\/grupy-produktow\/l10\/\">L10<\/a><\/li>\n\t<li class=\"page_item page-item-355511\"><a href=\"https:\/\/elten.com\/pl\/grupy-produktow\/lowa-work-kolekcja\/\">LOWA WORK kolekcja<\/a><\/li>\n\t<li class=\"page_item page-item-356496\"><a href=\"https:\/\/elten.com\/pl\/grupy-produktow\/miss-l10\/\">MISS L10<\/a><\/li>\n\t<li class=\"page_item page-item-355786\"><a href=\"https:\/\/elten.com\/pl\/grupy-produktow\/new-classics\/\">NEW CLASSICS<\/a><\/li>\n\t<li class=\"page_item page-item-356497\"><a href=\"https:\/\/elten.com\/pl\/grupy-produktow\/nova\/\">NOVA<\/a><\/li>\n\t<li class=\"page_item page-item-423443\"><a href=\"https:\/\/elten.com\/pl\/grupy-produktow\/retro\/\">RETRO<\/a><\/li>\n\t<li class=\"page_item page-item-423444\"><a href=\"https:\/\/elten.com\/pl\/grupy-produktow\/retro-przeglad\/\">RETRO PRZEGL\u0104D<\/a><\/li>\n\t<li class=\"page_item page-item-356498\"><a href=\"https:\/\/elten.com\/pl\/grupy-produktow\/safeguard\/\">SAFEGUARD<\/a><\/li>\n\t<li class=\"page_item page-item-356499\"><a href=\"https:\/\/elten.com\/pl\/grupy-produktow\/safety-grip\/\">SAFETY-GRIP<\/a><\/li>\n\t<li class=\"page_item page-item-356500\"><a href=\"https:\/\/elten.com\/pl\/grupy-produktow\/specials\/\">SPECIALS<\/a><\/li>\n\t<li class=\"page_item page-item-356501\"><a href=\"https:\/\/elten.com\/pl\/grupy-produktow\/trainers\/\">TRAINERS<\/a><\/li>\n\t<li class=\"page_item page-item-355783\"><a href=\"https:\/\/elten.com\/pl\/grupy-produktow\/transfoamers\/\">TRANSFOAMERS<\/a><\/li>\n\t<li class=\"page_item page-item-355717\"><a href=\"https:\/\/elten.com\/pl\/grupy-produktow\/trekking-lady\/\">TREKKING LADY<\/a><\/li>\n\t<li class=\"page_item page-item-355718\"><a href=\"https:\/\/elten.com\/pl\/grupy-produktow\/wellmaxx\/\">WELLMAXX<\/a><\/li>\n\t<li class=\"page_item page-item-355758\"><a href=\"https:\/\/elten.com\/pl\/grupy-produktow\/wellmaxx-przeglad\/\">WELLMAXX przegl\u0105d<\/a><\/li>\n\t<li class=\"page_item page-item-356502\"><a href=\"https:\/\/elten.com\/pl\/grupy-produktow\/white\/\">WHITE<\/a><\/li>\n<\/ul>\n<\/li>\n<li class=\"page_item page-item-274610 page_item_has_children\"><a href=\"https:\/\/elten.com\/pl\/\">Home<\/a>\n<ul class='children'>\n\t<li class=\"page_item page-item-355469\"><a href=\"https:\/\/elten.com\/pl\/home\/impressum\/\">Impressum<\/a><\/li>\n\t<li class=\"page_item page-item-355470 page_item_has_children\"><a href=\"https:\/\/elten.com\/pl\/home\/kontakt\/\">Kontakt<\/a>\n\t<ul class='children'>\n\t\t<li class=\"page_item page-item-355471\"><a href=\"https:\/\/elten.com\/pl\/home\/kontakt\/formularz-kontaktowy\/\">Formularz kontaktowy<\/a><\/li>\n\t<\/ul>\n<\/li>\n\t<li class=\"page_item page-item-355468\"><a href=\"https:\/\/elten.com\/pl\/home\/ochrona-danych\/\">Ochrona danych<\/a><\/li>\n\t<li class=\"page_item page-item-355462\"><a href=\"https:\/\/elten.com\/pl\/home\/regulamin\/\">Regulamin<\/a><\/li>\n<\/ul>\n<\/li>\n<li class=\"page_item page-item-380177\"><a href=\"https:\/\/elten.com\/pl\/instrukcje-produkcji\/\">Instrukcje produkcji<\/a><\/li>\n<li class=\"page_item page-item-355472\"><a href=\"https:\/\/elten.com\/pl\/jori\/\">Jori<\/a><\/li>\n<li class=\"page_item page-item-356758\"><a href=\"https:\/\/elten.com\/pl\/kodeks-postepowania\/\">Kodeks post\u0119powania<\/a><\/li>\n<li class=\"page_item page-item-233312 page_item_has_children\"><a href=\"https:\/\/elten.com\/pl\/o-nas\/\">O nas<\/a>\n<ul class='children'>\n\t<li class=\"page_item page-item-356522\"><a href=\"https:\/\/elten.com\/pl\/o-nas\/do-pobrania\/\">Do pobrania<\/a><\/li>\n\t<li class=\"page_item page-item-357135\"><a href=\"https:\/\/elten.com\/pl\/o-nas\/innowacje-i-wizje\/\">Innowacje i wizje<\/a><\/li>\n\t<li class=\"page_item page-item-357157\"><a href=\"https:\/\/elten.com\/pl\/o-nas\/targi\/\">Targi<\/a><\/li>\n\t<li class=\"page_item page-item-357131 page_item_has_children\"><a href=\"https:\/\/elten.com\/pl\/o-nas\/zrownowazony-rozwoj-i-odpowiedzialnosc-spoleczna\/\">Zr\u00f3wnowa\u017cony rozw\u00f3j i odpowiedzialno\u015b\u0107 spo\u0142eczna<\/a>\n\t<ul class='children'>\n\t\t<li class=\"page_item page-item-395571\"><a href=\"https:\/\/elten.com\/pl\/o-nas\/zrownowazony-rozwoj-i-odpowiedzialnosc-spoleczna\/buty-o-wysokiej-zawartosci-materialow-pochodzacych-z-recyklingu\/\">Buty o wysokiej zawarto\u015bci materia\u0142\u00f3w pochodz\u0105cych z recyklingu<\/a><\/li>\n\t\t<li class=\"page_item page-item-395558\"><a href=\"https:\/\/elten.com\/pl\/o-nas\/zrownowazony-rozwoj-i-odpowiedzialnosc-spoleczna\/jakosc-produktu\/\">Jako\u015b\u0107 produktu<\/a><\/li>\n\t\t<li class=\"page_item page-item-395545\"><a href=\"https:\/\/elten.com\/pl\/o-nas\/zrownowazony-rozwoj-i-odpowiedzialnosc-spoleczna\/odpowiedzialnosc-spoleczna-i-zrownowazony-rozwoj\/\">Odpowiedzialno\u015b\u0107 spo\u0142eczna i zr\u00f3wnowa\u017cony rozw\u00f3j<\/a><\/li>\n\t\t<li class=\"page_item page-item-395555\"><a href=\"https:\/\/elten.com\/pl\/o-nas\/zrownowazony-rozwoj-i-odpowiedzialnosc-spoleczna\/polityka-korporacyjna\/\">Polityka korporacyjna<\/a><\/li>\n\t\t<li class=\"page_item page-item-395575\"><a href=\"https:\/\/elten.com\/pl\/o-nas\/zrownowazony-rozwoj-i-odpowiedzialnosc-spoleczna\/raport-csr\/\">Raport CSR<\/a><\/li>\n\t\t<li class=\"page_item page-item-395552\"><a href=\"https:\/\/elten.com\/pl\/o-nas\/zrownowazony-rozwoj-i-odpowiedzialnosc-spoleczna\/spoleczenstwo\/\">Spo\u0142ecze\u0144stwo<\/a><\/li>\n\t\t<li class=\"page_item page-item-395548\"><a href=\"https:\/\/elten.com\/pl\/o-nas\/zrownowazony-rozwoj-i-odpowiedzialnosc-spoleczna\/srodowisko-naturalne\/\">\u015arodowisko naturalne<\/a><\/li>\n\t\t<li class=\"page_item page-item-356767\"><a href=\"https:\/\/elten.com\/pl\/o-nas\/zrownowazony-rozwoj-i-odpowiedzialnosc-spoleczna\/zrownowazony-rozwoj-czlonkostwa\/\">Zr\u00f3wnowa\u017cony rozw\u00f3j &#8211; cz\u0142onkostwa<\/a><\/li>\n\t<\/ul>\n<\/li>\n<\/ul>\n<\/li>\n<li class=\"page_item page-item-355475\"><a href=\"https:\/\/elten.com\/pl\/orteza-stawu-kolanowego\/\">ORTEZA \u2013 PRACA Z CHOROB\u0104 ZWYRODNIENIOW\u0104 STAWU KOLANOWEGO<\/a><\/li>\n<li class=\"page_item page-item-240255\"><a href=\"https:\/\/elten.com\/pl\/pdf-katalog\/\">PDF KATALOG<\/a><\/li>\n<li class=\"page_item page-item-2792\"><a href=\"https:\/\/elten.com\/pl\/produkty\/\">Produkty<\/a><\/li>\n<li class=\"page_item page-item-400539\"><a href=\"https:\/\/elten.com\/pl\/sitemap\/\">Sitemap<\/a><\/li>\n<li class=\"page_item page-item-354161 page_item_has_children\"><a href=\"https:\/\/elten.com\/pl\/technologia\/\">Technologia<\/a>\n<ul class='children'>\n\t<li class=\"page_item page-item-387041\"><a href=\"https:\/\/elten.com\/pl\/technologia\/betterguards\/\">BETTERGUARDS<\/a><\/li>\n\t<li class=\"page_item page-item-356738\"><a href=\"https:\/\/elten.com\/pl\/technologia\/biomex-protection\/\">BIOMEX PROTECTION\u00a9<\/a><\/li>\n\t<li class=\"page_item page-item-356877\"><a href=\"https:\/\/elten.com\/pl\/technologia\/boa-fit-system\/\">BOA\u00ae FIT SYSTEM<\/a><\/li>\n\t<li class=\"page_item page-item-356878\"><a href=\"https:\/\/elten.com\/pl\/technologia\/ergo-active-2-0\/\">ERGO-ACTIVE 2.0<\/a><\/li>\n\t<li class=\"page_item page-item-356766\"><a href=\"https:\/\/elten.com\/pl\/technologia\/gore-tex\/\">GORE-TEX\u00ae<\/a><\/li>\n\t<li class=\"page_item page-item-387065\"><a href=\"https:\/\/elten.com\/pl\/technologia\/gore-tex-mit-extraguard\/\">GORE-TEX\u00ae Z EXTRAGUARD<\/a><\/li>\n\t<li class=\"page_item page-item-357031\"><a href=\"https:\/\/elten.com\/pl\/technologia\/jeszcze-wieksze-bezpieczenstwo\/\">Jeszcze wi\u0119ksze bezpiecze\u0144stwo<\/a><\/li>\n\t<li class=\"page_item page-item-351972\"><a href=\"https:\/\/elten.com\/pl\/technologia\/nasze-podeszwy\/\">Nasze podeszwy<\/a><\/li>\n\t<li class=\"page_item page-item-357034\"><a href=\"https:\/\/elten.com\/pl\/technologia\/normy\/\">Normy<\/a><\/li>\n\t<li class=\"page_item page-item-357099\"><a href=\"https:\/\/elten.com\/pl\/technologia\/piktogramy\/\">Piktogramy<\/a><\/li>\n\t<li class=\"page_item page-item-356764\"><a href=\"https:\/\/elten.com\/pl\/technologia\/prawidlowe-dopasowanie\/\">Prawid\u0142owe dopasowanie<\/a><\/li>\n\t<li class=\"page_item page-item-356776\"><a href=\"https:\/\/elten.com\/pl\/technologia\/wellmaxx\/\">WELLMAXX<\/a><\/li>\n\t<li class=\"page_item page-item-356737\"><a href=\"https:\/\/elten.com\/pl\/technologia\/wszystkiego-najlepszego-dla-stop\/\">Wszystkiego najlepszego dla st\u00f3p<\/a><\/li>\n\t<li class=\"page_item page-item-357026\"><a href=\"https:\/\/elten.com\/pl\/technologia\/zagrozenia-specjalne\/\">Zagro\u017cenia specjalne<\/a><\/li>\n<\/ul>\n<\/li>\n\t\t\t<\/ul>\n\n\t\t\t<\/div><\/div><\/div><\/div><\/div><\/main><!-- close content main element --><\/div><\/div><div id='after_section_1'  class='main_color av_default_container_wrap container_wrap sidebar_right'  ><div class='container av-section-cont-open' ><div class='template-page content  av-content-small alpha units'><div class='post-entry post-entry-type-page post-entry-400539'><div class='entry-content-wrapper clearfix'>\n","protected":false},"excerpt":{"rendered":"","protected":false},"author":1,"featured_media":0,"parent":0,"menu_order":0,"comment_status":"closed","ping_status":"closed","template":"","meta":{"footnotes":""},"categories":[],"tags":[],"class_list":["post-400539","page","type-page","status-publish","hentry"],"yoast_head":"<!-- This site is optimized with the Yoast SEO Premium plugin v21.9 (Yoast SEO v21.9.1) - https:\/\/yoast.com\/wordpress\/plugins\/seo\/ -->\n<title>Sitemap - ELTEN GmbH<\/title>\n<meta name=\"robots\" content=\"index, follow, max-snippet:-1, max-image-preview:large, max-video-preview:-1\" \/>\n<link rel=\"canonical\" href=\"https:\/\/elten.com\/pl\/sitemap\/\" \/>\n<meta property=\"og:locale\" content=\"pl_PL\" \/>\n<meta property=\"og:type\" content=\"article\" \/>\n<meta property=\"og:title\" content=\"Sitemap\" \/>\n<meta property=\"og:url\" content=\"https:\/\/elten.com\/pl\/sitemap\/\" \/>\n<meta property=\"og:site_name\" content=\"ELTEN GmbH\" \/>\n<meta name=\"twitter:card\" content=\"summary_large_image\" \/>\n<script type=\"application\/ld+json\" class=\"yoast-schema-graph\">{\"@context\":\"https:\/\/schema.org\",\"@graph\":[{\"@type\":\"WebPage\",\"@id\":\"https:\/\/elten.com\/pl\/sitemap\/\",\"url\":\"https:\/\/elten.com\/pl\/sitemap\/\",\"name\":\"Sitemap - ELTEN GmbH\",\"isPartOf\":{\"@id\":\"https:\/\/elten.com\/pl\/#website\"},\"datePublished\":\"2025-06-23T13:27:10+00:00\",\"dateModified\":\"2025-06-23T13:27:10+00:00\",\"breadcrumb\":{\"@id\":\"https:\/\/elten.com\/pl\/sitemap\/#breadcrumb\"},\"inLanguage\":\"pl-PL\",\"potentialAction\":[{\"@type\":\"ReadAction\",\"target\":[\"https:\/\/elten.com\/pl\/sitemap\/\"]}]},{\"@type\":\"BreadcrumbList\",\"@id\":\"https:\/\/elten.com\/pl\/sitemap\/#breadcrumb\",\"itemListElement\":[{\"@type\":\"ListItem\",\"position\":1,\"name\":\"Startseite\",\"item\":\"https:\/\/elten.com\/pl\/\"},{\"@type\":\"ListItem\",\"position\":2,\"name\":\"Sitemap\"}]},{\"@type\":\"WebSite\",\"@id\":\"https:\/\/elten.com\/pl\/#website\",\"url\":\"https:\/\/elten.com\/pl\/\",\"name\":\"ELTEN GmbH\",\"description\":\"Sicherheitsschuhe | Arbeitsschuhe | LOWA WORK COLLECTION | ELTEN GmbH\",\"potentialAction\":[{\"@type\":\"SearchAction\",\"target\":{\"@type\":\"EntryPoint\",\"urlTemplate\":\"https:\/\/elten.com\/pl\/?s={search_term_string}\"},\"query-input\":\"required name=search_term_string\"}],\"inLanguage\":\"pl-PL\"}]}<\/script>\n<!-- \/ Yoast SEO Premium plugin. -->","yoast_head_json":{"title":"Sitemap - ELTEN GmbH","robots":{"index":"index","follow":"follow","max-snippet":"max-snippet:-1","max-image-preview":"max-image-preview:large","max-video-preview":"max-video-preview:-1"},"canonical":"https:\/\/elten.com\/pl\/sitemap\/","og_locale":"pl_PL","og_type":"article","og_title":"Sitemap","og_url":"https:\/\/elten.com\/pl\/sitemap\/","og_site_name":"ELTEN GmbH","twitter_card":"summary_large_image","schema":{"@context":"https:\/\/schema.org","@graph":[{"@type":"WebPage","@id":"https:\/\/elten.com\/pl\/sitemap\/","url":"https:\/\/elten.com\/pl\/sitemap\/","name":"Sitemap - ELTEN GmbH","isPartOf":{"@id":"https:\/\/elten.com\/pl\/#website"},"datePublished":"2025-06-23T13:27:10+00:00","dateModified":"2025-06-23T13:27:10+00:00","breadcrumb":{"@id":"https:\/\/elten.com\/pl\/sitemap\/#breadcrumb"},"inLanguage":"pl-PL","potentialAction":[{"@type":"ReadAction","target":["https:\/\/elten.com\/pl\/sitemap\/"]}]},{"@type":"BreadcrumbList","@id":"https:\/\/elten.com\/pl\/sitemap\/#breadcrumb","itemListElement":[{"@type":"ListItem","position":1,"name":"Startseite","item":"https:\/\/elten.com\/pl\/"},{"@type":"ListItem","position":2,"name":"Sitemap"}]},{"@type":"WebSite","@id":"https:\/\/elten.com\/pl\/#website","url":"https:\/\/elten.com\/pl\/","name":"ELTEN GmbH","description":"Sicherheitsschuhe | Arbeitsschuhe | LOWA WORK COLLECTION | ELTEN GmbH","potentialAction":[{"@type":"SearchAction","target":{"@type":"EntryPoint","urlTemplate":"https:\/\/elten.com\/pl\/?s={search_term_string}"},"query-input":"required name=search_term_string"}],"inLanguage":"pl-PL"}]}},"_links":{"self":[{"href":"https:\/\/elten.com\/pl\/wp-json\/wp\/v2\/pages\/400539","targetHints":{"allow":["GET"]}}],"collection":[{"href":"https:\/\/elten.com\/pl\/wp-json\/wp\/v2\/pages"}],"about":[{"href":"https:\/\/elten.com\/pl\/wp-json\/wp\/v2\/types\/page"}],"author":[{"embeddable":true,"href":"https:\/\/elten.com\/pl\/wp-json\/wp\/v2\/users\/1"}],"replies":[{"embeddable":true,"href":"https:\/\/elten.com\/pl\/wp-json\/wp\/v2\/comments?post=400539"}],"version-history":[{"count":2,"href":"https:\/\/elten.com\/pl\/wp-json\/wp\/v2\/pages\/400539\/revisions"}],"predecessor-version":[{"id":400541,"href":"https:\/\/elten.com\/pl\/wp-json\/wp\/v2\/pages\/400539\/revisions\/400541"}],"wp:attachment":[{"href":"https:\/\/elten.com\/pl\/wp-json\/wp\/v2\/media?parent=400539"}],"wp:term":[{"taxonomy":"category","embeddable":true,"href":"https:\/\/elten.com\/pl\/wp-json\/wp\/v2\/categories?post=400539"},{"taxonomy":"post_tag","embeddable":true,"href":"https:\/\/elten.com\/pl\/wp-json\/wp\/v2\/tags?post=400539"}],"curies":[{"name":"wp","href":"https:\/\/api.w.org\/{rel}","templated":true}]}}