{"id":402274,"date":"2025-08-27T13:23:15","date_gmt":"2025-08-27T11:23:15","guid":{"rendered":"https:\/\/elten.com\/?page_id=402274"},"modified":"2025-08-27T13:23:15","modified_gmt":"2025-08-27T11:23:15","slug":"serwis-naprawczy-elten","status":"publish","type":"page","link":"https:\/\/elten.com\/pl\/serwis-naprawczy-elten\/","title":{"rendered":"Serwis naprawczy ELTEN"},"content":{"rendered":"\n<style type=\"text\/css\" data-created_by=\"avia_inline_auto\" id=\"style-css-av-lmomkxon-360c9f32db82f7bc8ec1d2a660917e76\">\n#top .av-special-heading.av-lmomkxon-360c9f32db82f7bc8ec1d2a660917e76{\npadding-bottom:10px;\n}\nbody .av-special-heading.av-lmomkxon-360c9f32db82f7bc8ec1d2a660917e76 .av-special-heading-tag .heading-char{\nfont-size:25px;\n}\n.av-special-heading.av-lmomkxon-360c9f32db82f7bc8ec1d2a660917e76 .av-subheading{\nfont-size:15px;\n}\n<\/style>\n<div  class='av-special-heading av-lmomkxon-360c9f32db82f7bc8ec1d2a660917e76 av-special-heading-h2 blockquote modern-quote  avia-builder-el-0  el_before_av_textblock  avia-builder-el-first '><h2 class='av-special-heading-tag'  itemprop=\"headline\"  >Serwis naprawczy ELTEN GmbH &#8211; dla bezpiecze\u0144stwa u\u017cytkowania<\/h2><div class=\"special-heading-border\"><div class=\"special-heading-inner-border\"><\/div><\/div><\/div>\n<section  class='av_textblock_section av-lmomn6yx-61fb9cf1341a37930c7af942f6c36e06 '   itemscope=\"itemscope\" itemtype=\"https:\/\/schema.org\/CreativeWork\" ><div class='avia_textblock'  itemprop=\"text\" ><p>Bezpiecze\u0144stwo jest naszym najwy\u017cszym priorytetem. Dlatego ochrona st\u00f3p musi zawsze spe\u0142nia\u0107 wymogi rozporz\u0105dzenia w sprawie \u015brodk\u00f3w ochrony indywidualnej i niezawodnie gwarantowa\u0107 bezpiecze\u0144stwo. Naprawa nie mo\u017ce negatywnie wp\u0142ywa\u0107 na funkcj\u0119 ochronn\u0105 but\u00f3w. W przypadku znacznego zu\u017cycia lub uszkodze\u0144 spowodowanych czynnikami zewn\u0119trznymi naprawa nie jest zazwyczaj mo\u017cliwa &#8211; w takich przypadkach zalecamy wymian\u0119 produktu na nowy.<\/p>\n<\/div><\/section>\n<div  class='flex_column av-2eanlg-deb00ca4453a265a8602c122c1b4dc63 av_one_full  avia-builder-el-2  el_after_av_textblock  el_before_av_hr  first flex_column_div  column-top-margin'     ><p>\n<style type=\"text\/css\" data-created_by=\"avia_inline_auto\" id=\"style-css-av-lmompi9p-4a42e846290ae0e805e17ab071e6182d\">\n#top .av-special-heading.av-lmompi9p-4a42e846290ae0e805e17ab071e6182d{\npadding-bottom:10px;\n}\nbody .av-special-heading.av-lmompi9p-4a42e846290ae0e805e17ab071e6182d .av-special-heading-tag .heading-char{\nfont-size:25px;\n}\n.av-special-heading.av-lmompi9p-4a42e846290ae0e805e17ab071e6182d .av-subheading{\nfont-size:15px;\n}\n<\/style>\n<div  id=\"reflexmaterial\"  class='av-special-heading av-lmompi9p-4a42e846290ae0e805e17ab071e6182d av-special-heading-h3 blockquote modern-quote  avia-builder-el-3  el_before_av_textblock  avia-builder-el-first '><h3 class='av-special-heading-tag'  itemprop=\"headline\"  >NASZA OFERTA NAPRAW<\/h3><div class=\"special-heading-border\"><div class=\"special-heading-inner-border\"><\/div><\/div><\/div><br \/>\n<section  class='av_textblock_section av-lmompt2s-b61b25786df5d1d2195733353c64303b '   itemscope=\"itemscope\" itemtype=\"https:\/\/schema.org\/CreativeWork\" ><div class='avia_textblock'  itemprop=\"text\" ><p><strong>Zestawy naprawcze do drobnych napraw<\/strong><\/p>\n<p>Oferujemy praktyczne zestawy naprawcze do prostych napraw. Pozwala to na samodzieln\u0105 wymian\u0119 <a href=\"https:\/\/elten.com\/pl\/grupy-produktow\/akcesoria-dodatki\/\">sznurowade\u0142, wk\u0142adek, zamk\u00f3w w butach strazackich itp<\/a>. Informacje na temat samodzielnej naprawy <a href=\"https:\/\/elten.com\/pl\/technologia\/boa-fit-system\/\">BOA<sup>\u00ae<\/sup> Fit System<\/a> mo\u017cna znale\u017a\u0107 na naszejstronie internetowej.<\/p>\n<p><strong>Profesjonalne naprawy wykonywane przez nasz zesp\u00f3\u0142<\/strong><\/p>\n<p>Masz pytania dotycz\u0105ce innych opcji naprawy? Nasz zesp\u00f3\u0142 serwisowy z przyjemno\u015bci\u0105 Ci pomo\u017ce. Wystarczy skontaktowa\u0107 si\u0119 z nami &#8211; doradzimy indywidualnie i kompetentnie.<\/p>\n<\/div><\/section><\/p><\/div>\n<style type=\"text\/css\" data-created_by=\"avia_inline_auto\" id=\"style-css-av-mcej6jyp-bc2690f0de6634259dc5821ae55cb48e\">\n#top .hr.hr-invisible.av-mcej6jyp-bc2690f0de6634259dc5821ae55cb48e{\nheight:150px;\n}\n<\/style>\n<div  class='hr av-mcej6jyp-bc2690f0de6634259dc5821ae55cb48e hr-invisible  avia-builder-el-5  el_after_av_one_full  avia-builder-el-last  av-small-hide av-mini-hide'><span class='hr-inner '><span class=\"hr-inner-style\"><\/span><\/span><\/div><\/p>\n","protected":false},"excerpt":{"rendered":"","protected":false},"author":3,"featured_media":0,"parent":0,"menu_order":70,"comment_status":"closed","ping_status":"closed","template":"","meta":{"footnotes":""},"categories":[599],"tags":[],"class_list":["post-402274","page","type-page","status-publish","hentry","category-technologie-pl"],"yoast_head":"<!-- This site is optimized with the Yoast SEO Premium plugin v21.9 (Yoast SEO v21.9.1) - https:\/\/yoast.com\/wordpress\/plugins\/seo\/ -->\n<title>Serwis naprawczy ELTEN - ELTEN GmbH<\/title>\n<meta name=\"robots\" content=\"index, nofollow, max-snippet:-1, max-image-preview:large, max-video-preview:-1\" \/>\n<link rel=\"canonical\" href=\"https:\/\/elten.com\/pl\/serwis-naprawczy-elten\/\" \/>\n<meta property=\"og:locale\" content=\"pl_PL\" \/>\n<meta property=\"og:type\" content=\"article\" \/>\n<meta property=\"og:title\" content=\"Serwis naprawczy ELTEN\" \/>\n<meta property=\"og:url\" content=\"https:\/\/elten.com\/pl\/serwis-naprawczy-elten\/\" \/>\n<meta property=\"og:site_name\" content=\"ELTEN GmbH\" \/>\n<meta name=\"twitter:card\" content=\"summary_large_image\" \/>\n<script type=\"application\/ld+json\" class=\"yoast-schema-graph\">{\"@context\":\"https:\/\/schema.org\",\"@graph\":[{\"@type\":\"WebPage\",\"@id\":\"https:\/\/elten.com\/pl\/serwis-naprawczy-elten\/\",\"url\":\"https:\/\/elten.com\/pl\/serwis-naprawczy-elten\/\",\"name\":\"Serwis naprawczy ELTEN - ELTEN GmbH\",\"isPartOf\":{\"@id\":\"https:\/\/elten.com\/pl\/#website\"},\"datePublished\":\"2025-08-27T11:23:15+00:00\",\"dateModified\":\"2025-08-27T11:23:15+00:00\",\"breadcrumb\":{\"@id\":\"https:\/\/elten.com\/pl\/serwis-naprawczy-elten\/#breadcrumb\"},\"inLanguage\":\"pl-PL\",\"potentialAction\":[{\"@type\":\"ReadAction\",\"target\":[\"https:\/\/elten.com\/pl\/serwis-naprawczy-elten\/\"]}]},{\"@type\":\"BreadcrumbList\",\"@id\":\"https:\/\/elten.com\/pl\/serwis-naprawczy-elten\/#breadcrumb\",\"itemListElement\":[{\"@type\":\"ListItem\",\"position\":1,\"name\":\"Startseite\",\"item\":\"https:\/\/elten.com\/pl\/\"},{\"@type\":\"ListItem\",\"position\":2,\"name\":\"Serwis naprawczy ELTEN\"}]},{\"@type\":\"WebSite\",\"@id\":\"https:\/\/elten.com\/pl\/#website\",\"url\":\"https:\/\/elten.com\/pl\/\",\"name\":\"ELTEN GmbH\",\"description\":\"Sicherheitsschuhe | Arbeitsschuhe | LOWA WORK COLLECTION | ELTEN GmbH\",\"potentialAction\":[{\"@type\":\"SearchAction\",\"target\":{\"@type\":\"EntryPoint\",\"urlTemplate\":\"https:\/\/elten.com\/pl\/?s={search_term_string}\"},\"query-input\":\"required name=search_term_string\"}],\"inLanguage\":\"pl-PL\"}]}<\/script>\n<!-- \/ Yoast SEO Premium plugin. -->","yoast_head_json":{"title":"Serwis naprawczy ELTEN - ELTEN GmbH","robots":{"index":"index","follow":"nofollow","max-snippet":"max-snippet:-1","max-image-preview":"max-image-preview:large","max-video-preview":"max-video-preview:-1"},"canonical":"https:\/\/elten.com\/pl\/serwis-naprawczy-elten\/","og_locale":"pl_PL","og_type":"article","og_title":"Serwis naprawczy ELTEN","og_url":"https:\/\/elten.com\/pl\/serwis-naprawczy-elten\/","og_site_name":"ELTEN GmbH","twitter_card":"summary_large_image","schema":{"@context":"https:\/\/schema.org","@graph":[{"@type":"WebPage","@id":"https:\/\/elten.com\/pl\/serwis-naprawczy-elten\/","url":"https:\/\/elten.com\/pl\/serwis-naprawczy-elten\/","name":"Serwis naprawczy ELTEN - ELTEN GmbH","isPartOf":{"@id":"https:\/\/elten.com\/pl\/#website"},"datePublished":"2025-08-27T11:23:15+00:00","dateModified":"2025-08-27T11:23:15+00:00","breadcrumb":{"@id":"https:\/\/elten.com\/pl\/serwis-naprawczy-elten\/#breadcrumb"},"inLanguage":"pl-PL","potentialAction":[{"@type":"ReadAction","target":["https:\/\/elten.com\/pl\/serwis-naprawczy-elten\/"]}]},{"@type":"BreadcrumbList","@id":"https:\/\/elten.com\/pl\/serwis-naprawczy-elten\/#breadcrumb","itemListElement":[{"@type":"ListItem","position":1,"name":"Startseite","item":"https:\/\/elten.com\/pl\/"},{"@type":"ListItem","position":2,"name":"Serwis naprawczy ELTEN"}]},{"@type":"WebSite","@id":"https:\/\/elten.com\/pl\/#website","url":"https:\/\/elten.com\/pl\/","name":"ELTEN GmbH","description":"Sicherheitsschuhe | Arbeitsschuhe | LOWA WORK COLLECTION | ELTEN GmbH","potentialAction":[{"@type":"SearchAction","target":{"@type":"EntryPoint","urlTemplate":"https:\/\/elten.com\/pl\/?s={search_term_string}"},"query-input":"required name=search_term_string"}],"inLanguage":"pl-PL"}]}},"_links":{"self":[{"href":"https:\/\/elten.com\/pl\/wp-json\/wp\/v2\/pages\/402274","targetHints":{"allow":["GET"]}}],"collection":[{"href":"https:\/\/elten.com\/pl\/wp-json\/wp\/v2\/pages"}],"about":[{"href":"https:\/\/elten.com\/pl\/wp-json\/wp\/v2\/types\/page"}],"author":[{"embeddable":true,"href":"https:\/\/elten.com\/pl\/wp-json\/wp\/v2\/users\/3"}],"replies":[{"embeddable":true,"href":"https:\/\/elten.com\/pl\/wp-json\/wp\/v2\/comments?post=402274"}],"version-history":[{"count":3,"href":"https:\/\/elten.com\/pl\/wp-json\/wp\/v2\/pages\/402274\/revisions"}],"predecessor-version":[{"id":405687,"href":"https:\/\/elten.com\/pl\/wp-json\/wp\/v2\/pages\/402274\/revisions\/405687"}],"wp:attachment":[{"href":"https:\/\/elten.com\/pl\/wp-json\/wp\/v2\/media?parent=402274"}],"wp:term":[{"taxonomy":"category","embeddable":true,"href":"https:\/\/elten.com\/pl\/wp-json\/wp\/v2\/categories?post=402274"},{"taxonomy":"post_tag","embeddable":true,"href":"https:\/\/elten.com\/pl\/wp-json\/wp\/v2\/tags?post=402274"}],"curies":[{"name":"wp","href":"https:\/\/api.w.org\/{rel}","templated":true}]}}