{"id":407452,"date":"2025-09-18T10:45:23","date_gmt":"2025-09-18T08:45:23","guid":{"rendered":"https:\/\/elten.com\/?page_id=407452"},"modified":"2025-09-18T10:45:23","modified_gmt":"2025-09-18T08:45:23","slug":"elten-modele-xxstreet-teraz-z-systemem-boa-fit","status":"publish","type":"page","link":"https:\/\/elten.com\/pl\/grupy-produktow\/elten-modele-xxstreet-teraz-z-systemem-boa-fit\/","title":{"rendered":"ELTEN MODELE XXSTREET \u2013 TERAZ Z SYSTEMEM BOA\u00ae FIT"},"content":{"rendered":"<div  class='flex_column av-bdem6fs-973e9b8246047bafa27ec43e5aa43674 av_one_full  avia-builder-el-0  el_before_av_hr  avia-builder-el-first  first flex_column_div  '     ><p>\n<style type=\"text\/css\" data-created_by=\"avia_inline_auto\" id=\"style-css-av-lm4y5e1u-1139aa2c7fdc0ae1897ad21e0d9c204a\">\n#top .av-special-heading.av-lm4y5e1u-1139aa2c7fdc0ae1897ad21e0d9c204a{\npadding-bottom:10px;\n}\nbody .av-special-heading.av-lm4y5e1u-1139aa2c7fdc0ae1897ad21e0d9c204a .av-special-heading-tag .heading-char{\nfont-size:25px;\n}\n.av-special-heading.av-lm4y5e1u-1139aa2c7fdc0ae1897ad21e0d9c204a .av-subheading{\nfont-size:15px;\n}\n<\/style>\n<div  class='av-special-heading av-lm4y5e1u-1139aa2c7fdc0ae1897ad21e0d9c204a av-special-heading-h2  avia-builder-el-1  el_before_av_textblock  avia-builder-el-first '><h2 class='av-special-heading-tag'  itemprop=\"headline\"  >ELTEN MODELE XXSTREET \u2013 Z SYSTEMEM BOA\u00ae FIT<\/h2><div class=\"special-heading-border\"><div class=\"special-heading-inner-border\"><\/div><\/div><\/div><br \/>\n<section  class='av_textblock_section av-mfp242bo-9446a1710890b0847fb0053ce15c2792 '   itemscope=\"itemscope\" itemtype=\"https:\/\/schema.org\/CreativeWork\" ><div class='avia_textblock'  itemprop=\"text\" ><p>Nasz stylowy ISAAK z serii XXSTREET jest dost\u0119pny w wersji niskiej (Low-Cut) lub \u015bredniej (Mid-Cut). Jeszcze wi\u0119kszy komfort zapewnia sprytny system BOA\u00ae Fit, kt\u00f3ry umo\u017cliwia precyzyjne dopasowanie co do milimetra. Ca\u0142kowit\u0105 nowo\u015bci\u0105 w niekt\u00f3rych modelach jest system BOA\u00ae Fit Li2. Pokr\u0119t\u0142o mo\u017cna w nim obraca\u0107 r\u00f3wnie\u017c w drug\u0105 stron\u0119, aby poluzowa\u0107 dopasowanie \u2013 bez konieczno\u015bci ca\u0142kowitego otwierania zapi\u0119cia.<\/p>\n<\/div><\/section><br \/>\n<div  id=\"av-sc-portfolio-1\"  class=' grid-sort-container isotope   no_margin-container with-excerpt-container grid-total-even grid-col-4 grid-links-' data-portfolio-id='1'><div data-ajax-id='404292' class=' grid-entry flex_column isotope-item all_sort no_margin post-entry post-entry-404292 grid-entry-overview grid-loop-1 grid-parity-odd  _wellmaxx-street-pl_sort 11200_agilium-freestep-2-0-pl_sort 11300_agilium-freestep-3-0-pl_sort 11400_malleo-neurexa-pro-pl_sort 50300_artisan-pl_sort 50400_artisan-yellow-pl_sort 10100_esd-pro-pl_sort 50100_sensicare-pl_sort fo-pl_sort sr-pl_sort material-tekstylny-pl_sort sportowy-pl_sort ochrona-trudnoprzebiciowa-niezawierajaca-metalu-pl_sort podnosek-z-metalu-pl_sort boa-fit-system-pl_sort s3s-pl_sort mittel-normal-pl_sort tpu-pl_sort weit-pl_sort 04-uniseks-pl_sort 05-divers-pl_sort infinergy-pl_sort 03500-pl_sort 03600-pl_sort 03700-pl_sort 03800-pl_sort 03900-pl_sort 04000-pl_sort 04100-pl_sort 04200-pl_sort 04300-pl_sort 04400-pl_sort 04500-pl_sort 04600-pl_sort 04700-pl_sort 04800-pl_sort boa-pl_sort czarny-pl_sort elten-pl_sort elten-wellmaxx-pl_sort en-iso-20345-pl_sort esd-pl_sort nie-pl_sort podszewka-tekstylna-pl_sort polbuty-pl_sort wellmaxx-pl_sort wkladki-i-dostosowanie-pl_sort  av_one_fourth first default_av_fullwidth '><article class='main_color inner-entry'  itemscope=\"itemscope\" itemtype=\"https:\/\/schema.org\/CreativeWork\" ><a href=\"https:\/\/elten.com\/pl\/products\/isaak-xxst-boa-black-grey-low-esd-s3s-720041\/\" title='ISAAK XXST BOA\u00ae black-grey Low ESD S3S &#8211; 720041'  data-rel='grid-1' class='grid-image avia-hover-fx'> <img decoding=\"async\" fetchpriority=\"high\" width=\"1\" height=\"1\" src=\"https:\/\/elten.com\/wp-content\/uploads\/products\/720041-01.jpg\" class=\"wp-image-404016 avia-img-lazy-loading-not-404016 attachment-portfolio_small size-portfolio_small wp-post-image\" alt=\"ISAAK XXST BOA\u00ae black-grey Low ESD S3S - 720041\" \/><\/a><div class='grid-content'><div class='avia-arrow'><\/div><header class=\"entry-content-header\"><h3 class='grid-entry-title entry-title '  itemprop=\"headline\" ><a href='https:\/\/elten.com\/pl\/products\/isaak-xxst-boa-black-grey-low-esd-s3s-720041\/' title='ISAAK XXST BOA\u00ae black-grey Low ESD S3S &#8211; 720041'>ISAAK XXST BOA\u00ae black-grey Low ESD S3S &#8211; 720041<\/a><\/h3><\/header><\/div><footer class=\"entry-footer\"><\/footer><\/article><\/div><div data-ajax-id='404293' class=' grid-entry flex_column isotope-item all_sort no_margin post-entry post-entry-404293 grid-entry-overview grid-loop-2 grid-parity-even  _wellmaxx-street-pl_sort 11200_agilium-freestep-2-0-pl_sort 11300_agilium-freestep-3-0-pl_sort 11400_malleo-neurexa-pro-pl_sort 50300_artisan-pl_sort 50400_artisan-yellow-pl_sort 10100_esd-pro-pl_sort 50100_sensicare-pl_sort fo-pl_sort sr-pl_sort material-tekstylny-pl_sort sportowy-pl_sort ochrona-trudnoprzebiciowa-niezawierajaca-metalu-pl_sort podnosek-z-metalu-pl_sort boa-fit-system-pl_sort s3s-pl_sort mittel-normal-pl_sort tpu-pl_sort weit-pl_sort 04-uniseks-pl_sort 05-divers-pl_sort infinergy-pl_sort 03500-pl_sort 03600-pl_sort 03700-pl_sort 03800-pl_sort 03900-pl_sort 04000-pl_sort 04100-pl_sort 04200-pl_sort 04300-pl_sort 04400-pl_sort 04500-pl_sort 04600-pl_sort 04700-pl_sort 04800-pl_sort boa-pl_sort czarny-pl_sort elten-pl_sort elten-wellmaxx-pl_sort en-iso-20345-pl_sort esd-pl_sort nie-pl_sort podszewka-tekstylna-pl_sort trzewiki-forma-b-pl_sort wellmaxx-pl_sort wkladki-i-dostosowanie-pl_sort  av_one_fourth  default_av_fullwidth '><article class='main_color inner-entry'  itemscope=\"itemscope\" itemtype=\"https:\/\/schema.org\/CreativeWork\" ><a href=\"https:\/\/elten.com\/pl\/products\/isaak-xxst-boa-black-grey-mid-esd-s3s-760041\/\" title='ISAAK XXST BOA\u00ae black-grey Mid ESD S3S &#8211; 760041'  data-rel='grid-1' class='grid-image avia-hover-fx'> <img decoding=\"async\" fetchpriority=\"high\" width=\"1\" height=\"1\" src=\"https:\/\/elten.com\/wp-content\/uploads\/products\/760041-01.jpg\" class=\"wp-image-404081 avia-img-lazy-loading-not-404081 attachment-portfolio_small size-portfolio_small wp-post-image\" alt=\"ISAAK XXST BOA\u00ae black-grey Mid ESD S3S - 760041\" \/><\/a><div class='grid-content'><div class='avia-arrow'><\/div><header class=\"entry-content-header\"><h3 class='grid-entry-title entry-title '  itemprop=\"headline\" ><a href='https:\/\/elten.com\/pl\/products\/isaak-xxst-boa-black-grey-mid-esd-s3s-760041\/' title='ISAAK XXST BOA\u00ae black-grey Mid ESD S3S &#8211; 760041'>ISAAK XXST BOA\u00ae black-grey Mid ESD S3S &#8211; 760041<\/a><\/h3><\/header><\/div><footer class=\"entry-footer\"><\/footer><\/article><\/div><div data-ajax-id='404294' class=' grid-entry flex_column isotope-item all_sort no_margin post-entry post-entry-404294 grid-entry-overview grid-loop-3 grid-parity-odd  _wellmaxx-street-pl_sort 11200_agilium-freestep-2-0-pl_sort 11300_agilium-freestep-3-0-pl_sort 11400_malleo-neurexa-pro-pl_sort 50300_artisan-pl_sort 50400_artisan-yellow-pl_sort 10100_esd-pro-pl_sort 50100_sensicare-pl_sort fo-pl_sort sr-pl_sort material-tekstylny-pl_sort sportowy-pl_sort podnosek-z-metalu-pl_sort boa-fit-system-pl_sort mittel-normal-pl_sort tpu-pl_sort weit-pl_sort 04-uniseks-pl_sort 05-divers-pl_sort infinergy-pl_sort 03500-pl_sort 03600-pl_sort 03700-pl_sort 03800-pl_sort 03900-pl_sort 04000-pl_sort 04100-pl_sort 04200-pl_sort 04300-pl_sort 04400-pl_sort 04500-pl_sort 04600-pl_sort 04700-pl_sort 04800-pl_sort boa-pl_sort czarny-pl_sort elten-pl_sort elten-wellmaxx-pl_sort en-iso-20345-pl_sort esd-pl_sort nie-pl_sort podszewka-tekstylna-pl_sort polbuty-pl_sort s2-pl_sort wellmaxx-pl_sort wkladki-i-dostosowanie-pl_sort zadne-pl_sort  av_one_fourth  default_av_fullwidth '><article class='main_color inner-entry'  itemscope=\"itemscope\" itemtype=\"https:\/\/schema.org\/CreativeWork\" ><a href=\"https:\/\/elten.com\/pl\/products\/isaak-xxst-boa-black-red-low-esd-s2-720045\/\" title='ISAAK XXST BOA\u00ae black-red Low ESD S2 &#8211; 720045'  data-rel='grid-1' class='grid-image avia-hover-fx'> <img decoding=\"async\" fetchpriority=\"high\" width=\"1\" height=\"1\" src=\"https:\/\/elten.com\/wp-content\/uploads\/products\/720045-01.jpg\" class=\"wp-image-404146 avia-img-lazy-loading-not-404146 attachment-portfolio_small size-portfolio_small wp-post-image\" alt=\"ISAAK XXST BOA\u00ae black-red Low ESD S2 - 720045\" \/><\/a><div class='grid-content'><div class='avia-arrow'><\/div><header class=\"entry-content-header\"><h3 class='grid-entry-title entry-title '  itemprop=\"headline\" ><a href='https:\/\/elten.com\/pl\/products\/isaak-xxst-boa-black-red-low-esd-s2-720045\/' title='ISAAK XXST BOA\u00ae black-red Low ESD S2 &#8211; 720045'>ISAAK XXST BOA\u00ae black-red Low ESD S2 &#8211; 720045<\/a><\/h3><\/header><\/div><footer class=\"entry-footer\"><\/footer><\/article><\/div><div data-ajax-id='401406' class=' grid-entry flex_column isotope-item all_sort no_margin post-entry post-entry-401406 grid-entry-overview grid-loop-4 grid-parity-even  post-entry-last  _wellmaxx-street-pl_sort 11200_agilium-freestep-2-0-pl_sort 11300_agilium-freestep-3-0-pl_sort 11400_malleo-neurexa-pro-pl_sort 50300_artisan-pl_sort 50400_artisan-yellow-pl_sort 10100_esd-pro-pl_sort 50100_sensicare-pl_sort fo-pl_sort sr-pl_sort material-tekstylny-pl_sort podnosek-z-metalu-pl_sort boa-fit-system-pl_sort mittel-normal-pl_sort tpu-pl_sort weit-pl_sort 04-uniseks-pl_sort 05-divers-pl_sort infinergy-pl_sort 1_empfehlung-pl_sort 03500-pl_sort 03600-pl_sort 03700-pl_sort 03800-pl_sort 03900-pl_sort 04000-pl_sort 04100-pl_sort 04200-pl_sort 04300-pl_sort 04400-pl_sort 04500-pl_sort 04600-pl_sort 04700-pl_sort 04800-pl_sort boa-pl_sort czarny-pl_sort elten-pl_sort elten-wellmaxx-pl_sort en-iso-20345-pl_sort esd-pl_sort nie-pl_sort podszewka-tekstylna-pl_sort s2-pl_sort trzewiki-forma-b-pl_sort wellmaxx-pl_sort wkladki-i-dostosowanie-pl_sort zadne-pl_sort  av_one_fourth  default_av_fullwidth '><article class='main_color inner-entry'  itemscope=\"itemscope\" itemtype=\"https:\/\/schema.org\/CreativeWork\" ><a href=\"https:\/\/elten.com\/pl\/products\/isaak-xxst-boa-black-red-mid-esd-s2-760045\/\" title='ISAAK XXST BOA\u00ae black-red Mid ESD S2 &#8211; 760045'  data-rel='grid-1' class='grid-image avia-hover-fx'> <img decoding=\"async\" fetchpriority=\"high\" width=\"1\" height=\"1\" src=\"https:\/\/elten.com\/wp-content\/uploads\/products\/760045-01.jpg\" class=\"wp-image-401279 avia-img-lazy-loading-not-401279 attachment-portfolio_small size-portfolio_small wp-post-image\" alt=\"ISAAK XXST BOA\u00ae black-red Mid ESD S2 - 760045\" \/><\/a><div class='grid-content'><div class='avia-arrow'><\/div><header class=\"entry-content-header\"><h3 class='grid-entry-title entry-title '  itemprop=\"headline\" ><a href='https:\/\/elten.com\/pl\/products\/isaak-xxst-boa-black-red-mid-esd-s2-760045\/' title='ISAAK XXST BOA\u00ae black-red Mid ESD S2 &#8211; 760045'>ISAAK XXST BOA\u00ae black-red Mid ESD S2 &#8211; 760045<\/a><\/h3><\/header><\/div><footer class=\"entry-footer\"><\/footer><\/article><\/div><\/div><\/p><\/div>\n<style type=\"text\/css\" data-created_by=\"avia_inline_auto\" id=\"style-css-av-mfp217f9-424645186f915aa41916d0796710424c\">\n#top .hr.hr-invisible.av-mfp217f9-424645186f915aa41916d0796710424c{\nheight:450px;\n}\n<\/style>\n<div  class='hr av-mfp217f9-424645186f915aa41916d0796710424c hr-invisible  avia-builder-el-4  el_after_av_one_full  avia-builder-el-last '><span class='hr-inner '><span class=\"hr-inner-style\"><\/span><\/span><\/div><\/p>\n","protected":false},"excerpt":{"rendered":"","protected":false},"author":2,"featured_media":0,"parent":355498,"menu_order":0,"comment_status":"closed","ping_status":"closed","template":"","meta":{"footnotes":""},"categories":[],"tags":[],"class_list":["post-407452","page","type-page","status-publish","hentry"],"yoast_head":"<!-- This site is optimized with the Yoast SEO Premium plugin v21.9 (Yoast SEO v21.9.1) - https:\/\/yoast.com\/wordpress\/plugins\/seo\/ -->\n<title>ELTEN MODELE XXSTREET \u2013 TERAZ Z SYSTEMEM BOA\u00ae FIT - ELTEN GmbH<\/title>\n<meta name=\"robots\" content=\"index, follow, max-snippet:-1, max-image-preview:large, max-video-preview:-1\" \/>\n<link rel=\"canonical\" href=\"https:\/\/elten.com\/pl\/grupy-produktow\/elten-modele-xxstreet-teraz-z-systemem-boa-fit\/\" \/>\n<meta property=\"og:locale\" content=\"pl_PL\" \/>\n<meta property=\"og:type\" content=\"article\" \/>\n<meta property=\"og:title\" content=\"ELTEN MODELE XXSTREET \u2013 TERAZ Z SYSTEMEM BOA\u00ae FIT\" \/>\n<meta property=\"og:url\" content=\"https:\/\/elten.com\/pl\/grupy-produktow\/elten-modele-xxstreet-teraz-z-systemem-boa-fit\/\" \/>\n<meta property=\"og:site_name\" content=\"ELTEN GmbH\" \/>\n<meta name=\"twitter:card\" content=\"summary_large_image\" \/>\n<meta name=\"twitter:label1\" content=\"Szacowany czas czytania\" \/>\n\t<meta name=\"twitter:data1\" content=\"2 minuty\" \/>\n<script type=\"application\/ld+json\" class=\"yoast-schema-graph\">{\"@context\":\"https:\/\/schema.org\",\"@graph\":[{\"@type\":\"WebPage\",\"@id\":\"https:\/\/elten.com\/pl\/grupy-produktow\/elten-modele-xxstreet-teraz-z-systemem-boa-fit\/\",\"url\":\"https:\/\/elten.com\/pl\/grupy-produktow\/elten-modele-xxstreet-teraz-z-systemem-boa-fit\/\",\"name\":\"ELTEN MODELE XXSTREET \u2013 TERAZ Z SYSTEMEM BOA\u00ae FIT - ELTEN GmbH\",\"isPartOf\":{\"@id\":\"https:\/\/elten.com\/pl\/#website\"},\"datePublished\":\"2025-09-18T08:45:23+00:00\",\"dateModified\":\"2025-09-18T08:45:23+00:00\",\"breadcrumb\":{\"@id\":\"https:\/\/elten.com\/pl\/grupy-produktow\/elten-modele-xxstreet-teraz-z-systemem-boa-fit\/#breadcrumb\"},\"inLanguage\":\"pl-PL\",\"potentialAction\":[{\"@type\":\"ReadAction\",\"target\":[\"https:\/\/elten.com\/pl\/grupy-produktow\/elten-modele-xxstreet-teraz-z-systemem-boa-fit\/\"]}]},{\"@type\":\"BreadcrumbList\",\"@id\":\"https:\/\/elten.com\/pl\/grupy-produktow\/elten-modele-xxstreet-teraz-z-systemem-boa-fit\/#breadcrumb\",\"itemListElement\":[{\"@type\":\"ListItem\",\"position\":1,\"name\":\"Startseite\",\"item\":\"https:\/\/elten.com\/pl\/\"},{\"@type\":\"ListItem\",\"position\":2,\"name\":\"Grupy produkt\u00f3w\",\"item\":\"https:\/\/elten.com\/pl\/grupy-produktow\/\"},{\"@type\":\"ListItem\",\"position\":3,\"name\":\"ELTEN MODELE XXSTREET \u2013 TERAZ Z SYSTEMEM BOA\u00ae FIT\"}]},{\"@type\":\"WebSite\",\"@id\":\"https:\/\/elten.com\/pl\/#website\",\"url\":\"https:\/\/elten.com\/pl\/\",\"name\":\"ELTEN GmbH\",\"description\":\"Sicherheitsschuhe | Arbeitsschuhe | LOWA WORK COLLECTION | ELTEN GmbH\",\"potentialAction\":[{\"@type\":\"SearchAction\",\"target\":{\"@type\":\"EntryPoint\",\"urlTemplate\":\"https:\/\/elten.com\/pl\/?s={search_term_string}\"},\"query-input\":\"required name=search_term_string\"}],\"inLanguage\":\"pl-PL\"}]}<\/script>\n<!-- \/ Yoast SEO Premium plugin. -->","yoast_head_json":{"title":"ELTEN MODELE XXSTREET \u2013 TERAZ Z SYSTEMEM BOA\u00ae FIT - ELTEN GmbH","robots":{"index":"index","follow":"follow","max-snippet":"max-snippet:-1","max-image-preview":"max-image-preview:large","max-video-preview":"max-video-preview:-1"},"canonical":"https:\/\/elten.com\/pl\/grupy-produktow\/elten-modele-xxstreet-teraz-z-systemem-boa-fit\/","og_locale":"pl_PL","og_type":"article","og_title":"ELTEN MODELE XXSTREET \u2013 TERAZ Z SYSTEMEM BOA\u00ae FIT","og_url":"https:\/\/elten.com\/pl\/grupy-produktow\/elten-modele-xxstreet-teraz-z-systemem-boa-fit\/","og_site_name":"ELTEN GmbH","twitter_card":"summary_large_image","twitter_misc":{"Szacowany czas czytania":"2 minuty"},"schema":{"@context":"https:\/\/schema.org","@graph":[{"@type":"WebPage","@id":"https:\/\/elten.com\/pl\/grupy-produktow\/elten-modele-xxstreet-teraz-z-systemem-boa-fit\/","url":"https:\/\/elten.com\/pl\/grupy-produktow\/elten-modele-xxstreet-teraz-z-systemem-boa-fit\/","name":"ELTEN MODELE XXSTREET \u2013 TERAZ Z SYSTEMEM BOA\u00ae FIT - ELTEN GmbH","isPartOf":{"@id":"https:\/\/elten.com\/pl\/#website"},"datePublished":"2025-09-18T08:45:23+00:00","dateModified":"2025-09-18T08:45:23+00:00","breadcrumb":{"@id":"https:\/\/elten.com\/pl\/grupy-produktow\/elten-modele-xxstreet-teraz-z-systemem-boa-fit\/#breadcrumb"},"inLanguage":"pl-PL","potentialAction":[{"@type":"ReadAction","target":["https:\/\/elten.com\/pl\/grupy-produktow\/elten-modele-xxstreet-teraz-z-systemem-boa-fit\/"]}]},{"@type":"BreadcrumbList","@id":"https:\/\/elten.com\/pl\/grupy-produktow\/elten-modele-xxstreet-teraz-z-systemem-boa-fit\/#breadcrumb","itemListElement":[{"@type":"ListItem","position":1,"name":"Startseite","item":"https:\/\/elten.com\/pl\/"},{"@type":"ListItem","position":2,"name":"Grupy produkt\u00f3w","item":"https:\/\/elten.com\/pl\/grupy-produktow\/"},{"@type":"ListItem","position":3,"name":"ELTEN MODELE XXSTREET \u2013 TERAZ Z SYSTEMEM BOA\u00ae FIT"}]},{"@type":"WebSite","@id":"https:\/\/elten.com\/pl\/#website","url":"https:\/\/elten.com\/pl\/","name":"ELTEN GmbH","description":"Sicherheitsschuhe | Arbeitsschuhe | LOWA WORK COLLECTION | ELTEN GmbH","potentialAction":[{"@type":"SearchAction","target":{"@type":"EntryPoint","urlTemplate":"https:\/\/elten.com\/pl\/?s={search_term_string}"},"query-input":"required name=search_term_string"}],"inLanguage":"pl-PL"}]}},"_links":{"self":[{"href":"https:\/\/elten.com\/pl\/wp-json\/wp\/v2\/pages\/407452","targetHints":{"allow":["GET"]}}],"collection":[{"href":"https:\/\/elten.com\/pl\/wp-json\/wp\/v2\/pages"}],"about":[{"href":"https:\/\/elten.com\/pl\/wp-json\/wp\/v2\/types\/page"}],"author":[{"embeddable":true,"href":"https:\/\/elten.com\/pl\/wp-json\/wp\/v2\/users\/2"}],"replies":[{"embeddable":true,"href":"https:\/\/elten.com\/pl\/wp-json\/wp\/v2\/comments?post=407452"}],"version-history":[{"count":2,"href":"https:\/\/elten.com\/pl\/wp-json\/wp\/v2\/pages\/407452\/revisions"}],"predecessor-version":[{"id":407454,"href":"https:\/\/elten.com\/pl\/wp-json\/wp\/v2\/pages\/407452\/revisions\/407454"}],"up":[{"embeddable":true,"href":"https:\/\/elten.com\/pl\/wp-json\/wp\/v2\/pages\/355498"}],"wp:attachment":[{"href":"https:\/\/elten.com\/pl\/wp-json\/wp\/v2\/media?parent=407452"}],"wp:term":[{"taxonomy":"category","embeddable":true,"href":"https:\/\/elten.com\/pl\/wp-json\/wp\/v2\/categories?post=407452"},{"taxonomy":"post_tag","embeddable":true,"href":"https:\/\/elten.com\/pl\/wp-json\/wp\/v2\/tags?post=407452"}],"curies":[{"name":"wp","href":"https:\/\/api.w.org\/{rel}","templated":true}]}}