{"id":423443,"date":"2026-04-10T10:00:14","date_gmt":"2026-04-10T08:00:14","guid":{"rendered":"https:\/\/elten.com\/?page_id=423443"},"modified":"2026-04-10T10:00:26","modified_gmt":"2026-04-10T08:00:26","slug":"retro","status":"publish","type":"page","link":"https:\/\/elten.com\/pl\/grupy-produktow\/retro\/","title":{"rendered":"RETRO"},"content":{"rendered":"<div id='av-layout-grid-1'  class='av-layout-grid-container av-1t3bvx5s-80d232a77f95468c8108f678a6ed0234 entry-content-wrapper main_color av-flex-cells  avia-builder-el-0  el_before_av_one_full  avia-builder-el-first  el-produktgruppen-head  container_wrap sidebar_right'  >\n\n<style type=\"text\/css\" data-created_by=\"avia_inline_auto\" id=\"style-css-av-1pszzfts-4468bfbf76693db928829b66062a0413\">\n.flex_cell.av-1pszzfts-4468bfbf76693db928829b66062a0413{\nvertical-align:top;\n}\n.responsive #top #wrap_all .flex_cell.av-1pszzfts-4468bfbf76693db928829b66062a0413{\npadding:0px 0px 0px 0px !important;\n}\n<\/style>\n<div class='flex_cell av-1pszzfts-4468bfbf76693db928829b66062a0413 av-gridrow-cell av_one_third no_margin  avia-builder-el-1  el_before_av_cell_one_third  avia-builder-el-first  av-zero-padding'  ><div class='flex_cell_inner'><p><section  class='av_textblock_section av-lm61bgl4-2cb868d023bdac55845943cf101a1420 '   itemscope=\"itemscope\" itemtype=\"https:\/\/schema.org\/CreativeWork\" ><div class='avia_textblock'  itemprop=\"text\" ><p><img loading=\"lazy\" decoding=\"async\" class=\"alignnone size-full wp-image-423537\" src=\"https:\/\/elten.com\/wp-content\/uploads\/2026\/03\/Retro-01-720635-OTTO-GREEN-LOW-ESD-S1-DE.jpg\" alt=\"ELTEN RETRO 720635-OTTO-GREEN-LOW-ESD-S1\" width=\"750\" height=\"750\" srcset=\"https:\/\/elten.com\/wp-content\/uploads\/2026\/03\/Retro-01-720635-OTTO-GREEN-LOW-ESD-S1-DE.jpg 750w, https:\/\/elten.com\/wp-content\/uploads\/2026\/03\/Retro-01-720635-OTTO-GREEN-LOW-ESD-S1-DE-300x300.jpg 300w, https:\/\/elten.com\/wp-content\/uploads\/2026\/03\/Retro-01-720635-OTTO-GREEN-LOW-ESD-S1-DE-80x80.jpg 80w, https:\/\/elten.com\/wp-content\/uploads\/2026\/03\/Retro-01-720635-OTTO-GREEN-LOW-ESD-S1-DE-36x36.jpg 36w, https:\/\/elten.com\/wp-content\/uploads\/2026\/03\/Retro-01-720635-OTTO-GREEN-LOW-ESD-S1-DE-180x180.jpg 180w, https:\/\/elten.com\/wp-content\/uploads\/2026\/03\/Retro-01-720635-OTTO-GREEN-LOW-ESD-S1-DE-705x705.jpg 705w\" sizes=\"auto, (max-width: 750px) 100vw, 750px\" \/><\/p>\n<\/div><\/section><br \/>\n<section  class='av_textblock_section av-lm61c6pn-13c4a65a001aedfabc5f857bfdd539d5 '   itemscope=\"itemscope\" itemtype=\"https:\/\/schema.org\/CreativeWork\" ><div class='av-small-hide av-mini-hide avia_textblock'  itemprop=\"text\" ><p><img loading=\"lazy\" decoding=\"async\" src=\"https:\/\/elten.com\/wp-content\/uploads\/2026\/03\/Retro-02-720611-OTTO-WHITE-LOW-ESD-S1PS.jpg\" alt=\"720611-OTTO-WHITE-LOW-ESD-S1PS\" width=\"750\" height=\"375\" \/><\/a><\/p>\n<\/div><\/section><\/p>\n<\/div><\/div>\n<style type=\"text\/css\" data-created_by=\"avia_inline_auto\" id=\"style-css-av-1lr9jp40-6663f9376a15d1466b3a64a23e036c4c\">\n.flex_cell.av-1lr9jp40-6663f9376a15d1466b3a64a23e036c4c{\nvertical-align:top;\n}\n.responsive #top #wrap_all .flex_cell.av-1lr9jp40-6663f9376a15d1466b3a64a23e036c4c{\npadding:0px 0px 0px 0px !important;\n}\n<\/style>\n<div class='flex_cell av-1lr9jp40-6663f9376a15d1466b3a64a23e036c4c av-gridrow-cell av_one_third no_margin av-hide-on-mobile  avia-builder-el-4  el_after_av_cell_one_third  el_before_av_cell_one_third  av-zero-padding'  ><div class='flex_cell_inner'><p><section  class='av_textblock_section av-lm61das9-4b042bc918ba41695bc54d51bb04307d '   itemscope=\"itemscope\" itemtype=\"https:\/\/schema.org\/CreativeWork\" ><div class='avia_textblock el-half-width-images'  itemprop=\"text\" ><p><img loading=\"lazy\" decoding=\"async\" src=\"https:\/\/elten.com\/wp-content\/uploads\/2026\/03\/Retro-03-720611-OTTO-WHITE-LOW-ESD-S1PS.jpg\" alt=\"720611-OTTO-WHITE-LOW-ESD-S1PS\" width=\"318\" height=\"318\" \/><img loading=\"lazy\" decoding=\"async\" src=\"https:\/\/elten.com\/wp-content\/uploads\/2026\/03\/Retro-04-720611-OTTO-WHITE-LOW-ESD-S1PS.jpg\" alt=\"720611-OTTO-WHITE-LOW-ESD-S1PS\" width=\"318\" height=\"318\" \/><\/a><\/p>\n<\/div><\/section><br \/>\n<section  class='av_textblock_section av-lm61e4c4-742e6e0f439e58ae08a0634bdb57f70a '   itemscope=\"itemscope\" itemtype=\"https:\/\/schema.org\/CreativeWork\" ><div class='avia_textblock'  itemprop=\"text\" ><p><img loading=\"lazy\" decoding=\"async\" src=\"https:\/\/elten.com\/wp-content\/uploads\/2026\/03\/Retro-05-720635-OTTO-GREEN-LOW-ESD-S1.jpg\" alt=\"720635-OTTO-GREEN-LOW-ESD-S1\" width=\"750\" height=\"750\" \/><\/p>\n<\/div><\/section><\/p>\n<\/div><\/div>\n<style type=\"text\/css\" data-created_by=\"avia_inline_auto\" id=\"style-css-av-1fsyosbk-a6d11c7f4f7fc89f543393c407c2e110\">\n.flex_cell.av-1fsyosbk-a6d11c7f4f7fc89f543393c407c2e110{\nvertical-align:top;\n}\n.responsive #top #wrap_all .flex_cell.av-1fsyosbk-a6d11c7f4f7fc89f543393c407c2e110{\npadding:0px 0px 0px 0px !important;\n}\n<\/style>\n<div class='flex_cell av-1fsyosbk-a6d11c7f4f7fc89f543393c407c2e110 av-gridrow-cell av_one_third no_margin av-hide-on-mobile  avia-builder-el-7  el_after_av_cell_one_third  avia-builder-el-last  av-zero-padding'  ><div class='flex_cell_inner'><p><section  class='av_textblock_section av-lm61fa1q-1a58eb634b611ff2f24852282099d7ba '   itemscope=\"itemscope\" itemtype=\"https:\/\/schema.org\/CreativeWork\" ><div class='avia_textblock'  itemprop=\"text\" ><p><img loading=\"lazy\" decoding=\"async\" class=\"alignnone size-full wp-image-423063\" src=\"https:\/\/elten.com\/wp-content\/uploads\/2026\/03\/Retro-06-720611-OTTO-WHITE-LOW-ESD-S1PS.jpg\" alt=\"720611-OTTO-WHITE-LOW-ESD-S1PS\" width=\"750\" height=\"750\" srcset=\"https:\/\/elten.com\/wp-content\/uploads\/2026\/03\/Retro-06-720611-OTTO-WHITE-LOW-ESD-S1PS.jpg 750w, https:\/\/elten.com\/wp-content\/uploads\/2026\/03\/Retro-06-720611-OTTO-WHITE-LOW-ESD-S1PS-300x300.jpg 300w, https:\/\/elten.com\/wp-content\/uploads\/2026\/03\/Retro-06-720611-OTTO-WHITE-LOW-ESD-S1PS-80x80.jpg 80w, https:\/\/elten.com\/wp-content\/uploads\/2026\/03\/Retro-06-720611-OTTO-WHITE-LOW-ESD-S1PS-36x36.jpg 36w, https:\/\/elten.com\/wp-content\/uploads\/2026\/03\/Retro-06-720611-OTTO-WHITE-LOW-ESD-S1PS-180x180.jpg 180w, https:\/\/elten.com\/wp-content\/uploads\/2026\/03\/Retro-06-720611-OTTO-WHITE-LOW-ESD-S1PS-705x705.jpg 705w\" sizes=\"auto, (max-width: 750px) 100vw, 750px\" \/><\/p>\n<\/div><\/section><br \/>\n<section  class='av_textblock_section av-mmw6htr2-a7b22547189603ed799e85ad36ab686c '   itemscope=\"itemscope\" itemtype=\"https:\/\/schema.org\/CreativeWork\" ><div class='avia_textblock el-half-width-images'  itemprop=\"text\" ><p><img loading=\"lazy\" decoding=\"async\" src=\"https:\/\/elten.com\/wp-content\/uploads\/2026\/03\/Retro-07-720635-OTTO-GREEN-LOW-ESD-S1.jpg\" alt=\"720635-OTTO-GREEN-LOW-ESD-S1\" width=\"318\" height=\"318\" \/><img loading=\"lazy\" decoding=\"async\" src=\"https:\/\/elten.com\/wp-content\/uploads\/2026\/03\/Retro-08-720635-OTTO-GREEN-LOW-ESD-S1.jpg\" alt=\"720635-OTTO-GREEN-LOW-ESD-S1\" width=\"318\" height=\"318\" \/><\/p>\n<\/div><\/section><\/p>\n<\/div><\/div>\n<\/div><div id='after_grid_row_1'  class='main_color av_default_container_wrap container_wrap sidebar_right'  ><div class='container av-section-cont-open' ><div class='template-page content  av-content-small alpha units'><div class='post-entry post-entry-type-page post-entry-423443'><div class='entry-content-wrapper clearfix'>\n<div  class='flex_column av-16ycsz6o-f06c98ac88a37a15051a2a145856f0fe av_one_full  avia-builder-el-10  el_after_av_layout_row  el_before_av_one_full  avia-builder-el-first  first flex_column_div  '     ><p>\n<style type=\"text\/css\" data-created_by=\"avia_inline_auto\" id=\"style-css-av-11q8f90g-43f8d3e087041286aa0101a66f94a14d\">\n#top .av-special-heading.av-11q8f90g-43f8d3e087041286aa0101a66f94a14d{\npadding-bottom:10px;\ncolor:#dd0b2e;\n}\nbody .av-special-heading.av-11q8f90g-43f8d3e087041286aa0101a66f94a14d .av-special-heading-tag .heading-char{\nfont-size:25px;\n}\n.av-special-heading.av-11q8f90g-43f8d3e087041286aa0101a66f94a14d .special-heading-inner-border{\nborder-color:#dd0b2e;\n}\n.av-special-heading.av-11q8f90g-43f8d3e087041286aa0101a66f94a14d .av-subheading{\nfont-size:15px;\n}\n<\/style>\n<div  class='av-special-heading av-11q8f90g-43f8d3e087041286aa0101a66f94a14d av-special-heading-h1 custom-color-heading  avia-builder-el-11  el_before_av_textblock  avia-builder-el-first '><h1 class='av-special-heading-tag'  itemprop=\"headline\"  >RETRO<\/h1><div class=\"special-heading-border\"><div class=\"special-heading-inner-border\"><\/div><\/div><\/div><br \/>\n<section  class='av_textblock_section av-x3evu00-cf20d8bb27a293d89509a44272f95862 '   itemscope=\"itemscope\" itemtype=\"https:\/\/schema.org\/CreativeWork\" ><div class='avia_textblock'  itemprop=\"text\" ><h3><strong>DER SICHERHEITSSCHUH IM RETRO-LOOK<\/strong><\/h3>\n<\/div><\/section><\/p><\/div>\n<div  class='flex_column av-vk2rfvk-ae4af87b71e2f869c6fc39f67eb92d56 av_one_full  avia-builder-el-13  el_after_av_one_full  el_before_av_one_full  first flex_column_div  column-top-margin'     ><section  class='av_textblock_section av-oz1uxwg-055e9f7815e637a88930162a5676265f '   itemscope=\"itemscope\" itemtype=\"https:\/\/schema.org\/CreativeWork\" ><div class='avia_textblock'  itemprop=\"text\" ><p>DER SICHERHEITSSCHUH IM RETRO-LOOK<br \/>\nMit unserer ersten Sneaker-Serie L10 haben wir vor Jahren schon den Retro-Trend etabliert. Jetzt bringen wir den authentischen Retro-Look zur\u00fcck: Der Sicherheitshalbschuh OTTO bringt den unverkennbaren Vibe der 70er Jahre in den Arbeitsalltag und beweist, dass echte Klassiker nicht aus der Mode kommen. Sicherheit und Style erg\u00e4nzen sich hier perfekt und machen diesen Sicherheitsschuh zu einem Highlight der modernen Workwear.<br \/>\nHochwertiges Veloursleder in Kombination mit einem atmungsaktiven Textilfutter sorgt f\u00fcr ein angenehmes Tragegef\u00fchl \u2013 auch bei l\u00e4ngeren Eins\u00e4tzen. Der Schuh ist die ideale Wahl f\u00fcr alle, die im Arbeitsalltag Wert auf Tragekomfort und zeitlosen Stil legen. Ob in cleanem Wei\u00df, dezentem Schwarz oder in auff\u00e4lligem Blau oder Gr\u00fcn \u2013 f\u00fcr jeden Geschmack ist die passende Variante dabei.<\/p>\n<p><strong>Komfort und Schutz bei jedem Schritt<\/strong><\/p>\n<p>Den Sicherheitsschuh OTTO aus der RETRO-Serie gibt es in verschiedenen Ausf\u00fchrungen, in den zwei Sicherheitsklassen S1 und S1PS. Eine integrierte Stahlkappe sch\u00fctzt zuverl\u00e4ssig vor Gefahren, w\u00e4hrend die ESD-f\u00e4hige Sohle den Einsatz in Arbeitsbereichen erm\u00f6glicht, in denen elektronisch sensible Bauteile vorhanden sind. Die S1PS-Modelle verf\u00fcgen zus\u00e4tzlich \u00fcber einen Durchtrittschutz, der Gefahren am Boden abwehrt.<br \/>\nF\u00fcr sicheren Stand sorgt die SR-zertifizierte Gummi-Laufsohle im Retro-Design. Auch technisch ein Highlight: In dieser Sohle sind D\u00e4mpfungselemente aus EVA und SCF (Supercritical Foam) eingearbeitet. EVA ist ein besonders leichter Schaumstoff, w\u00e4hrend SCF dank seiner extrem feinen Zellstruktur eine erh\u00f6hte R\u00fcckstellkraft liefert. Dadurch entsteht ein dynamisches Laufgef\u00fchl, das auch nach vielen Arbeitsstunden \u00fcberzeugt und Muskeln und Gelenke entlastet.<br \/>\nKonzipiert f\u00fcr trockene Industrieumgebungen, bietet der Sicherheitshalbschuh Schutz bei gleichzeitig hohem Komfort. Dank funktionaler Ausstattung und sportlichem Retro-Look zeigt er, dass Sicherheit am Arbeitsplatz auch ziemlich gut aussehen kann.<\/p>\n<p><strong>Nachhaltig produziertes Leder<\/strong><\/p>\n<p>Nachhaltigkeit spielt auch beim eingesetzten Leder eine wichtige Rolle. Wir verwenden ausschlie\u00dflich Leder aus Gerbereien, die nach dem Leather Working Group (LWG) Standard auditiert sind. Die LWG f\u00f6rdert umweltschonende und verantwortungsvolle Praktiken in der Lederindustrie.<\/p>\n<\/div><\/section><\/div><div  class='flex_column av-lo6wl7k-0d1f00d99c9d90416e87e0ac54df5fb6 av_one_full  avia-builder-el-15  el_after_av_one_full  el_before_av_button  first flex_column_div  column-top-margin'     ><p>\n<style type=\"text\/css\" data-created_by=\"avia_inline_auto\" id=\"style-css-av-efim868-3b617a5677906ca36760b1c692b9485e\">\n#top .av-special-heading.av-efim868-3b617a5677906ca36760b1c692b9485e{\npadding-bottom:10px;\n}\nbody .av-special-heading.av-efim868-3b617a5677906ca36760b1c692b9485e .av-special-heading-tag .heading-char{\nfont-size:25px;\n}\n.av-special-heading.av-efim868-3b617a5677906ca36760b1c692b9485e .av-subheading{\nfont-size:15px;\n}\n<\/style>\n<div  class='av-special-heading av-efim868-3b617a5677906ca36760b1c692b9485e av-special-heading-h3  avia-builder-el-16  el_before_av_portfolio  avia-builder-el-no-sibling '><h3 class='av-special-heading-tag'  itemprop=\"headline\"  >PRODUKTAUSWAHL<\/h3><div class=\"special-heading-border\"><div class=\"special-heading-inner-border\"><\/div><\/div><\/div><br \/>\n<\/p><\/div><\/p>\n<div  class='avia-button-wrap av-813v468-507edb2e923e58227739665de59c4c46-wrap avia-button-center  avia-builder-el-18  el_after_av_one_full  avia-builder-el-last '>\n<style type=\"text\/css\" data-created_by=\"avia_inline_auto\" id=\"style-css-av-813v468-507edb2e923e58227739665de59c4c46\">\n#top #wrap_all .avia-button.av-813v468-507edb2e923e58227739665de59c4c46{\nbackground-color:#dd0b2e;\nborder-color:#dd0b2e;\ncolor:#ffffff;\ntransition:all 0.4s ease-in-out;\n}\n<\/style>\n<a href='https:\/\/elten.com\/pl\/?page_id=423444'  class='avia-button av-813v468-507edb2e923e58227739665de59c4c46 avia-icon_select-no avia-size-medium avia-position-center'  ><span class='avia_iconbox_title' >Mehr Artikel dieser Produktgruppe<\/span><\/a><\/div>\n","protected":false},"excerpt":{"rendered":"","protected":false},"author":2,"featured_media":0,"parent":355498,"menu_order":40,"comment_status":"closed","ping_status":"closed","template":"","meta":{"footnotes":""},"categories":[596],"tags":[],"class_list":["post-423443","page","type-page","status-publish","hentry","category-produktgruppen-pl"],"yoast_head":"<!-- This site is optimized with the Yoast SEO Premium plugin v21.9 (Yoast SEO v21.9.1) - https:\/\/yoast.com\/wordpress\/plugins\/seo\/ -->\n<title>RETRO - ELTEN GmbH<\/title>\n<meta name=\"robots\" content=\"index, follow, max-snippet:-1, max-image-preview:large, max-video-preview:-1\" \/>\n<link rel=\"canonical\" href=\"https:\/\/elten.com\/pl\/grupy-produktow\/retro\/\" \/>\n<meta property=\"og:locale\" content=\"pl_PL\" \/>\n<meta property=\"og:type\" content=\"article\" \/>\n<meta property=\"og:title\" content=\"RETRO\" \/>\n<meta property=\"og:url\" content=\"https:\/\/elten.com\/pl\/grupy-produktow\/retro\/\" \/>\n<meta property=\"og:site_name\" content=\"ELTEN GmbH\" \/>\n<meta property=\"article:modified_time\" content=\"2026-04-10T08:00:26+00:00\" \/>\n<meta property=\"og:image\" content=\"https:\/\/elten.com\/wp-content\/uploads\/2026\/03\/Retro-01-720635-OTTO-GREEN-LOW-ESD-S1-DE.jpg\" \/>\n<meta name=\"twitter:card\" content=\"summary_large_image\" \/>\n<meta name=\"twitter:label1\" content=\"Szacowany czas czytania\" \/>\n\t<meta name=\"twitter:data1\" content=\"4 minuty\" \/>\n<script type=\"application\/ld+json\" class=\"yoast-schema-graph\">{\"@context\":\"https:\/\/schema.org\",\"@graph\":[{\"@type\":\"WebPage\",\"@id\":\"https:\/\/elten.com\/pl\/grupy-produktow\/retro\/\",\"url\":\"https:\/\/elten.com\/pl\/grupy-produktow\/retro\/\",\"name\":\"RETRO - ELTEN GmbH\",\"isPartOf\":{\"@id\":\"https:\/\/elten.com\/pl\/#website\"},\"datePublished\":\"2026-04-10T08:00:14+00:00\",\"dateModified\":\"2026-04-10T08:00:26+00:00\",\"breadcrumb\":{\"@id\":\"https:\/\/elten.com\/pl\/grupy-produktow\/retro\/#breadcrumb\"},\"inLanguage\":\"pl-PL\",\"potentialAction\":[{\"@type\":\"ReadAction\",\"target\":[\"https:\/\/elten.com\/pl\/grupy-produktow\/retro\/\"]}]},{\"@type\":\"BreadcrumbList\",\"@id\":\"https:\/\/elten.com\/pl\/grupy-produktow\/retro\/#breadcrumb\",\"itemListElement\":[{\"@type\":\"ListItem\",\"position\":1,\"name\":\"Startseite\",\"item\":\"https:\/\/elten.com\/pl\/\"},{\"@type\":\"ListItem\",\"position\":2,\"name\":\"Grupy produkt\u00f3w\",\"item\":\"https:\/\/elten.com\/pl\/grupy-produktow\/\"},{\"@type\":\"ListItem\",\"position\":3,\"name\":\"RETRO\"}]},{\"@type\":\"WebSite\",\"@id\":\"https:\/\/elten.com\/pl\/#website\",\"url\":\"https:\/\/elten.com\/pl\/\",\"name\":\"ELTEN GmbH\",\"description\":\"Sicherheitsschuhe | Arbeitsschuhe | LOWA WORK COLLECTION | ELTEN GmbH\",\"potentialAction\":[{\"@type\":\"SearchAction\",\"target\":{\"@type\":\"EntryPoint\",\"urlTemplate\":\"https:\/\/elten.com\/pl\/?s={search_term_string}\"},\"query-input\":\"required name=search_term_string\"}],\"inLanguage\":\"pl-PL\"}]}<\/script>\n<!-- \/ Yoast SEO Premium plugin. -->","yoast_head_json":{"title":"RETRO - ELTEN GmbH","robots":{"index":"index","follow":"follow","max-snippet":"max-snippet:-1","max-image-preview":"max-image-preview:large","max-video-preview":"max-video-preview:-1"},"canonical":"https:\/\/elten.com\/pl\/grupy-produktow\/retro\/","og_locale":"pl_PL","og_type":"article","og_title":"RETRO","og_url":"https:\/\/elten.com\/pl\/grupy-produktow\/retro\/","og_site_name":"ELTEN GmbH","article_modified_time":"2026-04-10T08:00:26+00:00","og_image":[{"url":"https:\/\/elten.com\/wp-content\/uploads\/2026\/03\/Retro-01-720635-OTTO-GREEN-LOW-ESD-S1-DE.jpg"}],"twitter_card":"summary_large_image","twitter_misc":{"Szacowany czas czytania":"4 minuty"},"schema":{"@context":"https:\/\/schema.org","@graph":[{"@type":"WebPage","@id":"https:\/\/elten.com\/pl\/grupy-produktow\/retro\/","url":"https:\/\/elten.com\/pl\/grupy-produktow\/retro\/","name":"RETRO - ELTEN GmbH","isPartOf":{"@id":"https:\/\/elten.com\/pl\/#website"},"datePublished":"2026-04-10T08:00:14+00:00","dateModified":"2026-04-10T08:00:26+00:00","breadcrumb":{"@id":"https:\/\/elten.com\/pl\/grupy-produktow\/retro\/#breadcrumb"},"inLanguage":"pl-PL","potentialAction":[{"@type":"ReadAction","target":["https:\/\/elten.com\/pl\/grupy-produktow\/retro\/"]}]},{"@type":"BreadcrumbList","@id":"https:\/\/elten.com\/pl\/grupy-produktow\/retro\/#breadcrumb","itemListElement":[{"@type":"ListItem","position":1,"name":"Startseite","item":"https:\/\/elten.com\/pl\/"},{"@type":"ListItem","position":2,"name":"Grupy produkt\u00f3w","item":"https:\/\/elten.com\/pl\/grupy-produktow\/"},{"@type":"ListItem","position":3,"name":"RETRO"}]},{"@type":"WebSite","@id":"https:\/\/elten.com\/pl\/#website","url":"https:\/\/elten.com\/pl\/","name":"ELTEN GmbH","description":"Sicherheitsschuhe | Arbeitsschuhe | LOWA WORK COLLECTION | ELTEN GmbH","potentialAction":[{"@type":"SearchAction","target":{"@type":"EntryPoint","urlTemplate":"https:\/\/elten.com\/pl\/?s={search_term_string}"},"query-input":"required name=search_term_string"}],"inLanguage":"pl-PL"}]}},"_links":{"self":[{"href":"https:\/\/elten.com\/pl\/wp-json\/wp\/v2\/pages\/423443","targetHints":{"allow":["GET"]}}],"collection":[{"href":"https:\/\/elten.com\/pl\/wp-json\/wp\/v2\/pages"}],"about":[{"href":"https:\/\/elten.com\/pl\/wp-json\/wp\/v2\/types\/page"}],"author":[{"embeddable":true,"href":"https:\/\/elten.com\/pl\/wp-json\/wp\/v2\/users\/2"}],"replies":[{"embeddable":true,"href":"https:\/\/elten.com\/pl\/wp-json\/wp\/v2\/comments?post=423443"}],"version-history":[{"count":3,"href":"https:\/\/elten.com\/pl\/wp-json\/wp\/v2\/pages\/423443\/revisions"}],"predecessor-version":[{"id":425026,"href":"https:\/\/elten.com\/pl\/wp-json\/wp\/v2\/pages\/423443\/revisions\/425026"}],"up":[{"embeddable":true,"href":"https:\/\/elten.com\/pl\/wp-json\/wp\/v2\/pages\/355498"}],"wp:attachment":[{"href":"https:\/\/elten.com\/pl\/wp-json\/wp\/v2\/media?parent=423443"}],"wp:term":[{"taxonomy":"category","embeddable":true,"href":"https:\/\/elten.com\/pl\/wp-json\/wp\/v2\/categories?post=423443"},{"taxonomy":"post_tag","embeddable":true,"href":"https:\/\/elten.com\/pl\/wp-json\/wp\/v2\/tags?post=423443"}],"curies":[{"name":"wp","href":"https:\/\/api.w.org\/{rel}","templated":true}]}}